{"id":1003,"date":"2018-08-07T08:14:03","date_gmt":"2018-08-07T08:14:03","guid":{"rendered":"https:\/\/realtyincanada.com\/vendre\/the-real-estate-broker\/"},"modified":"2019-02-28T21:39:58","modified_gmt":"2019-02-28T21:39:58","slug":"le-courtier-immobilier","status":"publish","type":"page","link":"https:\/\/realtyincanada.com\/fr\/vendre\/le-courtier-immobilier\/","title":{"rendered":"Le courtier immobilier"},"content":{"rendered":"<h3>&nbsp;<\/h3>\n<p>Une transaction immobili\u00e8re est un processus complexe et d\u00e9licat qui n\u00e9cessite une connaissance approfondie du march\u00e9 de l\u2019immobilier et un grand talent pour la n\u00e9gociation. Que diriez-vous de faire affaire avec un courtier immobilier qui s\u2019en occupe pour vous?<\/p>\n<p>Lorsque vous vendez votre propri\u00e9t\u00e9, votre courtier proc\u00e8de \u00e0 une analyse compl\u00e8te du march\u00e9 dans votre quartier et d\u00e9termine le juste prix. Il se sert aussi de la puissance du syst\u00e8me Centris\u00ae pour donner une visibilit\u00e9 exceptionnelle \u00e0 votre maison aupr\u00e8s de plus de 15 000 coll\u00e8gues membres d\u2019une chambre immobili\u00e8re.<\/p>\n<p>Pensez-y bien : pour vendre une propri\u00e9t\u00e9, il faut \u00eatre disponible pour la faire visiter 7 jours sur 7. Votre&nbsp;<a href=\"\/fr\">courtier immobilier<\/a>&nbsp;peut s\u2019occuper de tout : demandes de renseignements, gestion des appels et des visites, promotion de votre propri\u00e9t\u00e9 aupr\u00e8s des acheteurs potentiels, etc.<\/p>\n<p>Apr\u00e8s le d\u00e9p\u00f4t d\u2019une offre d\u2019achat vient la n\u00e9gociation. Dans toute transaction immobili\u00e8re, il est primordial d\u2019avoir un n\u00e9gociateur chevronn\u00e9 \u00e0 ses c\u00f4t\u00e9s, et votre courtier immobilier est un expert en la mati\u00e8re! Qu\u2019il s\u2019agisse du financement, de la qualification de l\u2019acheteur, des conditions de vente, de l\u2019inspection technique de la propri\u00e9t\u00e9 ou des aspects juridiques, votre courtier saura vous guider du d\u00e9but \u00e0 la fin.<\/p>\n<p>Le courtier sert aussi d\u2019interm\u00e9diaire dans vos relations avec les nombreux acteurs impliqu\u00e9s dans la vente de votre propri\u00e9t\u00e9. Son solide r\u00e9seau de contacts s\u2019\u00e9tend de l\u2019inspecteur en b\u00e2timent au notaire, en passant par l\u2019institution financi\u00e8re et le courtier hypoth\u00e9caire. En fait,&nbsp;<a href=\"\/fr\">votre courtier<\/a>&nbsp;agit presque comme guichet unique! Sans compter que son implication vous garantit la protection l\u00e9gale offerte par la Loi sur le courtage immobilier.<\/p>\n","protected":false},"excerpt":{"rendered":"<p>&nbsp; Une transaction immobili\u00e8re est un processus complexe et d\u00e9licat qui n\u00e9cessite une connaissance approfondie du march\u00e9 de l\u2019immobilier et un grand talent pour la n\u00e9gociation. Que diriez-vous de faire affaire avec un courtier immobilier qui s\u2019en occupe pour vous? Lorsque vous vendez votre propri\u00e9t\u00e9, votre courtier proc\u00e8de \u00e0 une [&hellip;]<\/p>\n","protected":false},"author":1,"featured_media":1224,"parent":983,"menu_order":2,"comment_status":"closed","ping_status":"closed","template":"","meta":{"_acf_changed":false,"footnotes":""},"class_list":["post-1003","page","type-page","status-publish","has-post-thumbnail","hentry"],"acf":[],"yoast_head":"<!-- This site is optimized with the Yoast SEO plugin v27.4 - https:\/\/yoast.com\/product\/yoast-seo-wordpress\/ -->\n<title>Emdadul Hoque | Courtier Immobilier | AdresZ Solutions - Le courtier immobilier<\/title>\n<meta name=\"description\" content=\"Un courtier de plusieurs ann\u00e9es dans l\u2019immobilier sera sans aucun doute un atout pour la vente ou l\u2019achat. Apr\u00e8s trois ann\u00e9es d\u2019\u00e9tudes coll\u00e9giale...\" \/>\n<meta name=\"robots\" content=\"index, follow, max-snippet:-1, max-image-preview:large, max-video-preview:-1\" \/>\n<link rel=\"canonical\" href=\"https:\/\/realtyincanada.com\/sell\/the-real-estate-broker\/\" \/>\n<meta property=\"og:locale\" content=\"fr_FR\" \/>\n<meta property=\"og:type\" content=\"article\" \/>\n<meta property=\"og:title\" content=\"Emdadul Hoque | Courtier Immobilier | AdresZ Solutions - Le courtier immobilier\" \/>\n<meta property=\"og:description\" content=\"Un courtier de plusieurs ann\u00e9es dans l\u2019immobilier sera sans aucun doute un atout pour la vente ou l\u2019achat. Apr\u00e8s trois ann\u00e9es d\u2019\u00e9tudes coll\u00e9giale...\" \/>\n<meta property=\"og:url\" content=\"https:\/\/realtyincanada.com\/sell\/the-real-estate-broker\/\" \/>\n<meta property=\"og:site_name\" content=\"Realty in Canada\" \/>\n<meta property=\"article:modified_time\" content=\"2019-02-28T21:39:58+00:00\" \/>\n<meta property=\"og:image\" content=\"https:\/\/realtyincanada.com\/wp-content\/uploads\/2019\/01\/Emdadul_Top.png\" \/>\n\t<meta property=\"og:image:width\" content=\"1920\" \/>\n\t<meta property=\"og:image:height\" content=\"1080\" \/>\n\t<meta property=\"og:image:type\" content=\"image\/png\" \/>\n<meta name=\"twitter:card\" content=\"summary_large_image\" \/>\n<meta name=\"twitter:label1\" content=\"Dur\u00e9e de lecture estim\u00e9e\" \/>\n\t<meta name=\"twitter:data1\" content=\"2 minutes\" \/>\n<script type=\"application\/ld+json\" class=\"yoast-schema-graph\">{\"@context\":\"https:\\\/\\\/schema.org\",\"@graph\":[{\"@type\":\"WebPage\",\"@id\":\"https:\\\/\\\/realtyincanada.com\\\/sell\\\/the-real-estate-broker\\\/\",\"url\":\"https:\\\/\\\/realtyincanada.com\\\/sell\\\/the-real-estate-broker\\\/\",\"name\":\"Emdadul Hoque | Courtier Immobilier | AdresZ Solutions - Le courtier immobilier\",\"isPartOf\":{\"@id\":\"https:\\\/\\\/realtyincanada.com\\\/#website\"},\"primaryImageOfPage\":{\"@id\":\"https:\\\/\\\/realtyincanada.com\\\/sell\\\/the-real-estate-broker\\\/#primaryimage\"},\"image\":{\"@id\":\"https:\\\/\\\/realtyincanada.com\\\/sell\\\/the-real-estate-broker\\\/#primaryimage\"},\"thumbnailUrl\":\"https:\\\/\\\/realtyincanada.com\\\/wp-content\\\/uploads\\\/2019\\\/01\\\/Emdadul_Top.png\",\"datePublished\":\"2018-08-07T08:14:03+00:00\",\"dateModified\":\"2019-02-28T21:39:58+00:00\",\"description\":\"Un courtier de plusieurs ann\u00e9es dans l\u2019immobilier sera sans aucun doute un atout pour la vente ou l\u2019achat. Apr\u00e8s trois ann\u00e9es d\u2019\u00e9tudes coll\u00e9giale...\",\"breadcrumb\":{\"@id\":\"https:\\\/\\\/realtyincanada.com\\\/sell\\\/the-real-estate-broker\\\/#breadcrumb\"},\"inLanguage\":\"fr-FR\",\"potentialAction\":[{\"@type\":\"ReadAction\",\"target\":[\"https:\\\/\\\/realtyincanada.com\\\/sell\\\/the-real-estate-broker\\\/\"]}]},{\"@type\":\"ImageObject\",\"inLanguage\":\"fr-FR\",\"@id\":\"https:\\\/\\\/realtyincanada.com\\\/sell\\\/the-real-estate-broker\\\/#primaryimage\",\"url\":\"https:\\\/\\\/realtyincanada.com\\\/wp-content\\\/uploads\\\/2019\\\/01\\\/Emdadul_Top.png\",\"contentUrl\":\"https:\\\/\\\/realtyincanada.com\\\/wp-content\\\/uploads\\\/2019\\\/01\\\/Emdadul_Top.png\",\"width\":1920,\"height\":1080},{\"@type\":\"BreadcrumbList\",\"@id\":\"https:\\\/\\\/realtyincanada.com\\\/sell\\\/the-real-estate-broker\\\/#breadcrumb\",\"itemListElement\":[{\"@type\":\"ListItem\",\"position\":1,\"name\":\"Home\",\"item\":\"https:\\\/\\\/realtyincanada.com\\\/fr\\\/\"},{\"@type\":\"ListItem\",\"position\":2,\"name\":\"Vendre\",\"item\":\"https:\\\/\\\/realtyincanada.com\\\/sell\\\/\"},{\"@type\":\"ListItem\",\"position\":3,\"name\":\"Le courtier immobilier\"}]},{\"@type\":\"WebSite\",\"@id\":\"https:\\\/\\\/realtyincanada.com\\\/#website\",\"url\":\"https:\\\/\\\/realtyincanada.com\\\/\",\"name\":\"Realty in Canada\",\"description\":\"Realty in Canada is your right choice for the best property agent in Canada. Contact us to buy, sell or rent your property.\",\"publisher\":{\"@id\":\"https:\\\/\\\/realtyincanada.com\\\/#organization\"},\"potentialAction\":[{\"@type\":\"SearchAction\",\"target\":{\"@type\":\"EntryPoint\",\"urlTemplate\":\"https:\\\/\\\/realtyincanada.com\\\/?s={search_term_string}\"},\"query-input\":{\"@type\":\"PropertyValueSpecification\",\"valueRequired\":true,\"valueName\":\"search_term_string\"}}],\"inLanguage\":\"fr-FR\"},{\"@type\":\"Organization\",\"@id\":\"https:\\\/\\\/realtyincanada.com\\\/#organization\",\"name\":\"Realty In Canada\",\"url\":\"https:\\\/\\\/realtyincanada.com\\\/\",\"logo\":{\"@type\":\"ImageObject\",\"inLanguage\":\"fr-FR\",\"@id\":\"https:\\\/\\\/realtyincanada.com\\\/#\\\/schema\\\/logo\\\/image\\\/\",\"url\":\"https:\\\/\\\/realtyincanada.com\\\/\\\/wp-content\\\/uploads\\\/2019\\\/08\\\/emdadul_hoque_final_footer_nopadding.png\",\"contentUrl\":\"https:\\\/\\\/realtyincanada.com\\\/\\\/wp-content\\\/uploads\\\/2019\\\/08\\\/emdadul_hoque_final_footer_nopadding.png\",\"width\":1490,\"height\":660,\"caption\":\"Realty In Canada\"},\"image\":{\"@id\":\"https:\\\/\\\/realtyincanada.com\\\/#\\\/schema\\\/logo\\\/image\\\/\"}}]}<\/script>\n<!-- \/ Yoast SEO plugin. -->","yoast_head_json":{"title":"Emdadul Hoque | Courtier Immobilier | AdresZ Solutions - Le courtier immobilier","description":"Un courtier de plusieurs ann\u00e9es dans l\u2019immobilier sera sans aucun doute un atout pour la vente ou l\u2019achat. Apr\u00e8s trois ann\u00e9es d\u2019\u00e9tudes coll\u00e9giale...","robots":{"index":"index","follow":"follow","max-snippet":"max-snippet:-1","max-image-preview":"max-image-preview:large","max-video-preview":"max-video-preview:-1"},"canonical":"https:\/\/realtyincanada.com\/sell\/the-real-estate-broker\/","og_locale":"fr_FR","og_type":"article","og_title":"Emdadul Hoque | Courtier Immobilier | AdresZ Solutions - Le courtier immobilier","og_description":"Un courtier de plusieurs ann\u00e9es dans l\u2019immobilier sera sans aucun doute un atout pour la vente ou l\u2019achat. Apr\u00e8s trois ann\u00e9es d\u2019\u00e9tudes coll\u00e9giale...","og_url":"https:\/\/realtyincanada.com\/sell\/the-real-estate-broker\/","og_site_name":"Realty in Canada","article_modified_time":"2019-02-28T21:39:58+00:00","og_image":[{"width":1920,"height":1080,"url":"https:\/\/realtyincanada.com\/wp-content\/uploads\/2019\/01\/Emdadul_Top.png","type":"image\/png"}],"twitter_card":"summary_large_image","twitter_misc":{"Dur\u00e9e de lecture estim\u00e9e":"2 minutes"},"schema":{"@context":"https:\/\/schema.org","@graph":[{"@type":"WebPage","@id":"https:\/\/realtyincanada.com\/sell\/the-real-estate-broker\/","url":"https:\/\/realtyincanada.com\/sell\/the-real-estate-broker\/","name":"Emdadul Hoque | Courtier Immobilier | AdresZ Solutions - Le courtier immobilier","isPartOf":{"@id":"https:\/\/realtyincanada.com\/#website"},"primaryImageOfPage":{"@id":"https:\/\/realtyincanada.com\/sell\/the-real-estate-broker\/#primaryimage"},"image":{"@id":"https:\/\/realtyincanada.com\/sell\/the-real-estate-broker\/#primaryimage"},"thumbnailUrl":"https:\/\/realtyincanada.com\/wp-content\/uploads\/2019\/01\/Emdadul_Top.png","datePublished":"2018-08-07T08:14:03+00:00","dateModified":"2019-02-28T21:39:58+00:00","description":"Un courtier de plusieurs ann\u00e9es dans l\u2019immobilier sera sans aucun doute un atout pour la vente ou l\u2019achat. Apr\u00e8s trois ann\u00e9es d\u2019\u00e9tudes coll\u00e9giale...","breadcrumb":{"@id":"https:\/\/realtyincanada.com\/sell\/the-real-estate-broker\/#breadcrumb"},"inLanguage":"fr-FR","potentialAction":[{"@type":"ReadAction","target":["https:\/\/realtyincanada.com\/sell\/the-real-estate-broker\/"]}]},{"@type":"ImageObject","inLanguage":"fr-FR","@id":"https:\/\/realtyincanada.com\/sell\/the-real-estate-broker\/#primaryimage","url":"https:\/\/realtyincanada.com\/wp-content\/uploads\/2019\/01\/Emdadul_Top.png","contentUrl":"https:\/\/realtyincanada.com\/wp-content\/uploads\/2019\/01\/Emdadul_Top.png","width":1920,"height":1080},{"@type":"BreadcrumbList","@id":"https:\/\/realtyincanada.com\/sell\/the-real-estate-broker\/#breadcrumb","itemListElement":[{"@type":"ListItem","position":1,"name":"Home","item":"https:\/\/realtyincanada.com\/fr\/"},{"@type":"ListItem","position":2,"name":"Vendre","item":"https:\/\/realtyincanada.com\/sell\/"},{"@type":"ListItem","position":3,"name":"Le courtier immobilier"}]},{"@type":"WebSite","@id":"https:\/\/realtyincanada.com\/#website","url":"https:\/\/realtyincanada.com\/","name":"Realty in Canada","description":"Realty in Canada is your right choice for the best property agent in Canada. Contact us to buy, sell or rent your property.","publisher":{"@id":"https:\/\/realtyincanada.com\/#organization"},"potentialAction":[{"@type":"SearchAction","target":{"@type":"EntryPoint","urlTemplate":"https:\/\/realtyincanada.com\/?s={search_term_string}"},"query-input":{"@type":"PropertyValueSpecification","valueRequired":true,"valueName":"search_term_string"}}],"inLanguage":"fr-FR"},{"@type":"Organization","@id":"https:\/\/realtyincanada.com\/#organization","name":"Realty In Canada","url":"https:\/\/realtyincanada.com\/","logo":{"@type":"ImageObject","inLanguage":"fr-FR","@id":"https:\/\/realtyincanada.com\/#\/schema\/logo\/image\/","url":"https:\/\/realtyincanada.com\/\/wp-content\/uploads\/2019\/08\/emdadul_hoque_final_footer_nopadding.png","contentUrl":"https:\/\/realtyincanada.com\/\/wp-content\/uploads\/2019\/08\/emdadul_hoque_final_footer_nopadding.png","width":1490,"height":660,"caption":"Realty In Canada"},"image":{"@id":"https:\/\/realtyincanada.com\/#\/schema\/logo\/image\/"}}]}},"_links":{"self":[{"href":"https:\/\/realtyincanada.com\/fr\/wp-json\/wp\/v2\/pages\/1003","targetHints":{"allow":["GET"]}}],"collection":[{"href":"https:\/\/realtyincanada.com\/fr\/wp-json\/wp\/v2\/pages"}],"about":[{"href":"https:\/\/realtyincanada.com\/fr\/wp-json\/wp\/v2\/types\/page"}],"author":[{"embeddable":true,"href":"https:\/\/realtyincanada.com\/fr\/wp-json\/wp\/v2\/users\/1"}],"replies":[{"embeddable":true,"href":"https:\/\/realtyincanada.com\/fr\/wp-json\/wp\/v2\/comments?post=1003"}],"version-history":[{"count":4,"href":"https:\/\/realtyincanada.com\/fr\/wp-json\/wp\/v2\/pages\/1003\/revisions"}],"predecessor-version":[{"id":1601,"href":"https:\/\/realtyincanada.com\/fr\/wp-json\/wp\/v2\/pages\/1003\/revisions\/1601"}],"up":[{"embeddable":true,"href":"https:\/\/realtyincanada.com\/fr\/wp-json\/wp\/v2\/pages\/983"}],"wp:featuredmedia":[{"embeddable":true,"href":"https:\/\/realtyincanada.com\/fr\/wp-json\/wp\/v2\/media\/1224"}],"wp:attachment":[{"href":"https:\/\/realtyincanada.com\/fr\/wp-json\/wp\/v2\/media?parent=1003"}],"curies":[{"name":"wp","href":"https:\/\/api.w.org\/{rel}","templated":true}]}}