{"id":1316,"date":"2019-02-14T17:10:01","date_gmt":"2019-02-14T17:10:01","guid":{"rendered":"https:\/\/realtyincanada.com\/why-buy-with-us\/"},"modified":"2019-09-12T00:29:15","modified_gmt":"2019-09-12T04:29:15","slug":"pourquoi-acheter-chez-nous","status":"publish","type":"page","link":"https:\/\/realtyincanada.com\/fr\/pourquoi-acheter-chez-nous\/","title":{"rendered":"Pourquoi acheter chez nous?"},"content":{"rendered":"\n<h3 class=\"black\">LES AVANTAGES DE TRAVAILLER AVEC NOUS<\/h3>\n<p> Maison ou entreprise, l\u2019achat d\u2019une propri\u00e9t\u00e9 peut \u00eatre un processus d\u00e9courageant et complexe. L&rsquo;achat ou la vente d&rsquo;une propri\u00e9t\u00e9 r\u00e9sidentielle ou commerciale est l&rsquo;une des transactions les plus importantes de votre vie. En tant que tel, il est essentiel de contacter une personne en qui vous pouvez avoir confiance pour prot\u00e9ger votre investissement. En travaillant avec nous, vous pouvez \u00eatre assur\u00e9 que nous avons \u00e0 coeur vos int\u00e9r\u00eats.\n<\/p>\n<p> <strong> Logement + Amour = Maison.<\/strong> <\/p>\n<h4> <strong> Votre premi\u00e8re \u00e9tape: Demandez-vous pourquoi vous voulez acheter une maison:<\/strong><\/h4>\n<p> Pour avoir votre propre endroit? Pour \u00e9lever une famille?<\/p>\n<p> Pour arr\u00eater de payer le loyer? Pour divertir les associ\u00e9s d\u2019affaires? Pour d\u00e9m\u00e9nager dans une maison plus grande?<\/p>\n<p> Ensuite, \u00e9num\u00e9rez les types de maisons dans lesquelles vous aimeriez \u00eatre. Soyez toujours pr\u00e9cis et clair lorsque vous \u00e9noncez votre objectif. S\u00e9parez les \u00abbesoins\u00bb des \u00abd\u00e9sirs\u00bb. R\u00e9fl\u00e9chissez aux diff\u00e9rents styles de maison. Combien d&rsquo;espace avez-vous besoin? <\/p>\n<p> Votre situation n\u00e9cessite-t-elle d\u2019une maison \u00e0 un niveau seulement ou les escaliers sont acceptables ? Voulez-vous une maison plus r\u00e9cente ou une plus vieille \u00e0 r\u00e9parer ? <\/p>\n\n<p> Un jour, vous ou vos h\u00e9ritiers voudrez vendre cette propri\u00e9t\u00e9. Pensez \u00e0 combien de temps vous comptez vivre dans cette maison. <\/p>\n\n<h4> <strong> Une fois que vous savez ce que vous voulez.<\/strong><\/h4>\n<p> Avec l\u2019agent acheteur, vous pouvez ensemble dresser une liste de maisons \u00e0 visiter, et ensuite, votre agent planifiera les visites. C\u2019est la partie la plus excitante o\u00f9 vous \u00eates encourag\u00e9 \u00e0 prendre des notes personnelles sur les caract\u00e9ristiques positives et n\u00e9gatives des maisons. En effet, lorsque vous commencez \u00e0 voir plusieurs maisons, vous remarquerez qu\u2019il est tr\u00e8s facile d\u2019oublier ces petits d\u00e9tails. R\u00e9pertorier les avantages et les inconv\u00e9nients aidera votre agent \u00e0 affiner vos besoins et vos d\u00e9sirs. <\/p>\n\n<p> Si vous trouvez quelques maisons qui vous plaisent, revenez pour une deuxi\u00e8me ou une troisi\u00e8me visite \u00e0 diff\u00e9rentes heures de la journ\u00e9e. Vous faites un investissement \u00e0 long terme et cet effort suppl\u00e9mentaire en vaudra la peine, car vous pourrez mieux faire l&rsquo;exp\u00e9rience de la maison et du quartier.<\/p>\n<h4><strong> L\u2019achat d\u2019une maison sera l\u2019un des investissements les plus importants de votre vie. <\/strong><\/h4>\n<p> Je suis passionn\u00e9 pour aider les acheteurs \u00e0 trouver la maison de leurs r\u00eaves. C\u2019est pourquoi nous travaillons avec chaque client individuellement, en prenant le temps de comprendre leurs modes de vie, leurs besoins et leurs souhaits. <\/p>\n<h4> <strong> vous travaillez avec moi, vous obtenez: <\/strong><\/h4>\n<ul>\n<li> Un courtier immobilier comp\u00e9tent et professionnel <\/li>\n<li> Un alli\u00e9 engag\u00e9 \u00e0 n\u00e9gocier en votre nom <\/li>\n<li> Les syst\u00e8mes en place pour rationaliser le processus d\u2019achat de votre maison\n<\/li>\n<li> Le support d&rsquo;un service de confiance qui vise \u00e0 vous proposer des options immobili\u00e8res personnalis\u00e9es de A \u00e0 Z <\/li>\n<\/ul>\n\n<h4><strong> Je m&rsquo;engage \u00e0 vous aider \u00e0 trouver la maison de vos r\u00eaves de la fa\u00e7on suivante:<\/strong> <\/h4>\n<ul>\n<li> Visiter les maisons en avance en votre nom<\/li>\n<li> Vous accompagner dans des visites personnalis\u00e9es des maisons et des quartiers qui vous int\u00e9ressent<\/li>\n<li> Vous tenir au courant des nouvelles maisons sur le march\u00e9<\/li>\n<li> Vous aider \u00e0 visionner les maisons sur le Web<\/li>\n<li> Vous fournir une analyse compl\u00e8te du march\u00e9<\/li>\n<li> Vous avertir des maisons qui ont \u00e9t\u00e9 vendues et \u00e0 quel prix<\/li>\n<li> Travailler avec vous jusqu&rsquo;\u00e0 ce que nous trouvions la maison de vos r\u00eaves<\/li>\n<\/ul>\n<p> Sans frais, vous pouvez \u00eatre repr\u00e9sent\u00e9 par un courtier immobilier professionnel comme moi pour vous aider \u00e0 \u00e9conomiser des milliers de dollars. Les vendeurs ont des courtiers qui travaillent pour eux et les acheteurs devraient en avoir pour eux aussi.<\/p>\n<ul>\n<li> Mon travail consiste \u00e0 vous aider \u00e0 trouver la maison qui r\u00e9ponde \u00e0 vos besoins tout en rendant le processus d\u2019achat efficace, sans stress et avec succ\u00e8s.<\/li>\n<li> En tant que courtier immobilier, je vous fournirai des professionnels et des entreprises ayant une repr\u00e9sentation comp\u00e9tente dans tous les aspects de l\u2019immobilier r\u00e9sidentiel et commercial. Je peux \u00eatre votre ressource la plus pr\u00e9cieuse lors de l&rsquo;achat ou de la vente d&rsquo;une propri\u00e9t\u00e9 de la fa\u00e7on suivante :<\/li>\n<li> A avoir acc\u00e8s \u00e0 un r\u00e9seau d&rsquo;experts qualifi\u00e9s <\/li>\n<li> Vous permettre d&rsquo;\u00e9conomiser votre temps et votre argent<\/li>\n<li> Garantir le bon d\u00e9roulement de la transaction immobili\u00e8re<\/li>\n<li> Simplifier les processus administratifs, financiers et juridiques<\/li>\n<li> Vous aider \u00e0 b\u00e9n\u00e9ficier d&rsquo;une protection accrue en cas de fraude, omission ou erreur, n\u00e9gligence, etc. <\/li>\n<li> Coordonner le travail des diff\u00e9rents professionnels impliqu\u00e9s dans la transaction, notamment le comptable, le fiscaliste, l&rsquo;avocat, l&rsquo;\u00e9valuateur, le notaire, le consultant en environnement, l&rsquo;ing\u00e9nieur, l&rsquo;inspection du b\u00e2timent, la topographie, etc.<\/li>\n<\/ul>\n<p> Je n\u00e9gocierai en votre nom, en ayant une connaissance professionnelle du march\u00e9 local. Vous pouvez compter sur moi pour toujours d\u00e9fendre vos int\u00e9r\u00eats avec c\u0153ur et pour vous repr\u00e9senter, ainsi que vos souhaits, au mieux de mes capacit\u00e9s. C&rsquo;est mon travail de vendre votre maison ou de vous aider \u00e0 en acheter une, et j&rsquo;ai le privil\u00e8ge de vous aider au cours de ce processus.<\/p>\n\n<p> <strong> Toutes les informations que vous fournissez sont s\u00e9curis\u00e9es et resteront strictement confidentielles.<strong> <\/p>\n\n<p> Pensez-y, et faites-nous savoir si vous avez des questions. Nous serons heureux de r\u00e9pondre \u00e0 toutes vos questions. <\/p>\n<p> Appelez d\u00e8s aujourd&rsquo;hui au 514-654-8890 ou envoyez un courriel \u00e0: <strong>info@realtyincanada.com<\/strong> pour tous vos besoins immobiliers. !! <\/p>\n","protected":false},"excerpt":{"rendered":"<p>LES AVANTAGES DE TRAVAILLER AVEC NOUS Maison ou entreprise, l\u2019achat d\u2019une propri\u00e9t\u00e9 peut \u00eatre un processus d\u00e9courageant et complexe. L&rsquo;achat ou la vente d&rsquo;une propri\u00e9t\u00e9 r\u00e9sidentielle ou commerciale est l&rsquo;une des transactions les plus importantes de votre vie. En tant que tel, il est essentiel de contacter une personne en [&hellip;]<\/p>\n","protected":false},"author":1,"featured_media":0,"parent":0,"menu_order":0,"comment_status":"closed","ping_status":"closed","template":"","meta":{"_acf_changed":false,"footnotes":""},"class_list":["post-1316","page","type-page","status-publish","hentry"],"acf":[],"yoast_head":"<!-- This site is optimized with the Yoast SEO plugin v27.4 - https:\/\/yoast.com\/product\/yoast-seo-wordpress\/ -->\n<title>Emdadul Hoque | Courtier Immobilier | AdresZ Solutions - Pourquoi acheter chez nous?<\/title>\n<meta name=\"description\" content=\"Un courtier de plusieurs ann\u00e9es dans l\u2019immobilier sera sans aucun doute un atout pour la vente ou l\u2019achat. Apr\u00e8s trois ann\u00e9es d\u2019\u00e9tudes coll\u00e9giale...\" \/>\n<meta name=\"robots\" content=\"index, follow, max-snippet:-1, max-image-preview:large, max-video-preview:-1\" \/>\n<link rel=\"canonical\" href=\"https:\/\/realtyincanada.com\/why-buy-with-us\/\" \/>\n<meta property=\"og:locale\" content=\"fr_FR\" \/>\n<meta property=\"og:type\" content=\"article\" \/>\n<meta property=\"og:title\" content=\"Emdadul Hoque | Courtier Immobilier | AdresZ Solutions - Pourquoi acheter chez nous?\" \/>\n<meta property=\"og:description\" content=\"Un courtier de plusieurs ann\u00e9es dans l\u2019immobilier sera sans aucun doute un atout pour la vente ou l\u2019achat. Apr\u00e8s trois ann\u00e9es d\u2019\u00e9tudes coll\u00e9giale...\" \/>\n<meta property=\"og:url\" content=\"https:\/\/realtyincanada.com\/why-buy-with-us\/\" \/>\n<meta property=\"og:site_name\" content=\"Realty in Canada\" \/>\n<meta property=\"article:modified_time\" content=\"2019-09-12T04:29:15+00:00\" \/>\n<meta property=\"og:image\" content=\"https:\/\/realtyincanada.com\/wp-content\/uploads\/2019\/02\/emdadul-hoque-og.jpg\" \/>\n\t<meta property=\"og:image:width\" content=\"1280\" \/>\n\t<meta property=\"og:image:height\" content=\"601\" \/>\n\t<meta property=\"og:image:type\" content=\"image\/jpeg\" \/>\n<meta name=\"twitter:card\" content=\"summary_large_image\" \/>\n<meta name=\"twitter:label1\" content=\"Dur\u00e9e de lecture estim\u00e9e\" \/>\n\t<meta name=\"twitter:data1\" content=\"4 minutes\" \/>\n<script type=\"application\/ld+json\" class=\"yoast-schema-graph\">{\"@context\":\"https:\\\/\\\/schema.org\",\"@graph\":[{\"@type\":\"WebPage\",\"@id\":\"https:\\\/\\\/realtyincanada.com\\\/why-buy-with-us\\\/\",\"url\":\"https:\\\/\\\/realtyincanada.com\\\/why-buy-with-us\\\/\",\"name\":\"Emdadul Hoque | Courtier Immobilier | AdresZ Solutions - Pourquoi acheter chez nous?\",\"isPartOf\":{\"@id\":\"https:\\\/\\\/realtyincanada.com\\\/#website\"},\"datePublished\":\"2019-02-14T17:10:01+00:00\",\"dateModified\":\"2019-09-12T04:29:15+00:00\",\"description\":\"Un courtier de plusieurs ann\u00e9es dans l\u2019immobilier sera sans aucun doute un atout pour la vente ou l\u2019achat. Apr\u00e8s trois ann\u00e9es d\u2019\u00e9tudes coll\u00e9giale...\",\"breadcrumb\":{\"@id\":\"https:\\\/\\\/realtyincanada.com\\\/why-buy-with-us\\\/#breadcrumb\"},\"inLanguage\":\"fr-FR\",\"potentialAction\":[{\"@type\":\"ReadAction\",\"target\":[\"https:\\\/\\\/realtyincanada.com\\\/why-buy-with-us\\\/\"]}]},{\"@type\":\"BreadcrumbList\",\"@id\":\"https:\\\/\\\/realtyincanada.com\\\/why-buy-with-us\\\/#breadcrumb\",\"itemListElement\":[{\"@type\":\"ListItem\",\"position\":1,\"name\":\"Home\",\"item\":\"https:\\\/\\\/realtyincanada.com\\\/fr\\\/\"},{\"@type\":\"ListItem\",\"position\":2,\"name\":\"Pourquoi acheter chez nous?\"}]},{\"@type\":\"WebSite\",\"@id\":\"https:\\\/\\\/realtyincanada.com\\\/#website\",\"url\":\"https:\\\/\\\/realtyincanada.com\\\/\",\"name\":\"Realty in Canada\",\"description\":\"Realty in Canada is your right choice for the best property agent in Canada. Contact us to buy, sell or rent your property.\",\"publisher\":{\"@id\":\"https:\\\/\\\/realtyincanada.com\\\/#organization\"},\"potentialAction\":[{\"@type\":\"SearchAction\",\"target\":{\"@type\":\"EntryPoint\",\"urlTemplate\":\"https:\\\/\\\/realtyincanada.com\\\/?s={search_term_string}\"},\"query-input\":{\"@type\":\"PropertyValueSpecification\",\"valueRequired\":true,\"valueName\":\"search_term_string\"}}],\"inLanguage\":\"fr-FR\"},{\"@type\":\"Organization\",\"@id\":\"https:\\\/\\\/realtyincanada.com\\\/#organization\",\"name\":\"Realty In Canada\",\"url\":\"https:\\\/\\\/realtyincanada.com\\\/\",\"logo\":{\"@type\":\"ImageObject\",\"inLanguage\":\"fr-FR\",\"@id\":\"https:\\\/\\\/realtyincanada.com\\\/#\\\/schema\\\/logo\\\/image\\\/\",\"url\":\"https:\\\/\\\/realtyincanada.com\\\/\\\/wp-content\\\/uploads\\\/2019\\\/08\\\/emdadul_hoque_final_footer_nopadding.png\",\"contentUrl\":\"https:\\\/\\\/realtyincanada.com\\\/\\\/wp-content\\\/uploads\\\/2019\\\/08\\\/emdadul_hoque_final_footer_nopadding.png\",\"width\":1490,\"height\":660,\"caption\":\"Realty In Canada\"},\"image\":{\"@id\":\"https:\\\/\\\/realtyincanada.com\\\/#\\\/schema\\\/logo\\\/image\\\/\"}}]}<\/script>\n<!-- \/ Yoast SEO plugin. -->","yoast_head_json":{"title":"Emdadul Hoque | Courtier Immobilier | AdresZ Solutions - Pourquoi acheter chez nous?","description":"Un courtier de plusieurs ann\u00e9es dans l\u2019immobilier sera sans aucun doute un atout pour la vente ou l\u2019achat. Apr\u00e8s trois ann\u00e9es d\u2019\u00e9tudes coll\u00e9giale...","robots":{"index":"index","follow":"follow","max-snippet":"max-snippet:-1","max-image-preview":"max-image-preview:large","max-video-preview":"max-video-preview:-1"},"canonical":"https:\/\/realtyincanada.com\/why-buy-with-us\/","og_locale":"fr_FR","og_type":"article","og_title":"Emdadul Hoque | Courtier Immobilier | AdresZ Solutions - Pourquoi acheter chez nous?","og_description":"Un courtier de plusieurs ann\u00e9es dans l\u2019immobilier sera sans aucun doute un atout pour la vente ou l\u2019achat. Apr\u00e8s trois ann\u00e9es d\u2019\u00e9tudes coll\u00e9giale...","og_url":"https:\/\/realtyincanada.com\/why-buy-with-us\/","og_site_name":"Realty in Canada","article_modified_time":"2019-09-12T04:29:15+00:00","og_image":[{"width":1280,"height":601,"url":"https:\/\/realtyincanada.com\/wp-content\/uploads\/2019\/02\/emdadul-hoque-og.jpg","type":"image\/jpeg"}],"twitter_card":"summary_large_image","twitter_misc":{"Dur\u00e9e de lecture estim\u00e9e":"4 minutes"},"schema":{"@context":"https:\/\/schema.org","@graph":[{"@type":"WebPage","@id":"https:\/\/realtyincanada.com\/why-buy-with-us\/","url":"https:\/\/realtyincanada.com\/why-buy-with-us\/","name":"Emdadul Hoque | Courtier Immobilier | AdresZ Solutions - Pourquoi acheter chez nous?","isPartOf":{"@id":"https:\/\/realtyincanada.com\/#website"},"datePublished":"2019-02-14T17:10:01+00:00","dateModified":"2019-09-12T04:29:15+00:00","description":"Un courtier de plusieurs ann\u00e9es dans l\u2019immobilier sera sans aucun doute un atout pour la vente ou l\u2019achat. Apr\u00e8s trois ann\u00e9es d\u2019\u00e9tudes coll\u00e9giale...","breadcrumb":{"@id":"https:\/\/realtyincanada.com\/why-buy-with-us\/#breadcrumb"},"inLanguage":"fr-FR","potentialAction":[{"@type":"ReadAction","target":["https:\/\/realtyincanada.com\/why-buy-with-us\/"]}]},{"@type":"BreadcrumbList","@id":"https:\/\/realtyincanada.com\/why-buy-with-us\/#breadcrumb","itemListElement":[{"@type":"ListItem","position":1,"name":"Home","item":"https:\/\/realtyincanada.com\/fr\/"},{"@type":"ListItem","position":2,"name":"Pourquoi acheter chez nous?"}]},{"@type":"WebSite","@id":"https:\/\/realtyincanada.com\/#website","url":"https:\/\/realtyincanada.com\/","name":"Realty in Canada","description":"Realty in Canada is your right choice for the best property agent in Canada. Contact us to buy, sell or rent your property.","publisher":{"@id":"https:\/\/realtyincanada.com\/#organization"},"potentialAction":[{"@type":"SearchAction","target":{"@type":"EntryPoint","urlTemplate":"https:\/\/realtyincanada.com\/?s={search_term_string}"},"query-input":{"@type":"PropertyValueSpecification","valueRequired":true,"valueName":"search_term_string"}}],"inLanguage":"fr-FR"},{"@type":"Organization","@id":"https:\/\/realtyincanada.com\/#organization","name":"Realty In Canada","url":"https:\/\/realtyincanada.com\/","logo":{"@type":"ImageObject","inLanguage":"fr-FR","@id":"https:\/\/realtyincanada.com\/#\/schema\/logo\/image\/","url":"https:\/\/realtyincanada.com\/\/wp-content\/uploads\/2019\/08\/emdadul_hoque_final_footer_nopadding.png","contentUrl":"https:\/\/realtyincanada.com\/\/wp-content\/uploads\/2019\/08\/emdadul_hoque_final_footer_nopadding.png","width":1490,"height":660,"caption":"Realty In Canada"},"image":{"@id":"https:\/\/realtyincanada.com\/#\/schema\/logo\/image\/"}}]}},"_links":{"self":[{"href":"https:\/\/realtyincanada.com\/fr\/wp-json\/wp\/v2\/pages\/1316","targetHints":{"allow":["GET"]}}],"collection":[{"href":"https:\/\/realtyincanada.com\/fr\/wp-json\/wp\/v2\/pages"}],"about":[{"href":"https:\/\/realtyincanada.com\/fr\/wp-json\/wp\/v2\/types\/page"}],"author":[{"embeddable":true,"href":"https:\/\/realtyincanada.com\/fr\/wp-json\/wp\/v2\/users\/1"}],"replies":[{"embeddable":true,"href":"https:\/\/realtyincanada.com\/fr\/wp-json\/wp\/v2\/comments?post=1316"}],"version-history":[{"count":19,"href":"https:\/\/realtyincanada.com\/fr\/wp-json\/wp\/v2\/pages\/1316\/revisions"}],"predecessor-version":[{"id":4722,"href":"https:\/\/realtyincanada.com\/fr\/wp-json\/wp\/v2\/pages\/1316\/revisions\/4722"}],"wp:attachment":[{"href":"https:\/\/realtyincanada.com\/fr\/wp-json\/wp\/v2\/media?parent=1316"}],"curies":[{"name":"wp","href":"https:\/\/api.w.org\/{rel}","templated":true}]}}