{"id":1332,"date":"2019-02-14T17:43:55","date_gmt":"2019-02-14T17:43:55","guid":{"rendered":"https:\/\/realtyincanada.com\/why-sell-with-us\/"},"modified":"2019-08-10T04:42:20","modified_gmt":"2019-08-10T04:42:20","slug":"pourquoi-vendre-avec-nous","status":"publish","type":"page","link":"https:\/\/realtyincanada.com\/fr\/pourquoi-vendre-avec-nous\/","title":{"rendered":"Pourquoi vendre avec nous?"},"content":{"rendered":"\n<h3 class=\"black\">LES AVANTAGES DE TRAVAILLER AVEC MOI<\/h3>\n<p> Je suis un professionnel de l&rsquo;immobilier qualifi\u00e9 avec une formation compl\u00e8te. Que vous achetiez ou vendiez une propri\u00e9t\u00e9 r\u00e9sidentielle ou commerciale, j\u2019ai toutes les comp\u00e9tences n\u00e9cessaires pour vous aider \u00e0 effectuer cette transaction importante de votre vie.<\/p>\n<p> Vous \u00eates pr\u00eat \u00e0 vendre votre propri\u00e9t\u00e9. Bien que vous avez h\u00e2te de voir le mot \u00abVENDU\u00bb affich\u00e9 sur le trottoir, vous savez qu\u2019il y a beaucoup \u00e0 prendre en compte avant d\u2019atteindre ce but. .<\/p>\n<p>Une transaction immobili\u00e8re est un processus complexe et d\u00e9taill\u00e9 qui n\u00e9cessite une solide connaissance du march\u00e9 immobilier et un talent pour la n\u00e9gociation. L\u2019une de vos premi\u00e8res d\u00e9cisions est de choisir une soci\u00e9t\u00e9 immobili\u00e8re et un courtier pouvant vous accompagner tout au long de ce processus.<\/p>\n<p> Nous savons \u00e0 quel point la pr\u00e9sence sur les m\u00e9dias sociaux est vitale aujourd&rsquo;hui! Nous en profitons pour que notre \u00e9quipe soit omnipr\u00e9sente sur les diff\u00e9rentes plateformes en ligne afin de partager efficacement votre maison avec les masses. Plus il y a d&rsquo;exposition de votre propri\u00e9t\u00e9, meilleures sont vos chances de trouver un acheteur potentiel.<\/p>\n\n<strong> <p>D\u00e9passer vos attentes<\/strong><\/p>\n\n<p>Vous m\u00e9ritez plus qu&rsquo;un simple signe affich\u00e9 sur votre cour avant, des flyers ou d\u2019une visualisation occasionnelle. Vous pouvez faire mieux. Gr\u00e2ce \u00e0 nos services, nous vous fournissons plut\u00f4t un courtier immobilier qui sera \u00e0 vos c\u00f4t\u00e9s du d\u00e9but \u00e0 la fin, veillant \u00e0 ce que votre propri\u00e9t\u00e9 se vende en douceur et \u00e0 ce que vous en retiriez le plus possible. <\/p>\n\n<h4>Travailler avec moi va:<\/h4>\n<ul>\n<li> Donner acc\u00e8s \u00e0 un r\u00e9seau d\u2019experts comp\u00e9tents<\/li>\n<li> \u00c9conomiser du temps et de l&rsquo;argent<\/li>\n<li> Garantir le bon d\u00e9roulement de la transaction immobili\u00e8re<\/li>\n<li> Simplifier les processus administratifs, financiers et juridiques<\/li>\n<li> Vous aider \u00e0 b\u00e9n\u00e9ficier d&rsquo;une protection accrue en cas de fraude, omission ou erreur, n\u00e9gligence, etc. <\/li>\n<li> Coordonner le travail des diff\u00e9rents professionnels impliqu\u00e9s dans la transaction, notamment le comptable, le fiscaliste, l&rsquo;avocat, l&rsquo;\u00e9valuateur, le notaire, le consultant en environnement, l&rsquo;ing\u00e9nieur, l&rsquo;inspection du b\u00e2timent, la topographie, etc. <\/li>\n\n<\/ul>\n<p> Au fil des ans, des clients autour du monde ont trouv\u00e9 avantageux d\u2019utiliser nos services pour trouver la maison de leurs r\u00eaves! Nos clients satisfaits en provenance de Chine, des \u00c9tats-Unis, de Russie, d&rsquo;Europe, d&rsquo;Australie, d&rsquo;Asie, d&rsquo;Afrique et d&rsquo;Am\u00e9rique centrale et du Sud sont la preuve que, lorsque vous offrez un niveau de service sup\u00e9rieur, le message passe rapidement. <\/p>\n\n<p> Faire affaire avec un courtier immobilier signifie que vous \u00eates prot\u00e9g\u00e9 par la loi. La loi sur le courtage immobilier ainsi que de diverses autres organisations r\u00e9glementent la profession de courtier immobilier, afin que les consommateurs puissent compter sur des services \u00e9quitables et comp\u00e9tents. En outre, en tant que courtiers \/ agents enregistr\u00e9s, il est de notre devoir de participer \u00e0 des sessions de formation continue afin de rester au courant des derni\u00e8res lois du march\u00e9. De ce fait, vous savez que vous serez assist\u00e9 par un professionnel hautement qualifi\u00e9 et bien form\u00e9. <\/p>\n\n<p> <strong> Toutes les informations que vous fournissez sont s\u00e9curis\u00e9es et resteront strictement confidentielles.<strong> <\/p>\n<p> Pensez-y et faites-nous savoir si vous avez des questions. Nous serons heureux de r\u00e9pondre \u00e0 toutes vos questions.<\/p>\n<p> Appelez d\u00e8s aujourd&rsquo;hui au <strong>+1 (514) 654-8890<\/strong> ou envoyez un courriel \u00e0: <strong>info@realtyincanada.com<\/strong> pour tous vos besoins immobiliers.!! <\/p>\n\n","protected":false},"excerpt":{"rendered":"<p>LES AVANTAGES DE TRAVAILLER AVEC MOI Je suis un professionnel de l&rsquo;immobilier qualifi\u00e9 avec une formation compl\u00e8te. Que vous achetiez ou vendiez une propri\u00e9t\u00e9 r\u00e9sidentielle ou commerciale, j\u2019ai toutes les comp\u00e9tences n\u00e9cessaires pour vous aider \u00e0 effectuer cette transaction importante de votre vie. Vous \u00eates pr\u00eat \u00e0 vendre votre propri\u00e9t\u00e9. [&hellip;]<\/p>\n","protected":false},"author":1,"featured_media":0,"parent":0,"menu_order":0,"comment_status":"closed","ping_status":"closed","template":"","meta":{"_acf_changed":false,"footnotes":""},"class_list":["post-1332","page","type-page","status-publish","hentry"],"acf":[],"yoast_head":"<!-- This site is optimized with the Yoast SEO plugin v27.4 - https:\/\/yoast.com\/product\/yoast-seo-wordpress\/ -->\n<title>Emdadul Hoque | Courtier Immobilier | AdresZ Solutions - Pourquoi vendre avec nous?<\/title>\n<meta name=\"description\" content=\"Un courtier de plusieurs ann\u00e9es dans l\u2019immobilier sera sans aucun doute un atout pour la vente ou l\u2019achat. Apr\u00e8s trois ann\u00e9es d\u2019\u00e9tudes coll\u00e9giale...\" \/>\n<meta name=\"robots\" content=\"index, follow, max-snippet:-1, max-image-preview:large, max-video-preview:-1\" \/>\n<link rel=\"canonical\" href=\"https:\/\/realtyincanada.com\/why-sell-with-us\/\" \/>\n<meta property=\"og:locale\" content=\"fr_FR\" \/>\n<meta property=\"og:type\" content=\"article\" \/>\n<meta property=\"og:title\" content=\"Emdadul Hoque | Courtier Immobilier | AdresZ Solutions - Pourquoi vendre avec nous?\" \/>\n<meta property=\"og:description\" content=\"Un courtier de plusieurs ann\u00e9es dans l\u2019immobilier sera sans aucun doute un atout pour la vente ou l\u2019achat. Apr\u00e8s trois ann\u00e9es d\u2019\u00e9tudes coll\u00e9giale...\" \/>\n<meta property=\"og:url\" content=\"https:\/\/realtyincanada.com\/why-sell-with-us\/\" \/>\n<meta property=\"og:site_name\" content=\"Realty in Canada\" \/>\n<meta property=\"article:modified_time\" content=\"2019-08-10T04:42:20+00:00\" \/>\n<meta property=\"og:image\" content=\"https:\/\/realtyincanada.com\/wp-content\/uploads\/2019\/02\/emdadul-hoque-og.jpg\" \/>\n\t<meta property=\"og:image:width\" content=\"1280\" \/>\n\t<meta property=\"og:image:height\" content=\"601\" \/>\n\t<meta property=\"og:image:type\" content=\"image\/jpeg\" \/>\n<meta name=\"twitter:card\" content=\"summary_large_image\" \/>\n<meta name=\"twitter:label1\" content=\"Dur\u00e9e de lecture estim\u00e9e\" \/>\n\t<meta name=\"twitter:data1\" content=\"3 minutes\" \/>\n<script type=\"application\/ld+json\" class=\"yoast-schema-graph\">{\"@context\":\"https:\\\/\\\/schema.org\",\"@graph\":[{\"@type\":\"WebPage\",\"@id\":\"https:\\\/\\\/realtyincanada.com\\\/why-sell-with-us\\\/\",\"url\":\"https:\\\/\\\/realtyincanada.com\\\/why-sell-with-us\\\/\",\"name\":\"Emdadul Hoque | Courtier Immobilier | AdresZ Solutions - Pourquoi vendre avec nous?\",\"isPartOf\":{\"@id\":\"https:\\\/\\\/realtyincanada.com\\\/#website\"},\"datePublished\":\"2019-02-14T17:43:55+00:00\",\"dateModified\":\"2019-08-10T04:42:20+00:00\",\"description\":\"Un courtier de plusieurs ann\u00e9es dans l\u2019immobilier sera sans aucun doute un atout pour la vente ou l\u2019achat. Apr\u00e8s trois ann\u00e9es d\u2019\u00e9tudes coll\u00e9giale...\",\"breadcrumb\":{\"@id\":\"https:\\\/\\\/realtyincanada.com\\\/why-sell-with-us\\\/#breadcrumb\"},\"inLanguage\":\"fr-FR\",\"potentialAction\":[{\"@type\":\"ReadAction\",\"target\":[\"https:\\\/\\\/realtyincanada.com\\\/why-sell-with-us\\\/\"]}]},{\"@type\":\"BreadcrumbList\",\"@id\":\"https:\\\/\\\/realtyincanada.com\\\/why-sell-with-us\\\/#breadcrumb\",\"itemListElement\":[{\"@type\":\"ListItem\",\"position\":1,\"name\":\"Home\",\"item\":\"https:\\\/\\\/realtyincanada.com\\\/fr\\\/\"},{\"@type\":\"ListItem\",\"position\":2,\"name\":\"Pourquoi vendre avec nous?\"}]},{\"@type\":\"WebSite\",\"@id\":\"https:\\\/\\\/realtyincanada.com\\\/#website\",\"url\":\"https:\\\/\\\/realtyincanada.com\\\/\",\"name\":\"Realty in Canada\",\"description\":\"Realty in Canada is your right choice for the best property agent in Canada. Contact us to buy, sell or rent your property.\",\"publisher\":{\"@id\":\"https:\\\/\\\/realtyincanada.com\\\/#organization\"},\"potentialAction\":[{\"@type\":\"SearchAction\",\"target\":{\"@type\":\"EntryPoint\",\"urlTemplate\":\"https:\\\/\\\/realtyincanada.com\\\/?s={search_term_string}\"},\"query-input\":{\"@type\":\"PropertyValueSpecification\",\"valueRequired\":true,\"valueName\":\"search_term_string\"}}],\"inLanguage\":\"fr-FR\"},{\"@type\":\"Organization\",\"@id\":\"https:\\\/\\\/realtyincanada.com\\\/#organization\",\"name\":\"Realty In Canada\",\"url\":\"https:\\\/\\\/realtyincanada.com\\\/\",\"logo\":{\"@type\":\"ImageObject\",\"inLanguage\":\"fr-FR\",\"@id\":\"https:\\\/\\\/realtyincanada.com\\\/#\\\/schema\\\/logo\\\/image\\\/\",\"url\":\"https:\\\/\\\/realtyincanada.com\\\/\\\/wp-content\\\/uploads\\\/2019\\\/08\\\/emdadul_hoque_final_footer_nopadding.png\",\"contentUrl\":\"https:\\\/\\\/realtyincanada.com\\\/\\\/wp-content\\\/uploads\\\/2019\\\/08\\\/emdadul_hoque_final_footer_nopadding.png\",\"width\":1490,\"height\":660,\"caption\":\"Realty In Canada\"},\"image\":{\"@id\":\"https:\\\/\\\/realtyincanada.com\\\/#\\\/schema\\\/logo\\\/image\\\/\"}}]}<\/script>\n<!-- \/ Yoast SEO plugin. -->","yoast_head_json":{"title":"Emdadul Hoque | Courtier Immobilier | AdresZ Solutions - Pourquoi vendre avec nous?","description":"Un courtier de plusieurs ann\u00e9es dans l\u2019immobilier sera sans aucun doute un atout pour la vente ou l\u2019achat. Apr\u00e8s trois ann\u00e9es d\u2019\u00e9tudes coll\u00e9giale...","robots":{"index":"index","follow":"follow","max-snippet":"max-snippet:-1","max-image-preview":"max-image-preview:large","max-video-preview":"max-video-preview:-1"},"canonical":"https:\/\/realtyincanada.com\/why-sell-with-us\/","og_locale":"fr_FR","og_type":"article","og_title":"Emdadul Hoque | Courtier Immobilier | AdresZ Solutions - Pourquoi vendre avec nous?","og_description":"Un courtier de plusieurs ann\u00e9es dans l\u2019immobilier sera sans aucun doute un atout pour la vente ou l\u2019achat. Apr\u00e8s trois ann\u00e9es d\u2019\u00e9tudes coll\u00e9giale...","og_url":"https:\/\/realtyincanada.com\/why-sell-with-us\/","og_site_name":"Realty in Canada","article_modified_time":"2019-08-10T04:42:20+00:00","og_image":[{"width":1280,"height":601,"url":"https:\/\/realtyincanada.com\/wp-content\/uploads\/2019\/02\/emdadul-hoque-og.jpg","type":"image\/jpeg"}],"twitter_card":"summary_large_image","twitter_misc":{"Dur\u00e9e de lecture estim\u00e9e":"3 minutes"},"schema":{"@context":"https:\/\/schema.org","@graph":[{"@type":"WebPage","@id":"https:\/\/realtyincanada.com\/why-sell-with-us\/","url":"https:\/\/realtyincanada.com\/why-sell-with-us\/","name":"Emdadul Hoque | Courtier Immobilier | AdresZ Solutions - Pourquoi vendre avec nous?","isPartOf":{"@id":"https:\/\/realtyincanada.com\/#website"},"datePublished":"2019-02-14T17:43:55+00:00","dateModified":"2019-08-10T04:42:20+00:00","description":"Un courtier de plusieurs ann\u00e9es dans l\u2019immobilier sera sans aucun doute un atout pour la vente ou l\u2019achat. Apr\u00e8s trois ann\u00e9es d\u2019\u00e9tudes coll\u00e9giale...","breadcrumb":{"@id":"https:\/\/realtyincanada.com\/why-sell-with-us\/#breadcrumb"},"inLanguage":"fr-FR","potentialAction":[{"@type":"ReadAction","target":["https:\/\/realtyincanada.com\/why-sell-with-us\/"]}]},{"@type":"BreadcrumbList","@id":"https:\/\/realtyincanada.com\/why-sell-with-us\/#breadcrumb","itemListElement":[{"@type":"ListItem","position":1,"name":"Home","item":"https:\/\/realtyincanada.com\/fr\/"},{"@type":"ListItem","position":2,"name":"Pourquoi vendre avec nous?"}]},{"@type":"WebSite","@id":"https:\/\/realtyincanada.com\/#website","url":"https:\/\/realtyincanada.com\/","name":"Realty in Canada","description":"Realty in Canada is your right choice for the best property agent in Canada. Contact us to buy, sell or rent your property.","publisher":{"@id":"https:\/\/realtyincanada.com\/#organization"},"potentialAction":[{"@type":"SearchAction","target":{"@type":"EntryPoint","urlTemplate":"https:\/\/realtyincanada.com\/?s={search_term_string}"},"query-input":{"@type":"PropertyValueSpecification","valueRequired":true,"valueName":"search_term_string"}}],"inLanguage":"fr-FR"},{"@type":"Organization","@id":"https:\/\/realtyincanada.com\/#organization","name":"Realty In Canada","url":"https:\/\/realtyincanada.com\/","logo":{"@type":"ImageObject","inLanguage":"fr-FR","@id":"https:\/\/realtyincanada.com\/#\/schema\/logo\/image\/","url":"https:\/\/realtyincanada.com\/\/wp-content\/uploads\/2019\/08\/emdadul_hoque_final_footer_nopadding.png","contentUrl":"https:\/\/realtyincanada.com\/\/wp-content\/uploads\/2019\/08\/emdadul_hoque_final_footer_nopadding.png","width":1490,"height":660,"caption":"Realty In Canada"},"image":{"@id":"https:\/\/realtyincanada.com\/#\/schema\/logo\/image\/"}}]}},"_links":{"self":[{"href":"https:\/\/realtyincanada.com\/fr\/wp-json\/wp\/v2\/pages\/1332","targetHints":{"allow":["GET"]}}],"collection":[{"href":"https:\/\/realtyincanada.com\/fr\/wp-json\/wp\/v2\/pages"}],"about":[{"href":"https:\/\/realtyincanada.com\/fr\/wp-json\/wp\/v2\/types\/page"}],"author":[{"embeddable":true,"href":"https:\/\/realtyincanada.com\/fr\/wp-json\/wp\/v2\/users\/1"}],"replies":[{"embeddable":true,"href":"https:\/\/realtyincanada.com\/fr\/wp-json\/wp\/v2\/comments?post=1332"}],"version-history":[{"count":11,"href":"https:\/\/realtyincanada.com\/fr\/wp-json\/wp\/v2\/pages\/1332\/revisions"}],"predecessor-version":[{"id":3230,"href":"https:\/\/realtyincanada.com\/fr\/wp-json\/wp\/v2\/pages\/1332\/revisions\/3230"}],"wp:attachment":[{"href":"https:\/\/realtyincanada.com\/fr\/wp-json\/wp\/v2\/media?parent=1332"}],"curies":[{"name":"wp","href":"https:\/\/api.w.org\/{rel}","templated":true}]}}