{"id":1344,"date":"2019-02-14T17:55:33","date_gmt":"2019-02-14T17:55:33","guid":{"rendered":"https:\/\/realtyincanada.com\/services\/"},"modified":"2019-09-03T10:41:23","modified_gmt":"2019-09-03T14:41:23","slug":"services","status":"publish","type":"page","link":"https:\/\/realtyincanada.com\/fr\/services\/","title":{"rendered":"Services"},"content":{"rendered":"<h3 class=\"black\"><strong style=\"font-size: 1.2em; color: #191e23;\">Lorsque vous travaillez avec nous, vous obtenez<\/strong><\/h3>\n<h4><strong> En tant qu&rsquo;acheteur <\/strong><\/h4>\n<h4>Technologie<\/h4>\n<ul>\n<li>Des outils techniques de pointe et une formation appropri\u00e9e nous permettent de trouver la maison parfaite pour vous. \u00a0Nous vous offrons en cons\u00e9quence un service in\u00e9gal\u00e9.<\/li>\n<\/ul>\n<h4>Travail d&rsquo;\u00e9quipe<\/h4>\n<ul>\n<li>Nous a \u00e9t\u00e9 con\u00e7u pour r\u00e9compenser les agents qui travaillent ensemble. Il est clair que nous visons plus que quelques objectifs.<\/li>\n<\/ul>\n<h4>Connaissance<\/h4>\n<ul>\n<li>Je garde une longueur d&rsquo;avance sur les tendances du secteur immobilier gr\u00e2ce \u00e0 notre formation, \u00e0 notre programme complet de formation et \u00e0 nos ressources de recherche.<\/li>\n<\/ul>\n<h4>\u00a0 Fiabilit\u00e9<\/h4>\n<ul>\n<li>Nous mettons d\u2019abord l\u2019accent sur vos besoins. Je crois fermement que nous avons r\u00e9ussi.<\/li>\n<\/ul>\n<h4>Une entreprise locale de port\u00e9e mondiale<\/h4>\n<ul>\n<li>Nous sommes fiers de soutenir la chambre de commerce locale.<\/li>\n<\/ul>\n<h4><strong>En tant que vendeur <\/strong><\/h4>\n<h4>Tarification<\/h4>\n<ul>\n<li>\u00c9tablissez un prix strat\u00e9gique pour votre maison afin d\u2019\u00eatre concurrentielle par rapport aux tendances actuelles du march\u00e9 et des prix.<\/li>\n<\/ul>\n<h4>Mise en sc\u00e8ne<\/h4>\n<ul>\n<li>Recommander des strat\u00e9gies de mise en sc\u00e8ne pour votre maison afin de mettre en lumi\u00e8re les caract\u00e9ristiques les plus importantes pour les acheteurs.<\/li>\n<\/ul>\n<h4>SEO<\/h4>\n<ul>\n<li>Optimisez la pr\u00e9sence de votre maison sur Internet, y compris de nombreuses photographies et une description de votre propri\u00e9t\u00e9.<\/li>\n<\/ul>\n<h4>Disponibilit\u00e9<\/h4>\n<ul>\n<li>Commercialisez la disponibilit\u00e9 de votre propri\u00e9t\u00e9 par e-mail, courrier direct et visites pour trouver des acheteurs potentiels.<\/li>\n<\/ul>\n<h4>Marketing<\/h4>\n<ul>\n<li>Vous fournir des mises \u00e0 jour hebdomadaires d\u00e9taillant les efforts et les progr\u00e8s en mati\u00e8re de marketing.<\/li>\n<\/ul>\n<h4>Courtier<\/h4>\n<ul>\n<li>Vous guidera \u00e0 travers chaque \u00e9tape du processus de vente, de la liste \u00e0 la cl\u00f4ture.<\/li>\n<\/ul>\n<h4>Garantir la meilleure exposition<\/h4>\n<ul>\n<li>Gr\u00e2ce \u00e0 l\u2019expertise de notre \u00e9quipe sur le march\u00e9 immobilier local, nous sommes en mesure d\u2019interpr\u00e9ter toutes les donn\u00e9es qui dictent la strat\u00e9gie de tarification optimale afin que le prix de vente de votre propri\u00e9t\u00e9 soit atteint. Chaque march\u00e9 \u00e9tant unique, nos plans marketing et nos strat\u00e9gies de d\u00e9ploiement ciblent et attirent efficacement vos acheteurs potentiels. Nous creusons profond\u00e9ment pour conna\u00eetre les points de vente uniques de votre propri\u00e9t\u00e9 et de votre quartier. C\u2019est une formule de r\u00e9ussite.<\/li>\n<li>Et bien s\u00fbr, nous prendrons le temps d\u2019\u00e9couter, de comprendre vos d\u00e9fis et vos objectifs et de r\u00e9pondre \u00e0 vos questions tout au long de votre parcours.<\/li>\n<\/ul>\n\n\n<p><strong>\u00c9valuation gratuite de propri\u00e9t\u00e9s r\u00e9sidentielles, commerciales et industrielles<\/strong><\/p>\n\n\n\n<p>Nous fournissons gratuitement des expertises immobili\u00e8res r\u00e9sidentielles, commerciales et industrielles, tant pour le b\u00e2timent que pour le terrain. Veuillez compl\u00e9ter les informations suivantes et nous vous contacterons dans les plus brefs d\u00e9lais.<\/p>\n\n\n\n<div class=\"wpcf7 no-js\" id=\"wpcf7-f3041-o1\" lang=\"en-US\" dir=\"ltr\" data-wpcf7-id=\"3041\">\n<div class=\"screen-reader-response\"><p role=\"status\" aria-live=\"polite\" aria-atomic=\"true\"><\/p> <ul><\/ul><\/div>\n<form action=\"\/fr\/wp-json\/wp\/v2\/pages\/1344#wpcf7-f3041-o1\" method=\"post\" class=\"wpcf7-form init\" aria-label=\"Contact form\" novalidate=\"novalidate\" data-status=\"init\">\n<fieldset class=\"hidden-fields-container\"><input type=\"hidden\" name=\"_wpcf7\" value=\"3041\" \/><input type=\"hidden\" name=\"_wpcf7_version\" value=\"6.1.5\" \/><input type=\"hidden\" name=\"_wpcf7_locale\" value=\"en_US\" \/><input type=\"hidden\" name=\"_wpcf7_unit_tag\" value=\"wpcf7-f3041-o1\" \/><input type=\"hidden\" name=\"_wpcf7_container_post\" value=\"0\" \/><input type=\"hidden\" name=\"_wpcf7_posted_data_hash\" value=\"\" \/><input type=\"hidden\" name=\"_wpcf7_recaptcha_response\" value=\"\" \/>\n<\/fieldset>\n<div class=\"row evalutaion-form-cf7\">\n\t<div class=\"col-md-6 col-xs-12\">\n\t\t<h3 class=\"form-section-title\">Informations G\u00e9n\u00e9rales\n\t\t<\/h3>\n\t\t<p><span class=\"wpcf7-form-control-wrap\" data-name=\"nom\"><input size=\"40\" maxlength=\"400\" class=\"wpcf7-form-control wpcf7-text wpcf7-validates-as-required\" aria-required=\"true\" aria-invalid=\"false\" placeholder=\"Nom\" value=\"\" type=\"text\" name=\"nom\" \/><\/span><br \/>\n<span class=\"wpcf7-form-control-wrap\" data-name=\"company\"><input size=\"40\" maxlength=\"400\" class=\"wpcf7-form-control wpcf7-text\" aria-invalid=\"false\" placeholder=\"Nom de compagnie\" value=\"\" type=\"text\" name=\"company\" \/><\/span><br \/>\n<span class=\"wpcf7-form-control-wrap\" data-name=\"email\"><input size=\"40\" maxlength=\"400\" class=\"wpcf7-form-control wpcf7-email wpcf7-validates-as-required wpcf7-text wpcf7-validates-as-email\" aria-required=\"true\" aria-invalid=\"false\" placeholder=\"Courriel\" value=\"\" type=\"email\" name=\"email\" \/><\/span><br \/>\n<span class=\"wpcf7-form-control-wrap\" data-name=\"phone\"><input size=\"40\" maxlength=\"400\" class=\"wpcf7-form-control wpcf7-tel wpcf7-validates-as-required wpcf7-text wpcf7-validates-as-tel\" aria-required=\"true\" aria-invalid=\"false\" placeholder=\"T\u00e9l\u00e9phone\" value=\"\" type=\"tel\" name=\"phone\" \/><\/span><br \/>\n<span class=\"wpcf7-form-control-wrap\" data-name=\"address\"><input size=\"40\" maxlength=\"400\" class=\"wpcf7-form-control wpcf7-text wpcf7-validates-as-required\" aria-required=\"true\" aria-invalid=\"false\" placeholder=\"Adresse\" value=\"\" type=\"text\" name=\"address\" \/><\/span><br \/>\n<span class=\"wpcf7-form-control-wrap\" data-name=\"city\"><input size=\"40\" maxlength=\"400\" class=\"wpcf7-form-control wpcf7-text wpcf7-validates-as-required\" aria-required=\"true\" aria-invalid=\"false\" placeholder=\"Ville\" value=\"\" type=\"text\" name=\"city\" \/><\/span><br \/>\n<span class=\"wpcf7-form-control-wrap\" data-name=\"postal\"><input size=\"40\" maxlength=\"400\" class=\"wpcf7-form-control wpcf7-text wpcf7-validates-as-required\" aria-required=\"true\" aria-invalid=\"false\" placeholder=\"Code Postal\" value=\"\" type=\"text\" name=\"postal\" \/><\/span><br \/>\n<label for=\"property-type-desktop\"><\/label>\n\t\t<\/p>\n\t<\/div>\n\t<div class=\"col-md-6 col-xs-12\">\n\t<hr class=\"hidden-md-up\" \/>\n\t\t<h3 class=\"form-section-title\">D\u00e9tails De La Propri\u00e9t\u00e9\n\t\t<\/h3>\n\t\t<p><span class=\"wpcf7-form-control-wrap\" data-name=\"property-type-desktop\"><select class=\"wpcf7-form-control wpcf7-select wpcf7-validates-as-required\" aria-required=\"true\" aria-invalid=\"false\" name=\"property-type-desktop\"><option value=\"\">Type de la propri\u00e9t\u00e9<\/option><option value=\"Appartement\">Appartement<\/option><option value=\"B\u00e2timent et vente d\u2019entreprise\">B\u00e2timent et vente d\u2019entreprise<\/option><option value=\"Bungalow\">Bungalow<\/option><option value=\"Chalet\">Chalet<\/option><option value=\"B\u00e2timent commercial et terrain\">B\u00e2timent commercial et terrain<\/option><option value=\"B\u00e2timent commercial \/ bureau\">B\u00e2timent commercial \/ bureau<\/option><option value=\"Espace de location commercial \/ bureau\">Espace de location commercial \/ bureau<\/option><option value=\"Garderie\">Garderie<\/option><option value=\"Duplex\">Duplex<\/option><option value=\"Ferme\">Ferme<\/option><option value=\"Ferme de loisirs\">Ferme de loisirs<\/option><option value=\"B\u00e2timent industriel\">B\u00e2timent industriel<\/option><option value=\"B\u00e2timent industriel et terrain\">B\u00e2timent industriel et terrain<\/option><option value=\"Condo Industriel\">Condo Industriel<\/option><option value=\"Location d\u2019espaces industriels\">Location d\u2019espaces industriels<\/option><option value=\"Loft \/ Studio\">Loft \/ Studio<\/option><option value=\"Maison mobile\">Maison mobile<\/option><option value=\"Maison d\u2019un \u00e9tage et demi\">Maison d\u2019un \u00e9tage et demi<\/option><option value=\"Quadruplex\">Quadruplex<\/option><option value=\"Quintuplex\">Quintuplex<\/option><option value=\"\u00c0 deux niveaux\">\u00c0 deux niveaux<\/option><option value=\"Triplex\">Triplex<\/option><option value=\"Maison \u00e0 \u00e9tages\">Maison \u00e0 \u00e9tages<\/option><option value=\"Terrain vacant\">Terrain vacant<\/option><option value=\"Terre \u00e0 Bois\">Terre \u00e0 Bois<\/option><\/select><\/span><br \/>\n<span class=\"wpcf7-form-control-wrap\" data-name=\"bedrooms\"><input class=\"wpcf7-form-control wpcf7-number wpcf7-validates-as-required wpcf7-validates-as-number\" min=\"1\" max=\"25\" aria-required=\"true\" aria-invalid=\"false\" placeholder=\"Chambres\" value=\"\" type=\"number\" name=\"bedrooms\" \/><\/span><br \/>\n<span class=\"wpcf7-form-control-wrap\" data-name=\"bathrooms\"><input class=\"wpcf7-form-control wpcf7-number wpcf7-validates-as-required wpcf7-validates-as-number\" min=\"1\" max=\"25\" aria-required=\"true\" aria-invalid=\"false\" placeholder=\"Salles de bains\" value=\"\" type=\"number\" name=\"bathrooms\" \/><\/span><br \/>\n<span class=\"wpcf7-form-control-wrap\" data-name=\"size\"><input class=\"wpcf7-form-control wpcf7-number wpcf7-validates-as-required wpcf7-validates-as-number\" min=\"100\" max=\"10000\" aria-required=\"true\" aria-invalid=\"false\" placeholder=\"Taille (pi ca)\" value=\"\" type=\"number\" name=\"size\" \/><\/span><br \/>\n<span class=\"wpcf7-form-control-wrap\" data-name=\"features\"><textarea cols=\"40\" rows=\"10\" maxlength=\"2000\" class=\"wpcf7-form-control wpcf7-textarea wpcf7-validates-as-required\" aria-required=\"true\" aria-invalid=\"false\" placeholder=\"Caract\u00e9ristiques \/ Commentaires\" name=\"features\"><\/textarea><\/span>\n\t\t<\/p>\n\t<\/div>\n\t<div class=\"col-xs-12\">\n\t\t<p><button type=\"submit\" style=\"margin: -32px auto; width: 140px;\" class=\"cta-blog\">Envoyer<\/button>\n\t\t<\/p>\n\t<\/div>\n<\/div><p style=\"display: none !important;\" class=\"akismet-fields-container\" data-prefix=\"_wpcf7_ak_\"><label>&#916;<textarea name=\"_wpcf7_ak_hp_textarea\" cols=\"45\" rows=\"8\" maxlength=\"100\"><\/textarea><\/label><input type=\"hidden\" id=\"ak_js_1\" name=\"_wpcf7_ak_js\" value=\"228\"\/><script>document.getElementById( \"ak_js_1\" ).setAttribute( \"value\", ( new Date() ).getTime() );<\/script><\/p><div class=\"wpcf7-response-output\" aria-hidden=\"true\"><\/div>\n<\/form>\n<\/div>\n\n\n\n\n<figure class=\"wp-block-image\"><img decoding=\"async\" width=\"90\" height=\"30\" src=\"https:\/\/realtyincanada.com\/\/wp-content\/uploads\/2019\/09\/Swirl_1_.gif\" alt=\"\" class=\"wp-image-4180\"\/><\/figure>\n\n\n\n<p>? Appelez d\u00e8s aujourd\u2019hui au&nbsp; \u260e <strong>514 654-8890<\/strong>&nbsp;ou par courriel \u00e0&nbsp;<a href=\"mailto:info@realtyincanada.com\"><strong>info@realtyincanada.com<\/strong><\/a>&nbsp;pour une \u00e9valuation de votre maison, pour obtenir de l\u2019aide pour trouver la propri\u00e9t\u00e9 de vos r\u00eaves ou des conseils pour investir dans l\u2019immobilier.<\/p>\n","protected":false},"excerpt":{"rendered":"<p>Lorsque vous travaillez avec nous, vous obtenez En tant qu&rsquo;acheteur Technologie Des outils techniques de pointe et une formation appropri\u00e9e nous permettent de trouver la maison parfaite pour vous. \u00a0Nous vous offrons en cons\u00e9quence un service in\u00e9gal\u00e9. Travail d&rsquo;\u00e9quipe Nous a \u00e9t\u00e9 con\u00e7u pour r\u00e9compenser les agents qui travaillent ensemble. [&hellip;]<\/p>\n","protected":false},"author":1,"featured_media":0,"parent":0,"menu_order":0,"comment_status":"closed","ping_status":"closed","template":"","meta":{"_acf_changed":false,"footnotes":""},"class_list":["post-1344","page","type-page","status-publish","hentry"],"acf":[],"yoast_head":"<!-- This site is optimized with the Yoast SEO plugin v27.4 - https:\/\/yoast.com\/product\/yoast-seo-wordpress\/ -->\n<title>Emdadul Hoque | Courtier Immobilier | AdresZ Solutions - Services<\/title>\n<meta name=\"description\" content=\"Un courtier de plusieurs ann\u00e9es dans l\u2019immobilier sera sans aucun doute un atout pour la vente ou l\u2019achat. Apr\u00e8s trois ann\u00e9es d\u2019\u00e9tudes coll\u00e9giale...\" \/>\n<meta name=\"robots\" content=\"index, follow, max-snippet:-1, max-image-preview:large, max-video-preview:-1\" \/>\n<link rel=\"canonical\" href=\"https:\/\/realtyincanada.com\/fr\/services\/\" \/>\n<meta property=\"og:locale\" content=\"fr_FR\" \/>\n<meta property=\"og:type\" content=\"article\" \/>\n<meta property=\"og:title\" content=\"Emdadul Hoque | Courtier Immobilier | AdresZ Solutions - Services\" \/>\n<meta property=\"og:description\" content=\"Un courtier de plusieurs ann\u00e9es dans l\u2019immobilier sera sans aucun doute un atout pour la vente ou l\u2019achat. Apr\u00e8s trois ann\u00e9es d\u2019\u00e9tudes coll\u00e9giale...\" \/>\n<meta property=\"og:url\" content=\"https:\/\/realtyincanada.com\/fr\/services\/\" \/>\n<meta property=\"og:site_name\" content=\"Realty in Canada\" \/>\n<meta property=\"article:modified_time\" content=\"2019-09-03T14:41:23+00:00\" \/>\n<meta property=\"og:image\" content=\"https:\/\/realtyincanada.com\/\/wp-content\/uploads\/2019\/09\/Swirl_1_.gif\" \/>\n<meta name=\"twitter:card\" content=\"summary_large_image\" \/>\n<meta name=\"twitter:label1\" content=\"Dur\u00e9e de lecture estim\u00e9e\" \/>\n\t<meta name=\"twitter:data1\" content=\"2 minutes\" \/>\n<script type=\"application\/ld+json\" class=\"yoast-schema-graph\">{\"@context\":\"https:\\\/\\\/schema.org\",\"@graph\":[{\"@type\":\"WebPage\",\"@id\":\"https:\\\/\\\/realtyincanada.com\\\/fr\\\/services\\\/\",\"url\":\"https:\\\/\\\/realtyincanada.com\\\/fr\\\/services\\\/\",\"name\":\"Emdadul Hoque | Courtier Immobilier | AdresZ Solutions - Services\",\"isPartOf\":{\"@id\":\"https:\\\/\\\/realtyincanada.com\\\/#website\"},\"primaryImageOfPage\":{\"@id\":\"https:\\\/\\\/realtyincanada.com\\\/fr\\\/services\\\/#primaryimage\"},\"image\":{\"@id\":\"https:\\\/\\\/realtyincanada.com\\\/fr\\\/services\\\/#primaryimage\"},\"thumbnailUrl\":\"https:\\\/\\\/realtyincanada.com\\\/\\\/wp-content\\\/uploads\\\/2019\\\/09\\\/Swirl_1_.gif\",\"datePublished\":\"2019-02-14T17:55:33+00:00\",\"dateModified\":\"2019-09-03T14:41:23+00:00\",\"description\":\"Un courtier de plusieurs ann\u00e9es dans l\u2019immobilier sera sans aucun doute un atout pour la vente ou l\u2019achat. Apr\u00e8s trois ann\u00e9es d\u2019\u00e9tudes coll\u00e9giale...\",\"breadcrumb\":{\"@id\":\"https:\\\/\\\/realtyincanada.com\\\/fr\\\/services\\\/#breadcrumb\"},\"inLanguage\":\"fr-FR\",\"potentialAction\":[{\"@type\":\"ReadAction\",\"target\":[\"https:\\\/\\\/realtyincanada.com\\\/fr\\\/services\\\/\"]}]},{\"@type\":\"ImageObject\",\"inLanguage\":\"fr-FR\",\"@id\":\"https:\\\/\\\/realtyincanada.com\\\/fr\\\/services\\\/#primaryimage\",\"url\":\"https:\\\/\\\/realtyincanada.com\\\/\\\/wp-content\\\/uploads\\\/2019\\\/09\\\/Swirl_1_.gif\",\"contentUrl\":\"https:\\\/\\\/realtyincanada.com\\\/\\\/wp-content\\\/uploads\\\/2019\\\/09\\\/Swirl_1_.gif\"},{\"@type\":\"BreadcrumbList\",\"@id\":\"https:\\\/\\\/realtyincanada.com\\\/fr\\\/services\\\/#breadcrumb\",\"itemListElement\":[{\"@type\":\"ListItem\",\"position\":1,\"name\":\"Home\",\"item\":\"https:\\\/\\\/realtyincanada.com\\\/fr\\\/\"},{\"@type\":\"ListItem\",\"position\":2,\"name\":\"Services\"}]},{\"@type\":\"WebSite\",\"@id\":\"https:\\\/\\\/realtyincanada.com\\\/#website\",\"url\":\"https:\\\/\\\/realtyincanada.com\\\/\",\"name\":\"Realty in Canada\",\"description\":\"Realty in Canada is your right choice for the best property agent in Canada. Contact us to buy, sell or rent your property.\",\"publisher\":{\"@id\":\"https:\\\/\\\/realtyincanada.com\\\/#organization\"},\"potentialAction\":[{\"@type\":\"SearchAction\",\"target\":{\"@type\":\"EntryPoint\",\"urlTemplate\":\"https:\\\/\\\/realtyincanada.com\\\/?s={search_term_string}\"},\"query-input\":{\"@type\":\"PropertyValueSpecification\",\"valueRequired\":true,\"valueName\":\"search_term_string\"}}],\"inLanguage\":\"fr-FR\"},{\"@type\":\"Organization\",\"@id\":\"https:\\\/\\\/realtyincanada.com\\\/#organization\",\"name\":\"Realty In Canada\",\"url\":\"https:\\\/\\\/realtyincanada.com\\\/\",\"logo\":{\"@type\":\"ImageObject\",\"inLanguage\":\"fr-FR\",\"@id\":\"https:\\\/\\\/realtyincanada.com\\\/#\\\/schema\\\/logo\\\/image\\\/\",\"url\":\"https:\\\/\\\/realtyincanada.com\\\/\\\/wp-content\\\/uploads\\\/2019\\\/08\\\/emdadul_hoque_final_footer_nopadding.png\",\"contentUrl\":\"https:\\\/\\\/realtyincanada.com\\\/\\\/wp-content\\\/uploads\\\/2019\\\/08\\\/emdadul_hoque_final_footer_nopadding.png\",\"width\":1490,\"height\":660,\"caption\":\"Realty In Canada\"},\"image\":{\"@id\":\"https:\\\/\\\/realtyincanada.com\\\/#\\\/schema\\\/logo\\\/image\\\/\"}}]}<\/script>\n<!-- \/ Yoast SEO plugin. -->","yoast_head_json":{"title":"Emdadul Hoque | Courtier Immobilier | AdresZ Solutions - Services","description":"Un courtier de plusieurs ann\u00e9es dans l\u2019immobilier sera sans aucun doute un atout pour la vente ou l\u2019achat. Apr\u00e8s trois ann\u00e9es d\u2019\u00e9tudes coll\u00e9giale...","robots":{"index":"index","follow":"follow","max-snippet":"max-snippet:-1","max-image-preview":"max-image-preview:large","max-video-preview":"max-video-preview:-1"},"canonical":"https:\/\/realtyincanada.com\/fr\/services\/","og_locale":"fr_FR","og_type":"article","og_title":"Emdadul Hoque | Courtier Immobilier | AdresZ Solutions - Services","og_description":"Un courtier de plusieurs ann\u00e9es dans l\u2019immobilier sera sans aucun doute un atout pour la vente ou l\u2019achat. Apr\u00e8s trois ann\u00e9es d\u2019\u00e9tudes coll\u00e9giale...","og_url":"https:\/\/realtyincanada.com\/fr\/services\/","og_site_name":"Realty in Canada","article_modified_time":"2019-09-03T14:41:23+00:00","og_image":[{"url":"https:\/\/realtyincanada.com\/\/wp-content\/uploads\/2019\/09\/Swirl_1_.gif","type":"","width":"","height":""}],"twitter_card":"summary_large_image","twitter_misc":{"Dur\u00e9e de lecture estim\u00e9e":"2 minutes"},"schema":{"@context":"https:\/\/schema.org","@graph":[{"@type":"WebPage","@id":"https:\/\/realtyincanada.com\/fr\/services\/","url":"https:\/\/realtyincanada.com\/fr\/services\/","name":"Emdadul Hoque | Courtier Immobilier | AdresZ Solutions - Services","isPartOf":{"@id":"https:\/\/realtyincanada.com\/#website"},"primaryImageOfPage":{"@id":"https:\/\/realtyincanada.com\/fr\/services\/#primaryimage"},"image":{"@id":"https:\/\/realtyincanada.com\/fr\/services\/#primaryimage"},"thumbnailUrl":"https:\/\/realtyincanada.com\/\/wp-content\/uploads\/2019\/09\/Swirl_1_.gif","datePublished":"2019-02-14T17:55:33+00:00","dateModified":"2019-09-03T14:41:23+00:00","description":"Un courtier de plusieurs ann\u00e9es dans l\u2019immobilier sera sans aucun doute un atout pour la vente ou l\u2019achat. Apr\u00e8s trois ann\u00e9es d\u2019\u00e9tudes coll\u00e9giale...","breadcrumb":{"@id":"https:\/\/realtyincanada.com\/fr\/services\/#breadcrumb"},"inLanguage":"fr-FR","potentialAction":[{"@type":"ReadAction","target":["https:\/\/realtyincanada.com\/fr\/services\/"]}]},{"@type":"ImageObject","inLanguage":"fr-FR","@id":"https:\/\/realtyincanada.com\/fr\/services\/#primaryimage","url":"https:\/\/realtyincanada.com\/\/wp-content\/uploads\/2019\/09\/Swirl_1_.gif","contentUrl":"https:\/\/realtyincanada.com\/\/wp-content\/uploads\/2019\/09\/Swirl_1_.gif"},{"@type":"BreadcrumbList","@id":"https:\/\/realtyincanada.com\/fr\/services\/#breadcrumb","itemListElement":[{"@type":"ListItem","position":1,"name":"Home","item":"https:\/\/realtyincanada.com\/fr\/"},{"@type":"ListItem","position":2,"name":"Services"}]},{"@type":"WebSite","@id":"https:\/\/realtyincanada.com\/#website","url":"https:\/\/realtyincanada.com\/","name":"Realty in Canada","description":"Realty in Canada is your right choice for the best property agent in Canada. Contact us to buy, sell or rent your property.","publisher":{"@id":"https:\/\/realtyincanada.com\/#organization"},"potentialAction":[{"@type":"SearchAction","target":{"@type":"EntryPoint","urlTemplate":"https:\/\/realtyincanada.com\/?s={search_term_string}"},"query-input":{"@type":"PropertyValueSpecification","valueRequired":true,"valueName":"search_term_string"}}],"inLanguage":"fr-FR"},{"@type":"Organization","@id":"https:\/\/realtyincanada.com\/#organization","name":"Realty In Canada","url":"https:\/\/realtyincanada.com\/","logo":{"@type":"ImageObject","inLanguage":"fr-FR","@id":"https:\/\/realtyincanada.com\/#\/schema\/logo\/image\/","url":"https:\/\/realtyincanada.com\/\/wp-content\/uploads\/2019\/08\/emdadul_hoque_final_footer_nopadding.png","contentUrl":"https:\/\/realtyincanada.com\/\/wp-content\/uploads\/2019\/08\/emdadul_hoque_final_footer_nopadding.png","width":1490,"height":660,"caption":"Realty In Canada"},"image":{"@id":"https:\/\/realtyincanada.com\/#\/schema\/logo\/image\/"}}]}},"_links":{"self":[{"href":"https:\/\/realtyincanada.com\/fr\/wp-json\/wp\/v2\/pages\/1344","targetHints":{"allow":["GET"]}}],"collection":[{"href":"https:\/\/realtyincanada.com\/fr\/wp-json\/wp\/v2\/pages"}],"about":[{"href":"https:\/\/realtyincanada.com\/fr\/wp-json\/wp\/v2\/types\/page"}],"author":[{"embeddable":true,"href":"https:\/\/realtyincanada.com\/fr\/wp-json\/wp\/v2\/users\/1"}],"replies":[{"embeddable":true,"href":"https:\/\/realtyincanada.com\/fr\/wp-json\/wp\/v2\/comments?post=1344"}],"version-history":[{"count":18,"href":"https:\/\/realtyincanada.com\/fr\/wp-json\/wp\/v2\/pages\/1344\/revisions"}],"predecessor-version":[{"id":4338,"href":"https:\/\/realtyincanada.com\/fr\/wp-json\/wp\/v2\/pages\/1344\/revisions\/4338"}],"wp:attachment":[{"href":"https:\/\/realtyincanada.com\/fr\/wp-json\/wp\/v2\/media?parent=1344"}],"curies":[{"name":"wp","href":"https:\/\/api.w.org\/{rel}","templated":true}]}}