{"id":1635,"date":"2019-03-01T20:16:50","date_gmt":"2019-03-01T20:16:50","guid":{"rendered":"https:\/\/realtyincanada.com\/?page_id=1635"},"modified":"2019-09-06T13:37:57","modified_gmt":"2019-09-06T17:37:57","slug":"hypotheque-refinancement","status":"publish","type":"page","link":"https:\/\/realtyincanada.com\/fr\/hypotheque-refinancement\/","title":{"rendered":"Hypoth\u00e8que \/ Refinancement"},"content":{"rendered":"\n<div class=\"wpcf7 no-js\" id=\"wpcf7-f1639-o1\" lang=\"en-US\" dir=\"ltr\" data-wpcf7-id=\"1639\">\n<div class=\"screen-reader-response\"><p role=\"status\" aria-live=\"polite\" aria-atomic=\"true\"><\/p> <ul><\/ul><\/div>\n<form action=\"\/fr\/wp-json\/wp\/v2\/pages\/1635#wpcf7-f1639-o1\" method=\"post\" class=\"wpcf7-form init\" aria-label=\"Contact form\" novalidate=\"novalidate\" data-status=\"init\">\n<fieldset class=\"hidden-fields-container\"><input type=\"hidden\" name=\"_wpcf7\" value=\"1639\" \/><input type=\"hidden\" name=\"_wpcf7_version\" value=\"6.1.5\" \/><input type=\"hidden\" name=\"_wpcf7_locale\" value=\"en_US\" \/><input type=\"hidden\" name=\"_wpcf7_unit_tag\" value=\"wpcf7-f1639-o1\" \/><input type=\"hidden\" name=\"_wpcf7_container_post\" value=\"0\" \/><input type=\"hidden\" name=\"_wpcf7_posted_data_hash\" value=\"\" \/><input type=\"hidden\" name=\"_wpcf7_recaptcha_response\" value=\"\" \/>\n<\/fieldset>\n<div class=\"row innerpage-forms\">\n\t<div class=\"col-lg-6 col-lg-offset-3 col-sm-6 col-sm-offset-3 col-xs-12 bg-form\">\n\t\t<div class=\"col-lg-12 col-sm-12 col-xs-12\">\n\t\t\t<h3>Hypoth\u00e8que \/ refinancement : Soyez le premier \u00e0 conna\u00eetre le taux d'int\u00e9r\u00eat % ! D\u00e9couvrez le montant d'une hypoth\u00e8que ou d'un refinancement que vous pouvez vous permettre \u00e0 un clic de distance!\n\t\t\t<\/h3>\n\t\t<\/div>\n\t\t<div class=\"col-lg-12 col-sm-12 col-xs-12\">\n\t\t\t<p><label> Nom *<\/label><br \/>\n<span class=\"wpcf7-form-control-wrap\" data-name=\"your-name\"><input size=\"40\" maxlength=\"400\" class=\"wpcf7-form-control wpcf7-text wpcf7-validates-as-required\" aria-required=\"true\" aria-invalid=\"false\" placeholder=\"Votre nom\" value=\"\" type=\"text\" name=\"your-name\" \/><\/span>\n\t\t\t<\/p>\n\t\t<\/div>\n\t\t<div class=\"col-lg-6 col-sm-6 col-xs-12\">\n\t\t\t<p><label>T\u00e9l\u00e9phone *<\/label><br \/>\n<span class=\"wpcf7-form-control-wrap\" data-name=\"your-phone\"><input size=\"40\" maxlength=\"400\" class=\"wpcf7-form-control wpcf7-text wpcf7-validates-as-required\" aria-required=\"true\" aria-invalid=\"false\" placeholder=\"Votre t\u00e9l\u00e9phone\" value=\"\" type=\"text\" name=\"your-phone\" \/><\/span>\n\t\t\t<\/p>\n\t\t<\/div>\n\t\t<div class=\"col-lg-6 col-sm-6 col-xs-12\">\n\t\t\t<p><label>Courriel*<\/label><br \/>\n<span class=\"wpcf7-form-control-wrap\" data-name=\"your-email\"><input size=\"40\" maxlength=\"400\" class=\"wpcf7-form-control wpcf7-email wpcf7-validates-as-required wpcf7-text wpcf7-validates-as-email\" aria-required=\"true\" aria-invalid=\"false\" placeholder=\"Votre Courriel\" value=\"\" type=\"email\" name=\"your-email\" \/><\/span>\n\t\t\t<\/p>\n\t\t<\/div>\n\t\t<div class=\"col-lg-12 col-sm-12 col-xs-12\">\n\t\t\t<p><label> Adresse *<\/label><br \/>\n<span class=\"wpcf7-form-control-wrap\" data-name=\"your-sector\"><input size=\"40\" maxlength=\"400\" class=\"wpcf7-form-control wpcf7-text wpcf7-validates-as-required\" aria-required=\"true\" aria-invalid=\"false\" placeholder=\"Votre adresse\" value=\"\" type=\"text\" name=\"your-sector\" \/><\/span>\n\t\t\t<\/p>\n\t\t<\/div>\n\t\t<div class=\"col-lg-6 col-sm-6 col-xs-12\">\n\t\t\t<p><label> Type d'hypoth\u00e8que *<\/label><br \/>\n<span class=\"wpcf7-form-control-wrap\" data-name=\"your-budget\"><select class=\"wpcf7-form-control wpcf7-select wpcf7-validates-as-required form-control\" aria-required=\"true\" aria-invalid=\"false\" name=\"your-budget\"><option value=\"Achat r\u00e9sidentiel\">Achat r\u00e9sidentiel<\/option><option value=\"Achat commerciale\">Achat commerciale<\/option><option value=\"Refinancer\">Refinancer<\/option><option value=\"Renouvellement\">Renouvellement<\/option><\/select><\/span>\n\t\t\t<\/p>\n\t\t<\/div>\n\t\t<div class=\"col-lg-6 col-sm-6 col-xs-12\">\n\t\t\t<p><label> Type de propri\u00e9t\u00e9 *<\/label><br \/>\n<span class=\"wpcf7-form-control-wrap\" data-name=\"your-proptype\"><select class=\"wpcf7-form-control wpcf7-select wpcf7-validates-as-required form-control\" aria-required=\"true\" aria-invalid=\"false\" name=\"your-proptype\"><option value=\"--R\u00e9sidentielle--\">--R\u00e9sidentielle--<\/option><option value=\"Maison unifamiliale\">Maison unifamiliale<\/option><option value=\"Condo\">Condo<\/option><option value=\"Loft \/ Studio\">Loft \/ Studio<\/option><option value=\"Interg\u00e9n\u00e9ration\">Interg\u00e9n\u00e9ration<\/option><option value=\"Duplex\">Duplex<\/option><option value=\"Triplex\">Triplex<\/option><option value=\"4Plex\">4Plex<\/option><option value=\"Multi-unit\u00e9s\">Multi-unit\u00e9s<\/option><option value=\"Ferme\">Ferme<\/option><option value=\"Chalet\">Chalet<\/option><option value=\"--Commerciale--\">--Commerciale--<\/option><option value=\"Agricole\">Agricole<\/option><option value=\"Immeuble de bureaux\">Immeuble de bureaux<\/option><option value=\"Commerciale\">Commerciale<\/option><option value=\"Entreprise\">Entreprise<\/option><option value=\"Industriel\">Industriel<\/option><option value=\"Multifamilial\">Multifamilial<\/option><\/select><\/span>\n\t\t\t<\/p>\n\t\t<\/div>\n\t\t<div class=\"col-xs-12\">\n\t\t\t<p><label>Notes compl\u00e9mentaires<\/label><br \/>\n<span class=\"wpcf7-form-control-wrap\" data-name=\"your-comments\"><textarea cols=\"40\" rows=\"10\" maxlength=\"2000\" class=\"wpcf7-form-control wpcf7-textarea\" aria-invalid=\"false\" placeholder=\"Autres crit\u00e8res\" name=\"your-comments\"><\/textarea><\/span>\n\t\t\t<\/p>\n\t\t<\/div>\n\t\t<div class=\"col-lg-12 col-sm-12 col-xs-12\">\n\t\t\t<p><input class=\"wpcf7-form-control wpcf7-submit has-spinner btn btn-full-width\" type=\"submit\" value=\"ENVOYER\" \/>\n\t\t\t<\/p>\n\t\t<\/div>\n\t<\/div>\n<\/div><p style=\"display: none !important;\" class=\"akismet-fields-container\" data-prefix=\"_wpcf7_ak_\"><label>&#916;<textarea name=\"_wpcf7_ak_hp_textarea\" cols=\"45\" rows=\"8\" maxlength=\"100\"><\/textarea><\/label><input type=\"hidden\" id=\"ak_js_1\" name=\"_wpcf7_ak_js\" value=\"87\"\/><script>document.getElementById( \"ak_js_1\" ).setAttribute( \"value\", ( new Date() ).getTime() );<\/script><\/p><div class=\"wpcf7-response-output\" aria-hidden=\"true\"><\/div>\n<\/form>\n<\/div>\n\n","protected":false},"excerpt":{"rendered":"","protected":false},"author":1,"featured_media":0,"parent":0,"menu_order":0,"comment_status":"closed","ping_status":"closed","template":"template-innerpage.php","meta":{"_acf_changed":false,"footnotes":""},"class_list":["post-1635","page","type-page","status-publish","hentry"],"acf":[],"yoast_head":"<!-- This site is optimized with the Yoast SEO plugin v27.4 - https:\/\/yoast.com\/product\/yoast-seo-wordpress\/ -->\n<title>Hypoth\u00e8que \/ Refinancement - Realty in Canada<\/title>\n<meta name=\"robots\" content=\"index, follow, max-snippet:-1, max-image-preview:large, max-video-preview:-1\" \/>\n<link rel=\"canonical\" href=\"https:\/\/realtyincanada.com\/mortgage-refinance\/\" \/>\n<meta property=\"og:locale\" content=\"fr_FR\" \/>\n<meta property=\"og:type\" content=\"article\" \/>\n<meta property=\"og:title\" content=\"Hypoth\u00e8que \/ Refinancement\" \/>\n<meta property=\"og:description\" content=\"Soyez le premier \u00e0 conna\u00eetre le pourcentage du taux d&#039;int\u00e9r\u00eat !\" \/>\n<meta property=\"og:url\" content=\"https:\/\/realtyincanada.com\/mortgage-refinance\/\" \/>\n<meta property=\"og:site_name\" content=\"Realty in Canada\" \/>\n<meta property=\"article:modified_time\" content=\"2019-09-06T17:37:57+00:00\" \/>\n<meta property=\"og:image\" content=\"https:\/\/realtyincanada.com\/wp-content\/uploads\/2019\/09\/Mortgage.jpg\" \/>\n\t<meta property=\"og:image:width\" content=\"706\" \/>\n\t<meta property=\"og:image:height\" content=\"528\" \/>\n\t<meta property=\"og:image:type\" content=\"image\/jpeg\" \/>\n<meta name=\"twitter:card\" content=\"summary_large_image\" \/>\n<meta name=\"twitter:title\" content=\"Hypoth\u00e8que \/ Refinancement\" \/>\n<meta name=\"twitter:description\" content=\"Soyez le premier \u00e0 conna\u00eetre le pourcentage du taux d&#039;int\u00e9r\u00eat !\" \/>\n<meta name=\"twitter:image\" content=\"https:\/\/realtyincanada.com\/wp-content\/uploads\/2019\/09\/Mortgage.jpg\" \/>\n<script type=\"application\/ld+json\" class=\"yoast-schema-graph\">{\"@context\":\"https:\\\/\\\/schema.org\",\"@graph\":[{\"@type\":\"WebPage\",\"@id\":\"https:\\\/\\\/realtyincanada.com\\\/mortgage-refinance\\\/\",\"url\":\"https:\\\/\\\/realtyincanada.com\\\/mortgage-refinance\\\/\",\"name\":\"Hypoth\u00e8que \\\/ Refinancement - Realty in Canada\",\"isPartOf\":{\"@id\":\"https:\\\/\\\/realtyincanada.com\\\/#website\"},\"datePublished\":\"2019-03-01T20:16:50+00:00\",\"dateModified\":\"2019-09-06T17:37:57+00:00\",\"breadcrumb\":{\"@id\":\"https:\\\/\\\/realtyincanada.com\\\/mortgage-refinance\\\/#breadcrumb\"},\"inLanguage\":\"fr-FR\",\"potentialAction\":[{\"@type\":\"ReadAction\",\"target\":[\"https:\\\/\\\/realtyincanada.com\\\/mortgage-refinance\\\/\"]}]},{\"@type\":\"BreadcrumbList\",\"@id\":\"https:\\\/\\\/realtyincanada.com\\\/mortgage-refinance\\\/#breadcrumb\",\"itemListElement\":[{\"@type\":\"ListItem\",\"position\":1,\"name\":\"Home\",\"item\":\"https:\\\/\\\/realtyincanada.com\\\/fr\\\/\"},{\"@type\":\"ListItem\",\"position\":2,\"name\":\"Hypoth\u00e8que \\\/ Refinancement\"}]},{\"@type\":\"WebSite\",\"@id\":\"https:\\\/\\\/realtyincanada.com\\\/#website\",\"url\":\"https:\\\/\\\/realtyincanada.com\\\/\",\"name\":\"Realty in Canada\",\"description\":\"Realty in Canada is your right choice for the best property agent in Canada. Contact us to buy, sell or rent your property.\",\"publisher\":{\"@id\":\"https:\\\/\\\/realtyincanada.com\\\/#organization\"},\"potentialAction\":[{\"@type\":\"SearchAction\",\"target\":{\"@type\":\"EntryPoint\",\"urlTemplate\":\"https:\\\/\\\/realtyincanada.com\\\/?s={search_term_string}\"},\"query-input\":{\"@type\":\"PropertyValueSpecification\",\"valueRequired\":true,\"valueName\":\"search_term_string\"}}],\"inLanguage\":\"fr-FR\"},{\"@type\":\"Organization\",\"@id\":\"https:\\\/\\\/realtyincanada.com\\\/#organization\",\"name\":\"Realty In Canada\",\"url\":\"https:\\\/\\\/realtyincanada.com\\\/\",\"logo\":{\"@type\":\"ImageObject\",\"inLanguage\":\"fr-FR\",\"@id\":\"https:\\\/\\\/realtyincanada.com\\\/#\\\/schema\\\/logo\\\/image\\\/\",\"url\":\"https:\\\/\\\/realtyincanada.com\\\/\\\/wp-content\\\/uploads\\\/2019\\\/08\\\/emdadul_hoque_final_footer_nopadding.png\",\"contentUrl\":\"https:\\\/\\\/realtyincanada.com\\\/\\\/wp-content\\\/uploads\\\/2019\\\/08\\\/emdadul_hoque_final_footer_nopadding.png\",\"width\":1490,\"height\":660,\"caption\":\"Realty In Canada\"},\"image\":{\"@id\":\"https:\\\/\\\/realtyincanada.com\\\/#\\\/schema\\\/logo\\\/image\\\/\"}}]}<\/script>\n<!-- \/ Yoast SEO plugin. -->","yoast_head_json":{"title":"Hypoth\u00e8que \/ Refinancement - Realty in Canada","robots":{"index":"index","follow":"follow","max-snippet":"max-snippet:-1","max-image-preview":"max-image-preview:large","max-video-preview":"max-video-preview:-1"},"canonical":"https:\/\/realtyincanada.com\/mortgage-refinance\/","og_locale":"fr_FR","og_type":"article","og_title":"Hypoth\u00e8que \/ Refinancement","og_description":"Soyez le premier \u00e0 conna\u00eetre le pourcentage du taux d'int\u00e9r\u00eat !","og_url":"https:\/\/realtyincanada.com\/mortgage-refinance\/","og_site_name":"Realty in Canada","article_modified_time":"2019-09-06T17:37:57+00:00","og_image":[{"width":706,"height":528,"url":"https:\/\/realtyincanada.com\/wp-content\/uploads\/2019\/09\/Mortgage.jpg","type":"image\/jpeg"}],"twitter_card":"summary_large_image","twitter_title":"Hypoth\u00e8que \/ Refinancement","twitter_description":"Soyez le premier \u00e0 conna\u00eetre le pourcentage du taux d'int\u00e9r\u00eat !","twitter_image":"https:\/\/realtyincanada.com\/wp-content\/uploads\/2019\/09\/Mortgage.jpg","schema":{"@context":"https:\/\/schema.org","@graph":[{"@type":"WebPage","@id":"https:\/\/realtyincanada.com\/mortgage-refinance\/","url":"https:\/\/realtyincanada.com\/mortgage-refinance\/","name":"Hypoth\u00e8que \/ Refinancement - Realty in Canada","isPartOf":{"@id":"https:\/\/realtyincanada.com\/#website"},"datePublished":"2019-03-01T20:16:50+00:00","dateModified":"2019-09-06T17:37:57+00:00","breadcrumb":{"@id":"https:\/\/realtyincanada.com\/mortgage-refinance\/#breadcrumb"},"inLanguage":"fr-FR","potentialAction":[{"@type":"ReadAction","target":["https:\/\/realtyincanada.com\/mortgage-refinance\/"]}]},{"@type":"BreadcrumbList","@id":"https:\/\/realtyincanada.com\/mortgage-refinance\/#breadcrumb","itemListElement":[{"@type":"ListItem","position":1,"name":"Home","item":"https:\/\/realtyincanada.com\/fr\/"},{"@type":"ListItem","position":2,"name":"Hypoth\u00e8que \/ Refinancement"}]},{"@type":"WebSite","@id":"https:\/\/realtyincanada.com\/#website","url":"https:\/\/realtyincanada.com\/","name":"Realty in Canada","description":"Realty in Canada is your right choice for the best property agent in Canada. Contact us to buy, sell or rent your property.","publisher":{"@id":"https:\/\/realtyincanada.com\/#organization"},"potentialAction":[{"@type":"SearchAction","target":{"@type":"EntryPoint","urlTemplate":"https:\/\/realtyincanada.com\/?s={search_term_string}"},"query-input":{"@type":"PropertyValueSpecification","valueRequired":true,"valueName":"search_term_string"}}],"inLanguage":"fr-FR"},{"@type":"Organization","@id":"https:\/\/realtyincanada.com\/#organization","name":"Realty In Canada","url":"https:\/\/realtyincanada.com\/","logo":{"@type":"ImageObject","inLanguage":"fr-FR","@id":"https:\/\/realtyincanada.com\/#\/schema\/logo\/image\/","url":"https:\/\/realtyincanada.com\/\/wp-content\/uploads\/2019\/08\/emdadul_hoque_final_footer_nopadding.png","contentUrl":"https:\/\/realtyincanada.com\/\/wp-content\/uploads\/2019\/08\/emdadul_hoque_final_footer_nopadding.png","width":1490,"height":660,"caption":"Realty In Canada"},"image":{"@id":"https:\/\/realtyincanada.com\/#\/schema\/logo\/image\/"}}]}},"_links":{"self":[{"href":"https:\/\/realtyincanada.com\/fr\/wp-json\/wp\/v2\/pages\/1635","targetHints":{"allow":["GET"]}}],"collection":[{"href":"https:\/\/realtyincanada.com\/fr\/wp-json\/wp\/v2\/pages"}],"about":[{"href":"https:\/\/realtyincanada.com\/fr\/wp-json\/wp\/v2\/types\/page"}],"author":[{"embeddable":true,"href":"https:\/\/realtyincanada.com\/fr\/wp-json\/wp\/v2\/users\/1"}],"replies":[{"embeddable":true,"href":"https:\/\/realtyincanada.com\/fr\/wp-json\/wp\/v2\/comments?post=1635"}],"version-history":[{"count":6,"href":"https:\/\/realtyincanada.com\/fr\/wp-json\/wp\/v2\/pages\/1635\/revisions"}],"predecessor-version":[{"id":4416,"href":"https:\/\/realtyincanada.com\/fr\/wp-json\/wp\/v2\/pages\/1635\/revisions\/4416"}],"wp:attachment":[{"href":"https:\/\/realtyincanada.com\/fr\/wp-json\/wp\/v2\/media?parent=1635"}],"curies":[{"name":"wp","href":"https:\/\/api.w.org\/{rel}","templated":true}]}}