{"id":1651,"date":"2019-03-01T21:50:08","date_gmt":"2019-03-02T01:50:08","guid":{"rendered":"https:\/\/realtyincanada.com\/?page_id=1651"},"modified":"2023-05-12T15:40:45","modified_gmt":"2023-05-12T19:40:45","slug":"commerciales","status":"publish","type":"page","link":"https:\/\/realtyincanada.com\/fr\/services\/commerciales\/","title":{"rendered":"Commerciales"},"content":{"rendered":"\n<h3 class=\"black wp-block-heading\"><strong>SERVICES IMMOBILIERS COMMERCIAUX DANS LE GRAND MONTR\u00c9AL, CANADA!<\/strong><\/h3>\n\n\n\n<p>Vous recherchez un bien immobilier commercial ou\nune entreprise dans la r\u00e9gion de Montr\u00e9al? Alors vous \u00eates au bon endroit\npuisque nous offrons des services immobiliers commerciaux dans la grande r\u00e9gion\nde Montr\u00e9al, et les r\u00e9gions environnantes, et aidons les propri\u00e9taires, les\ninvestisseurs et les occupants sur tous les aspects concernant leurs besoins\nimmobiliers.<\/p>\n\n\n\n<figure class=\"wp-block-image is-resized\"><img fetchpriority=\"high\" decoding=\"async\" src=\"https:\/\/realtyincanada.com\/\/wp-content\/uploads\/2019\/08\/Property-managemet-1.jpg\" alt=\"\" class=\"wp-image-2965\" width=\"880\" height=\"476\" srcset=\"https:\/\/realtyincanada.com\/wp-content\/uploads\/2019\/08\/Property-managemet-1.jpg 622w, https:\/\/realtyincanada.com\/wp-content\/uploads\/2019\/08\/Property-managemet-1-300x163.jpg 300w\" sizes=\"(max-width: 880px) 100vw, 880px\" \/><\/figure>\n\n\n\n<p>Si vous avez r\u00e9cemment immigr\u00e9 au Canada, nous pouvons vous aider \u00e0 trouver une maison, une entreprise ou une hypoth\u00e8que. En fait :<\/p>\n\n\n\n<ul class=\"wp-block-list\"><li><strong>Au Canada, il est plus facile pour les nouveaux immigrants      d\u2019obtenir une hypoth\u00e8que que pour ceux qui sont \u00e9tablis ici.<\/strong><\/li><\/ul>\n\n\n\n<p>Je peux vous offrir une \u00e9valuation gratuite de votre maison et de votre entreprise. Nous pouvons vous aider \u00e0 \u00e9conomiser des milliers de dollars en veillant \u00e0 ce que vous obteniez la meilleure offre.<\/p>\n\n\n\n<p>En tant qu\u2019agents commerciaux professionnels, nous avons une excellente connaissance \u00a0communaut\u00e9s et de l\u2019industrie. Que vous soyez locateur, investisseur, occupant ou promoteur, lorsque vous nous choisissez, vous b\u00e9n\u00e9ficiez d\u2019un \u00abguichet unique\u00bb pour tous vos besoins immobiliers. Vous pouvez passer de la recherche et de la s\u00e9lection de propri\u00e9t\u00e9s \u00e0 la gestion de projets et d\u2019installations, et enfin \u00e0 l\u2019\u00e9valuation. Nous fournissons un ensemble complet de services immobiliers commerciaux pour r\u00e9pondre \u00e0 vos besoins les plus complexes.<\/p>\n\n\n\n<p><strong>Qu&rsquo;est-ce que le rendement locatif ?<\/strong><\/p>\n\n\n\n<p>Le rendement locatif est d\u00e9fini comme le taux ou le pourcentage de rendement de l&rsquo;immeuble de placement locatif. Un investisseur est susceptible de r\u00e9aliser sur une propri\u00e9t\u00e9 par le biais du loyer. Il s&rsquo;agit d&rsquo;un pourcentage, calcul\u00e9 en divisant le revenu annuel de location d&rsquo;un bien immobilier par le montant total qui a \u00e9t\u00e9 investi dans ce bien. Les courtiers et vendeurs immobiliers calculent souvent le rendement avant de mettre la propri\u00e9t\u00e9 en vente sur le march\u00e9.<\/p>\n\n\n\n<p><strong>Il y a deux fa\u00e7ons d&rsquo;examiner le rendement locatif :<\/strong> Rendement locatif brut et Rendement locatif net.<\/p>\n\n\n\n<ul class=\"wp-block-list\"><li><strong>Rendement brut = (revenu locatif annuel\/valeur de la propri\u00e9t\u00e9) X 100<\/strong><\/li><li><strong>Rendement locatif net = [(Revenus locatifs annuels &#8211; Charges annuelles) \/ Co\u00fbt total du bien] X 100<\/strong><\/li><\/ul>\n\n\n\n<p><strong>Rendement locatif : Exemple de calcul :<\/strong> Donc, \u00e0 titre d&rsquo;exemple de rendement th\u00e9orique :<\/p>\n\n\n\n<p><strong>Rendement brut : <\/strong>Supposons que la propri\u00e9t\u00e9 a \u00e9t\u00e9 achet\u00e9e pour 400 000 $ et qu&rsquo;il a fallu d\u00e9penser 50 000 $ de plus pour des r\u00e9novations.<\/p>\n\n\n\n<p>Si nous prenons une propri\u00e9t\u00e9 achet\u00e9e pour la louer et que nous gagnons un revenu locatif annuel de 3 000 $ par mois, cela donnera un revenu locatif annuel de (3 000 $ X 12) = 36 000 $.<\/p>\n\n\n\n<p><strong>Dans cet exemple, le calcul du rendement locatif ressemblerait \u00e0 ceci :<\/strong><\/p>\n\n\n\n<p>[<strong>$36,000 \u00f7 ($400,000 + $50,000) $450,000 ] X 100 = 8 %<\/strong><\/p>\n\n\n\n<p>Le rendement locatif, dans ce cas, serait de 8 %.<\/p>\n\n\n\n<p><strong>Rendement locatif net = [(Revenus locatifs annuels &#8211; Charges annuelles) \/ Co\u00fbt total du bien] x 100<\/strong><br> <strong>Rendement locatif net :<\/strong> Encore une fois, pour un bien de 450 000 $ dont le revenu de location annuel est de 36 000 $ et les d\u00e9penses annuelles de 8,000 $, le rendement locatif net serait de 6,2 pour cent.<\/p>\n\n\n\n<p><strong>[($36,000 \u2013 8,000) = $28,000 \u00f7 ($400,000 + $50,000) = 450,000] X 100 = 6.2 %<\/strong><\/p>\n\n\n\n<p><strong>Qu&rsquo;est-ce qu&rsquo;un bon rendement locatif ?<\/strong><br>D&rsquo;apr\u00e8s notre exp\u00e9rience, <strong>un bon rendement locatif pour une propri\u00e9t\u00e9 \u00e0 louer est de 8% ou plus.<\/strong> N&rsquo;importe quoi en dessous de cela et il n&rsquo;y a peut-\u00eatre pas assez de liquidit\u00e9s dans la propri\u00e9t\u00e9 pour couvrir les frais d&rsquo;exploitation, les paiements hypoth\u00e9caires et les probl\u00e8mes impr\u00e9vus et co\u00fbteux qui surviennent parfois lorsque vous investissez dans une propri\u00e9t\u00e9.<\/p>\n\n\n\n<p>En plus de notre exp\u00e9rience en ce qui concerne la\nvente et la location d\u2019immeubles commerciaux, nous sommes \u00e9galement sp\u00e9cialis\u00e9s\ndans les bureaux, la vente au d\u00e9tail, l\u2019industrie, les terrains et les\ninvestissements. Notre service est compl\u00e9t\u00e9 par la capacit\u00e9 de fournir des\nr\u00e9sultats de recherche, des relations et une expertise de qualit\u00e9 sup\u00e9rieure \u00e0\nnos clients.<\/p>\n\n\n\n<p>Nous pouvons d\u00e9nicher pour vous des entreprises,\ndes propri\u00e9t\u00e9s multifamiliales, des terrains, des propri\u00e9t\u00e9s agricoles, des\nespaces de bureaux, des locaux de vente au d\u00e9tail ainsi que des opportunit\u00e9s\nd\u2019investissements dans l\u2019h\u00f4tellerie et dans l\u2019industrie \u2013 partout au Canada.<\/p>\n\n\n\n<p>Que vous recherchiez un nouvel espace pour votre\nentreprise, un pr\u00eat-\u00e0-vendre ou \u00e0 louer votre bien commercial, nous pouvons le\nfaire pour vous. Notre \u00e9quipe de l\u2019immobilier commercial vous fournira\nl\u2019ensemble complet des services n\u00e9cessaires \u00e0 toutes les transactions,\ncommerciales et industrielles, de vente ou de location.<\/p>\n\n\n\n<p>Aucun projet n\u2019est trop grand ou trop petit. Nous\nfournissons des analyses de qualit\u00e9 et des conseils en transaction dans les\ndomaines de services suivants:<\/p>\n\n\n\n<ul class=\"wp-block-list\"><li><strong>Vente et location commerciale<\/strong><\/li><li><strong>Vente d&rsquo;investissement<\/strong><strong><\/strong><\/li><li><strong>Vente et location industrielle<\/strong><strong><\/strong><\/li><li><strong>D\u00e9veloppement de terrains et de projets<\/strong><strong><\/strong><\/li><\/ul>\n\n\n\n<p><strong>Propri\u00e9t\u00e9\ncommerciale:<\/strong> Immeuble d&rsquo;appartements multiplex \/ unit\u00e9s\nmultifamiliales, Centre commercial, Propri\u00e9t\u00e9 d\u2019investissement, Terrain, etc.<\/p>\n\n\n\n<p><strong>Propri\u00e9t\u00e9\nde la forclusion bancaire:<\/strong> Reprise\npar la banque\/ Propri\u00e9t\u00e9 de la forclusion.<\/p>\n\n\n\n<p><strong>Entreprise:<\/strong> Station d&rsquo;essence (Esso, Shell, Ultramar, etc.), Motel, D\u00e9panneur, Restaurant,\nResto-bar, Caf\u00e9, \u00c9picerie, Magasin, Dollarama, Boutique, Salon de coiffure,\netc.<\/p>\n\n\n\n<p><strong>Propri\u00e9t\u00e9\nagricole:<\/strong> Terres agricoles, Ferme agricole et Propri\u00e9t\u00e9\nagricole.<\/p>\n\n\n\n<p>Il est toujours pr\u00e9f\u00e9rable de travailler avec un\nagent immobilier commercial local pour faciliter le processus. Nous pouvons\nvous aider \u00e0 gagner du temps en vous aidant \u00e0 comprendre, et \u00e0 d\u00e9chiffrer, les\ndocuments impliqu\u00e9es dans des transactions, telles que l\u2019achat d\u2019une nouvelle\npropri\u00e9t\u00e9. Avec un agent immobilier commercial, vous avez un partenaire commercial\ndont le principal objectif est de vous aider \u00e0 trouver un bon espace pour vous\net pour votre entreprise, au meilleur prix possible.<\/p>\n\n\n\n<p><strong>\u00c9valuations de propri\u00e9t\u00e9s commerciales et industrielles<\/strong><\/p>\n\n\n\n<p>Nous fournissons gratuitement des expertises\nimmobili\u00e8res commerciales et industrielles tant pour le b\u00e2timent que pour le\nterrain. Veuillez compl\u00e9ter les informations suivantes et nous vous\ncontacterons dans les plus brefs d\u00e9lais.<\/p>\n\n\n\n<div class=\"wpcf7 no-js\" id=\"wpcf7-f3041-o1\" lang=\"en-US\" dir=\"ltr\" data-wpcf7-id=\"3041\">\n<div class=\"screen-reader-response\"><p role=\"status\" aria-live=\"polite\" aria-atomic=\"true\"><\/p> <ul><\/ul><\/div>\n<form action=\"\/fr\/wp-json\/wp\/v2\/pages\/1651#wpcf7-f3041-o1\" method=\"post\" class=\"wpcf7-form init\" aria-label=\"Contact form\" novalidate=\"novalidate\" data-status=\"init\">\n<fieldset class=\"hidden-fields-container\"><input type=\"hidden\" name=\"_wpcf7\" value=\"3041\" \/><input type=\"hidden\" name=\"_wpcf7_version\" value=\"6.1.5\" \/><input type=\"hidden\" name=\"_wpcf7_locale\" value=\"en_US\" \/><input type=\"hidden\" name=\"_wpcf7_unit_tag\" value=\"wpcf7-f3041-o1\" \/><input type=\"hidden\" name=\"_wpcf7_container_post\" value=\"0\" \/><input type=\"hidden\" name=\"_wpcf7_posted_data_hash\" value=\"\" \/><input type=\"hidden\" name=\"_wpcf7_recaptcha_response\" value=\"\" \/>\n<\/fieldset>\n<div class=\"row evalutaion-form-cf7\">\n\t<div class=\"col-md-6 col-xs-12\">\n\t\t<h3 class=\"form-section-title\">Informations G\u00e9n\u00e9rales\n\t\t<\/h3>\n\t\t<p><span class=\"wpcf7-form-control-wrap\" data-name=\"nom\"><input size=\"40\" maxlength=\"400\" class=\"wpcf7-form-control wpcf7-text wpcf7-validates-as-required\" aria-required=\"true\" aria-invalid=\"false\" placeholder=\"Nom\" value=\"\" type=\"text\" name=\"nom\" \/><\/span><br \/>\n<span class=\"wpcf7-form-control-wrap\" data-name=\"company\"><input size=\"40\" maxlength=\"400\" class=\"wpcf7-form-control wpcf7-text\" aria-invalid=\"false\" placeholder=\"Nom de compagnie\" value=\"\" type=\"text\" name=\"company\" \/><\/span><br \/>\n<span class=\"wpcf7-form-control-wrap\" data-name=\"email\"><input size=\"40\" maxlength=\"400\" class=\"wpcf7-form-control wpcf7-email wpcf7-validates-as-required wpcf7-text wpcf7-validates-as-email\" aria-required=\"true\" aria-invalid=\"false\" placeholder=\"Courriel\" value=\"\" type=\"email\" name=\"email\" \/><\/span><br \/>\n<span class=\"wpcf7-form-control-wrap\" data-name=\"phone\"><input size=\"40\" maxlength=\"400\" class=\"wpcf7-form-control wpcf7-tel wpcf7-validates-as-required wpcf7-text wpcf7-validates-as-tel\" aria-required=\"true\" aria-invalid=\"false\" placeholder=\"T\u00e9l\u00e9phone\" value=\"\" type=\"tel\" name=\"phone\" \/><\/span><br \/>\n<span class=\"wpcf7-form-control-wrap\" data-name=\"address\"><input size=\"40\" maxlength=\"400\" class=\"wpcf7-form-control wpcf7-text wpcf7-validates-as-required\" aria-required=\"true\" aria-invalid=\"false\" placeholder=\"Adresse\" value=\"\" type=\"text\" name=\"address\" \/><\/span><br \/>\n<span class=\"wpcf7-form-control-wrap\" data-name=\"city\"><input size=\"40\" maxlength=\"400\" class=\"wpcf7-form-control wpcf7-text wpcf7-validates-as-required\" aria-required=\"true\" aria-invalid=\"false\" placeholder=\"Ville\" value=\"\" type=\"text\" name=\"city\" \/><\/span><br \/>\n<span class=\"wpcf7-form-control-wrap\" data-name=\"postal\"><input size=\"40\" maxlength=\"400\" class=\"wpcf7-form-control wpcf7-text wpcf7-validates-as-required\" aria-required=\"true\" aria-invalid=\"false\" placeholder=\"Code Postal\" value=\"\" type=\"text\" name=\"postal\" \/><\/span><br \/>\n<label for=\"property-type-desktop\"><\/label>\n\t\t<\/p>\n\t<\/div>\n\t<div class=\"col-md-6 col-xs-12\">\n\t<hr class=\"hidden-md-up\" \/>\n\t\t<h3 class=\"form-section-title\">D\u00e9tails De La Propri\u00e9t\u00e9\n\t\t<\/h3>\n\t\t<p><span class=\"wpcf7-form-control-wrap\" data-name=\"property-type-desktop\"><select class=\"wpcf7-form-control wpcf7-select wpcf7-validates-as-required\" aria-required=\"true\" aria-invalid=\"false\" name=\"property-type-desktop\"><option value=\"\">Type de la propri\u00e9t\u00e9<\/option><option value=\"Appartement\">Appartement<\/option><option value=\"B\u00e2timent et vente d\u2019entreprise\">B\u00e2timent et vente d\u2019entreprise<\/option><option value=\"Bungalow\">Bungalow<\/option><option value=\"Chalet\">Chalet<\/option><option value=\"B\u00e2timent commercial et terrain\">B\u00e2timent commercial et terrain<\/option><option value=\"B\u00e2timent commercial \/ bureau\">B\u00e2timent commercial \/ bureau<\/option><option value=\"Espace de location commercial \/ bureau\">Espace de location commercial \/ bureau<\/option><option value=\"Garderie\">Garderie<\/option><option value=\"Duplex\">Duplex<\/option><option value=\"Ferme\">Ferme<\/option><option value=\"Ferme de loisirs\">Ferme de loisirs<\/option><option value=\"B\u00e2timent industriel\">B\u00e2timent industriel<\/option><option value=\"B\u00e2timent industriel et terrain\">B\u00e2timent industriel et terrain<\/option><option value=\"Condo Industriel\">Condo Industriel<\/option><option value=\"Location d\u2019espaces industriels\">Location d\u2019espaces industriels<\/option><option value=\"Loft \/ Studio\">Loft \/ Studio<\/option><option value=\"Maison mobile\">Maison mobile<\/option><option value=\"Maison d\u2019un \u00e9tage et demi\">Maison d\u2019un \u00e9tage et demi<\/option><option value=\"Quadruplex\">Quadruplex<\/option><option value=\"Quintuplex\">Quintuplex<\/option><option value=\"\u00c0 deux niveaux\">\u00c0 deux niveaux<\/option><option value=\"Triplex\">Triplex<\/option><option value=\"Maison \u00e0 \u00e9tages\">Maison \u00e0 \u00e9tages<\/option><option value=\"Terrain vacant\">Terrain vacant<\/option><option value=\"Terre \u00e0 Bois\">Terre \u00e0 Bois<\/option><\/select><\/span><br \/>\n<span class=\"wpcf7-form-control-wrap\" data-name=\"bedrooms\"><input class=\"wpcf7-form-control wpcf7-number wpcf7-validates-as-required wpcf7-validates-as-number\" min=\"1\" max=\"25\" aria-required=\"true\" aria-invalid=\"false\" placeholder=\"Chambres\" value=\"\" type=\"number\" name=\"bedrooms\" \/><\/span><br \/>\n<span class=\"wpcf7-form-control-wrap\" data-name=\"bathrooms\"><input class=\"wpcf7-form-control wpcf7-number wpcf7-validates-as-required wpcf7-validates-as-number\" min=\"1\" max=\"25\" aria-required=\"true\" aria-invalid=\"false\" placeholder=\"Salles de bains\" value=\"\" type=\"number\" name=\"bathrooms\" \/><\/span><br \/>\n<span class=\"wpcf7-form-control-wrap\" data-name=\"size\"><input class=\"wpcf7-form-control wpcf7-number wpcf7-validates-as-required wpcf7-validates-as-number\" min=\"100\" max=\"10000\" aria-required=\"true\" aria-invalid=\"false\" placeholder=\"Taille (pi ca)\" value=\"\" type=\"number\" name=\"size\" \/><\/span><br \/>\n<span class=\"wpcf7-form-control-wrap\" data-name=\"features\"><textarea cols=\"40\" rows=\"10\" maxlength=\"2000\" class=\"wpcf7-form-control wpcf7-textarea wpcf7-validates-as-required\" aria-required=\"true\" aria-invalid=\"false\" placeholder=\"Caract\u00e9ristiques \/ Commentaires\" name=\"features\"><\/textarea><\/span>\n\t\t<\/p>\n\t<\/div>\n\t<div class=\"col-xs-12\">\n\t\t<p><button type=\"submit\" style=\"margin: -32px auto; width: 140px;\" class=\"cta-blog\">Envoyer<\/button>\n\t\t<\/p>\n\t<\/div>\n<\/div><p style=\"display: none !important;\" class=\"akismet-fields-container\" data-prefix=\"_wpcf7_ak_\"><label>&#916;<textarea name=\"_wpcf7_ak_hp_textarea\" cols=\"45\" rows=\"8\" maxlength=\"100\"><\/textarea><\/label><input type=\"hidden\" id=\"ak_js_1\" name=\"_wpcf7_ak_js\" value=\"158\"\/><script>document.getElementById( \"ak_js_1\" ).setAttribute( \"value\", ( new Date() ).getTime() );<\/script><\/p><div class=\"wpcf7-response-output\" aria-hidden=\"true\"><\/div>\n<\/form>\n<\/div>\n\n\n\n\n<p><\/p>\n\n\n\n<p>?Appelez  d\u00e8s aujourd&rsquo;hui au  \u260e  <strong>514-654-8890<\/strong> ou envoyez un courriel \u00e0:  <strong><a href=\"mailto:info@realtyincanada.com\">info@realtyincanada.com<\/a><\/strong> pour tous vos besoins immobiliers.<\/p>\n","protected":false},"excerpt":{"rendered":"<p>SERVICES IMMOBILIERS COMMERCIAUX DANS LE GRAND MONTR\u00c9AL, CANADA! Vous recherchez un bien immobilier commercial ou une entreprise dans la r\u00e9gion de Montr\u00e9al? Alors vous \u00eates au bon endroit puisque nous offrons des services immobiliers commerciaux dans la grande r\u00e9gion de Montr\u00e9al, et les r\u00e9gions environnantes, et aidons les propri\u00e9taires, les [&hellip;]<\/p>\n","protected":false},"author":1,"featured_media":0,"parent":1344,"menu_order":0,"comment_status":"closed","ping_status":"closed","template":"","meta":{"_acf_changed":false,"footnotes":""},"class_list":["post-1651","page","type-page","status-publish","hentry"],"acf":[],"yoast_head":"<!-- This site is optimized with the Yoast SEO plugin v27.4 - https:\/\/yoast.com\/product\/yoast-seo-wordpress\/ -->\n<title>Commerciales - Realty in Canada<\/title>\n<meta name=\"robots\" content=\"index, follow, max-snippet:-1, max-image-preview:large, max-video-preview:-1\" \/>\n<link rel=\"canonical\" href=\"https:\/\/realtyincanada.com\/services\/commercials\/\" \/>\n<meta property=\"og:locale\" content=\"fr_FR\" \/>\n<meta property=\"og:type\" content=\"article\" \/>\n<meta property=\"og:title\" content=\"Commerciales - Realty in Canada\" \/>\n<meta property=\"og:description\" content=\"SERVICES IMMOBILIERS COMMERCIAUX DANS LE GRAND MONTR\u00c9AL, CANADA! Vous recherchez un bien immobilier commercial ou une entreprise dans la r\u00e9gion de Montr\u00e9al? Alors vous \u00eates au bon endroit puisque nous offrons des services immobiliers commerciaux dans la grande r\u00e9gion de Montr\u00e9al, et les r\u00e9gions environnantes, et aidons les propri\u00e9taires, les [&hellip;]\" \/>\n<meta property=\"og:url\" content=\"https:\/\/realtyincanada.com\/services\/commercials\/\" \/>\n<meta property=\"og:site_name\" content=\"Realty in Canada\" \/>\n<meta property=\"article:modified_time\" content=\"2023-05-12T19:40:45+00:00\" \/>\n<meta property=\"og:image\" content=\"https:\/\/realtyincanada.com\/\/wp-content\/uploads\/2019\/08\/Property-managemet-1.jpg\" \/>\n<meta name=\"twitter:card\" content=\"summary_large_image\" \/>\n<meta name=\"twitter:label1\" content=\"Dur\u00e9e de lecture estim\u00e9e\" \/>\n\t<meta name=\"twitter:data1\" content=\"5 minutes\" \/>\n<script type=\"application\/ld+json\" class=\"yoast-schema-graph\">{\"@context\":\"https:\\\/\\\/schema.org\",\"@graph\":[{\"@type\":\"WebPage\",\"@id\":\"https:\\\/\\\/realtyincanada.com\\\/services\\\/commercials\\\/\",\"url\":\"https:\\\/\\\/realtyincanada.com\\\/services\\\/commercials\\\/\",\"name\":\"Commerciales - Realty in Canada\",\"isPartOf\":{\"@id\":\"https:\\\/\\\/realtyincanada.com\\\/#website\"},\"primaryImageOfPage\":{\"@id\":\"https:\\\/\\\/realtyincanada.com\\\/services\\\/commercials\\\/#primaryimage\"},\"image\":{\"@id\":\"https:\\\/\\\/realtyincanada.com\\\/services\\\/commercials\\\/#primaryimage\"},\"thumbnailUrl\":\"https:\\\/\\\/realtyincanada.com\\\/\\\/wp-content\\\/uploads\\\/2019\\\/08\\\/Property-managemet-1.jpg\",\"datePublished\":\"2019-03-02T01:50:08+00:00\",\"dateModified\":\"2023-05-12T19:40:45+00:00\",\"breadcrumb\":{\"@id\":\"https:\\\/\\\/realtyincanada.com\\\/services\\\/commercials\\\/#breadcrumb\"},\"inLanguage\":\"fr-FR\",\"potentialAction\":[{\"@type\":\"ReadAction\",\"target\":[\"https:\\\/\\\/realtyincanada.com\\\/services\\\/commercials\\\/\"]}]},{\"@type\":\"ImageObject\",\"inLanguage\":\"fr-FR\",\"@id\":\"https:\\\/\\\/realtyincanada.com\\\/services\\\/commercials\\\/#primaryimage\",\"url\":\"https:\\\/\\\/realtyincanada.com\\\/\\\/wp-content\\\/uploads\\\/2019\\\/08\\\/Property-managemet-1.jpg\",\"contentUrl\":\"https:\\\/\\\/realtyincanada.com\\\/\\\/wp-content\\\/uploads\\\/2019\\\/08\\\/Property-managemet-1.jpg\"},{\"@type\":\"BreadcrumbList\",\"@id\":\"https:\\\/\\\/realtyincanada.com\\\/services\\\/commercials\\\/#breadcrumb\",\"itemListElement\":[{\"@type\":\"ListItem\",\"position\":1,\"name\":\"Home\",\"item\":\"https:\\\/\\\/realtyincanada.com\\\/fr\\\/\"},{\"@type\":\"ListItem\",\"position\":2,\"name\":\"Services\",\"item\":\"https:\\\/\\\/realtyincanada.com\\\/fr\\\/services\\\/\"},{\"@type\":\"ListItem\",\"position\":3,\"name\":\"Commerciales\"}]},{\"@type\":\"WebSite\",\"@id\":\"https:\\\/\\\/realtyincanada.com\\\/#website\",\"url\":\"https:\\\/\\\/realtyincanada.com\\\/\",\"name\":\"Realty in Canada\",\"description\":\"Realty in Canada is your right choice for the best property agent in Canada. Contact us to buy, sell or rent your property.\",\"publisher\":{\"@id\":\"https:\\\/\\\/realtyincanada.com\\\/#organization\"},\"potentialAction\":[{\"@type\":\"SearchAction\",\"target\":{\"@type\":\"EntryPoint\",\"urlTemplate\":\"https:\\\/\\\/realtyincanada.com\\\/?s={search_term_string}\"},\"query-input\":{\"@type\":\"PropertyValueSpecification\",\"valueRequired\":true,\"valueName\":\"search_term_string\"}}],\"inLanguage\":\"fr-FR\"},{\"@type\":\"Organization\",\"@id\":\"https:\\\/\\\/realtyincanada.com\\\/#organization\",\"name\":\"Realty In Canada\",\"url\":\"https:\\\/\\\/realtyincanada.com\\\/\",\"logo\":{\"@type\":\"ImageObject\",\"inLanguage\":\"fr-FR\",\"@id\":\"https:\\\/\\\/realtyincanada.com\\\/#\\\/schema\\\/logo\\\/image\\\/\",\"url\":\"https:\\\/\\\/realtyincanada.com\\\/\\\/wp-content\\\/uploads\\\/2019\\\/08\\\/emdadul_hoque_final_footer_nopadding.png\",\"contentUrl\":\"https:\\\/\\\/realtyincanada.com\\\/\\\/wp-content\\\/uploads\\\/2019\\\/08\\\/emdadul_hoque_final_footer_nopadding.png\",\"width\":1490,\"height\":660,\"caption\":\"Realty In Canada\"},\"image\":{\"@id\":\"https:\\\/\\\/realtyincanada.com\\\/#\\\/schema\\\/logo\\\/image\\\/\"}}]}<\/script>\n<!-- \/ Yoast SEO plugin. -->","yoast_head_json":{"title":"Commerciales - Realty in Canada","robots":{"index":"index","follow":"follow","max-snippet":"max-snippet:-1","max-image-preview":"max-image-preview:large","max-video-preview":"max-video-preview:-1"},"canonical":"https:\/\/realtyincanada.com\/services\/commercials\/","og_locale":"fr_FR","og_type":"article","og_title":"Commerciales - Realty in Canada","og_description":"SERVICES IMMOBILIERS COMMERCIAUX DANS LE GRAND MONTR\u00c9AL, CANADA! Vous recherchez un bien immobilier commercial ou une entreprise dans la r\u00e9gion de Montr\u00e9al? Alors vous \u00eates au bon endroit puisque nous offrons des services immobiliers commerciaux dans la grande r\u00e9gion de Montr\u00e9al, et les r\u00e9gions environnantes, et aidons les propri\u00e9taires, les [&hellip;]","og_url":"https:\/\/realtyincanada.com\/services\/commercials\/","og_site_name":"Realty in Canada","article_modified_time":"2023-05-12T19:40:45+00:00","og_image":[{"url":"https:\/\/realtyincanada.com\/\/wp-content\/uploads\/2019\/08\/Property-managemet-1.jpg","type":"","width":"","height":""}],"twitter_card":"summary_large_image","twitter_misc":{"Dur\u00e9e de lecture estim\u00e9e":"5 minutes"},"schema":{"@context":"https:\/\/schema.org","@graph":[{"@type":"WebPage","@id":"https:\/\/realtyincanada.com\/services\/commercials\/","url":"https:\/\/realtyincanada.com\/services\/commercials\/","name":"Commerciales - Realty in Canada","isPartOf":{"@id":"https:\/\/realtyincanada.com\/#website"},"primaryImageOfPage":{"@id":"https:\/\/realtyincanada.com\/services\/commercials\/#primaryimage"},"image":{"@id":"https:\/\/realtyincanada.com\/services\/commercials\/#primaryimage"},"thumbnailUrl":"https:\/\/realtyincanada.com\/\/wp-content\/uploads\/2019\/08\/Property-managemet-1.jpg","datePublished":"2019-03-02T01:50:08+00:00","dateModified":"2023-05-12T19:40:45+00:00","breadcrumb":{"@id":"https:\/\/realtyincanada.com\/services\/commercials\/#breadcrumb"},"inLanguage":"fr-FR","potentialAction":[{"@type":"ReadAction","target":["https:\/\/realtyincanada.com\/services\/commercials\/"]}]},{"@type":"ImageObject","inLanguage":"fr-FR","@id":"https:\/\/realtyincanada.com\/services\/commercials\/#primaryimage","url":"https:\/\/realtyincanada.com\/\/wp-content\/uploads\/2019\/08\/Property-managemet-1.jpg","contentUrl":"https:\/\/realtyincanada.com\/\/wp-content\/uploads\/2019\/08\/Property-managemet-1.jpg"},{"@type":"BreadcrumbList","@id":"https:\/\/realtyincanada.com\/services\/commercials\/#breadcrumb","itemListElement":[{"@type":"ListItem","position":1,"name":"Home","item":"https:\/\/realtyincanada.com\/fr\/"},{"@type":"ListItem","position":2,"name":"Services","item":"https:\/\/realtyincanada.com\/fr\/services\/"},{"@type":"ListItem","position":3,"name":"Commerciales"}]},{"@type":"WebSite","@id":"https:\/\/realtyincanada.com\/#website","url":"https:\/\/realtyincanada.com\/","name":"Realty in Canada","description":"Realty in Canada is your right choice for the best property agent in Canada. Contact us to buy, sell or rent your property.","publisher":{"@id":"https:\/\/realtyincanada.com\/#organization"},"potentialAction":[{"@type":"SearchAction","target":{"@type":"EntryPoint","urlTemplate":"https:\/\/realtyincanada.com\/?s={search_term_string}"},"query-input":{"@type":"PropertyValueSpecification","valueRequired":true,"valueName":"search_term_string"}}],"inLanguage":"fr-FR"},{"@type":"Organization","@id":"https:\/\/realtyincanada.com\/#organization","name":"Realty In Canada","url":"https:\/\/realtyincanada.com\/","logo":{"@type":"ImageObject","inLanguage":"fr-FR","@id":"https:\/\/realtyincanada.com\/#\/schema\/logo\/image\/","url":"https:\/\/realtyincanada.com\/\/wp-content\/uploads\/2019\/08\/emdadul_hoque_final_footer_nopadding.png","contentUrl":"https:\/\/realtyincanada.com\/\/wp-content\/uploads\/2019\/08\/emdadul_hoque_final_footer_nopadding.png","width":1490,"height":660,"caption":"Realty In Canada"},"image":{"@id":"https:\/\/realtyincanada.com\/#\/schema\/logo\/image\/"}}]}},"_links":{"self":[{"href":"https:\/\/realtyincanada.com\/fr\/wp-json\/wp\/v2\/pages\/1651","targetHints":{"allow":["GET"]}}],"collection":[{"href":"https:\/\/realtyincanada.com\/fr\/wp-json\/wp\/v2\/pages"}],"about":[{"href":"https:\/\/realtyincanada.com\/fr\/wp-json\/wp\/v2\/types\/page"}],"author":[{"embeddable":true,"href":"https:\/\/realtyincanada.com\/fr\/wp-json\/wp\/v2\/users\/1"}],"replies":[{"embeddable":true,"href":"https:\/\/realtyincanada.com\/fr\/wp-json\/wp\/v2\/comments?post=1651"}],"version-history":[{"count":33,"href":"https:\/\/realtyincanada.com\/fr\/wp-json\/wp\/v2\/pages\/1651\/revisions"}],"predecessor-version":[{"id":6323,"href":"https:\/\/realtyincanada.com\/fr\/wp-json\/wp\/v2\/pages\/1651\/revisions\/6323"}],"up":[{"embeddable":true,"href":"https:\/\/realtyincanada.com\/fr\/wp-json\/wp\/v2\/pages\/1344"}],"wp:attachment":[{"href":"https:\/\/realtyincanada.com\/fr\/wp-json\/wp\/v2\/media?parent=1651"}],"curies":[{"name":"wp","href":"https:\/\/api.w.org\/{rel}","templated":true}]}}