{"id":1659,"date":"2019-03-01T21:53:22","date_gmt":"2019-03-01T21:53:22","guid":{"rendered":"https:\/\/realtyincanada.com\/?page_id=1659"},"modified":"2024-11-26T13:02:43","modified_gmt":"2024-11-26T17:02:43","slug":"hypotheque","status":"publish","type":"page","link":"https:\/\/realtyincanada.com\/fr\/services\/hypotheque\/","title":{"rendered":"Hypoth\u00e8que"},"content":{"rendered":"\r\n<h3 class=\"black wp-block-heading\">Hypoth\u00e8que<\/h3>\r\n\r\n\r\n\r\n<p><strong>Cherchez-vous \u00e0 \u00e9conomiser davantage sur votre pr\u00eat<a href=\"https:\/\/bestmontrealmortgage.ca\/fr\/\" target=\"_blank\" rel=\"noopener\"> hypoth\u00e9caire<\/a> et votre remboursement?<\/strong><\/p>\r\n\r\n\r\n\r\n<p>En tant que courtier <a href=\"https:\/\/bestmontrealmortgage.ca\/fr\/home-purchase\/mortgage-pre-approval\/\" target=\"_blank\" rel=\"noopener\">hypoth\u00e9caire<\/a> professionnel, r\u00e9sidentiel et commercial, dans la r\u00e9gion du Grand Montr\u00e9al, de Laval, de la Rive-Sud et environs. Plus vous en saurez sur le processus de pr\u00eat hypoth\u00e9caire, mieux ce sera pour vous. En utilisant nos services, vous aurez acc\u00e8s \u00e0 une mine d&rsquo;informations sur l&rsquo;hypoth\u00e8que et de conseils utiles. En tant que <a href=\"https:\/\/bestmontrealmortgage.ca\/fr\/home-purchase\/mortgage-pre-approval\/\" target=\"_blank\" rel=\"noopener\">courtier hypoth\u00e9caire professionnel<\/a>, je peux vous aider dans votre demande de pr\u00eat et r\u00e9pondre \u00e0 toutes vos questions.<\/p>\r\n\r\n\r\n\r\n<p><strong>Plus vous \u00e9pargnez, plus vous d\u00e9veloppez d\u2019hypoth\u00e8ques et de refinancements.<\/strong><\/p>\r\n\r\n\r\n\r\n<p>Une premi\u00e8re \u00e9tape: La premi\u00e8re \u00e9tape essentielle du processus d&rsquo;achat consiste \u00e0 devenir pr\u00e9qualifi\u00e9 pour une hypoth\u00e8que ou un pr\u00eat immobilier. D\u00e9terminez exactement combien vous pouvez vous permettre pour acheter une maison en fonction de votre revenu, de votre dette et d&rsquo;autres facteurs. Cela peut \u00e9galement vous aider \u00e0 conserver un bon taux d\u2019int\u00e9r\u00eat et \u00e0 renforcer votre position de n\u00e9gociation avec le vendeur de la maison que vous choisissez.<\/p>\r\n\r\n\r\n\r\n<figure class=\"wp-block-gallery columns-2 is-cropped wp-block-gallery-1 is-layout-flex wp-block-gallery-is-layout-flex\">\r\n<ul class=\"blocks-gallery-grid\">\r\n<li class=\"blocks-gallery-item\">\r\n<figure><img fetchpriority=\"high\" decoding=\"async\" width=\"311\" height=\"197\" class=\"wp-image-2071\" src=\"https:\/\/realtyincanada.com\/\/wp-content\/uploads\/2019\/05\/mortgage.jpg\" alt=\"\" data-id=\"2071\" srcset=\"https:\/\/realtyincanada.com\/wp-content\/uploads\/2019\/05\/mortgage.jpg 311w, https:\/\/realtyincanada.com\/wp-content\/uploads\/2019\/05\/mortgage-300x190.jpg 300w\" sizes=\"(max-width: 311px) 100vw, 311px\" \/><\/figure>\r\n<\/li>\r\n<li class=\"blocks-gallery-item\">\r\n<figure><img decoding=\"async\" width=\"500\" height=\"333\" class=\"wp-image-3240\" src=\"https:\/\/realtyincanada.com\/\/wp-content\/uploads\/2019\/08\/mortg-1.jpg\" alt=\"\" data-id=\"3240\" data-link=\"https:\/\/realtyincanada.com\/\/services\/hypotheque\/mortg-1\/\" srcset=\"https:\/\/realtyincanada.com\/wp-content\/uploads\/2019\/08\/mortg-1.jpg 500w, https:\/\/realtyincanada.com\/wp-content\/uploads\/2019\/08\/mortg-1-300x200.jpg 300w\" sizes=\"(max-width: 500px) 100vw, 500px\" \/><\/figure>\r\n<\/li>\r\n<\/ul>\r\n<\/figure>\r\n\r\n\r\n\r\n<p><strong>Solutions hypoth\u00e9caires &#8211; Mauvais cr\u00e9dit, am\u00e9liorer votre cr\u00e9dit <\/strong><\/p>\r\n\r\n\r\n\r\n<p>Alors, que faites-vous si vos rapports de cr\u00e9dit vous donnent envie de vous cacher et de ne plus jamais utiliser vos cartes de cr\u00e9dit? Ne vous inqui\u00e9tez pas, vous pouvez modifier votre \u00e9valuation.<\/p>\r\n\r\n\r\n\r\n<p>Les pr\u00eateurs <a href=\"https:\/\/bestmontrealmortgage.ca\/fr\/\">hypoth\u00e9caires<\/a> se basent sur l&rsquo;\u00e2ge, le montant en dollars et l&rsquo;historique de paiement de vos diff\u00e9rentes lignes de cr\u00e9dit. Cela signifie que l&rsquo;ouverture fr\u00e9quente de comptes, l&rsquo;augmentation de votre solde, et l&rsquo;absence de paiement \u00e0 temps, peuvent avoir un impact n\u00e9gatif sur votre pointage de cr\u00e9dit. Toutefois, si vous faites un effort pour modifier l\u2019un de ces \u00e9l\u00e9ments de votre comportement en mati\u00e8re de d\u00e9penses, cela peut avoir une incidence positive sur votre pointage de cr\u00e9dit. De plus, gardez \u00e0 l\u2019esprit que le mauvais cr\u00e9dit ne signifie pas n\u00e9cessairement que vous ne pouvez pas obtenir une hypoth\u00e8que, hors cela signifie que cela co\u00fbtera plus cher.<\/p>\r\n\r\n\r\n\r\n<p>Vous pouvez am\u00e9liorer votre pointage de cr\u00e9dit de diff\u00e9rentes mani\u00e8res. Par exemple, vous pouvez rembourser vos dettes, payer vos factures \u00e0 temps et contester des erreurs qui ont possiblement \u00e9t\u00e9 commises dans votre dossier de cr\u00e9dit. Cependant, il existe aussi des moyens de nuire \u00e0 votre score. Alors, souvenez-vous :<\/p>\r\n\r\n\r\n\r\n<ul class=\"wp-block-list\">\r\n<li><strong>NE <\/strong>fermez <strong>PAS <\/strong>un compte pour le supprimer de votre rapport (cela ne fonctionne pas).<\/li>\r\n<li><strong>NE PAS <\/strong>ouvrir trop de comptes de cr\u00e9dit durant une courte dur\u00e9e de temps.<\/li>\r\n<li><strong>NE <\/strong>passez <strong>PAS<\/strong> trop de temps \u00e0 faire le tour des taux d\u2019int\u00e9r\u00eat. Les pr\u00eateurs doivent extraire votre dossier de cr\u00e9dit chaque fois que vous demandez un cr\u00e9dit. Si vous magasinez avec diff\u00e9rents pr\u00eateurs pour un taux d&rsquo;int\u00e9r\u00eat inf\u00e9rieur, il existe g\u00e9n\u00e9ralement un d\u00e9lai d&rsquo;environ 30 jours avant que votre score ne soit affect\u00e9.<\/li>\r\n<\/ul>\r\n\r\n\r\n\r\n<p><strong>Pourquoi moi?<\/strong><\/p>\r\n\r\n\r\n\r\n<p>Si vous avez de la difficult\u00e9 \u00e0 obtenir un pr\u00eat, demandez \u00e0 votre pr\u00eateur pourquoi. Il se peut que c\u2019est l&rsquo;une des raisons suivantes:<\/p>\r\n\r\n\r\n\r\n<ul class=\"wp-block-list\">\r\n<li>D\u00e9faut de payer un pr\u00eat pr\u00e9c\u00e9dent ou existant: si vous avez fait d\u00e9faut sur d&rsquo;autres pr\u00eats, c\u2019est mauvais signe pour un pr\u00eateur.<\/li>\r\n<li>Cartes de cr\u00e9dit surcharg\u00e9es: si vous omettez des paiements ou si vous d\u00e9passez votre limite, les pr\u00eateurs seront avertis.<\/li>\r\n<li>Faillite: en faillite au cours des sept derni\u00e8res ann\u00e9es? Vous pourriez avoir du mal \u00e0 obtenir un pr\u00eat.<\/li>\r\n<li>Imp\u00f4ts en retard: les pr\u00eateurs v\u00e9rifient votre historique de paiement des taxes.<\/li>\r\n<li>Agences de recouvrement: les pr\u00eateurs sauront si les agences de recouvrement vous recherchent.<\/li>\r\n<li>Jugements l\u00e9gaux: si vous avez un jugement contre vous pour une situation donn\u00e9e (par exemple, avoir des paiements pour enfant d\u00e9linquant), cela pourrait nuire \u00e0 votre cr\u00e9dit.<\/li>\r\n<li>\u00a0D\u00e9passer les limites: si vous rechercher un pr\u00eat en dehors de vos capacit\u00e9s financi\u00e8res.<\/li>\r\n<\/ul>\r\n\r\n\r\n\r\n<p><strong>Remarque:<\/strong> si vous ne remplissez pas les crit\u00e8res d\u2019\u00e9ligibilit\u00e9, vous pourrez peut-\u00eatre obtenir du financement aupr\u00e8s d\u2019autres pr\u00eateurs qui appliquent des taux d\u2019int\u00e9r\u00eat plus \u00e9lev\u00e9s.<\/p>\r\n\r\n\r\n\r\n<p><strong>CALCULATRICE HYPOTH\u00c9CAIRE ET DE MUTATION<\/strong><\/p>\r\n\r\n\r\n\r\n<p><strong>Calculatrice hypoth\u00e9caire<\/strong><\/p>\r\n\r\n\r\n\r\n<p>Cette calculatrice a \u00e9t\u00e9 mise \u00e0 votre disposition pour vous permettre de calculer le montant de la taxe de mutation du Qu\u00e9bec.<\/p>\r\n\r\n\r\n<p>[mortgage_calculator]<\/p>\n\r\n\r\n\r\n<p><strong>Le succ\u00e8s de votre entreprise\/business est important pour moi.<\/strong><\/p>\r\n\r\n\r\n\r\n<p>En tant que <a href=\"https:\/\/bestmontrealmortgage.ca\/fr\/home-purchase\/mortgage-pre-approval\/\" target=\"_blank\" rel=\"noopener\">courtier hypoth\u00e9caire sp\u00e9cialis\u00e9<\/a> dans le secteur r\u00e9sidentiel et commercial. Je peux vous aider avec votre demande de pr\u00eat hypoth\u00e9caire et r\u00e9pondre \u00e0 toutes vos questions.<\/p>\r\n\r\n\r\n\r\n<p class=\"has-text-align-left\">Pour en savoir plus \u00e0 ce sujet, appelez aujourd&rsquo;hui au \u260e <strong>514 654-8890<\/strong> ou envoyez un courriel \u00e0 <a href=\"mailto:info@realtyincanada.com\"><strong>info@realtyincanada.com<\/strong><\/a> pour tous vos besoins immobiliers.<\/p>\r\n","protected":false},"excerpt":{"rendered":"<p>Hypoth\u00e8que Cherchez-vous \u00e0 \u00e9conomiser davantage sur votre pr\u00eat hypoth\u00e9caire et votre remboursement? En tant que courtier hypoth\u00e9caire professionnel, r\u00e9sidentiel et commercial, dans la r\u00e9gion du Grand Montr\u00e9al, de Laval, de la Rive-Sud et environs. Plus vous en saurez sur le processus de pr\u00eat hypoth\u00e9caire, mieux ce sera pour vous. En [&hellip;]<\/p>\n","protected":false},"author":4,"featured_media":0,"parent":1344,"menu_order":0,"comment_status":"closed","ping_status":"closed","template":"","meta":{"_acf_changed":false,"footnotes":""},"class_list":["post-1659","page","type-page","status-publish","hentry"],"acf":[],"yoast_head":"<!-- This site is optimized with the Yoast SEO plugin v27.4 - https:\/\/yoast.com\/product\/yoast-seo-wordpress\/ -->\n<title>Hypoth\u00e8que - Realty in Canada<\/title>\n<meta name=\"robots\" content=\"index, follow, max-snippet:-1, max-image-preview:large, max-video-preview:-1\" \/>\n<link rel=\"canonical\" href=\"https:\/\/realtyincanada.com\/services\/mortgage\/\" \/>\n<meta property=\"og:locale\" content=\"fr_FR\" \/>\n<meta property=\"og:type\" content=\"article\" \/>\n<meta property=\"og:title\" content=\"Hypoth\u00e8que - Realty in Canada\" \/>\n<meta property=\"og:description\" content=\"Hypoth\u00e8que Cherchez-vous \u00e0 \u00e9conomiser davantage sur votre pr\u00eat hypoth\u00e9caire et votre remboursement? En tant que courtier hypoth\u00e9caire professionnel, r\u00e9sidentiel et commercial, dans la r\u00e9gion du Grand Montr\u00e9al, de Laval, de la Rive-Sud et environs. Plus vous en saurez sur le processus de pr\u00eat hypoth\u00e9caire, mieux ce sera pour vous. En [&hellip;]\" \/>\n<meta property=\"og:url\" content=\"https:\/\/realtyincanada.com\/services\/mortgage\/\" \/>\n<meta property=\"og:site_name\" content=\"Realty in Canada\" \/>\n<meta property=\"article:modified_time\" content=\"2024-11-26T17:02:43+00:00\" \/>\n<meta property=\"og:image\" content=\"https:\/\/realtyincanada.com\/\/wp-content\/uploads\/2019\/05\/mortgage.jpg\" \/>\n<meta name=\"twitter:card\" content=\"summary_large_image\" \/>\n<meta name=\"twitter:label1\" content=\"Dur\u00e9e de lecture estim\u00e9e\" \/>\n\t<meta name=\"twitter:data1\" content=\"4 minutes\" \/>\n<script type=\"application\/ld+json\" class=\"yoast-schema-graph\">{\"@context\":\"https:\\\/\\\/schema.org\",\"@graph\":[{\"@type\":\"WebPage\",\"@id\":\"https:\\\/\\\/realtyincanada.com\\\/services\\\/mortgage\\\/\",\"url\":\"https:\\\/\\\/realtyincanada.com\\\/services\\\/mortgage\\\/\",\"name\":\"Hypoth\u00e8que - Realty in Canada\",\"isPartOf\":{\"@id\":\"https:\\\/\\\/realtyincanada.com\\\/#website\"},\"primaryImageOfPage\":{\"@id\":\"https:\\\/\\\/realtyincanada.com\\\/services\\\/mortgage\\\/#primaryimage\"},\"image\":{\"@id\":\"https:\\\/\\\/realtyincanada.com\\\/services\\\/mortgage\\\/#primaryimage\"},\"thumbnailUrl\":\"https:\\\/\\\/realtyincanada.com\\\/\\\/wp-content\\\/uploads\\\/2019\\\/05\\\/mortgage.jpg\",\"datePublished\":\"2019-03-01T21:53:22+00:00\",\"dateModified\":\"2024-11-26T17:02:43+00:00\",\"breadcrumb\":{\"@id\":\"https:\\\/\\\/realtyincanada.com\\\/services\\\/mortgage\\\/#breadcrumb\"},\"inLanguage\":\"fr-FR\",\"potentialAction\":[{\"@type\":\"ReadAction\",\"target\":[\"https:\\\/\\\/realtyincanada.com\\\/services\\\/mortgage\\\/\"]}]},{\"@type\":\"ImageObject\",\"inLanguage\":\"fr-FR\",\"@id\":\"https:\\\/\\\/realtyincanada.com\\\/services\\\/mortgage\\\/#primaryimage\",\"url\":\"https:\\\/\\\/realtyincanada.com\\\/\\\/wp-content\\\/uploads\\\/2019\\\/05\\\/mortgage.jpg\",\"contentUrl\":\"https:\\\/\\\/realtyincanada.com\\\/\\\/wp-content\\\/uploads\\\/2019\\\/05\\\/mortgage.jpg\"},{\"@type\":\"BreadcrumbList\",\"@id\":\"https:\\\/\\\/realtyincanada.com\\\/services\\\/mortgage\\\/#breadcrumb\",\"itemListElement\":[{\"@type\":\"ListItem\",\"position\":1,\"name\":\"Home\",\"item\":\"https:\\\/\\\/realtyincanada.com\\\/fr\\\/\"},{\"@type\":\"ListItem\",\"position\":2,\"name\":\"Services\",\"item\":\"https:\\\/\\\/realtyincanada.com\\\/fr\\\/services\\\/\"},{\"@type\":\"ListItem\",\"position\":3,\"name\":\"Hypoth\u00e8que\"}]},{\"@type\":\"WebSite\",\"@id\":\"https:\\\/\\\/realtyincanada.com\\\/#website\",\"url\":\"https:\\\/\\\/realtyincanada.com\\\/\",\"name\":\"Realty in Canada\",\"description\":\"Realty in Canada is your right choice for the best property agent in Canada. Contact us to buy, sell or rent your property.\",\"publisher\":{\"@id\":\"https:\\\/\\\/realtyincanada.com\\\/#organization\"},\"potentialAction\":[{\"@type\":\"SearchAction\",\"target\":{\"@type\":\"EntryPoint\",\"urlTemplate\":\"https:\\\/\\\/realtyincanada.com\\\/?s={search_term_string}\"},\"query-input\":{\"@type\":\"PropertyValueSpecification\",\"valueRequired\":true,\"valueName\":\"search_term_string\"}}],\"inLanguage\":\"fr-FR\"},{\"@type\":\"Organization\",\"@id\":\"https:\\\/\\\/realtyincanada.com\\\/#organization\",\"name\":\"Realty In Canada\",\"url\":\"https:\\\/\\\/realtyincanada.com\\\/\",\"logo\":{\"@type\":\"ImageObject\",\"inLanguage\":\"fr-FR\",\"@id\":\"https:\\\/\\\/realtyincanada.com\\\/#\\\/schema\\\/logo\\\/image\\\/\",\"url\":\"https:\\\/\\\/realtyincanada.com\\\/\\\/wp-content\\\/uploads\\\/2019\\\/08\\\/emdadul_hoque_final_footer_nopadding.png\",\"contentUrl\":\"https:\\\/\\\/realtyincanada.com\\\/\\\/wp-content\\\/uploads\\\/2019\\\/08\\\/emdadul_hoque_final_footer_nopadding.png\",\"width\":1490,\"height\":660,\"caption\":\"Realty In Canada\"},\"image\":{\"@id\":\"https:\\\/\\\/realtyincanada.com\\\/#\\\/schema\\\/logo\\\/image\\\/\"}}]}<\/script>\n<!-- \/ Yoast SEO plugin. -->","yoast_head_json":{"title":"Hypoth\u00e8que - Realty in Canada","robots":{"index":"index","follow":"follow","max-snippet":"max-snippet:-1","max-image-preview":"max-image-preview:large","max-video-preview":"max-video-preview:-1"},"canonical":"https:\/\/realtyincanada.com\/services\/mortgage\/","og_locale":"fr_FR","og_type":"article","og_title":"Hypoth\u00e8que - Realty in Canada","og_description":"Hypoth\u00e8que Cherchez-vous \u00e0 \u00e9conomiser davantage sur votre pr\u00eat hypoth\u00e9caire et votre remboursement? En tant que courtier hypoth\u00e9caire professionnel, r\u00e9sidentiel et commercial, dans la r\u00e9gion du Grand Montr\u00e9al, de Laval, de la Rive-Sud et environs. Plus vous en saurez sur le processus de pr\u00eat hypoth\u00e9caire, mieux ce sera pour vous. En [&hellip;]","og_url":"https:\/\/realtyincanada.com\/services\/mortgage\/","og_site_name":"Realty in Canada","article_modified_time":"2024-11-26T17:02:43+00:00","og_image":[{"url":"https:\/\/realtyincanada.com\/\/wp-content\/uploads\/2019\/05\/mortgage.jpg","type":"","width":"","height":""}],"twitter_card":"summary_large_image","twitter_misc":{"Dur\u00e9e de lecture estim\u00e9e":"4 minutes"},"schema":{"@context":"https:\/\/schema.org","@graph":[{"@type":"WebPage","@id":"https:\/\/realtyincanada.com\/services\/mortgage\/","url":"https:\/\/realtyincanada.com\/services\/mortgage\/","name":"Hypoth\u00e8que - Realty in Canada","isPartOf":{"@id":"https:\/\/realtyincanada.com\/#website"},"primaryImageOfPage":{"@id":"https:\/\/realtyincanada.com\/services\/mortgage\/#primaryimage"},"image":{"@id":"https:\/\/realtyincanada.com\/services\/mortgage\/#primaryimage"},"thumbnailUrl":"https:\/\/realtyincanada.com\/\/wp-content\/uploads\/2019\/05\/mortgage.jpg","datePublished":"2019-03-01T21:53:22+00:00","dateModified":"2024-11-26T17:02:43+00:00","breadcrumb":{"@id":"https:\/\/realtyincanada.com\/services\/mortgage\/#breadcrumb"},"inLanguage":"fr-FR","potentialAction":[{"@type":"ReadAction","target":["https:\/\/realtyincanada.com\/services\/mortgage\/"]}]},{"@type":"ImageObject","inLanguage":"fr-FR","@id":"https:\/\/realtyincanada.com\/services\/mortgage\/#primaryimage","url":"https:\/\/realtyincanada.com\/\/wp-content\/uploads\/2019\/05\/mortgage.jpg","contentUrl":"https:\/\/realtyincanada.com\/\/wp-content\/uploads\/2019\/05\/mortgage.jpg"},{"@type":"BreadcrumbList","@id":"https:\/\/realtyincanada.com\/services\/mortgage\/#breadcrumb","itemListElement":[{"@type":"ListItem","position":1,"name":"Home","item":"https:\/\/realtyincanada.com\/fr\/"},{"@type":"ListItem","position":2,"name":"Services","item":"https:\/\/realtyincanada.com\/fr\/services\/"},{"@type":"ListItem","position":3,"name":"Hypoth\u00e8que"}]},{"@type":"WebSite","@id":"https:\/\/realtyincanada.com\/#website","url":"https:\/\/realtyincanada.com\/","name":"Realty in Canada","description":"Realty in Canada is your right choice for the best property agent in Canada. Contact us to buy, sell or rent your property.","publisher":{"@id":"https:\/\/realtyincanada.com\/#organization"},"potentialAction":[{"@type":"SearchAction","target":{"@type":"EntryPoint","urlTemplate":"https:\/\/realtyincanada.com\/?s={search_term_string}"},"query-input":{"@type":"PropertyValueSpecification","valueRequired":true,"valueName":"search_term_string"}}],"inLanguage":"fr-FR"},{"@type":"Organization","@id":"https:\/\/realtyincanada.com\/#organization","name":"Realty In Canada","url":"https:\/\/realtyincanada.com\/","logo":{"@type":"ImageObject","inLanguage":"fr-FR","@id":"https:\/\/realtyincanada.com\/#\/schema\/logo\/image\/","url":"https:\/\/realtyincanada.com\/\/wp-content\/uploads\/2019\/08\/emdadul_hoque_final_footer_nopadding.png","contentUrl":"https:\/\/realtyincanada.com\/\/wp-content\/uploads\/2019\/08\/emdadul_hoque_final_footer_nopadding.png","width":1490,"height":660,"caption":"Realty In Canada"},"image":{"@id":"https:\/\/realtyincanada.com\/#\/schema\/logo\/image\/"}}]}},"_links":{"self":[{"href":"https:\/\/realtyincanada.com\/fr\/wp-json\/wp\/v2\/pages\/1659","targetHints":{"allow":["GET"]}}],"collection":[{"href":"https:\/\/realtyincanada.com\/fr\/wp-json\/wp\/v2\/pages"}],"about":[{"href":"https:\/\/realtyincanada.com\/fr\/wp-json\/wp\/v2\/types\/page"}],"author":[{"embeddable":true,"href":"https:\/\/realtyincanada.com\/fr\/wp-json\/wp\/v2\/users\/4"}],"replies":[{"embeddable":true,"href":"https:\/\/realtyincanada.com\/fr\/wp-json\/wp\/v2\/comments?post=1659"}],"version-history":[{"count":22,"href":"https:\/\/realtyincanada.com\/fr\/wp-json\/wp\/v2\/pages\/1659\/revisions"}],"predecessor-version":[{"id":7202,"href":"https:\/\/realtyincanada.com\/fr\/wp-json\/wp\/v2\/pages\/1659\/revisions\/7202"}],"up":[{"embeddable":true,"href":"https:\/\/realtyincanada.com\/fr\/wp-json\/wp\/v2\/pages\/1344"}],"wp:attachment":[{"href":"https:\/\/realtyincanada.com\/fr\/wp-json\/wp\/v2\/media?parent=1659"}],"curies":[{"name":"wp","href":"https:\/\/api.w.org\/{rel}","templated":true}]}}