{"id":1783,"date":"2019-03-05T20:21:58","date_gmt":"2019-03-05T20:21:58","guid":{"rendered":"https:\/\/realtyincanada.com\/?page_id=1783"},"modified":"2019-09-02T21:34:52","modified_gmt":"2019-09-03T01:34:52","slug":"nouvel-immigrant","status":"publish","type":"page","link":"https:\/\/realtyincanada.com\/fr\/services\/nouvel-immigrant\/","title":{"rendered":"Nouveau Immigrant"},"content":{"rendered":"\n<h3 class=\"black wp-block-heading\"><strong>BIENVENUE AU CANADA<\/strong><\/h3>\n\n\n\n<p><strong>Acheter une propri\u00e9t\u00e9 dans le Grand Montr\u00e9al ou au Qu\u00e9bec<\/strong>!<\/p>\n\n\n\n<p><strong>\u00cates-vous un nouvel arrivant ou un immigrant au Canada? \u00cates-vous int\u00e9ress\u00e9 \u00e0 acheter une maison mais avez du mal \u00e0 obtenir une hypoth\u00e8que \u00e0 un meilleur taux? <\/strong><\/p>\n\n\n\n<div class=\"wp-block-media-text alignwide\" style=\"grid-template-columns:63% auto\"><figure class=\"wp-block-media-text__media\"><img fetchpriority=\"high\" decoding=\"async\" width=\"554\" height=\"315\" src=\"https:\/\/realtyincanada.com\/\/wp-content\/uploads\/2019\/08\/Welcom-to-Canada.jpg\" alt=\"\" class=\"wp-image-3025\" srcset=\"https:\/\/realtyincanada.com\/wp-content\/uploads\/2019\/08\/Welcom-to-Canada.jpg 554w, https:\/\/realtyincanada.com\/wp-content\/uploads\/2019\/08\/Welcom-to-Canada-300x171.jpg 300w\" sizes=\"(max-width: 554px) 100vw, 554px\" \/><\/figure><div class=\"wp-block-media-text__content\">\n<p>Trouver le bon logement \u00e0 acheter n\u00e9cessite souvent plus de temps et d&rsquo;attention que de louer, car il s&rsquo;agit d&rsquo;un engagement permanent. <\/p>\n\n\n\n<p>Lorsqu&rsquo;il s&rsquo;agit d&rsquo;acheter une maison, la plupart des Canadiens ne paient pas le co\u00fbt total de leur maison en un seul versement (c&rsquo;est-\u00e0-dire tout \u00e0 la fois). <\/p>\n\n\n\n<p>En r\u00e8gle g\u00e9n\u00e9rale, les fonds n\u00e9cessaires au financement de l\u2019achat d\u2019une maison neuve proviennent de deux sources: <\/p>\n<\/div><\/div>\n\n\n\n<p><strong>Votre hypoth\u00e8que<\/strong><\/p>\n\n\n\n<p>C&rsquo;est l&rsquo;argent que vous emprunterez \u00e0 un pr\u00eateur tel qu&rsquo;une banque.<\/p>\n\n\n\n<p><strong>Votre versement hypoth\u00e9caire<\/strong><\/p>\n\n\n\n<p>C&rsquo;est la grosse somme de votre propre argent que vous allez mettre pour\nfinancer votre maison. Plus vous d\u00e9pensez d&rsquo;argent, moins vous aurez besoin\nd&#8217;emprunter et moins vos frais d&rsquo;int\u00e9r\u00eat globaux seront \u00e9lev\u00e9s.<\/p>\n\n\n\n<p>Cela d\u00e9pendra toujours de vos ant\u00e9c\u00e9dents professionnels et de votre statut\nd&rsquo;immigrant.<\/p>\n\n\n\n<p>Les acheteurs de maison qualifi\u00e9s qui ont immigr\u00e9 ou d\u00e9m\u00e9nag\u00e9 au Canada au\ncours des cinq derni\u00e8res ann\u00e9es sont admissibles au programme \u00abNouveaux au\nCanada\u00bb pour acheter une propri\u00e9t\u00e9 avec une mise de fonds aussi bas que 5%.<\/p>\n\n\n\n<p><strong>Directives\ng\u00e9n\u00e9rales pour le programme d&rsquo;accession \u00e0 la propri\u00e9t\u00e9:<\/strong><strong><\/strong><\/p>\n\n\n\n<ul class=\"wp-block-list\"><li>Le\nProgramme d&rsquo;accession \u00e0 la propri\u00e9t\u00e9 des nouveaux immigrants est destin\u00e9 aux\nCanadiens qui ont r\u00e9cemment obtenu le statut d&rsquo;immigrant canadien et qui\nsouhaitent \u00eatre propri\u00e9taires d&rsquo;une maison, mais qui n&rsquo;ont pas encore \u00e9tabli\nd&rsquo;ant\u00e9c\u00e9dent de cr\u00e9dit au Canada.<\/li><\/ul>\n\n\n\n<p><strong>Admissibilit\u00e9 pour les nouveaux arrivants au Canada:<\/strong><\/p>\n\n\n\n<p><strong>Les clients doivent:<\/strong><\/p>\n\n\n\n<ul class=\"wp-block-list\"><li>\u00catre un\nnouvel immigrant au Canada avec un statut d&rsquo;immigrant canadien nouvellement\nacquis<\/li><li>Avoir\nune carte de r\u00e9sident permanent indiquant (au verso de cette carte) qu&rsquo;ils sont\ndevenus r\u00e9sidents permanents du Canada au cours des 5 derni\u00e8res ann\u00e9es<\/li><\/ul>\n\n\n\n<p><strong>Qualification\nde l&#8217;emprunteur:<\/strong><strong><\/strong><\/p>\n\n\n\n<ul class=\"wp-block-list\"><li>Avoir immigr\u00e9 ou d\u00e9m\u00e9nag\u00e9 au Canada au cours des 60 derniers mois<\/li><li>Minimum de 3 mois d\u2019emploi \u00e0 temps plein au Canada (les emprunteurs transf\u00e9r\u00e9s dans le cadre d\u2019un programme de r\u00e9installation en entreprise en sont exempt\u00e9s)<\/li><li>Doit avoir un permis de travail valide ou a obtenu le statut d&rsquo;immigrant (c.-\u00e0-d. R\u00e9sident permanent)<\/li><li>Pour un LTV (Loan-to-Value) de 95%, l\u2019acompte doit provenir de vos propres ressources. Pour moins de 95% de LTV, le reste peut \u00eatre offert par un membre de la famille imm\u00e9diate ou par une subvention d\u2019entreprise<\/li><li>Confirmation du revenu<\/li><li>Confirmation d&rsquo;acompte<\/li><li>Contrat d&rsquo;achat et de vente<\/li><li>Lettre de r\u00e9f\u00e9rence d&rsquo;une institution financi\u00e8re reconnue OU 6 mois de relev\u00e9s bancaires \u00e0 partir d&rsquo;un compte principal<\/li><li>Les diplomates \u00e9trangers qui ne paient pas d&rsquo;imp\u00f4t au Canada ne sont pas admissibles \u00e0 ce programme.<\/li><li>Pour les ratios de LTV inf\u00e9rieurs \u00e0 95% : les clients doivent payer au moins 5% de l&rsquo;acompte \u00e0 l&rsquo;aide de leurs propres ressources, le reste peut provenir d&rsquo;une source non traditionnelle.<\/li><li>Deux (2) sources de cr\u00e9dit alternatives d\u00e9montrant des paiements \u00e0 temps (aucun arri\u00e9r\u00e9) pour les 12 derniers mois.<\/li><\/ul>\n\n\n\n<p><strong>Les deux sources alternatives requises sont:<\/strong><\/p>\n\n\n\n<p>1) Historique des paiements de location confirm\u00e9 par lettre du propri\u00e9taire et relev\u00e9s bancaires<\/p>\n\n\n\n<p>2) Une deuxi\u00e8me source\nalternative (hydro \/ services publics, t\u00e9l\u00e9phone et c\u00e2ble) \u00e0 confirmer par\nlettre du fournisseur de service ou relev\u00e9s de facturation de 12 mois<\/p>\n\n\n\n<p><strong>Remarque:<\/strong> la prime d&rsquo;assurance est non remboursable, pay\u00e9e au moment de la cl\u00f4ture et peut \u00eatre ajout\u00e9e \u00e0 l&rsquo;hypoth\u00e8que.<\/p>\n\n\n\n<p>En g\u00e9n\u00e9ral, chaque programme a des exigences similaires \u00e0 celles d\u00e9crites ci-dessus en ce qui concerne le statut de r\u00e9sidence, la cote de cr\u00e9dit et les acomptes. Cependant, il existe des diff\u00e9rences mineures au sein de chaque programme qui doivent \u00eatre not\u00e9es et qu&rsquo;un professionnel sera en mesure de vous aider \u00e0 comprendre. En fournissant ces documents, nous pouvons ensuite vous aider \u00e0 obtenir un pr\u00eat hypoth\u00e9caire avec une mise de fonds aussi bas que 5%. N\u00e9anmoins, nous recommandons toujours de faire un acompte plus important si possible.<\/p>\n\n\n\n<p><strong>Public cible\n: cette hypoth\u00e8que s&rsquo;adresse aux clients qui :<\/strong><strong><\/strong><\/p>\n\n\n\n<ul class=\"wp-block-list\"><li>Veulent acheter une maison, mais n&rsquo;ont pas d&rsquo;ant\u00e9c\u00e9dents de cr\u00e9dit au Canada<\/li><li>Ont \u00e9conomis\u00e9 assez pour un acompte<\/li><\/ul>\n\n\n\n<p><strong>Il existe diff\u00e9rents types de propri\u00e9t\u00e9s et d&rsquo;entreprises:<\/strong><\/p>\n\n\n\n<p><strong>PROPRI\u00c9T\u00c9 R\u00c9SIDENTIELLE:<\/strong> Maison, Copropri\u00e9t\u00e9 \/ Maison de ville \/ Coop, Maison neuve, Duplex, Triplex, Fourplex, Propri\u00e9t\u00e9 de vacances, Terre, Chalet au bord de l\u2019eau, Chalet \/ Maison de campagne, Terrains agricoles et Chalet \u00e0 Mont-Tremblant, etc.<\/p>\n\n\n\n<p><strong>PROPRI\u00c9T\u00c9 COMMERCIALE:<\/strong>  Immeuble d\u2019appartements multiplex \/ unit\u00e9s multifamiliales, Centre commercial, Propri\u00e9t\u00e9 d\u2019investissement, Terrain, etc. <\/p>\n\n\n\n<p><strong>PROPRIETE DE FORECLOSURE DE BANQUE<\/strong>: Reprise par la banque\/ Propri\u00e9t\u00e9 de la forclusion. <\/p>\n\n\n\n<p><strong>ENTREPRISE:<\/strong>&nbsp;Station d\u2019essence (Esso, Shell, Ultramar, etc.), Motel, D\u00e9panneur, Restaurant, Resto-bar, Caf\u00e9, \u00c9picerie, Magasin, Dollarama, Boutique, Salon de coiffure, etc. <\/p>\n\n\n\n<p><strong>PROPRI\u00c9T\u00c9 AGRICOLE:<\/strong> Terres agricoles, ferme agricole et propri\u00e9t\u00e9 agricole.<\/p>\n\n\n\n<p><strong>MAISON DE VACANCES:<\/strong> Cabin \/ Chalet \/ g\u00eete de campagne: Secteur Mont-Tremblant, \u00e0 environ une heure et demie \/ une heure et demie de route de Montr\u00e9al et d\u2019Ottawa, Qu\u00e9bec, Canada.<\/p>\n\n\n\n<p><strong>FRANCHISE RESTAURANTE:<\/strong> Burger King, PIZZERIA, Subs QUIZNOS, VALENTIN, SUSHI Shop, etc.<\/p>\n\n\n\n<p> Je peux vous aider \u00e0 trouver une maison, une entreprise et une hypoth\u00e8que \u00e9galement pour un nouvel immigrant au Canada. \u00abLe Canada facilite l&rsquo;obtention d&rsquo;un pr\u00eat hypoth\u00e9caire pour un nouvel immigrant par rapport \u00e0 une personne \u00e9tablie ici. <\/p>\n\n\n\n<p>? Pour plus d&rsquo;informations et plus de d\u00e9tails, appelez aujourd&rsquo;hui au  \u260e <strong>514-654-8890 <\/strong>ou envoyez un courrier \u00e9lectronique \u00e0: <a href=\"mailto:info@realtyincanada.com\"><strong>info@realtyincanada.com<\/strong><\/a><\/p>\n\n\n\n<p><\/p>\n\n\n<p><!--EndFragment--><\/p>","protected":false},"excerpt":{"rendered":"<p>BIENVENUE AU CANADA Acheter une propri\u00e9t\u00e9 dans le Grand Montr\u00e9al ou au Qu\u00e9bec! \u00cates-vous un nouvel arrivant ou un immigrant au Canada? \u00cates-vous int\u00e9ress\u00e9 \u00e0 acheter une maison mais avez du mal \u00e0 obtenir une hypoth\u00e8que \u00e0 un meilleur taux? Trouver le bon logement \u00e0 acheter n\u00e9cessite souvent plus de [&hellip;]<\/p>\n","protected":false},"author":1,"featured_media":0,"parent":1344,"menu_order":0,"comment_status":"closed","ping_status":"closed","template":"","meta":{"_acf_changed":false,"footnotes":""},"class_list":["post-1783","page","type-page","status-publish","hentry"],"acf":[],"yoast_head":"<!-- This site is optimized with the Yoast SEO plugin v27.4 - https:\/\/yoast.com\/product\/yoast-seo-wordpress\/ -->\n<title>Nouveau Immigrant - Realty in Canada<\/title>\n<meta name=\"robots\" content=\"index, follow, max-snippet:-1, max-image-preview:large, max-video-preview:-1\" \/>\n<link rel=\"canonical\" href=\"https:\/\/realtyincanada.com\/services\/new-immigrant\/\" \/>\n<meta property=\"og:locale\" content=\"fr_FR\" \/>\n<meta property=\"og:type\" content=\"article\" \/>\n<meta property=\"og:title\" content=\"Nouveau Immigrant - Realty in Canada\" \/>\n<meta property=\"og:description\" content=\"BIENVENUE AU CANADA Acheter une propri\u00e9t\u00e9 dans le Grand Montr\u00e9al ou au Qu\u00e9bec! \u00cates-vous un nouvel arrivant ou un immigrant au Canada? \u00cates-vous int\u00e9ress\u00e9 \u00e0 acheter une maison mais avez du mal \u00e0 obtenir une hypoth\u00e8que \u00e0 un meilleur taux? Trouver le bon logement \u00e0 acheter n\u00e9cessite souvent plus de [&hellip;]\" \/>\n<meta property=\"og:url\" content=\"https:\/\/realtyincanada.com\/services\/new-immigrant\/\" \/>\n<meta property=\"og:site_name\" content=\"Realty in Canada\" \/>\n<meta property=\"article:modified_time\" content=\"2019-09-03T01:34:52+00:00\" \/>\n<meta property=\"og:image\" content=\"https:\/\/realtyincanada.com\/\/wp-content\/uploads\/2019\/08\/Welcom-to-Canada.jpg\" \/>\n<meta name=\"twitter:card\" content=\"summary_large_image\" \/>\n<meta name=\"twitter:label1\" content=\"Dur\u00e9e de lecture estim\u00e9e\" \/>\n\t<meta name=\"twitter:data1\" content=\"5 minutes\" \/>\n<script type=\"application\/ld+json\" class=\"yoast-schema-graph\">{\"@context\":\"https:\\\/\\\/schema.org\",\"@graph\":[{\"@type\":\"WebPage\",\"@id\":\"https:\\\/\\\/realtyincanada.com\\\/services\\\/new-immigrant\\\/\",\"url\":\"https:\\\/\\\/realtyincanada.com\\\/services\\\/new-immigrant\\\/\",\"name\":\"Nouveau Immigrant - Realty in Canada\",\"isPartOf\":{\"@id\":\"https:\\\/\\\/realtyincanada.com\\\/#website\"},\"primaryImageOfPage\":{\"@id\":\"https:\\\/\\\/realtyincanada.com\\\/services\\\/new-immigrant\\\/#primaryimage\"},\"image\":{\"@id\":\"https:\\\/\\\/realtyincanada.com\\\/services\\\/new-immigrant\\\/#primaryimage\"},\"thumbnailUrl\":\"https:\\\/\\\/realtyincanada.com\\\/\\\/wp-content\\\/uploads\\\/2019\\\/08\\\/Welcom-to-Canada.jpg\",\"datePublished\":\"2019-03-05T20:21:58+00:00\",\"dateModified\":\"2019-09-03T01:34:52+00:00\",\"breadcrumb\":{\"@id\":\"https:\\\/\\\/realtyincanada.com\\\/services\\\/new-immigrant\\\/#breadcrumb\"},\"inLanguage\":\"fr-FR\",\"potentialAction\":[{\"@type\":\"ReadAction\",\"target\":[\"https:\\\/\\\/realtyincanada.com\\\/services\\\/new-immigrant\\\/\"]}]},{\"@type\":\"ImageObject\",\"inLanguage\":\"fr-FR\",\"@id\":\"https:\\\/\\\/realtyincanada.com\\\/services\\\/new-immigrant\\\/#primaryimage\",\"url\":\"https:\\\/\\\/realtyincanada.com\\\/\\\/wp-content\\\/uploads\\\/2019\\\/08\\\/Welcom-to-Canada.jpg\",\"contentUrl\":\"https:\\\/\\\/realtyincanada.com\\\/\\\/wp-content\\\/uploads\\\/2019\\\/08\\\/Welcom-to-Canada.jpg\"},{\"@type\":\"BreadcrumbList\",\"@id\":\"https:\\\/\\\/realtyincanada.com\\\/services\\\/new-immigrant\\\/#breadcrumb\",\"itemListElement\":[{\"@type\":\"ListItem\",\"position\":1,\"name\":\"Home\",\"item\":\"https:\\\/\\\/realtyincanada.com\\\/fr\\\/\"},{\"@type\":\"ListItem\",\"position\":2,\"name\":\"Services\",\"item\":\"https:\\\/\\\/realtyincanada.com\\\/fr\\\/services\\\/\"},{\"@type\":\"ListItem\",\"position\":3,\"name\":\"Nouveau Immigrant\"}]},{\"@type\":\"WebSite\",\"@id\":\"https:\\\/\\\/realtyincanada.com\\\/#website\",\"url\":\"https:\\\/\\\/realtyincanada.com\\\/\",\"name\":\"Realty in Canada\",\"description\":\"Realty in Canada is your right choice for the best property agent in Canada. Contact us to buy, sell or rent your property.\",\"publisher\":{\"@id\":\"https:\\\/\\\/realtyincanada.com\\\/#organization\"},\"potentialAction\":[{\"@type\":\"SearchAction\",\"target\":{\"@type\":\"EntryPoint\",\"urlTemplate\":\"https:\\\/\\\/realtyincanada.com\\\/?s={search_term_string}\"},\"query-input\":{\"@type\":\"PropertyValueSpecification\",\"valueRequired\":true,\"valueName\":\"search_term_string\"}}],\"inLanguage\":\"fr-FR\"},{\"@type\":\"Organization\",\"@id\":\"https:\\\/\\\/realtyincanada.com\\\/#organization\",\"name\":\"Realty In Canada\",\"url\":\"https:\\\/\\\/realtyincanada.com\\\/\",\"logo\":{\"@type\":\"ImageObject\",\"inLanguage\":\"fr-FR\",\"@id\":\"https:\\\/\\\/realtyincanada.com\\\/#\\\/schema\\\/logo\\\/image\\\/\",\"url\":\"https:\\\/\\\/realtyincanada.com\\\/\\\/wp-content\\\/uploads\\\/2019\\\/08\\\/emdadul_hoque_final_footer_nopadding.png\",\"contentUrl\":\"https:\\\/\\\/realtyincanada.com\\\/\\\/wp-content\\\/uploads\\\/2019\\\/08\\\/emdadul_hoque_final_footer_nopadding.png\",\"width\":1490,\"height\":660,\"caption\":\"Realty In Canada\"},\"image\":{\"@id\":\"https:\\\/\\\/realtyincanada.com\\\/#\\\/schema\\\/logo\\\/image\\\/\"}}]}<\/script>\n<!-- \/ Yoast SEO plugin. -->","yoast_head_json":{"title":"Nouveau Immigrant - Realty in Canada","robots":{"index":"index","follow":"follow","max-snippet":"max-snippet:-1","max-image-preview":"max-image-preview:large","max-video-preview":"max-video-preview:-1"},"canonical":"https:\/\/realtyincanada.com\/services\/new-immigrant\/","og_locale":"fr_FR","og_type":"article","og_title":"Nouveau Immigrant - Realty in Canada","og_description":"BIENVENUE AU CANADA Acheter une propri\u00e9t\u00e9 dans le Grand Montr\u00e9al ou au Qu\u00e9bec! \u00cates-vous un nouvel arrivant ou un immigrant au Canada? \u00cates-vous int\u00e9ress\u00e9 \u00e0 acheter une maison mais avez du mal \u00e0 obtenir une hypoth\u00e8que \u00e0 un meilleur taux? Trouver le bon logement \u00e0 acheter n\u00e9cessite souvent plus de [&hellip;]","og_url":"https:\/\/realtyincanada.com\/services\/new-immigrant\/","og_site_name":"Realty in Canada","article_modified_time":"2019-09-03T01:34:52+00:00","og_image":[{"url":"https:\/\/realtyincanada.com\/\/wp-content\/uploads\/2019\/08\/Welcom-to-Canada.jpg","type":"","width":"","height":""}],"twitter_card":"summary_large_image","twitter_misc":{"Dur\u00e9e de lecture estim\u00e9e":"5 minutes"},"schema":{"@context":"https:\/\/schema.org","@graph":[{"@type":"WebPage","@id":"https:\/\/realtyincanada.com\/services\/new-immigrant\/","url":"https:\/\/realtyincanada.com\/services\/new-immigrant\/","name":"Nouveau Immigrant - Realty in Canada","isPartOf":{"@id":"https:\/\/realtyincanada.com\/#website"},"primaryImageOfPage":{"@id":"https:\/\/realtyincanada.com\/services\/new-immigrant\/#primaryimage"},"image":{"@id":"https:\/\/realtyincanada.com\/services\/new-immigrant\/#primaryimage"},"thumbnailUrl":"https:\/\/realtyincanada.com\/\/wp-content\/uploads\/2019\/08\/Welcom-to-Canada.jpg","datePublished":"2019-03-05T20:21:58+00:00","dateModified":"2019-09-03T01:34:52+00:00","breadcrumb":{"@id":"https:\/\/realtyincanada.com\/services\/new-immigrant\/#breadcrumb"},"inLanguage":"fr-FR","potentialAction":[{"@type":"ReadAction","target":["https:\/\/realtyincanada.com\/services\/new-immigrant\/"]}]},{"@type":"ImageObject","inLanguage":"fr-FR","@id":"https:\/\/realtyincanada.com\/services\/new-immigrant\/#primaryimage","url":"https:\/\/realtyincanada.com\/\/wp-content\/uploads\/2019\/08\/Welcom-to-Canada.jpg","contentUrl":"https:\/\/realtyincanada.com\/\/wp-content\/uploads\/2019\/08\/Welcom-to-Canada.jpg"},{"@type":"BreadcrumbList","@id":"https:\/\/realtyincanada.com\/services\/new-immigrant\/#breadcrumb","itemListElement":[{"@type":"ListItem","position":1,"name":"Home","item":"https:\/\/realtyincanada.com\/fr\/"},{"@type":"ListItem","position":2,"name":"Services","item":"https:\/\/realtyincanada.com\/fr\/services\/"},{"@type":"ListItem","position":3,"name":"Nouveau Immigrant"}]},{"@type":"WebSite","@id":"https:\/\/realtyincanada.com\/#website","url":"https:\/\/realtyincanada.com\/","name":"Realty in Canada","description":"Realty in Canada is your right choice for the best property agent in Canada. Contact us to buy, sell or rent your property.","publisher":{"@id":"https:\/\/realtyincanada.com\/#organization"},"potentialAction":[{"@type":"SearchAction","target":{"@type":"EntryPoint","urlTemplate":"https:\/\/realtyincanada.com\/?s={search_term_string}"},"query-input":{"@type":"PropertyValueSpecification","valueRequired":true,"valueName":"search_term_string"}}],"inLanguage":"fr-FR"},{"@type":"Organization","@id":"https:\/\/realtyincanada.com\/#organization","name":"Realty In Canada","url":"https:\/\/realtyincanada.com\/","logo":{"@type":"ImageObject","inLanguage":"fr-FR","@id":"https:\/\/realtyincanada.com\/#\/schema\/logo\/image\/","url":"https:\/\/realtyincanada.com\/\/wp-content\/uploads\/2019\/08\/emdadul_hoque_final_footer_nopadding.png","contentUrl":"https:\/\/realtyincanada.com\/\/wp-content\/uploads\/2019\/08\/emdadul_hoque_final_footer_nopadding.png","width":1490,"height":660,"caption":"Realty In Canada"},"image":{"@id":"https:\/\/realtyincanada.com\/#\/schema\/logo\/image\/"}}]}},"_links":{"self":[{"href":"https:\/\/realtyincanada.com\/fr\/wp-json\/wp\/v2\/pages\/1783","targetHints":{"allow":["GET"]}}],"collection":[{"href":"https:\/\/realtyincanada.com\/fr\/wp-json\/wp\/v2\/pages"}],"about":[{"href":"https:\/\/realtyincanada.com\/fr\/wp-json\/wp\/v2\/types\/page"}],"author":[{"embeddable":true,"href":"https:\/\/realtyincanada.com\/fr\/wp-json\/wp\/v2\/users\/1"}],"replies":[{"embeddable":true,"href":"https:\/\/realtyincanada.com\/fr\/wp-json\/wp\/v2\/comments?post=1783"}],"version-history":[{"count":35,"href":"https:\/\/realtyincanada.com\/fr\/wp-json\/wp\/v2\/pages\/1783\/revisions"}],"predecessor-version":[{"id":4238,"href":"https:\/\/realtyincanada.com\/fr\/wp-json\/wp\/v2\/pages\/1783\/revisions\/4238"}],"up":[{"embeddable":true,"href":"https:\/\/realtyincanada.com\/fr\/wp-json\/wp\/v2\/pages\/1344"}],"wp:attachment":[{"href":"https:\/\/realtyincanada.com\/fr\/wp-json\/wp\/v2\/media?parent=1783"}],"curies":[{"name":"wp","href":"https:\/\/api.w.org\/{rel}","templated":true}]}}