{"id":1789,"date":"2019-03-05T20:38:22","date_gmt":"2019-03-05T20:38:22","guid":{"rendered":"https:\/\/realtyincanada.com\/?page_id=1789"},"modified":"2023-04-13T14:42:05","modified_gmt":"2023-04-13T18:42:05","slug":"acheteur-etranger-international","status":"publish","type":"page","link":"https:\/\/realtyincanada.com\/fr\/services\/acheteur-etranger-international\/","title":{"rendered":"Acheteur \u00e9tranger \/ internationale"},"content":{"rendered":"\r\n<h3 class=\"black wp-block-heading\"><strong>BIENVENUE ACHETEURS \u00c9TRANGERS!<\/strong><\/h3>\r\n\r\n\r\n\r\n<p>Avez-vous song\u00e9 \u00e0 vous lancer sur le march\u00e9 immobilier canadien ? Pour votre information, nous avons rassembl\u00e9 des ressources et un guide rapide concernant les r\u00e8gles de base et la r\u00e9glementation r\u00e9gissant l\u2019achat d\u2019une propri\u00e9t\u00e9 \u00e0 Montr\u00e9al, au Qu\u00e9bec, au Canada (ou dans toute autre province canadienne). Les \u00e9trangers peuvent poss\u00e9der des condominiums ainsi que des maisons.<\/p>\r\n\r\n\r\n\r\n<p>L&rsquo;immobilier montr\u00e9alais est en pleine croissance avec de plus en plus d\u2019investisseurs \u00e9trangers qui tombent amoureux de cette ville, voulant en poss\u00e9der une partie. Ce n\u2019est pas surprenant, \u00e9tant donn\u00e9 que Montr\u00e9al est la capitale \u00e9conomique de la province francophone du Qu\u00e9bec et la deuxi\u00e8me plus grande ville du Canada, en termes de population.<\/p>\r\n\r\n\r\n\r\n<p>De plus, Montr\u00e9al a \u00e9t\u00e9 d\u00e9sign\u00e9e meilleure ville du monde pour les \u00e9tudiants, devan\u00e7ant Londres, Berlin, Boston et Tokyo sur un classement mondial de 125 villes. La position de Montr\u00e9al est bas\u00e9e sur six classements: la qualit\u00e9 des universit\u00e9s (McGill class\u00e9e 24e au monde et 1re au Canada dans le classement universitaire QS 2016); diversit\u00e9 de la population \u00e9tudiante (environ 27% des \u00e9tudiants des universit\u00e9s class\u00e9es McGill ou \u00e9galement l\u2019UDEM) sont internationaux.<\/p>\r\n\r\n\r\n\r\n<p>Nous avons aid\u00e9 de nombreux non-r\u00e9sidents \u00e0 acheter des propri\u00e9t\u00e9s \u00e0 Montr\u00e9al, au Canada, et avons identifi\u00e9 certaines questions qui se posent fr\u00e9quemment. J&rsquo;ai travaill\u00e9 avec des acheteurs internationaux venus de Chine, de Russie, de Hong Kong, de Cor\u00e9e du Sud, d&rsquo;Asie du Sud, d&rsquo;Afrique, d&rsquo;Am\u00e9rique du Sud, du Moyen-Orient \/ du Golfe, d&rsquo;Europe, des \u00c9tats-Unis et d&rsquo;autres pays.<\/p>\r\n\r\n\r\n\r\n<p><strong>Pour la propri\u00e9t\u00e9 internationale \/ non-r\u00e9sidente:<\/strong><\/p>\r\n\r\n\r\n\r\n<p>Le Canada accueille les acheteurs de maison de tous les pays du monde et il n&rsquo;y a aucune limite quant au nombre ou au type d&rsquo;immobilier ou d&rsquo;entreprise que vous pouvez acheter. Cela \u00e9tant dit, certaines banques ne financeront que 2 ou 3 propri\u00e9t\u00e9s par personne.<\/p>\r\n<p><strong>Nouvelle mise \u00e0 jour: <\/strong>Entr\u00e9e en vigueur le 1er janvier 2023, la Loi sur l\u2019interdiction d\u2019achat d\u2019immeubles r\u00e9sidentiels par des non-Canadiens emp\u00eache les non-Canadiens d\u2019acheter des immeubles r\u00e9sidentiels au Canada pendant 2 ans.<\/p>\r\n<p><strong>*** NOUVEAU : MODIFICATIONS AU R\u00c8GLEMENT le 27 mars 2023<\/strong><\/p>\r\n<p>Les modifications, qui sont entr\u00e9es en vigueur le 27 mars 2023, \u00e9largissent les exceptions afin de permettre aux non-Canadiens d\u2019acheter une habitation dans certaines circonstances.<\/p>\r\n<p><strong>Modifications:<\/strong><\/p>\r\n<p><strong>1. L\u2019alin\u00e9a a) de la d\u00e9finition de contr\u00f4le, \u00e0 l\u2019article 1 du R\u00e8glement sur l\u2019interdiction d\u2019achat d\u2019immeubles r\u00e9sidentiels par des non-Canadiens , est remplac\u00e9 par ce qui suit : <\/strong><\/p>\r\n<p>a) soit de la propri\u00e9t\u00e9 directe ou indirecte d\u2019actions ou de titres de participation qui repr\u00e9sentent 10 % ou plus de la valeur des capitaux qui lui sont propres, ou lui conf\u00e9rant 10 % ou plus des droits de vote;<strong> OU <\/strong><\/p>\r\n<p><strong>2. L\u2019alin\u00e9a 2b) du m\u00eame r\u00e8glement est remplac\u00e9 par ce qui suit :<\/strong><\/p>\r\n<p><strong>b)<\/strong> l\u2019entit\u00e9 constitu\u00e9e en vertu des lois du Canada ou d\u2019une province dont les actions ou les titres de participation ne sont pas cot\u00e9s \u00e0 une bourse de valeurs d\u00e9sign\u00e9e en vertu de l\u2019article 262 de la Loi de l\u2019imp\u00f4t sur le revenu et qui est contr\u00f4l\u00e9e par l\u2019entit\u00e9 vis\u00e9e \u00e0 l\u2019alin\u00e9a a) ou par la personne vis\u00e9e aux alin\u00e9as a), b) ou c) de la d\u00e9finition de non-Canadien \u00e0 l\u2019article 2 de la Loi.<\/p>\r\n<p><strong>3. Le <\/strong><strong>paragraphe 3(2) du m\u00eame r\u00e8glement est abrog\u00e9.<\/strong><\/p>\r\n<p><strong>4. Le paragraphe 4(2) du m\u00eame r\u00e8glement est modifi\u00e9 par adjonction, apr\u00e8s l\u2019alin\u00e9a d), de ce qui<\/strong><\/p>\r\n<p><strong>suit :<\/strong><\/p>\r\n<p><strong>e) l\u2019acquisition par un non-Canadien d\u2019un immeuble r\u00e9sidentiel \u00e0 des fins de d\u00e9veloppement.<\/strong><\/p>\r\n<p><strong>5. <\/strong><strong>Les sous-alin\u00e9as 5b)(i) \u00e0 (iii) du m\u00eame r\u00e8glement sont remplac\u00e9s par ce qui suit :<\/strong><\/p>\r\n<p><strong>(i)<\/strong> \u00e0 la date de l\u2019achat, son permis ou son autorisation \u00e0 travailler au Canada est encore valide pendant au moins 183 jours,<\/p>\r\n<p><strong>(ii)<\/strong> il n\u2019a achet\u00e9 qu\u2019un seul immeuble r\u00e9sidentiel.<\/p>\r\n<p><strong>Entr\u00e9e en vigueur:<\/strong> Enregistrement<br \/><strong>6.<\/strong> Le pr\u00e9sent r\u00e8glement entre en vigueur \u00e0 la date de son enregistrement.<\/p>\r\n<p><strong>Q. 1.<\/strong> Les non-Canadiens peuvent-ils acqu\u00e9rir des terrains vacants?<br \/><strong>A.<\/strong> Oui. \u00c0 compter du 27 mars 2023, l\u2019interdiction ne s\u2019appliquera pas aux terrains vacants.<\/p>\r\n<p><strong>Q. 2.<\/strong> Les non-Canadiens peuvent-ils acheter des immeubles r\u00e9sidentiels \u00e0 des fins d\u2019am\u00e9nagement?<br \/><strong>A.<\/strong> Oui. \u00c0 compter du 27 mars 2023, le R\u00e8glement pr\u00e9voira une exception pour l\u2019achat d\u2019immeubles r\u00e9sidentiels par des non-Canadiens \u00e0 des fins d\u2019am\u00e9nagement.<\/p>\r\n<p><strong>Q. 3.<\/strong> L\u2019interdiction s\u2019applique-t-elle aux propri\u00e9t\u00e9s \u00e0 vocation purement commerciale (par exemple, tours de bureaux ou \u00e9piceries sans local d\u2019habitation)?<br \/><strong>A.<\/strong> L\u2019interdiction ne s\u2019applique pas aux immeubles existants \u00e0 vocation purement commerciale.<\/p>\r\n<p>*** Sources: Document confidentiel du Conseil priv\u00e9 du Roi DORS<\/p>\r\n\r\n\r\n\r\n<p>Exigences pour les acheteurs \u00e9trangers ou non-r\u00e9sidents de l&rsquo;immobilier de Montr\u00e9al, Quebec.<\/p>\r\n\r\n\r\n\r\n<p>Les r\u00e8gles concernant les non-r\u00e9sidents qui <strong>ach\u00e8tent des biens immobiliers au <\/strong>Canada ne sont pas r\u00e9ellement li\u00e9es \u00e0 la citoyennet\u00e9 : m\u00eame les citoyens canadiens qui ne r\u00e9sident pas ici de plus de 180 jours (ou la moiti\u00e9 de l&rsquo;ann\u00e9e) sont consid\u00e9r\u00e9s comme des non-r\u00e9sidents (et sont donc soumis aux m\u00eames r\u00e8gles).<\/p>\r\n\r\n\r\n\r\n<p><strong>Informations relatives aux taxes : une bonne nouvelle pour les acheteurs internationaux ou \u00e9trangers au Qu\u00e9bec!<\/strong><\/p>\r\n\r\n\r\n\r\n<p>Il n&rsquo;y a pas de taxes suppl\u00e9mentaires pour les non-r\u00e9sidents qui ach\u00e8tent une propri\u00e9t\u00e9 \u00e0 Montr\u00e9al ou dans toute autre partie de la province de Qu\u00e9bec.<\/p>\r\n\r\n\r\n\r\n<p><strong>Renseignements importants sur les taxes pour le march\u00e9 de Toronto:<\/strong> \u00e0 compter du 21 avril 2017, toute personne qui n&rsquo;est ni citoyen canadien ni r\u00e9sident permanent du Canada (y compris les soci\u00e9t\u00e9s et les fiducies) est assujettie \u00e0 une taxe de sp\u00e9culation concernant les <strong>non-r\u00e9sidents (NRST) de 15% du prix d\u2019achat<\/strong> (pay\u00e9 \u00e0 la cl\u00f4ture) pour les propri\u00e9t\u00e9s achet\u00e9es \u00e0 Toronto, en Ontario.<\/p>\r\n\r\n\r\n\r\n<p><strong>Informations importantes sur les taxes pour le march\u00e9 de Vancouver:<\/strong> introduites en juillet 2016, le compte de taxes exigeait initialement que les entit\u00e9s \u00e9trang\u00e8res (y compris les ressortissants \u00e9trangers) versent un suppl\u00e9ment de 15% sur l&rsquo;achat d&rsquo;une propri\u00e9t\u00e9 r\u00e9sidentielle dans la r\u00e9gion m\u00e9tropolitaine de Vancouver. L&rsquo;actuel gouvernement local provincial a augment\u00e9 ce montant \u00e0 20% en f\u00e9vrier 2018 et a \u00e9tendu sa port\u00e9e \u00e0 la vall\u00e9e du Fraser, au district r\u00e9gional de la capitale, au district r\u00e9gional de Nanaimo et au centre de l&rsquo;Okanagan.<\/p>\r\n\r\n\r\n\r\n<p><strong>Financement avec une banque pour les acheteurs \u00e9trangers ou non-r\u00e9sidents:<\/strong><\/p>\r\n\r\n\r\n\r\n<ul class=\"wp-block-list\">\r\n<li>Certaines banques acceptent volontairement <a href=\"https:\/\/bestmontrealmortgage.ca\/fr\/\">d\u2019hypoth\u00e9quer<\/a> des acheteurs non r\u00e9sidents<\/li>\r\n<li>Nous consid\u00e9rons un non-r\u00e9sident comme une personne qui r\u00e9side \u00e0 l&rsquo;ext\u00e9rieur du Canada ou au Canada avec un visa de r\u00e9sident temporaire valide, un permis de travail valide ou un permis d&rsquo;\u00e9tudes valide.<\/li>\r\n<li>Les demandes doivent \u00eatre accompagn\u00e9es de l\u2019identification appropri\u00e9e et de la documentation fournie:<\/li>\r\n<li>Une lettre de r\u00e9f\u00e9rence de leur banque<\/li>\r\n<li>Une lettre d&#8217;emploi attestant le revenu en dollars canadiens ou am\u00e9ricains<\/li>\r\n<li>Relev\u00e9s bancaires pour trois mois<\/li>\r\n<li>Un compte bancaire canadien est obligatoire pour les paiements et doit \u00eatre ouvert en personne avant le financement de l&rsquo;hypoth\u00e8que.<\/li>\r\n<\/ul>\r\n\r\n\r\n\r\n<p><strong>Remarque:<\/strong> Si vous ne remplissez pas les crit\u00e8res d&rsquo;\u00e9ligibilit\u00e9, vous pourrez peut-\u00eatre obtenir un financement aupr\u00e8s d&rsquo;autres pr\u00eateurs qui appliquent des taux d&rsquo;int\u00e9r\u00eat plus \u00e9lev\u00e9s.<\/p>\r\n\r\n\r\n\r\n<p>Je peux vous aider avec votre demande de pr\u00eat <a href=\"https:\/\/bestmontrealmortgage.ca\/fr\/\">hypoth\u00e9caire<\/a> et vous r\u00e9pondre \u00e0 vos questions.<\/p>\r\n\r\n<p>Vous pouvez trouver et atteindre sur: <strong><span style=\"color: #339966;\">WhatsApp,<\/span> \u00a0<span style=\"color: #000080;\">imo,<\/span> \u00a0<span style=\"color: #339966;\">WeChat,<\/span> <span style=\"color: #000080;\">Viber,<\/span> <span style=\"color: #00ccff;\">Messenger<\/span><\/strong><\/p>\r\n<p><!-- \/wp:post-content -->\r\n\r\n<!-- wp:paragraph --><\/p>\r\n<p><strong>Emdadul Hoque, Courtier Immobilier<\/strong><\/p>\r\n<p><!-- \/wp:paragraph -->\r\n\r\n<!-- wp:paragraph --><\/p>\r\n<p><strong>\u260e +1 514 654 8890<\/strong><\/p>\r\n<p><!-- \/wp:paragraph -->\r\n\r\n<!-- wp:image {\"id\":4470,\"width\":262,\"height\":50} --><\/p>\r\n<figure class=\"wp-block-image is-resized\"><img decoding=\"async\" class=\"wp-image-4470\" src=\"https:\/\/realtyincanada.com\/\/wp-content\/uploads\/2019\/09\/WhatsApp-WeChat-Viber-imo-Messenger-300x57.jpg\" alt=\"\" width=\"262\" height=\"50\" srcset=\"https:\/\/realtyincanada.com\/wp-content\/uploads\/2019\/09\/WhatsApp-WeChat-Viber-imo-Messenger-300x57.jpg 300w, https:\/\/realtyincanada.com\/wp-content\/uploads\/2019\/09\/WhatsApp-WeChat-Viber-imo-Messenger-768x147.jpg 768w, https:\/\/realtyincanada.com\/wp-content\/uploads\/2019\/09\/WhatsApp-WeChat-Viber-imo-Messenger.jpg 873w\" sizes=\"(max-width: 262px) 100vw, 262px\" \/><\/figure>\r\n<p><!-- \/wp:image -->\r\n\r\n<!-- wp:paragraph --><\/p>\r\n<p style=\"text-align: left;\">Pour en savoir plus, appelez d\u00e8s aujourd&rsquo;hui au \u260e <strong>+ 1 514-654-8890<\/strong> ou envoyez un courriel \u00e0 <strong><a href=\"mailto:info@realtyincanada.com\">info@realtyincanada.com<\/a><\/strong> pour tous vos besoins immobiliers.<\/p>","protected":false},"excerpt":{"rendered":"<p>BIENVENUE ACHETEURS \u00c9TRANGERS! Avez-vous song\u00e9 \u00e0 vous lancer sur le march\u00e9 immobilier canadien ? Pour votre information, nous avons rassembl\u00e9 des ressources et un guide rapide concernant les r\u00e8gles de base et la r\u00e9glementation r\u00e9gissant l\u2019achat d\u2019une propri\u00e9t\u00e9 \u00e0 Montr\u00e9al, au Qu\u00e9bec, au Canada (ou dans toute autre province canadienne). [&hellip;]<\/p>\n","protected":false},"author":1,"featured_media":0,"parent":1344,"menu_order":0,"comment_status":"closed","ping_status":"closed","template":"","meta":{"_acf_changed":false,"footnotes":""},"class_list":["post-1789","page","type-page","status-publish","hentry"],"acf":[],"yoast_head":"<!-- This site is optimized with the Yoast SEO plugin v27.4 - https:\/\/yoast.com\/product\/yoast-seo-wordpress\/ -->\n<title>Acheteur \u00e9tranger \/ internationale - Realty in Canada<\/title>\n<meta name=\"robots\" content=\"index, follow, max-snippet:-1, max-image-preview:large, max-video-preview:-1\" \/>\n<link rel=\"canonical\" href=\"https:\/\/realtyincanada.com\/services\/international-buyer-foreigner\/\" \/>\n<meta property=\"og:locale\" content=\"fr_FR\" \/>\n<meta property=\"og:type\" content=\"article\" \/>\n<meta property=\"og:title\" content=\"Acheteur \u00e9tranger \/ internationale - Realty in Canada\" \/>\n<meta property=\"og:description\" content=\"BIENVENUE ACHETEURS \u00c9TRANGERS! Avez-vous song\u00e9 \u00e0 vous lancer sur le march\u00e9 immobilier canadien ? Pour votre information, nous avons rassembl\u00e9 des ressources et un guide rapide concernant les r\u00e8gles de base et la r\u00e9glementation r\u00e9gissant l\u2019achat d\u2019une propri\u00e9t\u00e9 \u00e0 Montr\u00e9al, au Qu\u00e9bec, au Canada (ou dans toute autre province canadienne). [&hellip;]\" \/>\n<meta property=\"og:url\" content=\"https:\/\/realtyincanada.com\/services\/international-buyer-foreigner\/\" \/>\n<meta property=\"og:site_name\" content=\"Realty in Canada\" \/>\n<meta property=\"article:modified_time\" content=\"2023-04-13T18:42:05+00:00\" \/>\n<meta property=\"og:image\" content=\"https:\/\/realtyincanada.com\/\/wp-content\/uploads\/2019\/09\/WhatsApp-WeChat-Viber-imo-Messenger-300x57.jpg\" \/>\n<meta name=\"twitter:card\" content=\"summary_large_image\" \/>\n<meta name=\"twitter:label1\" content=\"Dur\u00e9e de lecture estim\u00e9e\" \/>\n\t<meta name=\"twitter:data1\" content=\"6 minutes\" \/>\n<script type=\"application\/ld+json\" class=\"yoast-schema-graph\">{\"@context\":\"https:\\\/\\\/schema.org\",\"@graph\":[{\"@type\":\"WebPage\",\"@id\":\"https:\\\/\\\/realtyincanada.com\\\/services\\\/international-buyer-foreigner\\\/\",\"url\":\"https:\\\/\\\/realtyincanada.com\\\/services\\\/international-buyer-foreigner\\\/\",\"name\":\"Acheteur \u00e9tranger \\\/ internationale - Realty in Canada\",\"isPartOf\":{\"@id\":\"https:\\\/\\\/realtyincanada.com\\\/#website\"},\"primaryImageOfPage\":{\"@id\":\"https:\\\/\\\/realtyincanada.com\\\/services\\\/international-buyer-foreigner\\\/#primaryimage\"},\"image\":{\"@id\":\"https:\\\/\\\/realtyincanada.com\\\/services\\\/international-buyer-foreigner\\\/#primaryimage\"},\"thumbnailUrl\":\"https:\\\/\\\/realtyincanada.com\\\/\\\/wp-content\\\/uploads\\\/2019\\\/09\\\/WhatsApp-WeChat-Viber-imo-Messenger-300x57.jpg\",\"datePublished\":\"2019-03-05T20:38:22+00:00\",\"dateModified\":\"2023-04-13T18:42:05+00:00\",\"breadcrumb\":{\"@id\":\"https:\\\/\\\/realtyincanada.com\\\/services\\\/international-buyer-foreigner\\\/#breadcrumb\"},\"inLanguage\":\"fr-FR\",\"potentialAction\":[{\"@type\":\"ReadAction\",\"target\":[\"https:\\\/\\\/realtyincanada.com\\\/services\\\/international-buyer-foreigner\\\/\"]}]},{\"@type\":\"ImageObject\",\"inLanguage\":\"fr-FR\",\"@id\":\"https:\\\/\\\/realtyincanada.com\\\/services\\\/international-buyer-foreigner\\\/#primaryimage\",\"url\":\"https:\\\/\\\/realtyincanada.com\\\/\\\/wp-content\\\/uploads\\\/2019\\\/09\\\/WhatsApp-WeChat-Viber-imo-Messenger-300x57.jpg\",\"contentUrl\":\"https:\\\/\\\/realtyincanada.com\\\/\\\/wp-content\\\/uploads\\\/2019\\\/09\\\/WhatsApp-WeChat-Viber-imo-Messenger-300x57.jpg\"},{\"@type\":\"BreadcrumbList\",\"@id\":\"https:\\\/\\\/realtyincanada.com\\\/services\\\/international-buyer-foreigner\\\/#breadcrumb\",\"itemListElement\":[{\"@type\":\"ListItem\",\"position\":1,\"name\":\"Home\",\"item\":\"https:\\\/\\\/realtyincanada.com\\\/fr\\\/\"},{\"@type\":\"ListItem\",\"position\":2,\"name\":\"Services\",\"item\":\"https:\\\/\\\/realtyincanada.com\\\/fr\\\/services\\\/\"},{\"@type\":\"ListItem\",\"position\":3,\"name\":\"Acheteur \u00e9tranger \\\/ internationale\"}]},{\"@type\":\"WebSite\",\"@id\":\"https:\\\/\\\/realtyincanada.com\\\/#website\",\"url\":\"https:\\\/\\\/realtyincanada.com\\\/\",\"name\":\"Realty in Canada\",\"description\":\"Realty in Canada is your right choice for the best property agent in Canada. Contact us to buy, sell or rent your property.\",\"publisher\":{\"@id\":\"https:\\\/\\\/realtyincanada.com\\\/#organization\"},\"potentialAction\":[{\"@type\":\"SearchAction\",\"target\":{\"@type\":\"EntryPoint\",\"urlTemplate\":\"https:\\\/\\\/realtyincanada.com\\\/?s={search_term_string}\"},\"query-input\":{\"@type\":\"PropertyValueSpecification\",\"valueRequired\":true,\"valueName\":\"search_term_string\"}}],\"inLanguage\":\"fr-FR\"},{\"@type\":\"Organization\",\"@id\":\"https:\\\/\\\/realtyincanada.com\\\/#organization\",\"name\":\"Realty In Canada\",\"url\":\"https:\\\/\\\/realtyincanada.com\\\/\",\"logo\":{\"@type\":\"ImageObject\",\"inLanguage\":\"fr-FR\",\"@id\":\"https:\\\/\\\/realtyincanada.com\\\/#\\\/schema\\\/logo\\\/image\\\/\",\"url\":\"https:\\\/\\\/realtyincanada.com\\\/\\\/wp-content\\\/uploads\\\/2019\\\/08\\\/emdadul_hoque_final_footer_nopadding.png\",\"contentUrl\":\"https:\\\/\\\/realtyincanada.com\\\/\\\/wp-content\\\/uploads\\\/2019\\\/08\\\/emdadul_hoque_final_footer_nopadding.png\",\"width\":1490,\"height\":660,\"caption\":\"Realty In Canada\"},\"image\":{\"@id\":\"https:\\\/\\\/realtyincanada.com\\\/#\\\/schema\\\/logo\\\/image\\\/\"}}]}<\/script>\n<!-- \/ Yoast SEO plugin. -->","yoast_head_json":{"title":"Acheteur \u00e9tranger \/ internationale - Realty in Canada","robots":{"index":"index","follow":"follow","max-snippet":"max-snippet:-1","max-image-preview":"max-image-preview:large","max-video-preview":"max-video-preview:-1"},"canonical":"https:\/\/realtyincanada.com\/services\/international-buyer-foreigner\/","og_locale":"fr_FR","og_type":"article","og_title":"Acheteur \u00e9tranger \/ internationale - Realty in Canada","og_description":"BIENVENUE ACHETEURS \u00c9TRANGERS! Avez-vous song\u00e9 \u00e0 vous lancer sur le march\u00e9 immobilier canadien ? Pour votre information, nous avons rassembl\u00e9 des ressources et un guide rapide concernant les r\u00e8gles de base et la r\u00e9glementation r\u00e9gissant l\u2019achat d\u2019une propri\u00e9t\u00e9 \u00e0 Montr\u00e9al, au Qu\u00e9bec, au Canada (ou dans toute autre province canadienne). [&hellip;]","og_url":"https:\/\/realtyincanada.com\/services\/international-buyer-foreigner\/","og_site_name":"Realty in Canada","article_modified_time":"2023-04-13T18:42:05+00:00","og_image":[{"url":"https:\/\/realtyincanada.com\/\/wp-content\/uploads\/2019\/09\/WhatsApp-WeChat-Viber-imo-Messenger-300x57.jpg","type":"","width":"","height":""}],"twitter_card":"summary_large_image","twitter_misc":{"Dur\u00e9e de lecture estim\u00e9e":"6 minutes"},"schema":{"@context":"https:\/\/schema.org","@graph":[{"@type":"WebPage","@id":"https:\/\/realtyincanada.com\/services\/international-buyer-foreigner\/","url":"https:\/\/realtyincanada.com\/services\/international-buyer-foreigner\/","name":"Acheteur \u00e9tranger \/ internationale - Realty in Canada","isPartOf":{"@id":"https:\/\/realtyincanada.com\/#website"},"primaryImageOfPage":{"@id":"https:\/\/realtyincanada.com\/services\/international-buyer-foreigner\/#primaryimage"},"image":{"@id":"https:\/\/realtyincanada.com\/services\/international-buyer-foreigner\/#primaryimage"},"thumbnailUrl":"https:\/\/realtyincanada.com\/\/wp-content\/uploads\/2019\/09\/WhatsApp-WeChat-Viber-imo-Messenger-300x57.jpg","datePublished":"2019-03-05T20:38:22+00:00","dateModified":"2023-04-13T18:42:05+00:00","breadcrumb":{"@id":"https:\/\/realtyincanada.com\/services\/international-buyer-foreigner\/#breadcrumb"},"inLanguage":"fr-FR","potentialAction":[{"@type":"ReadAction","target":["https:\/\/realtyincanada.com\/services\/international-buyer-foreigner\/"]}]},{"@type":"ImageObject","inLanguage":"fr-FR","@id":"https:\/\/realtyincanada.com\/services\/international-buyer-foreigner\/#primaryimage","url":"https:\/\/realtyincanada.com\/\/wp-content\/uploads\/2019\/09\/WhatsApp-WeChat-Viber-imo-Messenger-300x57.jpg","contentUrl":"https:\/\/realtyincanada.com\/\/wp-content\/uploads\/2019\/09\/WhatsApp-WeChat-Viber-imo-Messenger-300x57.jpg"},{"@type":"BreadcrumbList","@id":"https:\/\/realtyincanada.com\/services\/international-buyer-foreigner\/#breadcrumb","itemListElement":[{"@type":"ListItem","position":1,"name":"Home","item":"https:\/\/realtyincanada.com\/fr\/"},{"@type":"ListItem","position":2,"name":"Services","item":"https:\/\/realtyincanada.com\/fr\/services\/"},{"@type":"ListItem","position":3,"name":"Acheteur \u00e9tranger \/ internationale"}]},{"@type":"WebSite","@id":"https:\/\/realtyincanada.com\/#website","url":"https:\/\/realtyincanada.com\/","name":"Realty in Canada","description":"Realty in Canada is your right choice for the best property agent in Canada. Contact us to buy, sell or rent your property.","publisher":{"@id":"https:\/\/realtyincanada.com\/#organization"},"potentialAction":[{"@type":"SearchAction","target":{"@type":"EntryPoint","urlTemplate":"https:\/\/realtyincanada.com\/?s={search_term_string}"},"query-input":{"@type":"PropertyValueSpecification","valueRequired":true,"valueName":"search_term_string"}}],"inLanguage":"fr-FR"},{"@type":"Organization","@id":"https:\/\/realtyincanada.com\/#organization","name":"Realty In Canada","url":"https:\/\/realtyincanada.com\/","logo":{"@type":"ImageObject","inLanguage":"fr-FR","@id":"https:\/\/realtyincanada.com\/#\/schema\/logo\/image\/","url":"https:\/\/realtyincanada.com\/\/wp-content\/uploads\/2019\/08\/emdadul_hoque_final_footer_nopadding.png","contentUrl":"https:\/\/realtyincanada.com\/\/wp-content\/uploads\/2019\/08\/emdadul_hoque_final_footer_nopadding.png","width":1490,"height":660,"caption":"Realty In Canada"},"image":{"@id":"https:\/\/realtyincanada.com\/#\/schema\/logo\/image\/"}}]}},"_links":{"self":[{"href":"https:\/\/realtyincanada.com\/fr\/wp-json\/wp\/v2\/pages\/1789","targetHints":{"allow":["GET"]}}],"collection":[{"href":"https:\/\/realtyincanada.com\/fr\/wp-json\/wp\/v2\/pages"}],"about":[{"href":"https:\/\/realtyincanada.com\/fr\/wp-json\/wp\/v2\/types\/page"}],"author":[{"embeddable":true,"href":"https:\/\/realtyincanada.com\/fr\/wp-json\/wp\/v2\/users\/1"}],"replies":[{"embeddable":true,"href":"https:\/\/realtyincanada.com\/fr\/wp-json\/wp\/v2\/comments?post=1789"}],"version-history":[{"count":42,"href":"https:\/\/realtyincanada.com\/fr\/wp-json\/wp\/v2\/pages\/1789\/revisions"}],"predecessor-version":[{"id":6287,"href":"https:\/\/realtyincanada.com\/fr\/wp-json\/wp\/v2\/pages\/1789\/revisions\/6287"}],"up":[{"embeddable":true,"href":"https:\/\/realtyincanada.com\/fr\/wp-json\/wp\/v2\/pages\/1344"}],"wp:attachment":[{"href":"https:\/\/realtyincanada.com\/fr\/wp-json\/wp\/v2\/media?parent=1789"}],"curies":[{"name":"wp","href":"https:\/\/api.w.org\/{rel}","templated":true}]}}