{"id":2286,"date":"2019-05-25T15:04:21","date_gmt":"2019-05-25T15:04:21","guid":{"rendered":"https:\/\/realtyincanada.com\/?page_id=2286"},"modified":"2019-09-01T14:47:16","modified_gmt":"2019-09-01T18:47:16","slug":"terrain","status":"publish","type":"page","link":"https:\/\/realtyincanada.com\/fr\/services\/terrain\/","title":{"rendered":"Terrain"},"content":{"rendered":"\n<p><strong>Vous \u00eates \u00e0 la recherche d\u2019un terrain r\u00e9sidentiel, agricole, commercial, industriel, agricole ou d\u2019affaires dans la grande r\u00e9gion de Montr\u00e9al et ses environs ou n\u2019importe o\u00f9 dans la province de Qu\u00e9bec pour d\u00e9velopper votre nouveau projet?<\/strong><\/p>\n\n\n\n<p>Nous\noffrons un service professionnel pour vous aider \u00e0 trouver des terrains\nr\u00e9sidentiel, agricole, commercial, industriel, agricole ou d\u2019affaires dans la\ngrande r\u00e9gion de Montr\u00e9al et ses environs ou n\u2019importe o\u00f9 au Qu\u00e9bec \u00e0\nd\u00e9velopper pour votre nouveau projet, nous aidons les propri\u00e9taires,\ninvestisseurs et occupants avec tous les aspects de vos besoins immobiliers.<\/p>\n\n\n\n<p><strong>TERRAINS POUR PROPRI\u00c9T\u00c9S R\u00c9SIDENTIELLES :<\/strong> Maison, Condo \/ Maison de ville \/ Coop, Maison neuve, Duplex, Triplex, Fourplex, Propri\u00e9t\u00e9 de vacances, Terrain, Chalet au bord de l\u2019eau, Chalet \/ Cabane \/ Maison de campagne, Terre agricole et chalet \u00e0 Mont-Tremblant, etc.<\/p>\n\n\n\n<p><strong>TERRAINS POUR PROPRI\u00c9T\u00c9S COMMERCIALES:<\/strong> Multi-Familiale, centre commercial Strip\u00a0 \/ Plaza &amp; Immeubles de placement, Terrains, etc.<\/p>\n\n\n\n<p><strong>TERRAINS POUR LES ENTREPRISES :<\/strong> Station-service (Esso, Shell, Ultramar, etc.), Motel, D\u00e9panneur, Restaurant, Resto Bar, Caf\u00e9, \u00c9picerie, D\u00e9panneur, D\u00e9panneur, D\u00e9panneur, Dollar, Boutique, Salon, etc.<\/p>\n\n\n\n<p><strong>TERRAINS POUR LA PROPRI\u00c9T\u00c9 AGRICOLE :<\/strong> Terres agricoles, Ferme agricole et Propri\u00e9t\u00e9 agricole. <\/p>\n\n\n\n<p><strong>TERRAIN POUR MAISON DE VACANCES :<\/strong> Cabin \/ Chalet \/ Maison de campagne : Station Mont-Tremblant, c&rsquo;est \u00e0 environ une heure et demie \/ 1\u00bd heures de route de Montr\u00e9al et Ottawa, Qu\u00e9bec, Canada. <\/p>\n\n\n\n<p><strong>TERRAIN POUR FRANCHISE RESTAURANTE : <\/strong>Burger King, PIZZERIA, QUIZNOS Subs, VALENTINE, SUSHI Shop, etc.<\/p>\n\n\n\n<p><strong>ACHAT DE TERRAINS POUR LES TAXES NON PAY\u00c9ES OU DE TERRAINS POUR LA VENTE OU LA VENTE D&rsquo;UN BIEN FISCAL : <\/strong>Une vente \u00e0 des fins fiscales est une vente d\u2019un bien immobilier par une autorit\u00e9 fiscale, comme le service des imp\u00f4ts d\u2019une ville, ou par le tribunal, comme dans une vente par un sh\u00e9rif, pour recouvrer les taxes en souffrance ou d\u2019autres dettes impos\u00e9es sur la propri\u00e9t\u00e9. N\u2019oubliez pas que si vous remportez une offre de vente aux fins de l\u2019imp\u00f4t, vous n\u2019\u00eates pas toujours assur\u00e9 d\u2019\u00eatre propri\u00e9taire de ce bien avant l\u2019expiration de la p\u00e9riode de rachat de 6 \u00e0 12 mois (la dur\u00e9e de cette p\u00e9riode est fond\u00e9e sur les r\u00e8gles de vente aux fins de l\u2019imp\u00f4t en vigueur dans votre r\u00e9gion). Pendant ce temps, l\u2019ancien propri\u00e9taire pourrait rembourser les dettes de la maison et r\u00e9clamer la pleine propri\u00e9t\u00e9 de la propri\u00e9t\u00e9. Vous serez rembours\u00e9 de votre argent (plus les int\u00e9r\u00eats jusqu\u2019\u00e0 la date de rachat), mais vous serez \u00e0 l\u2019ext\u00e9rieur d\u2019un immeuble de placement.<\/p>\n\n\n\n<p>? Pour plus d&rsquo;information, appelez au  \u260e <strong> 514-654-8890<\/strong> ou envoyez un courriel \u00e0 : <strong><a href=\"mailto:info@realtyincanada.com\">info@realtyincanada.com<\/a><\/strong> pour vos besoins immobiliers !<\/p>\n","protected":false},"excerpt":{"rendered":"<p>Vous \u00eates \u00e0 la recherche d\u2019un terrain r\u00e9sidentiel, agricole, commercial, industriel, agricole ou d\u2019affaires dans la grande r\u00e9gion de Montr\u00e9al et ses environs ou n\u2019importe o\u00f9 dans la province de Qu\u00e9bec pour d\u00e9velopper votre nouveau projet? Nous offrons un service professionnel pour vous aider \u00e0 trouver des terrains r\u00e9sidentiel, agricole, [&hellip;]<\/p>\n","protected":false},"author":4,"featured_media":0,"parent":1344,"menu_order":0,"comment_status":"closed","ping_status":"closed","template":"","meta":{"_acf_changed":false,"footnotes":""},"class_list":["post-2286","page","type-page","status-publish","hentry"],"acf":[],"yoast_head":"<!-- This site is optimized with the Yoast SEO plugin v27.4 - https:\/\/yoast.com\/product\/yoast-seo-wordpress\/ -->\n<title>Terrain - Realty in Canada<\/title>\n<meta name=\"robots\" content=\"index, follow, max-snippet:-1, max-image-preview:large, max-video-preview:-1\" \/>\n<link rel=\"canonical\" href=\"https:\/\/realtyincanada.com\/services\/land\/\" \/>\n<meta property=\"og:locale\" content=\"fr_FR\" \/>\n<meta property=\"og:type\" content=\"article\" \/>\n<meta property=\"og:title\" content=\"Terrain - Realty in Canada\" \/>\n<meta property=\"og:description\" content=\"Vous \u00eates \u00e0 la recherche d\u2019un terrain r\u00e9sidentiel, agricole, commercial, industriel, agricole ou d\u2019affaires dans la grande r\u00e9gion de Montr\u00e9al et ses environs ou n\u2019importe o\u00f9 dans la province de Qu\u00e9bec pour d\u00e9velopper votre nouveau projet? Nous offrons un service professionnel pour vous aider \u00e0 trouver des terrains r\u00e9sidentiel, agricole, [&hellip;]\" \/>\n<meta property=\"og:url\" content=\"https:\/\/realtyincanada.com\/services\/land\/\" \/>\n<meta property=\"og:site_name\" content=\"Realty in Canada\" \/>\n<meta property=\"article:modified_time\" content=\"2019-09-01T18:47:16+00:00\" \/>\n<meta property=\"og:image\" content=\"https:\/\/realtyincanada.com\/wp-content\/uploads\/2019\/02\/emdadul-hoque-og.jpg\" \/>\n\t<meta property=\"og:image:width\" content=\"1280\" \/>\n\t<meta property=\"og:image:height\" content=\"601\" \/>\n\t<meta property=\"og:image:type\" content=\"image\/jpeg\" \/>\n<meta name=\"twitter:card\" content=\"summary_large_image\" \/>\n<meta name=\"twitter:label1\" content=\"Dur\u00e9e de lecture estim\u00e9e\" \/>\n\t<meta name=\"twitter:data1\" content=\"2 minutes\" \/>\n<script type=\"application\/ld+json\" class=\"yoast-schema-graph\">{\"@context\":\"https:\\\/\\\/schema.org\",\"@graph\":[{\"@type\":\"WebPage\",\"@id\":\"https:\\\/\\\/realtyincanada.com\\\/services\\\/land\\\/\",\"url\":\"https:\\\/\\\/realtyincanada.com\\\/services\\\/land\\\/\",\"name\":\"Terrain - Realty in Canada\",\"isPartOf\":{\"@id\":\"https:\\\/\\\/realtyincanada.com\\\/#website\"},\"datePublished\":\"2019-05-25T15:04:21+00:00\",\"dateModified\":\"2019-09-01T18:47:16+00:00\",\"breadcrumb\":{\"@id\":\"https:\\\/\\\/realtyincanada.com\\\/services\\\/land\\\/#breadcrumb\"},\"inLanguage\":\"fr-FR\",\"potentialAction\":[{\"@type\":\"ReadAction\",\"target\":[\"https:\\\/\\\/realtyincanada.com\\\/services\\\/land\\\/\"]}]},{\"@type\":\"BreadcrumbList\",\"@id\":\"https:\\\/\\\/realtyincanada.com\\\/services\\\/land\\\/#breadcrumb\",\"itemListElement\":[{\"@type\":\"ListItem\",\"position\":1,\"name\":\"Home\",\"item\":\"https:\\\/\\\/realtyincanada.com\\\/fr\\\/\"},{\"@type\":\"ListItem\",\"position\":2,\"name\":\"Services\",\"item\":\"https:\\\/\\\/realtyincanada.com\\\/fr\\\/services\\\/\"},{\"@type\":\"ListItem\",\"position\":3,\"name\":\"Terrain\"}]},{\"@type\":\"WebSite\",\"@id\":\"https:\\\/\\\/realtyincanada.com\\\/#website\",\"url\":\"https:\\\/\\\/realtyincanada.com\\\/\",\"name\":\"Realty in Canada\",\"description\":\"Realty in Canada is your right choice for the best property agent in Canada. Contact us to buy, sell or rent your property.\",\"publisher\":{\"@id\":\"https:\\\/\\\/realtyincanada.com\\\/#organization\"},\"potentialAction\":[{\"@type\":\"SearchAction\",\"target\":{\"@type\":\"EntryPoint\",\"urlTemplate\":\"https:\\\/\\\/realtyincanada.com\\\/?s={search_term_string}\"},\"query-input\":{\"@type\":\"PropertyValueSpecification\",\"valueRequired\":true,\"valueName\":\"search_term_string\"}}],\"inLanguage\":\"fr-FR\"},{\"@type\":\"Organization\",\"@id\":\"https:\\\/\\\/realtyincanada.com\\\/#organization\",\"name\":\"Realty In Canada\",\"url\":\"https:\\\/\\\/realtyincanada.com\\\/\",\"logo\":{\"@type\":\"ImageObject\",\"inLanguage\":\"fr-FR\",\"@id\":\"https:\\\/\\\/realtyincanada.com\\\/#\\\/schema\\\/logo\\\/image\\\/\",\"url\":\"https:\\\/\\\/realtyincanada.com\\\/\\\/wp-content\\\/uploads\\\/2019\\\/08\\\/emdadul_hoque_final_footer_nopadding.png\",\"contentUrl\":\"https:\\\/\\\/realtyincanada.com\\\/\\\/wp-content\\\/uploads\\\/2019\\\/08\\\/emdadul_hoque_final_footer_nopadding.png\",\"width\":1490,\"height\":660,\"caption\":\"Realty In Canada\"},\"image\":{\"@id\":\"https:\\\/\\\/realtyincanada.com\\\/#\\\/schema\\\/logo\\\/image\\\/\"}}]}<\/script>\n<!-- \/ Yoast SEO plugin. -->","yoast_head_json":{"title":"Terrain - Realty in Canada","robots":{"index":"index","follow":"follow","max-snippet":"max-snippet:-1","max-image-preview":"max-image-preview:large","max-video-preview":"max-video-preview:-1"},"canonical":"https:\/\/realtyincanada.com\/services\/land\/","og_locale":"fr_FR","og_type":"article","og_title":"Terrain - Realty in Canada","og_description":"Vous \u00eates \u00e0 la recherche d\u2019un terrain r\u00e9sidentiel, agricole, commercial, industriel, agricole ou d\u2019affaires dans la grande r\u00e9gion de Montr\u00e9al et ses environs ou n\u2019importe o\u00f9 dans la province de Qu\u00e9bec pour d\u00e9velopper votre nouveau projet? Nous offrons un service professionnel pour vous aider \u00e0 trouver des terrains r\u00e9sidentiel, agricole, [&hellip;]","og_url":"https:\/\/realtyincanada.com\/services\/land\/","og_site_name":"Realty in Canada","article_modified_time":"2019-09-01T18:47:16+00:00","og_image":[{"width":1280,"height":601,"url":"https:\/\/realtyincanada.com\/wp-content\/uploads\/2019\/02\/emdadul-hoque-og.jpg","type":"image\/jpeg"}],"twitter_card":"summary_large_image","twitter_misc":{"Dur\u00e9e de lecture estim\u00e9e":"2 minutes"},"schema":{"@context":"https:\/\/schema.org","@graph":[{"@type":"WebPage","@id":"https:\/\/realtyincanada.com\/services\/land\/","url":"https:\/\/realtyincanada.com\/services\/land\/","name":"Terrain - Realty in Canada","isPartOf":{"@id":"https:\/\/realtyincanada.com\/#website"},"datePublished":"2019-05-25T15:04:21+00:00","dateModified":"2019-09-01T18:47:16+00:00","breadcrumb":{"@id":"https:\/\/realtyincanada.com\/services\/land\/#breadcrumb"},"inLanguage":"fr-FR","potentialAction":[{"@type":"ReadAction","target":["https:\/\/realtyincanada.com\/services\/land\/"]}]},{"@type":"BreadcrumbList","@id":"https:\/\/realtyincanada.com\/services\/land\/#breadcrumb","itemListElement":[{"@type":"ListItem","position":1,"name":"Home","item":"https:\/\/realtyincanada.com\/fr\/"},{"@type":"ListItem","position":2,"name":"Services","item":"https:\/\/realtyincanada.com\/fr\/services\/"},{"@type":"ListItem","position":3,"name":"Terrain"}]},{"@type":"WebSite","@id":"https:\/\/realtyincanada.com\/#website","url":"https:\/\/realtyincanada.com\/","name":"Realty in Canada","description":"Realty in Canada is your right choice for the best property agent in Canada. Contact us to buy, sell or rent your property.","publisher":{"@id":"https:\/\/realtyincanada.com\/#organization"},"potentialAction":[{"@type":"SearchAction","target":{"@type":"EntryPoint","urlTemplate":"https:\/\/realtyincanada.com\/?s={search_term_string}"},"query-input":{"@type":"PropertyValueSpecification","valueRequired":true,"valueName":"search_term_string"}}],"inLanguage":"fr-FR"},{"@type":"Organization","@id":"https:\/\/realtyincanada.com\/#organization","name":"Realty In Canada","url":"https:\/\/realtyincanada.com\/","logo":{"@type":"ImageObject","inLanguage":"fr-FR","@id":"https:\/\/realtyincanada.com\/#\/schema\/logo\/image\/","url":"https:\/\/realtyincanada.com\/\/wp-content\/uploads\/2019\/08\/emdadul_hoque_final_footer_nopadding.png","contentUrl":"https:\/\/realtyincanada.com\/\/wp-content\/uploads\/2019\/08\/emdadul_hoque_final_footer_nopadding.png","width":1490,"height":660,"caption":"Realty In Canada"},"image":{"@id":"https:\/\/realtyincanada.com\/#\/schema\/logo\/image\/"}}]}},"_links":{"self":[{"href":"https:\/\/realtyincanada.com\/fr\/wp-json\/wp\/v2\/pages\/2286","targetHints":{"allow":["GET"]}}],"collection":[{"href":"https:\/\/realtyincanada.com\/fr\/wp-json\/wp\/v2\/pages"}],"about":[{"href":"https:\/\/realtyincanada.com\/fr\/wp-json\/wp\/v2\/types\/page"}],"author":[{"embeddable":true,"href":"https:\/\/realtyincanada.com\/fr\/wp-json\/wp\/v2\/users\/4"}],"replies":[{"embeddable":true,"href":"https:\/\/realtyincanada.com\/fr\/wp-json\/wp\/v2\/comments?post=2286"}],"version-history":[{"count":13,"href":"https:\/\/realtyincanada.com\/fr\/wp-json\/wp\/v2\/pages\/2286\/revisions"}],"predecessor-version":[{"id":4150,"href":"https:\/\/realtyincanada.com\/fr\/wp-json\/wp\/v2\/pages\/2286\/revisions\/4150"}],"up":[{"embeddable":true,"href":"https:\/\/realtyincanada.com\/fr\/wp-json\/wp\/v2\/pages\/1344"}],"wp:attachment":[{"href":"https:\/\/realtyincanada.com\/fr\/wp-json\/wp\/v2\/media?parent=2286"}],"curies":[{"name":"wp","href":"https:\/\/api.w.org\/{rel}","templated":true}]}}