{"id":2362,"date":"2019-07-19T21:05:19","date_gmt":"2019-07-19T21:05:19","guid":{"rendered":"https:\/\/realtyincanada.com\/services\/residentials\/"},"modified":"2019-09-18T23:11:10","modified_gmt":"2019-09-19T03:11:10","slug":"residentials","status":"publish","type":"page","link":"https:\/\/realtyincanada.com\/fr\/services\/residentials\/","title":{"rendered":"R\u00e9sidentiel"},"content":{"rendered":"\n<h3 class=\"black wp-block-heading\"><strong>Services immobiliers r\u00e9sidentiels dans le Grand Montr\u00e9al, Canada!<\/strong><\/h3>\n\n\n\n<p>Vous recherchez un bien immobiliers r\u00e9sidentiels \u00e0 vendre ou \u00e0 acheter dans la r\u00e9gion de Montr\u00e9al? Nous offrons des services immobiliers r\u00e9sidentiels dans le Grand Montr\u00e9al et les r\u00e9gions avoisinantes. Nous aidons les propri\u00e9taires, les investisseurs et les occupants avec tous les aspects de vos besoins immobiliers.<\/p>\n\n\n\n<div class=\"wp-block-media-text alignwide\"><figure class=\"wp-block-media-text__media\"><img fetchpriority=\"high\" decoding=\"async\" width=\"628\" height=\"441\" src=\"https:\/\/realtyincanada.com\/\/wp-content\/uploads\/2019\/09\/image.png\" alt=\"\" class=\"wp-image-4090\" srcset=\"https:\/\/realtyincanada.com\/wp-content\/uploads\/2019\/09\/image.png 628w, https:\/\/realtyincanada.com\/wp-content\/uploads\/2019\/09\/image-300x211.png 300w\" sizes=\"(max-width: 628px) 100vw, 628px\" \/><\/figure><div class=\"wp-block-media-text__content\">\n<p>En tant qu&rsquo;agent immobilier, je peux vous aider \u00e0 trouver une maison, une entreprise et une hypoth\u00e8que pour un nouvel immigrant au Canada. <\/p>\n\n\n\n<p>\u00ab\u00a0Le Canada facilite l&rsquo;obtention d&rsquo;un pr\u00eat hypoth\u00e9caire pour un nouvel immigrant par rapport \u00e0 une personne \u00e9tablie ici.\u00a0\u00bb <\/p>\n<\/div><\/div>\n\n\n\n<p>Je pourrais proposer une \u00e9valuation gratuite de votre maison et de votre entreprise sur le march\u00e9. Pour vous assurer d&rsquo;obtenir la meilleure offre. Nous vous aidons, c&rsquo;est ce que nous faisons !! \u00c9conomisez des milliers de dollars !!<\/p>\n\n\n\n<p>En tant qu\u2019agent immobilier r\u00e9sidentiel\nprofessionnel, nous connaissons parfaitement les communaut\u00e9s et l\u2019industrie.\nQue vous soyez locateur, investisseur, occupant ou promoteur, lorsque vous nous\nchoisissez, vous b\u00e9n\u00e9ficiez d\u2019un \u00abguichet unique\u00bb pour tous vos besoins\nimmobiliers. De la recherche et de la s\u00e9lection des propri\u00e9t\u00e9s \u00e0 la gestion des\nprojets et des installations, en passant par l\u2019\u00e9valuation. Nous fournissons un\nensemble complet de services immobiliers commerciaux pour r\u00e9pondre \u00e0 vos\nbesoins les plus complexes.<\/p>\n\n\n\n<p>Notre exp\u00e9rience dans l\u2019achat, la vente et la\nlocation d\u2019immeubles commerciaux combin\u00e9e \u00e0 une sp\u00e9cialisation en bureaux,\ncommerces de d\u00e9tail, industries, terrains et investissements pour vos besoins\nen immobilier r\u00e9sidentiel. Le service est compl\u00e9t\u00e9 par une capacit\u00e9 \u00e0 fournir\ndes recherches, des relations et une expertise in\u00e9gal\u00e9es \u00e0 notre client.<\/p>\n\n\n\n<p>Nous trouvons ici des entreprises, des propri\u00e9t\u00e9s\nmultifamiliales, des terrains, des propri\u00e9t\u00e9s agricoles, des bureaux, des\nespaces de vente au d\u00e9tail ainsi que des opportunit\u00e9s d\u2019investissements dans\nles domaines de l\u2019h\u00f4tellerie et de l\u2019industrie \u2013 partout au Canada.<\/p>\n\n\n\n<p>Que vous recherchiez une maison neuve ou une\nnouvelle maison en construction pour votre famille&nbsp;; ou que vous soyez\npr\u00eat \u00e0 acheter, vendre ou louer votre propri\u00e9t\u00e9, nous sommes \u00e0 votre\ndisposition. Notre \u00e9quipe immobili\u00e8re vous fournira l\u2019ensemble des services\nn\u00e9cessaires \u00e0 tous les achats, ventes ou locations r\u00e9sidentielles et\ncommerciales.<\/p>\n\n\n\n<p>Aucun projet n\u2019est trop grand ou petit. Nous\nfournissons des analyses de qualit\u00e9 et des conseils en transaction dans les\ndomaines de services suivants:<\/p>\n\n\n\n<ul class=\"wp-block-list\"><li><strong>Maison unifamiliale \u2013 Comme; Bungalow, maison en rang\u00e9e, chalet,      copropri\u00e9t\u00e9 \/ appartement et maison de vacances, etc.<\/strong><\/li><li><strong>Achat et vente de biens immobiliers r\u00e9sidentiels<\/strong><\/li><li><strong>Vente r\u00e9sidentielle et location<\/strong><\/li><li><strong>D\u00e9veloppement de terrains et de nouveaux projets<\/strong><\/li><\/ul>\n\n\n\n<p><strong> Propri\u00e9t\u00e9 commerciale:&nbsp;<\/strong>Immeuble d\u2019appartements multiplex \/ Unit\u00e9s multifamiliales, Centre commercial Strip, Centre commercial, Place et propri\u00e9t\u00e9 d\u2019investissement, Terrain, etc.<\/p>\n\n\n\n<p><strong>Propri\u00e9t\u00e9 en&nbsp; reprise bancaire:<\/strong>&nbsp;Banque reprise \/ saisie Propri\u00e9t\u00e9.<\/p>\n\n\n\n<p><strong>Propri\u00e9t\u00e9 Agricole: <\/strong>terres agricoles, ferme agricole et propri\u00e9t\u00e9 agricole.<\/p>\n\n\n<p>Il est toujours pr\u00e9f\u00e9rable de travailler avec un agent immobilier local pour aider \u00e0 simplifier le processus et gagner du temps. L\u2019agent immobilier vous aidera \u00e0 &nbsp;comprendre et d\u00e9chiffrer les formalit\u00e9s administratives li\u00e9es aux transactions telles que l\u2019achat de votre nouvelle propri\u00e9t\u00e9. Avec un agent immobilier, vous obtenez un partenaire commercial dont le principal objectif est de vous aider \u00e0 trouver le bon espace pour vous et votre entreprise, au meilleur prix possible pour vos besoins immobiliers.<\/p>\n\n\n<p><strong>\u00c9valuations de propri\u00e9t\u00e9s r\u00e9sidentielles<\/strong><\/p>\n\n\n\n<p>Nous fournissons des \u00e9valuations gratuites de propri\u00e9t\u00e9s r\u00e9sidentielles, tant pour le b\u00e2timent que pour le terrain. Veuillez compl\u00e9ter les informations suivantes et nous vous contacterons dans les plus brefs d\u00e9lais.<\/p>\n\n\n\n<div class=\"wpcf7 no-js\" id=\"wpcf7-f3041-o1\" lang=\"en-US\" dir=\"ltr\" data-wpcf7-id=\"3041\">\n<div class=\"screen-reader-response\"><p role=\"status\" aria-live=\"polite\" aria-atomic=\"true\"><\/p> <ul><\/ul><\/div>\n<form action=\"\/fr\/wp-json\/wp\/v2\/pages\/2362#wpcf7-f3041-o1\" method=\"post\" class=\"wpcf7-form init\" aria-label=\"Contact form\" novalidate=\"novalidate\" data-status=\"init\">\n<fieldset class=\"hidden-fields-container\"><input type=\"hidden\" name=\"_wpcf7\" value=\"3041\" \/><input type=\"hidden\" name=\"_wpcf7_version\" value=\"6.1.5\" \/><input type=\"hidden\" name=\"_wpcf7_locale\" value=\"en_US\" \/><input type=\"hidden\" name=\"_wpcf7_unit_tag\" value=\"wpcf7-f3041-o1\" \/><input type=\"hidden\" name=\"_wpcf7_container_post\" value=\"0\" \/><input type=\"hidden\" name=\"_wpcf7_posted_data_hash\" value=\"\" \/><input type=\"hidden\" name=\"_wpcf7_recaptcha_response\" value=\"\" \/>\n<\/fieldset>\n<div class=\"row evalutaion-form-cf7\">\n\t<div class=\"col-md-6 col-xs-12\">\n\t\t<h3 class=\"form-section-title\">Informations G\u00e9n\u00e9rales\n\t\t<\/h3>\n\t\t<p><span class=\"wpcf7-form-control-wrap\" data-name=\"nom\"><input size=\"40\" maxlength=\"400\" class=\"wpcf7-form-control wpcf7-text wpcf7-validates-as-required\" aria-required=\"true\" aria-invalid=\"false\" placeholder=\"Nom\" value=\"\" type=\"text\" name=\"nom\" \/><\/span><br \/>\n<span class=\"wpcf7-form-control-wrap\" data-name=\"company\"><input size=\"40\" maxlength=\"400\" class=\"wpcf7-form-control wpcf7-text\" aria-invalid=\"false\" placeholder=\"Nom de compagnie\" value=\"\" type=\"text\" name=\"company\" \/><\/span><br \/>\n<span class=\"wpcf7-form-control-wrap\" data-name=\"email\"><input size=\"40\" maxlength=\"400\" class=\"wpcf7-form-control wpcf7-email wpcf7-validates-as-required wpcf7-text wpcf7-validates-as-email\" aria-required=\"true\" aria-invalid=\"false\" placeholder=\"Courriel\" value=\"\" type=\"email\" name=\"email\" \/><\/span><br \/>\n<span class=\"wpcf7-form-control-wrap\" data-name=\"phone\"><input size=\"40\" maxlength=\"400\" class=\"wpcf7-form-control wpcf7-tel wpcf7-validates-as-required wpcf7-text wpcf7-validates-as-tel\" aria-required=\"true\" aria-invalid=\"false\" placeholder=\"T\u00e9l\u00e9phone\" value=\"\" type=\"tel\" name=\"phone\" \/><\/span><br \/>\n<span class=\"wpcf7-form-control-wrap\" data-name=\"address\"><input size=\"40\" maxlength=\"400\" class=\"wpcf7-form-control wpcf7-text wpcf7-validates-as-required\" aria-required=\"true\" aria-invalid=\"false\" placeholder=\"Adresse\" value=\"\" type=\"text\" name=\"address\" \/><\/span><br \/>\n<span class=\"wpcf7-form-control-wrap\" data-name=\"city\"><input size=\"40\" maxlength=\"400\" class=\"wpcf7-form-control wpcf7-text wpcf7-validates-as-required\" aria-required=\"true\" aria-invalid=\"false\" placeholder=\"Ville\" value=\"\" type=\"text\" name=\"city\" \/><\/span><br \/>\n<span class=\"wpcf7-form-control-wrap\" data-name=\"postal\"><input size=\"40\" maxlength=\"400\" class=\"wpcf7-form-control wpcf7-text wpcf7-validates-as-required\" aria-required=\"true\" aria-invalid=\"false\" placeholder=\"Code Postal\" value=\"\" type=\"text\" name=\"postal\" \/><\/span><br \/>\n<label for=\"property-type-desktop\"><\/label>\n\t\t<\/p>\n\t<\/div>\n\t<div class=\"col-md-6 col-xs-12\">\n\t<hr class=\"hidden-md-up\" \/>\n\t\t<h3 class=\"form-section-title\">D\u00e9tails De La Propri\u00e9t\u00e9\n\t\t<\/h3>\n\t\t<p><span class=\"wpcf7-form-control-wrap\" data-name=\"property-type-desktop\"><select class=\"wpcf7-form-control wpcf7-select wpcf7-validates-as-required\" aria-required=\"true\" aria-invalid=\"false\" name=\"property-type-desktop\"><option value=\"\">Type de la propri\u00e9t\u00e9<\/option><option value=\"Appartement\">Appartement<\/option><option value=\"B\u00e2timent et vente d\u2019entreprise\">B\u00e2timent et vente d\u2019entreprise<\/option><option value=\"Bungalow\">Bungalow<\/option><option value=\"Chalet\">Chalet<\/option><option value=\"B\u00e2timent commercial et terrain\">B\u00e2timent commercial et terrain<\/option><option value=\"B\u00e2timent commercial \/ bureau\">B\u00e2timent commercial \/ bureau<\/option><option value=\"Espace de location commercial \/ bureau\">Espace de location commercial \/ bureau<\/option><option value=\"Garderie\">Garderie<\/option><option value=\"Duplex\">Duplex<\/option><option value=\"Ferme\">Ferme<\/option><option value=\"Ferme de loisirs\">Ferme de loisirs<\/option><option value=\"B\u00e2timent industriel\">B\u00e2timent industriel<\/option><option value=\"B\u00e2timent industriel et terrain\">B\u00e2timent industriel et terrain<\/option><option value=\"Condo Industriel\">Condo Industriel<\/option><option value=\"Location d\u2019espaces industriels\">Location d\u2019espaces industriels<\/option><option value=\"Loft \/ Studio\">Loft \/ Studio<\/option><option value=\"Maison mobile\">Maison mobile<\/option><option value=\"Maison d\u2019un \u00e9tage et demi\">Maison d\u2019un \u00e9tage et demi<\/option><option value=\"Quadruplex\">Quadruplex<\/option><option value=\"Quintuplex\">Quintuplex<\/option><option value=\"\u00c0 deux niveaux\">\u00c0 deux niveaux<\/option><option value=\"Triplex\">Triplex<\/option><option value=\"Maison \u00e0 \u00e9tages\">Maison \u00e0 \u00e9tages<\/option><option value=\"Terrain vacant\">Terrain vacant<\/option><option value=\"Terre \u00e0 Bois\">Terre \u00e0 Bois<\/option><\/select><\/span><br \/>\n<span class=\"wpcf7-form-control-wrap\" data-name=\"bedrooms\"><input class=\"wpcf7-form-control wpcf7-number wpcf7-validates-as-required wpcf7-validates-as-number\" min=\"1\" max=\"25\" aria-required=\"true\" aria-invalid=\"false\" placeholder=\"Chambres\" value=\"\" type=\"number\" name=\"bedrooms\" \/><\/span><br \/>\n<span class=\"wpcf7-form-control-wrap\" data-name=\"bathrooms\"><input class=\"wpcf7-form-control wpcf7-number wpcf7-validates-as-required wpcf7-validates-as-number\" min=\"1\" max=\"25\" aria-required=\"true\" aria-invalid=\"false\" placeholder=\"Salles de bains\" value=\"\" type=\"number\" name=\"bathrooms\" \/><\/span><br \/>\n<span class=\"wpcf7-form-control-wrap\" data-name=\"size\"><input class=\"wpcf7-form-control wpcf7-number wpcf7-validates-as-required wpcf7-validates-as-number\" min=\"100\" max=\"10000\" aria-required=\"true\" aria-invalid=\"false\" placeholder=\"Taille (pi ca)\" value=\"\" type=\"number\" name=\"size\" \/><\/span><br \/>\n<span class=\"wpcf7-form-control-wrap\" data-name=\"features\"><textarea cols=\"40\" rows=\"10\" maxlength=\"2000\" class=\"wpcf7-form-control wpcf7-textarea wpcf7-validates-as-required\" aria-required=\"true\" aria-invalid=\"false\" placeholder=\"Caract\u00e9ristiques \/ Commentaires\" name=\"features\"><\/textarea><\/span>\n\t\t<\/p>\n\t<\/div>\n\t<div class=\"col-xs-12\">\n\t\t<p><button type=\"submit\" style=\"margin: -32px auto; width: 140px;\" class=\"cta-blog\">Envoyer<\/button>\n\t\t<\/p>\n\t<\/div>\n<\/div><p style=\"display: none !important;\" class=\"akismet-fields-container\" data-prefix=\"_wpcf7_ak_\"><label>&#916;<textarea name=\"_wpcf7_ak_hp_textarea\" cols=\"45\" rows=\"8\" maxlength=\"100\"><\/textarea><\/label><input type=\"hidden\" id=\"ak_js_1\" name=\"_wpcf7_ak_js\" value=\"134\"\/><script type=\"text\/javascript\">\n\/* <![CDATA[ *\/\ndocument.getElementById( \"ak_js_1\" ).setAttribute( \"value\", ( new Date() ).getTime() );\n\/* ]]> *\/\n<\/script>\n<\/p><div class=\"wpcf7-response-output\" aria-hidden=\"true\"><\/div>\n<\/form>\n<\/div>\n\n\n\n\n<p><\/p>\n\n\n\n<p>? Appelez d\u00e8s aujourd&rsquo;hui au: \u260e <strong>514-654-8890<\/strong> ou envoyez un courriel \u00e0:<strong><a href=\"mailto:info@realtyincanada.com\">info@realtyincanada.com<\/a><\/strong> pour tous vos besoins immobiliers.!!<\/p>\n","protected":false},"excerpt":{"rendered":"<p>Services immobiliers r\u00e9sidentiels dans le Grand Montr\u00e9al, Canada! Vous recherchez un bien immobiliers r\u00e9sidentiels \u00e0 vendre ou \u00e0 acheter dans la r\u00e9gion de Montr\u00e9al? Nous offrons des services immobiliers r\u00e9sidentiels dans le Grand Montr\u00e9al et les r\u00e9gions avoisinantes. Nous aidons les propri\u00e9taires, les investisseurs et les occupants avec tous les [&hellip;]<\/p>\n","protected":false},"author":1,"featured_media":0,"parent":1344,"menu_order":0,"comment_status":"closed","ping_status":"closed","template":"","meta":{"_acf_changed":false,"footnotes":""},"class_list":["post-2362","page","type-page","status-publish","hentry"],"acf":[],"yoast_head":"<!-- This site is optimized with the Yoast SEO plugin v27.5 - https:\/\/yoast.com\/product\/yoast-seo-wordpress\/ -->\n<title>R\u00e9sidentiel - Realty in Canada<\/title>\n<meta name=\"robots\" content=\"index, follow, max-snippet:-1, max-image-preview:large, max-video-preview:-1\" \/>\n<link rel=\"canonical\" href=\"https:\/\/realtyincanada.com\/services\/residentials\/\" \/>\n<meta property=\"og:locale\" content=\"fr_FR\" \/>\n<meta property=\"og:type\" content=\"article\" \/>\n<meta property=\"og:title\" content=\"R\u00e9sidentiel - Realty in Canada\" \/>\n<meta property=\"og:description\" content=\"Services immobiliers r\u00e9sidentiels dans le Grand Montr\u00e9al, Canada! Vous recherchez un bien immobiliers r\u00e9sidentiels \u00e0 vendre ou \u00e0 acheter dans la r\u00e9gion de Montr\u00e9al? Nous offrons des services immobiliers r\u00e9sidentiels dans le Grand Montr\u00e9al et les r\u00e9gions avoisinantes. Nous aidons les propri\u00e9taires, les investisseurs et les occupants avec tous les [&hellip;]\" \/>\n<meta property=\"og:url\" content=\"https:\/\/realtyincanada.com\/services\/residentials\/\" \/>\n<meta property=\"og:site_name\" content=\"Realty in Canada\" \/>\n<meta property=\"article:modified_time\" content=\"2019-09-19T03:11:10+00:00\" \/>\n<meta property=\"og:image\" content=\"https:\/\/realtyincanada.com\/\/wp-content\/uploads\/2019\/09\/image.png\" \/>\n<meta name=\"twitter:card\" content=\"summary_large_image\" \/>\n<meta name=\"twitter:label1\" content=\"Dur\u00e9e de lecture estim\u00e9e\" \/>\n\t<meta name=\"twitter:data1\" content=\"3 minutes\" \/>\n<script type=\"application\/ld+json\" class=\"yoast-schema-graph\">{\"@context\":\"https:\\\/\\\/schema.org\",\"@graph\":[{\"@type\":\"WebPage\",\"@id\":\"https:\\\/\\\/realtyincanada.com\\\/services\\\/residentials\\\/\",\"url\":\"https:\\\/\\\/realtyincanada.com\\\/services\\\/residentials\\\/\",\"name\":\"R\u00e9sidentiel - Realty in Canada\",\"isPartOf\":{\"@id\":\"https:\\\/\\\/realtyincanada.com\\\/#website\"},\"primaryImageOfPage\":{\"@id\":\"https:\\\/\\\/realtyincanada.com\\\/services\\\/residentials\\\/#primaryimage\"},\"image\":{\"@id\":\"https:\\\/\\\/realtyincanada.com\\\/services\\\/residentials\\\/#primaryimage\"},\"thumbnailUrl\":\"https:\\\/\\\/realtyincanada.com\\\/\\\/wp-content\\\/uploads\\\/2019\\\/09\\\/image.png\",\"datePublished\":\"2019-07-19T21:05:19+00:00\",\"dateModified\":\"2019-09-19T03:11:10+00:00\",\"breadcrumb\":{\"@id\":\"https:\\\/\\\/realtyincanada.com\\\/services\\\/residentials\\\/#breadcrumb\"},\"inLanguage\":\"fr-FR\",\"potentialAction\":[{\"@type\":\"ReadAction\",\"target\":[\"https:\\\/\\\/realtyincanada.com\\\/services\\\/residentials\\\/\"]}]},{\"@type\":\"ImageObject\",\"inLanguage\":\"fr-FR\",\"@id\":\"https:\\\/\\\/realtyincanada.com\\\/services\\\/residentials\\\/#primaryimage\",\"url\":\"https:\\\/\\\/realtyincanada.com\\\/\\\/wp-content\\\/uploads\\\/2019\\\/09\\\/image.png\",\"contentUrl\":\"https:\\\/\\\/realtyincanada.com\\\/\\\/wp-content\\\/uploads\\\/2019\\\/09\\\/image.png\"},{\"@type\":\"BreadcrumbList\",\"@id\":\"https:\\\/\\\/realtyincanada.com\\\/services\\\/residentials\\\/#breadcrumb\",\"itemListElement\":[{\"@type\":\"ListItem\",\"position\":1,\"name\":\"Home\",\"item\":\"https:\\\/\\\/realtyincanada.com\\\/fr\\\/\"},{\"@type\":\"ListItem\",\"position\":2,\"name\":\"Services\",\"item\":\"https:\\\/\\\/realtyincanada.com\\\/fr\\\/services\\\/\"},{\"@type\":\"ListItem\",\"position\":3,\"name\":\"R\u00e9sidentiel\"}]},{\"@type\":\"WebSite\",\"@id\":\"https:\\\/\\\/realtyincanada.com\\\/#website\",\"url\":\"https:\\\/\\\/realtyincanada.com\\\/\",\"name\":\"Realty in Canada\",\"description\":\"Realty in Canada is your right choice for the best property agent in Canada. Contact us to buy, sell or rent your property.\",\"publisher\":{\"@id\":\"https:\\\/\\\/realtyincanada.com\\\/#organization\"},\"potentialAction\":[{\"@type\":\"SearchAction\",\"target\":{\"@type\":\"EntryPoint\",\"urlTemplate\":\"https:\\\/\\\/realtyincanada.com\\\/?s={search_term_string}\"},\"query-input\":{\"@type\":\"PropertyValueSpecification\",\"valueRequired\":true,\"valueName\":\"search_term_string\"}}],\"inLanguage\":\"fr-FR\"},{\"@type\":\"Organization\",\"@id\":\"https:\\\/\\\/realtyincanada.com\\\/#organization\",\"name\":\"Realty In Canada\",\"url\":\"https:\\\/\\\/realtyincanada.com\\\/\",\"logo\":{\"@type\":\"ImageObject\",\"inLanguage\":\"fr-FR\",\"@id\":\"https:\\\/\\\/realtyincanada.com\\\/#\\\/schema\\\/logo\\\/image\\\/\",\"url\":\"https:\\\/\\\/realtyincanada.com\\\/\\\/wp-content\\\/uploads\\\/2019\\\/08\\\/emdadul_hoque_final_footer_nopadding.png\",\"contentUrl\":\"https:\\\/\\\/realtyincanada.com\\\/\\\/wp-content\\\/uploads\\\/2019\\\/08\\\/emdadul_hoque_final_footer_nopadding.png\",\"width\":1490,\"height\":660,\"caption\":\"Realty In Canada\"},\"image\":{\"@id\":\"https:\\\/\\\/realtyincanada.com\\\/#\\\/schema\\\/logo\\\/image\\\/\"}}]}<\/script>\n<!-- \/ Yoast SEO plugin. -->","yoast_head_json":{"title":"R\u00e9sidentiel - Realty in Canada","robots":{"index":"index","follow":"follow","max-snippet":"max-snippet:-1","max-image-preview":"max-image-preview:large","max-video-preview":"max-video-preview:-1"},"canonical":"https:\/\/realtyincanada.com\/services\/residentials\/","og_locale":"fr_FR","og_type":"article","og_title":"R\u00e9sidentiel - Realty in Canada","og_description":"Services immobiliers r\u00e9sidentiels dans le Grand Montr\u00e9al, Canada! Vous recherchez un bien immobiliers r\u00e9sidentiels \u00e0 vendre ou \u00e0 acheter dans la r\u00e9gion de Montr\u00e9al? Nous offrons des services immobiliers r\u00e9sidentiels dans le Grand Montr\u00e9al et les r\u00e9gions avoisinantes. Nous aidons les propri\u00e9taires, les investisseurs et les occupants avec tous les [&hellip;]","og_url":"https:\/\/realtyincanada.com\/services\/residentials\/","og_site_name":"Realty in Canada","article_modified_time":"2019-09-19T03:11:10+00:00","og_image":[{"url":"https:\/\/realtyincanada.com\/\/wp-content\/uploads\/2019\/09\/image.png","type":"","width":"","height":""}],"twitter_card":"summary_large_image","twitter_misc":{"Dur\u00e9e de lecture estim\u00e9e":"3 minutes"},"schema":{"@context":"https:\/\/schema.org","@graph":[{"@type":"WebPage","@id":"https:\/\/realtyincanada.com\/services\/residentials\/","url":"https:\/\/realtyincanada.com\/services\/residentials\/","name":"R\u00e9sidentiel - Realty in Canada","isPartOf":{"@id":"https:\/\/realtyincanada.com\/#website"},"primaryImageOfPage":{"@id":"https:\/\/realtyincanada.com\/services\/residentials\/#primaryimage"},"image":{"@id":"https:\/\/realtyincanada.com\/services\/residentials\/#primaryimage"},"thumbnailUrl":"https:\/\/realtyincanada.com\/\/wp-content\/uploads\/2019\/09\/image.png","datePublished":"2019-07-19T21:05:19+00:00","dateModified":"2019-09-19T03:11:10+00:00","breadcrumb":{"@id":"https:\/\/realtyincanada.com\/services\/residentials\/#breadcrumb"},"inLanguage":"fr-FR","potentialAction":[{"@type":"ReadAction","target":["https:\/\/realtyincanada.com\/services\/residentials\/"]}]},{"@type":"ImageObject","inLanguage":"fr-FR","@id":"https:\/\/realtyincanada.com\/services\/residentials\/#primaryimage","url":"https:\/\/realtyincanada.com\/\/wp-content\/uploads\/2019\/09\/image.png","contentUrl":"https:\/\/realtyincanada.com\/\/wp-content\/uploads\/2019\/09\/image.png"},{"@type":"BreadcrumbList","@id":"https:\/\/realtyincanada.com\/services\/residentials\/#breadcrumb","itemListElement":[{"@type":"ListItem","position":1,"name":"Home","item":"https:\/\/realtyincanada.com\/fr\/"},{"@type":"ListItem","position":2,"name":"Services","item":"https:\/\/realtyincanada.com\/fr\/services\/"},{"@type":"ListItem","position":3,"name":"R\u00e9sidentiel"}]},{"@type":"WebSite","@id":"https:\/\/realtyincanada.com\/#website","url":"https:\/\/realtyincanada.com\/","name":"Realty in Canada","description":"Realty in Canada is your right choice for the best property agent in Canada. Contact us to buy, sell or rent your property.","publisher":{"@id":"https:\/\/realtyincanada.com\/#organization"},"potentialAction":[{"@type":"SearchAction","target":{"@type":"EntryPoint","urlTemplate":"https:\/\/realtyincanada.com\/?s={search_term_string}"},"query-input":{"@type":"PropertyValueSpecification","valueRequired":true,"valueName":"search_term_string"}}],"inLanguage":"fr-FR"},{"@type":"Organization","@id":"https:\/\/realtyincanada.com\/#organization","name":"Realty In Canada","url":"https:\/\/realtyincanada.com\/","logo":{"@type":"ImageObject","inLanguage":"fr-FR","@id":"https:\/\/realtyincanada.com\/#\/schema\/logo\/image\/","url":"https:\/\/realtyincanada.com\/\/wp-content\/uploads\/2019\/08\/emdadul_hoque_final_footer_nopadding.png","contentUrl":"https:\/\/realtyincanada.com\/\/wp-content\/uploads\/2019\/08\/emdadul_hoque_final_footer_nopadding.png","width":1490,"height":660,"caption":"Realty In Canada"},"image":{"@id":"https:\/\/realtyincanada.com\/#\/schema\/logo\/image\/"}}]}},"_links":{"self":[{"href":"https:\/\/realtyincanada.com\/fr\/wp-json\/wp\/v2\/pages\/2362","targetHints":{"allow":["GET"]}}],"collection":[{"href":"https:\/\/realtyincanada.com\/fr\/wp-json\/wp\/v2\/pages"}],"about":[{"href":"https:\/\/realtyincanada.com\/fr\/wp-json\/wp\/v2\/types\/page"}],"author":[{"embeddable":true,"href":"https:\/\/realtyincanada.com\/fr\/wp-json\/wp\/v2\/users\/1"}],"replies":[{"embeddable":true,"href":"https:\/\/realtyincanada.com\/fr\/wp-json\/wp\/v2\/comments?post=2362"}],"version-history":[{"count":39,"href":"https:\/\/realtyincanada.com\/fr\/wp-json\/wp\/v2\/pages\/2362\/revisions"}],"predecessor-version":[{"id":4554,"href":"https:\/\/realtyincanada.com\/fr\/wp-json\/wp\/v2\/pages\/2362\/revisions\/4554"}],"up":[{"embeddable":true,"href":"https:\/\/realtyincanada.com\/fr\/wp-json\/wp\/v2\/pages\/1344"}],"wp:attachment":[{"href":"https:\/\/realtyincanada.com\/fr\/wp-json\/wp\/v2\/media?parent=2362"}],"curies":[{"name":"wp","href":"https:\/\/api.w.org\/{rel}","templated":true}]}}