{"id":2369,"date":"2019-07-19T21:11:21","date_gmt":"2019-07-19T21:11:21","guid":{"rendered":"https:\/\/realtyincanada.com\/services\/land\/"},"modified":"2021-10-27T22:33:17","modified_gmt":"2021-10-28T02:33:17","slug":"rentals","status":"publish","type":"page","link":"https:\/\/realtyincanada.com\/fr\/services\/rentals\/","title":{"rendered":"Location"},"content":{"rendered":"\n<p><strong>Services de location immobili\u00e8re dans la grande r\u00e9gion de Montr\u00e9al, Canada !<\/strong><\/p>\n\n\n\n<p><strong>Trouvez l&rsquo;appartement que vous voulez vraiment<\/strong><\/p>\n\n\n\n<p>Vous \u00eates \u00e0 la recherche d\u2019un appartement, d\u2019une r\u00e9sidence ou d\u2019un local commercial et industriel ou d\u2019une propri\u00e9t\u00e9 dans la r\u00e9gion de Montr\u00e9al ses environs? Nous offrons des services de location r\u00e9sidentielle et commerciale dans la grande r\u00e9gion de Montr\u00e9al et ses environs. Nous aidons les propri\u00e9taires, les investisseurs et les occupants tous les aspects de leurs besoins de location d\u2019appartements.<\/p>\n\n\n\n<p>Il est assez facile de trouver un logement\nabordable \u00e0 Montr\u00e9al, le plus difficile est d\u2019en trouver un que l\u2019on veut\nvraiment. Le bon emplacement, la bonne taille et le bon prix sont les facteurs\nd\u00e9terminants de base, mais il y a tellement plus \u00e0 faire lorsqu\u2019il s\u2019agit de\nfaire toute la diff\u00e9rence entre une maison heureuse et juste un endroit pour\ngarder vos affaires.<\/p>\n\n\n\n<p>Je pourrais vous offrir une \u00e9valuation gratuite du\nmarch\u00e9 locatif de votre maison et de votre entreprise. Pour \u00eatre s\u00fbr d\u2019obtenir\nla meilleure offre. Vous aider, c\u2019est ce que nous faisons !<\/p>\n\n\n\n<p>Notre exp\u00e9rience dans la vente et la location de\npropri\u00e9t\u00e9s locatives, combin\u00e9e \u00e0 notre sp\u00e9cialisation dans les bureaux, le\ncommerce de d\u00e9tail, l\u2019industrie, les terrains, l\u2019investissement pour vos\nbesoins de location d\u2019un bien immobilier. Ce service est compl\u00e9t\u00e9 par la\ncapacit\u00e9 d\u2019offrir une recherche, des relations et une expertise in\u00e9gal\u00e9es \u00e0\nnotre client.<\/p>\n\n\n\n<p>Nous y trouverons tous les types de propri\u00e9t\u00e9s \u2013\nlocations, entreprises, propri\u00e9t\u00e9s multifamiliales, terrains, propri\u00e9t\u00e9s\nagricoles, espaces \u00e0 bureaux, espaces commerciaux, ainsi que des occasions\nd\u2019investissement dans l\u2019h\u00f4tellerie et l\u2019industrie \u2013 partout au Canada.<\/p>\n\n\n\n<p><strong>Baux immobiliers commerciaux :<\/strong>&nbsp;Fondamentalement, il existe 4 types principaux de baux immobiliers commerciaux, chacun exigeant diff\u00e9rents niveaux de responsabilit\u00e9 du propri\u00e9taire et du locataire.<\/p>\n\n\n\n<ul class=\"wp-block-list\"><li><strong>Bail net simple :<\/strong>&nbsp;Le locataire est responsable du paiement du loyer et des taxes fonci\u00e8res.<\/li><li><strong>Bail net double :<\/strong>&nbsp;Le locataire est responsable du paiement du loyer, des taxes fonci\u00e8res et des assurances.<\/li><li><strong>Bail net triple :&nbsp;<\/strong>Le locataire est responsable du paiement du loyer, des taxes fonci\u00e8res et parfois aussi de  la taxe professionnelle, de l\u2019assurance et de l\u2019entretien.<\/li><li><strong>Bail brut :<\/strong>&nbsp;Le locataire n\u2019est responsable que du loyer ; le propri\u00e9taire paie les taxes fonci\u00e8res, l\u2019assurance et  l\u2019entretien.<\/li><\/ul>\n\n\n\n<p>Que vous soyez \u00e0 la recherche d\u2019un nouvel espace\npour votre entreprise ou que vous soyez pr\u00eat \u00e0 louer ou \u00e0 louer votre\npropri\u00e9t\u00e9, nous sommes l\u00e0 pour vous. Notre \u00e9quipe de professionnels de\nl\u2019immobilier locatif vous fournira l\u2019ensemble des services n\u00e9cessaires pour\ntous les types de propri\u00e9t\u00e9 et de location.<\/p>\n\n\n\n<p>Aucun projet n\u2019est trop grand ou trop petit. Nous\nfournissons des analyses de qualit\u00e9 et des conseils en mati\u00e8re de transactions\ndans les domaines de services suivants.<\/p>\n\n\n\n<ul class=\"wp-block-list\"><li><strong>Location r\u00e9sidentielle<\/strong><\/li><li><strong>Baux commerciaux <\/strong><\/li><li><strong>Location d&rsquo;immeubles de placement<\/strong><\/li><li><strong>Le Leasing industriel <\/strong><\/li><\/ul>\n\n\n\n<p>En tant que professionnel de l\u2019immobilier, nous connaissons les communaut\u00e9s et l\u2019industrie de fond en comble. Que vous soyez propri\u00e9taire, investisseur, occupant ou promoteur, lorsque vous nous choisissez, vous obtenez un &nbsp;\u00bb guichet unique &nbsp;\u00bb pour tous vos besoins de location. De la recherche et la s\u00e9lection d\u2019un appartement ou d\u2019une propri\u00e9t\u00e9 \u00e0 la gestion de projets et d\u2019installations en passant par l\u2019\u00e9valuation et l\u2019appr\u00e9ciation. Nous offrons une gamme compl\u00e8te de services de location de biens immobiliers r\u00e9sidentiels et commerciaux pour r\u00e9pondre \u00e0 vos besoins les plus complexes.<\/p>\n\n\n\n<p><strong>\u00c9valuation de la propri\u00e9t\u00e9 locative<\/strong><\/p>\n\n\n\n<p>Nous offrons des \u00e9valuations locatives gratuites pour la location de propri\u00e9t\u00e9s r\u00e9sidentielles, commerciales et industrielles. Veuillez compl\u00e9ter les informations suivantes et nous vous contacterons dans les plus brefs d\u00e9lais.<\/p>\n\n\n\n<hr class=\"wp-block-separator\"\/>\n\n\n\n<div class=\"wpcf7 no-js\" id=\"wpcf7-f3041-o1\" lang=\"en-US\" dir=\"ltr\" data-wpcf7-id=\"3041\">\n<div class=\"screen-reader-response\"><p role=\"status\" aria-live=\"polite\" aria-atomic=\"true\"><\/p> <ul><\/ul><\/div>\n<form action=\"\/fr\/wp-json\/wp\/v2\/pages\/2369#wpcf7-f3041-o1\" method=\"post\" class=\"wpcf7-form init\" aria-label=\"Contact form\" novalidate=\"novalidate\" data-status=\"init\">\n<fieldset class=\"hidden-fields-container\"><input type=\"hidden\" name=\"_wpcf7\" value=\"3041\" \/><input type=\"hidden\" name=\"_wpcf7_version\" value=\"6.1.5\" \/><input type=\"hidden\" name=\"_wpcf7_locale\" value=\"en_US\" \/><input type=\"hidden\" name=\"_wpcf7_unit_tag\" value=\"wpcf7-f3041-o1\" \/><input type=\"hidden\" name=\"_wpcf7_container_post\" value=\"0\" \/><input type=\"hidden\" name=\"_wpcf7_posted_data_hash\" value=\"\" \/><input type=\"hidden\" name=\"_wpcf7_recaptcha_response\" value=\"\" \/>\n<\/fieldset>\n<div class=\"row evalutaion-form-cf7\">\n\t<div class=\"col-md-6 col-xs-12\">\n\t\t<h3 class=\"form-section-title\">Informations G\u00e9n\u00e9rales\n\t\t<\/h3>\n\t\t<p><span class=\"wpcf7-form-control-wrap\" data-name=\"nom\"><input size=\"40\" maxlength=\"400\" class=\"wpcf7-form-control wpcf7-text wpcf7-validates-as-required\" aria-required=\"true\" aria-invalid=\"false\" placeholder=\"Nom\" value=\"\" type=\"text\" name=\"nom\" \/><\/span><br \/>\n<span class=\"wpcf7-form-control-wrap\" data-name=\"company\"><input size=\"40\" maxlength=\"400\" class=\"wpcf7-form-control wpcf7-text\" aria-invalid=\"false\" placeholder=\"Nom de compagnie\" value=\"\" type=\"text\" name=\"company\" \/><\/span><br \/>\n<span class=\"wpcf7-form-control-wrap\" data-name=\"email\"><input size=\"40\" maxlength=\"400\" class=\"wpcf7-form-control wpcf7-email wpcf7-validates-as-required wpcf7-text wpcf7-validates-as-email\" aria-required=\"true\" aria-invalid=\"false\" placeholder=\"Courriel\" value=\"\" type=\"email\" name=\"email\" \/><\/span><br \/>\n<span class=\"wpcf7-form-control-wrap\" data-name=\"phone\"><input size=\"40\" maxlength=\"400\" class=\"wpcf7-form-control wpcf7-tel wpcf7-validates-as-required wpcf7-text wpcf7-validates-as-tel\" aria-required=\"true\" aria-invalid=\"false\" placeholder=\"T\u00e9l\u00e9phone\" value=\"\" type=\"tel\" name=\"phone\" \/><\/span><br \/>\n<span class=\"wpcf7-form-control-wrap\" data-name=\"address\"><input size=\"40\" maxlength=\"400\" class=\"wpcf7-form-control wpcf7-text wpcf7-validates-as-required\" aria-required=\"true\" aria-invalid=\"false\" placeholder=\"Adresse\" value=\"\" type=\"text\" name=\"address\" \/><\/span><br \/>\n<span class=\"wpcf7-form-control-wrap\" data-name=\"city\"><input size=\"40\" maxlength=\"400\" class=\"wpcf7-form-control wpcf7-text wpcf7-validates-as-required\" aria-required=\"true\" aria-invalid=\"false\" placeholder=\"Ville\" value=\"\" type=\"text\" name=\"city\" \/><\/span><br \/>\n<span class=\"wpcf7-form-control-wrap\" data-name=\"postal\"><input size=\"40\" maxlength=\"400\" class=\"wpcf7-form-control wpcf7-text wpcf7-validates-as-required\" aria-required=\"true\" aria-invalid=\"false\" placeholder=\"Code Postal\" value=\"\" type=\"text\" name=\"postal\" \/><\/span><br \/>\n<label for=\"property-type-desktop\"><\/label>\n\t\t<\/p>\n\t<\/div>\n\t<div class=\"col-md-6 col-xs-12\">\n\t<hr class=\"hidden-md-up\" \/>\n\t\t<h3 class=\"form-section-title\">D\u00e9tails De La Propri\u00e9t\u00e9\n\t\t<\/h3>\n\t\t<p><span class=\"wpcf7-form-control-wrap\" data-name=\"property-type-desktop\"><select class=\"wpcf7-form-control wpcf7-select wpcf7-validates-as-required\" aria-required=\"true\" aria-invalid=\"false\" name=\"property-type-desktop\"><option value=\"\">Type de la propri\u00e9t\u00e9<\/option><option value=\"Appartement\">Appartement<\/option><option value=\"B\u00e2timent et vente d\u2019entreprise\">B\u00e2timent et vente d\u2019entreprise<\/option><option value=\"Bungalow\">Bungalow<\/option><option value=\"Chalet\">Chalet<\/option><option value=\"B\u00e2timent commercial et terrain\">B\u00e2timent commercial et terrain<\/option><option value=\"B\u00e2timent commercial \/ bureau\">B\u00e2timent commercial \/ bureau<\/option><option value=\"Espace de location commercial \/ bureau\">Espace de location commercial \/ bureau<\/option><option value=\"Garderie\">Garderie<\/option><option value=\"Duplex\">Duplex<\/option><option value=\"Ferme\">Ferme<\/option><option value=\"Ferme de loisirs\">Ferme de loisirs<\/option><option value=\"B\u00e2timent industriel\">B\u00e2timent industriel<\/option><option value=\"B\u00e2timent industriel et terrain\">B\u00e2timent industriel et terrain<\/option><option value=\"Condo Industriel\">Condo Industriel<\/option><option value=\"Location d\u2019espaces industriels\">Location d\u2019espaces industriels<\/option><option value=\"Loft \/ Studio\">Loft \/ Studio<\/option><option value=\"Maison mobile\">Maison mobile<\/option><option value=\"Maison d\u2019un \u00e9tage et demi\">Maison d\u2019un \u00e9tage et demi<\/option><option value=\"Quadruplex\">Quadruplex<\/option><option value=\"Quintuplex\">Quintuplex<\/option><option value=\"\u00c0 deux niveaux\">\u00c0 deux niveaux<\/option><option value=\"Triplex\">Triplex<\/option><option value=\"Maison \u00e0 \u00e9tages\">Maison \u00e0 \u00e9tages<\/option><option value=\"Terrain vacant\">Terrain vacant<\/option><option value=\"Terre \u00e0 Bois\">Terre \u00e0 Bois<\/option><\/select><\/span><br \/>\n<span class=\"wpcf7-form-control-wrap\" data-name=\"bedrooms\"><input class=\"wpcf7-form-control wpcf7-number wpcf7-validates-as-required wpcf7-validates-as-number\" min=\"1\" max=\"25\" aria-required=\"true\" aria-invalid=\"false\" placeholder=\"Chambres\" value=\"\" type=\"number\" name=\"bedrooms\" \/><\/span><br \/>\n<span class=\"wpcf7-form-control-wrap\" data-name=\"bathrooms\"><input class=\"wpcf7-form-control wpcf7-number wpcf7-validates-as-required wpcf7-validates-as-number\" min=\"1\" max=\"25\" aria-required=\"true\" aria-invalid=\"false\" placeholder=\"Salles de bains\" value=\"\" type=\"number\" name=\"bathrooms\" \/><\/span><br \/>\n<span class=\"wpcf7-form-control-wrap\" data-name=\"size\"><input class=\"wpcf7-form-control wpcf7-number wpcf7-validates-as-required wpcf7-validates-as-number\" min=\"100\" max=\"10000\" aria-required=\"true\" aria-invalid=\"false\" placeholder=\"Taille (pi ca)\" value=\"\" type=\"number\" name=\"size\" \/><\/span><br \/>\n<span class=\"wpcf7-form-control-wrap\" data-name=\"features\"><textarea cols=\"40\" rows=\"10\" maxlength=\"2000\" class=\"wpcf7-form-control wpcf7-textarea wpcf7-validates-as-required\" aria-required=\"true\" aria-invalid=\"false\" placeholder=\"Caract\u00e9ristiques \/ Commentaires\" name=\"features\"><\/textarea><\/span>\n\t\t<\/p>\n\t<\/div>\n\t<div class=\"col-xs-12\">\n\t\t<p><button type=\"submit\" style=\"margin: -32px auto; width: 140px;\" class=\"cta-blog\">Envoyer<\/button>\n\t\t<\/p>\n\t<\/div>\n<\/div><p style=\"display: none !important;\" class=\"akismet-fields-container\" data-prefix=\"_wpcf7_ak_\"><label>&#916;<textarea name=\"_wpcf7_ak_hp_textarea\" cols=\"45\" rows=\"8\" maxlength=\"100\"><\/textarea><\/label><input type=\"hidden\" id=\"ak_js_1\" name=\"_wpcf7_ak_js\" value=\"170\"\/><script>document.getElementById( \"ak_js_1\" ).setAttribute( \"value\", ( new Date() ).getTime() );<\/script><\/p><div class=\"wpcf7-response-output\" aria-hidden=\"true\"><\/div>\n<\/form>\n<\/div>\n\n\n\n<p><!--EndFragment--><\/p>\n<p>?Appelez d\u00e8s aujourd&rsquo;hui au \u260e <strong>514-654-8890<\/strong> ou envoyez un courriel \u00e0 :&nbsp; <a href=\"_wp_link_placeholder\" data-wplink-edit=\"true\"><strong>info@realtyincanada.com<\/strong><\/a> pour vos besoins immobiliers !<\/p>","protected":false},"excerpt":{"rendered":"<p>Services de location immobili\u00e8re dans la grande r\u00e9gion de Montr\u00e9al, Canada ! Trouvez l&rsquo;appartement que vous voulez vraiment Vous \u00eates \u00e0 la recherche d\u2019un appartement, d\u2019une r\u00e9sidence ou d\u2019un local commercial et industriel ou d\u2019une propri\u00e9t\u00e9 dans la r\u00e9gion de Montr\u00e9al ses environs? Nous offrons des services de location r\u00e9sidentielle [&hellip;]<\/p>\n","protected":false},"author":1,"featured_media":0,"parent":1344,"menu_order":0,"comment_status":"closed","ping_status":"closed","template":"template-evaluation.php","meta":{"_acf_changed":false,"footnotes":""},"class_list":["post-2369","page","type-page","status-publish","hentry"],"acf":[],"yoast_head":"<!-- This site is optimized with the Yoast SEO plugin v27.4 - https:\/\/yoast.com\/product\/yoast-seo-wordpress\/ -->\n<title>Location - Realty in Canada<\/title>\n<meta name=\"robots\" content=\"index, follow, max-snippet:-1, max-image-preview:large, max-video-preview:-1\" \/>\n<link rel=\"canonical\" href=\"https:\/\/realtyincanada.com\/fr\/services\/rentals\/\" \/>\n<meta property=\"og:locale\" content=\"fr_FR\" \/>\n<meta property=\"og:type\" content=\"article\" \/>\n<meta property=\"og:title\" content=\"Location - Realty in Canada\" \/>\n<meta property=\"og:description\" content=\"Services de location immobili\u00e8re dans la grande r\u00e9gion de Montr\u00e9al, Canada ! Trouvez l&rsquo;appartement que vous voulez vraiment Vous \u00eates \u00e0 la recherche d\u2019un appartement, d\u2019une r\u00e9sidence ou d\u2019un local commercial et industriel ou d\u2019une propri\u00e9t\u00e9 dans la r\u00e9gion de Montr\u00e9al ses environs? Nous offrons des services de location r\u00e9sidentielle [&hellip;]\" \/>\n<meta property=\"og:url\" content=\"https:\/\/realtyincanada.com\/fr\/services\/rentals\/\" \/>\n<meta property=\"og:site_name\" content=\"Realty in Canada\" \/>\n<meta property=\"article:modified_time\" content=\"2021-10-28T02:33:17+00:00\" \/>\n<meta property=\"og:image\" content=\"https:\/\/realtyincanada.com\/wp-content\/uploads\/2019\/02\/emdadul-hoque-og.jpg\" \/>\n\t<meta property=\"og:image:width\" content=\"1280\" \/>\n\t<meta property=\"og:image:height\" content=\"601\" \/>\n\t<meta property=\"og:image:type\" content=\"image\/jpeg\" \/>\n<meta name=\"twitter:card\" content=\"summary_large_image\" \/>\n<meta name=\"twitter:label1\" content=\"Dur\u00e9e de lecture estim\u00e9e\" \/>\n\t<meta name=\"twitter:data1\" content=\"3 minutes\" \/>\n<script type=\"application\/ld+json\" class=\"yoast-schema-graph\">{\"@context\":\"https:\\\/\\\/schema.org\",\"@graph\":[{\"@type\":\"WebPage\",\"@id\":\"https:\\\/\\\/realtyincanada.com\\\/fr\\\/services\\\/rentals\\\/\",\"url\":\"https:\\\/\\\/realtyincanada.com\\\/fr\\\/services\\\/rentals\\\/\",\"name\":\"Location - Realty in Canada\",\"isPartOf\":{\"@id\":\"https:\\\/\\\/realtyincanada.com\\\/#website\"},\"datePublished\":\"2019-07-19T21:11:21+00:00\",\"dateModified\":\"2021-10-28T02:33:17+00:00\",\"breadcrumb\":{\"@id\":\"https:\\\/\\\/realtyincanada.com\\\/fr\\\/services\\\/rentals\\\/#breadcrumb\"},\"inLanguage\":\"fr-FR\",\"potentialAction\":[{\"@type\":\"ReadAction\",\"target\":[\"https:\\\/\\\/realtyincanada.com\\\/fr\\\/services\\\/rentals\\\/\"]}]},{\"@type\":\"BreadcrumbList\",\"@id\":\"https:\\\/\\\/realtyincanada.com\\\/fr\\\/services\\\/rentals\\\/#breadcrumb\",\"itemListElement\":[{\"@type\":\"ListItem\",\"position\":1,\"name\":\"Home\",\"item\":\"https:\\\/\\\/realtyincanada.com\\\/fr\\\/\"},{\"@type\":\"ListItem\",\"position\":2,\"name\":\"Services\",\"item\":\"https:\\\/\\\/realtyincanada.com\\\/fr\\\/services\\\/\"},{\"@type\":\"ListItem\",\"position\":3,\"name\":\"Location\"}]},{\"@type\":\"WebSite\",\"@id\":\"https:\\\/\\\/realtyincanada.com\\\/#website\",\"url\":\"https:\\\/\\\/realtyincanada.com\\\/\",\"name\":\"Realty in Canada\",\"description\":\"Realty in Canada is your right choice for the best property agent in Canada. Contact us to buy, sell or rent your property.\",\"publisher\":{\"@id\":\"https:\\\/\\\/realtyincanada.com\\\/#organization\"},\"potentialAction\":[{\"@type\":\"SearchAction\",\"target\":{\"@type\":\"EntryPoint\",\"urlTemplate\":\"https:\\\/\\\/realtyincanada.com\\\/?s={search_term_string}\"},\"query-input\":{\"@type\":\"PropertyValueSpecification\",\"valueRequired\":true,\"valueName\":\"search_term_string\"}}],\"inLanguage\":\"fr-FR\"},{\"@type\":\"Organization\",\"@id\":\"https:\\\/\\\/realtyincanada.com\\\/#organization\",\"name\":\"Realty In Canada\",\"url\":\"https:\\\/\\\/realtyincanada.com\\\/\",\"logo\":{\"@type\":\"ImageObject\",\"inLanguage\":\"fr-FR\",\"@id\":\"https:\\\/\\\/realtyincanada.com\\\/#\\\/schema\\\/logo\\\/image\\\/\",\"url\":\"https:\\\/\\\/realtyincanada.com\\\/\\\/wp-content\\\/uploads\\\/2019\\\/08\\\/emdadul_hoque_final_footer_nopadding.png\",\"contentUrl\":\"https:\\\/\\\/realtyincanada.com\\\/\\\/wp-content\\\/uploads\\\/2019\\\/08\\\/emdadul_hoque_final_footer_nopadding.png\",\"width\":1490,\"height\":660,\"caption\":\"Realty In Canada\"},\"image\":{\"@id\":\"https:\\\/\\\/realtyincanada.com\\\/#\\\/schema\\\/logo\\\/image\\\/\"}}]}<\/script>\n<!-- \/ Yoast SEO plugin. -->","yoast_head_json":{"title":"Location - Realty in Canada","robots":{"index":"index","follow":"follow","max-snippet":"max-snippet:-1","max-image-preview":"max-image-preview:large","max-video-preview":"max-video-preview:-1"},"canonical":"https:\/\/realtyincanada.com\/fr\/services\/rentals\/","og_locale":"fr_FR","og_type":"article","og_title":"Location - Realty in Canada","og_description":"Services de location immobili\u00e8re dans la grande r\u00e9gion de Montr\u00e9al, Canada ! Trouvez l&rsquo;appartement que vous voulez vraiment Vous \u00eates \u00e0 la recherche d\u2019un appartement, d\u2019une r\u00e9sidence ou d\u2019un local commercial et industriel ou d\u2019une propri\u00e9t\u00e9 dans la r\u00e9gion de Montr\u00e9al ses environs? Nous offrons des services de location r\u00e9sidentielle [&hellip;]","og_url":"https:\/\/realtyincanada.com\/fr\/services\/rentals\/","og_site_name":"Realty in Canada","article_modified_time":"2021-10-28T02:33:17+00:00","og_image":[{"width":1280,"height":601,"url":"https:\/\/realtyincanada.com\/wp-content\/uploads\/2019\/02\/emdadul-hoque-og.jpg","type":"image\/jpeg"}],"twitter_card":"summary_large_image","twitter_misc":{"Dur\u00e9e de lecture estim\u00e9e":"3 minutes"},"schema":{"@context":"https:\/\/schema.org","@graph":[{"@type":"WebPage","@id":"https:\/\/realtyincanada.com\/fr\/services\/rentals\/","url":"https:\/\/realtyincanada.com\/fr\/services\/rentals\/","name":"Location - Realty in Canada","isPartOf":{"@id":"https:\/\/realtyincanada.com\/#website"},"datePublished":"2019-07-19T21:11:21+00:00","dateModified":"2021-10-28T02:33:17+00:00","breadcrumb":{"@id":"https:\/\/realtyincanada.com\/fr\/services\/rentals\/#breadcrumb"},"inLanguage":"fr-FR","potentialAction":[{"@type":"ReadAction","target":["https:\/\/realtyincanada.com\/fr\/services\/rentals\/"]}]},{"@type":"BreadcrumbList","@id":"https:\/\/realtyincanada.com\/fr\/services\/rentals\/#breadcrumb","itemListElement":[{"@type":"ListItem","position":1,"name":"Home","item":"https:\/\/realtyincanada.com\/fr\/"},{"@type":"ListItem","position":2,"name":"Services","item":"https:\/\/realtyincanada.com\/fr\/services\/"},{"@type":"ListItem","position":3,"name":"Location"}]},{"@type":"WebSite","@id":"https:\/\/realtyincanada.com\/#website","url":"https:\/\/realtyincanada.com\/","name":"Realty in Canada","description":"Realty in Canada is your right choice for the best property agent in Canada. Contact us to buy, sell or rent your property.","publisher":{"@id":"https:\/\/realtyincanada.com\/#organization"},"potentialAction":[{"@type":"SearchAction","target":{"@type":"EntryPoint","urlTemplate":"https:\/\/realtyincanada.com\/?s={search_term_string}"},"query-input":{"@type":"PropertyValueSpecification","valueRequired":true,"valueName":"search_term_string"}}],"inLanguage":"fr-FR"},{"@type":"Organization","@id":"https:\/\/realtyincanada.com\/#organization","name":"Realty In Canada","url":"https:\/\/realtyincanada.com\/","logo":{"@type":"ImageObject","inLanguage":"fr-FR","@id":"https:\/\/realtyincanada.com\/#\/schema\/logo\/image\/","url":"https:\/\/realtyincanada.com\/\/wp-content\/uploads\/2019\/08\/emdadul_hoque_final_footer_nopadding.png","contentUrl":"https:\/\/realtyincanada.com\/\/wp-content\/uploads\/2019\/08\/emdadul_hoque_final_footer_nopadding.png","width":1490,"height":660,"caption":"Realty In Canada"},"image":{"@id":"https:\/\/realtyincanada.com\/#\/schema\/logo\/image\/"}}]}},"_links":{"self":[{"href":"https:\/\/realtyincanada.com\/fr\/wp-json\/wp\/v2\/pages\/2369","targetHints":{"allow":["GET"]}}],"collection":[{"href":"https:\/\/realtyincanada.com\/fr\/wp-json\/wp\/v2\/pages"}],"about":[{"href":"https:\/\/realtyincanada.com\/fr\/wp-json\/wp\/v2\/types\/page"}],"author":[{"embeddable":true,"href":"https:\/\/realtyincanada.com\/fr\/wp-json\/wp\/v2\/users\/1"}],"replies":[{"embeddable":true,"href":"https:\/\/realtyincanada.com\/fr\/wp-json\/wp\/v2\/comments?post=2369"}],"version-history":[{"count":25,"href":"https:\/\/realtyincanada.com\/fr\/wp-json\/wp\/v2\/pages\/2369\/revisions"}],"predecessor-version":[{"id":5417,"href":"https:\/\/realtyincanada.com\/fr\/wp-json\/wp\/v2\/pages\/2369\/revisions\/5417"}],"up":[{"embeddable":true,"href":"https:\/\/realtyincanada.com\/fr\/wp-json\/wp\/v2\/pages\/1344"}],"wp:attachment":[{"href":"https:\/\/realtyincanada.com\/fr\/wp-json\/wp\/v2\/media?parent=2369"}],"curies":[{"name":"wp","href":"https:\/\/api.w.org\/{rel}","templated":true}]}}