{"id":2885,"date":"2019-08-07T15:16:18","date_gmt":"2019-08-07T15:16:18","guid":{"rendered":"https:\/\/realtyincanada.com\/holiday-home\/"},"modified":"2019-08-22T22:13:40","modified_gmt":"2019-08-22T22:13:40","slug":"maison-de-vacances","status":"publish","type":"page","link":"https:\/\/realtyincanada.com\/fr\/maison-de-vacances\/","title":{"rendered":"Maison de vacances"},"content":{"rendered":"\n<ul class=\"wp-block-gallery columns-3 is-cropped wp-block-gallery-1 is-layout-flex wp-block-gallery-is-layout-flex\"><li class=\"blocks-gallery-item\"><figure><img fetchpriority=\"high\" decoding=\"async\" width=\"708\" height=\"473\" src=\"https:\/\/realtyincanada.com\/\/wp-content\/uploads\/2019\/08\/Chalet-1a-2.jpg\" alt=\"\" data-id=\"2854\" class=\"wp-image-2854\" srcset=\"https:\/\/realtyincanada.com\/wp-content\/uploads\/2019\/08\/Chalet-1a-2.jpg 708w, https:\/\/realtyincanada.com\/wp-content\/uploads\/2019\/08\/Chalet-1a-2-300x200.jpg 300w\" sizes=\"(max-width: 708px) 100vw, 708px\" \/><\/figure><\/li><li class=\"blocks-gallery-item\"><figure><img decoding=\"async\" width=\"519\" height=\"310\" src=\"https:\/\/realtyincanada.com\/\/wp-content\/uploads\/2019\/08\/chalet-f-2.jpg\" alt=\"\" data-id=\"2865\" data-link=\"https:\/\/realtyincanada.com\/\/holiday-home\/chalet-f-2\/\" class=\"wp-image-2865\" srcset=\"https:\/\/realtyincanada.com\/wp-content\/uploads\/2019\/08\/chalet-f-2.jpg 519w, https:\/\/realtyincanada.com\/wp-content\/uploads\/2019\/08\/chalet-f-2-300x179.jpg 300w\" sizes=\"(max-width: 519px) 100vw, 519px\" \/><\/figure><\/li><li class=\"blocks-gallery-item\"><figure><img decoding=\"async\" width=\"1024\" height=\"745\" src=\"https:\/\/realtyincanada.com\/\/wp-content\/uploads\/2019\/08\/Chalet-pic6-2-1024x745.jpg\" alt=\"\" data-id=\"2867\" data-link=\"https:\/\/realtyincanada.com\/\/holiday-home\/chalet-pic6-2\/\" class=\"wp-image-2867\" srcset=\"https:\/\/realtyincanada.com\/wp-content\/uploads\/2019\/08\/Chalet-pic6-2-1024x745.jpg 1024w, https:\/\/realtyincanada.com\/wp-content\/uploads\/2019\/08\/Chalet-pic6-2-300x218.jpg 300w, https:\/\/realtyincanada.com\/wp-content\/uploads\/2019\/08\/Chalet-pic6-2-768x559.jpg 768w, https:\/\/realtyincanada.com\/wp-content\/uploads\/2019\/08\/Chalet-pic6-2.jpg 1152w\" sizes=\"(max-width: 1024px) 100vw, 1024px\" \/><\/figure><\/li><li class=\"blocks-gallery-item\"><figure><img loading=\"lazy\" decoding=\"async\" width=\"860\" height=\"641\" src=\"https:\/\/realtyincanada.com\/\/wp-content\/uploads\/2019\/08\/Chalet-1c-2.jpg\" alt=\"\" data-id=\"2871\" data-link=\"https:\/\/realtyincanada.com\/\/holiday-home\/chalet-1c-2\/\" class=\"wp-image-2871\" srcset=\"https:\/\/realtyincanada.com\/wp-content\/uploads\/2019\/08\/Chalet-1c-2.jpg 860w, https:\/\/realtyincanada.com\/wp-content\/uploads\/2019\/08\/Chalet-1c-2-300x224.jpg 300w, https:\/\/realtyincanada.com\/wp-content\/uploads\/2019\/08\/Chalet-1c-2-768x572.jpg 768w\" sizes=\"(max-width: 860px) 100vw, 860px\" \/><\/figure><\/li><li class=\"blocks-gallery-item\"><figure><img loading=\"lazy\" decoding=\"async\" width=\"777\" height=\"583\" src=\"https:\/\/realtyincanada.com\/\/wp-content\/uploads\/2019\/08\/Chalet-pic-2.jpg\" alt=\"\" data-id=\"2873\" data-link=\"https:\/\/realtyincanada.com\/\/holiday-home\/chalet-pic-2\/\" class=\"wp-image-2873\" srcset=\"https:\/\/realtyincanada.com\/wp-content\/uploads\/2019\/08\/Chalet-pic-2.jpg 777w, https:\/\/realtyincanada.com\/wp-content\/uploads\/2019\/08\/Chalet-pic-2-300x225.jpg 300w, https:\/\/realtyincanada.com\/wp-content\/uploads\/2019\/08\/Chalet-pic-2-768x576.jpg 768w\" sizes=\"(max-width: 777px) 100vw, 777px\" \/><\/figure><\/li><li class=\"blocks-gallery-item\"><figure><img loading=\"lazy\" decoding=\"async\" width=\"782\" height=\"441\" src=\"https:\/\/realtyincanada.com\/\/wp-content\/uploads\/2019\/08\/chalet-e-2.jpg\" alt=\"\" data-id=\"2875\" data-link=\"https:\/\/realtyincanada.com\/\/holiday-home\/chalet-e-2\/\" class=\"wp-image-2875\" srcset=\"https:\/\/realtyincanada.com\/wp-content\/uploads\/2019\/08\/chalet-e-2.jpg 782w, https:\/\/realtyincanada.com\/wp-content\/uploads\/2019\/08\/chalet-e-2-300x169.jpg 300w, https:\/\/realtyincanada.com\/wp-content\/uploads\/2019\/08\/chalet-e-2-768x433.jpg 768w\" sizes=\"(max-width: 782px) 100vw, 782px\" \/><\/figure><\/li><\/ul>\n\n\n\n<p>Chalet \/ Cabane \/ Maison de campagne avec ou sans vue sur l&rsquo;eau : Station Mont-Tremblant, c&rsquo;est \u00e0 environ une heure et demie \/ 1\u00bd heures de route de Montr\u00e9al et Ottawa, Qu\u00e9bec, Canada. <\/p>\n\n\n\n<figure class=\"wp-block-image img100\"><img loading=\"lazy\" decoding=\"async\" width=\"708\" height=\"473\" src=\"https:\/\/realtyincanada.com\/\/wp-content\/uploads\/2019\/08\/Chalet-1a-2-1.jpg\" alt=\"\" class=\"wp-image-2878\" srcset=\"https:\/\/realtyincanada.com\/wp-content\/uploads\/2019\/08\/Chalet-1a-2-1.jpg 708w, https:\/\/realtyincanada.com\/wp-content\/uploads\/2019\/08\/Chalet-1a-2-1-300x200.jpg 300w\" sizes=\"(max-width: 708px) 100vw, 708px\" \/><\/figure>\n\n\n\n<p>Avez-vous song\u00e9 \u00e0 vous installer dans une maison de vacances ou \u00e0 investir dans la location d&rsquo;un centre de vill\u00e9giature pour votre famille ? Nous offrons des services immobiliers \u00e0 Mont-Tremblant, Charlevoix, Outaouais et dans d&rsquo;autres r\u00e9gions, nous aidons les propri\u00e9taires, investisseurs et occupants \u00e0 r\u00e9pondre \u00e0 tous vos besoins immobiliers.<\/p>\n\n\n\n<figure class=\"wp-block-image img100\"><img loading=\"lazy\" decoding=\"async\" width=\"797\" height=\"598\" src=\"https:\/\/realtyincanada.com\/\/wp-content\/uploads\/2019\/08\/chalet_1.jpg\" alt=\"\" class=\"wp-image-2891\" srcset=\"https:\/\/realtyincanada.com\/wp-content\/uploads\/2019\/08\/chalet_1.jpg 797w, https:\/\/realtyincanada.com\/wp-content\/uploads\/2019\/08\/chalet_1-300x225.jpg 300w, https:\/\/realtyincanada.com\/wp-content\/uploads\/2019\/08\/chalet_1-768x576.jpg 768w\" sizes=\"(max-width: 797px) 100vw, 797px\" \/><\/figure>\n\n\n\n<p>D&rsquo;autres r\u00e9gions pr\u00e8s de Montr\u00e9al et Qu\u00e9bec pour une maison de vacances ou pour un bon investissement locatif pour Chalet \/ Chalet \/ Cabane \/ Maison de campagne et Chalet. <\/p>\n\n\n\n<p><strong>Zones populaires pour les investisseurs locaux et \u00e9trangers \/ acheteurs internationaux<\/strong><\/p>\n\n\n\n<div class=\"wp-block-columns has-2-columns is-layout-flex wp-container-core-columns-is-layout-9d6595d7 wp-block-columns-is-layout-flex\">\n<div class=\"wp-block-column is-layout-flow wp-block-column-is-layout-flow\">\n<ul class=\"wp-block-list\"><li>Mont-Tremblant<\/li><li>Charlevoix <\/li><li>Chaudi\u00e8re-Appalaches<\/li><li>Cantons de l&rsquo;Est \/ Estrie  <\/li><\/ul>\n<\/div>\n\n\n\n<div class=\"wp-block-column is-layout-flow wp-block-column-is-layout-flow\">\n<ul class=\"wp-block-list\"><li>Lanaudi\u00e8re  <\/li><li>Laurentides  <\/li><li>Mont\u00e9r\u00e9gie  <\/li><li>Outaouais  <\/li><li>R\u00e9gion du Qu\u00e9bec  <\/li><\/ul>\n<\/div>\n<\/div>\n\n\n\n<p><strong>\u00c9valuation de chalet \/ Maison de Campagne<\/strong><br><\/p>\n\n\n\n<p>Nous fournissons gratuitement l&rsquo;\u00e9valuation de la propri\u00e9t\u00e9 Chalet \/ Maison de campagne pour le b\u00e2timent et le terrain. Veuillez compl\u00e9ter les informations suivantes et nous vous contacterons dans les plus brefs d\u00e9lais.<\/p>\n\n\n\n\n<div class=\"wpcf7 no-js\" id=\"wpcf7-f3041-o1\" lang=\"en-US\" dir=\"ltr\" data-wpcf7-id=\"3041\">\n<div class=\"screen-reader-response\"><p role=\"status\" aria-live=\"polite\" aria-atomic=\"true\"><\/p> <ul><\/ul><\/div>\n<form action=\"\/fr\/wp-json\/wp\/v2\/pages\/2885#wpcf7-f3041-o1\" method=\"post\" class=\"wpcf7-form init\" aria-label=\"Contact form\" novalidate=\"novalidate\" data-status=\"init\">\n<fieldset class=\"hidden-fields-container\"><input type=\"hidden\" name=\"_wpcf7\" value=\"3041\" \/><input type=\"hidden\" name=\"_wpcf7_version\" value=\"6.1.5\" \/><input type=\"hidden\" name=\"_wpcf7_locale\" value=\"en_US\" \/><input type=\"hidden\" name=\"_wpcf7_unit_tag\" value=\"wpcf7-f3041-o1\" \/><input type=\"hidden\" name=\"_wpcf7_container_post\" value=\"0\" \/><input type=\"hidden\" name=\"_wpcf7_posted_data_hash\" value=\"\" \/><input type=\"hidden\" name=\"_wpcf7_recaptcha_response\" value=\"\" \/>\n<\/fieldset>\n<div class=\"row evalutaion-form-cf7\">\n\t<div class=\"col-md-6 col-xs-12\">\n\t\t<h3 class=\"form-section-title\">Informations G\u00e9n\u00e9rales\n\t\t<\/h3>\n\t\t<p><span class=\"wpcf7-form-control-wrap\" data-name=\"nom\"><input size=\"40\" maxlength=\"400\" class=\"wpcf7-form-control wpcf7-text wpcf7-validates-as-required\" aria-required=\"true\" aria-invalid=\"false\" placeholder=\"Nom\" value=\"\" type=\"text\" name=\"nom\" \/><\/span><br \/>\n<span class=\"wpcf7-form-control-wrap\" data-name=\"company\"><input size=\"40\" maxlength=\"400\" class=\"wpcf7-form-control wpcf7-text\" aria-invalid=\"false\" placeholder=\"Nom de compagnie\" value=\"\" type=\"text\" name=\"company\" \/><\/span><br \/>\n<span class=\"wpcf7-form-control-wrap\" data-name=\"email\"><input size=\"40\" maxlength=\"400\" class=\"wpcf7-form-control wpcf7-email wpcf7-validates-as-required wpcf7-text wpcf7-validates-as-email\" aria-required=\"true\" aria-invalid=\"false\" placeholder=\"Courriel\" value=\"\" type=\"email\" name=\"email\" \/><\/span><br \/>\n<span class=\"wpcf7-form-control-wrap\" data-name=\"phone\"><input size=\"40\" maxlength=\"400\" class=\"wpcf7-form-control wpcf7-tel wpcf7-validates-as-required wpcf7-text wpcf7-validates-as-tel\" aria-required=\"true\" aria-invalid=\"false\" placeholder=\"T\u00e9l\u00e9phone\" value=\"\" type=\"tel\" name=\"phone\" \/><\/span><br \/>\n<span class=\"wpcf7-form-control-wrap\" data-name=\"address\"><input size=\"40\" maxlength=\"400\" class=\"wpcf7-form-control wpcf7-text wpcf7-validates-as-required\" aria-required=\"true\" aria-invalid=\"false\" placeholder=\"Adresse\" value=\"\" type=\"text\" name=\"address\" \/><\/span><br \/>\n<span class=\"wpcf7-form-control-wrap\" data-name=\"city\"><input size=\"40\" maxlength=\"400\" class=\"wpcf7-form-control wpcf7-text wpcf7-validates-as-required\" aria-required=\"true\" aria-invalid=\"false\" placeholder=\"Ville\" value=\"\" type=\"text\" name=\"city\" \/><\/span><br \/>\n<span class=\"wpcf7-form-control-wrap\" data-name=\"postal\"><input size=\"40\" maxlength=\"400\" class=\"wpcf7-form-control wpcf7-text wpcf7-validates-as-required\" aria-required=\"true\" aria-invalid=\"false\" placeholder=\"Code Postal\" value=\"\" type=\"text\" name=\"postal\" \/><\/span><br \/>\n<label for=\"property-type-desktop\"><\/label>\n\t\t<\/p>\n\t<\/div>\n\t<div class=\"col-md-6 col-xs-12\">\n\t<hr class=\"hidden-md-up\" \/>\n\t\t<h3 class=\"form-section-title\">D\u00e9tails De La Propri\u00e9t\u00e9\n\t\t<\/h3>\n\t\t<p><span class=\"wpcf7-form-control-wrap\" data-name=\"property-type-desktop\"><select class=\"wpcf7-form-control wpcf7-select wpcf7-validates-as-required\" aria-required=\"true\" aria-invalid=\"false\" name=\"property-type-desktop\"><option value=\"\">Type de la propri\u00e9t\u00e9<\/option><option value=\"Appartement\">Appartement<\/option><option value=\"B\u00e2timent et vente d\u2019entreprise\">B\u00e2timent et vente d\u2019entreprise<\/option><option value=\"Bungalow\">Bungalow<\/option><option value=\"Chalet\">Chalet<\/option><option value=\"B\u00e2timent commercial et terrain\">B\u00e2timent commercial et terrain<\/option><option value=\"B\u00e2timent commercial \/ bureau\">B\u00e2timent commercial \/ bureau<\/option><option value=\"Espace de location commercial \/ bureau\">Espace de location commercial \/ bureau<\/option><option value=\"Garderie\">Garderie<\/option><option value=\"Duplex\">Duplex<\/option><option value=\"Ferme\">Ferme<\/option><option value=\"Ferme de loisirs\">Ferme de loisirs<\/option><option value=\"B\u00e2timent industriel\">B\u00e2timent industriel<\/option><option value=\"B\u00e2timent industriel et terrain\">B\u00e2timent industriel et terrain<\/option><option value=\"Condo Industriel\">Condo Industriel<\/option><option value=\"Location d\u2019espaces industriels\">Location d\u2019espaces industriels<\/option><option value=\"Loft \/ Studio\">Loft \/ Studio<\/option><option value=\"Maison mobile\">Maison mobile<\/option><option value=\"Maison d\u2019un \u00e9tage et demi\">Maison d\u2019un \u00e9tage et demi<\/option><option value=\"Quadruplex\">Quadruplex<\/option><option value=\"Quintuplex\">Quintuplex<\/option><option value=\"\u00c0 deux niveaux\">\u00c0 deux niveaux<\/option><option value=\"Triplex\">Triplex<\/option><option value=\"Maison \u00e0 \u00e9tages\">Maison \u00e0 \u00e9tages<\/option><option value=\"Terrain vacant\">Terrain vacant<\/option><option value=\"Terre \u00e0 Bois\">Terre \u00e0 Bois<\/option><\/select><\/span><br \/>\n<span class=\"wpcf7-form-control-wrap\" data-name=\"bedrooms\"><input class=\"wpcf7-form-control wpcf7-number wpcf7-validates-as-required wpcf7-validates-as-number\" min=\"1\" max=\"25\" aria-required=\"true\" aria-invalid=\"false\" placeholder=\"Chambres\" value=\"\" type=\"number\" name=\"bedrooms\" \/><\/span><br \/>\n<span class=\"wpcf7-form-control-wrap\" data-name=\"bathrooms\"><input class=\"wpcf7-form-control wpcf7-number wpcf7-validates-as-required wpcf7-validates-as-number\" min=\"1\" max=\"25\" aria-required=\"true\" aria-invalid=\"false\" placeholder=\"Salles de bains\" value=\"\" type=\"number\" name=\"bathrooms\" \/><\/span><br \/>\n<span class=\"wpcf7-form-control-wrap\" data-name=\"size\"><input class=\"wpcf7-form-control wpcf7-number wpcf7-validates-as-required wpcf7-validates-as-number\" min=\"100\" max=\"10000\" aria-required=\"true\" aria-invalid=\"false\" placeholder=\"Taille (pi ca)\" value=\"\" type=\"number\" name=\"size\" \/><\/span><br \/>\n<span class=\"wpcf7-form-control-wrap\" data-name=\"features\"><textarea cols=\"40\" rows=\"10\" maxlength=\"2000\" class=\"wpcf7-form-control wpcf7-textarea wpcf7-validates-as-required\" aria-required=\"true\" aria-invalid=\"false\" placeholder=\"Caract\u00e9ristiques \/ Commentaires\" name=\"features\"><\/textarea><\/span>\n\t\t<\/p>\n\t<\/div>\n\t<div class=\"col-xs-12\">\n\t\t<p><button type=\"submit\" style=\"margin: -32px auto; width: 140px;\" class=\"cta-blog\">Envoyer<\/button>\n\t\t<\/p>\n\t<\/div>\n<\/div><p style=\"display: none !important;\" class=\"akismet-fields-container\" data-prefix=\"_wpcf7_ak_\"><label>&#916;<textarea name=\"_wpcf7_ak_hp_textarea\" cols=\"45\" rows=\"8\" maxlength=\"100\"><\/textarea><\/label><input type=\"hidden\" id=\"ak_js_1\" name=\"_wpcf7_ak_js\" value=\"153\"\/><script>document.getElementById( \"ak_js_1\" ).setAttribute( \"value\", ( new Date() ).getTime() );<\/script><\/p><div class=\"wpcf7-response-output\" aria-hidden=\"true\"><\/div>\n<\/form>\n<\/div>\n\n\n\n\n<p><\/p>\n\n\n\n<p> ? Appelez d\u00e8s aujourd&rsquo;hui au  \u260e  <strong>514-654-8890<\/strong>&nbsp; ou envoyez un courriel \u00e0&nbsp;<a href=\"https:\/\/realtyincanada.com\/\/services\/residentials\/_wp_link_placeholder\"><strong>info@realtyincanada.com<\/strong><\/a>&nbsp;pour vos besoins immobiliers !!<\/p>\n","protected":false},"excerpt":{"rendered":"<p>Chalet \/ Cabane \/ Maison de campagne avec ou sans vue sur l&rsquo;eau : Station Mont-Tremblant, c&rsquo;est \u00e0 environ une heure et demie \/ 1\u00bd heures de route de Montr\u00e9al et Ottawa, Qu\u00e9bec, Canada. Avez-vous song\u00e9 \u00e0 vous installer dans une maison de vacances ou \u00e0 investir dans la location [&hellip;]<\/p>\n","protected":false},"author":4,"featured_media":0,"parent":0,"menu_order":0,"comment_status":"closed","ping_status":"closed","template":"","meta":{"_acf_changed":false,"footnotes":""},"class_list":["post-2885","page","type-page","status-publish","hentry"],"acf":[],"yoast_head":"<!-- This site is optimized with the Yoast SEO plugin v27.4 - https:\/\/yoast.com\/product\/yoast-seo-wordpress\/ -->\n<title>Maison de vacances - Realty in Canada<\/title>\n<meta name=\"robots\" content=\"index, follow, max-snippet:-1, max-image-preview:large, max-video-preview:-1\" \/>\n<link rel=\"canonical\" href=\"https:\/\/realtyincanada.com\/fr\/maison-de-vacances\/\" \/>\n<meta property=\"og:locale\" content=\"fr_FR\" \/>\n<meta property=\"og:type\" content=\"article\" \/>\n<meta property=\"og:title\" content=\"Maison de vacances - Realty in Canada\" \/>\n<meta property=\"og:description\" content=\"Chalet \/ Cabane \/ Maison de campagne avec ou sans vue sur l&rsquo;eau : Station Mont-Tremblant, c&rsquo;est \u00e0 environ une heure et demie \/ 1\u00bd heures de route de Montr\u00e9al et Ottawa, Qu\u00e9bec, Canada. Avez-vous song\u00e9 \u00e0 vous installer dans une maison de vacances ou \u00e0 investir dans la location [&hellip;]\" \/>\n<meta property=\"og:url\" content=\"https:\/\/realtyincanada.com\/fr\/maison-de-vacances\/\" \/>\n<meta property=\"og:site_name\" content=\"Realty in Canada\" \/>\n<meta property=\"article:modified_time\" content=\"2019-08-22T22:13:40+00:00\" \/>\n<meta property=\"og:image\" content=\"https:\/\/realtyincanada.com\/\/wp-content\/uploads\/2019\/08\/Chalet-1a-2.jpg\" \/>\n<meta name=\"twitter:card\" content=\"summary_large_image\" \/>\n<meta name=\"twitter:label1\" content=\"Dur\u00e9e de lecture estim\u00e9e\" \/>\n\t<meta name=\"twitter:data1\" content=\"1 minute\" \/>\n<script type=\"application\/ld+json\" class=\"yoast-schema-graph\">{\"@context\":\"https:\\\/\\\/schema.org\",\"@graph\":[{\"@type\":\"WebPage\",\"@id\":\"https:\\\/\\\/realtyincanada.com\\\/fr\\\/maison-de-vacances\\\/\",\"url\":\"https:\\\/\\\/realtyincanada.com\\\/fr\\\/maison-de-vacances\\\/\",\"name\":\"Maison de vacances - Realty in Canada\",\"isPartOf\":{\"@id\":\"https:\\\/\\\/realtyincanada.com\\\/#website\"},\"primaryImageOfPage\":{\"@id\":\"https:\\\/\\\/realtyincanada.com\\\/fr\\\/maison-de-vacances\\\/#primaryimage\"},\"image\":{\"@id\":\"https:\\\/\\\/realtyincanada.com\\\/fr\\\/maison-de-vacances\\\/#primaryimage\"},\"thumbnailUrl\":\"https:\\\/\\\/realtyincanada.com\\\/\\\/wp-content\\\/uploads\\\/2019\\\/08\\\/Chalet-1a-2.jpg\",\"datePublished\":\"2019-08-07T15:16:18+00:00\",\"dateModified\":\"2019-08-22T22:13:40+00:00\",\"breadcrumb\":{\"@id\":\"https:\\\/\\\/realtyincanada.com\\\/fr\\\/maison-de-vacances\\\/#breadcrumb\"},\"inLanguage\":\"fr-FR\",\"potentialAction\":[{\"@type\":\"ReadAction\",\"target\":[\"https:\\\/\\\/realtyincanada.com\\\/fr\\\/maison-de-vacances\\\/\"]}]},{\"@type\":\"ImageObject\",\"inLanguage\":\"fr-FR\",\"@id\":\"https:\\\/\\\/realtyincanada.com\\\/fr\\\/maison-de-vacances\\\/#primaryimage\",\"url\":\"https:\\\/\\\/realtyincanada.com\\\/\\\/wp-content\\\/uploads\\\/2019\\\/08\\\/Chalet-1a-2.jpg\",\"contentUrl\":\"https:\\\/\\\/realtyincanada.com\\\/\\\/wp-content\\\/uploads\\\/2019\\\/08\\\/Chalet-1a-2.jpg\"},{\"@type\":\"BreadcrumbList\",\"@id\":\"https:\\\/\\\/realtyincanada.com\\\/fr\\\/maison-de-vacances\\\/#breadcrumb\",\"itemListElement\":[{\"@type\":\"ListItem\",\"position\":1,\"name\":\"Home\",\"item\":\"https:\\\/\\\/realtyincanada.com\\\/fr\\\/\"},{\"@type\":\"ListItem\",\"position\":2,\"name\":\"Maison de vacances\"}]},{\"@type\":\"WebSite\",\"@id\":\"https:\\\/\\\/realtyincanada.com\\\/#website\",\"url\":\"https:\\\/\\\/realtyincanada.com\\\/\",\"name\":\"Realty in Canada\",\"description\":\"Realty in Canada is your right choice for the best property agent in Canada. Contact us to buy, sell or rent your property.\",\"publisher\":{\"@id\":\"https:\\\/\\\/realtyincanada.com\\\/#organization\"},\"potentialAction\":[{\"@type\":\"SearchAction\",\"target\":{\"@type\":\"EntryPoint\",\"urlTemplate\":\"https:\\\/\\\/realtyincanada.com\\\/?s={search_term_string}\"},\"query-input\":{\"@type\":\"PropertyValueSpecification\",\"valueRequired\":true,\"valueName\":\"search_term_string\"}}],\"inLanguage\":\"fr-FR\"},{\"@type\":\"Organization\",\"@id\":\"https:\\\/\\\/realtyincanada.com\\\/#organization\",\"name\":\"Realty In Canada\",\"url\":\"https:\\\/\\\/realtyincanada.com\\\/\",\"logo\":{\"@type\":\"ImageObject\",\"inLanguage\":\"fr-FR\",\"@id\":\"https:\\\/\\\/realtyincanada.com\\\/#\\\/schema\\\/logo\\\/image\\\/\",\"url\":\"https:\\\/\\\/realtyincanada.com\\\/\\\/wp-content\\\/uploads\\\/2019\\\/08\\\/emdadul_hoque_final_footer_nopadding.png\",\"contentUrl\":\"https:\\\/\\\/realtyincanada.com\\\/\\\/wp-content\\\/uploads\\\/2019\\\/08\\\/emdadul_hoque_final_footer_nopadding.png\",\"width\":1490,\"height\":660,\"caption\":\"Realty In Canada\"},\"image\":{\"@id\":\"https:\\\/\\\/realtyincanada.com\\\/#\\\/schema\\\/logo\\\/image\\\/\"}}]}<\/script>\n<!-- \/ Yoast SEO plugin. -->","yoast_head_json":{"title":"Maison de vacances - Realty in Canada","robots":{"index":"index","follow":"follow","max-snippet":"max-snippet:-1","max-image-preview":"max-image-preview:large","max-video-preview":"max-video-preview:-1"},"canonical":"https:\/\/realtyincanada.com\/fr\/maison-de-vacances\/","og_locale":"fr_FR","og_type":"article","og_title":"Maison de vacances - Realty in Canada","og_description":"Chalet \/ Cabane \/ Maison de campagne avec ou sans vue sur l&rsquo;eau : Station Mont-Tremblant, c&rsquo;est \u00e0 environ une heure et demie \/ 1\u00bd heures de route de Montr\u00e9al et Ottawa, Qu\u00e9bec, Canada. Avez-vous song\u00e9 \u00e0 vous installer dans une maison de vacances ou \u00e0 investir dans la location [&hellip;]","og_url":"https:\/\/realtyincanada.com\/fr\/maison-de-vacances\/","og_site_name":"Realty in Canada","article_modified_time":"2019-08-22T22:13:40+00:00","og_image":[{"url":"https:\/\/realtyincanada.com\/\/wp-content\/uploads\/2019\/08\/Chalet-1a-2.jpg","type":"","width":"","height":""}],"twitter_card":"summary_large_image","twitter_misc":{"Dur\u00e9e de lecture estim\u00e9e":"1 minute"},"schema":{"@context":"https:\/\/schema.org","@graph":[{"@type":"WebPage","@id":"https:\/\/realtyincanada.com\/fr\/maison-de-vacances\/","url":"https:\/\/realtyincanada.com\/fr\/maison-de-vacances\/","name":"Maison de vacances - Realty in Canada","isPartOf":{"@id":"https:\/\/realtyincanada.com\/#website"},"primaryImageOfPage":{"@id":"https:\/\/realtyincanada.com\/fr\/maison-de-vacances\/#primaryimage"},"image":{"@id":"https:\/\/realtyincanada.com\/fr\/maison-de-vacances\/#primaryimage"},"thumbnailUrl":"https:\/\/realtyincanada.com\/\/wp-content\/uploads\/2019\/08\/Chalet-1a-2.jpg","datePublished":"2019-08-07T15:16:18+00:00","dateModified":"2019-08-22T22:13:40+00:00","breadcrumb":{"@id":"https:\/\/realtyincanada.com\/fr\/maison-de-vacances\/#breadcrumb"},"inLanguage":"fr-FR","potentialAction":[{"@type":"ReadAction","target":["https:\/\/realtyincanada.com\/fr\/maison-de-vacances\/"]}]},{"@type":"ImageObject","inLanguage":"fr-FR","@id":"https:\/\/realtyincanada.com\/fr\/maison-de-vacances\/#primaryimage","url":"https:\/\/realtyincanada.com\/\/wp-content\/uploads\/2019\/08\/Chalet-1a-2.jpg","contentUrl":"https:\/\/realtyincanada.com\/\/wp-content\/uploads\/2019\/08\/Chalet-1a-2.jpg"},{"@type":"BreadcrumbList","@id":"https:\/\/realtyincanada.com\/fr\/maison-de-vacances\/#breadcrumb","itemListElement":[{"@type":"ListItem","position":1,"name":"Home","item":"https:\/\/realtyincanada.com\/fr\/"},{"@type":"ListItem","position":2,"name":"Maison de vacances"}]},{"@type":"WebSite","@id":"https:\/\/realtyincanada.com\/#website","url":"https:\/\/realtyincanada.com\/","name":"Realty in Canada","description":"Realty in Canada is your right choice for the best property agent in Canada. Contact us to buy, sell or rent your property.","publisher":{"@id":"https:\/\/realtyincanada.com\/#organization"},"potentialAction":[{"@type":"SearchAction","target":{"@type":"EntryPoint","urlTemplate":"https:\/\/realtyincanada.com\/?s={search_term_string}"},"query-input":{"@type":"PropertyValueSpecification","valueRequired":true,"valueName":"search_term_string"}}],"inLanguage":"fr-FR"},{"@type":"Organization","@id":"https:\/\/realtyincanada.com\/#organization","name":"Realty In Canada","url":"https:\/\/realtyincanada.com\/","logo":{"@type":"ImageObject","inLanguage":"fr-FR","@id":"https:\/\/realtyincanada.com\/#\/schema\/logo\/image\/","url":"https:\/\/realtyincanada.com\/\/wp-content\/uploads\/2019\/08\/emdadul_hoque_final_footer_nopadding.png","contentUrl":"https:\/\/realtyincanada.com\/\/wp-content\/uploads\/2019\/08\/emdadul_hoque_final_footer_nopadding.png","width":1490,"height":660,"caption":"Realty In Canada"},"image":{"@id":"https:\/\/realtyincanada.com\/#\/schema\/logo\/image\/"}}]}},"_links":{"self":[{"href":"https:\/\/realtyincanada.com\/fr\/wp-json\/wp\/v2\/pages\/2885","targetHints":{"allow":["GET"]}}],"collection":[{"href":"https:\/\/realtyincanada.com\/fr\/wp-json\/wp\/v2\/pages"}],"about":[{"href":"https:\/\/realtyincanada.com\/fr\/wp-json\/wp\/v2\/types\/page"}],"author":[{"embeddable":true,"href":"https:\/\/realtyincanada.com\/fr\/wp-json\/wp\/v2\/users\/4"}],"replies":[{"embeddable":true,"href":"https:\/\/realtyincanada.com\/fr\/wp-json\/wp\/v2\/comments?post=2885"}],"version-history":[{"count":18,"href":"https:\/\/realtyincanada.com\/fr\/wp-json\/wp\/v2\/pages\/2885\/revisions"}],"predecessor-version":[{"id":3954,"href":"https:\/\/realtyincanada.com\/fr\/wp-json\/wp\/v2\/pages\/2885\/revisions\/3954"}],"wp:attachment":[{"href":"https:\/\/realtyincanada.com\/fr\/wp-json\/wp\/v2\/media?parent=2885"}],"curies":[{"name":"wp","href":"https:\/\/api.w.org\/{rel}","templated":true}]}}