{"id":3141,"date":"2019-08-07T17:17:03","date_gmt":"2019-08-07T17:17:03","guid":{"rendered":"https:\/\/realtyincanada.com\/agriculture\/"},"modified":"2021-10-27T22:24:11","modified_gmt":"2021-10-28T02:24:11","slug":"agriculture","status":"publish","type":"page","link":"https:\/\/realtyincanada.com\/fr\/services\/agriculture\/","title":{"rendered":"Propri\u00e9t\u00e9 Agricole"},"content":{"rendered":"\n<h3 class=\"black wp-block-heading\">Terrain et B\u00e2timent  <strong>Agricole<\/strong> <\/h3>\n\n\n\n<p>Les b\u00e2timents agricoles sont des structures con\u00e7ues pour l\u2019agriculture et les pratiques agricoles, y compris, mais sans s\u2019y limiter, la culture et la r\u00e9colte des cultures et l\u2019\u00e9levage du b\u00e9tail et des petits animaux.<\/p>\n\n\n\n<figure class=\"wp-block-image\"><img fetchpriority=\"high\" decoding=\"async\" width=\"1024\" height=\"429\" src=\"https:\/\/realtyincanada.com\/\/wp-content\/uploads\/2019\/08\/agriculture-1024x429.jpg\" alt=\"\" class=\"wp-image-3075\" srcset=\"https:\/\/realtyincanada.com\/wp-content\/uploads\/2019\/08\/agriculture.jpg 1024w, https:\/\/realtyincanada.com\/wp-content\/uploads\/2019\/08\/agriculture-300x126.jpg 300w, https:\/\/realtyincanada.com\/wp-content\/uploads\/2019\/08\/agriculture-768x322.jpg 768w\" sizes=\"(max-width: 1024px) 100vw, 1024px\" \/><\/figure>\n\n\n\n<p><strong>Terrains et b\u00e2timents agricoles <\/strong><\/p>\n\n\n\n<p>Si vous avez d\u00e9j\u00e0 song\u00e9 \u00e0 d\u00e9marrer votre propre\nferme, il est fort possible que vous ayez commenc\u00e9 \u00e0 chercher d\u2019autres\nb\u00e2timents agricoles \u00e0 vendre. Ces b\u00e2timents sont habituellement fournis avec\nles terres de la ferme, et la plupart des b\u00e2timents sont habituellement des\ngranges, des \u00e9tables et tout autre b\u00e2timent abritant l\u2019\u00e9quipement agricole ou\nle grain, ainsi que les animaux de la ferme.<\/p>\n\n\n\n<div class=\"wp-block-media-text alignwide\" style=\"grid-template-columns:51% auto\"><figure class=\"wp-block-media-text__media\"><img decoding=\"async\" width=\"581\" height=\"340\" src=\"https:\/\/realtyincanada.com\/\/wp-content\/uploads\/2019\/08\/image-14.png\" alt=\"\" class=\"wp-image-3755\" srcset=\"https:\/\/realtyincanada.com\/wp-content\/uploads\/2019\/08\/image-14.png 581w, https:\/\/realtyincanada.com\/wp-content\/uploads\/2019\/08\/image-14-300x176.png 300w\" sizes=\"(max-width: 581px) 100vw, 581px\" \/><\/figure><div class=\"wp-block-media-text__content\">\n<ul class=\"wp-block-list\"><li>Il existe de nombreux b\u00e2timents agricoles \u00e0 vendre, et si vous      voulez obtenir les meilleures offres, vous aurez besoin d\u2019\u00e9tablir quelques      normes qui devraient co\u00efncider avec ce dont vous avez besoin. Vous      trouverez ci-dessous une liste de crit\u00e8res sur lesquels vous pouvez      \u00e9tablir vos normes, et c\u2019est \u00e0 vous de d\u00e9cider de la fa\u00e7on dont vous les      modifierez selon vos pr\u00e9f\u00e9rences.<\/li><\/ul>\n<\/div><\/div>\n\n\n\n<div class=\"wp-block-media-text alignwide\"><figure class=\"wp-block-media-text__media\"><img decoding=\"async\" src=\"https:\/\/realtyincanada.com\/\/wp-content\/uploads\/2019\/08\/image-16.png\" alt=\"\"\/><\/figure><div class=\"wp-block-media-text__content\">\n<ul class=\"wp-block-list\"><li>Lorsque vous recherchez des b\u00e2timents agricoles \u00e0 vendre, vous      aurez besoin de regarder non seulement sur les kits de construction en      acier eux-m\u00eames, mais aussi sur le terrain qu\u2019il est situ\u00e9. La terre doit      \u00eatre fertile, sinon votre ferme ne prosp\u00e9rera pas et sera simplement une      terre morte. Le b\u00e2timent lui-m\u00eame doit \u00eatre strat\u00e9giquement situ\u00e9 \u00e0 de      bons endroits sur la ferme et non pas n\u2019importe o\u00f9. C\u2019est important parce      que puisque les b\u00e2timents agricoles abritent g\u00e9n\u00e9ralement l\u2019\u00e9quipement      utilis\u00e9 pour l\u2019agriculture, vous aurez besoin que la zone agricole soit      proche de l\u2019endroit o\u00f9 l\u2019\u00e9quipement sera utilis\u00e9, de sorte que vous      n\u2019aurez pas de difficult\u00e9 \u00e0 utiliser ledit \u00e9quipement.<\/li><\/ul>\n<\/div><\/div>\n\n\n\n<div class=\"wp-block-media-text alignwide no-padding\"><figure class=\"wp-block-media-text__media\"><img decoding=\"async\" width=\"326\" height=\"155\" src=\"https:\/\/realtyincanada.com\/\/wp-content\/uploads\/2019\/08\/Agricultural-land..jpg\" alt=\"\" class=\"wp-image-3016\" srcset=\"https:\/\/realtyincanada.com\/wp-content\/uploads\/2019\/08\/Agricultural-land..jpg 326w, https:\/\/realtyincanada.com\/wp-content\/uploads\/2019\/08\/Agricultural-land.-300x143.jpg 300w\" sizes=\"(max-width: 326px) 100vw, 326px\" \/><\/figure><div class=\"wp-block-media-text__content\">\n<ul class=\"wp-block-list\"><li>Les diff\u00e9rents b\u00e2timents agricoles \u00e0 vendre devront \u00e9galement \u00eatre      robustes. Vous devrez v\u00e9rifier s\u2019ils sont bien entretenus par l\u2019ancien      propri\u00e9taire. Si le bois est encore intact et ne pr\u00e9sente aucun risque de      pourriture, c\u2019est un bon signe d\u2019entretien. Si les b\u00e2timents sont en      m\u00e9tal, la pourriture peut ne pas \u00eatre applicable, mais essayez de voir      s\u2019il y a de la corrosion ou des dommages qui ont \u00e9t\u00e9 faits sur le      b\u00e2timent. Les b\u00e2timents m\u00e9talliques sont de loin pr\u00e9f\u00e9rables, car non      seulement ils co\u00fbtent moins cher en entretien, mais ils sont aussi tr\u00e8s robustes et durables que le bois.<\/li><\/ul>\n<\/div><\/div>\n\n\n\n<div class=\"wp-block-media-text alignwide\"><figure class=\"wp-block-media-text__media\"><img loading=\"lazy\" decoding=\"async\" width=\"513\" height=\"312\" src=\"https:\/\/realtyincanada.com\/\/wp-content\/uploads\/2019\/08\/image-13.png\" alt=\"\" class=\"wp-image-3752\" srcset=\"https:\/\/realtyincanada.com\/wp-content\/uploads\/2019\/08\/image-13.png 513w, https:\/\/realtyincanada.com\/wp-content\/uploads\/2019\/08\/image-13-300x182.png 300w\" sizes=\"(max-width: 513px) 100vw, 513px\" \/><\/figure><div class=\"wp-block-media-text__content\">\n<ul class=\"wp-block-list\"><li>La recherche de b\u00e2timents agricoles est une t\u00e2che facile et      subalterne. Les v\u00e9rifier et s\u2019assurer qu\u2019ils sont intacts et qu\u2019ils sont      toujours dans de bonnes conditions de travail est ce qui rend ce travail      fastidieux. Gardez \u00e0 l\u2019esprit que les b\u00e2timents m\u00e9talliques sont      \u00e9tonnamment durables par rapport au bois, sans parler de leur r\u00e9sistance      au feu et de leur faible entretien. En fin de compte, si vous \u00eates      vraiment \u00e0 la recherche de ce que vous pouvez utiliser, obtenez en m\u00e9tal,      car ils peuvent donner plus d\u2019avantages \u00e0 long terme.<\/li><\/ul>\n<\/div><\/div>\n\n\n\n<p><strong>\u00c9valuations de propri\u00e9t\u00e9s agricoles<\/strong><\/p>\n\n\n\n<p>Nous fournissons gratuitement des \u00e9valuations fonci\u00e8res agricoles pour le b\u00e2timent et les terres agricoles. Veuillez compl\u00e9ter les informations suivantes et nous vous contacterons dans les plus brefs d\u00e9lais.<\/p>\n\n\n\n<div class=\"wpcf7 no-js\" id=\"wpcf7-f3041-o1\" lang=\"en-US\" dir=\"ltr\" data-wpcf7-id=\"3041\">\n<div class=\"screen-reader-response\"><p role=\"status\" aria-live=\"polite\" aria-atomic=\"true\"><\/p> <ul><\/ul><\/div>\n<form action=\"\/fr\/wp-json\/wp\/v2\/pages\/3141#wpcf7-f3041-o1\" method=\"post\" class=\"wpcf7-form init\" aria-label=\"Contact form\" novalidate=\"novalidate\" data-status=\"init\">\n<fieldset class=\"hidden-fields-container\"><input type=\"hidden\" name=\"_wpcf7\" value=\"3041\" \/><input type=\"hidden\" name=\"_wpcf7_version\" value=\"6.1.5\" \/><input type=\"hidden\" name=\"_wpcf7_locale\" value=\"en_US\" \/><input type=\"hidden\" name=\"_wpcf7_unit_tag\" value=\"wpcf7-f3041-o1\" \/><input type=\"hidden\" name=\"_wpcf7_container_post\" value=\"0\" \/><input type=\"hidden\" name=\"_wpcf7_posted_data_hash\" value=\"\" \/><input type=\"hidden\" name=\"_wpcf7_recaptcha_response\" value=\"\" \/>\n<\/fieldset>\n<div class=\"row evalutaion-form-cf7\">\n\t<div class=\"col-md-6 col-xs-12\">\n\t\t<h3 class=\"form-section-title\">Informations G\u00e9n\u00e9rales\n\t\t<\/h3>\n\t\t<p><span class=\"wpcf7-form-control-wrap\" data-name=\"nom\"><input size=\"40\" maxlength=\"400\" class=\"wpcf7-form-control wpcf7-text wpcf7-validates-as-required\" aria-required=\"true\" aria-invalid=\"false\" placeholder=\"Nom\" value=\"\" type=\"text\" name=\"nom\" \/><\/span><br \/>\n<span class=\"wpcf7-form-control-wrap\" data-name=\"company\"><input size=\"40\" maxlength=\"400\" class=\"wpcf7-form-control wpcf7-text\" aria-invalid=\"false\" placeholder=\"Nom de compagnie\" value=\"\" type=\"text\" name=\"company\" \/><\/span><br \/>\n<span class=\"wpcf7-form-control-wrap\" data-name=\"email\"><input size=\"40\" maxlength=\"400\" class=\"wpcf7-form-control wpcf7-email wpcf7-validates-as-required wpcf7-text wpcf7-validates-as-email\" aria-required=\"true\" aria-invalid=\"false\" placeholder=\"Courriel\" value=\"\" type=\"email\" name=\"email\" \/><\/span><br \/>\n<span class=\"wpcf7-form-control-wrap\" data-name=\"phone\"><input size=\"40\" maxlength=\"400\" class=\"wpcf7-form-control wpcf7-tel wpcf7-validates-as-required wpcf7-text wpcf7-validates-as-tel\" aria-required=\"true\" aria-invalid=\"false\" placeholder=\"T\u00e9l\u00e9phone\" value=\"\" type=\"tel\" name=\"phone\" \/><\/span><br \/>\n<span class=\"wpcf7-form-control-wrap\" data-name=\"address\"><input size=\"40\" maxlength=\"400\" class=\"wpcf7-form-control wpcf7-text wpcf7-validates-as-required\" aria-required=\"true\" aria-invalid=\"false\" placeholder=\"Adresse\" value=\"\" type=\"text\" name=\"address\" \/><\/span><br \/>\n<span class=\"wpcf7-form-control-wrap\" data-name=\"city\"><input size=\"40\" maxlength=\"400\" class=\"wpcf7-form-control wpcf7-text wpcf7-validates-as-required\" aria-required=\"true\" aria-invalid=\"false\" placeholder=\"Ville\" value=\"\" type=\"text\" name=\"city\" \/><\/span><br \/>\n<span class=\"wpcf7-form-control-wrap\" data-name=\"postal\"><input size=\"40\" maxlength=\"400\" class=\"wpcf7-form-control wpcf7-text wpcf7-validates-as-required\" aria-required=\"true\" aria-invalid=\"false\" placeholder=\"Code Postal\" value=\"\" type=\"text\" name=\"postal\" \/><\/span><br \/>\n<label for=\"property-type-desktop\"><\/label>\n\t\t<\/p>\n\t<\/div>\n\t<div class=\"col-md-6 col-xs-12\">\n\t<hr class=\"hidden-md-up\" \/>\n\t\t<h3 class=\"form-section-title\">D\u00e9tails De La Propri\u00e9t\u00e9\n\t\t<\/h3>\n\t\t<p><span class=\"wpcf7-form-control-wrap\" data-name=\"property-type-desktop\"><select class=\"wpcf7-form-control wpcf7-select wpcf7-validates-as-required\" aria-required=\"true\" aria-invalid=\"false\" name=\"property-type-desktop\"><option value=\"\">Type de la propri\u00e9t\u00e9<\/option><option value=\"Appartement\">Appartement<\/option><option value=\"B\u00e2timent et vente d\u2019entreprise\">B\u00e2timent et vente d\u2019entreprise<\/option><option value=\"Bungalow\">Bungalow<\/option><option value=\"Chalet\">Chalet<\/option><option value=\"B\u00e2timent commercial et terrain\">B\u00e2timent commercial et terrain<\/option><option value=\"B\u00e2timent commercial \/ bureau\">B\u00e2timent commercial \/ bureau<\/option><option value=\"Espace de location commercial \/ bureau\">Espace de location commercial \/ bureau<\/option><option value=\"Garderie\">Garderie<\/option><option value=\"Duplex\">Duplex<\/option><option value=\"Ferme\">Ferme<\/option><option value=\"Ferme de loisirs\">Ferme de loisirs<\/option><option value=\"B\u00e2timent industriel\">B\u00e2timent industriel<\/option><option value=\"B\u00e2timent industriel et terrain\">B\u00e2timent industriel et terrain<\/option><option value=\"Condo Industriel\">Condo Industriel<\/option><option value=\"Location d\u2019espaces industriels\">Location d\u2019espaces industriels<\/option><option value=\"Loft \/ Studio\">Loft \/ Studio<\/option><option value=\"Maison mobile\">Maison mobile<\/option><option value=\"Maison d\u2019un \u00e9tage et demi\">Maison d\u2019un \u00e9tage et demi<\/option><option value=\"Quadruplex\">Quadruplex<\/option><option value=\"Quintuplex\">Quintuplex<\/option><option value=\"\u00c0 deux niveaux\">\u00c0 deux niveaux<\/option><option value=\"Triplex\">Triplex<\/option><option value=\"Maison \u00e0 \u00e9tages\">Maison \u00e0 \u00e9tages<\/option><option value=\"Terrain vacant\">Terrain vacant<\/option><option value=\"Terre \u00e0 Bois\">Terre \u00e0 Bois<\/option><\/select><\/span><br \/>\n<span class=\"wpcf7-form-control-wrap\" data-name=\"bedrooms\"><input class=\"wpcf7-form-control wpcf7-number wpcf7-validates-as-required wpcf7-validates-as-number\" min=\"1\" max=\"25\" aria-required=\"true\" aria-invalid=\"false\" placeholder=\"Chambres\" value=\"\" type=\"number\" name=\"bedrooms\" \/><\/span><br \/>\n<span class=\"wpcf7-form-control-wrap\" data-name=\"bathrooms\"><input class=\"wpcf7-form-control wpcf7-number wpcf7-validates-as-required wpcf7-validates-as-number\" min=\"1\" max=\"25\" aria-required=\"true\" aria-invalid=\"false\" placeholder=\"Salles de bains\" value=\"\" type=\"number\" name=\"bathrooms\" \/><\/span><br \/>\n<span class=\"wpcf7-form-control-wrap\" data-name=\"size\"><input class=\"wpcf7-form-control wpcf7-number wpcf7-validates-as-required wpcf7-validates-as-number\" min=\"100\" max=\"10000\" aria-required=\"true\" aria-invalid=\"false\" placeholder=\"Taille (pi ca)\" value=\"\" type=\"number\" name=\"size\" \/><\/span><br \/>\n<span class=\"wpcf7-form-control-wrap\" data-name=\"features\"><textarea cols=\"40\" rows=\"10\" maxlength=\"2000\" class=\"wpcf7-form-control wpcf7-textarea wpcf7-validates-as-required\" aria-required=\"true\" aria-invalid=\"false\" placeholder=\"Caract\u00e9ristiques \/ Commentaires\" name=\"features\"><\/textarea><\/span>\n\t\t<\/p>\n\t<\/div>\n\t<div class=\"col-xs-12\">\n\t\t<p><button type=\"submit\" style=\"margin: -32px auto; width: 140px;\" class=\"cta-blog\">Envoyer<\/button>\n\t\t<\/p>\n\t<\/div>\n<\/div><p style=\"display: none !important;\" class=\"akismet-fields-container\" data-prefix=\"_wpcf7_ak_\"><label>&#916;<textarea name=\"_wpcf7_ak_hp_textarea\" cols=\"45\" rows=\"8\" maxlength=\"100\"><\/textarea><\/label><input type=\"hidden\" id=\"ak_js_1\" name=\"_wpcf7_ak_js\" value=\"61\"\/><script type=\"text\/javascript\">\n\/* <![CDATA[ *\/\ndocument.getElementById( \"ak_js_1\" ).setAttribute( \"value\", ( new Date() ).getTime() );\n\/* ]]> *\/\n<\/script>\n<\/p><div class=\"wpcf7-response-output\" aria-hidden=\"true\"><\/div>\n<\/form>\n<\/div>\n\n\n\n\n<p><\/p>\n\n\n\n<p>\u260e Appelez d\u00e8s aujourd\u2019hui au:&nbsp;<strong>514-654-8890<\/strong>&nbsp;ou envoyez un courriel \u00e0:&nbsp;<a href=\"https:\/\/realtyincanada.com\/\/fr\/services\/residentials\/_wp_link_placeholder\"><strong>info@realtyincanada.com<\/strong><\/a>&nbsp;pour tous vos besoins immobiliers.!! <\/p>\n","protected":false},"excerpt":{"rendered":"<p>Terrain et B\u00e2timent Agricole Les b\u00e2timents agricoles sont des structures con\u00e7ues pour l\u2019agriculture et les pratiques agricoles, y compris, mais sans s\u2019y limiter, la culture et la r\u00e9colte des cultures et l\u2019\u00e9levage du b\u00e9tail et des petits animaux. Terrains et b\u00e2timents agricoles Si vous avez d\u00e9j\u00e0 song\u00e9 \u00e0 d\u00e9marrer votre [&hellip;]<\/p>\n","protected":false},"author":4,"featured_media":0,"parent":1344,"menu_order":0,"comment_status":"closed","ping_status":"closed","template":"","meta":{"_acf_changed":false,"footnotes":""},"class_list":["post-3141","page","type-page","status-publish","hentry"],"acf":[],"yoast_head":"<!-- This site is optimized with the Yoast SEO plugin v27.5 - https:\/\/yoast.com\/product\/yoast-seo-wordpress\/ -->\n<title>Propri\u00e9t\u00e9 Agricole - Realty in Canada<\/title>\n<meta name=\"robots\" content=\"index, follow, max-snippet:-1, max-image-preview:large, max-video-preview:-1\" \/>\n<link rel=\"canonical\" href=\"https:\/\/realtyincanada.com\/services\/agriculture\/\" \/>\n<meta property=\"og:locale\" content=\"fr_FR\" \/>\n<meta property=\"og:type\" content=\"article\" \/>\n<meta property=\"og:title\" content=\"Propri\u00e9t\u00e9 Agricole - Realty in Canada\" \/>\n<meta property=\"og:description\" content=\"Terrain et B\u00e2timent Agricole Les b\u00e2timents agricoles sont des structures con\u00e7ues pour l\u2019agriculture et les pratiques agricoles, y compris, mais sans s\u2019y limiter, la culture et la r\u00e9colte des cultures et l\u2019\u00e9levage du b\u00e9tail et des petits animaux. Terrains et b\u00e2timents agricoles Si vous avez d\u00e9j\u00e0 song\u00e9 \u00e0 d\u00e9marrer votre [&hellip;]\" \/>\n<meta property=\"og:url\" content=\"https:\/\/realtyincanada.com\/services\/agriculture\/\" \/>\n<meta property=\"og:site_name\" content=\"Realty in Canada\" \/>\n<meta property=\"article:modified_time\" content=\"2021-10-28T02:24:11+00:00\" \/>\n<meta property=\"og:image\" content=\"https:\/\/realtyincanada.com\/\/wp-content\/uploads\/2019\/08\/agriculture-1024x429.jpg\" \/>\n<meta name=\"twitter:card\" content=\"summary_large_image\" \/>\n<meta name=\"twitter:label1\" content=\"Dur\u00e9e de lecture estim\u00e9e\" \/>\n\t<meta name=\"twitter:data1\" content=\"3 minutes\" \/>\n<script type=\"application\/ld+json\" class=\"yoast-schema-graph\">{\"@context\":\"https:\\\/\\\/schema.org\",\"@graph\":[{\"@type\":\"WebPage\",\"@id\":\"https:\\\/\\\/realtyincanada.com\\\/services\\\/agriculture\\\/\",\"url\":\"https:\\\/\\\/realtyincanada.com\\\/services\\\/agriculture\\\/\",\"name\":\"Propri\u00e9t\u00e9 Agricole - Realty in Canada\",\"isPartOf\":{\"@id\":\"https:\\\/\\\/realtyincanada.com\\\/#website\"},\"primaryImageOfPage\":{\"@id\":\"https:\\\/\\\/realtyincanada.com\\\/services\\\/agriculture\\\/#primaryimage\"},\"image\":{\"@id\":\"https:\\\/\\\/realtyincanada.com\\\/services\\\/agriculture\\\/#primaryimage\"},\"thumbnailUrl\":\"https:\\\/\\\/realtyincanada.com\\\/\\\/wp-content\\\/uploads\\\/2019\\\/08\\\/agriculture-1024x429.jpg\",\"datePublished\":\"2019-08-07T17:17:03+00:00\",\"dateModified\":\"2021-10-28T02:24:11+00:00\",\"breadcrumb\":{\"@id\":\"https:\\\/\\\/realtyincanada.com\\\/services\\\/agriculture\\\/#breadcrumb\"},\"inLanguage\":\"fr-FR\",\"potentialAction\":[{\"@type\":\"ReadAction\",\"target\":[\"https:\\\/\\\/realtyincanada.com\\\/services\\\/agriculture\\\/\"]}]},{\"@type\":\"ImageObject\",\"inLanguage\":\"fr-FR\",\"@id\":\"https:\\\/\\\/realtyincanada.com\\\/services\\\/agriculture\\\/#primaryimage\",\"url\":\"https:\\\/\\\/realtyincanada.com\\\/\\\/wp-content\\\/uploads\\\/2019\\\/08\\\/agriculture-1024x429.jpg\",\"contentUrl\":\"https:\\\/\\\/realtyincanada.com\\\/\\\/wp-content\\\/uploads\\\/2019\\\/08\\\/agriculture-1024x429.jpg\"},{\"@type\":\"BreadcrumbList\",\"@id\":\"https:\\\/\\\/realtyincanada.com\\\/services\\\/agriculture\\\/#breadcrumb\",\"itemListElement\":[{\"@type\":\"ListItem\",\"position\":1,\"name\":\"Home\",\"item\":\"https:\\\/\\\/realtyincanada.com\\\/fr\\\/\"},{\"@type\":\"ListItem\",\"position\":2,\"name\":\"Services\",\"item\":\"https:\\\/\\\/realtyincanada.com\\\/fr\\\/services\\\/\"},{\"@type\":\"ListItem\",\"position\":3,\"name\":\"Propri\u00e9t\u00e9 Agricole\"}]},{\"@type\":\"WebSite\",\"@id\":\"https:\\\/\\\/realtyincanada.com\\\/#website\",\"url\":\"https:\\\/\\\/realtyincanada.com\\\/\",\"name\":\"Realty in Canada\",\"description\":\"Realty in Canada is your right choice for the best property agent in Canada. Contact us to buy, sell or rent your property.\",\"publisher\":{\"@id\":\"https:\\\/\\\/realtyincanada.com\\\/#organization\"},\"potentialAction\":[{\"@type\":\"SearchAction\",\"target\":{\"@type\":\"EntryPoint\",\"urlTemplate\":\"https:\\\/\\\/realtyincanada.com\\\/?s={search_term_string}\"},\"query-input\":{\"@type\":\"PropertyValueSpecification\",\"valueRequired\":true,\"valueName\":\"search_term_string\"}}],\"inLanguage\":\"fr-FR\"},{\"@type\":\"Organization\",\"@id\":\"https:\\\/\\\/realtyincanada.com\\\/#organization\",\"name\":\"Realty In Canada\",\"url\":\"https:\\\/\\\/realtyincanada.com\\\/\",\"logo\":{\"@type\":\"ImageObject\",\"inLanguage\":\"fr-FR\",\"@id\":\"https:\\\/\\\/realtyincanada.com\\\/#\\\/schema\\\/logo\\\/image\\\/\",\"url\":\"https:\\\/\\\/realtyincanada.com\\\/\\\/wp-content\\\/uploads\\\/2019\\\/08\\\/emdadul_hoque_final_footer_nopadding.png\",\"contentUrl\":\"https:\\\/\\\/realtyincanada.com\\\/\\\/wp-content\\\/uploads\\\/2019\\\/08\\\/emdadul_hoque_final_footer_nopadding.png\",\"width\":1490,\"height\":660,\"caption\":\"Realty In Canada\"},\"image\":{\"@id\":\"https:\\\/\\\/realtyincanada.com\\\/#\\\/schema\\\/logo\\\/image\\\/\"}}]}<\/script>\n<!-- \/ Yoast SEO plugin. -->","yoast_head_json":{"title":"Propri\u00e9t\u00e9 Agricole - Realty in Canada","robots":{"index":"index","follow":"follow","max-snippet":"max-snippet:-1","max-image-preview":"max-image-preview:large","max-video-preview":"max-video-preview:-1"},"canonical":"https:\/\/realtyincanada.com\/services\/agriculture\/","og_locale":"fr_FR","og_type":"article","og_title":"Propri\u00e9t\u00e9 Agricole - Realty in Canada","og_description":"Terrain et B\u00e2timent Agricole Les b\u00e2timents agricoles sont des structures con\u00e7ues pour l\u2019agriculture et les pratiques agricoles, y compris, mais sans s\u2019y limiter, la culture et la r\u00e9colte des cultures et l\u2019\u00e9levage du b\u00e9tail et des petits animaux. Terrains et b\u00e2timents agricoles Si vous avez d\u00e9j\u00e0 song\u00e9 \u00e0 d\u00e9marrer votre [&hellip;]","og_url":"https:\/\/realtyincanada.com\/services\/agriculture\/","og_site_name":"Realty in Canada","article_modified_time":"2021-10-28T02:24:11+00:00","og_image":[{"url":"https:\/\/realtyincanada.com\/\/wp-content\/uploads\/2019\/08\/agriculture-1024x429.jpg","type":"","width":"","height":""}],"twitter_card":"summary_large_image","twitter_misc":{"Dur\u00e9e de lecture estim\u00e9e":"3 minutes"},"schema":{"@context":"https:\/\/schema.org","@graph":[{"@type":"WebPage","@id":"https:\/\/realtyincanada.com\/services\/agriculture\/","url":"https:\/\/realtyincanada.com\/services\/agriculture\/","name":"Propri\u00e9t\u00e9 Agricole - Realty in Canada","isPartOf":{"@id":"https:\/\/realtyincanada.com\/#website"},"primaryImageOfPage":{"@id":"https:\/\/realtyincanada.com\/services\/agriculture\/#primaryimage"},"image":{"@id":"https:\/\/realtyincanada.com\/services\/agriculture\/#primaryimage"},"thumbnailUrl":"https:\/\/realtyincanada.com\/\/wp-content\/uploads\/2019\/08\/agriculture-1024x429.jpg","datePublished":"2019-08-07T17:17:03+00:00","dateModified":"2021-10-28T02:24:11+00:00","breadcrumb":{"@id":"https:\/\/realtyincanada.com\/services\/agriculture\/#breadcrumb"},"inLanguage":"fr-FR","potentialAction":[{"@type":"ReadAction","target":["https:\/\/realtyincanada.com\/services\/agriculture\/"]}]},{"@type":"ImageObject","inLanguage":"fr-FR","@id":"https:\/\/realtyincanada.com\/services\/agriculture\/#primaryimage","url":"https:\/\/realtyincanada.com\/\/wp-content\/uploads\/2019\/08\/agriculture-1024x429.jpg","contentUrl":"https:\/\/realtyincanada.com\/\/wp-content\/uploads\/2019\/08\/agriculture-1024x429.jpg"},{"@type":"BreadcrumbList","@id":"https:\/\/realtyincanada.com\/services\/agriculture\/#breadcrumb","itemListElement":[{"@type":"ListItem","position":1,"name":"Home","item":"https:\/\/realtyincanada.com\/fr\/"},{"@type":"ListItem","position":2,"name":"Services","item":"https:\/\/realtyincanada.com\/fr\/services\/"},{"@type":"ListItem","position":3,"name":"Propri\u00e9t\u00e9 Agricole"}]},{"@type":"WebSite","@id":"https:\/\/realtyincanada.com\/#website","url":"https:\/\/realtyincanada.com\/","name":"Realty in Canada","description":"Realty in Canada is your right choice for the best property agent in Canada. Contact us to buy, sell or rent your property.","publisher":{"@id":"https:\/\/realtyincanada.com\/#organization"},"potentialAction":[{"@type":"SearchAction","target":{"@type":"EntryPoint","urlTemplate":"https:\/\/realtyincanada.com\/?s={search_term_string}"},"query-input":{"@type":"PropertyValueSpecification","valueRequired":true,"valueName":"search_term_string"}}],"inLanguage":"fr-FR"},{"@type":"Organization","@id":"https:\/\/realtyincanada.com\/#organization","name":"Realty In Canada","url":"https:\/\/realtyincanada.com\/","logo":{"@type":"ImageObject","inLanguage":"fr-FR","@id":"https:\/\/realtyincanada.com\/#\/schema\/logo\/image\/","url":"https:\/\/realtyincanada.com\/\/wp-content\/uploads\/2019\/08\/emdadul_hoque_final_footer_nopadding.png","contentUrl":"https:\/\/realtyincanada.com\/\/wp-content\/uploads\/2019\/08\/emdadul_hoque_final_footer_nopadding.png","width":1490,"height":660,"caption":"Realty In Canada"},"image":{"@id":"https:\/\/realtyincanada.com\/#\/schema\/logo\/image\/"}}]}},"_links":{"self":[{"href":"https:\/\/realtyincanada.com\/fr\/wp-json\/wp\/v2\/pages\/3141","targetHints":{"allow":["GET"]}}],"collection":[{"href":"https:\/\/realtyincanada.com\/fr\/wp-json\/wp\/v2\/pages"}],"about":[{"href":"https:\/\/realtyincanada.com\/fr\/wp-json\/wp\/v2\/types\/page"}],"author":[{"embeddable":true,"href":"https:\/\/realtyincanada.com\/fr\/wp-json\/wp\/v2\/users\/4"}],"replies":[{"embeddable":true,"href":"https:\/\/realtyincanada.com\/fr\/wp-json\/wp\/v2\/comments?post=3141"}],"version-history":[{"count":16,"href":"https:\/\/realtyincanada.com\/fr\/wp-json\/wp\/v2\/pages\/3141\/revisions"}],"predecessor-version":[{"id":5415,"href":"https:\/\/realtyincanada.com\/fr\/wp-json\/wp\/v2\/pages\/3141\/revisions\/5415"}],"up":[{"embeddable":true,"href":"https:\/\/realtyincanada.com\/fr\/wp-json\/wp\/v2\/pages\/1344"}],"wp:attachment":[{"href":"https:\/\/realtyincanada.com\/fr\/wp-json\/wp\/v2\/media?parent=3141"}],"curies":[{"name":"wp","href":"https:\/\/api.w.org\/{rel}","templated":true}]}}