{"id":3143,"date":"2019-08-07T16:55:05","date_gmt":"2019-08-07T16:55:05","guid":{"rendered":"https:\/\/realtyincanada.com\/industrial\/"},"modified":"2019-09-01T14:10:43","modified_gmt":"2019-09-01T18:10:43","slug":"industrial","status":"publish","type":"page","link":"https:\/\/realtyincanada.com\/fr\/services\/industrial\/","title":{"rendered":"Industriel"},"content":{"rendered":"\n<h3 class=\"black wp-block-heading\">SERVICES IMMOBILIERS INDUSTRIELS DANS LA GRANDE R\u00c9GION DE MONTR\u00c9AL, CANADA !<\/h3>\n\n\n\n<figure class=\"wp-block-image\"><img fetchpriority=\"high\" decoding=\"async\" width=\"1000\" height=\"666\" src=\"https:\/\/realtyincanada.com\/\/wp-content\/uploads\/2019\/08\/industrial-building.jpg\" alt=\"\" class=\"wp-image-3094\" srcset=\"https:\/\/realtyincanada.com\/wp-content\/uploads\/2019\/08\/industrial-building.jpg 1000w, https:\/\/realtyincanada.com\/wp-content\/uploads\/2019\/08\/industrial-building-300x200.jpg 300w, https:\/\/realtyincanada.com\/wp-content\/uploads\/2019\/08\/industrial-building-768x511.jpg 768w\" sizes=\"(max-width: 1000px) 100vw, 1000px\" \/><\/figure>\n\n\n\n<p>Vous \u00eates \u00e0 la recherche d\u2019un bien immobilier\nindustriel ou d\u2019une entreprise dans la grande r\u00e9gion de Montr\u00e9al et ailleurs au\nQu\u00e9bec? Que vous soyez acheteur ou vendeur, nous offrons des services\nimmobiliers industriels et de location dans la grande r\u00e9gion de Montr\u00e9al\n(Laval, Brossard, Rive Sud, Longueuil, Terrebonne, Repentigny Mont\u00e9r\u00e9gie,\nLaurentides, Lanaudi\u00e8re et autres r\u00e9gions du Qu\u00e9bec) et dans les environs et\navons aid\u00e9 des propri\u00e9taires, investisseurs et occupants dans tous leurs\nbesoins immobiliers.<\/p>\n\n\n\n<p>On entend par b\u00e2timent industriel tout b\u00e2timent ou\ntoute structure ou partie de b\u00e2timent, dans lequel sont fabriqu\u00e9s, assembl\u00e9s ou\ntransform\u00e9s des produits ou des mat\u00e9riaux de toutes sortes, tels que des usines\nd\u2019assemblage, des laboratoires, des centrales \u00e9lectriques, des usines, des\nlaiteries, des usines, etc.<\/p>\n\n\n\n<div class=\"wp-block-media-text alignwide\"><figure class=\"wp-block-media-text__media\"><img decoding=\"async\" src=\"https:\/\/realtyincanada.com\/\/wp-content\/uploads\/2019\/08\/image-11.png\" alt=\"\"\/><\/figure><div class=\"wp-block-media-text__content\">\n<ul class=\"wp-block-list\"><li>Un espace industriel peut \u00eatre utilis\u00e9 pour diff\u00e9rents types      d\u2019usages. Un espace industriel comprend toujours une zone de stockage, des      bureaux, des quais de chargement et\/ou des portes au niveau du sol. Les      espaces industriels lourds peuvent comprendre des grues pouvant      transporter des marchandises lourdes. La hauteur de plafond disponible      doit \u00eatre prise en compte lors du calcul de la surface de l\u2019espace      industriel. Si vous venez d&rsquo;immigrer au Canada, nous pouvons vous aider \u00e0 trouver une maison, une entreprise, un immeuble commercial, industriel ou une hypoth\u00e8que. En fait, selon votre situation.<\/li><\/ul>\n\n\n\n<ul class=\"wp-block-list\"><li>Si vous venez d\u2019immigrer au Canada, nous pouvons vous aider \u00e0      trouver une maison, une entreprise, un immeuble commercial, industriel ou      une hypoth\u00e8que.  En fait, selon votre situation. <\/li><\/ul>\n<\/div><\/div>\n\n\n\n<p>En tant que professionnels de l\u2019immobilier\nindustriel ou commercial, nous connaissons les communaut\u00e9s et l\u2019industrie \u00e0\nfond. Que vous soyez propri\u00e9taire, investisseur, occupant ou promoteur, en nous\nchoisissant, vous b\u00e9n\u00e9ficiez d\u2019un &nbsp;\u00ab&nbsp; guichet unique &nbsp;\u00bb pour\ntous vos besoins immobiliers. Vous pouvez passer de la recherche et de la\ns\u00e9lection de biens immobiliers \u00e0 la gestion de projets et d\u2019installations, en\npassant par l\u2019\u00e9valuation et l\u2019appr\u00e9ciation. Nous offrons une gamme compl\u00e8te de\nservices immobiliers industriels et commerciaux pour r\u00e9pondre \u00e0 vos besoins les\nplus complexes.<\/p>\n\n\n\n<p>En plus de notre exp\u00e9rience dans l\u2019achat, la vente\net la location de propri\u00e9t\u00e9s industrielles et commerciales, nous sommes\n\u00e9galement sp\u00e9cialis\u00e9s dans les bureaux, le commerce de d\u00e9tail, les terrains\nindustriels, commerciaux et les investissements. Notre service est compl\u00e9t\u00e9 par\nla capacit\u00e9 d\u2019offrir une recherche, des relations et une expertise in\u00e9gal\u00e9es \u00e0\nnotre client.<\/p>\n\n\n\n<p>Nous pouvons trouver pour vous des entreprises\nindustrielles et commerciales, des immeubles locatifs, des immeubles\nmultifamiliaux, des terrains, des propri\u00e9t\u00e9s agricoles, des locaux \u00e0 bureaux,\ndes locaux commerciaux ainsi que des occasions d\u2019accueil et d\u2019investissement\nindustriel partout au Canada.<\/p>\n\n\n\n<p><strong>Baux immobiliers industriels ou commerciaux :<\/strong>\u00a0Fondamentalement, il existe 4 principaux types de baux immobiliers commerciaux, chacun exigeant diff\u00e9rents niveaux de responsabilit\u00e9 de la part du propri\u00e9taire et du locataire.<\/p>\n\n\n\n<ul class=\"wp-block-list\"><li><strong>Bail net simple :<\/strong>&nbsp;Le locataire est responsable du paiement du loyer et des taxes fonci\u00e8res.<\/li><li><strong>Bail net double :<\/strong>&nbsp;Le locataire est responsable du paiement du loyer, des taxes fonci\u00e8res et des assurances.<\/li><li><strong>Bail net triple :&nbsp;<\/strong>Le locataire est responsable du paiement du loyer, des taxes fonci\u00e8res et parfois aussi de la taxe professionnelle, de l\u2019assurance et de l\u2019entretien.<\/li><li><strong>Bail brut :<\/strong>&nbsp;Le locataire n\u2019est responsable que du loyer ; le propri\u00e9taire paie les taxes fonci\u00e8res, l\u2019assurance et l\u2019entretien.<\/li><\/ul>\n\n\n\n<p>Que vous soyez \u00e0 la recherche d\u2019un nouvel espace\npour vos locaux commerciaux, industriels ou commerciaux, d\u2019un local pr\u00eat \u00e0\nvendre ou \u00e0 louer votre propri\u00e9t\u00e9 commerciale, nous pouvons le faire pour vous.\nNotre \u00e9quipe d\u2019agents immobiliers industriels et commerciaux vous fournira\nl\u2019ensemble des services n\u00e9cessaires pour toutes les transactions de vente et de\nlocation commerciales et industrielles.<\/p>\n\n\n\n<p>Aucun projet n\u2019est trop grand ou trop petit. Nous fournissons des analyses de qualit\u00e9 et des conseils en mati\u00e8re de transactions dans les domaines de services suivants :<\/p>\n\n\n\n<ul class=\"wp-block-list\"><li>Ventes et location industrielles et commerciales<\/li><li>Investissement dans l\u2019achat ou la vente industrielle<\/li><li>Ventes et locations industrielles<\/li><li>Terrains et d\u00e9veloppement de projets<\/li><\/ul>\n\n\n\n<p><strong>Propri\u00e9t\u00e9 industrielle :<\/strong> B\u00e2timent industriel \/ Centre commerciaux strip \/ Centre commerciaux, Plaza &amp; investissements immobilier, Terrain, etc.<\/p>\n\n\n\n<p><strong>Propri\u00e9t\u00e9 de forclusion bancaire :<\/strong> Reprise de possession bancaire \/ biens saisis.<\/p>\n\n\n\n<p>Il est toujours pr\u00e9f\u00e9rable de travailler avec un\nagent immobilier industriel ou commercial local pour faciliter le processus.\nNous pouvons vous aider \u00e0 gagner du temps en vous aidant \u00e0 comprendre et \u00e0\nd\u00e9chiffrer les formalit\u00e9s administratives li\u00e9es \u00e0 des transactions comme\nl\u2019achat d\u2019une nouvelle propri\u00e9t\u00e9. Avec un agent immobilier industriel ou\ncommercial, vous obtenez un partenaire d\u2019affaires dont l\u2019objectif principal est\nde vous aider \u00e0 trouver le bon espace pour vous et votre entreprise, au\nmeilleur prix possible.<\/p>\n\n\n\n<p>Je peux vous offrir une \u00e9valuation gratuite du\nmarch\u00e9 de votre entreprise ou de votre propri\u00e9t\u00e9 commerciale ou industrielle.\nNous pouvons vous aider \u00e0 \u00e9conomiser des milliers de dollars en vous assurant\nd\u2019obtenir la meilleure offre.<\/p>\n\n\n\n<p> <strong>\u00c9valuations de propri\u00e9t\u00e9s industrielles et commerciales<\/strong><\/p>\n\n\n\n<p>Nous fournissons gratuitement des expertises immobili\u00e8res industrielles et commerciales tant pour le b\u00e2timent que pour le terrain. Veuillez compl\u00e9ter les informations suivantes et nous vous contacterons dans les plus brefs d\u00e9lais.<\/p>\n\n\n\n<div class=\"wpcf7 no-js\" id=\"wpcf7-f3041-o1\" lang=\"en-US\" dir=\"ltr\" data-wpcf7-id=\"3041\">\n<div class=\"screen-reader-response\"><p role=\"status\" aria-live=\"polite\" aria-atomic=\"true\"><\/p> <ul><\/ul><\/div>\n<form action=\"\/fr\/wp-json\/wp\/v2\/pages\/3143#wpcf7-f3041-o1\" method=\"post\" class=\"wpcf7-form init\" aria-label=\"Contact form\" novalidate=\"novalidate\" data-status=\"init\">\n<fieldset class=\"hidden-fields-container\"><input type=\"hidden\" name=\"_wpcf7\" value=\"3041\" \/><input type=\"hidden\" name=\"_wpcf7_version\" value=\"6.1.5\" \/><input type=\"hidden\" name=\"_wpcf7_locale\" value=\"en_US\" \/><input type=\"hidden\" name=\"_wpcf7_unit_tag\" value=\"wpcf7-f3041-o1\" \/><input type=\"hidden\" name=\"_wpcf7_container_post\" value=\"0\" \/><input type=\"hidden\" name=\"_wpcf7_posted_data_hash\" value=\"\" \/><input type=\"hidden\" name=\"_wpcf7_recaptcha_response\" value=\"\" \/>\n<\/fieldset>\n<div class=\"row evalutaion-form-cf7\">\n\t<div class=\"col-md-6 col-xs-12\">\n\t\t<h3 class=\"form-section-title\">Informations G\u00e9n\u00e9rales\n\t\t<\/h3>\n\t\t<p><span class=\"wpcf7-form-control-wrap\" data-name=\"nom\"><input size=\"40\" maxlength=\"400\" class=\"wpcf7-form-control wpcf7-text wpcf7-validates-as-required\" aria-required=\"true\" aria-invalid=\"false\" placeholder=\"Nom\" value=\"\" type=\"text\" name=\"nom\" \/><\/span><br \/>\n<span class=\"wpcf7-form-control-wrap\" data-name=\"company\"><input size=\"40\" maxlength=\"400\" class=\"wpcf7-form-control wpcf7-text\" aria-invalid=\"false\" placeholder=\"Nom de compagnie\" value=\"\" type=\"text\" name=\"company\" \/><\/span><br \/>\n<span class=\"wpcf7-form-control-wrap\" data-name=\"email\"><input size=\"40\" maxlength=\"400\" class=\"wpcf7-form-control wpcf7-email wpcf7-validates-as-required wpcf7-text wpcf7-validates-as-email\" aria-required=\"true\" aria-invalid=\"false\" placeholder=\"Courriel\" value=\"\" type=\"email\" name=\"email\" \/><\/span><br \/>\n<span class=\"wpcf7-form-control-wrap\" data-name=\"phone\"><input size=\"40\" maxlength=\"400\" class=\"wpcf7-form-control wpcf7-tel wpcf7-validates-as-required wpcf7-text wpcf7-validates-as-tel\" aria-required=\"true\" aria-invalid=\"false\" placeholder=\"T\u00e9l\u00e9phone\" value=\"\" type=\"tel\" name=\"phone\" \/><\/span><br \/>\n<span class=\"wpcf7-form-control-wrap\" data-name=\"address\"><input size=\"40\" maxlength=\"400\" class=\"wpcf7-form-control wpcf7-text wpcf7-validates-as-required\" aria-required=\"true\" aria-invalid=\"false\" placeholder=\"Adresse\" value=\"\" type=\"text\" name=\"address\" \/><\/span><br \/>\n<span class=\"wpcf7-form-control-wrap\" data-name=\"city\"><input size=\"40\" maxlength=\"400\" class=\"wpcf7-form-control wpcf7-text wpcf7-validates-as-required\" aria-required=\"true\" aria-invalid=\"false\" placeholder=\"Ville\" value=\"\" type=\"text\" name=\"city\" \/><\/span><br \/>\n<span class=\"wpcf7-form-control-wrap\" data-name=\"postal\"><input size=\"40\" maxlength=\"400\" class=\"wpcf7-form-control wpcf7-text wpcf7-validates-as-required\" aria-required=\"true\" aria-invalid=\"false\" placeholder=\"Code Postal\" value=\"\" type=\"text\" name=\"postal\" \/><\/span><br \/>\n<label for=\"property-type-desktop\"><\/label>\n\t\t<\/p>\n\t<\/div>\n\t<div class=\"col-md-6 col-xs-12\">\n\t<hr class=\"hidden-md-up\" \/>\n\t\t<h3 class=\"form-section-title\">D\u00e9tails De La Propri\u00e9t\u00e9\n\t\t<\/h3>\n\t\t<p><span class=\"wpcf7-form-control-wrap\" data-name=\"property-type-desktop\"><select class=\"wpcf7-form-control wpcf7-select wpcf7-validates-as-required\" aria-required=\"true\" aria-invalid=\"false\" name=\"property-type-desktop\"><option value=\"\">Type de la propri\u00e9t\u00e9<\/option><option value=\"Appartement\">Appartement<\/option><option value=\"B\u00e2timent et vente d\u2019entreprise\">B\u00e2timent et vente d\u2019entreprise<\/option><option value=\"Bungalow\">Bungalow<\/option><option value=\"Chalet\">Chalet<\/option><option value=\"B\u00e2timent commercial et terrain\">B\u00e2timent commercial et terrain<\/option><option value=\"B\u00e2timent commercial \/ bureau\">B\u00e2timent commercial \/ bureau<\/option><option value=\"Espace de location commercial \/ bureau\">Espace de location commercial \/ bureau<\/option><option value=\"Garderie\">Garderie<\/option><option value=\"Duplex\">Duplex<\/option><option value=\"Ferme\">Ferme<\/option><option value=\"Ferme de loisirs\">Ferme de loisirs<\/option><option value=\"B\u00e2timent industriel\">B\u00e2timent industriel<\/option><option value=\"B\u00e2timent industriel et terrain\">B\u00e2timent industriel et terrain<\/option><option value=\"Condo Industriel\">Condo Industriel<\/option><option value=\"Location d\u2019espaces industriels\">Location d\u2019espaces industriels<\/option><option value=\"Loft \/ Studio\">Loft \/ Studio<\/option><option value=\"Maison mobile\">Maison mobile<\/option><option value=\"Maison d\u2019un \u00e9tage et demi\">Maison d\u2019un \u00e9tage et demi<\/option><option value=\"Quadruplex\">Quadruplex<\/option><option value=\"Quintuplex\">Quintuplex<\/option><option value=\"\u00c0 deux niveaux\">\u00c0 deux niveaux<\/option><option value=\"Triplex\">Triplex<\/option><option value=\"Maison \u00e0 \u00e9tages\">Maison \u00e0 \u00e9tages<\/option><option value=\"Terrain vacant\">Terrain vacant<\/option><option value=\"Terre \u00e0 Bois\">Terre \u00e0 Bois<\/option><\/select><\/span><br \/>\n<span class=\"wpcf7-form-control-wrap\" data-name=\"bedrooms\"><input class=\"wpcf7-form-control wpcf7-number wpcf7-validates-as-required wpcf7-validates-as-number\" min=\"1\" max=\"25\" aria-required=\"true\" aria-invalid=\"false\" placeholder=\"Chambres\" value=\"\" type=\"number\" name=\"bedrooms\" \/><\/span><br \/>\n<span class=\"wpcf7-form-control-wrap\" data-name=\"bathrooms\"><input class=\"wpcf7-form-control wpcf7-number wpcf7-validates-as-required wpcf7-validates-as-number\" min=\"1\" max=\"25\" aria-required=\"true\" aria-invalid=\"false\" placeholder=\"Salles de bains\" value=\"\" type=\"number\" name=\"bathrooms\" \/><\/span><br \/>\n<span class=\"wpcf7-form-control-wrap\" data-name=\"size\"><input class=\"wpcf7-form-control wpcf7-number wpcf7-validates-as-required wpcf7-validates-as-number\" min=\"100\" max=\"10000\" aria-required=\"true\" aria-invalid=\"false\" placeholder=\"Taille (pi ca)\" value=\"\" type=\"number\" name=\"size\" \/><\/span><br \/>\n<span class=\"wpcf7-form-control-wrap\" data-name=\"features\"><textarea cols=\"40\" rows=\"10\" maxlength=\"2000\" class=\"wpcf7-form-control wpcf7-textarea wpcf7-validates-as-required\" aria-required=\"true\" aria-invalid=\"false\" placeholder=\"Caract\u00e9ristiques \/ Commentaires\" name=\"features\"><\/textarea><\/span>\n\t\t<\/p>\n\t<\/div>\n\t<div class=\"col-xs-12\">\n\t\t<p><button type=\"submit\" style=\"margin: -32px auto; width: 140px;\" class=\"cta-blog\">Envoyer<\/button>\n\t\t<\/p>\n\t<\/div>\n<\/div><p style=\"display: none !important;\" class=\"akismet-fields-container\" data-prefix=\"_wpcf7_ak_\"><label>&#916;<textarea name=\"_wpcf7_ak_hp_textarea\" cols=\"45\" rows=\"8\" maxlength=\"100\"><\/textarea><\/label><input type=\"hidden\" id=\"ak_js_1\" name=\"_wpcf7_ak_js\" value=\"192\"\/><script>document.getElementById( \"ak_js_1\" ).setAttribute( \"value\", ( new Date() ).getTime() );<\/script><\/p><div class=\"wpcf7-response-output\" aria-hidden=\"true\"><\/div>\n<\/form>\n<\/div>\n\n\n\n\n<p><\/p>\n\n\n\n<p>\u260e Appelez d\u00e8s aujourd&rsquo;hui au <strong>514-654-8890<\/strong> ou envoyez un courriel \u00e0 : <strong><a href=\"info@realtyincanada.com\">info@realtyincanada.com<\/a><\/strong> pour tous vos besoins immobiliers !<\/p>\n","protected":false},"excerpt":{"rendered":"<p>SERVICES IMMOBILIERS INDUSTRIELS DANS LA GRANDE R\u00c9GION DE MONTR\u00c9AL, CANADA ! Vous \u00eates \u00e0 la recherche d\u2019un bien immobilier industriel ou d\u2019une entreprise dans la grande r\u00e9gion de Montr\u00e9al et ailleurs au Qu\u00e9bec? Que vous soyez acheteur ou vendeur, nous offrons des services immobiliers industriels et de location dans la [&hellip;]<\/p>\n","protected":false},"author":4,"featured_media":0,"parent":1344,"menu_order":0,"comment_status":"closed","ping_status":"closed","template":"","meta":{"_acf_changed":false,"footnotes":""},"class_list":["post-3143","page","type-page","status-publish","hentry"],"acf":[],"yoast_head":"<!-- This site is optimized with the Yoast SEO plugin v27.4 - https:\/\/yoast.com\/product\/yoast-seo-wordpress\/ -->\n<title>Industriel - Realty in Canada<\/title>\n<meta name=\"robots\" content=\"index, follow, max-snippet:-1, max-image-preview:large, max-video-preview:-1\" \/>\n<link rel=\"canonical\" href=\"https:\/\/realtyincanada.com\/services\/industrial\/\" \/>\n<meta property=\"og:locale\" content=\"fr_FR\" \/>\n<meta property=\"og:type\" content=\"article\" \/>\n<meta property=\"og:title\" content=\"Industriel - Realty in Canada\" \/>\n<meta property=\"og:description\" content=\"SERVICES IMMOBILIERS INDUSTRIELS DANS LA GRANDE R\u00c9GION DE MONTR\u00c9AL, CANADA ! Vous \u00eates \u00e0 la recherche d\u2019un bien immobilier industriel ou d\u2019une entreprise dans la grande r\u00e9gion de Montr\u00e9al et ailleurs au Qu\u00e9bec? Que vous soyez acheteur ou vendeur, nous offrons des services immobiliers industriels et de location dans la [&hellip;]\" \/>\n<meta property=\"og:url\" content=\"https:\/\/realtyincanada.com\/services\/industrial\/\" \/>\n<meta property=\"og:site_name\" content=\"Realty in Canada\" \/>\n<meta property=\"article:modified_time\" content=\"2019-09-01T18:10:43+00:00\" \/>\n<meta property=\"og:image\" content=\"https:\/\/realtyincanada.com\/\/wp-content\/uploads\/2019\/08\/industrial-building.jpg\" \/>\n<meta name=\"twitter:card\" content=\"summary_large_image\" \/>\n<meta name=\"twitter:label1\" content=\"Dur\u00e9e de lecture estim\u00e9e\" \/>\n\t<meta name=\"twitter:data1\" content=\"5 minutes\" \/>\n<script type=\"application\/ld+json\" class=\"yoast-schema-graph\">{\"@context\":\"https:\\\/\\\/schema.org\",\"@graph\":[{\"@type\":\"WebPage\",\"@id\":\"https:\\\/\\\/realtyincanada.com\\\/services\\\/industrial\\\/\",\"url\":\"https:\\\/\\\/realtyincanada.com\\\/services\\\/industrial\\\/\",\"name\":\"Industriel - Realty in Canada\",\"isPartOf\":{\"@id\":\"https:\\\/\\\/realtyincanada.com\\\/#website\"},\"primaryImageOfPage\":{\"@id\":\"https:\\\/\\\/realtyincanada.com\\\/services\\\/industrial\\\/#primaryimage\"},\"image\":{\"@id\":\"https:\\\/\\\/realtyincanada.com\\\/services\\\/industrial\\\/#primaryimage\"},\"thumbnailUrl\":\"https:\\\/\\\/realtyincanada.com\\\/\\\/wp-content\\\/uploads\\\/2019\\\/08\\\/industrial-building.jpg\",\"datePublished\":\"2019-08-07T16:55:05+00:00\",\"dateModified\":\"2019-09-01T18:10:43+00:00\",\"breadcrumb\":{\"@id\":\"https:\\\/\\\/realtyincanada.com\\\/services\\\/industrial\\\/#breadcrumb\"},\"inLanguage\":\"fr-FR\",\"potentialAction\":[{\"@type\":\"ReadAction\",\"target\":[\"https:\\\/\\\/realtyincanada.com\\\/services\\\/industrial\\\/\"]}]},{\"@type\":\"ImageObject\",\"inLanguage\":\"fr-FR\",\"@id\":\"https:\\\/\\\/realtyincanada.com\\\/services\\\/industrial\\\/#primaryimage\",\"url\":\"https:\\\/\\\/realtyincanada.com\\\/\\\/wp-content\\\/uploads\\\/2019\\\/08\\\/industrial-building.jpg\",\"contentUrl\":\"https:\\\/\\\/realtyincanada.com\\\/\\\/wp-content\\\/uploads\\\/2019\\\/08\\\/industrial-building.jpg\"},{\"@type\":\"BreadcrumbList\",\"@id\":\"https:\\\/\\\/realtyincanada.com\\\/services\\\/industrial\\\/#breadcrumb\",\"itemListElement\":[{\"@type\":\"ListItem\",\"position\":1,\"name\":\"Home\",\"item\":\"https:\\\/\\\/realtyincanada.com\\\/fr\\\/\"},{\"@type\":\"ListItem\",\"position\":2,\"name\":\"Services\",\"item\":\"https:\\\/\\\/realtyincanada.com\\\/fr\\\/services\\\/\"},{\"@type\":\"ListItem\",\"position\":3,\"name\":\"Industriel\"}]},{\"@type\":\"WebSite\",\"@id\":\"https:\\\/\\\/realtyincanada.com\\\/#website\",\"url\":\"https:\\\/\\\/realtyincanada.com\\\/\",\"name\":\"Realty in Canada\",\"description\":\"Realty in Canada is your right choice for the best property agent in Canada. Contact us to buy, sell or rent your property.\",\"publisher\":{\"@id\":\"https:\\\/\\\/realtyincanada.com\\\/#organization\"},\"potentialAction\":[{\"@type\":\"SearchAction\",\"target\":{\"@type\":\"EntryPoint\",\"urlTemplate\":\"https:\\\/\\\/realtyincanada.com\\\/?s={search_term_string}\"},\"query-input\":{\"@type\":\"PropertyValueSpecification\",\"valueRequired\":true,\"valueName\":\"search_term_string\"}}],\"inLanguage\":\"fr-FR\"},{\"@type\":\"Organization\",\"@id\":\"https:\\\/\\\/realtyincanada.com\\\/#organization\",\"name\":\"Realty In Canada\",\"url\":\"https:\\\/\\\/realtyincanada.com\\\/\",\"logo\":{\"@type\":\"ImageObject\",\"inLanguage\":\"fr-FR\",\"@id\":\"https:\\\/\\\/realtyincanada.com\\\/#\\\/schema\\\/logo\\\/image\\\/\",\"url\":\"https:\\\/\\\/realtyincanada.com\\\/\\\/wp-content\\\/uploads\\\/2019\\\/08\\\/emdadul_hoque_final_footer_nopadding.png\",\"contentUrl\":\"https:\\\/\\\/realtyincanada.com\\\/\\\/wp-content\\\/uploads\\\/2019\\\/08\\\/emdadul_hoque_final_footer_nopadding.png\",\"width\":1490,\"height\":660,\"caption\":\"Realty In Canada\"},\"image\":{\"@id\":\"https:\\\/\\\/realtyincanada.com\\\/#\\\/schema\\\/logo\\\/image\\\/\"}}]}<\/script>\n<!-- \/ Yoast SEO plugin. -->","yoast_head_json":{"title":"Industriel - Realty in Canada","robots":{"index":"index","follow":"follow","max-snippet":"max-snippet:-1","max-image-preview":"max-image-preview:large","max-video-preview":"max-video-preview:-1"},"canonical":"https:\/\/realtyincanada.com\/services\/industrial\/","og_locale":"fr_FR","og_type":"article","og_title":"Industriel - Realty in Canada","og_description":"SERVICES IMMOBILIERS INDUSTRIELS DANS LA GRANDE R\u00c9GION DE MONTR\u00c9AL, CANADA ! Vous \u00eates \u00e0 la recherche d\u2019un bien immobilier industriel ou d\u2019une entreprise dans la grande r\u00e9gion de Montr\u00e9al et ailleurs au Qu\u00e9bec? Que vous soyez acheteur ou vendeur, nous offrons des services immobiliers industriels et de location dans la [&hellip;]","og_url":"https:\/\/realtyincanada.com\/services\/industrial\/","og_site_name":"Realty in Canada","article_modified_time":"2019-09-01T18:10:43+00:00","og_image":[{"url":"https:\/\/realtyincanada.com\/\/wp-content\/uploads\/2019\/08\/industrial-building.jpg","type":"","width":"","height":""}],"twitter_card":"summary_large_image","twitter_misc":{"Dur\u00e9e de lecture estim\u00e9e":"5 minutes"},"schema":{"@context":"https:\/\/schema.org","@graph":[{"@type":"WebPage","@id":"https:\/\/realtyincanada.com\/services\/industrial\/","url":"https:\/\/realtyincanada.com\/services\/industrial\/","name":"Industriel - Realty in Canada","isPartOf":{"@id":"https:\/\/realtyincanada.com\/#website"},"primaryImageOfPage":{"@id":"https:\/\/realtyincanada.com\/services\/industrial\/#primaryimage"},"image":{"@id":"https:\/\/realtyincanada.com\/services\/industrial\/#primaryimage"},"thumbnailUrl":"https:\/\/realtyincanada.com\/\/wp-content\/uploads\/2019\/08\/industrial-building.jpg","datePublished":"2019-08-07T16:55:05+00:00","dateModified":"2019-09-01T18:10:43+00:00","breadcrumb":{"@id":"https:\/\/realtyincanada.com\/services\/industrial\/#breadcrumb"},"inLanguage":"fr-FR","potentialAction":[{"@type":"ReadAction","target":["https:\/\/realtyincanada.com\/services\/industrial\/"]}]},{"@type":"ImageObject","inLanguage":"fr-FR","@id":"https:\/\/realtyincanada.com\/services\/industrial\/#primaryimage","url":"https:\/\/realtyincanada.com\/\/wp-content\/uploads\/2019\/08\/industrial-building.jpg","contentUrl":"https:\/\/realtyincanada.com\/\/wp-content\/uploads\/2019\/08\/industrial-building.jpg"},{"@type":"BreadcrumbList","@id":"https:\/\/realtyincanada.com\/services\/industrial\/#breadcrumb","itemListElement":[{"@type":"ListItem","position":1,"name":"Home","item":"https:\/\/realtyincanada.com\/fr\/"},{"@type":"ListItem","position":2,"name":"Services","item":"https:\/\/realtyincanada.com\/fr\/services\/"},{"@type":"ListItem","position":3,"name":"Industriel"}]},{"@type":"WebSite","@id":"https:\/\/realtyincanada.com\/#website","url":"https:\/\/realtyincanada.com\/","name":"Realty in Canada","description":"Realty in Canada is your right choice for the best property agent in Canada. Contact us to buy, sell or rent your property.","publisher":{"@id":"https:\/\/realtyincanada.com\/#organization"},"potentialAction":[{"@type":"SearchAction","target":{"@type":"EntryPoint","urlTemplate":"https:\/\/realtyincanada.com\/?s={search_term_string}"},"query-input":{"@type":"PropertyValueSpecification","valueRequired":true,"valueName":"search_term_string"}}],"inLanguage":"fr-FR"},{"@type":"Organization","@id":"https:\/\/realtyincanada.com\/#organization","name":"Realty In Canada","url":"https:\/\/realtyincanada.com\/","logo":{"@type":"ImageObject","inLanguage":"fr-FR","@id":"https:\/\/realtyincanada.com\/#\/schema\/logo\/image\/","url":"https:\/\/realtyincanada.com\/\/wp-content\/uploads\/2019\/08\/emdadul_hoque_final_footer_nopadding.png","contentUrl":"https:\/\/realtyincanada.com\/\/wp-content\/uploads\/2019\/08\/emdadul_hoque_final_footer_nopadding.png","width":1490,"height":660,"caption":"Realty In Canada"},"image":{"@id":"https:\/\/realtyincanada.com\/#\/schema\/logo\/image\/"}}]}},"_links":{"self":[{"href":"https:\/\/realtyincanada.com\/fr\/wp-json\/wp\/v2\/pages\/3143","targetHints":{"allow":["GET"]}}],"collection":[{"href":"https:\/\/realtyincanada.com\/fr\/wp-json\/wp\/v2\/pages"}],"about":[{"href":"https:\/\/realtyincanada.com\/fr\/wp-json\/wp\/v2\/types\/page"}],"author":[{"embeddable":true,"href":"https:\/\/realtyincanada.com\/fr\/wp-json\/wp\/v2\/users\/4"}],"replies":[{"embeddable":true,"href":"https:\/\/realtyincanada.com\/fr\/wp-json\/wp\/v2\/comments?post=3143"}],"version-history":[{"count":28,"href":"https:\/\/realtyincanada.com\/fr\/wp-json\/wp\/v2\/pages\/3143\/revisions"}],"predecessor-version":[{"id":4129,"href":"https:\/\/realtyincanada.com\/fr\/wp-json\/wp\/v2\/pages\/3143\/revisions\/4129"}],"up":[{"embeddable":true,"href":"https:\/\/realtyincanada.com\/fr\/wp-json\/wp\/v2\/pages\/1344"}],"wp:attachment":[{"href":"https:\/\/realtyincanada.com\/fr\/wp-json\/wp\/v2\/media?parent=3143"}],"curies":[{"name":"wp","href":"https:\/\/api.w.org\/{rel}","templated":true}]}}