{"id":3145,"date":"2019-08-07T04:09:59","date_gmt":"2019-08-07T04:09:59","guid":{"rendered":"https:\/\/realtyincanada.com\/property-online-exposure\/"},"modified":"2019-08-19T03:19:21","modified_gmt":"2019-08-19T03:19:21","slug":"property-online-exposure","status":"publish","type":"page","link":"https:\/\/realtyincanada.com\/fr\/property-online-exposure\/","title":{"rendered":"Exposition de la propri\u00e9t\u00e9 en ligne"},"content":{"rendered":"\n<p><strong>Votre maison m\u00e9rite d&rsquo;\u00eatre expos\u00e9e en ligne ! <\/strong><\/p>\n\n\n\n<p>L&rsquo;objectif \u00e9tait d&rsquo;offrir \u00e0 ceux qui vendent une maison ou un condominium et un commerce n&rsquo;importe o\u00f9 dans la grande r\u00e9gion de Montr\u00e9al, une exposition en ligne dominante ! Nous avons essay\u00e9 de construire une plate-forme de site Web qui serait vue par les recherches en ligne ainsi que d&rsquo;\u00eatre librement partag\u00e9e entre les canaux de m\u00e9dias sociaux. G\u00e9n\u00e9rer l&rsquo;exposition en ligne dominante que votre maison m\u00e9rite et \u00e0 l&rsquo;industrie de l&rsquo;immobilier avec une expertise en technologie, marketing et m\u00e9dias sociaux. Nous travaillons de plus en plus efficacement \u00e0 l&rsquo;exposition en ligne pour que votre maison se vende le plus rapidement possible. <\/p>\n\n\n\n<div class=\"wp-block-media-text alignwide no-padding\" style=\"grid-template-columns:44% auto\"><figure class=\"wp-block-media-text__media\"><img fetchpriority=\"high\" decoding=\"async\" width=\"511\" height=\"468\" src=\"https:\/\/realtyincanada.com\/\/wp-content\/uploads\/2019\/08\/socail-media.jpg\" alt=\"\" class=\"wp-image-2789\" srcset=\"https:\/\/realtyincanada.com\/wp-content\/uploads\/2019\/08\/socail-media.jpg 511w, https:\/\/realtyincanada.com\/wp-content\/uploads\/2019\/08\/socail-media-300x275.jpg 300w\" sizes=\"(max-width: 511px) 100vw, 511px\" \/><\/figure><div class=\"wp-block-media-text__content\">\n<p>L&rsquo;un des aspects les plus importants pour vendre une maison aujourd&rsquo;hui est d&rsquo;avoir de bonnes photos ! Un bon bien immobilier prendra \u00e9galement le temps d&rsquo;\u00e9laborer avec soin un texte publicitaire qui donne envie \u00e0 l&rsquo;acheteur de voir une maison. Lier les photographies et les descriptions est un \u00e9l\u00e9ment essentiel pour donner aux acheteurs ce qu&rsquo;ils veulent. L&rsquo;utilisation de la vid\u00e9o marketing va toutefois au-del\u00e0 de ce que l&rsquo;on peut attendre d&rsquo;elle. A l&rsquo;\u00e8re du num\u00e9rique, la vid\u00e9o immobili\u00e8re devient de plus en plus importante ! Les acheteurs adorent regarder les maisons par vid\u00e9o parce qu&rsquo;ils peuvent vous donner plus de d\u00e9tails sur la chute que les photos seules.  <\/p>\n<\/div><\/div>\n\n\n\n<p><strong>L&rsquo;EXPOSITION \u00c0 L&rsquo;IMMOBILIER POUR VENDRE VOTRE MAISON<\/strong><\/p>\n\n\n\n<p>Selon les statistiques, 95% des acheteurs trouvent leur maison gr\u00e2ce \u00e0 une sorte de recherche en ligne. La plupart des acheteurs et des vendeurs de maisons finiront par visiter certains des sites les plus index\u00e9s tels que Centris.ca et Realtor.ca \/ MLS et plusieurs autres portails immobiliers comme eux. <\/p>\n\n\n\n<ul class=\"wp-block-gallery columns-2 is-cropped wp-block-gallery-1 is-layout-flex wp-block-gallery-is-layout-flex\"><li class=\"blocks-gallery-item\"><figure><img decoding=\"async\" width=\"329\" height=\"220\" src=\"https:\/\/realtyincanada.com\/\/wp-content\/uploads\/2019\/08\/exposure.jpg\" alt=\"\" data-id=\"2785\" class=\"wp-image-2785\" srcset=\"https:\/\/realtyincanada.com\/wp-content\/uploads\/2019\/08\/exposure.jpg 329w, https:\/\/realtyincanada.com\/wp-content\/uploads\/2019\/08\/exposure-300x201.jpg 300w\" sizes=\"(max-width: 329px) 100vw, 329px\" \/><\/figure><\/li><li class=\"blocks-gallery-item\"><figure><img decoding=\"async\" width=\"555\" height=\"331\" src=\"https:\/\/realtyincanada.com\/\/wp-content\/uploads\/2019\/08\/exposure1-1.jpg\" alt=\"\" data-id=\"2799\" class=\"wp-image-2799\" srcset=\"https:\/\/realtyincanada.com\/wp-content\/uploads\/2019\/08\/exposure1-1.jpg 555w, https:\/\/realtyincanada.com\/wp-content\/uploads\/2019\/08\/exposure1-1-300x179.jpg 300w\" sizes=\"(max-width: 555px) 100vw, 555px\" \/><\/figure><\/li><\/ul>\n\n\n\n<p><a href=\"https:\/\/www.maxrealestateexposure.com\/wp-content\/uploads\/2011\/12\/Global-Real-Estate-Marketing.jpg\"><\/a><\/p>\n\n\n\n<p>Une fois qu&rsquo;ils arrivent \u00e0 ces sites, vous voulez que votre propri\u00e9t\u00e9 soit plus impressionnante que les autres. Le marketing immobilier n&rsquo;est pas seulement d&rsquo;\u00eatre trouv\u00e9 partout en ligne, mais aussi de s&rsquo;assurer que ce que les acheteurs et les vendeurs de maison regarder se distingue de la concurrence. Enfin, et c&rsquo;est peut-\u00eatre le plus important, votre maison sera trouv\u00e9e \u00e0 partir de Google en ligne comp\u00e9titif et d&rsquo;autres outils de recherche. <\/p>\n\n\n\n<p>Si vous songez \u00e0 vendre une maison, un condo, un duplex ou tout autre bien immobilier ou entreprise dans la grande r\u00e9gion de Montr\u00e9al, nous serions heureux de vous montrer comment nous obtenons des r\u00e9sultats immobiliers exceptionnels. Si vous \u00eates \u00e0 la recherche d&rsquo;un agent immobilier qui fera une diff\u00e9rence, vous \u00eates au bon endroit.<\/p>\n\n\n\n<p>\u260e Appelez d\u00e8s aujourd&rsquo;hui au \u00a0<strong>514-654-8890<\/strong>\u00a0 ou envoyez un courriel \u00e0 :  \u00a0<a href=\"https:\/\/realtyincanada.com\/\/services\/residentials\/_wp_link_placeholder\"><strong>info@realtyincanada.com<\/strong><\/a>\u00a0 pour vos besoins immobiliers !  <\/p>\n\n\n\n<p>Merci \u00e0 tous mes clients, clients et coll\u00e8gues qui m&rsquo;ont aid\u00e9 \u00e0 devenir courtier immobilier \u00e0 Montr\u00e9al et au Qu\u00e9bec !<\/p>\n","protected":false},"excerpt":{"rendered":"<p>Votre maison m\u00e9rite d&rsquo;\u00eatre expos\u00e9e en ligne ! L&rsquo;objectif \u00e9tait d&rsquo;offrir \u00e0 ceux qui vendent une maison ou un condominium et un commerce n&rsquo;importe o\u00f9 dans la grande r\u00e9gion de Montr\u00e9al, une exposition en ligne dominante ! Nous avons essay\u00e9 de construire une plate-forme de site Web qui serait vue [&hellip;]<\/p>\n","protected":false},"author":4,"featured_media":0,"parent":0,"menu_order":0,"comment_status":"closed","ping_status":"closed","template":"","meta":{"_acf_changed":false,"footnotes":""},"class_list":["post-3145","page","type-page","status-publish","hentry"],"acf":[],"yoast_head":"<!-- This site is optimized with the Yoast SEO plugin v27.4 - https:\/\/yoast.com\/product\/yoast-seo-wordpress\/ -->\n<title>Exposition de la propri\u00e9t\u00e9 en ligne - Realty in Canada<\/title>\n<meta name=\"robots\" content=\"index, follow, max-snippet:-1, max-image-preview:large, max-video-preview:-1\" \/>\n<link rel=\"canonical\" href=\"https:\/\/realtyincanada.com\/property-online-exposure\/\" \/>\n<meta property=\"og:locale\" content=\"fr_FR\" \/>\n<meta property=\"og:type\" content=\"article\" \/>\n<meta property=\"og:title\" content=\"Exposition de la propri\u00e9t\u00e9 en ligne - Realty in Canada\" \/>\n<meta property=\"og:description\" content=\"Votre maison m\u00e9rite d&rsquo;\u00eatre expos\u00e9e en ligne ! L&rsquo;objectif \u00e9tait d&rsquo;offrir \u00e0 ceux qui vendent une maison ou un condominium et un commerce n&rsquo;importe o\u00f9 dans la grande r\u00e9gion de Montr\u00e9al, une exposition en ligne dominante ! Nous avons essay\u00e9 de construire une plate-forme de site Web qui serait vue [&hellip;]\" \/>\n<meta property=\"og:url\" content=\"https:\/\/realtyincanada.com\/property-online-exposure\/\" \/>\n<meta property=\"og:site_name\" content=\"Realty in Canada\" \/>\n<meta property=\"article:modified_time\" content=\"2019-08-19T03:19:21+00:00\" \/>\n<meta property=\"og:image\" content=\"https:\/\/realtyincanada.com\/\/wp-content\/uploads\/2019\/08\/socail-media.jpg\" \/>\n<meta name=\"twitter:card\" content=\"summary_large_image\" \/>\n<meta name=\"twitter:label1\" content=\"Dur\u00e9e de lecture estim\u00e9e\" \/>\n\t<meta name=\"twitter:data1\" content=\"2 minutes\" \/>\n<script type=\"application\/ld+json\" class=\"yoast-schema-graph\">{\"@context\":\"https:\\\/\\\/schema.org\",\"@graph\":[{\"@type\":\"WebPage\",\"@id\":\"https:\\\/\\\/realtyincanada.com\\\/property-online-exposure\\\/\",\"url\":\"https:\\\/\\\/realtyincanada.com\\\/property-online-exposure\\\/\",\"name\":\"Exposition de la propri\u00e9t\u00e9 en ligne - Realty in Canada\",\"isPartOf\":{\"@id\":\"https:\\\/\\\/realtyincanada.com\\\/#website\"},\"primaryImageOfPage\":{\"@id\":\"https:\\\/\\\/realtyincanada.com\\\/property-online-exposure\\\/#primaryimage\"},\"image\":{\"@id\":\"https:\\\/\\\/realtyincanada.com\\\/property-online-exposure\\\/#primaryimage\"},\"thumbnailUrl\":\"https:\\\/\\\/realtyincanada.com\\\/\\\/wp-content\\\/uploads\\\/2019\\\/08\\\/socail-media.jpg\",\"datePublished\":\"2019-08-07T04:09:59+00:00\",\"dateModified\":\"2019-08-19T03:19:21+00:00\",\"breadcrumb\":{\"@id\":\"https:\\\/\\\/realtyincanada.com\\\/property-online-exposure\\\/#breadcrumb\"},\"inLanguage\":\"fr-FR\",\"potentialAction\":[{\"@type\":\"ReadAction\",\"target\":[\"https:\\\/\\\/realtyincanada.com\\\/property-online-exposure\\\/\"]}]},{\"@type\":\"ImageObject\",\"inLanguage\":\"fr-FR\",\"@id\":\"https:\\\/\\\/realtyincanada.com\\\/property-online-exposure\\\/#primaryimage\",\"url\":\"https:\\\/\\\/realtyincanada.com\\\/\\\/wp-content\\\/uploads\\\/2019\\\/08\\\/socail-media.jpg\",\"contentUrl\":\"https:\\\/\\\/realtyincanada.com\\\/\\\/wp-content\\\/uploads\\\/2019\\\/08\\\/socail-media.jpg\"},{\"@type\":\"BreadcrumbList\",\"@id\":\"https:\\\/\\\/realtyincanada.com\\\/property-online-exposure\\\/#breadcrumb\",\"itemListElement\":[{\"@type\":\"ListItem\",\"position\":1,\"name\":\"Home\",\"item\":\"https:\\\/\\\/realtyincanada.com\\\/fr\\\/\"},{\"@type\":\"ListItem\",\"position\":2,\"name\":\"Exposition de la propri\u00e9t\u00e9 en ligne\"}]},{\"@type\":\"WebSite\",\"@id\":\"https:\\\/\\\/realtyincanada.com\\\/#website\",\"url\":\"https:\\\/\\\/realtyincanada.com\\\/\",\"name\":\"Realty in Canada\",\"description\":\"Realty in Canada is your right choice for the best property agent in Canada. Contact us to buy, sell or rent your property.\",\"publisher\":{\"@id\":\"https:\\\/\\\/realtyincanada.com\\\/#organization\"},\"potentialAction\":[{\"@type\":\"SearchAction\",\"target\":{\"@type\":\"EntryPoint\",\"urlTemplate\":\"https:\\\/\\\/realtyincanada.com\\\/?s={search_term_string}\"},\"query-input\":{\"@type\":\"PropertyValueSpecification\",\"valueRequired\":true,\"valueName\":\"search_term_string\"}}],\"inLanguage\":\"fr-FR\"},{\"@type\":\"Organization\",\"@id\":\"https:\\\/\\\/realtyincanada.com\\\/#organization\",\"name\":\"Realty In Canada\",\"url\":\"https:\\\/\\\/realtyincanada.com\\\/\",\"logo\":{\"@type\":\"ImageObject\",\"inLanguage\":\"fr-FR\",\"@id\":\"https:\\\/\\\/realtyincanada.com\\\/#\\\/schema\\\/logo\\\/image\\\/\",\"url\":\"https:\\\/\\\/realtyincanada.com\\\/\\\/wp-content\\\/uploads\\\/2019\\\/08\\\/emdadul_hoque_final_footer_nopadding.png\",\"contentUrl\":\"https:\\\/\\\/realtyincanada.com\\\/\\\/wp-content\\\/uploads\\\/2019\\\/08\\\/emdadul_hoque_final_footer_nopadding.png\",\"width\":1490,\"height\":660,\"caption\":\"Realty In Canada\"},\"image\":{\"@id\":\"https:\\\/\\\/realtyincanada.com\\\/#\\\/schema\\\/logo\\\/image\\\/\"}}]}<\/script>\n<!-- \/ Yoast SEO plugin. -->","yoast_head_json":{"title":"Exposition de la propri\u00e9t\u00e9 en ligne - Realty in Canada","robots":{"index":"index","follow":"follow","max-snippet":"max-snippet:-1","max-image-preview":"max-image-preview:large","max-video-preview":"max-video-preview:-1"},"canonical":"https:\/\/realtyincanada.com\/property-online-exposure\/","og_locale":"fr_FR","og_type":"article","og_title":"Exposition de la propri\u00e9t\u00e9 en ligne - Realty in Canada","og_description":"Votre maison m\u00e9rite d&rsquo;\u00eatre expos\u00e9e en ligne ! L&rsquo;objectif \u00e9tait d&rsquo;offrir \u00e0 ceux qui vendent une maison ou un condominium et un commerce n&rsquo;importe o\u00f9 dans la grande r\u00e9gion de Montr\u00e9al, une exposition en ligne dominante ! Nous avons essay\u00e9 de construire une plate-forme de site Web qui serait vue [&hellip;]","og_url":"https:\/\/realtyincanada.com\/property-online-exposure\/","og_site_name":"Realty in Canada","article_modified_time":"2019-08-19T03:19:21+00:00","og_image":[{"url":"https:\/\/realtyincanada.com\/\/wp-content\/uploads\/2019\/08\/socail-media.jpg","type":"","width":"","height":""}],"twitter_card":"summary_large_image","twitter_misc":{"Dur\u00e9e de lecture estim\u00e9e":"2 minutes"},"schema":{"@context":"https:\/\/schema.org","@graph":[{"@type":"WebPage","@id":"https:\/\/realtyincanada.com\/property-online-exposure\/","url":"https:\/\/realtyincanada.com\/property-online-exposure\/","name":"Exposition de la propri\u00e9t\u00e9 en ligne - Realty in Canada","isPartOf":{"@id":"https:\/\/realtyincanada.com\/#website"},"primaryImageOfPage":{"@id":"https:\/\/realtyincanada.com\/property-online-exposure\/#primaryimage"},"image":{"@id":"https:\/\/realtyincanada.com\/property-online-exposure\/#primaryimage"},"thumbnailUrl":"https:\/\/realtyincanada.com\/\/wp-content\/uploads\/2019\/08\/socail-media.jpg","datePublished":"2019-08-07T04:09:59+00:00","dateModified":"2019-08-19T03:19:21+00:00","breadcrumb":{"@id":"https:\/\/realtyincanada.com\/property-online-exposure\/#breadcrumb"},"inLanguage":"fr-FR","potentialAction":[{"@type":"ReadAction","target":["https:\/\/realtyincanada.com\/property-online-exposure\/"]}]},{"@type":"ImageObject","inLanguage":"fr-FR","@id":"https:\/\/realtyincanada.com\/property-online-exposure\/#primaryimage","url":"https:\/\/realtyincanada.com\/\/wp-content\/uploads\/2019\/08\/socail-media.jpg","contentUrl":"https:\/\/realtyincanada.com\/\/wp-content\/uploads\/2019\/08\/socail-media.jpg"},{"@type":"BreadcrumbList","@id":"https:\/\/realtyincanada.com\/property-online-exposure\/#breadcrumb","itemListElement":[{"@type":"ListItem","position":1,"name":"Home","item":"https:\/\/realtyincanada.com\/fr\/"},{"@type":"ListItem","position":2,"name":"Exposition de la propri\u00e9t\u00e9 en ligne"}]},{"@type":"WebSite","@id":"https:\/\/realtyincanada.com\/#website","url":"https:\/\/realtyincanada.com\/","name":"Realty in Canada","description":"Realty in Canada is your right choice for the best property agent in Canada. Contact us to buy, sell or rent your property.","publisher":{"@id":"https:\/\/realtyincanada.com\/#organization"},"potentialAction":[{"@type":"SearchAction","target":{"@type":"EntryPoint","urlTemplate":"https:\/\/realtyincanada.com\/?s={search_term_string}"},"query-input":{"@type":"PropertyValueSpecification","valueRequired":true,"valueName":"search_term_string"}}],"inLanguage":"fr-FR"},{"@type":"Organization","@id":"https:\/\/realtyincanada.com\/#organization","name":"Realty In Canada","url":"https:\/\/realtyincanada.com\/","logo":{"@type":"ImageObject","inLanguage":"fr-FR","@id":"https:\/\/realtyincanada.com\/#\/schema\/logo\/image\/","url":"https:\/\/realtyincanada.com\/\/wp-content\/uploads\/2019\/08\/emdadul_hoque_final_footer_nopadding.png","contentUrl":"https:\/\/realtyincanada.com\/\/wp-content\/uploads\/2019\/08\/emdadul_hoque_final_footer_nopadding.png","width":1490,"height":660,"caption":"Realty In Canada"},"image":{"@id":"https:\/\/realtyincanada.com\/#\/schema\/logo\/image\/"}}]}},"_links":{"self":[{"href":"https:\/\/realtyincanada.com\/fr\/wp-json\/wp\/v2\/pages\/3145","targetHints":{"allow":["GET"]}}],"collection":[{"href":"https:\/\/realtyincanada.com\/fr\/wp-json\/wp\/v2\/pages"}],"about":[{"href":"https:\/\/realtyincanada.com\/fr\/wp-json\/wp\/v2\/types\/page"}],"author":[{"embeddable":true,"href":"https:\/\/realtyincanada.com\/fr\/wp-json\/wp\/v2\/users\/4"}],"replies":[{"embeddable":true,"href":"https:\/\/realtyincanada.com\/fr\/wp-json\/wp\/v2\/comments?post=3145"}],"version-history":[{"count":10,"href":"https:\/\/realtyincanada.com\/fr\/wp-json\/wp\/v2\/pages\/3145\/revisions"}],"predecessor-version":[{"id":3774,"href":"https:\/\/realtyincanada.com\/fr\/wp-json\/wp\/v2\/pages\/3145\/revisions\/3774"}],"wp:attachment":[{"href":"https:\/\/realtyincanada.com\/fr\/wp-json\/wp\/v2\/media?parent=3145"}],"curies":[{"name":"wp","href":"https:\/\/api.w.org\/{rel}","templated":true}]}}