{"id":3147,"date":"2019-08-06T20:09:41","date_gmt":"2019-08-06T20:09:41","guid":{"rendered":"https:\/\/realtyincanada.com\/nouveau-projet\/duplex-new-project-in-saint-elzear\/"},"modified":"2020-01-28T23:16:10","modified_gmt":"2020-01-29T03:16:10","slug":"duplex-new-project-in-saint-elzear","status":"publish","type":"page","link":"https:\/\/realtyincanada.com\/fr\/nouveau-projet\/duplex-new-project-in-saint-elzear\/","title":{"rendered":"Duplex new project In Saint Elzear"},"content":{"rendered":"\n<figure class=\"wp-block-image\"><img fetchpriority=\"high\" decoding=\"async\" width=\"602\" height=\"602\" src=\"https:\/\/realtyincanada.com\/\/wp-content\/uploads\/2019\/05\/Townhouses-in-Westmount2.jpg\" alt=\"\" class=\"wp-image-1965\" srcset=\"https:\/\/realtyincanada.com\/wp-content\/uploads\/2019\/05\/Townhouses-in-Westmount2.jpg 602w, https:\/\/realtyincanada.com\/wp-content\/uploads\/2019\/05\/Townhouses-in-Westmount2-150x150.jpg 150w, https:\/\/realtyincanada.com\/wp-content\/uploads\/2019\/05\/Townhouses-in-Westmount2-300x300.jpg 300w\" sizes=\"(max-width: 602px) 100vw, 602px\" \/><\/figure>\n\n\n\n<p>* Introduction projet Saint Elzear<br> \u2022 Image du futur triplex \u00e0 Titre indicatif<br> \u2022 Plan et am\u00e9nagements du terrain<br> \u2022 Information sur l\u2019entreprise<br> \u2022 Sp\u00e9cification g\u00e9n\u00e9ral<br> \u2022 Noms du projet sugg\u00e9rer<br> \u2022 Phase I<br> \u2022 Phase II<br> \u2022 \u00c9tude d\u2019impact sonore<\/p>\n\n\n\n<p>* Projet immobilier boulevard Saint Elzear<br>* PARTICULARIT\u00c9 DU B\u00c2TIMENT (TRIPLEX):<br> \u2022 Dimensions: 30\u2019 X 38\u2019<br> \u2022 Fenestration: PVC<br> \u2022 Rev\u00eatement du sol: C\u00e9ramique, plancher flottant<br> \u2022 Rev\u00eatement de la toiture: Bardeaux d\u2019asphalte<br> \u2022 Mode chauffage: Plinthes \u00e9lectriques<br> \u2022 Fondation: B\u00e9ton coul\u00e9 sur dalle<br> \u2022 Rev\u00eatement ext\u00e9rieur: Fortex , brique, pierre<\/p>\n\n\n\n<p>* Call today to book your appointment at \u260e 514-654-8890 or email:emdadul@bell.net<\/p>\n","protected":false},"excerpt":{"rendered":"<p>* Introduction projet Saint Elzear \u2022 Image du futur triplex \u00e0 Titre indicatif \u2022 Plan et am\u00e9nagements du terrain \u2022 Information sur l\u2019entreprise \u2022 Sp\u00e9cification g\u00e9n\u00e9ral \u2022 Noms du projet sugg\u00e9rer \u2022 Phase I \u2022 Phase II \u2022 \u00c9tude d\u2019impact sonore * Projet immobilier boulevard Saint Elzear* PARTICULARIT\u00c9 DU B\u00c2TIMENT [&hellip;]<\/p>\n","protected":false},"author":1,"featured_media":0,"parent":1496,"menu_order":0,"comment_status":"closed","ping_status":"closed","template":"","meta":{"_acf_changed":false,"footnotes":""},"class_list":["post-3147","page","type-page","status-publish","hentry"],"acf":[],"yoast_head":"<!-- This site is optimized with the Yoast SEO plugin v27.4 - https:\/\/yoast.com\/product\/yoast-seo-wordpress\/ -->\n<title>Duplex new project In Saint Elzear - Realty in Canada<\/title>\n<meta name=\"robots\" content=\"index, follow, max-snippet:-1, max-image-preview:large, max-video-preview:-1\" \/>\n<link rel=\"canonical\" href=\"https:\/\/realtyincanada.com\/new-project\/duplex-new-project-in-saint-elzear\/\" \/>\n<meta property=\"og:locale\" content=\"fr_FR\" \/>\n<meta property=\"og:type\" content=\"article\" \/>\n<meta property=\"og:title\" content=\"Duplex new project In Saint Elzear - Realty in Canada\" \/>\n<meta property=\"og:description\" content=\"* Introduction projet Saint Elzear \u2022 Image du futur triplex \u00e0 Titre indicatif \u2022 Plan et am\u00e9nagements du terrain \u2022 Information sur l\u2019entreprise \u2022 Sp\u00e9cification g\u00e9n\u00e9ral \u2022 Noms du projet sugg\u00e9rer \u2022 Phase I \u2022 Phase II \u2022 \u00c9tude d\u2019impact sonore * Projet immobilier boulevard Saint Elzear* PARTICULARIT\u00c9 DU B\u00c2TIMENT [&hellip;]\" \/>\n<meta property=\"og:url\" content=\"https:\/\/realtyincanada.com\/new-project\/duplex-new-project-in-saint-elzear\/\" \/>\n<meta property=\"og:site_name\" content=\"Realty in Canada\" \/>\n<meta property=\"article:modified_time\" content=\"2020-01-29T03:16:10+00:00\" \/>\n<meta property=\"og:image\" content=\"https:\/\/realtyincanada.com\/\/wp-content\/uploads\/2019\/05\/Townhouses-in-Westmount2.jpg\" \/>\n<meta name=\"twitter:card\" content=\"summary_large_image\" \/>\n<script type=\"application\/ld+json\" class=\"yoast-schema-graph\">{\"@context\":\"https:\\\/\\\/schema.org\",\"@graph\":[{\"@type\":\"WebPage\",\"@id\":\"https:\\\/\\\/realtyincanada.com\\\/new-project\\\/duplex-new-project-in-saint-elzear\\\/\",\"url\":\"https:\\\/\\\/realtyincanada.com\\\/new-project\\\/duplex-new-project-in-saint-elzear\\\/\",\"name\":\"Duplex new project In Saint Elzear - Realty in Canada\",\"isPartOf\":{\"@id\":\"https:\\\/\\\/realtyincanada.com\\\/#website\"},\"primaryImageOfPage\":{\"@id\":\"https:\\\/\\\/realtyincanada.com\\\/new-project\\\/duplex-new-project-in-saint-elzear\\\/#primaryimage\"},\"image\":{\"@id\":\"https:\\\/\\\/realtyincanada.com\\\/new-project\\\/duplex-new-project-in-saint-elzear\\\/#primaryimage\"},\"thumbnailUrl\":\"https:\\\/\\\/realtyincanada.com\\\/\\\/wp-content\\\/uploads\\\/2019\\\/05\\\/Townhouses-in-Westmount2.jpg\",\"datePublished\":\"2019-08-06T20:09:41+00:00\",\"dateModified\":\"2020-01-29T03:16:10+00:00\",\"breadcrumb\":{\"@id\":\"https:\\\/\\\/realtyincanada.com\\\/new-project\\\/duplex-new-project-in-saint-elzear\\\/#breadcrumb\"},\"inLanguage\":\"fr-FR\",\"potentialAction\":[{\"@type\":\"ReadAction\",\"target\":[\"https:\\\/\\\/realtyincanada.com\\\/new-project\\\/duplex-new-project-in-saint-elzear\\\/\"]}]},{\"@type\":\"ImageObject\",\"inLanguage\":\"fr-FR\",\"@id\":\"https:\\\/\\\/realtyincanada.com\\\/new-project\\\/duplex-new-project-in-saint-elzear\\\/#primaryimage\",\"url\":\"https:\\\/\\\/realtyincanada.com\\\/\\\/wp-content\\\/uploads\\\/2019\\\/05\\\/Townhouses-in-Westmount2.jpg\",\"contentUrl\":\"https:\\\/\\\/realtyincanada.com\\\/\\\/wp-content\\\/uploads\\\/2019\\\/05\\\/Townhouses-in-Westmount2.jpg\"},{\"@type\":\"BreadcrumbList\",\"@id\":\"https:\\\/\\\/realtyincanada.com\\\/new-project\\\/duplex-new-project-in-saint-elzear\\\/#breadcrumb\",\"itemListElement\":[{\"@type\":\"ListItem\",\"position\":1,\"name\":\"Home\",\"item\":\"https:\\\/\\\/realtyincanada.com\\\/fr\\\/\"},{\"@type\":\"ListItem\",\"position\":2,\"name\":\"Nouveau projet\",\"item\":\"https:\\\/\\\/realtyincanada.com\\\/new-project\\\/\"},{\"@type\":\"ListItem\",\"position\":3,\"name\":\"Duplex new project In Saint Elzear\"}]},{\"@type\":\"WebSite\",\"@id\":\"https:\\\/\\\/realtyincanada.com\\\/#website\",\"url\":\"https:\\\/\\\/realtyincanada.com\\\/\",\"name\":\"Realty in Canada\",\"description\":\"Realty in Canada is your right choice for the best property agent in Canada. Contact us to buy, sell or rent your property.\",\"publisher\":{\"@id\":\"https:\\\/\\\/realtyincanada.com\\\/#organization\"},\"potentialAction\":[{\"@type\":\"SearchAction\",\"target\":{\"@type\":\"EntryPoint\",\"urlTemplate\":\"https:\\\/\\\/realtyincanada.com\\\/?s={search_term_string}\"},\"query-input\":{\"@type\":\"PropertyValueSpecification\",\"valueRequired\":true,\"valueName\":\"search_term_string\"}}],\"inLanguage\":\"fr-FR\"},{\"@type\":\"Organization\",\"@id\":\"https:\\\/\\\/realtyincanada.com\\\/#organization\",\"name\":\"Realty In Canada\",\"url\":\"https:\\\/\\\/realtyincanada.com\\\/\",\"logo\":{\"@type\":\"ImageObject\",\"inLanguage\":\"fr-FR\",\"@id\":\"https:\\\/\\\/realtyincanada.com\\\/#\\\/schema\\\/logo\\\/image\\\/\",\"url\":\"https:\\\/\\\/realtyincanada.com\\\/\\\/wp-content\\\/uploads\\\/2019\\\/08\\\/emdadul_hoque_final_footer_nopadding.png\",\"contentUrl\":\"https:\\\/\\\/realtyincanada.com\\\/\\\/wp-content\\\/uploads\\\/2019\\\/08\\\/emdadul_hoque_final_footer_nopadding.png\",\"width\":1490,\"height\":660,\"caption\":\"Realty In Canada\"},\"image\":{\"@id\":\"https:\\\/\\\/realtyincanada.com\\\/#\\\/schema\\\/logo\\\/image\\\/\"}}]}<\/script>\n<!-- \/ Yoast SEO plugin. -->","yoast_head_json":{"title":"Duplex new project In Saint Elzear - Realty in Canada","robots":{"index":"index","follow":"follow","max-snippet":"max-snippet:-1","max-image-preview":"max-image-preview:large","max-video-preview":"max-video-preview:-1"},"canonical":"https:\/\/realtyincanada.com\/new-project\/duplex-new-project-in-saint-elzear\/","og_locale":"fr_FR","og_type":"article","og_title":"Duplex new project In Saint Elzear - Realty in Canada","og_description":"* Introduction projet Saint Elzear \u2022 Image du futur triplex \u00e0 Titre indicatif \u2022 Plan et am\u00e9nagements du terrain \u2022 Information sur l\u2019entreprise \u2022 Sp\u00e9cification g\u00e9n\u00e9ral \u2022 Noms du projet sugg\u00e9rer \u2022 Phase I \u2022 Phase II \u2022 \u00c9tude d\u2019impact sonore * Projet immobilier boulevard Saint Elzear* PARTICULARIT\u00c9 DU B\u00c2TIMENT [&hellip;]","og_url":"https:\/\/realtyincanada.com\/new-project\/duplex-new-project-in-saint-elzear\/","og_site_name":"Realty in Canada","article_modified_time":"2020-01-29T03:16:10+00:00","og_image":[{"url":"https:\/\/realtyincanada.com\/\/wp-content\/uploads\/2019\/05\/Townhouses-in-Westmount2.jpg","type":"","width":"","height":""}],"twitter_card":"summary_large_image","schema":{"@context":"https:\/\/schema.org","@graph":[{"@type":"WebPage","@id":"https:\/\/realtyincanada.com\/new-project\/duplex-new-project-in-saint-elzear\/","url":"https:\/\/realtyincanada.com\/new-project\/duplex-new-project-in-saint-elzear\/","name":"Duplex new project In Saint Elzear - Realty in Canada","isPartOf":{"@id":"https:\/\/realtyincanada.com\/#website"},"primaryImageOfPage":{"@id":"https:\/\/realtyincanada.com\/new-project\/duplex-new-project-in-saint-elzear\/#primaryimage"},"image":{"@id":"https:\/\/realtyincanada.com\/new-project\/duplex-new-project-in-saint-elzear\/#primaryimage"},"thumbnailUrl":"https:\/\/realtyincanada.com\/\/wp-content\/uploads\/2019\/05\/Townhouses-in-Westmount2.jpg","datePublished":"2019-08-06T20:09:41+00:00","dateModified":"2020-01-29T03:16:10+00:00","breadcrumb":{"@id":"https:\/\/realtyincanada.com\/new-project\/duplex-new-project-in-saint-elzear\/#breadcrumb"},"inLanguage":"fr-FR","potentialAction":[{"@type":"ReadAction","target":["https:\/\/realtyincanada.com\/new-project\/duplex-new-project-in-saint-elzear\/"]}]},{"@type":"ImageObject","inLanguage":"fr-FR","@id":"https:\/\/realtyincanada.com\/new-project\/duplex-new-project-in-saint-elzear\/#primaryimage","url":"https:\/\/realtyincanada.com\/\/wp-content\/uploads\/2019\/05\/Townhouses-in-Westmount2.jpg","contentUrl":"https:\/\/realtyincanada.com\/\/wp-content\/uploads\/2019\/05\/Townhouses-in-Westmount2.jpg"},{"@type":"BreadcrumbList","@id":"https:\/\/realtyincanada.com\/new-project\/duplex-new-project-in-saint-elzear\/#breadcrumb","itemListElement":[{"@type":"ListItem","position":1,"name":"Home","item":"https:\/\/realtyincanada.com\/fr\/"},{"@type":"ListItem","position":2,"name":"Nouveau projet","item":"https:\/\/realtyincanada.com\/new-project\/"},{"@type":"ListItem","position":3,"name":"Duplex new project In Saint Elzear"}]},{"@type":"WebSite","@id":"https:\/\/realtyincanada.com\/#website","url":"https:\/\/realtyincanada.com\/","name":"Realty in Canada","description":"Realty in Canada is your right choice for the best property agent in Canada. Contact us to buy, sell or rent your property.","publisher":{"@id":"https:\/\/realtyincanada.com\/#organization"},"potentialAction":[{"@type":"SearchAction","target":{"@type":"EntryPoint","urlTemplate":"https:\/\/realtyincanada.com\/?s={search_term_string}"},"query-input":{"@type":"PropertyValueSpecification","valueRequired":true,"valueName":"search_term_string"}}],"inLanguage":"fr-FR"},{"@type":"Organization","@id":"https:\/\/realtyincanada.com\/#organization","name":"Realty In Canada","url":"https:\/\/realtyincanada.com\/","logo":{"@type":"ImageObject","inLanguage":"fr-FR","@id":"https:\/\/realtyincanada.com\/#\/schema\/logo\/image\/","url":"https:\/\/realtyincanada.com\/\/wp-content\/uploads\/2019\/08\/emdadul_hoque_final_footer_nopadding.png","contentUrl":"https:\/\/realtyincanada.com\/\/wp-content\/uploads\/2019\/08\/emdadul_hoque_final_footer_nopadding.png","width":1490,"height":660,"caption":"Realty In Canada"},"image":{"@id":"https:\/\/realtyincanada.com\/#\/schema\/logo\/image\/"}}]}},"_links":{"self":[{"href":"https:\/\/realtyincanada.com\/fr\/wp-json\/wp\/v2\/pages\/3147","targetHints":{"allow":["GET"]}}],"collection":[{"href":"https:\/\/realtyincanada.com\/fr\/wp-json\/wp\/v2\/pages"}],"about":[{"href":"https:\/\/realtyincanada.com\/fr\/wp-json\/wp\/v2\/types\/page"}],"author":[{"embeddable":true,"href":"https:\/\/realtyincanada.com\/fr\/wp-json\/wp\/v2\/users\/1"}],"replies":[{"embeddable":true,"href":"https:\/\/realtyincanada.com\/fr\/wp-json\/wp\/v2\/comments?post=3147"}],"version-history":[{"count":2,"href":"https:\/\/realtyincanada.com\/fr\/wp-json\/wp\/v2\/pages\/3147\/revisions"}],"predecessor-version":[{"id":4907,"href":"https:\/\/realtyincanada.com\/fr\/wp-json\/wp\/v2\/pages\/3147\/revisions\/4907"}],"up":[{"embeddable":true,"href":"https:\/\/realtyincanada.com\/fr\/wp-json\/wp\/v2\/pages\/1496"}],"wp:attachment":[{"href":"https:\/\/realtyincanada.com\/fr\/wp-json\/wp\/v2\/media?parent=3147"}],"curies":[{"name":"wp","href":"https:\/\/api.w.org\/{rel}","templated":true}]}}