{"id":3151,"date":"2019-08-06T15:13:33","date_gmt":"2019-08-06T15:13:33","guid":{"rendered":"https:\/\/realtyincanada.com\/residential\/"},"modified":"2020-07-25T17:06:00","modified_gmt":"2020-07-25T21:06:00","slug":"residential","status":"publish","type":"page","link":"https:\/\/realtyincanada.com\/fr\/residential\/","title":{"rendered":"R\u00e9sidentiel"},"content":{"rendered":"\n<figure class=\"wp-block-gallery columns-1 is-cropped wp-block-gallery-1 is-layout-flex wp-block-gallery-is-layout-flex\"><ul class=\"blocks-gallery-grid\"><li class=\"blocks-gallery-item\"><figure><img fetchpriority=\"high\" decoding=\"async\" width=\"1024\" height=\"516\" src=\"https:\/\/realtyincanada.com\/\/wp-content\/uploads\/2019\/08\/emdadul_residential_properties-1024x516.png\" alt=\"\" data-id=\"3085\" data-link=\"https:\/\/realtyincanada.com\/\/residential\/emdadul_residential_properties\/\" class=\"wp-image-3085\" srcset=\"https:\/\/realtyincanada.com\/wp-content\/uploads\/2019\/08\/emdadul_residential_properties-1024x516.png 1024w, https:\/\/realtyincanada.com\/wp-content\/uploads\/2019\/08\/emdadul_residential_properties-300x151.png 300w, https:\/\/realtyincanada.com\/wp-content\/uploads\/2019\/08\/emdadul_residential_properties-768x387.png 768w, https:\/\/realtyincanada.com\/wp-content\/uploads\/2019\/08\/emdadul_residential_properties.png 1920w\" sizes=\"(max-width: 1024px) 100vw, 1024px\" \/><\/figure><\/li><\/ul><\/figure>\n\n\n\n<p><strong>R\u00e9sidentiel : Bungalow, Cottage, Maison en rang\u00e9e , Condo. Chalet, Duplex, Triplex and Fourplex<\/strong><\/p>\n\n\n\n<div class=\"wp-block-media-text alignwide\"><figure class=\"wp-block-media-text__media\"><img decoding=\"async\" width=\"497\" height=\"332\" src=\"https:\/\/realtyincanada.com\/\/wp-content\/uploads\/2019\/08\/image-6.png\" alt=\"\" class=\"wp-image-2677\" srcset=\"https:\/\/realtyincanada.com\/wp-content\/uploads\/2019\/08\/image-6.png 497w, https:\/\/realtyincanada.com\/wp-content\/uploads\/2019\/08\/image-6-300x200.png 300w\" sizes=\"(max-width: 497px) 100vw, 497px\" \/><\/figure><div class=\"wp-block-media-text__content\">\n<p>Le processus d&rsquo;achat d&rsquo;une maison peut sembler incroyablement stressant, que vous soyez un nouveau venu ou un v\u00e9t\u00e9ran chevronn\u00e9. Heureusement, vous pouvez trouver un courtier immobilier qui est pr\u00eat \u00e0 faire beaucoup de travail pour vous. Excellence Brokers a pris le temps de cr\u00e9er une liste de quelques-unes des meilleures pratiques immobili\u00e8res de l&rsquo;industrie.<\/p>\n<\/div><\/div>\n\n\n\n<p><strong>Immeuble d&rsquo;habitation<\/strong><\/p>\n\n\n\n<p>Un b\u00e2timent r\u00e9sidentiel est un espace multir\u00e9sidentiel contenu dans une structure unique o\u00f9 les r\u00e9sidents peuvent louer ou \u00eatre propri\u00e9taires de leur r\u00e9sidence.<\/p>\n\n\n\n<p><strong>Un immeuble d&rsquo;habitation l&rsquo;a fait :<\/strong><\/p>\n\n\n\n<ul class=\"wp-block-list\"><li>Un salon\/espace de vie<\/li><li>Une chambre \u00e0 coucher\/espace de vie<\/li><li>Commodit\u00e9s (comme dans les toilettes et le bain)<\/li><li>Cuisine\/salle de cuisine (cuisine)<\/li><\/ul>\n\n\n\n<p>Toutes ces fonctions peuvent \u00eatre soit dans des salles ou des espaces partag\u00e9s, soit dans des salles exclusives par fonction. Cela d\u00e9pend du type de b\u00e2timent r\u00e9sidentiel. <\/p>\n\n\n\n<p> <strong>Bungalow &#8211;<\/strong> maison basse n&rsquo;ayant qu&rsquo;un \u00e9tage ou, dans certains cas, des pi\u00e8ces sup\u00e9rieures sur le toit, g\u00e9n\u00e9ralement avec lucarnes. <\/p>\n\n\n\n<p><strong>Certains types de b\u00e2timents r\u00e9sidentiels comprennent :<\/strong><\/p>\n\n\n\n<p><strong>Condo au Canada et aux \u00c9tats-Unis<\/strong><\/p>\n\n\n\n<div class=\"wp-block-media-text alignwide\" style=\"grid-template-columns:55% auto\"><figure class=\"wp-block-media-text__media\"><img decoding=\"async\" width=\"628\" height=\"441\" src=\"https:\/\/realtyincanada.com\/\/wp-content\/uploads\/2019\/09\/image-2.png\" alt=\"\" class=\"wp-image-4193\" srcset=\"https:\/\/realtyincanada.com\/wp-content\/uploads\/2019\/09\/image-2.png 628w, https:\/\/realtyincanada.com\/wp-content\/uploads\/2019\/09\/image-2-300x211.png 300w\" sizes=\"(max-width: 628px) 100vw, 628px\" \/><\/figure><div class=\"wp-block-media-text__content\">\n<ul class=\"wp-block-list\"><li><strong>Maison en rang\u00e9e &#8211; <\/strong>Une maison en rang\u00e9e, une maison en rang\u00e9e ou une maison de ville utilis\u00e9e en Am\u00e9rique du Nord, en Asie, en Australie, en Afrique du Sud et dans certaines parties de l&rsquo;Europe, est un type de maison en terrasse. Une maison de ville moderne est souvent une maison avec une petite empreinte sur plusieurs \u00e9tages.<\/li><\/ul>\n<\/div><\/div>\n\n\n\n<div class=\"wp-block-media-text alignwide\" style=\"grid-template-columns:56% auto\"><figure class=\"wp-block-media-text__media\"><img loading=\"lazy\" decoding=\"async\" width=\"471\" height=\"271\" src=\"https:\/\/realtyincanada.com\/\/wp-content\/uploads\/2019\/08\/image-17.png\" alt=\"\" class=\"wp-image-3871\" srcset=\"https:\/\/realtyincanada.com\/wp-content\/uploads\/2019\/08\/image-17.png 471w, https:\/\/realtyincanada.com\/wp-content\/uploads\/2019\/08\/image-17-300x173.png 300w\" sizes=\"(max-width: 471px) 100vw, 471px\" \/><\/figure><div class=\"wp-block-media-text__content\">\n<ul class=\"wp-block-list\"><li><strong>Condo <\/strong>&#8211; Un condo ou un condominium est un b\u00e2timent unique ou une communaut\u00e9 de b\u00e2timents avec des unit\u00e9s s\u00e9par\u00e9es appartenant \u00e0 des r\u00e9sidents individuels. Les condos peuvent varier en taille ou en style, allant de la maison individuelle \u00e0 l&rsquo;immeuble de grande hauteur.  Condo signifie que vous poss\u00e9dez tout ce qui se trouve \u00e0 l&rsquo;int\u00e9rieur des murs de votre unit\u00e9, mais chaque unit\u00e9 individuelle a un propri\u00e9taire distinct et les aires communes sont la propri\u00e9t\u00e9 conjointe. Le titre de propri\u00e9t\u00e9 d&rsquo;un appartement dans un tel immeuble.<\/li><\/ul>\n<\/div><\/div>\n\n\n\n<ul class=\"wp-block-list\"><li><strong>D\u00e9claration de copropri\u00e9t\u00e9 au Qu\u00e9bec &#8211; <\/strong>Une d\u00e9claration est comme la constitution d&rsquo;un condo.<ul><li> Les r\u00e8gles de fonctionnement et d&rsquo;organisation de la copropri\u00e9t\u00e9 (parties privatives et communes, r\u00e9partition des charges, etc.  <\/li><li>Les droits et obligations des copropri\u00e9taires et du syndicat.<\/li><\/ul><\/li><li><strong>Coop &#8211; <\/strong>Une coop\u00e9rative (coop\u00e9rative) signifie que vous poss\u00e9dez des parts dans la soci\u00e9t\u00e9 qui poss\u00e8de collectivement l&rsquo;ensemble de l&rsquo;immeuble ou du groupe d&rsquo;immeubles. <\/li><li><strong>Condo USA <\/strong>sont g\u00e9n\u00e9ralement g\u00e9r\u00e9s par une association de propri\u00e9taires (HOA). Bien qu&rsquo;ils fassent g\u00e9n\u00e9ralement partie d&rsquo;un immeuble de grande hauteur, il existe aussi des \u00ab\u00a0condominiums d\u00e9tach\u00e9s\u00a0\u00bb.<\/li><\/ul>\n\n\n\n<div class=\"wp-block-media-text alignwide\" style=\"grid-template-columns:52% auto\"><figure class=\"wp-block-media-text__media\"><img loading=\"lazy\" decoding=\"async\" width=\"1024\" height=\"693\" src=\"https:\/\/realtyincanada.com\/\/wp-content\/uploads\/2019\/08\/Triplex-1024x693.jpg\" alt=\"\" class=\"wp-image-2605\" srcset=\"https:\/\/realtyincanada.com\/wp-content\/uploads\/2019\/08\/Triplex-1024x693.jpg 1024w, https:\/\/realtyincanada.com\/wp-content\/uploads\/2019\/08\/Triplex-300x203.jpg 300w, https:\/\/realtyincanada.com\/wp-content\/uploads\/2019\/08\/Triplex-768x519.jpg 768w, https:\/\/realtyincanada.com\/wp-content\/uploads\/2019\/08\/Triplex.jpg 1165w\" sizes=\"(max-width: 1024px) 100vw, 1024px\" \/><\/figure><div class=\"wp-block-media-text__content\">\n<ul class=\"wp-block-list\"><li><strong>Duplex &#8211; <\/strong>Duplex, triplex et quadruplex &#8211; Une unit\u00e9 r\u00e9sidentielle sur deux ou trois \u00e9tages avec une entr\u00e9e principale au rez-de-chauss\u00e9e, souvent reli\u00e9e par un escalier.<\/li><\/ul>\n<\/div><\/div>\n\n\n\n<p><strong>\u00c9valuations de propri\u00e9t\u00e9s r\u00e9sidentielles<\/strong><\/p>\n\n\n\n<p>Nous fournissons des \u00e9valuations gratuites de propri\u00e9t\u00e9s r\u00e9sidentielles, tant pour le b\u00e2timent que pour le terrain. Veuillez compl\u00e9ter les informations suivantes et nous vous contacterons dans les plus brefs d\u00e9lais.<\/p>\n\n\n\n<div class=\"wpcf7 no-js\" id=\"wpcf7-f3041-o1\" lang=\"en-US\" dir=\"ltr\" data-wpcf7-id=\"3041\">\n<div class=\"screen-reader-response\"><p role=\"status\" aria-live=\"polite\" aria-atomic=\"true\"><\/p> <ul><\/ul><\/div>\n<form action=\"\/fr\/wp-json\/wp\/v2\/pages\/3151#wpcf7-f3041-o1\" method=\"post\" class=\"wpcf7-form init\" aria-label=\"Contact form\" novalidate=\"novalidate\" data-status=\"init\">\n<fieldset class=\"hidden-fields-container\"><input type=\"hidden\" name=\"_wpcf7\" value=\"3041\" \/><input type=\"hidden\" name=\"_wpcf7_version\" value=\"6.1.5\" \/><input type=\"hidden\" name=\"_wpcf7_locale\" value=\"en_US\" \/><input type=\"hidden\" name=\"_wpcf7_unit_tag\" value=\"wpcf7-f3041-o1\" \/><input type=\"hidden\" name=\"_wpcf7_container_post\" value=\"0\" \/><input type=\"hidden\" name=\"_wpcf7_posted_data_hash\" value=\"\" \/><input type=\"hidden\" name=\"_wpcf7_recaptcha_response\" value=\"\" \/>\n<\/fieldset>\n<div class=\"row evalutaion-form-cf7\">\n\t<div class=\"col-md-6 col-xs-12\">\n\t\t<h3 class=\"form-section-title\">Informations G\u00e9n\u00e9rales\n\t\t<\/h3>\n\t\t<p><span class=\"wpcf7-form-control-wrap\" data-name=\"nom\"><input size=\"40\" maxlength=\"400\" class=\"wpcf7-form-control wpcf7-text wpcf7-validates-as-required\" aria-required=\"true\" aria-invalid=\"false\" placeholder=\"Nom\" value=\"\" type=\"text\" name=\"nom\" \/><\/span><br \/>\n<span class=\"wpcf7-form-control-wrap\" data-name=\"company\"><input size=\"40\" maxlength=\"400\" class=\"wpcf7-form-control wpcf7-text\" aria-invalid=\"false\" placeholder=\"Nom de compagnie\" value=\"\" type=\"text\" name=\"company\" \/><\/span><br \/>\n<span class=\"wpcf7-form-control-wrap\" data-name=\"email\"><input size=\"40\" maxlength=\"400\" class=\"wpcf7-form-control wpcf7-email wpcf7-validates-as-required wpcf7-text wpcf7-validates-as-email\" aria-required=\"true\" aria-invalid=\"false\" placeholder=\"Courriel\" value=\"\" type=\"email\" name=\"email\" \/><\/span><br \/>\n<span class=\"wpcf7-form-control-wrap\" data-name=\"phone\"><input size=\"40\" maxlength=\"400\" class=\"wpcf7-form-control wpcf7-tel wpcf7-validates-as-required wpcf7-text wpcf7-validates-as-tel\" aria-required=\"true\" aria-invalid=\"false\" placeholder=\"T\u00e9l\u00e9phone\" value=\"\" type=\"tel\" name=\"phone\" \/><\/span><br \/>\n<span class=\"wpcf7-form-control-wrap\" data-name=\"address\"><input size=\"40\" maxlength=\"400\" class=\"wpcf7-form-control wpcf7-text wpcf7-validates-as-required\" aria-required=\"true\" aria-invalid=\"false\" placeholder=\"Adresse\" value=\"\" type=\"text\" name=\"address\" \/><\/span><br \/>\n<span class=\"wpcf7-form-control-wrap\" data-name=\"city\"><input size=\"40\" maxlength=\"400\" class=\"wpcf7-form-control wpcf7-text wpcf7-validates-as-required\" aria-required=\"true\" aria-invalid=\"false\" placeholder=\"Ville\" value=\"\" type=\"text\" name=\"city\" \/><\/span><br \/>\n<span class=\"wpcf7-form-control-wrap\" data-name=\"postal\"><input size=\"40\" maxlength=\"400\" class=\"wpcf7-form-control wpcf7-text wpcf7-validates-as-required\" aria-required=\"true\" aria-invalid=\"false\" placeholder=\"Code Postal\" value=\"\" type=\"text\" name=\"postal\" \/><\/span><br \/>\n<label for=\"property-type-desktop\"><\/label>\n\t\t<\/p>\n\t<\/div>\n\t<div class=\"col-md-6 col-xs-12\">\n\t<hr class=\"hidden-md-up\" \/>\n\t\t<h3 class=\"form-section-title\">D\u00e9tails De La Propri\u00e9t\u00e9\n\t\t<\/h3>\n\t\t<p><span class=\"wpcf7-form-control-wrap\" data-name=\"property-type-desktop\"><select class=\"wpcf7-form-control wpcf7-select wpcf7-validates-as-required\" aria-required=\"true\" aria-invalid=\"false\" name=\"property-type-desktop\"><option value=\"\">Type de la propri\u00e9t\u00e9<\/option><option value=\"Appartement\">Appartement<\/option><option value=\"B\u00e2timent et vente d\u2019entreprise\">B\u00e2timent et vente d\u2019entreprise<\/option><option value=\"Bungalow\">Bungalow<\/option><option value=\"Chalet\">Chalet<\/option><option value=\"B\u00e2timent commercial et terrain\">B\u00e2timent commercial et terrain<\/option><option value=\"B\u00e2timent commercial \/ bureau\">B\u00e2timent commercial \/ bureau<\/option><option value=\"Espace de location commercial \/ bureau\">Espace de location commercial \/ bureau<\/option><option value=\"Garderie\">Garderie<\/option><option value=\"Duplex\">Duplex<\/option><option value=\"Ferme\">Ferme<\/option><option value=\"Ferme de loisirs\">Ferme de loisirs<\/option><option value=\"B\u00e2timent industriel\">B\u00e2timent industriel<\/option><option value=\"B\u00e2timent industriel et terrain\">B\u00e2timent industriel et terrain<\/option><option value=\"Condo Industriel\">Condo Industriel<\/option><option value=\"Location d\u2019espaces industriels\">Location d\u2019espaces industriels<\/option><option value=\"Loft \/ Studio\">Loft \/ Studio<\/option><option value=\"Maison mobile\">Maison mobile<\/option><option value=\"Maison d\u2019un \u00e9tage et demi\">Maison d\u2019un \u00e9tage et demi<\/option><option value=\"Quadruplex\">Quadruplex<\/option><option value=\"Quintuplex\">Quintuplex<\/option><option value=\"\u00c0 deux niveaux\">\u00c0 deux niveaux<\/option><option value=\"Triplex\">Triplex<\/option><option value=\"Maison \u00e0 \u00e9tages\">Maison \u00e0 \u00e9tages<\/option><option value=\"Terrain vacant\">Terrain vacant<\/option><option value=\"Terre \u00e0 Bois\">Terre \u00e0 Bois<\/option><\/select><\/span><br \/>\n<span class=\"wpcf7-form-control-wrap\" data-name=\"bedrooms\"><input class=\"wpcf7-form-control wpcf7-number wpcf7-validates-as-required wpcf7-validates-as-number\" min=\"1\" max=\"25\" aria-required=\"true\" aria-invalid=\"false\" placeholder=\"Chambres\" value=\"\" type=\"number\" name=\"bedrooms\" \/><\/span><br \/>\n<span class=\"wpcf7-form-control-wrap\" data-name=\"bathrooms\"><input class=\"wpcf7-form-control wpcf7-number wpcf7-validates-as-required wpcf7-validates-as-number\" min=\"1\" max=\"25\" aria-required=\"true\" aria-invalid=\"false\" placeholder=\"Salles de bains\" value=\"\" type=\"number\" name=\"bathrooms\" \/><\/span><br \/>\n<span class=\"wpcf7-form-control-wrap\" data-name=\"size\"><input class=\"wpcf7-form-control wpcf7-number wpcf7-validates-as-required wpcf7-validates-as-number\" min=\"100\" max=\"10000\" aria-required=\"true\" aria-invalid=\"false\" placeholder=\"Taille (pi ca)\" value=\"\" type=\"number\" name=\"size\" \/><\/span><br \/>\n<span class=\"wpcf7-form-control-wrap\" data-name=\"features\"><textarea cols=\"40\" rows=\"10\" maxlength=\"2000\" class=\"wpcf7-form-control wpcf7-textarea wpcf7-validates-as-required\" aria-required=\"true\" aria-invalid=\"false\" placeholder=\"Caract\u00e9ristiques \/ Commentaires\" name=\"features\"><\/textarea><\/span>\n\t\t<\/p>\n\t<\/div>\n\t<div class=\"col-xs-12\">\n\t\t<p><button type=\"submit\" style=\"margin: -32px auto; width: 140px;\" class=\"cta-blog\">Envoyer<\/button>\n\t\t<\/p>\n\t<\/div>\n<\/div><p style=\"display: none !important;\" class=\"akismet-fields-container\" data-prefix=\"_wpcf7_ak_\"><label>&#916;<textarea name=\"_wpcf7_ak_hp_textarea\" cols=\"45\" rows=\"8\" maxlength=\"100\"><\/textarea><\/label><input type=\"hidden\" id=\"ak_js_1\" name=\"_wpcf7_ak_js\" value=\"202\"\/><script>document.getElementById( \"ak_js_1\" ).setAttribute( \"value\", ( new Date() ).getTime() );<\/script><\/p><div class=\"wpcf7-response-output\" aria-hidden=\"true\"><\/div>\n<\/form>\n<\/div>\n\n\n\n\n<p> Appelez d\u00e8s aujourd\u2019hui au\u00a0 \u260e <strong>514 654-8890<\/strong>\u00a0ou par courriel \u00e0\u00a0<a href=\"mailto:info@realtyincanada.com\"><strong>info@realtyincanada.com<\/strong><\/a>\u00a0pour une \u00e9valuation de votre maison, pour obtenir de l\u2019aide pour trouver la propri\u00e9t\u00e9 de vos r\u00eaves ou des conseils pour investir dans l\u2019immobilier.<\/p>\n","protected":false},"excerpt":{"rendered":"<p>R\u00e9sidentiel : Bungalow, Cottage, Maison en rang\u00e9e , Condo. Chalet, Duplex, Triplex and Fourplex Le processus d&rsquo;achat d&rsquo;une maison peut sembler incroyablement stressant, que vous soyez un nouveau venu ou un v\u00e9t\u00e9ran chevronn\u00e9. Heureusement, vous pouvez trouver un courtier immobilier qui est pr\u00eat \u00e0 faire beaucoup de travail pour vous. [&hellip;]<\/p>\n","protected":false},"author":4,"featured_media":0,"parent":0,"menu_order":0,"comment_status":"closed","ping_status":"closed","template":"","meta":{"_acf_changed":false,"footnotes":""},"class_list":["post-3151","page","type-page","status-publish","hentry"],"acf":[],"yoast_head":"<!-- This site is optimized with the Yoast SEO plugin v27.4 - https:\/\/yoast.com\/product\/yoast-seo-wordpress\/ -->\n<title>R\u00e9sidentiel - Realty in Canada<\/title>\n<meta name=\"robots\" content=\"index, follow, max-snippet:-1, max-image-preview:large, max-video-preview:-1\" \/>\n<link rel=\"canonical\" href=\"https:\/\/realtyincanada.com\/residential\/\" \/>\n<meta property=\"og:locale\" content=\"fr_FR\" \/>\n<meta property=\"og:type\" content=\"article\" \/>\n<meta property=\"og:title\" content=\"R\u00e9sidentiel - Realty in Canada\" \/>\n<meta property=\"og:description\" content=\"R\u00e9sidentiel : Bungalow, Cottage, Maison en rang\u00e9e , Condo. Chalet, Duplex, Triplex and Fourplex Le processus d&rsquo;achat d&rsquo;une maison peut sembler incroyablement stressant, que vous soyez un nouveau venu ou un v\u00e9t\u00e9ran chevronn\u00e9. Heureusement, vous pouvez trouver un courtier immobilier qui est pr\u00eat \u00e0 faire beaucoup de travail pour vous. [&hellip;]\" \/>\n<meta property=\"og:url\" content=\"https:\/\/realtyincanada.com\/residential\/\" \/>\n<meta property=\"og:site_name\" content=\"Realty in Canada\" \/>\n<meta property=\"article:modified_time\" content=\"2020-07-25T21:06:00+00:00\" \/>\n<meta property=\"og:image\" content=\"https:\/\/realtyincanada.com\/\/wp-content\/uploads\/2019\/08\/emdadul_residential_properties-1024x516.png\" \/>\n<meta name=\"twitter:card\" content=\"summary_large_image\" \/>\n<meta name=\"twitter:label1\" content=\"Dur\u00e9e de lecture estim\u00e9e\" \/>\n\t<meta name=\"twitter:data1\" content=\"3 minutes\" \/>\n<script type=\"application\/ld+json\" class=\"yoast-schema-graph\">{\"@context\":\"https:\\\/\\\/schema.org\",\"@graph\":[{\"@type\":\"WebPage\",\"@id\":\"https:\\\/\\\/realtyincanada.com\\\/residential\\\/\",\"url\":\"https:\\\/\\\/realtyincanada.com\\\/residential\\\/\",\"name\":\"R\u00e9sidentiel - Realty in Canada\",\"isPartOf\":{\"@id\":\"https:\\\/\\\/realtyincanada.com\\\/#website\"},\"primaryImageOfPage\":{\"@id\":\"https:\\\/\\\/realtyincanada.com\\\/residential\\\/#primaryimage\"},\"image\":{\"@id\":\"https:\\\/\\\/realtyincanada.com\\\/residential\\\/#primaryimage\"},\"thumbnailUrl\":\"https:\\\/\\\/realtyincanada.com\\\/\\\/wp-content\\\/uploads\\\/2019\\\/08\\\/emdadul_residential_properties-1024x516.png\",\"datePublished\":\"2019-08-06T15:13:33+00:00\",\"dateModified\":\"2020-07-25T21:06:00+00:00\",\"breadcrumb\":{\"@id\":\"https:\\\/\\\/realtyincanada.com\\\/residential\\\/#breadcrumb\"},\"inLanguage\":\"fr-FR\",\"potentialAction\":[{\"@type\":\"ReadAction\",\"target\":[\"https:\\\/\\\/realtyincanada.com\\\/residential\\\/\"]}]},{\"@type\":\"ImageObject\",\"inLanguage\":\"fr-FR\",\"@id\":\"https:\\\/\\\/realtyincanada.com\\\/residential\\\/#primaryimage\",\"url\":\"https:\\\/\\\/realtyincanada.com\\\/\\\/wp-content\\\/uploads\\\/2019\\\/08\\\/emdadul_residential_properties-1024x516.png\",\"contentUrl\":\"https:\\\/\\\/realtyincanada.com\\\/\\\/wp-content\\\/uploads\\\/2019\\\/08\\\/emdadul_residential_properties-1024x516.png\"},{\"@type\":\"BreadcrumbList\",\"@id\":\"https:\\\/\\\/realtyincanada.com\\\/residential\\\/#breadcrumb\",\"itemListElement\":[{\"@type\":\"ListItem\",\"position\":1,\"name\":\"Home\",\"item\":\"https:\\\/\\\/realtyincanada.com\\\/fr\\\/\"},{\"@type\":\"ListItem\",\"position\":2,\"name\":\"R\u00e9sidentiel\"}]},{\"@type\":\"WebSite\",\"@id\":\"https:\\\/\\\/realtyincanada.com\\\/#website\",\"url\":\"https:\\\/\\\/realtyincanada.com\\\/\",\"name\":\"Realty in Canada\",\"description\":\"Realty in Canada is your right choice for the best property agent in Canada. Contact us to buy, sell or rent your property.\",\"publisher\":{\"@id\":\"https:\\\/\\\/realtyincanada.com\\\/#organization\"},\"potentialAction\":[{\"@type\":\"SearchAction\",\"target\":{\"@type\":\"EntryPoint\",\"urlTemplate\":\"https:\\\/\\\/realtyincanada.com\\\/?s={search_term_string}\"},\"query-input\":{\"@type\":\"PropertyValueSpecification\",\"valueRequired\":true,\"valueName\":\"search_term_string\"}}],\"inLanguage\":\"fr-FR\"},{\"@type\":\"Organization\",\"@id\":\"https:\\\/\\\/realtyincanada.com\\\/#organization\",\"name\":\"Realty In Canada\",\"url\":\"https:\\\/\\\/realtyincanada.com\\\/\",\"logo\":{\"@type\":\"ImageObject\",\"inLanguage\":\"fr-FR\",\"@id\":\"https:\\\/\\\/realtyincanada.com\\\/#\\\/schema\\\/logo\\\/image\\\/\",\"url\":\"https:\\\/\\\/realtyincanada.com\\\/\\\/wp-content\\\/uploads\\\/2019\\\/08\\\/emdadul_hoque_final_footer_nopadding.png\",\"contentUrl\":\"https:\\\/\\\/realtyincanada.com\\\/\\\/wp-content\\\/uploads\\\/2019\\\/08\\\/emdadul_hoque_final_footer_nopadding.png\",\"width\":1490,\"height\":660,\"caption\":\"Realty In Canada\"},\"image\":{\"@id\":\"https:\\\/\\\/realtyincanada.com\\\/#\\\/schema\\\/logo\\\/image\\\/\"}}]}<\/script>\n<!-- \/ Yoast SEO plugin. -->","yoast_head_json":{"title":"R\u00e9sidentiel - Realty in Canada","robots":{"index":"index","follow":"follow","max-snippet":"max-snippet:-1","max-image-preview":"max-image-preview:large","max-video-preview":"max-video-preview:-1"},"canonical":"https:\/\/realtyincanada.com\/residential\/","og_locale":"fr_FR","og_type":"article","og_title":"R\u00e9sidentiel - Realty in Canada","og_description":"R\u00e9sidentiel : Bungalow, Cottage, Maison en rang\u00e9e , Condo. Chalet, Duplex, Triplex and Fourplex Le processus d&rsquo;achat d&rsquo;une maison peut sembler incroyablement stressant, que vous soyez un nouveau venu ou un v\u00e9t\u00e9ran chevronn\u00e9. Heureusement, vous pouvez trouver un courtier immobilier qui est pr\u00eat \u00e0 faire beaucoup de travail pour vous. [&hellip;]","og_url":"https:\/\/realtyincanada.com\/residential\/","og_site_name":"Realty in Canada","article_modified_time":"2020-07-25T21:06:00+00:00","og_image":[{"url":"https:\/\/realtyincanada.com\/\/wp-content\/uploads\/2019\/08\/emdadul_residential_properties-1024x516.png","type":"","width":"","height":""}],"twitter_card":"summary_large_image","twitter_misc":{"Dur\u00e9e de lecture estim\u00e9e":"3 minutes"},"schema":{"@context":"https:\/\/schema.org","@graph":[{"@type":"WebPage","@id":"https:\/\/realtyincanada.com\/residential\/","url":"https:\/\/realtyincanada.com\/residential\/","name":"R\u00e9sidentiel - Realty in Canada","isPartOf":{"@id":"https:\/\/realtyincanada.com\/#website"},"primaryImageOfPage":{"@id":"https:\/\/realtyincanada.com\/residential\/#primaryimage"},"image":{"@id":"https:\/\/realtyincanada.com\/residential\/#primaryimage"},"thumbnailUrl":"https:\/\/realtyincanada.com\/\/wp-content\/uploads\/2019\/08\/emdadul_residential_properties-1024x516.png","datePublished":"2019-08-06T15:13:33+00:00","dateModified":"2020-07-25T21:06:00+00:00","breadcrumb":{"@id":"https:\/\/realtyincanada.com\/residential\/#breadcrumb"},"inLanguage":"fr-FR","potentialAction":[{"@type":"ReadAction","target":["https:\/\/realtyincanada.com\/residential\/"]}]},{"@type":"ImageObject","inLanguage":"fr-FR","@id":"https:\/\/realtyincanada.com\/residential\/#primaryimage","url":"https:\/\/realtyincanada.com\/\/wp-content\/uploads\/2019\/08\/emdadul_residential_properties-1024x516.png","contentUrl":"https:\/\/realtyincanada.com\/\/wp-content\/uploads\/2019\/08\/emdadul_residential_properties-1024x516.png"},{"@type":"BreadcrumbList","@id":"https:\/\/realtyincanada.com\/residential\/#breadcrumb","itemListElement":[{"@type":"ListItem","position":1,"name":"Home","item":"https:\/\/realtyincanada.com\/fr\/"},{"@type":"ListItem","position":2,"name":"R\u00e9sidentiel"}]},{"@type":"WebSite","@id":"https:\/\/realtyincanada.com\/#website","url":"https:\/\/realtyincanada.com\/","name":"Realty in Canada","description":"Realty in Canada is your right choice for the best property agent in Canada. Contact us to buy, sell or rent your property.","publisher":{"@id":"https:\/\/realtyincanada.com\/#organization"},"potentialAction":[{"@type":"SearchAction","target":{"@type":"EntryPoint","urlTemplate":"https:\/\/realtyincanada.com\/?s={search_term_string}"},"query-input":{"@type":"PropertyValueSpecification","valueRequired":true,"valueName":"search_term_string"}}],"inLanguage":"fr-FR"},{"@type":"Organization","@id":"https:\/\/realtyincanada.com\/#organization","name":"Realty In Canada","url":"https:\/\/realtyincanada.com\/","logo":{"@type":"ImageObject","inLanguage":"fr-FR","@id":"https:\/\/realtyincanada.com\/#\/schema\/logo\/image\/","url":"https:\/\/realtyincanada.com\/\/wp-content\/uploads\/2019\/08\/emdadul_hoque_final_footer_nopadding.png","contentUrl":"https:\/\/realtyincanada.com\/\/wp-content\/uploads\/2019\/08\/emdadul_hoque_final_footer_nopadding.png","width":1490,"height":660,"caption":"Realty In Canada"},"image":{"@id":"https:\/\/realtyincanada.com\/#\/schema\/logo\/image\/"}}]}},"_links":{"self":[{"href":"https:\/\/realtyincanada.com\/fr\/wp-json\/wp\/v2\/pages\/3151","targetHints":{"allow":["GET"]}}],"collection":[{"href":"https:\/\/realtyincanada.com\/fr\/wp-json\/wp\/v2\/pages"}],"about":[{"href":"https:\/\/realtyincanada.com\/fr\/wp-json\/wp\/v2\/types\/page"}],"author":[{"embeddable":true,"href":"https:\/\/realtyincanada.com\/fr\/wp-json\/wp\/v2\/users\/4"}],"replies":[{"embeddable":true,"href":"https:\/\/realtyincanada.com\/fr\/wp-json\/wp\/v2\/comments?post=3151"}],"version-history":[{"count":23,"href":"https:\/\/realtyincanada.com\/fr\/wp-json\/wp\/v2\/pages\/3151\/revisions"}],"predecessor-version":[{"id":5207,"href":"https:\/\/realtyincanada.com\/fr\/wp-json\/wp\/v2\/pages\/3151\/revisions\/5207"}],"wp:attachment":[{"href":"https:\/\/realtyincanada.com\/fr\/wp-json\/wp\/v2\/media?parent=3151"}],"curies":[{"name":"wp","href":"https:\/\/api.w.org\/{rel}","templated":true}]}}