{"id":3152,"date":"2019-07-19T22:39:38","date_gmt":"2019-07-19T22:39:38","guid":{"rendered":"https:\/\/realtyincanada.com\/services\/property-management\/"},"modified":"2020-02-13T01:13:54","modified_gmt":"2020-02-13T05:13:54","slug":"property-management","status":"publish","type":"page","link":"https:\/\/realtyincanada.com\/fr\/services\/property-management\/","title":{"rendered":"Gestion Immobili\u00e8re et Services"},"content":{"rendered":"\n<h3 class=\"black wp-block-heading\">NOUS PRENONS TOUJOURS SOIN DE VOTRE DOMICILE<\/h3>\n\n\n\n<p>Nous avons une \u00e9quipe de location sp\u00e9cialis\u00e9e et d\u00e9di\u00e9e. Notre \u00e9quipe fournit des \u00e9valuations de gestion gratuites pour la location de propri\u00e9t\u00e9s <strong>r\u00e9sidentielles, commerciales <\/strong>et<strong> industrielles<\/strong>. Notre r\u00f4le cl\u00e9 est de rester proactif et de mettre en \u0153uvre des strat\u00e9gies qui minimisent les postes vacants, trouve le meilleur locataire pour vous et garantissent que les propri\u00e9taires sont tenus au courant et inform\u00e9s.<\/p>\n\n\n\n<figure class=\"wp-block-gallery columns-1 is-cropped wp-block-gallery-1 is-layout-flex wp-block-gallery-is-layout-flex\"><ul class=\"blocks-gallery-grid\"><li class=\"blocks-gallery-item\"><figure><img fetchpriority=\"high\" decoding=\"async\" width=\"829\" height=\"553\" src=\"https:\/\/realtyincanada.com\/\/wp-content\/uploads\/2019\/08\/Alexan_Riverdale_New_Jersey.jpg\" alt=\"\" data-id=\"3089\" data-link=\"https:\/\/realtyincanada.com\/\/services\/property-management\/alexan_riverdale_new_jersey\/\" class=\"wp-image-3089\" srcset=\"https:\/\/realtyincanada.com\/wp-content\/uploads\/2019\/08\/Alexan_Riverdale_New_Jersey.jpg 829w, https:\/\/realtyincanada.com\/wp-content\/uploads\/2019\/08\/Alexan_Riverdale_New_Jersey-300x200.jpg 300w, https:\/\/realtyincanada.com\/wp-content\/uploads\/2019\/08\/Alexan_Riverdale_New_Jersey-768x512.jpg 768w\" sizes=\"(max-width: 829px) 100vw, 829px\" \/><\/figure><\/li><\/ul><\/figure>\n\n\n\n<p><strong>G\u00e9rer La Propri\u00e9t\u00e9<\/strong><\/p>\n\n\n\n<p>Une fois que notre client investisseur a achet\u00e9 un immeuble de placement \u00e0 Montr\u00e9al, la prochaine \u00e9tape consiste \u00e0 commercialiser ses produits aupr\u00e8s de locataires potentiels.<\/p>\n\n\n\n<p>Si vous \u00eates propri\u00e9taire et que vous avez besoin d&rsquo;une expertise et de services de qualit\u00e9 pour vous en lib\u00e9rer, nous travaillerons avec vous pour pr\u00e9server leur valeur et votre tranquillit\u00e9 d&rsquo;esprit. Les frais de gestion immobili\u00e8re varient entre 8% et 10% du loyer brut.<\/p>\n\n\n\n<p><strong>Avantages de la gestion immobili\u00e8re professionnelle Voici les \u00e9tapes \u00e0 suivre:<\/strong><\/p>\n\n\n\n<div class=\"wp-block-columns has-2-columns is-layout-flex wp-container-core-columns-is-layout-9d6595d7 wp-block-columns-is-layout-flex\">\n<div class=\"wp-block-column is-layout-flow wp-block-column-is-layout-flow\">\n<ul class=\"wp-block-list\"><li>Trouver des locataires<\/li><li> Collecte de loyer<\/li><li> Marketing Internet (site Web, syst\u00e8me de courtier et MLS)<\/li><li> Marketing des m\u00e9dias sociaux<\/li><li> Photographie professionnelle<\/li><li> Ajuster le loyer<\/li><li> S\u00e9lection du locataire<\/li><li> &nbsp; S\u00e9lection des locataires (pointage de cr\u00e9dit, r\u00e9f\u00e9rences, salaire, ant\u00e9c\u00e9dents de travail)<\/li><li> Organiser le d\u00e9m\u00e9nagement des locataires<\/li><\/ul>\n<\/div>\n\n\n\n<div class=\"wp-block-column is-layout-flow wp-block-column-is-layout-flow\">\n<ul class=\"wp-block-list\"><li>Bas postes vacants<\/li><li> Gestion des baux<\/li><li> Services de comptabilit\u00e9<\/li><li> Services de maintenance<\/li><li> Inspections de propri\u00e9t\u00e9<\/li><li> Personnellement, montrez votre propri\u00e9t\u00e9 \u00e0 des locataires potentiels \/ leurs agents<\/li><li> Configurez des transactions automatiques pour que le locataire d\u00e9pose automatiquement les ch\u00e8ques de loyer mensuels sur le compte du propri\u00e9taire.<\/li><li> Services d&rsquo;expulsion<\/li><\/ul>\n<\/div>\n<\/div>\n\n\n\n<p><strong>\u00c9valuation de la location \/ Gestion immobili\u00e8re<\/strong><\/p>\n\n\n\n<p>Nous fournissons des \u00e9valuations de gestion gratuites pour la location de propri\u00e9t\u00e9s r\u00e9sidentielles, commerciales et industrielles. Veuillez compl\u00e9ter les informations suivantes et nous vous contacterons sous peu.<\/p>\n\n\n\n<div class=\"wpcf7 no-js\" id=\"wpcf7-f3005-o1\" lang=\"en-US\" dir=\"ltr\" data-wpcf7-id=\"3005\">\n<div class=\"screen-reader-response\"><p role=\"status\" aria-live=\"polite\" aria-atomic=\"true\"><\/p> <ul><\/ul><\/div>\n<form action=\"\/fr\/wp-json\/wp\/v2\/pages\/3152#wpcf7-f3005-o1\" method=\"post\" class=\"wpcf7-form init\" aria-label=\"Contact form\" novalidate=\"novalidate\" data-status=\"init\">\n<fieldset class=\"hidden-fields-container\"><input type=\"hidden\" name=\"_wpcf7\" value=\"3005\" \/><input type=\"hidden\" name=\"_wpcf7_version\" value=\"6.1.5\" \/><input type=\"hidden\" name=\"_wpcf7_locale\" value=\"en_US\" \/><input type=\"hidden\" name=\"_wpcf7_unit_tag\" value=\"wpcf7-f3005-o1\" \/><input type=\"hidden\" name=\"_wpcf7_container_post\" value=\"0\" \/><input type=\"hidden\" name=\"_wpcf7_posted_data_hash\" value=\"\" \/><input type=\"hidden\" name=\"_wpcf7_recaptcha_response\" value=\"\" \/>\n<\/fieldset>\n<div class=\"row evalutaion-form-cf7\">\n\t<div class=\"col-md-6 col-xs-12\">\n\t\t<h3 class=\"form-section-title\">General Info\n\t\t<\/h3>\n\t\t<p><span class=\"wpcf7-form-control-wrap\" data-name=\"nom\"><input size=\"40\" maxlength=\"400\" class=\"wpcf7-form-control wpcf7-text wpcf7-validates-as-required\" aria-required=\"true\" aria-invalid=\"false\" placeholder=\"Full Name\" value=\"\" type=\"text\" name=\"nom\" \/><\/span><br \/>\n<span class=\"wpcf7-form-control-wrap\" data-name=\"company\"><input size=\"40\" maxlength=\"400\" class=\"wpcf7-form-control wpcf7-text\" aria-invalid=\"false\" placeholder=\"Company Name\" value=\"\" type=\"text\" name=\"company\" \/><\/span><br \/>\n<span class=\"wpcf7-form-control-wrap\" data-name=\"email\"><input size=\"40\" maxlength=\"400\" class=\"wpcf7-form-control wpcf7-email wpcf7-validates-as-required wpcf7-text wpcf7-validates-as-email\" aria-required=\"true\" aria-invalid=\"false\" placeholder=\"E-Mail Address\" value=\"\" type=\"email\" name=\"email\" \/><\/span><br \/>\n<span class=\"wpcf7-form-control-wrap\" data-name=\"phone\"><input size=\"40\" maxlength=\"400\" class=\"wpcf7-form-control wpcf7-tel wpcf7-validates-as-required wpcf7-text wpcf7-validates-as-tel\" aria-required=\"true\" aria-invalid=\"false\" placeholder=\"Phone Number\" value=\"\" type=\"tel\" name=\"phone\" \/><\/span><br \/>\n<span class=\"wpcf7-form-control-wrap\" data-name=\"address\"><input size=\"40\" maxlength=\"400\" class=\"wpcf7-form-control wpcf7-text wpcf7-validates-as-required\" aria-required=\"true\" aria-invalid=\"false\" placeholder=\"Address\" value=\"\" type=\"text\" name=\"address\" \/><\/span><br \/>\n<span class=\"wpcf7-form-control-wrap\" data-name=\"city\"><input size=\"40\" maxlength=\"400\" class=\"wpcf7-form-control wpcf7-text wpcf7-validates-as-required\" aria-required=\"true\" aria-invalid=\"false\" placeholder=\"City\" value=\"\" type=\"text\" name=\"city\" \/><\/span><br \/>\n<span class=\"wpcf7-form-control-wrap\" data-name=\"postal\"><input size=\"40\" maxlength=\"400\" class=\"wpcf7-form-control wpcf7-text wpcf7-validates-as-required\" aria-required=\"true\" aria-invalid=\"false\" placeholder=\"Zip \/ Postal Code\" value=\"\" type=\"text\" name=\"postal\" \/><\/span>\n\t\t<\/p>\n\t<\/div>\n\t<div class=\"col-md-6 col-xs-12\">\n\t<hr class=\"hidden-md-up\" \/>\n\t\t<h3 class=\"form-section-title\">Property Details\n\t\t<\/h3>\n\t\t<p><span class=\"wpcf7-form-control-wrap\" data-name=\"property-type-desktop\"><select class=\"wpcf7-form-control wpcf7-select wpcf7-validates-as-required\" aria-required=\"true\" aria-invalid=\"false\" name=\"property-type-desktop\"><option value=\"\">Property Type<\/option><option value=\"Apartment\">Apartment<\/option><option value=\"Building and business sale\">Building and business sale<\/option><option value=\"Bungalow\">Bungalow<\/option><option value=\"Chalet\">Chalet<\/option><option value=\"Commercial Building and Land\">Commercial Building and Land<\/option><option value=\"Commercial Building \/ Office\">Commercial Building \/ Office<\/option><option value=\"Commercial Rental space \/ Office\">Commercial Rental space \/ Office<\/option><option value=\"Cottage\">Cottage<\/option><option value=\"Daycare\">Daycare<\/option><option value=\"Duplex\">Duplex<\/option><option value=\"Farm\">Farm<\/option><option value=\"Hobby Farm\">Hobby Farm<\/option><option value=\"Industrial Building\">Industrial Building<\/option><option value=\"Industrial Building and Land\">Industrial Building and Land<\/option><option value=\"Industrial Condo\">Industrial Condo<\/option><option value=\"Industrial Space Leasing\">Industrial Space Leasing<\/option><option value=\"Loft \/ Studio\">Loft \/ Studio<\/option><option value=\"Mobile Home\">Mobile Home<\/option><option value=\"One-and-a-half-storey house\">One-and-a-half-storey house<\/option><option value=\"Quadruplex\">Quadruplex<\/option><option value=\"Quintuplex\">Quintuplex<\/option><option value=\"Split-level\">Split-level<\/option><option value=\"Triplex\">Triplex<\/option><option value=\"Two or more storey house\">Two or more storey house<\/option><option value=\"Vacant Lot\">Vacant Lot<\/option><option value=\"Wood Lot\">Wood Lot<\/option><\/select><\/span><br \/>\n<span class=\"wpcf7-form-control-wrap\" data-name=\"bedrooms\"><input class=\"wpcf7-form-control wpcf7-number wpcf7-validates-as-required wpcf7-validates-as-number\" min=\"1\" max=\"25\" aria-required=\"true\" aria-invalid=\"false\" placeholder=\"Bedrooms\" value=\"\" type=\"number\" name=\"bedrooms\" \/><\/span><br \/>\n<span class=\"wpcf7-form-control-wrap\" data-name=\"bathrooms\"><input class=\"wpcf7-form-control wpcf7-number wpcf7-validates-as-required wpcf7-validates-as-number\" min=\"1\" max=\"25\" aria-required=\"true\" aria-invalid=\"false\" placeholder=\"Bathrooms\" value=\"\" type=\"number\" name=\"bathrooms\" \/><\/span><br \/>\n<span class=\"wpcf7-form-control-wrap\" data-name=\"size\"><input class=\"wpcf7-form-control wpcf7-number wpcf7-validates-as-required wpcf7-validates-as-number\" min=\"100\" max=\"10000\" aria-required=\"true\" aria-invalid=\"false\" placeholder=\"Size (ft\u00b2)\" value=\"\" type=\"number\" name=\"size\" \/><\/span><br \/>\n<span class=\"wpcf7-form-control-wrap\" data-name=\"features\"><textarea cols=\"40\" rows=\"10\" maxlength=\"2000\" class=\"wpcf7-form-control wpcf7-textarea wpcf7-validates-as-required\" aria-required=\"true\" aria-invalid=\"false\" placeholder=\"Features \/ Comments\" name=\"features\"><\/textarea><\/span>\n\t\t<\/p>\n\t<\/div>\n\t<div class=\"col-xs-12\">\n\t\t<p><button type=\"submit\" style=\"margin: -32px auto; width: 140px;\" class=\"cta-blog\">Submit<\/button>\n\t\t<\/p>\n\t<\/div>\n<\/div><p style=\"display: none !important;\" class=\"akismet-fields-container\" data-prefix=\"_wpcf7_ak_\"><label>&#916;<textarea name=\"_wpcf7_ak_hp_textarea\" cols=\"45\" rows=\"8\" maxlength=\"100\"><\/textarea><\/label><input type=\"hidden\" id=\"ak_js_1\" name=\"_wpcf7_ak_js\" value=\"94\"\/><script type=\"text\/javascript\">\n\/* <![CDATA[ *\/\ndocument.getElementById( \"ak_js_1\" ).setAttribute( \"value\", ( new Date() ).getTime() );\n\/* ]]> *\/\n<\/script>\n<\/p><div class=\"wpcf7-response-output\" aria-hidden=\"true\"><\/div>\n<\/form>\n<\/div>\n\n\n\n\n<p><\/p>\n\n\n\n<ul class=\"wp-block-list\"><li><strong>DISCUTE AVEC NOUS !<\/strong><\/li><li><strong> Nous sommes sur WhatsApp<\/strong><\/li><li> <strong>+1- 514-654-8890<\/strong> <\/li><\/ul>\n\n\n\n<p>\u260e Appelez d\u00e8s aujourd&rsquo;hui au &nbsp;<strong>514-654-8890<\/strong>&nbsp;ou envoyez un courriel \u00e0:&nbsp;<strong><a href=\"mailto:info@realtyincanada.com\">info@realtyincanada.com<\/a><\/strong>&nbsp;pour vos besoins immobiliers !! <\/p>\n","protected":false},"excerpt":{"rendered":"<p>NOUS PRENONS TOUJOURS SOIN DE VOTRE DOMICILE Nous avons une \u00e9quipe de location sp\u00e9cialis\u00e9e et d\u00e9di\u00e9e. Notre \u00e9quipe fournit des \u00e9valuations de gestion gratuites pour la location de propri\u00e9t\u00e9s r\u00e9sidentielles, commerciales et industrielles. Notre r\u00f4le cl\u00e9 est de rester proactif et de mettre en \u0153uvre des strat\u00e9gies qui minimisent les [&hellip;]<\/p>\n","protected":false},"author":1,"featured_media":0,"parent":1344,"menu_order":0,"comment_status":"closed","ping_status":"closed","template":"","meta":{"_acf_changed":false,"footnotes":""},"class_list":["post-3152","page","type-page","status-publish","hentry"],"acf":[],"yoast_head":"<!-- This site is optimized with the Yoast SEO plugin v27.5 - https:\/\/yoast.com\/product\/yoast-seo-wordpress\/ -->\n<title>Gestion Immobili\u00e8re et Services - Realty in Canada<\/title>\n<meta name=\"robots\" content=\"index, follow, max-snippet:-1, max-image-preview:large, max-video-preview:-1\" \/>\n<link rel=\"canonical\" href=\"https:\/\/realtyincanada.com\/services\/property-management\/\" \/>\n<meta property=\"og:locale\" content=\"fr_FR\" \/>\n<meta property=\"og:type\" content=\"article\" \/>\n<meta property=\"og:title\" content=\"Gestion Immobili\u00e8re et Services - Realty in Canada\" \/>\n<meta property=\"og:description\" content=\"NOUS PRENONS TOUJOURS SOIN DE VOTRE DOMICILE Nous avons une \u00e9quipe de location sp\u00e9cialis\u00e9e et d\u00e9di\u00e9e. Notre \u00e9quipe fournit des \u00e9valuations de gestion gratuites pour la location de propri\u00e9t\u00e9s r\u00e9sidentielles, commerciales et industrielles. Notre r\u00f4le cl\u00e9 est de rester proactif et de mettre en \u0153uvre des strat\u00e9gies qui minimisent les [&hellip;]\" \/>\n<meta property=\"og:url\" content=\"https:\/\/realtyincanada.com\/services\/property-management\/\" \/>\n<meta property=\"og:site_name\" content=\"Realty in Canada\" \/>\n<meta property=\"article:modified_time\" content=\"2020-02-13T05:13:54+00:00\" \/>\n<meta property=\"og:image\" content=\"https:\/\/realtyincanada.com\/\/wp-content\/uploads\/2019\/08\/Alexan_Riverdale_New_Jersey.jpg\" \/>\n<meta name=\"twitter:card\" content=\"summary_large_image\" \/>\n<meta name=\"twitter:label1\" content=\"Dur\u00e9e de lecture estim\u00e9e\" \/>\n\t<meta name=\"twitter:data1\" content=\"2 minutes\" \/>\n<script type=\"application\/ld+json\" class=\"yoast-schema-graph\">{\"@context\":\"https:\\\/\\\/schema.org\",\"@graph\":[{\"@type\":\"WebPage\",\"@id\":\"https:\\\/\\\/realtyincanada.com\\\/services\\\/property-management\\\/\",\"url\":\"https:\\\/\\\/realtyincanada.com\\\/services\\\/property-management\\\/\",\"name\":\"Gestion Immobili\u00e8re et Services - Realty in Canada\",\"isPartOf\":{\"@id\":\"https:\\\/\\\/realtyincanada.com\\\/#website\"},\"primaryImageOfPage\":{\"@id\":\"https:\\\/\\\/realtyincanada.com\\\/services\\\/property-management\\\/#primaryimage\"},\"image\":{\"@id\":\"https:\\\/\\\/realtyincanada.com\\\/services\\\/property-management\\\/#primaryimage\"},\"thumbnailUrl\":\"https:\\\/\\\/realtyincanada.com\\\/\\\/wp-content\\\/uploads\\\/2019\\\/08\\\/Alexan_Riverdale_New_Jersey.jpg\",\"datePublished\":\"2019-07-19T22:39:38+00:00\",\"dateModified\":\"2020-02-13T05:13:54+00:00\",\"breadcrumb\":{\"@id\":\"https:\\\/\\\/realtyincanada.com\\\/services\\\/property-management\\\/#breadcrumb\"},\"inLanguage\":\"fr-FR\",\"potentialAction\":[{\"@type\":\"ReadAction\",\"target\":[\"https:\\\/\\\/realtyincanada.com\\\/services\\\/property-management\\\/\"]}]},{\"@type\":\"ImageObject\",\"inLanguage\":\"fr-FR\",\"@id\":\"https:\\\/\\\/realtyincanada.com\\\/services\\\/property-management\\\/#primaryimage\",\"url\":\"https:\\\/\\\/realtyincanada.com\\\/\\\/wp-content\\\/uploads\\\/2019\\\/08\\\/Alexan_Riverdale_New_Jersey.jpg\",\"contentUrl\":\"https:\\\/\\\/realtyincanada.com\\\/\\\/wp-content\\\/uploads\\\/2019\\\/08\\\/Alexan_Riverdale_New_Jersey.jpg\"},{\"@type\":\"BreadcrumbList\",\"@id\":\"https:\\\/\\\/realtyincanada.com\\\/services\\\/property-management\\\/#breadcrumb\",\"itemListElement\":[{\"@type\":\"ListItem\",\"position\":1,\"name\":\"Home\",\"item\":\"https:\\\/\\\/realtyincanada.com\\\/fr\\\/\"},{\"@type\":\"ListItem\",\"position\":2,\"name\":\"Services\",\"item\":\"https:\\\/\\\/realtyincanada.com\\\/fr\\\/services\\\/\"},{\"@type\":\"ListItem\",\"position\":3,\"name\":\"Gestion Immobili\u00e8re et Services\"}]},{\"@type\":\"WebSite\",\"@id\":\"https:\\\/\\\/realtyincanada.com\\\/#website\",\"url\":\"https:\\\/\\\/realtyincanada.com\\\/\",\"name\":\"Realty in Canada\",\"description\":\"Realty in Canada is your right choice for the best property agent in Canada. Contact us to buy, sell or rent your property.\",\"publisher\":{\"@id\":\"https:\\\/\\\/realtyincanada.com\\\/#organization\"},\"potentialAction\":[{\"@type\":\"SearchAction\",\"target\":{\"@type\":\"EntryPoint\",\"urlTemplate\":\"https:\\\/\\\/realtyincanada.com\\\/?s={search_term_string}\"},\"query-input\":{\"@type\":\"PropertyValueSpecification\",\"valueRequired\":true,\"valueName\":\"search_term_string\"}}],\"inLanguage\":\"fr-FR\"},{\"@type\":\"Organization\",\"@id\":\"https:\\\/\\\/realtyincanada.com\\\/#organization\",\"name\":\"Realty In Canada\",\"url\":\"https:\\\/\\\/realtyincanada.com\\\/\",\"logo\":{\"@type\":\"ImageObject\",\"inLanguage\":\"fr-FR\",\"@id\":\"https:\\\/\\\/realtyincanada.com\\\/#\\\/schema\\\/logo\\\/image\\\/\",\"url\":\"https:\\\/\\\/realtyincanada.com\\\/\\\/wp-content\\\/uploads\\\/2019\\\/08\\\/emdadul_hoque_final_footer_nopadding.png\",\"contentUrl\":\"https:\\\/\\\/realtyincanada.com\\\/\\\/wp-content\\\/uploads\\\/2019\\\/08\\\/emdadul_hoque_final_footer_nopadding.png\",\"width\":1490,\"height\":660,\"caption\":\"Realty In Canada\"},\"image\":{\"@id\":\"https:\\\/\\\/realtyincanada.com\\\/#\\\/schema\\\/logo\\\/image\\\/\"}}]}<\/script>\n<!-- \/ Yoast SEO plugin. -->","yoast_head_json":{"title":"Gestion Immobili\u00e8re et Services - Realty in Canada","robots":{"index":"index","follow":"follow","max-snippet":"max-snippet:-1","max-image-preview":"max-image-preview:large","max-video-preview":"max-video-preview:-1"},"canonical":"https:\/\/realtyincanada.com\/services\/property-management\/","og_locale":"fr_FR","og_type":"article","og_title":"Gestion Immobili\u00e8re et Services - Realty in Canada","og_description":"NOUS PRENONS TOUJOURS SOIN DE VOTRE DOMICILE Nous avons une \u00e9quipe de location sp\u00e9cialis\u00e9e et d\u00e9di\u00e9e. Notre \u00e9quipe fournit des \u00e9valuations de gestion gratuites pour la location de propri\u00e9t\u00e9s r\u00e9sidentielles, commerciales et industrielles. Notre r\u00f4le cl\u00e9 est de rester proactif et de mettre en \u0153uvre des strat\u00e9gies qui minimisent les [&hellip;]","og_url":"https:\/\/realtyincanada.com\/services\/property-management\/","og_site_name":"Realty in Canada","article_modified_time":"2020-02-13T05:13:54+00:00","og_image":[{"url":"https:\/\/realtyincanada.com\/\/wp-content\/uploads\/2019\/08\/Alexan_Riverdale_New_Jersey.jpg","type":"","width":"","height":""}],"twitter_card":"summary_large_image","twitter_misc":{"Dur\u00e9e de lecture estim\u00e9e":"2 minutes"},"schema":{"@context":"https:\/\/schema.org","@graph":[{"@type":"WebPage","@id":"https:\/\/realtyincanada.com\/services\/property-management\/","url":"https:\/\/realtyincanada.com\/services\/property-management\/","name":"Gestion Immobili\u00e8re et Services - Realty in Canada","isPartOf":{"@id":"https:\/\/realtyincanada.com\/#website"},"primaryImageOfPage":{"@id":"https:\/\/realtyincanada.com\/services\/property-management\/#primaryimage"},"image":{"@id":"https:\/\/realtyincanada.com\/services\/property-management\/#primaryimage"},"thumbnailUrl":"https:\/\/realtyincanada.com\/\/wp-content\/uploads\/2019\/08\/Alexan_Riverdale_New_Jersey.jpg","datePublished":"2019-07-19T22:39:38+00:00","dateModified":"2020-02-13T05:13:54+00:00","breadcrumb":{"@id":"https:\/\/realtyincanada.com\/services\/property-management\/#breadcrumb"},"inLanguage":"fr-FR","potentialAction":[{"@type":"ReadAction","target":["https:\/\/realtyincanada.com\/services\/property-management\/"]}]},{"@type":"ImageObject","inLanguage":"fr-FR","@id":"https:\/\/realtyincanada.com\/services\/property-management\/#primaryimage","url":"https:\/\/realtyincanada.com\/\/wp-content\/uploads\/2019\/08\/Alexan_Riverdale_New_Jersey.jpg","contentUrl":"https:\/\/realtyincanada.com\/\/wp-content\/uploads\/2019\/08\/Alexan_Riverdale_New_Jersey.jpg"},{"@type":"BreadcrumbList","@id":"https:\/\/realtyincanada.com\/services\/property-management\/#breadcrumb","itemListElement":[{"@type":"ListItem","position":1,"name":"Home","item":"https:\/\/realtyincanada.com\/fr\/"},{"@type":"ListItem","position":2,"name":"Services","item":"https:\/\/realtyincanada.com\/fr\/services\/"},{"@type":"ListItem","position":3,"name":"Gestion Immobili\u00e8re et Services"}]},{"@type":"WebSite","@id":"https:\/\/realtyincanada.com\/#website","url":"https:\/\/realtyincanada.com\/","name":"Realty in Canada","description":"Realty in Canada is your right choice for the best property agent in Canada. Contact us to buy, sell or rent your property.","publisher":{"@id":"https:\/\/realtyincanada.com\/#organization"},"potentialAction":[{"@type":"SearchAction","target":{"@type":"EntryPoint","urlTemplate":"https:\/\/realtyincanada.com\/?s={search_term_string}"},"query-input":{"@type":"PropertyValueSpecification","valueRequired":true,"valueName":"search_term_string"}}],"inLanguage":"fr-FR"},{"@type":"Organization","@id":"https:\/\/realtyincanada.com\/#organization","name":"Realty In Canada","url":"https:\/\/realtyincanada.com\/","logo":{"@type":"ImageObject","inLanguage":"fr-FR","@id":"https:\/\/realtyincanada.com\/#\/schema\/logo\/image\/","url":"https:\/\/realtyincanada.com\/\/wp-content\/uploads\/2019\/08\/emdadul_hoque_final_footer_nopadding.png","contentUrl":"https:\/\/realtyincanada.com\/\/wp-content\/uploads\/2019\/08\/emdadul_hoque_final_footer_nopadding.png","width":1490,"height":660,"caption":"Realty In Canada"},"image":{"@id":"https:\/\/realtyincanada.com\/#\/schema\/logo\/image\/"}}]}},"_links":{"self":[{"href":"https:\/\/realtyincanada.com\/fr\/wp-json\/wp\/v2\/pages\/3152","targetHints":{"allow":["GET"]}}],"collection":[{"href":"https:\/\/realtyincanada.com\/fr\/wp-json\/wp\/v2\/pages"}],"about":[{"href":"https:\/\/realtyincanada.com\/fr\/wp-json\/wp\/v2\/types\/page"}],"author":[{"embeddable":true,"href":"https:\/\/realtyincanada.com\/fr\/wp-json\/wp\/v2\/users\/1"}],"replies":[{"embeddable":true,"href":"https:\/\/realtyincanada.com\/fr\/wp-json\/wp\/v2\/comments?post=3152"}],"version-history":[{"count":14,"href":"https:\/\/realtyincanada.com\/fr\/wp-json\/wp\/v2\/pages\/3152\/revisions"}],"predecessor-version":[{"id":4915,"href":"https:\/\/realtyincanada.com\/fr\/wp-json\/wp\/v2\/pages\/3152\/revisions\/4915"}],"up":[{"embeddable":true,"href":"https:\/\/realtyincanada.com\/fr\/wp-json\/wp\/v2\/pages\/1344"}],"wp:attachment":[{"href":"https:\/\/realtyincanada.com\/fr\/wp-json\/wp\/v2\/media?parent=3152"}],"curies":[{"name":"wp","href":"https:\/\/api.w.org\/{rel}","templated":true}]}}