{"id":3185,"date":"2019-05-09T19:41:27","date_gmt":"2019-05-09T19:41:27","guid":{"rendered":"https:\/\/realtyincanada.com\/services\/new-construction\/"},"modified":"2019-09-02T21:41:14","modified_gmt":"2019-09-03T01:41:14","slug":"new-construction","status":"publish","type":"page","link":"https:\/\/realtyincanada.com\/fr\/services\/new-construction\/","title":{"rendered":"Nouvellement Constructuite"},"content":{"rendered":"\n<h4 class=\"black wp-block-heading\"><strong>NOUS SOMMES EXPERTS DES MAISONS NOUVELLEMENT CONSTRUCTUITES<\/strong><\/h4>\n\n\n\n<ul class=\"wp-block-gallery columns-2 is-cropped wp-block-gallery-1 is-layout-flex wp-block-gallery-is-layout-flex\"><li class=\"blocks-gallery-item\"><figure><img fetchpriority=\"high\" decoding=\"async\" width=\"1024\" height=\"768\" src=\"https:\/\/realtyincanada.com\/\/wp-content\/uploads\/2019\/08\/photo_2019-08-26_21-04-59-2-1024x768.jpg\" alt=\"\" data-id=\"4018\" class=\"wp-image-4018\" srcset=\"https:\/\/realtyincanada.com\/wp-content\/uploads\/2019\/08\/photo_2019-08-26_21-04-59-2-1024x768.jpg 1024w, https:\/\/realtyincanada.com\/wp-content\/uploads\/2019\/08\/photo_2019-08-26_21-04-59-2-300x225.jpg 300w, https:\/\/realtyincanada.com\/wp-content\/uploads\/2019\/08\/photo_2019-08-26_21-04-59-2-768x576.jpg 768w, https:\/\/realtyincanada.com\/wp-content\/uploads\/2019\/08\/photo_2019-08-26_21-04-59-2.jpg 1280w\" sizes=\"(max-width: 1024px) 100vw, 1024px\" \/><\/figure><\/li><li class=\"blocks-gallery-item\"><figure><img decoding=\"async\" width=\"1024\" height=\"768\" src=\"https:\/\/realtyincanada.com\/\/wp-content\/uploads\/2019\/09\/liviing-room-photo-1024x768.jpg\" alt=\"\" data-id=\"4210\" data-link=\"https:\/\/realtyincanada.com\/\/services\/new-construction\/liviing-room-photo\/\" class=\"wp-image-4210\" srcset=\"https:\/\/realtyincanada.com\/wp-content\/uploads\/2019\/09\/liviing-room-photo.jpg 1024w, https:\/\/realtyincanada.com\/wp-content\/uploads\/2019\/09\/liviing-room-photo-300x225.jpg 300w, https:\/\/realtyincanada.com\/wp-content\/uploads\/2019\/09\/liviing-room-photo-768x576.jpg 768w\" sizes=\"(max-width: 1024px) 100vw, 1024px\" \/><\/figure><\/li><\/ul>\n\n\n\n<p><strong>Avantages de l&rsquo;achat d&rsquo;une nouvelle maison<\/strong><\/p>\n\n\n\n<p> L\u2019achat d\u2019une maison nouvellement construite comporte de nombreux avantages.<\/p>\n\n\n\n<p>Avec la plupart des maisons neuves, vous avez la possibilit\u00e9 de choisir vos armoires, vos comptoirs, vos appareils m\u00e9nagers, vos tapis et vos rev\u00eatements de sol id\u00e9aux. Vous pouvez \u00e9galement choisir parmi une vari\u00e9t\u00e9 de robinetterie, d\u2019\u00e9clairage et d\u2019autres options que vous aimez. Votre nouvelle maison refl\u00e9tera votre style d\u00e8s le jour de votre d\u00e9m\u00e9nagement.<\/p>\n\n\n\n<p><strong>Nous sommes consacr\u00e9s \u00e0 aider les acheteurs \u00e0 trouver leur nouvelle maison parfaite.<\/strong><\/p>\n\n\n\n<p>Pourquoi nous choisir? Nous avons d\u00e9velopp\u00e9 des relations solides avec tous les types de constructeurs de la grande r\u00e9gion de Montr\u00e9al et des r\u00e9gions environnantes. Ainsi, nous avons une connaissance pratique des maisons que chaque constructeur propose dans les diff\u00e9rentes communaut\u00e9s et nous avons mis sur pied une entreprise mise \u00e0 jour avec les nouveaux emplacements, produits et disponibilit\u00e9s. Cela devient un atout pour vous aider \u00e0 prendre des d\u00e9cisions \u00e9clair\u00e9es en ce qui concerne votre achat de maison neuve.<\/p>\n\n\n\n<div class=\"wp-block-media-text alignwide\"><figure class=\"wp-block-media-text__media\"><img decoding=\"async\" width=\"628\" height=\"420\" src=\"https:\/\/realtyincanada.com\/\/wp-content\/uploads\/2019\/09\/image-3.png\" alt=\"\" class=\"wp-image-4199\" srcset=\"https:\/\/realtyincanada.com\/wp-content\/uploads\/2019\/09\/image-3.png 628w, https:\/\/realtyincanada.com\/wp-content\/uploads\/2019\/09\/image-3-300x201.png 300w\" sizes=\"(max-width: 628px) 100vw, 628px\" \/><\/figure><div class=\"wp-block-media-text__content\">\n<p> Laissez-nous \u00eatre votre premier point de contact. Nous \u00e9valuerons quel (s) constructeur (s) et quel (s) emplacement (s) conviendront \u00e0 vos besoins et \u00e0 votre style de vie, et nous identifierons le quartier et la maison qui vous conviennent le mieux. \u00c0 partir de l\u00e0, nous organiserons des visites du quartier afin que vous puissiez visiter les maisons qui r\u00e9pondent \u00e0 vos crit\u00e8res.  <\/p>\n<\/div><\/div>\n\n\n\n<p><strong>POURQUOI UTILISER UN AGENT IMMOBILIER OU UN AGENT POUR UNE MAISON NOUVELLEMENT CONSTRUITE?<\/strong><\/p>\n\n\n\n<p>1. Recevez un service de qualit\u00e9 sans frais suppl\u00e9mentaires.<\/p>\n\n\n\n<p>2. En tant qu&rsquo;agent immobilier \/ agent, nous travaillerons en \u00e9troite collaboration avec le repr\u00e9sentant du constructeur pour vous obtenir le meilleur contrat possible, sans frais suppl\u00e9mentaires pour vous.<\/p>\n\n\n\n<p>3. Votre agent immobilier fournira des conseils objectifs et professionnels tout au long du processus d\u2019achat d\u2019une nouvelle maison, avec vos int\u00e9r\u00eats \u00e0 c\u0153ur.<\/p>\n\n\n\n<p>4.Votre agent immobilier est votre avocat exclusif pour vous guider et vous aider \u00e0 comprendre et \u00e0 n\u00e9gocier votre contrat d&rsquo;achat.<\/p>\n\n\n\n<p>5. Votre agent immobilier peut vous aider \u00e0 hi\u00e9rarchiser les options de mise \u00e0 niveau pour votre maison afin d\u2019am\u00e9liorer sa qualit\u00e9 et, en cons\u00e9quence, augmenter sa valeur future.<\/p>\n\n\n\n<p><strong>Choisissez le style de maison qui vous convient<\/strong><\/p>\n\n\n\n<p><strong>LIVRAISON IMM\u00c9DIATE<\/strong><\/p>\n\n\n\n<p>Une maison de livraison imm\u00e9diate peut \u00eatre mis \u00e0 votre disposition dans les 0 \u00e0 60 jours. \u00c0 cette \u00e9tape, le constructeur a probablement termin\u00e9 ou est en train de boucler les derni\u00e8res retouches sur la maison. Ces maisons seront pr\u00eates \u00e0 emm\u00e9nager avec les mises \u00e0 niveau d\u00e9j\u00e0 s\u00e9lectionn\u00e9es et incluses.<\/p>\n\n\n\n<h4 class=\"wp-block-heading\"><strong>Livraison rapide<\/strong><\/h4>\n\n\n\n<p>Une maison de livraison rapide est d\u00e9j\u00e0 bien avanc\u00e9e dans le processus de construction. Selon l\u2019\u00e9tape de construction atteint, vous pourrez possiblement s\u00e9lectionner des couleurs et demander certaines mises \u00e0 niveau ou finitions.<\/p>\n\n\n\n<h4 class=\"wp-block-heading\"><strong>Maison \u00e0 construire<\/strong><\/h4>\n\n\n\n<p>Une maison \u00e0 construire est une maison qui vous permet de choisir un site de maison, de choisir chaque option structurelle et, en fonction du constructeur, de personnaliser toutes vos s\u00e9lections. Vous devez vous attendre \u00e0 un d\u00e9lai d&rsquo;environ 5 \u00e0 6 mois pour l&rsquo;ach\u00e8vement de votre nouvelle maison.<\/p>\n\n\n\n<p><strong>PR\u00c9-CONSTRUCTION<\/strong><\/p>\n\n\n\n<ul class=\"black wp-block-list\"><li> Accueil <\/li><li> Pr\u00e9-construction <\/li><\/ul>\n\n\n\n<p>Ce n\u2019est pas un secret que l\u2019immobilier de construction offre de formidables opportunit\u00e9s d\u2019investissement, m\u00eame s\u2019il n\u2019est pas toujours facile de trouver le bon projet au bon moment. En utilisant mon acc\u00e8s exclusif, vous pouvez \u00eatre inform\u00e9 automatiquement de tous les r\u00e9cents propri\u00e9t\u00e9s de pr\u00e9-construction. Vous pouvez vous inscrire ci-dessous pour recevoir les prix, les plans d&rsquo;\u00e9tage, les invitations exclusives et les expositions priv\u00e9es dans des maisons et des condos de construction exceptionnelles &#8211; <strong>ABSOLUMENT GRATUITEMENT.<\/strong><\/p>\n\n\n\n<p> ? Pour plus d&rsquo;informations, appelez d\u00e8s aujourd&rsquo;hui pour prendre rendez-vous au\u00a0\u260e <strong>514-654-8890<\/strong>\u00a0ou par courriel \u00e0: <a href=\"mailto:info@realtyincanada.com\"><strong>info@realtyincanada.com<\/strong><\/a><\/p>\n","protected":false},"excerpt":{"rendered":"<p>NOUS SOMMES EXPERTS DES MAISONS NOUVELLEMENT CONSTRUCTUITES Avantages de l&rsquo;achat d&rsquo;une nouvelle maison L\u2019achat d\u2019une maison nouvellement construite comporte de nombreux avantages. Avec la plupart des maisons neuves, vous avez la possibilit\u00e9 de choisir vos armoires, vos comptoirs, vos appareils m\u00e9nagers, vos tapis et vos rev\u00eatements de sol id\u00e9aux. Vous [&hellip;]<\/p>\n","protected":false},"author":1,"featured_media":0,"parent":1344,"menu_order":0,"comment_status":"closed","ping_status":"closed","template":"","meta":{"_acf_changed":false,"footnotes":""},"class_list":["post-3185","page","type-page","status-publish","hentry"],"acf":[],"yoast_head":"<!-- This site is optimized with the Yoast SEO plugin v27.4 - https:\/\/yoast.com\/product\/yoast-seo-wordpress\/ -->\n<title>Nouvellement Constructuite - Realty in Canada<\/title>\n<meta name=\"robots\" content=\"index, follow, max-snippet:-1, max-image-preview:large, max-video-preview:-1\" \/>\n<link rel=\"canonical\" href=\"https:\/\/realtyincanada.com\/services\/new-construction\/\" \/>\n<meta property=\"og:locale\" content=\"fr_FR\" \/>\n<meta property=\"og:type\" content=\"article\" \/>\n<meta property=\"og:title\" content=\"Nouvellement Constructuite - Realty in Canada\" \/>\n<meta property=\"og:description\" content=\"NOUS SOMMES EXPERTS DES MAISONS NOUVELLEMENT CONSTRUCTUITES Avantages de l&rsquo;achat d&rsquo;une nouvelle maison L\u2019achat d\u2019une maison nouvellement construite comporte de nombreux avantages. Avec la plupart des maisons neuves, vous avez la possibilit\u00e9 de choisir vos armoires, vos comptoirs, vos appareils m\u00e9nagers, vos tapis et vos rev\u00eatements de sol id\u00e9aux. Vous [&hellip;]\" \/>\n<meta property=\"og:url\" content=\"https:\/\/realtyincanada.com\/services\/new-construction\/\" \/>\n<meta property=\"og:site_name\" content=\"Realty in Canada\" \/>\n<meta property=\"article:modified_time\" content=\"2019-09-03T01:41:14+00:00\" \/>\n<meta property=\"og:image\" content=\"https:\/\/realtyincanada.com\/\/wp-content\/uploads\/2019\/08\/photo_2019-08-26_21-04-59-2-1024x768.jpg\" \/>\n<meta name=\"twitter:card\" content=\"summary_large_image\" \/>\n<meta name=\"twitter:label1\" content=\"Dur\u00e9e de lecture estim\u00e9e\" \/>\n\t<meta name=\"twitter:data1\" content=\"3 minutes\" \/>\n<script type=\"application\/ld+json\" class=\"yoast-schema-graph\">{\"@context\":\"https:\\\/\\\/schema.org\",\"@graph\":[{\"@type\":\"WebPage\",\"@id\":\"https:\\\/\\\/realtyincanada.com\\\/services\\\/new-construction\\\/\",\"url\":\"https:\\\/\\\/realtyincanada.com\\\/services\\\/new-construction\\\/\",\"name\":\"Nouvellement Constructuite - Realty in Canada\",\"isPartOf\":{\"@id\":\"https:\\\/\\\/realtyincanada.com\\\/#website\"},\"primaryImageOfPage\":{\"@id\":\"https:\\\/\\\/realtyincanada.com\\\/services\\\/new-construction\\\/#primaryimage\"},\"image\":{\"@id\":\"https:\\\/\\\/realtyincanada.com\\\/services\\\/new-construction\\\/#primaryimage\"},\"thumbnailUrl\":\"https:\\\/\\\/realtyincanada.com\\\/\\\/wp-content\\\/uploads\\\/2019\\\/08\\\/photo_2019-08-26_21-04-59-2-1024x768.jpg\",\"datePublished\":\"2019-05-09T19:41:27+00:00\",\"dateModified\":\"2019-09-03T01:41:14+00:00\",\"breadcrumb\":{\"@id\":\"https:\\\/\\\/realtyincanada.com\\\/services\\\/new-construction\\\/#breadcrumb\"},\"inLanguage\":\"fr-FR\",\"potentialAction\":[{\"@type\":\"ReadAction\",\"target\":[\"https:\\\/\\\/realtyincanada.com\\\/services\\\/new-construction\\\/\"]}]},{\"@type\":\"ImageObject\",\"inLanguage\":\"fr-FR\",\"@id\":\"https:\\\/\\\/realtyincanada.com\\\/services\\\/new-construction\\\/#primaryimage\",\"url\":\"https:\\\/\\\/realtyincanada.com\\\/\\\/wp-content\\\/uploads\\\/2019\\\/08\\\/photo_2019-08-26_21-04-59-2-1024x768.jpg\",\"contentUrl\":\"https:\\\/\\\/realtyincanada.com\\\/\\\/wp-content\\\/uploads\\\/2019\\\/08\\\/photo_2019-08-26_21-04-59-2-1024x768.jpg\"},{\"@type\":\"BreadcrumbList\",\"@id\":\"https:\\\/\\\/realtyincanada.com\\\/services\\\/new-construction\\\/#breadcrumb\",\"itemListElement\":[{\"@type\":\"ListItem\",\"position\":1,\"name\":\"Home\",\"item\":\"https:\\\/\\\/realtyincanada.com\\\/fr\\\/\"},{\"@type\":\"ListItem\",\"position\":2,\"name\":\"Services\",\"item\":\"https:\\\/\\\/realtyincanada.com\\\/fr\\\/services\\\/\"},{\"@type\":\"ListItem\",\"position\":3,\"name\":\"Nouvellement Constructuite\"}]},{\"@type\":\"WebSite\",\"@id\":\"https:\\\/\\\/realtyincanada.com\\\/#website\",\"url\":\"https:\\\/\\\/realtyincanada.com\\\/\",\"name\":\"Realty in Canada\",\"description\":\"Realty in Canada is your right choice for the best property agent in Canada. Contact us to buy, sell or rent your property.\",\"publisher\":{\"@id\":\"https:\\\/\\\/realtyincanada.com\\\/#organization\"},\"potentialAction\":[{\"@type\":\"SearchAction\",\"target\":{\"@type\":\"EntryPoint\",\"urlTemplate\":\"https:\\\/\\\/realtyincanada.com\\\/?s={search_term_string}\"},\"query-input\":{\"@type\":\"PropertyValueSpecification\",\"valueRequired\":true,\"valueName\":\"search_term_string\"}}],\"inLanguage\":\"fr-FR\"},{\"@type\":\"Organization\",\"@id\":\"https:\\\/\\\/realtyincanada.com\\\/#organization\",\"name\":\"Realty In Canada\",\"url\":\"https:\\\/\\\/realtyincanada.com\\\/\",\"logo\":{\"@type\":\"ImageObject\",\"inLanguage\":\"fr-FR\",\"@id\":\"https:\\\/\\\/realtyincanada.com\\\/#\\\/schema\\\/logo\\\/image\\\/\",\"url\":\"https:\\\/\\\/realtyincanada.com\\\/\\\/wp-content\\\/uploads\\\/2019\\\/08\\\/emdadul_hoque_final_footer_nopadding.png\",\"contentUrl\":\"https:\\\/\\\/realtyincanada.com\\\/\\\/wp-content\\\/uploads\\\/2019\\\/08\\\/emdadul_hoque_final_footer_nopadding.png\",\"width\":1490,\"height\":660,\"caption\":\"Realty In Canada\"},\"image\":{\"@id\":\"https:\\\/\\\/realtyincanada.com\\\/#\\\/schema\\\/logo\\\/image\\\/\"}}]}<\/script>\n<!-- \/ Yoast SEO plugin. -->","yoast_head_json":{"title":"Nouvellement Constructuite - Realty in Canada","robots":{"index":"index","follow":"follow","max-snippet":"max-snippet:-1","max-image-preview":"max-image-preview:large","max-video-preview":"max-video-preview:-1"},"canonical":"https:\/\/realtyincanada.com\/services\/new-construction\/","og_locale":"fr_FR","og_type":"article","og_title":"Nouvellement Constructuite - Realty in Canada","og_description":"NOUS SOMMES EXPERTS DES MAISONS NOUVELLEMENT CONSTRUCTUITES Avantages de l&rsquo;achat d&rsquo;une nouvelle maison L\u2019achat d\u2019une maison nouvellement construite comporte de nombreux avantages. Avec la plupart des maisons neuves, vous avez la possibilit\u00e9 de choisir vos armoires, vos comptoirs, vos appareils m\u00e9nagers, vos tapis et vos rev\u00eatements de sol id\u00e9aux. Vous [&hellip;]","og_url":"https:\/\/realtyincanada.com\/services\/new-construction\/","og_site_name":"Realty in Canada","article_modified_time":"2019-09-03T01:41:14+00:00","og_image":[{"url":"https:\/\/realtyincanada.com\/\/wp-content\/uploads\/2019\/08\/photo_2019-08-26_21-04-59-2-1024x768.jpg","type":"","width":"","height":""}],"twitter_card":"summary_large_image","twitter_misc":{"Dur\u00e9e de lecture estim\u00e9e":"3 minutes"},"schema":{"@context":"https:\/\/schema.org","@graph":[{"@type":"WebPage","@id":"https:\/\/realtyincanada.com\/services\/new-construction\/","url":"https:\/\/realtyincanada.com\/services\/new-construction\/","name":"Nouvellement Constructuite - Realty in Canada","isPartOf":{"@id":"https:\/\/realtyincanada.com\/#website"},"primaryImageOfPage":{"@id":"https:\/\/realtyincanada.com\/services\/new-construction\/#primaryimage"},"image":{"@id":"https:\/\/realtyincanada.com\/services\/new-construction\/#primaryimage"},"thumbnailUrl":"https:\/\/realtyincanada.com\/\/wp-content\/uploads\/2019\/08\/photo_2019-08-26_21-04-59-2-1024x768.jpg","datePublished":"2019-05-09T19:41:27+00:00","dateModified":"2019-09-03T01:41:14+00:00","breadcrumb":{"@id":"https:\/\/realtyincanada.com\/services\/new-construction\/#breadcrumb"},"inLanguage":"fr-FR","potentialAction":[{"@type":"ReadAction","target":["https:\/\/realtyincanada.com\/services\/new-construction\/"]}]},{"@type":"ImageObject","inLanguage":"fr-FR","@id":"https:\/\/realtyincanada.com\/services\/new-construction\/#primaryimage","url":"https:\/\/realtyincanada.com\/\/wp-content\/uploads\/2019\/08\/photo_2019-08-26_21-04-59-2-1024x768.jpg","contentUrl":"https:\/\/realtyincanada.com\/\/wp-content\/uploads\/2019\/08\/photo_2019-08-26_21-04-59-2-1024x768.jpg"},{"@type":"BreadcrumbList","@id":"https:\/\/realtyincanada.com\/services\/new-construction\/#breadcrumb","itemListElement":[{"@type":"ListItem","position":1,"name":"Home","item":"https:\/\/realtyincanada.com\/fr\/"},{"@type":"ListItem","position":2,"name":"Services","item":"https:\/\/realtyincanada.com\/fr\/services\/"},{"@type":"ListItem","position":3,"name":"Nouvellement Constructuite"}]},{"@type":"WebSite","@id":"https:\/\/realtyincanada.com\/#website","url":"https:\/\/realtyincanada.com\/","name":"Realty in Canada","description":"Realty in Canada is your right choice for the best property agent in Canada. Contact us to buy, sell or rent your property.","publisher":{"@id":"https:\/\/realtyincanada.com\/#organization"},"potentialAction":[{"@type":"SearchAction","target":{"@type":"EntryPoint","urlTemplate":"https:\/\/realtyincanada.com\/?s={search_term_string}"},"query-input":{"@type":"PropertyValueSpecification","valueRequired":true,"valueName":"search_term_string"}}],"inLanguage":"fr-FR"},{"@type":"Organization","@id":"https:\/\/realtyincanada.com\/#organization","name":"Realty In Canada","url":"https:\/\/realtyincanada.com\/","logo":{"@type":"ImageObject","inLanguage":"fr-FR","@id":"https:\/\/realtyincanada.com\/#\/schema\/logo\/image\/","url":"https:\/\/realtyincanada.com\/\/wp-content\/uploads\/2019\/08\/emdadul_hoque_final_footer_nopadding.png","contentUrl":"https:\/\/realtyincanada.com\/\/wp-content\/uploads\/2019\/08\/emdadul_hoque_final_footer_nopadding.png","width":1490,"height":660,"caption":"Realty In Canada"},"image":{"@id":"https:\/\/realtyincanada.com\/#\/schema\/logo\/image\/"}}]}},"_links":{"self":[{"href":"https:\/\/realtyincanada.com\/fr\/wp-json\/wp\/v2\/pages\/3185","targetHints":{"allow":["GET"]}}],"collection":[{"href":"https:\/\/realtyincanada.com\/fr\/wp-json\/wp\/v2\/pages"}],"about":[{"href":"https:\/\/realtyincanada.com\/fr\/wp-json\/wp\/v2\/types\/page"}],"author":[{"embeddable":true,"href":"https:\/\/realtyincanada.com\/fr\/wp-json\/wp\/v2\/users\/1"}],"replies":[{"embeddable":true,"href":"https:\/\/realtyincanada.com\/fr\/wp-json\/wp\/v2\/comments?post=3185"}],"version-history":[{"count":23,"href":"https:\/\/realtyincanada.com\/fr\/wp-json\/wp\/v2\/pages\/3185\/revisions"}],"predecessor-version":[{"id":4242,"href":"https:\/\/realtyincanada.com\/fr\/wp-json\/wp\/v2\/pages\/3185\/revisions\/4242"}],"up":[{"embeddable":true,"href":"https:\/\/realtyincanada.com\/fr\/wp-json\/wp\/v2\/pages\/1344"}],"wp:attachment":[{"href":"https:\/\/realtyincanada.com\/fr\/wp-json\/wp\/v2\/media?parent=3185"}],"curies":[{"name":"wp","href":"https:\/\/api.w.org\/{rel}","templated":true}]}}