{"id":3188,"date":"2019-05-20T18:54:14","date_gmt":"2019-05-20T18:54:14","guid":{"rendered":"https:\/\/realtyincanada.com\/international-seller\/"},"modified":"2021-10-09T23:03:18","modified_gmt":"2021-10-10T03:03:18","slug":"international-seller","status":"publish","type":"page","link":"https:\/\/realtyincanada.com\/fr\/services\/international-seller\/","title":{"rendered":"Vente de maison \u00e0 l&rsquo;\u00e9tranger"},"content":{"rendered":"\n<p><strong>Vendre le bien en tant qu&rsquo;\u00e9tranger ou non-r\u00e9sident<\/strong><\/p>\n\n\n\n<p> Au moment de vendre votre maison, nous pourrions repr\u00e9senter le propri\u00e9taire \u00e9tranger en tant qu\u2019agent immobilier \/ agent du vendeur. Ce site Web sert de plate-forme pour pr\u00e9senter efficacement votre propri\u00e9t\u00e9 au reste du march\u00e9 immobilier. Gr\u00e2ce \u00e0 notre expertise en mati\u00e8re de technologie, de marketing et de m\u00e9dias sociaux, nous visons \u00e0 accro\u00eetre la visibilit\u00e9 de votre maison en ligne pour la vendre le plus rapidement possible. <\/p>\n\n\n\n<p><strong>Si vous envisagez de vendre une maison, un condo ou un autre bien immobilier dans la r\u00e9gion de Montr\u00e9al, nous commercialiserons la propri\u00e9t\u00e9 par le biais des moyens suivants :<\/strong><\/p>\n\n\n\n<p>1.\u00a0D\u00e9terminez la propri\u00e9t\u00e9 au bon prix en fonction du march\u00e9 et du march\u00e9 immobilier global, de l&rsquo;offre et de la demande, et des autres propri\u00e9t\u00e9s similaires vendues dans le m\u00eame \u00e9tat.<\/p>\n\n\n\n<p> 2.\u00a0Commercialiser la propri\u00e9t\u00e9 par le biais de multiples voies destin\u00e9s aux acheteurs nationaux et internationaux <\/p>\n\n\n\n<p>3.\u00a0L\u2019exposition en ligne en utilisant la popularit\u00e9 de notre plate-forme multim\u00e9dia<\/p>\n\n\n\n<p><strong>Marketing  Strategy:<\/strong><\/p>\n\n\n\n<ol class=\"wp-block-list\"><li> Visites en personne de la propri\u00e9t\u00e9 avec des acheteurs potentiels \/ leurs agents Pr\u00e9sentation convaincante des avantages de la propri\u00e9t\u00e9<\/li><li>Photographie professionnelle<\/li><li>Plan d\u2019\u00e9tages professionnel<\/li><li>Marketing Google<\/li><li>Marketing de sites Web (Sites web multiples, Syst\u00e8me de courtier, Trulia, Zillow)<\/li><li>Marketing sur les r\u00e9seaux sociaux (Facebook, Twitter)<\/li><li>Portes ouvertes pour les courtiers<\/li><li>Portes ouvertes le dimanche pour les acheteurs<\/li><li>Entrevue avec les m\u00e9dias sur la propri\u00e9t\u00e9 (si l&rsquo;occasion le permet)<\/li><li>\u00c9v\u00e9nements d&rsquo;exposition des courtiers \/ acheteurs potentiels sur la propri\u00e9t\u00e9 (si l&rsquo;occasion le permet)<\/li><\/ol>\n\n\n\n<p>4.&nbsp;Minist\u00e8re&nbsp;du&nbsp;Revenu&nbsp;du&nbsp;Qu\u00e9bec (MRQ), Qu\u00e9bec dit la source <strong>TP-1097<\/strong> pour les propri\u00e9taires qui souhaitent diff\u00e9rer le paiement de leurs imp\u00f4ts en les \u00e9changeant contre un immeuble de placement de m\u00eame nature. C&rsquo;est une strat\u00e9gie efficace pour construire un portfolio.<\/p>\n\n\n\n<p>5.\u00a0Le vendeur paierait des frais de courtier pour commercialiser la propri\u00e9t\u00e9. Ces frais, g\u00e9n\u00e9ralement de 4 \u00e0 5% du prix, plus les taxes locales (TPS \/ TVH), seraient r\u00e9partis entre les courtiers des deux c\u00f4t\u00e9s. Malgr\u00e9 les frais provenant du vendeur, le courtier de l\u2019acheteur repr\u00e9sente l\u2019int\u00e9r\u00eat de l\u2019acheteur; le courtier du vendeur repr\u00e9sente l\u2019int\u00e9r\u00eat du vendeur. Les autres co\u00fbts pour le vendeur repr\u00e9sentent 0.20% (ou notaire \/ avocat vous informera du montant) suppl\u00e9mentaire du prix, en raison des frais de transfert de propri\u00e9t\u00e9 (que le vendeur paie). Vous pouvez afficher le total de ces frais et d\u00e9penses lors de l&rsquo;ex\u00e9cution de votre imp\u00f4t sur le revenu personnel.<\/p>\n\n\n\n<p><strong>Agence du revenu du Canada (CRA) IC75-6R2 ou T2062 Retenue obligatoire sur les montants vers\u00e9s \u00e0 des non-r\u00e9sidents fournissant des services au Canada.<\/strong><\/p>\n\n\n\n<p>7)<strong>\u00a0<\/strong>Pour les vendeurs qui sont des \u00e9trangers, il existe une retenue d\u2019imp\u00f4t appel\u00e9e <strong>IC75-6R2<\/strong> (Loi sur la fiscalit\u00e9 de l&rsquo;investissement \u00e9tranger dans l&rsquo;immobilier) qui est \u00e9gale \u00e0 25% du prix de vente. Ceci est remboursable et permet au gouvernement canadien de s&rsquo;assurer qu&rsquo;un propri\u00e9taire \u00e9tranger est \u00e0 jour des taxes qui lui \u00e9taient dues. Si le propri\u00e9taire \u00e9tranger a d\u00e9clar\u00e9 des imp\u00f4ts chaque ann\u00e9e, l&rsquo;avocat peut \u00e9galement demander une exemption <strong>IC75-6R2.<\/strong><\/p>\n\n\n\n<p>Pour en savoir plus, contactez-nous!<\/p>\n\n\n<p>Vous pouvez trouver et atteindre sur: <strong><span style=\"color: #339966;\">WhatsApp,<\/span> &nbsp;<span style=\"color: #000080;\">imo,<\/span> &nbsp;<span style=\"color: #339966;\">WeChat,<\/span> <span style=\"color: #000080;\">Viber,<\/span> <span style=\"color: #00ccff;\">Messenger<\/span><\/strong><\/p>\n<p><!-- \/wp:post-content --> <!-- wp:paragraph --><\/p>\n<p><strong>Emdadul Hoque, Courtier Immobilier<\/strong><\/p>\n<p><!-- \/wp:paragraph --> <!-- wp:paragraph --><\/p>\n<p><strong>\u260e +1 514 654 8890<\/strong><\/p>\n<p><!-- \/wp:paragraph --> <!-- wp:image {\"id\":4470,\"width\":262,\"height\":50} --><\/p>\n<figure class=\"wp-block-image is-resized\"><img decoding=\"async\" class=\"wp-image-4470\" src=\"https:\/\/realtyincanada.com\/\/wp-content\/uploads\/2019\/09\/WhatsApp-WeChat-Viber-imo-Messenger-300x57.jpg\" alt=\"\" width=\"262\" height=\"50\" srcset=\"https:\/\/realtyincanada.com\/wp-content\/uploads\/2019\/09\/WhatsApp-WeChat-Viber-imo-Messenger-300x57.jpg 300w, https:\/\/realtyincanada.com\/wp-content\/uploads\/2019\/09\/WhatsApp-WeChat-Viber-imo-Messenger-768x147.jpg 768w, https:\/\/realtyincanada.com\/wp-content\/uploads\/2019\/09\/WhatsApp-WeChat-Viber-imo-Messenger.jpg 873w\" sizes=\"(max-width: 262px) 100vw, 262px\" \/><\/figure>\n<p>Appelez d\u00e8s aujourd&rsquo;hui au \u260e <strong>+ 1<\/strong> <strong>514-654-8890<\/strong> pour envoyez un courriel \u00e0: <a href=\"mailto:info@realtyincanada.com\"><strong>info@realtyincanada.com<\/strong><\/a> pour tous vos besoins immobiliers!<\/p>","protected":false},"excerpt":{"rendered":"<p>Vendre le bien en tant qu&rsquo;\u00e9tranger ou non-r\u00e9sident Au moment de vendre votre maison, nous pourrions repr\u00e9senter le propri\u00e9taire \u00e9tranger en tant qu\u2019agent immobilier \/ agent du vendeur. Ce site Web sert de plate-forme pour pr\u00e9senter efficacement votre propri\u00e9t\u00e9 au reste du march\u00e9 immobilier. Gr\u00e2ce \u00e0 notre expertise en mati\u00e8re [&hellip;]<\/p>\n","protected":false},"author":4,"featured_media":0,"parent":1344,"menu_order":0,"comment_status":"closed","ping_status":"closed","template":"","meta":{"_acf_changed":false,"footnotes":""},"class_list":["post-3188","page","type-page","status-publish","hentry"],"acf":[],"yoast_head":"<!-- This site is optimized with the Yoast SEO plugin v27.4 - https:\/\/yoast.com\/product\/yoast-seo-wordpress\/ -->\n<title>Vente de maison \u00e0 l&#039;\u00e9tranger - Realty in Canada<\/title>\n<meta name=\"robots\" content=\"index, follow, max-snippet:-1, max-image-preview:large, max-video-preview:-1\" \/>\n<link rel=\"canonical\" href=\"https:\/\/realtyincanada.com\/services\/international-seller\/\" \/>\n<meta property=\"og:locale\" content=\"fr_FR\" \/>\n<meta property=\"og:type\" content=\"article\" \/>\n<meta property=\"og:title\" content=\"Vente de maison \u00e0 l&#039;\u00e9tranger - Realty in Canada\" \/>\n<meta property=\"og:description\" content=\"Vendre le bien en tant qu&rsquo;\u00e9tranger ou non-r\u00e9sident Au moment de vendre votre maison, nous pourrions repr\u00e9senter le propri\u00e9taire \u00e9tranger en tant qu\u2019agent immobilier \/ agent du vendeur. Ce site Web sert de plate-forme pour pr\u00e9senter efficacement votre propri\u00e9t\u00e9 au reste du march\u00e9 immobilier. Gr\u00e2ce \u00e0 notre expertise en mati\u00e8re [&hellip;]\" \/>\n<meta property=\"og:url\" content=\"https:\/\/realtyincanada.com\/services\/international-seller\/\" \/>\n<meta property=\"og:site_name\" content=\"Realty in Canada\" \/>\n<meta property=\"article:modified_time\" content=\"2021-10-10T03:03:18+00:00\" \/>\n<meta property=\"og:image\" content=\"https:\/\/realtyincanada.com\/\/wp-content\/uploads\/2019\/09\/WhatsApp-WeChat-Viber-imo-Messenger-300x57.jpg\" \/>\n<meta name=\"twitter:card\" content=\"summary_large_image\" \/>\n<meta name=\"twitter:label1\" content=\"Dur\u00e9e de lecture estim\u00e9e\" \/>\n\t<meta name=\"twitter:data1\" content=\"3 minutes\" \/>\n<script type=\"application\/ld+json\" class=\"yoast-schema-graph\">{\"@context\":\"https:\\\/\\\/schema.org\",\"@graph\":[{\"@type\":\"WebPage\",\"@id\":\"https:\\\/\\\/realtyincanada.com\\\/services\\\/international-seller\\\/\",\"url\":\"https:\\\/\\\/realtyincanada.com\\\/services\\\/international-seller\\\/\",\"name\":\"Vente de maison \u00e0 l'\u00e9tranger - Realty in Canada\",\"isPartOf\":{\"@id\":\"https:\\\/\\\/realtyincanada.com\\\/#website\"},\"primaryImageOfPage\":{\"@id\":\"https:\\\/\\\/realtyincanada.com\\\/services\\\/international-seller\\\/#primaryimage\"},\"image\":{\"@id\":\"https:\\\/\\\/realtyincanada.com\\\/services\\\/international-seller\\\/#primaryimage\"},\"thumbnailUrl\":\"https:\\\/\\\/realtyincanada.com\\\/\\\/wp-content\\\/uploads\\\/2019\\\/09\\\/WhatsApp-WeChat-Viber-imo-Messenger-300x57.jpg\",\"datePublished\":\"2019-05-20T18:54:14+00:00\",\"dateModified\":\"2021-10-10T03:03:18+00:00\",\"breadcrumb\":{\"@id\":\"https:\\\/\\\/realtyincanada.com\\\/services\\\/international-seller\\\/#breadcrumb\"},\"inLanguage\":\"fr-FR\",\"potentialAction\":[{\"@type\":\"ReadAction\",\"target\":[\"https:\\\/\\\/realtyincanada.com\\\/services\\\/international-seller\\\/\"]}]},{\"@type\":\"ImageObject\",\"inLanguage\":\"fr-FR\",\"@id\":\"https:\\\/\\\/realtyincanada.com\\\/services\\\/international-seller\\\/#primaryimage\",\"url\":\"https:\\\/\\\/realtyincanada.com\\\/\\\/wp-content\\\/uploads\\\/2019\\\/09\\\/WhatsApp-WeChat-Viber-imo-Messenger-300x57.jpg\",\"contentUrl\":\"https:\\\/\\\/realtyincanada.com\\\/\\\/wp-content\\\/uploads\\\/2019\\\/09\\\/WhatsApp-WeChat-Viber-imo-Messenger-300x57.jpg\"},{\"@type\":\"BreadcrumbList\",\"@id\":\"https:\\\/\\\/realtyincanada.com\\\/services\\\/international-seller\\\/#breadcrumb\",\"itemListElement\":[{\"@type\":\"ListItem\",\"position\":1,\"name\":\"Home\",\"item\":\"https:\\\/\\\/realtyincanada.com\\\/fr\\\/\"},{\"@type\":\"ListItem\",\"position\":2,\"name\":\"Services\",\"item\":\"https:\\\/\\\/realtyincanada.com\\\/fr\\\/services\\\/\"},{\"@type\":\"ListItem\",\"position\":3,\"name\":\"Vente de maison \u00e0 l&#8217;\u00e9tranger\"}]},{\"@type\":\"WebSite\",\"@id\":\"https:\\\/\\\/realtyincanada.com\\\/#website\",\"url\":\"https:\\\/\\\/realtyincanada.com\\\/\",\"name\":\"Realty in Canada\",\"description\":\"Realty in Canada is your right choice for the best property agent in Canada. Contact us to buy, sell or rent your property.\",\"publisher\":{\"@id\":\"https:\\\/\\\/realtyincanada.com\\\/#organization\"},\"potentialAction\":[{\"@type\":\"SearchAction\",\"target\":{\"@type\":\"EntryPoint\",\"urlTemplate\":\"https:\\\/\\\/realtyincanada.com\\\/?s={search_term_string}\"},\"query-input\":{\"@type\":\"PropertyValueSpecification\",\"valueRequired\":true,\"valueName\":\"search_term_string\"}}],\"inLanguage\":\"fr-FR\"},{\"@type\":\"Organization\",\"@id\":\"https:\\\/\\\/realtyincanada.com\\\/#organization\",\"name\":\"Realty In Canada\",\"url\":\"https:\\\/\\\/realtyincanada.com\\\/\",\"logo\":{\"@type\":\"ImageObject\",\"inLanguage\":\"fr-FR\",\"@id\":\"https:\\\/\\\/realtyincanada.com\\\/#\\\/schema\\\/logo\\\/image\\\/\",\"url\":\"https:\\\/\\\/realtyincanada.com\\\/\\\/wp-content\\\/uploads\\\/2019\\\/08\\\/emdadul_hoque_final_footer_nopadding.png\",\"contentUrl\":\"https:\\\/\\\/realtyincanada.com\\\/\\\/wp-content\\\/uploads\\\/2019\\\/08\\\/emdadul_hoque_final_footer_nopadding.png\",\"width\":1490,\"height\":660,\"caption\":\"Realty In Canada\"},\"image\":{\"@id\":\"https:\\\/\\\/realtyincanada.com\\\/#\\\/schema\\\/logo\\\/image\\\/\"}}]}<\/script>\n<!-- \/ Yoast SEO plugin. -->","yoast_head_json":{"title":"Vente de maison \u00e0 l'\u00e9tranger - Realty in Canada","robots":{"index":"index","follow":"follow","max-snippet":"max-snippet:-1","max-image-preview":"max-image-preview:large","max-video-preview":"max-video-preview:-1"},"canonical":"https:\/\/realtyincanada.com\/services\/international-seller\/","og_locale":"fr_FR","og_type":"article","og_title":"Vente de maison \u00e0 l'\u00e9tranger - Realty in Canada","og_description":"Vendre le bien en tant qu&rsquo;\u00e9tranger ou non-r\u00e9sident Au moment de vendre votre maison, nous pourrions repr\u00e9senter le propri\u00e9taire \u00e9tranger en tant qu\u2019agent immobilier \/ agent du vendeur. Ce site Web sert de plate-forme pour pr\u00e9senter efficacement votre propri\u00e9t\u00e9 au reste du march\u00e9 immobilier. Gr\u00e2ce \u00e0 notre expertise en mati\u00e8re [&hellip;]","og_url":"https:\/\/realtyincanada.com\/services\/international-seller\/","og_site_name":"Realty in Canada","article_modified_time":"2021-10-10T03:03:18+00:00","og_image":[{"url":"https:\/\/realtyincanada.com\/\/wp-content\/uploads\/2019\/09\/WhatsApp-WeChat-Viber-imo-Messenger-300x57.jpg","type":"","width":"","height":""}],"twitter_card":"summary_large_image","twitter_misc":{"Dur\u00e9e de lecture estim\u00e9e":"3 minutes"},"schema":{"@context":"https:\/\/schema.org","@graph":[{"@type":"WebPage","@id":"https:\/\/realtyincanada.com\/services\/international-seller\/","url":"https:\/\/realtyincanada.com\/services\/international-seller\/","name":"Vente de maison \u00e0 l'\u00e9tranger - Realty in Canada","isPartOf":{"@id":"https:\/\/realtyincanada.com\/#website"},"primaryImageOfPage":{"@id":"https:\/\/realtyincanada.com\/services\/international-seller\/#primaryimage"},"image":{"@id":"https:\/\/realtyincanada.com\/services\/international-seller\/#primaryimage"},"thumbnailUrl":"https:\/\/realtyincanada.com\/\/wp-content\/uploads\/2019\/09\/WhatsApp-WeChat-Viber-imo-Messenger-300x57.jpg","datePublished":"2019-05-20T18:54:14+00:00","dateModified":"2021-10-10T03:03:18+00:00","breadcrumb":{"@id":"https:\/\/realtyincanada.com\/services\/international-seller\/#breadcrumb"},"inLanguage":"fr-FR","potentialAction":[{"@type":"ReadAction","target":["https:\/\/realtyincanada.com\/services\/international-seller\/"]}]},{"@type":"ImageObject","inLanguage":"fr-FR","@id":"https:\/\/realtyincanada.com\/services\/international-seller\/#primaryimage","url":"https:\/\/realtyincanada.com\/\/wp-content\/uploads\/2019\/09\/WhatsApp-WeChat-Viber-imo-Messenger-300x57.jpg","contentUrl":"https:\/\/realtyincanada.com\/\/wp-content\/uploads\/2019\/09\/WhatsApp-WeChat-Viber-imo-Messenger-300x57.jpg"},{"@type":"BreadcrumbList","@id":"https:\/\/realtyincanada.com\/services\/international-seller\/#breadcrumb","itemListElement":[{"@type":"ListItem","position":1,"name":"Home","item":"https:\/\/realtyincanada.com\/fr\/"},{"@type":"ListItem","position":2,"name":"Services","item":"https:\/\/realtyincanada.com\/fr\/services\/"},{"@type":"ListItem","position":3,"name":"Vente de maison \u00e0 l&#8217;\u00e9tranger"}]},{"@type":"WebSite","@id":"https:\/\/realtyincanada.com\/#website","url":"https:\/\/realtyincanada.com\/","name":"Realty in Canada","description":"Realty in Canada is your right choice for the best property agent in Canada. Contact us to buy, sell or rent your property.","publisher":{"@id":"https:\/\/realtyincanada.com\/#organization"},"potentialAction":[{"@type":"SearchAction","target":{"@type":"EntryPoint","urlTemplate":"https:\/\/realtyincanada.com\/?s={search_term_string}"},"query-input":{"@type":"PropertyValueSpecification","valueRequired":true,"valueName":"search_term_string"}}],"inLanguage":"fr-FR"},{"@type":"Organization","@id":"https:\/\/realtyincanada.com\/#organization","name":"Realty In Canada","url":"https:\/\/realtyincanada.com\/","logo":{"@type":"ImageObject","inLanguage":"fr-FR","@id":"https:\/\/realtyincanada.com\/#\/schema\/logo\/image\/","url":"https:\/\/realtyincanada.com\/\/wp-content\/uploads\/2019\/08\/emdadul_hoque_final_footer_nopadding.png","contentUrl":"https:\/\/realtyincanada.com\/\/wp-content\/uploads\/2019\/08\/emdadul_hoque_final_footer_nopadding.png","width":1490,"height":660,"caption":"Realty In Canada"},"image":{"@id":"https:\/\/realtyincanada.com\/#\/schema\/logo\/image\/"}}]}},"_links":{"self":[{"href":"https:\/\/realtyincanada.com\/fr\/wp-json\/wp\/v2\/pages\/3188","targetHints":{"allow":["GET"]}}],"collection":[{"href":"https:\/\/realtyincanada.com\/fr\/wp-json\/wp\/v2\/pages"}],"about":[{"href":"https:\/\/realtyincanada.com\/fr\/wp-json\/wp\/v2\/types\/page"}],"author":[{"embeddable":true,"href":"https:\/\/realtyincanada.com\/fr\/wp-json\/wp\/v2\/users\/4"}],"replies":[{"embeddable":true,"href":"https:\/\/realtyincanada.com\/fr\/wp-json\/wp\/v2\/comments?post=3188"}],"version-history":[{"count":35,"href":"https:\/\/realtyincanada.com\/fr\/wp-json\/wp\/v2\/pages\/3188\/revisions"}],"predecessor-version":[{"id":5355,"href":"https:\/\/realtyincanada.com\/fr\/wp-json\/wp\/v2\/pages\/3188\/revisions\/5355"}],"up":[{"embeddable":true,"href":"https:\/\/realtyincanada.com\/fr\/wp-json\/wp\/v2\/pages\/1344"}],"wp:attachment":[{"href":"https:\/\/realtyincanada.com\/fr\/wp-json\/wp\/v2\/media?parent=3188"}],"curies":[{"name":"wp","href":"https:\/\/api.w.org\/{rel}","templated":true}]}}