{"id":3545,"date":"2019-08-14T18:51:13","date_gmt":"2019-08-14T18:51:13","guid":{"rendered":"https:\/\/realtyincanada.com\/latest-news\/"},"modified":"2022-08-07T12:09:17","modified_gmt":"2022-08-07T16:09:17","slug":"latest-news","status":"publish","type":"page","link":"https:\/\/realtyincanada.com\/fr\/latest-news\/","title":{"rendered":"Derni\u00e8res Nouvelles"},"content":{"rendered":"\r\n<p><strong>Emplois au Canada pour les \u00e9trangers<\/strong><\/p>\r\n<p><img fetchpriority=\"high\" decoding=\"async\" class=\"alignnone wp-image-5943 \" src=\"https:\/\/realtyincanada.com\/\/wp-content\/uploads\/2022\/08\/Find-Jobs-Canada-2-1024x370.jpg\" alt=\"\" width=\"676\" height=\"244\" srcset=\"https:\/\/realtyincanada.com\/wp-content\/uploads\/2022\/08\/Find-Jobs-Canada-2-1024x370.jpg 1024w, https:\/\/realtyincanada.com\/wp-content\/uploads\/2022\/08\/Find-Jobs-Canada-2-300x108.jpg 300w, https:\/\/realtyincanada.com\/wp-content\/uploads\/2022\/08\/Find-Jobs-Canada-2-768x278.jpg 768w, https:\/\/realtyincanada.com\/wp-content\/uploads\/2022\/08\/Find-Jobs-Canada-2.jpg 1320w\" sizes=\"(max-width: 676px) 100vw, 676px\" \/><\/p>\r\n<p>Le Canada pr\u00e9voit d&rsquo;accueillir plus de 400 000 nouveaux arrivants en 2022-23 pour pimenter le syst\u00e8me \u00e9conomique canadien. Le ministre de l&rsquo;Immigration du Canada, Marco Mendicino, estime que les immigrants occupent des emplois essentiels en demande et que quelques nouveaux arrivants artistiques et r\u00e9volutionnaires cr\u00e9ent m\u00eame des emplois en cr\u00e9ant des entreprises au sein du pays. Vous obtiendrez plus de nouvelles sur <a href=\"https:\/\/www.cicnews.com\/category\/work\">https:\/\/www.cicnews.com\/category\/work<\/a><\/p>\r\n<p>Le gouvernement canadien et les entreprises du secteur priv\u00e9 font face \u00e0 la p\u00e9nurie de main-d&rsquo;\u0153uvre qualifi\u00e9e et non qualifi\u00e9e pour soutenir les secteurs agricole, manufacturier, m\u00e9dical et de la sant\u00e9. Pour combler l&rsquo;\u00e9cart de l&rsquo;offre et de la demande sur le march\u00e9 du travail, le Canada embauche un grand nombre d&#8217;employ\u00e9s \u00e9trangers d\u00e9butants \u00e0 professionnels. La ligne de travail couvre maintenant la derni\u00e8re liste d&#8217;emplois. Ceux-ci se trouvent dans des entreprises de fabrication telles que directeur de production, membre de l&rsquo;\u00e9quipe de fabrication, ouvrier de production, op\u00e9rateur de machine, associ\u00e9s d&rsquo;assurance qualit\u00e9, et bien d&rsquo;autres.\u00a0<\/p>\r\n<p><strong>Montr\u00e9al 2020 &#8211; Temp\u00e9ratures froides &#8211; March\u00e9 immobilier chaud<\/strong><\/p>\r\n\r\n\r\n\r\n<figure class=\"wp-block-image is-resized\"><img decoding=\"async\" class=\"wp-image-3535\" src=\"https:\/\/realtyincanada.com\/\/wp-content\/uploads\/2019\/08\/image-8.png\" alt=\"\" width=\"639\" height=\"245\" srcset=\"https:\/\/realtyincanada.com\/wp-content\/uploads\/2019\/08\/image-8.png 523w, https:\/\/realtyincanada.com\/wp-content\/uploads\/2019\/08\/image-8-300x115.png 300w\" sizes=\"(max-width: 639px) 100vw, 639px\" \/><\/figure>\r\n\r\n\r\n\r\n<p>Il fait vraiment froid dehors, mais les prix de l&rsquo;immobilier \u00e0 Montr\u00e9al sont de plus en plus \u00e9lev\u00e9s.<\/p>\r\n\r\n\r\n\r\n<p><strong>Old Port<\/strong><\/p>\r\n\r\n\r\n\r\n<figure class=\"wp-block-image is-resized\"><img decoding=\"async\" class=\"wp-image-3641\" src=\"https:\/\/realtyincanada.com\/\/wp-content\/uploads\/2019\/08\/image-10.png\" alt=\"\" width=\"653\" height=\"436\" srcset=\"https:\/\/realtyincanada.com\/wp-content\/uploads\/2019\/08\/image-10.png 670w, https:\/\/realtyincanada.com\/wp-content\/uploads\/2019\/08\/image-10-300x201.png 300w\" sizes=\"(max-width: 653px) 100vw, 653px\" \/><\/figure>\r\n\r\n\r\n\r\n<figure class=\"wp-block-image is-resized\"><img loading=\"lazy\" decoding=\"async\" class=\"wp-image-3540\" src=\"https:\/\/realtyincanada.com\/\/wp-content\/uploads\/2019\/08\/image-9.png\" alt=\"\" width=\"651\" height=\"249\" srcset=\"https:\/\/realtyincanada.com\/wp-content\/uploads\/2019\/08\/image-9.png 624w, https:\/\/realtyincanada.com\/wp-content\/uploads\/2019\/08\/image-9-300x115.png 300w\" sizes=\"(max-width: 651px) 100vw, 651px\" \/>\r\n\r\n<\/figure>\r\n\r\n\r\n\r\n<p>Beaucoup de Montr\u00e9alais oublient que l&rsquo;une des parties les plus embl\u00e9matiques de la ville est en fait un territoire f\u00e9d\u00e9ral<\/p>\r\n\r\n\r\n\r\n<p><strong>Derni\u00e8res vid\u00e9os<\/strong><\/p>\r\n<p><iframe title=\"Montreal&#039;s Future Mega Projects(2018-2030): Beautiful Canada&#039;s Futuristic City\" width=\"640\" height=\"360\" src=\"https:\/\/www.youtube.com\/embed\/xQTy48KmHbY?feature=oembed\" frameborder=\"0\" allow=\"accelerometer; autoplay; clipboard-write; encrypted-media; gyroscope; picture-in-picture; web-share\" referrerpolicy=\"strict-origin-when-cross-origin\" allowfullscreen><\/iframe><\/p>\r\n\r\n\r\n\r\n<p>Les futurs m\u00e9gaprojets de Montr\u00e9al (2018-2030)\u00a0: la belle ville futuriste du Canada<\/p>\r\n\r\n\r\n\r\n<p><strong>S\u00e9minaire immobilier \u00e0 Montr\u00e9al 2018<\/strong><\/p>\r\n<p><iframe title=\"Real estate seminar in Montreal 2018\" width=\"640\" height=\"360\" src=\"https:\/\/www.youtube.com\/embed\/nGkdPZRCwwg?feature=oembed\" frameborder=\"0\" allow=\"accelerometer; autoplay; clipboard-write; encrypted-media; gyroscope; picture-in-picture; web-share\" referrerpolicy=\"strict-origin-when-cross-origin\" allowfullscreen><\/iframe><\/p>\r\n\r\n\r\n\r\n<p>Nous avons eu un s\u00e9minaire sur l&rsquo;immobilier \u00e0 Montr\u00e9al en 2018 seulement pour les courtiers immobiliers. C&rsquo;\u00e9tait un super et cool !<\/p>\r\n","protected":false},"excerpt":{"rendered":"<p>Emplois au Canada pour les \u00e9trangers Le Canada pr\u00e9voit d&rsquo;accueillir plus de 400 000 nouveaux arrivants en 2022-23 pour pimenter le syst\u00e8me \u00e9conomique canadien. Le ministre de l&rsquo;Immigration du Canada, Marco Mendicino, estime que les immigrants occupent des emplois essentiels en demande et que quelques nouveaux arrivants artistiques et r\u00e9volutionnaires [&hellip;]<\/p>\n","protected":false},"author":4,"featured_media":0,"parent":0,"menu_order":0,"comment_status":"closed","ping_status":"closed","template":"","meta":{"_acf_changed":false,"footnotes":""},"class_list":["post-3545","page","type-page","status-publish","hentry"],"acf":[],"yoast_head":"<!-- This site is optimized with the Yoast SEO plugin v27.4 - https:\/\/yoast.com\/product\/yoast-seo-wordpress\/ -->\n<title>Derni\u00e8res Nouvelles - Realty in Canada<\/title>\n<meta name=\"robots\" content=\"index, follow, max-snippet:-1, max-image-preview:large, max-video-preview:-1\" \/>\n<link rel=\"canonical\" href=\"https:\/\/realtyincanada.com\/latest-news\/\" \/>\n<meta property=\"og:locale\" content=\"fr_FR\" \/>\n<meta property=\"og:type\" content=\"article\" \/>\n<meta property=\"og:title\" content=\"Derni\u00e8res Nouvelles - Realty in Canada\" \/>\n<meta property=\"og:description\" content=\"Emplois au Canada pour les \u00e9trangers Le Canada pr\u00e9voit d&rsquo;accueillir plus de 400 000 nouveaux arrivants en 2022-23 pour pimenter le syst\u00e8me \u00e9conomique canadien. Le ministre de l&rsquo;Immigration du Canada, Marco Mendicino, estime que les immigrants occupent des emplois essentiels en demande et que quelques nouveaux arrivants artistiques et r\u00e9volutionnaires [&hellip;]\" \/>\n<meta property=\"og:url\" content=\"https:\/\/realtyincanada.com\/latest-news\/\" \/>\n<meta property=\"og:site_name\" content=\"Realty in Canada\" \/>\n<meta property=\"article:modified_time\" content=\"2022-08-07T16:09:17+00:00\" \/>\n<meta property=\"og:image\" content=\"https:\/\/realtyincanada.com\/\/wp-content\/uploads\/2022\/08\/Find-Jobs-Canada-2-1024x370.jpg\" \/>\n<meta name=\"twitter:card\" content=\"summary_large_image\" \/>\n<meta name=\"twitter:label1\" content=\"Dur\u00e9e de lecture estim\u00e9e\" \/>\n\t<meta name=\"twitter:data1\" content=\"2 minutes\" \/>\n<script type=\"application\/ld+json\" class=\"yoast-schema-graph\">{\"@context\":\"https:\\\/\\\/schema.org\",\"@graph\":[{\"@type\":\"WebPage\",\"@id\":\"https:\\\/\\\/realtyincanada.com\\\/latest-news\\\/\",\"url\":\"https:\\\/\\\/realtyincanada.com\\\/latest-news\\\/\",\"name\":\"Derni\u00e8res Nouvelles - Realty in Canada\",\"isPartOf\":{\"@id\":\"https:\\\/\\\/realtyincanada.com\\\/#website\"},\"primaryImageOfPage\":{\"@id\":\"https:\\\/\\\/realtyincanada.com\\\/latest-news\\\/#primaryimage\"},\"image\":{\"@id\":\"https:\\\/\\\/realtyincanada.com\\\/latest-news\\\/#primaryimage\"},\"thumbnailUrl\":\"https:\\\/\\\/realtyincanada.com\\\/\\\/wp-content\\\/uploads\\\/2022\\\/08\\\/Find-Jobs-Canada-2-1024x370.jpg\",\"datePublished\":\"2019-08-14T18:51:13+00:00\",\"dateModified\":\"2022-08-07T16:09:17+00:00\",\"breadcrumb\":{\"@id\":\"https:\\\/\\\/realtyincanada.com\\\/latest-news\\\/#breadcrumb\"},\"inLanguage\":\"fr-FR\",\"potentialAction\":[{\"@type\":\"ReadAction\",\"target\":[\"https:\\\/\\\/realtyincanada.com\\\/latest-news\\\/\"]}]},{\"@type\":\"ImageObject\",\"inLanguage\":\"fr-FR\",\"@id\":\"https:\\\/\\\/realtyincanada.com\\\/latest-news\\\/#primaryimage\",\"url\":\"https:\\\/\\\/realtyincanada.com\\\/\\\/wp-content\\\/uploads\\\/2022\\\/08\\\/Find-Jobs-Canada-2-1024x370.jpg\",\"contentUrl\":\"https:\\\/\\\/realtyincanada.com\\\/\\\/wp-content\\\/uploads\\\/2022\\\/08\\\/Find-Jobs-Canada-2-1024x370.jpg\"},{\"@type\":\"BreadcrumbList\",\"@id\":\"https:\\\/\\\/realtyincanada.com\\\/latest-news\\\/#breadcrumb\",\"itemListElement\":[{\"@type\":\"ListItem\",\"position\":1,\"name\":\"Home\",\"item\":\"https:\\\/\\\/realtyincanada.com\\\/fr\\\/\"},{\"@type\":\"ListItem\",\"position\":2,\"name\":\"Derni\u00e8res Nouvelles\"}]},{\"@type\":\"WebSite\",\"@id\":\"https:\\\/\\\/realtyincanada.com\\\/#website\",\"url\":\"https:\\\/\\\/realtyincanada.com\\\/\",\"name\":\"Realty in Canada\",\"description\":\"Realty in Canada is your right choice for the best property agent in Canada. Contact us to buy, sell or rent your property.\",\"publisher\":{\"@id\":\"https:\\\/\\\/realtyincanada.com\\\/#organization\"},\"potentialAction\":[{\"@type\":\"SearchAction\",\"target\":{\"@type\":\"EntryPoint\",\"urlTemplate\":\"https:\\\/\\\/realtyincanada.com\\\/?s={search_term_string}\"},\"query-input\":{\"@type\":\"PropertyValueSpecification\",\"valueRequired\":true,\"valueName\":\"search_term_string\"}}],\"inLanguage\":\"fr-FR\"},{\"@type\":\"Organization\",\"@id\":\"https:\\\/\\\/realtyincanada.com\\\/#organization\",\"name\":\"Realty In Canada\",\"url\":\"https:\\\/\\\/realtyincanada.com\\\/\",\"logo\":{\"@type\":\"ImageObject\",\"inLanguage\":\"fr-FR\",\"@id\":\"https:\\\/\\\/realtyincanada.com\\\/#\\\/schema\\\/logo\\\/image\\\/\",\"url\":\"https:\\\/\\\/realtyincanada.com\\\/\\\/wp-content\\\/uploads\\\/2019\\\/08\\\/emdadul_hoque_final_footer_nopadding.png\",\"contentUrl\":\"https:\\\/\\\/realtyincanada.com\\\/\\\/wp-content\\\/uploads\\\/2019\\\/08\\\/emdadul_hoque_final_footer_nopadding.png\",\"width\":1490,\"height\":660,\"caption\":\"Realty In Canada\"},\"image\":{\"@id\":\"https:\\\/\\\/realtyincanada.com\\\/#\\\/schema\\\/logo\\\/image\\\/\"}}]}<\/script>\n<!-- \/ Yoast SEO plugin. -->","yoast_head_json":{"title":"Derni\u00e8res Nouvelles - Realty in Canada","robots":{"index":"index","follow":"follow","max-snippet":"max-snippet:-1","max-image-preview":"max-image-preview:large","max-video-preview":"max-video-preview:-1"},"canonical":"https:\/\/realtyincanada.com\/latest-news\/","og_locale":"fr_FR","og_type":"article","og_title":"Derni\u00e8res Nouvelles - Realty in Canada","og_description":"Emplois au Canada pour les \u00e9trangers Le Canada pr\u00e9voit d&rsquo;accueillir plus de 400 000 nouveaux arrivants en 2022-23 pour pimenter le syst\u00e8me \u00e9conomique canadien. Le ministre de l&rsquo;Immigration du Canada, Marco Mendicino, estime que les immigrants occupent des emplois essentiels en demande et que quelques nouveaux arrivants artistiques et r\u00e9volutionnaires [&hellip;]","og_url":"https:\/\/realtyincanada.com\/latest-news\/","og_site_name":"Realty in Canada","article_modified_time":"2022-08-07T16:09:17+00:00","og_image":[{"url":"https:\/\/realtyincanada.com\/\/wp-content\/uploads\/2022\/08\/Find-Jobs-Canada-2-1024x370.jpg","type":"","width":"","height":""}],"twitter_card":"summary_large_image","twitter_misc":{"Dur\u00e9e de lecture estim\u00e9e":"2 minutes"},"schema":{"@context":"https:\/\/schema.org","@graph":[{"@type":"WebPage","@id":"https:\/\/realtyincanada.com\/latest-news\/","url":"https:\/\/realtyincanada.com\/latest-news\/","name":"Derni\u00e8res Nouvelles - Realty in Canada","isPartOf":{"@id":"https:\/\/realtyincanada.com\/#website"},"primaryImageOfPage":{"@id":"https:\/\/realtyincanada.com\/latest-news\/#primaryimage"},"image":{"@id":"https:\/\/realtyincanada.com\/latest-news\/#primaryimage"},"thumbnailUrl":"https:\/\/realtyincanada.com\/\/wp-content\/uploads\/2022\/08\/Find-Jobs-Canada-2-1024x370.jpg","datePublished":"2019-08-14T18:51:13+00:00","dateModified":"2022-08-07T16:09:17+00:00","breadcrumb":{"@id":"https:\/\/realtyincanada.com\/latest-news\/#breadcrumb"},"inLanguage":"fr-FR","potentialAction":[{"@type":"ReadAction","target":["https:\/\/realtyincanada.com\/latest-news\/"]}]},{"@type":"ImageObject","inLanguage":"fr-FR","@id":"https:\/\/realtyincanada.com\/latest-news\/#primaryimage","url":"https:\/\/realtyincanada.com\/\/wp-content\/uploads\/2022\/08\/Find-Jobs-Canada-2-1024x370.jpg","contentUrl":"https:\/\/realtyincanada.com\/\/wp-content\/uploads\/2022\/08\/Find-Jobs-Canada-2-1024x370.jpg"},{"@type":"BreadcrumbList","@id":"https:\/\/realtyincanada.com\/latest-news\/#breadcrumb","itemListElement":[{"@type":"ListItem","position":1,"name":"Home","item":"https:\/\/realtyincanada.com\/fr\/"},{"@type":"ListItem","position":2,"name":"Derni\u00e8res Nouvelles"}]},{"@type":"WebSite","@id":"https:\/\/realtyincanada.com\/#website","url":"https:\/\/realtyincanada.com\/","name":"Realty in Canada","description":"Realty in Canada is your right choice for the best property agent in Canada. Contact us to buy, sell or rent your property.","publisher":{"@id":"https:\/\/realtyincanada.com\/#organization"},"potentialAction":[{"@type":"SearchAction","target":{"@type":"EntryPoint","urlTemplate":"https:\/\/realtyincanada.com\/?s={search_term_string}"},"query-input":{"@type":"PropertyValueSpecification","valueRequired":true,"valueName":"search_term_string"}}],"inLanguage":"fr-FR"},{"@type":"Organization","@id":"https:\/\/realtyincanada.com\/#organization","name":"Realty In Canada","url":"https:\/\/realtyincanada.com\/","logo":{"@type":"ImageObject","inLanguage":"fr-FR","@id":"https:\/\/realtyincanada.com\/#\/schema\/logo\/image\/","url":"https:\/\/realtyincanada.com\/\/wp-content\/uploads\/2019\/08\/emdadul_hoque_final_footer_nopadding.png","contentUrl":"https:\/\/realtyincanada.com\/\/wp-content\/uploads\/2019\/08\/emdadul_hoque_final_footer_nopadding.png","width":1490,"height":660,"caption":"Realty In Canada"},"image":{"@id":"https:\/\/realtyincanada.com\/#\/schema\/logo\/image\/"}}]}},"_links":{"self":[{"href":"https:\/\/realtyincanada.com\/fr\/wp-json\/wp\/v2\/pages\/3545","targetHints":{"allow":["GET"]}}],"collection":[{"href":"https:\/\/realtyincanada.com\/fr\/wp-json\/wp\/v2\/pages"}],"about":[{"href":"https:\/\/realtyincanada.com\/fr\/wp-json\/wp\/v2\/types\/page"}],"author":[{"embeddable":true,"href":"https:\/\/realtyincanada.com\/fr\/wp-json\/wp\/v2\/users\/4"}],"replies":[{"embeddable":true,"href":"https:\/\/realtyincanada.com\/fr\/wp-json\/wp\/v2\/comments?post=3545"}],"version-history":[{"count":30,"href":"https:\/\/realtyincanada.com\/fr\/wp-json\/wp\/v2\/pages\/3545\/revisions"}],"predecessor-version":[{"id":5949,"href":"https:\/\/realtyincanada.com\/fr\/wp-json\/wp\/v2\/pages\/3545\/revisions\/5949"}],"wp:attachment":[{"href":"https:\/\/realtyincanada.com\/fr\/wp-json\/wp\/v2\/media?parent=3545"}],"curies":[{"name":"wp","href":"https:\/\/api.w.org\/{rel}","templated":true}]}}