{"id":4046,"date":"2019-08-29T23:04:45","date_gmt":"2019-08-29T23:04:45","guid":{"rendered":"https:\/\/realtyincanada.com\/?page_id=4046"},"modified":"2021-10-27T22:48:13","modified_gmt":"2021-10-28T02:48:13","slug":"magasin-de-detail","status":"publish","type":"page","link":"https:\/\/realtyincanada.com\/fr\/magasin-de-detail\/","title":{"rendered":"Magasin de d\u00e9tail"},"content":{"rendered":"\n<h4 class=\"wp-block-heading\"><strong>Magasin de&nbsp;d\u00e9tail ou espace aux d\u00e9taillants<\/strong><\/h4>\n\n\n\n<figure class=\"wp-block-gallery columns-2 is-cropped wp-block-gallery-1 is-layout-flex wp-block-gallery-is-layout-flex\"><ul class=\"blocks-gallery-grid\"><li class=\"blocks-gallery-item\"><figure><img fetchpriority=\"high\" decoding=\"async\" width=\"653\" height=\"401\" src=\"https:\/\/realtyincanada.com\/\/wp-content\/uploads\/2019\/08\/image-22.png\" alt=\"\" data-id=\"4038\" class=\"wp-image-4038\" srcset=\"https:\/\/realtyincanada.com\/wp-content\/uploads\/2019\/08\/image-22.png 653w, https:\/\/realtyincanada.com\/wp-content\/uploads\/2019\/08\/image-22-300x184.png 300w\" sizes=\"(max-width: 653px) 100vw, 653px\" \/><\/figure><\/li><li class=\"blocks-gallery-item\"><figure><img decoding=\"async\" width=\"791\" height=\"502\" src=\"https:\/\/realtyincanada.com\/\/wp-content\/uploads\/2019\/08\/retail-store1.jpg\" alt=\"\" data-id=\"4040\" data-link=\"https:\/\/realtyincanada.com\/\/4031-2\/retail-store1\/\" class=\"wp-image-4040\" srcset=\"https:\/\/realtyincanada.com\/wp-content\/uploads\/2019\/08\/retail-store1.jpg 791w, https:\/\/realtyincanada.com\/wp-content\/uploads\/2019\/08\/retail-store1-300x190.jpg 300w, https:\/\/realtyincanada.com\/wp-content\/uploads\/2019\/08\/retail-store1-768x487.jpg 768w\" sizes=\"(max-width: 791px) 100vw, 791px\" \/><\/figure><\/li><\/ul><\/figure>\n\n\n\n<p>Vous recherchez un espace ou une  propri\u00e9t\u00e9 pour pour la commerce de d\u00e9tail ou voulez-vous louer pour votre espace dans la r\u00e9gion de Montr\u00e9al? Nous trouverons un espace abordable pour vous. Nous offrons des services d&rsquo;immobiliers commerciaux dans la grande r\u00e9gion de Montr\u00e9al et les r\u00e9gions environnantes et nous avons aid\u00e9 les propri\u00e9taires et les investisseurs dans tous les aspects de leurs besoins immobiliers.<br><\/p>\n\n\n\n<div class=\"wp-block-media-text alignwide\"><figure class=\"wp-block-media-text__media\"><img decoding=\"async\" width=\"800\" height=\"592\" src=\"https:\/\/realtyincanada.com\/\/wp-content\/uploads\/2019\/09\/cgVqlTB.gif\" alt=\"\" class=\"wp-image-4158\"\/><\/figure><div class=\"wp-block-media-text__content\">\n<p><strong>Comment calculer votre prix de location ?<\/strong> <\/p>\n\n\n\n<p>La r\u00e8gle g\u00e9n\u00e9rale est que le loyer mensuel devrait \u00eatre d&rsquo;environ 1 % de la valeur d&rsquo;une propri\u00e9t\u00e9. Bien que, c&rsquo;est tout \u00e0 fait \u00e9lev\u00e9 et quelque part dans la gamme de moins de 0,5 \u00e0 0,8 pour cent devrait vous donner un chiffre plus pr\u00e9cis. Ceci n&rsquo;est qu&rsquo;un exemple, supposons que votre bien de location vaut 300 000 $. Multipliez 300 000 $ par 1 % et vous obtenez 3000 $. N&rsquo;oubliez pas qu&rsquo;il s&rsquo;agit d&rsquo;un chiffre agressif et qu&rsquo;une fourchette plus r\u00e9aliste est de 0,5 \u00e0 0,8 %, selon l&rsquo;endroit. Les commodit\u00e9s ont \u00e9galement une incidence sur l&rsquo;endroit o\u00f9 votre location se situe dans la fourchette des prix de location. Cette formule est utilis\u00e9e pour les locations \u00e0 long terme.<\/p>\n<\/div><\/div>\n\n\n\n<div class=\"wp-block-media-text alignwide\"><figure class=\"wp-block-media-text__media\"><img loading=\"lazy\" decoding=\"async\" width=\"570\" height=\"385\" src=\"https:\/\/realtyincanada.com\/\/wp-content\/uploads\/2019\/09\/image-1.png\" alt=\"\" class=\"wp-image-4155\" srcset=\"https:\/\/realtyincanada.com\/wp-content\/uploads\/2019\/09\/image-1.png 570w, https:\/\/realtyincanada.com\/wp-content\/uploads\/2019\/09\/image-1-300x203.png 300w\" sizes=\"(max-width: 570px) 100vw, 570px\" \/><\/figure><div class=\"wp-block-media-text__content\">\n<p><strong>Vous avez toujours besoin de savoir comment n\u00e9gocier un bail commercial pour votre espace de vente au d\u00e9tail ou votre magasin.<\/strong> <\/p>\n\n\n\n<p>Il vaut mieux qu&rsquo;un agent ou un avocat n\u00e9gocie pour vous et v\u00e9rifie la superficie en pieds carr\u00e9s vous-m\u00eame. Les baux commerciaux de vente au d\u00e9tail sont diff\u00e9rents des baux d&rsquo;habitation. Tout d\u00e9pendant du type de bail que vous acceptez, votre situation locative peut varier du paiement d&rsquo;un loyer de base moins \u00e9lev\u00e9, mais vous pouvez \u00eatre responsable des co\u00fbts comme les services publics, l&rsquo;entretien et les taxes, au paiement d&rsquo;une prime pour que le propri\u00e9taire s&rsquo;occupe de toutes ses responsabilit\u00e9s financi\u00e8res.  Vous pouvez n\u00e9gocier \u00e0 plus d&rsquo;un endroit en m\u00eame temps.<\/p>\n<\/div><\/div>\n\n\n\n<p>Il est toujours pr\u00e9f\u00e9rable de travailler avec un agent immobilier industriel ou commercial local pour faciliter le processus. Nous pouvons vous aider \u00e0 gagner du temps en vous aidant \u00e0 comprendre et \u00e0 d\u00e9chiffrer les formalit\u00e9s administratives li\u00e9es \u00e0 des transactions comme l&rsquo;achat d&rsquo;une nouvelle propri\u00e9t\u00e9. Avec un agent immobilier industriel ou commercial, vous obtenez un partenaire d&rsquo;affaires dont l&rsquo;objectif principal est de vous aider \u00e0 trouver le bon espace pour vous et votre entreprise, au meilleur prix possible.<\/p>\n\n\n\n<p><strong>Si vous avez des questions,<\/strong> veuillez compl\u00e9ter les informations suivantes et nous vous contacterons sous peu. <\/p>\n\n\n\n\n<div class=\"wpcf7 no-js\" id=\"wpcf7-f3041-o1\" lang=\"en-US\" dir=\"ltr\" data-wpcf7-id=\"3041\">\n<div class=\"screen-reader-response\"><p role=\"status\" aria-live=\"polite\" aria-atomic=\"true\"><\/p> <ul><\/ul><\/div>\n<form action=\"\/fr\/wp-json\/wp\/v2\/pages\/4046#wpcf7-f3041-o1\" method=\"post\" class=\"wpcf7-form init\" aria-label=\"Contact form\" novalidate=\"novalidate\" data-status=\"init\">\n<fieldset class=\"hidden-fields-container\"><input type=\"hidden\" name=\"_wpcf7\" value=\"3041\" \/><input type=\"hidden\" name=\"_wpcf7_version\" value=\"6.1.5\" \/><input type=\"hidden\" name=\"_wpcf7_locale\" value=\"en_US\" \/><input type=\"hidden\" name=\"_wpcf7_unit_tag\" value=\"wpcf7-f3041-o1\" \/><input type=\"hidden\" name=\"_wpcf7_container_post\" value=\"0\" \/><input type=\"hidden\" name=\"_wpcf7_posted_data_hash\" value=\"\" \/><input type=\"hidden\" name=\"_wpcf7_recaptcha_response\" value=\"\" \/>\n<\/fieldset>\n<div class=\"row evalutaion-form-cf7\">\n\t<div class=\"col-md-6 col-xs-12\">\n\t\t<h3 class=\"form-section-title\">Informations G\u00e9n\u00e9rales\n\t\t<\/h3>\n\t\t<p><span class=\"wpcf7-form-control-wrap\" data-name=\"nom\"><input size=\"40\" maxlength=\"400\" class=\"wpcf7-form-control wpcf7-text wpcf7-validates-as-required\" aria-required=\"true\" aria-invalid=\"false\" placeholder=\"Nom\" value=\"\" type=\"text\" name=\"nom\" \/><\/span><br \/>\n<span class=\"wpcf7-form-control-wrap\" data-name=\"company\"><input size=\"40\" maxlength=\"400\" class=\"wpcf7-form-control wpcf7-text\" aria-invalid=\"false\" placeholder=\"Nom de compagnie\" value=\"\" type=\"text\" name=\"company\" \/><\/span><br \/>\n<span class=\"wpcf7-form-control-wrap\" data-name=\"email\"><input size=\"40\" maxlength=\"400\" class=\"wpcf7-form-control wpcf7-email wpcf7-validates-as-required wpcf7-text wpcf7-validates-as-email\" aria-required=\"true\" aria-invalid=\"false\" placeholder=\"Courriel\" value=\"\" type=\"email\" name=\"email\" \/><\/span><br \/>\n<span class=\"wpcf7-form-control-wrap\" data-name=\"phone\"><input size=\"40\" maxlength=\"400\" class=\"wpcf7-form-control wpcf7-tel wpcf7-validates-as-required wpcf7-text wpcf7-validates-as-tel\" aria-required=\"true\" aria-invalid=\"false\" placeholder=\"T\u00e9l\u00e9phone\" value=\"\" type=\"tel\" name=\"phone\" \/><\/span><br \/>\n<span class=\"wpcf7-form-control-wrap\" data-name=\"address\"><input size=\"40\" maxlength=\"400\" class=\"wpcf7-form-control wpcf7-text wpcf7-validates-as-required\" aria-required=\"true\" aria-invalid=\"false\" placeholder=\"Adresse\" value=\"\" type=\"text\" name=\"address\" \/><\/span><br \/>\n<span class=\"wpcf7-form-control-wrap\" data-name=\"city\"><input size=\"40\" maxlength=\"400\" class=\"wpcf7-form-control wpcf7-text wpcf7-validates-as-required\" aria-required=\"true\" aria-invalid=\"false\" placeholder=\"Ville\" value=\"\" type=\"text\" name=\"city\" \/><\/span><br \/>\n<span class=\"wpcf7-form-control-wrap\" data-name=\"postal\"><input size=\"40\" maxlength=\"400\" class=\"wpcf7-form-control wpcf7-text wpcf7-validates-as-required\" aria-required=\"true\" aria-invalid=\"false\" placeholder=\"Code Postal\" value=\"\" type=\"text\" name=\"postal\" \/><\/span><br \/>\n<label for=\"property-type-desktop\"><\/label>\n\t\t<\/p>\n\t<\/div>\n\t<div class=\"col-md-6 col-xs-12\">\n\t<hr class=\"hidden-md-up\" \/>\n\t\t<h3 class=\"form-section-title\">D\u00e9tails De La Propri\u00e9t\u00e9\n\t\t<\/h3>\n\t\t<p><span class=\"wpcf7-form-control-wrap\" data-name=\"property-type-desktop\"><select class=\"wpcf7-form-control wpcf7-select wpcf7-validates-as-required\" aria-required=\"true\" aria-invalid=\"false\" name=\"property-type-desktop\"><option value=\"\">Type de la propri\u00e9t\u00e9<\/option><option value=\"Appartement\">Appartement<\/option><option value=\"B\u00e2timent et vente d\u2019entreprise\">B\u00e2timent et vente d\u2019entreprise<\/option><option value=\"Bungalow\">Bungalow<\/option><option value=\"Chalet\">Chalet<\/option><option value=\"B\u00e2timent commercial et terrain\">B\u00e2timent commercial et terrain<\/option><option value=\"B\u00e2timent commercial \/ bureau\">B\u00e2timent commercial \/ bureau<\/option><option value=\"Espace de location commercial \/ bureau\">Espace de location commercial \/ bureau<\/option><option value=\"Garderie\">Garderie<\/option><option value=\"Duplex\">Duplex<\/option><option value=\"Ferme\">Ferme<\/option><option value=\"Ferme de loisirs\">Ferme de loisirs<\/option><option value=\"B\u00e2timent industriel\">B\u00e2timent industriel<\/option><option value=\"B\u00e2timent industriel et terrain\">B\u00e2timent industriel et terrain<\/option><option value=\"Condo Industriel\">Condo Industriel<\/option><option value=\"Location d\u2019espaces industriels\">Location d\u2019espaces industriels<\/option><option value=\"Loft \/ Studio\">Loft \/ Studio<\/option><option value=\"Maison mobile\">Maison mobile<\/option><option value=\"Maison d\u2019un \u00e9tage et demi\">Maison d\u2019un \u00e9tage et demi<\/option><option value=\"Quadruplex\">Quadruplex<\/option><option value=\"Quintuplex\">Quintuplex<\/option><option value=\"\u00c0 deux niveaux\">\u00c0 deux niveaux<\/option><option value=\"Triplex\">Triplex<\/option><option value=\"Maison \u00e0 \u00e9tages\">Maison \u00e0 \u00e9tages<\/option><option value=\"Terrain vacant\">Terrain vacant<\/option><option value=\"Terre \u00e0 Bois\">Terre \u00e0 Bois<\/option><\/select><\/span><br \/>\n<span class=\"wpcf7-form-control-wrap\" data-name=\"bedrooms\"><input class=\"wpcf7-form-control wpcf7-number wpcf7-validates-as-required wpcf7-validates-as-number\" min=\"1\" max=\"25\" aria-required=\"true\" aria-invalid=\"false\" placeholder=\"Chambres\" value=\"\" type=\"number\" name=\"bedrooms\" \/><\/span><br \/>\n<span class=\"wpcf7-form-control-wrap\" data-name=\"bathrooms\"><input class=\"wpcf7-form-control wpcf7-number wpcf7-validates-as-required wpcf7-validates-as-number\" min=\"1\" max=\"25\" aria-required=\"true\" aria-invalid=\"false\" placeholder=\"Salles de bains\" value=\"\" type=\"number\" name=\"bathrooms\" \/><\/span><br \/>\n<span class=\"wpcf7-form-control-wrap\" data-name=\"size\"><input class=\"wpcf7-form-control wpcf7-number wpcf7-validates-as-required wpcf7-validates-as-number\" min=\"100\" max=\"10000\" aria-required=\"true\" aria-invalid=\"false\" placeholder=\"Taille (pi ca)\" value=\"\" type=\"number\" name=\"size\" \/><\/span><br \/>\n<span class=\"wpcf7-form-control-wrap\" data-name=\"features\"><textarea cols=\"40\" rows=\"10\" maxlength=\"2000\" class=\"wpcf7-form-control wpcf7-textarea wpcf7-validates-as-required\" aria-required=\"true\" aria-invalid=\"false\" placeholder=\"Caract\u00e9ristiques \/ Commentaires\" name=\"features\"><\/textarea><\/span>\n\t\t<\/p>\n\t<\/div>\n\t<div class=\"col-xs-12\">\n\t\t<p><button type=\"submit\" style=\"margin: -32px auto; width: 140px;\" class=\"cta-blog\">Envoyer<\/button>\n\t\t<\/p>\n\t<\/div>\n<\/div><p style=\"display: none !important;\" class=\"akismet-fields-container\" data-prefix=\"_wpcf7_ak_\"><label>&#916;<textarea name=\"_wpcf7_ak_hp_textarea\" cols=\"45\" rows=\"8\" maxlength=\"100\"><\/textarea><\/label><input type=\"hidden\" id=\"ak_js_1\" name=\"_wpcf7_ak_js\" value=\"185\"\/><script type=\"text\/javascript\">\n\/* <![CDATA[ *\/\ndocument.getElementById( \"ak_js_1\" ).setAttribute( \"value\", ( new Date() ).getTime() );\n\/* ]]> *\/\n<\/script>\n<\/p><div class=\"wpcf7-response-output\" aria-hidden=\"true\"><\/div>\n<\/form>\n<\/div>\n\n\n\n\n<figure class=\"wp-block-image\"><img loading=\"lazy\" decoding=\"async\" width=\"90\" height=\"30\" src=\"https:\/\/realtyincanada.com\/\/wp-content\/uploads\/2019\/09\/Swirl_1_.gif\" alt=\"\" class=\"wp-image-4180\"\/><\/figure>\n\n\n\n<p>? Pour plus d\u2019information, appelez au&nbsp;\u260e <strong>514-654-8890<\/strong>&nbsp; ou envoyez un courriel \u00e0 :&nbsp;<a href=\"mailto:info@realtyincanada.com\"><strong>info@realtyincanada.com<\/strong><\/a>&nbsp; pour vos besoins immobiliers !! <\/p>\n","protected":false},"excerpt":{"rendered":"<p>Magasin de&nbsp;d\u00e9tail ou espace aux d\u00e9taillants Vous recherchez un espace ou une propri\u00e9t\u00e9 pour pour la commerce de d\u00e9tail ou voulez-vous louer pour votre espace dans la r\u00e9gion de Montr\u00e9al? Nous trouverons un espace abordable pour vous. Nous offrons des services d&rsquo;immobiliers commerciaux dans la grande r\u00e9gion de Montr\u00e9al et [&hellip;]<\/p>\n","protected":false},"author":1,"featured_media":0,"parent":0,"menu_order":0,"comment_status":"closed","ping_status":"closed","template":"","meta":{"_acf_changed":false,"footnotes":""},"class_list":["post-4046","page","type-page","status-publish","hentry"],"acf":[],"yoast_head":"<!-- This site is optimized with the Yoast SEO plugin v27.5 - https:\/\/yoast.com\/product\/yoast-seo-wordpress\/ -->\n<title>Magasin de d\u00e9tail - Realty in Canada<\/title>\n<meta name=\"robots\" content=\"index, follow, max-snippet:-1, max-image-preview:large, max-video-preview:-1\" \/>\n<link rel=\"canonical\" href=\"https:\/\/realtyincanada.com\/retail-property\/\" \/>\n<meta property=\"og:locale\" content=\"fr_FR\" \/>\n<meta property=\"og:type\" content=\"article\" \/>\n<meta property=\"og:title\" content=\"Magasin de d\u00e9tail - Realty in Canada\" \/>\n<meta property=\"og:description\" content=\"Magasin de&nbsp;d\u00e9tail ou espace aux d\u00e9taillants Vous recherchez un espace ou une propri\u00e9t\u00e9 pour pour la commerce de d\u00e9tail ou voulez-vous louer pour votre espace dans la r\u00e9gion de Montr\u00e9al? Nous trouverons un espace abordable pour vous. Nous offrons des services d&rsquo;immobiliers commerciaux dans la grande r\u00e9gion de Montr\u00e9al et [&hellip;]\" \/>\n<meta property=\"og:url\" content=\"https:\/\/realtyincanada.com\/retail-property\/\" \/>\n<meta property=\"og:site_name\" content=\"Realty in Canada\" \/>\n<meta property=\"article:modified_time\" content=\"2021-10-28T02:48:13+00:00\" \/>\n<meta property=\"og:image\" content=\"https:\/\/realtyincanada.com\/\/wp-content\/uploads\/2019\/08\/image-22.png\" \/>\n<meta name=\"twitter:card\" content=\"summary_large_image\" \/>\n<meta name=\"twitter:label1\" content=\"Dur\u00e9e de lecture estim\u00e9e\" \/>\n\t<meta name=\"twitter:data1\" content=\"2 minutes\" \/>\n<script type=\"application\/ld+json\" class=\"yoast-schema-graph\">{\"@context\":\"https:\\\/\\\/schema.org\",\"@graph\":[{\"@type\":\"WebPage\",\"@id\":\"https:\\\/\\\/realtyincanada.com\\\/retail-property\\\/\",\"url\":\"https:\\\/\\\/realtyincanada.com\\\/retail-property\\\/\",\"name\":\"Magasin de d\u00e9tail - Realty in Canada\",\"isPartOf\":{\"@id\":\"https:\\\/\\\/realtyincanada.com\\\/#website\"},\"primaryImageOfPage\":{\"@id\":\"https:\\\/\\\/realtyincanada.com\\\/retail-property\\\/#primaryimage\"},\"image\":{\"@id\":\"https:\\\/\\\/realtyincanada.com\\\/retail-property\\\/#primaryimage\"},\"thumbnailUrl\":\"https:\\\/\\\/realtyincanada.com\\\/\\\/wp-content\\\/uploads\\\/2019\\\/08\\\/image-22.png\",\"datePublished\":\"2019-08-29T23:04:45+00:00\",\"dateModified\":\"2021-10-28T02:48:13+00:00\",\"breadcrumb\":{\"@id\":\"https:\\\/\\\/realtyincanada.com\\\/retail-property\\\/#breadcrumb\"},\"inLanguage\":\"fr-FR\",\"potentialAction\":[{\"@type\":\"ReadAction\",\"target\":[\"https:\\\/\\\/realtyincanada.com\\\/retail-property\\\/\"]}]},{\"@type\":\"ImageObject\",\"inLanguage\":\"fr-FR\",\"@id\":\"https:\\\/\\\/realtyincanada.com\\\/retail-property\\\/#primaryimage\",\"url\":\"https:\\\/\\\/realtyincanada.com\\\/\\\/wp-content\\\/uploads\\\/2019\\\/08\\\/image-22.png\",\"contentUrl\":\"https:\\\/\\\/realtyincanada.com\\\/\\\/wp-content\\\/uploads\\\/2019\\\/08\\\/image-22.png\"},{\"@type\":\"BreadcrumbList\",\"@id\":\"https:\\\/\\\/realtyincanada.com\\\/retail-property\\\/#breadcrumb\",\"itemListElement\":[{\"@type\":\"ListItem\",\"position\":1,\"name\":\"Home\",\"item\":\"https:\\\/\\\/realtyincanada.com\\\/fr\\\/\"},{\"@type\":\"ListItem\",\"position\":2,\"name\":\"Magasin de d\u00e9tail\"}]},{\"@type\":\"WebSite\",\"@id\":\"https:\\\/\\\/realtyincanada.com\\\/#website\",\"url\":\"https:\\\/\\\/realtyincanada.com\\\/\",\"name\":\"Realty in Canada\",\"description\":\"Realty in Canada is your right choice for the best property agent in Canada. Contact us to buy, sell or rent your property.\",\"publisher\":{\"@id\":\"https:\\\/\\\/realtyincanada.com\\\/#organization\"},\"potentialAction\":[{\"@type\":\"SearchAction\",\"target\":{\"@type\":\"EntryPoint\",\"urlTemplate\":\"https:\\\/\\\/realtyincanada.com\\\/?s={search_term_string}\"},\"query-input\":{\"@type\":\"PropertyValueSpecification\",\"valueRequired\":true,\"valueName\":\"search_term_string\"}}],\"inLanguage\":\"fr-FR\"},{\"@type\":\"Organization\",\"@id\":\"https:\\\/\\\/realtyincanada.com\\\/#organization\",\"name\":\"Realty In Canada\",\"url\":\"https:\\\/\\\/realtyincanada.com\\\/\",\"logo\":{\"@type\":\"ImageObject\",\"inLanguage\":\"fr-FR\",\"@id\":\"https:\\\/\\\/realtyincanada.com\\\/#\\\/schema\\\/logo\\\/image\\\/\",\"url\":\"https:\\\/\\\/realtyincanada.com\\\/\\\/wp-content\\\/uploads\\\/2019\\\/08\\\/emdadul_hoque_final_footer_nopadding.png\",\"contentUrl\":\"https:\\\/\\\/realtyincanada.com\\\/\\\/wp-content\\\/uploads\\\/2019\\\/08\\\/emdadul_hoque_final_footer_nopadding.png\",\"width\":1490,\"height\":660,\"caption\":\"Realty In Canada\"},\"image\":{\"@id\":\"https:\\\/\\\/realtyincanada.com\\\/#\\\/schema\\\/logo\\\/image\\\/\"}}]}<\/script>\n<!-- \/ Yoast SEO plugin. -->","yoast_head_json":{"title":"Magasin de d\u00e9tail - Realty in Canada","robots":{"index":"index","follow":"follow","max-snippet":"max-snippet:-1","max-image-preview":"max-image-preview:large","max-video-preview":"max-video-preview:-1"},"canonical":"https:\/\/realtyincanada.com\/retail-property\/","og_locale":"fr_FR","og_type":"article","og_title":"Magasin de d\u00e9tail - Realty in Canada","og_description":"Magasin de&nbsp;d\u00e9tail ou espace aux d\u00e9taillants Vous recherchez un espace ou une propri\u00e9t\u00e9 pour pour la commerce de d\u00e9tail ou voulez-vous louer pour votre espace dans la r\u00e9gion de Montr\u00e9al? Nous trouverons un espace abordable pour vous. Nous offrons des services d&rsquo;immobiliers commerciaux dans la grande r\u00e9gion de Montr\u00e9al et [&hellip;]","og_url":"https:\/\/realtyincanada.com\/retail-property\/","og_site_name":"Realty in Canada","article_modified_time":"2021-10-28T02:48:13+00:00","og_image":[{"url":"https:\/\/realtyincanada.com\/\/wp-content\/uploads\/2019\/08\/image-22.png","type":"","width":"","height":""}],"twitter_card":"summary_large_image","twitter_misc":{"Dur\u00e9e de lecture estim\u00e9e":"2 minutes"},"schema":{"@context":"https:\/\/schema.org","@graph":[{"@type":"WebPage","@id":"https:\/\/realtyincanada.com\/retail-property\/","url":"https:\/\/realtyincanada.com\/retail-property\/","name":"Magasin de d\u00e9tail - Realty in Canada","isPartOf":{"@id":"https:\/\/realtyincanada.com\/#website"},"primaryImageOfPage":{"@id":"https:\/\/realtyincanada.com\/retail-property\/#primaryimage"},"image":{"@id":"https:\/\/realtyincanada.com\/retail-property\/#primaryimage"},"thumbnailUrl":"https:\/\/realtyincanada.com\/\/wp-content\/uploads\/2019\/08\/image-22.png","datePublished":"2019-08-29T23:04:45+00:00","dateModified":"2021-10-28T02:48:13+00:00","breadcrumb":{"@id":"https:\/\/realtyincanada.com\/retail-property\/#breadcrumb"},"inLanguage":"fr-FR","potentialAction":[{"@type":"ReadAction","target":["https:\/\/realtyincanada.com\/retail-property\/"]}]},{"@type":"ImageObject","inLanguage":"fr-FR","@id":"https:\/\/realtyincanada.com\/retail-property\/#primaryimage","url":"https:\/\/realtyincanada.com\/\/wp-content\/uploads\/2019\/08\/image-22.png","contentUrl":"https:\/\/realtyincanada.com\/\/wp-content\/uploads\/2019\/08\/image-22.png"},{"@type":"BreadcrumbList","@id":"https:\/\/realtyincanada.com\/retail-property\/#breadcrumb","itemListElement":[{"@type":"ListItem","position":1,"name":"Home","item":"https:\/\/realtyincanada.com\/fr\/"},{"@type":"ListItem","position":2,"name":"Magasin de d\u00e9tail"}]},{"@type":"WebSite","@id":"https:\/\/realtyincanada.com\/#website","url":"https:\/\/realtyincanada.com\/","name":"Realty in Canada","description":"Realty in Canada is your right choice for the best property agent in Canada. Contact us to buy, sell or rent your property.","publisher":{"@id":"https:\/\/realtyincanada.com\/#organization"},"potentialAction":[{"@type":"SearchAction","target":{"@type":"EntryPoint","urlTemplate":"https:\/\/realtyincanada.com\/?s={search_term_string}"},"query-input":{"@type":"PropertyValueSpecification","valueRequired":true,"valueName":"search_term_string"}}],"inLanguage":"fr-FR"},{"@type":"Organization","@id":"https:\/\/realtyincanada.com\/#organization","name":"Realty In Canada","url":"https:\/\/realtyincanada.com\/","logo":{"@type":"ImageObject","inLanguage":"fr-FR","@id":"https:\/\/realtyincanada.com\/#\/schema\/logo\/image\/","url":"https:\/\/realtyincanada.com\/\/wp-content\/uploads\/2019\/08\/emdadul_hoque_final_footer_nopadding.png","contentUrl":"https:\/\/realtyincanada.com\/\/wp-content\/uploads\/2019\/08\/emdadul_hoque_final_footer_nopadding.png","width":1490,"height":660,"caption":"Realty In Canada"},"image":{"@id":"https:\/\/realtyincanada.com\/#\/schema\/logo\/image\/"}}]}},"_links":{"self":[{"href":"https:\/\/realtyincanada.com\/fr\/wp-json\/wp\/v2\/pages\/4046","targetHints":{"allow":["GET"]}}],"collection":[{"href":"https:\/\/realtyincanada.com\/fr\/wp-json\/wp\/v2\/pages"}],"about":[{"href":"https:\/\/realtyincanada.com\/fr\/wp-json\/wp\/v2\/types\/page"}],"author":[{"embeddable":true,"href":"https:\/\/realtyincanada.com\/fr\/wp-json\/wp\/v2\/users\/1"}],"replies":[{"embeddable":true,"href":"https:\/\/realtyincanada.com\/fr\/wp-json\/wp\/v2\/comments?post=4046"}],"version-history":[{"count":16,"href":"https:\/\/realtyincanada.com\/fr\/wp-json\/wp\/v2\/pages\/4046\/revisions"}],"predecessor-version":[{"id":5422,"href":"https:\/\/realtyincanada.com\/fr\/wp-json\/wp\/v2\/pages\/4046\/revisions\/5422"}],"wp:attachment":[{"href":"https:\/\/realtyincanada.com\/fr\/wp-json\/wp\/v2\/media?parent=4046"}],"curies":[{"name":"wp","href":"https:\/\/api.w.org\/{rel}","templated":true}]}}