{"id":4584,"date":"2019-09-21T00:06:41","date_gmt":"2019-09-21T04:06:41","guid":{"rendered":"https:\/\/realtyincanada.com\/useful-links\/"},"modified":"2019-09-21T01:01:33","modified_gmt":"2019-09-21T05:01:33","slug":"useful-links","status":"publish","type":"page","link":"https:\/\/realtyincanada.com\/fr\/useful-links\/","title":{"rendered":"Liens Utiles"},"content":{"rendered":"\n<figure class=\"wp-block-image is-resized\"><img fetchpriority=\"high\" decoding=\"async\" src=\"https:\/\/realtyincanada.com\/\/wp-content\/uploads\/2019\/09\/useful-links.jpg\" alt=\"\" class=\"wp-image-4579\" width=\"480\" height=\"267\" srcset=\"https:\/\/realtyincanada.com\/wp-content\/uploads\/2019\/09\/useful-links.jpg 557w, https:\/\/realtyincanada.com\/wp-content\/uploads\/2019\/09\/useful-links-300x167.jpg 300w\" sizes=\"(max-width: 480px) 100vw, 480px\" \/><\/figure>\n\n\n\n<figure class=\"wp-block-image\"><img decoding=\"async\" width=\"220\" height=\"47\" src=\"https:\/\/realtyincanada.com\/\/wp-content\/uploads\/2019\/09\/image-6.png\" alt=\"\" class=\"wp-image-4568\"\/><\/figure>\n\n\n\n<h3 class=\"black wp-block-heading\"><strong> <\/strong>Sites informatifs du gouvernement<\/h3>\n\n\n\n<h4 class=\"wp-block-heading\">Corporation Canada<\/h4>\n\n\n\n<p><a href=\"http:\/\/ic.gc.ca\/eic\/site\/cd-dgc.nsf\/fra\/accueil\" target=\"_blank\" rel=\"noreferrer noopener\">ic.gc.ca\/eic\/site\/cd-dgc.nsf\/fra\/accueil<\/a><\/p>\n\n\n\n<h4 class=\"wp-block-heading\">R\u00e9pertoire des municipalit\u00e9s du Qu\u00e9bec (\u00c9valuation et taxes municipales, r\u00e8glements municipaux de zonage\u2026)<\/h4>\n\n\n\n<p><a href=\"http:\/\/mamrot.gouv.qc.ca\/\" target=\"_blank\" rel=\"noreferrer noopener\">mamrot.gouv.qc.ca<\/a><\/p>\n\n\n\n<h4 class=\"wp-block-heading\">F\u00e9d\u00e9ration des commissions scolaires du Qu\u00e9bec \/ R\u00e9pertoire des commissions scolaires (Taxes scolaires\u2026)<\/h4>\n\n\n\n<p><a href=\"http:\/\/fcsq.qc.ca\/\" target=\"_blank\" rel=\"noreferrer noopener\">fcsq.qc.ca<\/a><\/p>\n\n\n\n<h4 class=\"wp-block-heading\">Commission de protection du territoire agricole du Qu\u00e9bec (CPTAQ)<\/h4>\n\n\n\n<p><a href=\"http:\/\/cptaq.gouv.qc.ca\/\" target=\"_blank\" rel=\"noreferrer noopener\">cptaq.gouv.qc.ca<\/a><\/p>\n\n\n\n<h4 class=\"wp-block-heading\">Cartographie des zones inondables<\/h4>\n\n\n\n<p><a href=\"http:\/\/cehq.gouv.qc.ca\/zones-inond\/cartographie\/index.htm\" target=\"_blank\" rel=\"noreferrer noopener\">cehq.gouv.qc.ca\/zones-inond\/cartographie\/index.htm<\/a><\/p>\n\n\n\n<h4 class=\"wp-block-heading\">R\u00e9pertoire du patrimoine culturel du Qu\u00e9bec<\/h4>\n\n\n\n<p><a href=\"http:\/\/patrimoine-culturel.gouv.qc.ca\/\" target=\"_blank\" rel=\"noreferrer noopener\">patrimoine-culturel.gouv.qc.ca<\/a><\/p>\n","protected":false},"excerpt":{"rendered":"<p>Sites informatifs du gouvernement Corporation Canada ic.gc.ca\/eic\/site\/cd-dgc.nsf\/fra\/accueil R\u00e9pertoire des municipalit\u00e9s du Qu\u00e9bec (\u00c9valuation et taxes municipales, r\u00e8glements municipaux de zonage\u2026) mamrot.gouv.qc.ca F\u00e9d\u00e9ration des commissions scolaires du Qu\u00e9bec \/ R\u00e9pertoire des commissions scolaires (Taxes scolaires\u2026) fcsq.qc.ca Commission de protection du territoire agricole du Qu\u00e9bec (CPTAQ) cptaq.gouv.qc.ca Cartographie des zones inondables cehq.gouv.qc.ca\/zones-inond\/cartographie\/index.htm [&hellip;]<\/p>\n","protected":false},"author":4,"featured_media":0,"parent":0,"menu_order":0,"comment_status":"closed","ping_status":"closed","template":"","meta":{"_acf_changed":false,"footnotes":""},"class_list":["post-4584","page","type-page","status-publish","hentry"],"acf":[],"yoast_head":"<!-- This site is optimized with the Yoast SEO plugin v27.5 - https:\/\/yoast.com\/product\/yoast-seo-wordpress\/ -->\n<title>Liens Utiles - Realty in Canada<\/title>\n<meta name=\"robots\" content=\"index, follow, max-snippet:-1, max-image-preview:large, max-video-preview:-1\" \/>\n<link rel=\"canonical\" href=\"https:\/\/realtyincanada.com\/useful-links\/\" \/>\n<meta property=\"og:locale\" content=\"fr_FR\" \/>\n<meta property=\"og:type\" content=\"article\" \/>\n<meta property=\"og:title\" content=\"Liens Utiles - Realty in Canada\" \/>\n<meta property=\"og:description\" content=\"Sites informatifs du gouvernement Corporation Canada ic.gc.ca\/eic\/site\/cd-dgc.nsf\/fra\/accueil R\u00e9pertoire des municipalit\u00e9s du Qu\u00e9bec (\u00c9valuation et taxes municipales, r\u00e8glements municipaux de zonage\u2026) mamrot.gouv.qc.ca F\u00e9d\u00e9ration des commissions scolaires du Qu\u00e9bec \/ R\u00e9pertoire des commissions scolaires (Taxes scolaires\u2026) fcsq.qc.ca Commission de protection du territoire agricole du Qu\u00e9bec (CPTAQ) cptaq.gouv.qc.ca Cartographie des zones inondables cehq.gouv.qc.ca\/zones-inond\/cartographie\/index.htm [&hellip;]\" \/>\n<meta property=\"og:url\" content=\"https:\/\/realtyincanada.com\/useful-links\/\" \/>\n<meta property=\"og:site_name\" content=\"Realty in Canada\" \/>\n<meta property=\"article:modified_time\" content=\"2019-09-21T05:01:33+00:00\" \/>\n<meta property=\"og:image\" content=\"https:\/\/realtyincanada.com\/\/wp-content\/uploads\/2019\/09\/useful-links.jpg\" \/>\n<meta name=\"twitter:card\" content=\"summary_large_image\" \/>\n<script type=\"application\/ld+json\" class=\"yoast-schema-graph\">{\"@context\":\"https:\\\/\\\/schema.org\",\"@graph\":[{\"@type\":\"WebPage\",\"@id\":\"https:\\\/\\\/realtyincanada.com\\\/useful-links\\\/\",\"url\":\"https:\\\/\\\/realtyincanada.com\\\/useful-links\\\/\",\"name\":\"Liens Utiles - Realty in Canada\",\"isPartOf\":{\"@id\":\"https:\\\/\\\/realtyincanada.com\\\/#website\"},\"primaryImageOfPage\":{\"@id\":\"https:\\\/\\\/realtyincanada.com\\\/useful-links\\\/#primaryimage\"},\"image\":{\"@id\":\"https:\\\/\\\/realtyincanada.com\\\/useful-links\\\/#primaryimage\"},\"thumbnailUrl\":\"https:\\\/\\\/realtyincanada.com\\\/\\\/wp-content\\\/uploads\\\/2019\\\/09\\\/useful-links.jpg\",\"datePublished\":\"2019-09-21T04:06:41+00:00\",\"dateModified\":\"2019-09-21T05:01:33+00:00\",\"breadcrumb\":{\"@id\":\"https:\\\/\\\/realtyincanada.com\\\/useful-links\\\/#breadcrumb\"},\"inLanguage\":\"fr-FR\",\"potentialAction\":[{\"@type\":\"ReadAction\",\"target\":[\"https:\\\/\\\/realtyincanada.com\\\/useful-links\\\/\"]}]},{\"@type\":\"ImageObject\",\"inLanguage\":\"fr-FR\",\"@id\":\"https:\\\/\\\/realtyincanada.com\\\/useful-links\\\/#primaryimage\",\"url\":\"https:\\\/\\\/realtyincanada.com\\\/\\\/wp-content\\\/uploads\\\/2019\\\/09\\\/useful-links.jpg\",\"contentUrl\":\"https:\\\/\\\/realtyincanada.com\\\/\\\/wp-content\\\/uploads\\\/2019\\\/09\\\/useful-links.jpg\"},{\"@type\":\"BreadcrumbList\",\"@id\":\"https:\\\/\\\/realtyincanada.com\\\/useful-links\\\/#breadcrumb\",\"itemListElement\":[{\"@type\":\"ListItem\",\"position\":1,\"name\":\"Home\",\"item\":\"https:\\\/\\\/realtyincanada.com\\\/fr\\\/\"},{\"@type\":\"ListItem\",\"position\":2,\"name\":\"Liens Utiles\"}]},{\"@type\":\"WebSite\",\"@id\":\"https:\\\/\\\/realtyincanada.com\\\/#website\",\"url\":\"https:\\\/\\\/realtyincanada.com\\\/\",\"name\":\"Realty in Canada\",\"description\":\"Realty in Canada is your right choice for the best property agent in Canada. Contact us to buy, sell or rent your property.\",\"publisher\":{\"@id\":\"https:\\\/\\\/realtyincanada.com\\\/#organization\"},\"potentialAction\":[{\"@type\":\"SearchAction\",\"target\":{\"@type\":\"EntryPoint\",\"urlTemplate\":\"https:\\\/\\\/realtyincanada.com\\\/?s={search_term_string}\"},\"query-input\":{\"@type\":\"PropertyValueSpecification\",\"valueRequired\":true,\"valueName\":\"search_term_string\"}}],\"inLanguage\":\"fr-FR\"},{\"@type\":\"Organization\",\"@id\":\"https:\\\/\\\/realtyincanada.com\\\/#organization\",\"name\":\"Realty In Canada\",\"url\":\"https:\\\/\\\/realtyincanada.com\\\/\",\"logo\":{\"@type\":\"ImageObject\",\"inLanguage\":\"fr-FR\",\"@id\":\"https:\\\/\\\/realtyincanada.com\\\/#\\\/schema\\\/logo\\\/image\\\/\",\"url\":\"https:\\\/\\\/realtyincanada.com\\\/\\\/wp-content\\\/uploads\\\/2019\\\/08\\\/emdadul_hoque_final_footer_nopadding.png\",\"contentUrl\":\"https:\\\/\\\/realtyincanada.com\\\/\\\/wp-content\\\/uploads\\\/2019\\\/08\\\/emdadul_hoque_final_footer_nopadding.png\",\"width\":1490,\"height\":660,\"caption\":\"Realty In Canada\"},\"image\":{\"@id\":\"https:\\\/\\\/realtyincanada.com\\\/#\\\/schema\\\/logo\\\/image\\\/\"}}]}<\/script>\n<!-- \/ Yoast SEO plugin. -->","yoast_head_json":{"title":"Liens Utiles - Realty in Canada","robots":{"index":"index","follow":"follow","max-snippet":"max-snippet:-1","max-image-preview":"max-image-preview:large","max-video-preview":"max-video-preview:-1"},"canonical":"https:\/\/realtyincanada.com\/useful-links\/","og_locale":"fr_FR","og_type":"article","og_title":"Liens Utiles - Realty in Canada","og_description":"Sites informatifs du gouvernement Corporation Canada ic.gc.ca\/eic\/site\/cd-dgc.nsf\/fra\/accueil R\u00e9pertoire des municipalit\u00e9s du Qu\u00e9bec (\u00c9valuation et taxes municipales, r\u00e8glements municipaux de zonage\u2026) mamrot.gouv.qc.ca F\u00e9d\u00e9ration des commissions scolaires du Qu\u00e9bec \/ R\u00e9pertoire des commissions scolaires (Taxes scolaires\u2026) fcsq.qc.ca Commission de protection du territoire agricole du Qu\u00e9bec (CPTAQ) cptaq.gouv.qc.ca Cartographie des zones inondables cehq.gouv.qc.ca\/zones-inond\/cartographie\/index.htm [&hellip;]","og_url":"https:\/\/realtyincanada.com\/useful-links\/","og_site_name":"Realty in Canada","article_modified_time":"2019-09-21T05:01:33+00:00","og_image":[{"url":"https:\/\/realtyincanada.com\/\/wp-content\/uploads\/2019\/09\/useful-links.jpg","type":"","width":"","height":""}],"twitter_card":"summary_large_image","schema":{"@context":"https:\/\/schema.org","@graph":[{"@type":"WebPage","@id":"https:\/\/realtyincanada.com\/useful-links\/","url":"https:\/\/realtyincanada.com\/useful-links\/","name":"Liens Utiles - Realty in Canada","isPartOf":{"@id":"https:\/\/realtyincanada.com\/#website"},"primaryImageOfPage":{"@id":"https:\/\/realtyincanada.com\/useful-links\/#primaryimage"},"image":{"@id":"https:\/\/realtyincanada.com\/useful-links\/#primaryimage"},"thumbnailUrl":"https:\/\/realtyincanada.com\/\/wp-content\/uploads\/2019\/09\/useful-links.jpg","datePublished":"2019-09-21T04:06:41+00:00","dateModified":"2019-09-21T05:01:33+00:00","breadcrumb":{"@id":"https:\/\/realtyincanada.com\/useful-links\/#breadcrumb"},"inLanguage":"fr-FR","potentialAction":[{"@type":"ReadAction","target":["https:\/\/realtyincanada.com\/useful-links\/"]}]},{"@type":"ImageObject","inLanguage":"fr-FR","@id":"https:\/\/realtyincanada.com\/useful-links\/#primaryimage","url":"https:\/\/realtyincanada.com\/\/wp-content\/uploads\/2019\/09\/useful-links.jpg","contentUrl":"https:\/\/realtyincanada.com\/\/wp-content\/uploads\/2019\/09\/useful-links.jpg"},{"@type":"BreadcrumbList","@id":"https:\/\/realtyincanada.com\/useful-links\/#breadcrumb","itemListElement":[{"@type":"ListItem","position":1,"name":"Home","item":"https:\/\/realtyincanada.com\/fr\/"},{"@type":"ListItem","position":2,"name":"Liens Utiles"}]},{"@type":"WebSite","@id":"https:\/\/realtyincanada.com\/#website","url":"https:\/\/realtyincanada.com\/","name":"Realty in Canada","description":"Realty in Canada is your right choice for the best property agent in Canada. Contact us to buy, sell or rent your property.","publisher":{"@id":"https:\/\/realtyincanada.com\/#organization"},"potentialAction":[{"@type":"SearchAction","target":{"@type":"EntryPoint","urlTemplate":"https:\/\/realtyincanada.com\/?s={search_term_string}"},"query-input":{"@type":"PropertyValueSpecification","valueRequired":true,"valueName":"search_term_string"}}],"inLanguage":"fr-FR"},{"@type":"Organization","@id":"https:\/\/realtyincanada.com\/#organization","name":"Realty In Canada","url":"https:\/\/realtyincanada.com\/","logo":{"@type":"ImageObject","inLanguage":"fr-FR","@id":"https:\/\/realtyincanada.com\/#\/schema\/logo\/image\/","url":"https:\/\/realtyincanada.com\/\/wp-content\/uploads\/2019\/08\/emdadul_hoque_final_footer_nopadding.png","contentUrl":"https:\/\/realtyincanada.com\/\/wp-content\/uploads\/2019\/08\/emdadul_hoque_final_footer_nopadding.png","width":1490,"height":660,"caption":"Realty In Canada"},"image":{"@id":"https:\/\/realtyincanada.com\/#\/schema\/logo\/image\/"}}]}},"_links":{"self":[{"href":"https:\/\/realtyincanada.com\/fr\/wp-json\/wp\/v2\/pages\/4584","targetHints":{"allow":["GET"]}}],"collection":[{"href":"https:\/\/realtyincanada.com\/fr\/wp-json\/wp\/v2\/pages"}],"about":[{"href":"https:\/\/realtyincanada.com\/fr\/wp-json\/wp\/v2\/types\/page"}],"author":[{"embeddable":true,"href":"https:\/\/realtyincanada.com\/fr\/wp-json\/wp\/v2\/users\/4"}],"replies":[{"embeddable":true,"href":"https:\/\/realtyincanada.com\/fr\/wp-json\/wp\/v2\/comments?post=4584"}],"version-history":[{"count":6,"href":"https:\/\/realtyincanada.com\/fr\/wp-json\/wp\/v2\/pages\/4584\/revisions"}],"predecessor-version":[{"id":4591,"href":"https:\/\/realtyincanada.com\/fr\/wp-json\/wp\/v2\/pages\/4584\/revisions\/4591"}],"wp:attachment":[{"href":"https:\/\/realtyincanada.com\/fr\/wp-json\/wp\/v2\/media?parent=4584"}],"curies":[{"name":"wp","href":"https:\/\/api.w.org\/{rel}","templated":true}]}}