{"id":5235,"date":"2020-08-14T22:28:12","date_gmt":"2020-08-15T02:28:12","guid":{"rendered":"https:\/\/realtyincanada.com\/?page_id=5235"},"modified":"2020-08-14T22:57:15","modified_gmt":"2020-08-15T02:57:15","slug":"lenders","status":"publish","type":"page","link":"https:\/\/realtyincanada.com\/fr\/lenders\/","title":{"rendered":"Pr\u00eateurs"},"content":{"rendered":"\n<p>Comment un <a href=\"https:\/\/bestmontrealmortgage.ca\/fr\/\">courtier hypoth\u00e9caire<\/a> peut-il vous faire gagner du temps et de l&rsquo;argent? <\/p>\n\n\n\n<p>Le recours \u00e0 un courtier en pr\u00eats hypoth\u00e9caires peut vous aider \u00e0 vous lib\u00e9rer de certaines des questions li\u00e9es au stress et au pr\u00eat lorsque vous achetez une maison, surtout si vous achetez une premi\u00e8re maison.<\/p>\n\n\n\n<p>Pr\u00eateurs : Le travail de pr\u00e9paration des achats de tarifs peut \u00eatre d\u00e9courageant. Un <a href=\"https:\/\/bestmontrealmortgage.ca\/fr\/\">courtier en pr\u00eats hypoth\u00e9caires<\/a> peut faire le travail \u00e0 votre place. Il est tout aussi agr\u00e9able de faire des recherches pour un pr\u00eat hypoth\u00e9caire que de postuler \u00e0 plusieurs emplois. Les deux impliquent beaucoup de paperasserie, de temps et de communication en amont et en aval. Vous n&rsquo;aurez peut-\u00eatre jamais de nouvelles de toutes (ou d&rsquo;une partie) de ces perspectives d&#8217;emploi, mais vous en tirerez probablement profit en cherchant des taux hypoth\u00e9caires aupr\u00e8s d&rsquo;une poign\u00e9e de pr\u00eateurs. <\/p>\n\n\n\n<h4 class=\"wp-block-heading\"><strong>Our Lenders <\/strong><\/h4>\n\n\n\n<figure class=\"wp-block-image size-large is-resized\"><img fetchpriority=\"high\" decoding=\"async\" src=\"https:\/\/realtyincanada.com\/\/wp-content\/uploads\/2020\/08\/image.png\" alt=\"\" class=\"wp-image-5225\" width=\"609\" height=\"263\" srcset=\"https:\/\/realtyincanada.com\/wp-content\/uploads\/2020\/08\/image.png 772w, https:\/\/realtyincanada.com\/wp-content\/uploads\/2020\/08\/image-300x129.png 300w, https:\/\/realtyincanada.com\/wp-content\/uploads\/2020\/08\/image-768x331.png 768w\" sizes=\"(max-width: 609px) 100vw, 609px\" \/><\/figure>\n\n\n\n<p>Un professionnel du cr\u00e9dit hypoth\u00e9caire fait le tour de nombreuses banques, coop\u00e9ratives de cr\u00e9dit et soci\u00e9t\u00e9s de fiducie pour r\u00e9pondre \u00e0 vos besoins de financement. Nous recherchons d&rsquo;autres produits de pr\u00eat pour trouver la meilleure solution de pr\u00eat hypoth\u00e9caire ou de cr\u00e9dit-bail possible, adapt\u00e9e \u00e0 vos besoins.<\/p>\n\n\n\n<figure class=\"wp-block-image size-large is-resized\"><img decoding=\"async\" src=\"https:\/\/realtyincanada.com\/\/wp-content\/uploads\/2020\/08\/image-1.png\" alt=\"\" class=\"wp-image-5227\" width=\"437\" height=\"365\" srcset=\"https:\/\/realtyincanada.com\/wp-content\/uploads\/2020\/08\/image-1.png 526w, https:\/\/realtyincanada.com\/wp-content\/uploads\/2020\/08\/image-1-300x250.png 300w\" sizes=\"(max-width: 437px) 100vw, 437px\" \/><\/figure>\n\n\n\n<p>Je peux vous aider avec votre demande de pr\u00eat hypoth\u00e9caire et r\u00e9pondre \u00e0 toutes vos questions.<\/p>\n\n\n\n<p><strong>Veuillez compl\u00e9ter les informations suivantes et nous vous contacterons dans les plus brefs d\u00e9lais.<\/strong><\/p>\n\n\n\n<div class=\"wpcf7 no-js\" id=\"wpcf7-f3041-o1\" lang=\"en-US\" dir=\"ltr\" data-wpcf7-id=\"3041\">\n<div class=\"screen-reader-response\"><p role=\"status\" aria-live=\"polite\" aria-atomic=\"true\"><\/p> <ul><\/ul><\/div>\n<form action=\"\/fr\/wp-json\/wp\/v2\/pages\/5235#wpcf7-f3041-o1\" method=\"post\" class=\"wpcf7-form init\" aria-label=\"Contact form\" novalidate=\"novalidate\" data-status=\"init\">\n<fieldset class=\"hidden-fields-container\"><input type=\"hidden\" name=\"_wpcf7\" value=\"3041\" \/><input type=\"hidden\" name=\"_wpcf7_version\" value=\"6.1.5\" \/><input type=\"hidden\" name=\"_wpcf7_locale\" value=\"en_US\" \/><input type=\"hidden\" name=\"_wpcf7_unit_tag\" value=\"wpcf7-f3041-o1\" \/><input type=\"hidden\" name=\"_wpcf7_container_post\" value=\"0\" \/><input type=\"hidden\" name=\"_wpcf7_posted_data_hash\" value=\"\" \/><input type=\"hidden\" name=\"_wpcf7_recaptcha_response\" value=\"\" \/>\n<\/fieldset>\n<div class=\"row evalutaion-form-cf7\">\n\t<div class=\"col-md-6 col-xs-12\">\n\t\t<h3 class=\"form-section-title\">Informations G\u00e9n\u00e9rales\n\t\t<\/h3>\n\t\t<p><span class=\"wpcf7-form-control-wrap\" data-name=\"nom\"><input size=\"40\" maxlength=\"400\" class=\"wpcf7-form-control wpcf7-text wpcf7-validates-as-required\" aria-required=\"true\" aria-invalid=\"false\" placeholder=\"Nom\" value=\"\" type=\"text\" name=\"nom\" \/><\/span><br \/>\n<span class=\"wpcf7-form-control-wrap\" data-name=\"company\"><input size=\"40\" maxlength=\"400\" class=\"wpcf7-form-control wpcf7-text\" aria-invalid=\"false\" placeholder=\"Nom de compagnie\" value=\"\" type=\"text\" name=\"company\" \/><\/span><br \/>\n<span class=\"wpcf7-form-control-wrap\" data-name=\"email\"><input size=\"40\" maxlength=\"400\" class=\"wpcf7-form-control wpcf7-email wpcf7-validates-as-required wpcf7-text wpcf7-validates-as-email\" aria-required=\"true\" aria-invalid=\"false\" placeholder=\"Courriel\" value=\"\" type=\"email\" name=\"email\" \/><\/span><br \/>\n<span class=\"wpcf7-form-control-wrap\" data-name=\"phone\"><input size=\"40\" maxlength=\"400\" class=\"wpcf7-form-control wpcf7-tel wpcf7-validates-as-required wpcf7-text wpcf7-validates-as-tel\" aria-required=\"true\" aria-invalid=\"false\" placeholder=\"T\u00e9l\u00e9phone\" value=\"\" type=\"tel\" name=\"phone\" \/><\/span><br \/>\n<span class=\"wpcf7-form-control-wrap\" data-name=\"address\"><input size=\"40\" maxlength=\"400\" class=\"wpcf7-form-control wpcf7-text wpcf7-validates-as-required\" aria-required=\"true\" aria-invalid=\"false\" placeholder=\"Adresse\" value=\"\" type=\"text\" name=\"address\" \/><\/span><br \/>\n<span class=\"wpcf7-form-control-wrap\" data-name=\"city\"><input size=\"40\" maxlength=\"400\" class=\"wpcf7-form-control wpcf7-text wpcf7-validates-as-required\" aria-required=\"true\" aria-invalid=\"false\" placeholder=\"Ville\" value=\"\" type=\"text\" name=\"city\" \/><\/span><br \/>\n<span class=\"wpcf7-form-control-wrap\" data-name=\"postal\"><input size=\"40\" maxlength=\"400\" class=\"wpcf7-form-control wpcf7-text wpcf7-validates-as-required\" aria-required=\"true\" aria-invalid=\"false\" placeholder=\"Code Postal\" value=\"\" type=\"text\" name=\"postal\" \/><\/span><br \/>\n<label for=\"property-type-desktop\"><\/label>\n\t\t<\/p>\n\t<\/div>\n\t<div class=\"col-md-6 col-xs-12\">\n\t<hr class=\"hidden-md-up\" \/>\n\t\t<h3 class=\"form-section-title\">D\u00e9tails De La Propri\u00e9t\u00e9\n\t\t<\/h3>\n\t\t<p><span class=\"wpcf7-form-control-wrap\" data-name=\"property-type-desktop\"><select class=\"wpcf7-form-control wpcf7-select wpcf7-validates-as-required\" aria-required=\"true\" aria-invalid=\"false\" name=\"property-type-desktop\"><option value=\"\">Type de la propri\u00e9t\u00e9<\/option><option value=\"Appartement\">Appartement<\/option><option value=\"B\u00e2timent et vente d\u2019entreprise\">B\u00e2timent et vente d\u2019entreprise<\/option><option value=\"Bungalow\">Bungalow<\/option><option value=\"Chalet\">Chalet<\/option><option value=\"B\u00e2timent commercial et terrain\">B\u00e2timent commercial et terrain<\/option><option value=\"B\u00e2timent commercial \/ bureau\">B\u00e2timent commercial \/ bureau<\/option><option value=\"Espace de location commercial \/ bureau\">Espace de location commercial \/ bureau<\/option><option value=\"Garderie\">Garderie<\/option><option value=\"Duplex\">Duplex<\/option><option value=\"Ferme\">Ferme<\/option><option value=\"Ferme de loisirs\">Ferme de loisirs<\/option><option value=\"B\u00e2timent industriel\">B\u00e2timent industriel<\/option><option value=\"B\u00e2timent industriel et terrain\">B\u00e2timent industriel et terrain<\/option><option value=\"Condo Industriel\">Condo Industriel<\/option><option value=\"Location d\u2019espaces industriels\">Location d\u2019espaces industriels<\/option><option value=\"Loft \/ Studio\">Loft \/ Studio<\/option><option value=\"Maison mobile\">Maison mobile<\/option><option value=\"Maison d\u2019un \u00e9tage et demi\">Maison d\u2019un \u00e9tage et demi<\/option><option value=\"Quadruplex\">Quadruplex<\/option><option value=\"Quintuplex\">Quintuplex<\/option><option value=\"\u00c0 deux niveaux\">\u00c0 deux niveaux<\/option><option value=\"Triplex\">Triplex<\/option><option value=\"Maison \u00e0 \u00e9tages\">Maison \u00e0 \u00e9tages<\/option><option value=\"Terrain vacant\">Terrain vacant<\/option><option value=\"Terre \u00e0 Bois\">Terre \u00e0 Bois<\/option><\/select><\/span><br \/>\n<span class=\"wpcf7-form-control-wrap\" data-name=\"bedrooms\"><input class=\"wpcf7-form-control wpcf7-number wpcf7-validates-as-required wpcf7-validates-as-number\" min=\"1\" max=\"25\" aria-required=\"true\" aria-invalid=\"false\" placeholder=\"Chambres\" value=\"\" type=\"number\" name=\"bedrooms\" \/><\/span><br \/>\n<span class=\"wpcf7-form-control-wrap\" data-name=\"bathrooms\"><input class=\"wpcf7-form-control wpcf7-number wpcf7-validates-as-required wpcf7-validates-as-number\" min=\"1\" max=\"25\" aria-required=\"true\" aria-invalid=\"false\" placeholder=\"Salles de bains\" value=\"\" type=\"number\" name=\"bathrooms\" \/><\/span><br \/>\n<span class=\"wpcf7-form-control-wrap\" data-name=\"size\"><input class=\"wpcf7-form-control wpcf7-number wpcf7-validates-as-required wpcf7-validates-as-number\" min=\"100\" max=\"10000\" aria-required=\"true\" aria-invalid=\"false\" placeholder=\"Taille (pi ca)\" value=\"\" type=\"number\" name=\"size\" \/><\/span><br \/>\n<span class=\"wpcf7-form-control-wrap\" data-name=\"features\"><textarea cols=\"40\" rows=\"10\" maxlength=\"2000\" class=\"wpcf7-form-control wpcf7-textarea wpcf7-validates-as-required\" aria-required=\"true\" aria-invalid=\"false\" placeholder=\"Caract\u00e9ristiques \/ Commentaires\" name=\"features\"><\/textarea><\/span>\n\t\t<\/p>\n\t<\/div>\n\t<div class=\"col-xs-12\">\n\t\t<p><button type=\"submit\" style=\"margin: -32px auto; width: 140px;\" class=\"cta-blog\">Envoyer<\/button>\n\t\t<\/p>\n\t<\/div>\n<\/div><p style=\"display: none !important;\" class=\"akismet-fields-container\" data-prefix=\"_wpcf7_ak_\"><label>&#916;<textarea name=\"_wpcf7_ak_hp_textarea\" cols=\"45\" rows=\"8\" maxlength=\"100\"><\/textarea><\/label><input type=\"hidden\" id=\"ak_js_1\" name=\"_wpcf7_ak_js\" value=\"223\"\/><script>document.getElementById( \"ak_js_1\" ).setAttribute( \"value\", ( new Date() ).getTime() );<\/script><\/p><div class=\"wpcf7-response-output\" aria-hidden=\"true\"><\/div>\n<\/form>\n<\/div>\n\n\n\n\n<p><\/p>\n\n\n\n<p><\/p>\n","protected":false},"excerpt":{"rendered":"<p>Comment un courtier hypoth\u00e9caire peut-il vous faire gagner du temps et de l&rsquo;argent? Le recours \u00e0 un courtier en pr\u00eats hypoth\u00e9caires peut vous aider \u00e0 vous lib\u00e9rer de certaines des questions li\u00e9es au stress et au pr\u00eat lorsque vous achetez une maison, surtout si vous achetez une premi\u00e8re maison. Pr\u00eateurs [&hellip;]<\/p>\n","protected":false},"author":4,"featured_media":0,"parent":0,"menu_order":0,"comment_status":"closed","ping_status":"closed","template":"","meta":{"_acf_changed":false,"footnotes":""},"class_list":["post-5235","page","type-page","status-publish","hentry"],"acf":[],"yoast_head":"<!-- This site is optimized with the Yoast SEO plugin v27.4 - https:\/\/yoast.com\/product\/yoast-seo-wordpress\/ -->\n<title>Pr\u00eateurs - Realty in Canada<\/title>\n<meta name=\"robots\" content=\"index, follow, max-snippet:-1, max-image-preview:large, max-video-preview:-1\" \/>\n<link rel=\"canonical\" href=\"https:\/\/realtyincanada.com\/lenders\/\" \/>\n<meta property=\"og:locale\" content=\"fr_FR\" \/>\n<meta property=\"og:type\" content=\"article\" \/>\n<meta property=\"og:title\" content=\"Pr\u00eateurs - Realty in Canada\" \/>\n<meta property=\"og:description\" content=\"Comment un courtier hypoth\u00e9caire peut-il vous faire gagner du temps et de l&rsquo;argent? Le recours \u00e0 un courtier en pr\u00eats hypoth\u00e9caires peut vous aider \u00e0 vous lib\u00e9rer de certaines des questions li\u00e9es au stress et au pr\u00eat lorsque vous achetez une maison, surtout si vous achetez une premi\u00e8re maison. Pr\u00eateurs [&hellip;]\" \/>\n<meta property=\"og:url\" content=\"https:\/\/realtyincanada.com\/lenders\/\" \/>\n<meta property=\"og:site_name\" content=\"Realty in Canada\" \/>\n<meta property=\"article:modified_time\" content=\"2020-08-15T02:57:15+00:00\" \/>\n<meta property=\"og:image\" content=\"https:\/\/realtyincanada.com\/\/wp-content\/uploads\/2020\/08\/image.png\" \/>\n<meta name=\"twitter:card\" content=\"summary_large_image\" \/>\n<meta name=\"twitter:label1\" content=\"Dur\u00e9e de lecture estim\u00e9e\" \/>\n\t<meta name=\"twitter:data1\" content=\"1 minute\" \/>\n<script type=\"application\/ld+json\" class=\"yoast-schema-graph\">{\"@context\":\"https:\\\/\\\/schema.org\",\"@graph\":[{\"@type\":\"WebPage\",\"@id\":\"https:\\\/\\\/realtyincanada.com\\\/lenders\\\/\",\"url\":\"https:\\\/\\\/realtyincanada.com\\\/lenders\\\/\",\"name\":\"Pr\u00eateurs - Realty in Canada\",\"isPartOf\":{\"@id\":\"https:\\\/\\\/realtyincanada.com\\\/#website\"},\"primaryImageOfPage\":{\"@id\":\"https:\\\/\\\/realtyincanada.com\\\/lenders\\\/#primaryimage\"},\"image\":{\"@id\":\"https:\\\/\\\/realtyincanada.com\\\/lenders\\\/#primaryimage\"},\"thumbnailUrl\":\"https:\\\/\\\/realtyincanada.com\\\/\\\/wp-content\\\/uploads\\\/2020\\\/08\\\/image.png\",\"datePublished\":\"2020-08-15T02:28:12+00:00\",\"dateModified\":\"2020-08-15T02:57:15+00:00\",\"breadcrumb\":{\"@id\":\"https:\\\/\\\/realtyincanada.com\\\/lenders\\\/#breadcrumb\"},\"inLanguage\":\"fr-FR\",\"potentialAction\":[{\"@type\":\"ReadAction\",\"target\":[\"https:\\\/\\\/realtyincanada.com\\\/lenders\\\/\"]}]},{\"@type\":\"ImageObject\",\"inLanguage\":\"fr-FR\",\"@id\":\"https:\\\/\\\/realtyincanada.com\\\/lenders\\\/#primaryimage\",\"url\":\"https:\\\/\\\/realtyincanada.com\\\/\\\/wp-content\\\/uploads\\\/2020\\\/08\\\/image.png\",\"contentUrl\":\"https:\\\/\\\/realtyincanada.com\\\/\\\/wp-content\\\/uploads\\\/2020\\\/08\\\/image.png\"},{\"@type\":\"BreadcrumbList\",\"@id\":\"https:\\\/\\\/realtyincanada.com\\\/lenders\\\/#breadcrumb\",\"itemListElement\":[{\"@type\":\"ListItem\",\"position\":1,\"name\":\"Home\",\"item\":\"https:\\\/\\\/realtyincanada.com\\\/fr\\\/\"},{\"@type\":\"ListItem\",\"position\":2,\"name\":\"Pr\u00eateurs\"}]},{\"@type\":\"WebSite\",\"@id\":\"https:\\\/\\\/realtyincanada.com\\\/#website\",\"url\":\"https:\\\/\\\/realtyincanada.com\\\/\",\"name\":\"Realty in Canada\",\"description\":\"Realty in Canada is your right choice for the best property agent in Canada. Contact us to buy, sell or rent your property.\",\"publisher\":{\"@id\":\"https:\\\/\\\/realtyincanada.com\\\/#organization\"},\"potentialAction\":[{\"@type\":\"SearchAction\",\"target\":{\"@type\":\"EntryPoint\",\"urlTemplate\":\"https:\\\/\\\/realtyincanada.com\\\/?s={search_term_string}\"},\"query-input\":{\"@type\":\"PropertyValueSpecification\",\"valueRequired\":true,\"valueName\":\"search_term_string\"}}],\"inLanguage\":\"fr-FR\"},{\"@type\":\"Organization\",\"@id\":\"https:\\\/\\\/realtyincanada.com\\\/#organization\",\"name\":\"Realty In Canada\",\"url\":\"https:\\\/\\\/realtyincanada.com\\\/\",\"logo\":{\"@type\":\"ImageObject\",\"inLanguage\":\"fr-FR\",\"@id\":\"https:\\\/\\\/realtyincanada.com\\\/#\\\/schema\\\/logo\\\/image\\\/\",\"url\":\"https:\\\/\\\/realtyincanada.com\\\/\\\/wp-content\\\/uploads\\\/2019\\\/08\\\/emdadul_hoque_final_footer_nopadding.png\",\"contentUrl\":\"https:\\\/\\\/realtyincanada.com\\\/\\\/wp-content\\\/uploads\\\/2019\\\/08\\\/emdadul_hoque_final_footer_nopadding.png\",\"width\":1490,\"height\":660,\"caption\":\"Realty In Canada\"},\"image\":{\"@id\":\"https:\\\/\\\/realtyincanada.com\\\/#\\\/schema\\\/logo\\\/image\\\/\"}}]}<\/script>\n<!-- \/ Yoast SEO plugin. -->","yoast_head_json":{"title":"Pr\u00eateurs - Realty in Canada","robots":{"index":"index","follow":"follow","max-snippet":"max-snippet:-1","max-image-preview":"max-image-preview:large","max-video-preview":"max-video-preview:-1"},"canonical":"https:\/\/realtyincanada.com\/lenders\/","og_locale":"fr_FR","og_type":"article","og_title":"Pr\u00eateurs - Realty in Canada","og_description":"Comment un courtier hypoth\u00e9caire peut-il vous faire gagner du temps et de l&rsquo;argent? Le recours \u00e0 un courtier en pr\u00eats hypoth\u00e9caires peut vous aider \u00e0 vous lib\u00e9rer de certaines des questions li\u00e9es au stress et au pr\u00eat lorsque vous achetez une maison, surtout si vous achetez une premi\u00e8re maison. Pr\u00eateurs [&hellip;]","og_url":"https:\/\/realtyincanada.com\/lenders\/","og_site_name":"Realty in Canada","article_modified_time":"2020-08-15T02:57:15+00:00","og_image":[{"url":"https:\/\/realtyincanada.com\/\/wp-content\/uploads\/2020\/08\/image.png","type":"","width":"","height":""}],"twitter_card":"summary_large_image","twitter_misc":{"Dur\u00e9e de lecture estim\u00e9e":"1 minute"},"schema":{"@context":"https:\/\/schema.org","@graph":[{"@type":"WebPage","@id":"https:\/\/realtyincanada.com\/lenders\/","url":"https:\/\/realtyincanada.com\/lenders\/","name":"Pr\u00eateurs - Realty in Canada","isPartOf":{"@id":"https:\/\/realtyincanada.com\/#website"},"primaryImageOfPage":{"@id":"https:\/\/realtyincanada.com\/lenders\/#primaryimage"},"image":{"@id":"https:\/\/realtyincanada.com\/lenders\/#primaryimage"},"thumbnailUrl":"https:\/\/realtyincanada.com\/\/wp-content\/uploads\/2020\/08\/image.png","datePublished":"2020-08-15T02:28:12+00:00","dateModified":"2020-08-15T02:57:15+00:00","breadcrumb":{"@id":"https:\/\/realtyincanada.com\/lenders\/#breadcrumb"},"inLanguage":"fr-FR","potentialAction":[{"@type":"ReadAction","target":["https:\/\/realtyincanada.com\/lenders\/"]}]},{"@type":"ImageObject","inLanguage":"fr-FR","@id":"https:\/\/realtyincanada.com\/lenders\/#primaryimage","url":"https:\/\/realtyincanada.com\/\/wp-content\/uploads\/2020\/08\/image.png","contentUrl":"https:\/\/realtyincanada.com\/\/wp-content\/uploads\/2020\/08\/image.png"},{"@type":"BreadcrumbList","@id":"https:\/\/realtyincanada.com\/lenders\/#breadcrumb","itemListElement":[{"@type":"ListItem","position":1,"name":"Home","item":"https:\/\/realtyincanada.com\/fr\/"},{"@type":"ListItem","position":2,"name":"Pr\u00eateurs"}]},{"@type":"WebSite","@id":"https:\/\/realtyincanada.com\/#website","url":"https:\/\/realtyincanada.com\/","name":"Realty in Canada","description":"Realty in Canada is your right choice for the best property agent in Canada. Contact us to buy, sell or rent your property.","publisher":{"@id":"https:\/\/realtyincanada.com\/#organization"},"potentialAction":[{"@type":"SearchAction","target":{"@type":"EntryPoint","urlTemplate":"https:\/\/realtyincanada.com\/?s={search_term_string}"},"query-input":{"@type":"PropertyValueSpecification","valueRequired":true,"valueName":"search_term_string"}}],"inLanguage":"fr-FR"},{"@type":"Organization","@id":"https:\/\/realtyincanada.com\/#organization","name":"Realty In Canada","url":"https:\/\/realtyincanada.com\/","logo":{"@type":"ImageObject","inLanguage":"fr-FR","@id":"https:\/\/realtyincanada.com\/#\/schema\/logo\/image\/","url":"https:\/\/realtyincanada.com\/\/wp-content\/uploads\/2019\/08\/emdadul_hoque_final_footer_nopadding.png","contentUrl":"https:\/\/realtyincanada.com\/\/wp-content\/uploads\/2019\/08\/emdadul_hoque_final_footer_nopadding.png","width":1490,"height":660,"caption":"Realty In Canada"},"image":{"@id":"https:\/\/realtyincanada.com\/#\/schema\/logo\/image\/"}}]}},"_links":{"self":[{"href":"https:\/\/realtyincanada.com\/fr\/wp-json\/wp\/v2\/pages\/5235","targetHints":{"allow":["GET"]}}],"collection":[{"href":"https:\/\/realtyincanada.com\/fr\/wp-json\/wp\/v2\/pages"}],"about":[{"href":"https:\/\/realtyincanada.com\/fr\/wp-json\/wp\/v2\/types\/page"}],"author":[{"embeddable":true,"href":"https:\/\/realtyincanada.com\/fr\/wp-json\/wp\/v2\/users\/4"}],"replies":[{"embeddable":true,"href":"https:\/\/realtyincanada.com\/fr\/wp-json\/wp\/v2\/comments?post=5235"}],"version-history":[{"count":6,"href":"https:\/\/realtyincanada.com\/fr\/wp-json\/wp\/v2\/pages\/5235\/revisions"}],"predecessor-version":[{"id":5250,"href":"https:\/\/realtyincanada.com\/fr\/wp-json\/wp\/v2\/pages\/5235\/revisions\/5250"}],"wp:attachment":[{"href":"https:\/\/realtyincanada.com\/fr\/wp-json\/wp\/v2\/media?parent=5235"}],"curies":[{"name":"wp","href":"https:\/\/api.w.org\/{rel}","templated":true}]}}