{"id":5570,"date":"2022-02-15T00:00:30","date_gmt":"2022-02-15T04:00:30","guid":{"rendered":"https:\/\/realtyincanada.com\/?page_id=5570"},"modified":"2022-03-06T01:37:44","modified_gmt":"2022-03-06T05:37:44","slug":"thailande-immobilier-phuket","status":"publish","type":"page","link":"https:\/\/realtyincanada.com\/fr\/thailande-immobilier-phuket\/","title":{"rendered":"Thailande Immobilier Phuket"},"content":{"rendered":"\r\n<h3 id=\"ile-de-phuket\" class=\"has-very-dark-gray-color has-text-color wp-block-heading\"><strong>\u00cele de Phuket<\/strong><\/h3>\r\n\r\n\r\n\r\n<figure class=\"wp-block-image size-large\"><img fetchpriority=\"high\" decoding=\"async\" width=\"1024\" height=\"461\" class=\"wp-image-5594\" src=\"https:\/\/realtyincanada.com\/\/wp-content\/uploads\/2022\/02\/Phuket-1-1024x461.jpg\" alt=\"\" srcset=\"https:\/\/realtyincanada.com\/wp-content\/uploads\/2022\/02\/Phuket-1-1024x461.jpg 1024w, https:\/\/realtyincanada.com\/wp-content\/uploads\/2022\/02\/Phuket-1-300x135.jpg 300w, https:\/\/realtyincanada.com\/wp-content\/uploads\/2022\/02\/Phuket-1-768x346.jpg 768w, https:\/\/realtyincanada.com\/wp-content\/uploads\/2022\/02\/Phuket-1.jpg 1279w\" sizes=\"(max-width: 1024px) 100vw, 1024px\" \/><\/figure>\r\n\r\n\r\n\r\n<p>Propri\u00e9t\u00e9 \u00e0 vendre \u00e0 Phuket. Trouvez votre propri\u00e9t\u00e9 en bord de mer \u00e0 Phuket. Phuket est la plus grande \u00eele de Tha\u00eflande et sans doute la plus c\u00e9l\u00e8bre. Les eaux bleues, les plages de sable, la cuisine tha\u00eflandaise \u00e9pic\u00e9e et l&rsquo;excellente plong\u00e9e en apn\u00e9e et plong\u00e9e font partie de l&rsquo;appel. Arrivant du monde entier, les voyageurs affluent \u00e0 Phuket pour la d\u00e9tente et l&rsquo;aventure, et l&rsquo;\u00eele est consid\u00e9r\u00e9e comme l&rsquo;une des destinations les plus populaires de Tha\u00eflande.<\/p>\r\n\r\n\r\n\r\n<p>L&rsquo;une des destinations de vacances les plus populaires d&rsquo;Asie, Phuket est r\u00e9put\u00e9e pour ses plages spectaculaires, son climat tropical magnifique et sa riche culture imbriqu\u00e9e dans la vie moderne. Il existe diff\u00e9rentes stations baln\u00e9aires de Phuket parmi lesquelles choisir. En raison du fait que Phuket est la plus grande \u00eele de Tha\u00eflande. C&rsquo;est une destination de vacances populaire pour ceux qui recherchent une escapade \u00e0 la plage depuis de nombreuses ann\u00e9es. Certains visiteurs en font m\u00eame un voyage annuel. Cette \u00eele populaire fait directement face \u00e0 la mer d&rsquo;Andaman. Ainsi, vous pouvez vous attendre \u00e0 \u00eatre entour\u00e9 d&rsquo;eaux bleues cristallines. De plus, l&rsquo;autre avantage de visiter Phuket est le nombre de petites \u00eeles entourant l&rsquo;\u00eele principale. Un court trajet en hors-bord et vous pourrez passer la journ\u00e9e d&rsquo;\u00eele en \u00eele vers certaines des plus belles plages.<\/p>\r\n\r\n\r\n\r\n<figure class=\"wp-block-image size-large\"><img decoding=\"async\" width=\"1024\" height=\"458\" class=\"wp-image-5609\" src=\"https:\/\/realtyincanada.com\/\/wp-content\/uploads\/2022\/02\/Thailand-Phuket-3-1024x458.jpg\" alt=\"\" srcset=\"https:\/\/realtyincanada.com\/wp-content\/uploads\/2022\/02\/Thailand-Phuket-3-1024x458.jpg 1024w, https:\/\/realtyincanada.com\/wp-content\/uploads\/2022\/02\/Thailand-Phuket-3-300x134.jpg 300w, https:\/\/realtyincanada.com\/wp-content\/uploads\/2022\/02\/Thailand-Phuket-3-768x343.jpg 768w, https:\/\/realtyincanada.com\/wp-content\/uploads\/2022\/02\/Thailand-Phuket-3.jpg 1277w\" sizes=\"(max-width: 1024px) 100vw, 1024px\" \/><\/figure>\r\n\r\n\r\n\r\n<p>Phuket a un climat exceptionnel avec des journ\u00e9es chaudes et ensoleill\u00e9es toute l&rsquo;ann\u00e9e. La saison de la mousson s&rsquo;\u00e9tend g\u00e9n\u00e9ralement de la mi-mai \u00e0 octobre, mais il se peut qu&rsquo;il ne pleuve qu&rsquo;une ou deux fois par jour pendant cette p\u00e9riode.<\/p>\r\n<p><iframe title=\"THAILAND Travel Guide \ud83c\uddf9\ud83c\udded 48 Hours in Phuket\" width=\"640\" height=\"360\" src=\"https:\/\/www.youtube.com\/embed\/ztQaEvHwHSw?start=91&#038;feature=oembed\" frameborder=\"0\" allow=\"accelerometer; autoplay; clipboard-write; encrypted-media; gyroscope; picture-in-picture; web-share\" referrerpolicy=\"strict-origin-when-cross-origin\" allowfullscreen><\/iframe><\/p>\r\n\r\n\r\n\r\n<p><strong>Les \u00e9trangers peuvent-ils acheter une propri\u00e9t\u00e9 \u00e0 Phuket ?<\/strong><\/p>\r\n<p>\u00a0Oui. Les \u00e9trangers peuvent l\u00e9galement acheter une propri\u00e9t\u00e9 \u00e0 Phuket. Vous pouvez poss\u00e9der des unit\u00e9s dans une copropri\u00e9t\u00e9 enregistr\u00e9e (propri\u00e9t\u00e9 \u00e9trang\u00e8re ou bail) et vous pouvez acheter une maison, une villa ou un appartement (bail). En vertu de la loi tha\u00eflandaise, les ressortissants \u00e9trangers ne sont pas autoris\u00e9s \u00e0 poss\u00e9der des terres \u00e0 Phuket.<\/p>\r\n<p><strong>Qu&rsquo;est-ce que la propri\u00e9t\u00e9 \u00e9trang\u00e8re en pleine propri\u00e9t\u00e9\u00a0?<\/strong><\/p>\r\n<p>En ce qui concerne l&rsquo;achat d&rsquo;une propri\u00e9t\u00e9 \u00e0 Phuket, la propri\u00e9t\u00e9 \u00e9trang\u00e8re en pleine propri\u00e9t\u00e9 ne s&rsquo;applique qu&rsquo;\u00e0 l&rsquo;achat d&rsquo;unit\u00e9s de condominium et signifie qu&rsquo;en tant qu&rsquo;\u00e9tranger, vous \u00eates propri\u00e9taire de l&rsquo;unit\u00e9.<\/p>\r\n<p><strong>Qu&rsquo;est-ce que la propri\u00e9t\u00e9 \u00e0 bail ?<\/strong><\/p>\r\n<p>La propri\u00e9t\u00e9 \u00e0 bail s&rsquo;applique \u00e0 toutes les unit\u00e9s non \u00e9trang\u00e8res en pleine propri\u00e9t\u00e9 dans une copropri\u00e9t\u00e9, ou un <strong>appartement, une maison ou une villa<\/strong> &#8211; vous achetez la propri\u00e9t\u00e9 sur la base d&rsquo;un bail de<strong> 30 ans<\/strong>. Le bail dure 30 ans et apr\u00e8s cette p\u00e9riode, il peut y avoir une option de renouvellement.<\/p>\r\n<p><strong>Quel est le meilleur endroit pour acheter une propri\u00e9t\u00e9 en Tha\u00eflande ?<\/strong><\/p>\r\n<p>Habituellement, les villes et les provinces les plus populaires pour les acheteurs de maisons et les investisseurs \u00e9trangers d\u00e9sireux d&rsquo;acheter un bien immobilier en Tha\u00eflande sont les suivantes\u00a0:<\/p>\r\n<ul>\r\n<li>Bangkok<\/li>\r\n<li>Phuket<\/li>\r\n<li>Pattaya<\/li>\r\n<li>Chiang Ma\u00ef<\/li>\r\n<li>Hua Hin<\/li>\r\n<li>Ko Samui<\/li>\r\n<\/ul>\r\n<p><strong>Qu&rsquo;en est-il du reste de la Tha\u00eflande &#8211; Les \u00e9trangers peuvent-ils acheter une propri\u00e9t\u00e9 en Tha\u00eflande ?<\/strong><\/p>\r\n<p>Les r\u00e8gles d&rsquo;achat d&rsquo;une propri\u00e9t\u00e9 \u00e0 Phuket sont les m\u00eames pour le reste de la Tha\u00eflande.<\/p>\r\n<p><strong>La Tha\u00eflande est-elle bonne pour l&rsquo;investissement immobilier pour les \u00e9trangers ?<\/strong><\/p>\r\n<p>La Tha\u00eflande est la premi\u00e8re destination touristique de l&rsquo;ASEAN. Elle a \u00e9t\u00e9 reconnue comme une destination de r\u00eave et c&rsquo;est l&rsquo;endroit id\u00e9al pour un investissement immobilier pour \u00e9trangers. De nombreuses destinations sont disponibles et proposent des investissements au rendement locatif, de 7% \u00e0 9% net par an.<\/p>\r\n<p>Je peux vous aider avec votre demande de pr\u00eat hypoth\u00e9caire et r\u00e9pondre \u00e0 toutes vos questions.<\/p>\r\n\r\n\r\n\r\n<p><strong>Veuillez compl\u00e9ter les informations suivantes et nous vous contacterons dans les plus brefs d\u00e9lais.<\/strong><\/p>\r\n\r\n\r\n\n<div class=\"wpcf7 no-js\" id=\"wpcf7-f3041-o1\" lang=\"en-US\" dir=\"ltr\" data-wpcf7-id=\"3041\">\n<div class=\"screen-reader-response\"><p role=\"status\" aria-live=\"polite\" aria-atomic=\"true\"><\/p> <ul><\/ul><\/div>\n<form action=\"\/fr\/wp-json\/wp\/v2\/pages\/5570#wpcf7-f3041-o1\" method=\"post\" class=\"wpcf7-form init\" aria-label=\"Contact form\" novalidate=\"novalidate\" data-status=\"init\">\n<fieldset class=\"hidden-fields-container\"><input type=\"hidden\" name=\"_wpcf7\" value=\"3041\" \/><input type=\"hidden\" name=\"_wpcf7_version\" value=\"6.1.5\" \/><input type=\"hidden\" name=\"_wpcf7_locale\" value=\"en_US\" \/><input type=\"hidden\" name=\"_wpcf7_unit_tag\" value=\"wpcf7-f3041-o1\" \/><input type=\"hidden\" name=\"_wpcf7_container_post\" value=\"0\" \/><input type=\"hidden\" name=\"_wpcf7_posted_data_hash\" value=\"\" \/><input type=\"hidden\" name=\"_wpcf7_recaptcha_response\" value=\"\" \/>\n<\/fieldset>\n<div class=\"row evalutaion-form-cf7\">\n\t<div class=\"col-md-6 col-xs-12\">\n\t\t<h3 class=\"form-section-title\">Informations G\u00e9n\u00e9rales\n\t\t<\/h3>\n\t\t<p><span class=\"wpcf7-form-control-wrap\" data-name=\"nom\"><input size=\"40\" maxlength=\"400\" class=\"wpcf7-form-control wpcf7-text wpcf7-validates-as-required\" aria-required=\"true\" aria-invalid=\"false\" placeholder=\"Nom\" value=\"\" type=\"text\" name=\"nom\" \/><\/span><br \/>\n<span class=\"wpcf7-form-control-wrap\" data-name=\"company\"><input size=\"40\" maxlength=\"400\" class=\"wpcf7-form-control wpcf7-text\" aria-invalid=\"false\" placeholder=\"Nom de compagnie\" value=\"\" type=\"text\" name=\"company\" \/><\/span><br \/>\n<span class=\"wpcf7-form-control-wrap\" data-name=\"email\"><input size=\"40\" maxlength=\"400\" class=\"wpcf7-form-control wpcf7-email wpcf7-validates-as-required wpcf7-text wpcf7-validates-as-email\" aria-required=\"true\" aria-invalid=\"false\" placeholder=\"Courriel\" value=\"\" type=\"email\" name=\"email\" \/><\/span><br \/>\n<span class=\"wpcf7-form-control-wrap\" data-name=\"phone\"><input size=\"40\" maxlength=\"400\" class=\"wpcf7-form-control wpcf7-tel wpcf7-validates-as-required wpcf7-text wpcf7-validates-as-tel\" aria-required=\"true\" aria-invalid=\"false\" placeholder=\"T\u00e9l\u00e9phone\" value=\"\" type=\"tel\" name=\"phone\" \/><\/span><br \/>\n<span class=\"wpcf7-form-control-wrap\" data-name=\"address\"><input size=\"40\" maxlength=\"400\" class=\"wpcf7-form-control wpcf7-text wpcf7-validates-as-required\" aria-required=\"true\" aria-invalid=\"false\" placeholder=\"Adresse\" value=\"\" type=\"text\" name=\"address\" \/><\/span><br \/>\n<span class=\"wpcf7-form-control-wrap\" data-name=\"city\"><input size=\"40\" maxlength=\"400\" class=\"wpcf7-form-control wpcf7-text wpcf7-validates-as-required\" aria-required=\"true\" aria-invalid=\"false\" placeholder=\"Ville\" value=\"\" type=\"text\" name=\"city\" \/><\/span><br \/>\n<span class=\"wpcf7-form-control-wrap\" data-name=\"postal\"><input size=\"40\" maxlength=\"400\" class=\"wpcf7-form-control wpcf7-text wpcf7-validates-as-required\" aria-required=\"true\" aria-invalid=\"false\" placeholder=\"Code Postal\" value=\"\" type=\"text\" name=\"postal\" \/><\/span><br \/>\n<label for=\"property-type-desktop\"><\/label>\n\t\t<\/p>\n\t<\/div>\n\t<div class=\"col-md-6 col-xs-12\">\n\t<hr class=\"hidden-md-up\" \/>\n\t\t<h3 class=\"form-section-title\">D\u00e9tails De La Propri\u00e9t\u00e9\n\t\t<\/h3>\n\t\t<p><span class=\"wpcf7-form-control-wrap\" data-name=\"property-type-desktop\"><select class=\"wpcf7-form-control wpcf7-select wpcf7-validates-as-required\" aria-required=\"true\" aria-invalid=\"false\" name=\"property-type-desktop\"><option value=\"\">Type de la propri\u00e9t\u00e9<\/option><option value=\"Appartement\">Appartement<\/option><option value=\"B\u00e2timent et vente d\u2019entreprise\">B\u00e2timent et vente d\u2019entreprise<\/option><option value=\"Bungalow\">Bungalow<\/option><option value=\"Chalet\">Chalet<\/option><option value=\"B\u00e2timent commercial et terrain\">B\u00e2timent commercial et terrain<\/option><option value=\"B\u00e2timent commercial \/ bureau\">B\u00e2timent commercial \/ bureau<\/option><option value=\"Espace de location commercial \/ bureau\">Espace de location commercial \/ bureau<\/option><option value=\"Garderie\">Garderie<\/option><option value=\"Duplex\">Duplex<\/option><option value=\"Ferme\">Ferme<\/option><option value=\"Ferme de loisirs\">Ferme de loisirs<\/option><option value=\"B\u00e2timent industriel\">B\u00e2timent industriel<\/option><option value=\"B\u00e2timent industriel et terrain\">B\u00e2timent industriel et terrain<\/option><option value=\"Condo Industriel\">Condo Industriel<\/option><option value=\"Location d\u2019espaces industriels\">Location d\u2019espaces industriels<\/option><option value=\"Loft \/ Studio\">Loft \/ Studio<\/option><option value=\"Maison mobile\">Maison mobile<\/option><option value=\"Maison d\u2019un \u00e9tage et demi\">Maison d\u2019un \u00e9tage et demi<\/option><option value=\"Quadruplex\">Quadruplex<\/option><option value=\"Quintuplex\">Quintuplex<\/option><option value=\"\u00c0 deux niveaux\">\u00c0 deux niveaux<\/option><option value=\"Triplex\">Triplex<\/option><option value=\"Maison \u00e0 \u00e9tages\">Maison \u00e0 \u00e9tages<\/option><option value=\"Terrain vacant\">Terrain vacant<\/option><option value=\"Terre \u00e0 Bois\">Terre \u00e0 Bois<\/option><\/select><\/span><br \/>\n<span class=\"wpcf7-form-control-wrap\" data-name=\"bedrooms\"><input class=\"wpcf7-form-control wpcf7-number wpcf7-validates-as-required wpcf7-validates-as-number\" min=\"1\" max=\"25\" aria-required=\"true\" aria-invalid=\"false\" placeholder=\"Chambres\" value=\"\" type=\"number\" name=\"bedrooms\" \/><\/span><br \/>\n<span class=\"wpcf7-form-control-wrap\" data-name=\"bathrooms\"><input class=\"wpcf7-form-control wpcf7-number wpcf7-validates-as-required wpcf7-validates-as-number\" min=\"1\" max=\"25\" aria-required=\"true\" aria-invalid=\"false\" placeholder=\"Salles de bains\" value=\"\" type=\"number\" name=\"bathrooms\" \/><\/span><br \/>\n<span class=\"wpcf7-form-control-wrap\" data-name=\"size\"><input class=\"wpcf7-form-control wpcf7-number wpcf7-validates-as-required wpcf7-validates-as-number\" min=\"100\" max=\"10000\" aria-required=\"true\" aria-invalid=\"false\" placeholder=\"Taille (pi ca)\" value=\"\" type=\"number\" name=\"size\" \/><\/span><br \/>\n<span class=\"wpcf7-form-control-wrap\" data-name=\"features\"><textarea cols=\"40\" rows=\"10\" maxlength=\"2000\" class=\"wpcf7-form-control wpcf7-textarea wpcf7-validates-as-required\" aria-required=\"true\" aria-invalid=\"false\" placeholder=\"Caract\u00e9ristiques \/ Commentaires\" name=\"features\"><\/textarea><\/span>\n\t\t<\/p>\n\t<\/div>\n\t<div class=\"col-xs-12\">\n\t\t<p><button type=\"submit\" style=\"margin: -32px auto; width: 140px;\" class=\"cta-blog\">Envoyer<\/button>\n\t\t<\/p>\n\t<\/div>\n<\/div><p style=\"display: none !important;\" class=\"akismet-fields-container\" data-prefix=\"_wpcf7_ak_\"><label>&#916;<textarea name=\"_wpcf7_ak_hp_textarea\" cols=\"45\" rows=\"8\" maxlength=\"100\"><\/textarea><\/label><input type=\"hidden\" id=\"ak_js_1\" name=\"_wpcf7_ak_js\" value=\"26\"\/><script>document.getElementById( \"ak_js_1\" ).setAttribute( \"value\", ( new Date() ).getTime() );<\/script><\/p><div class=\"wpcf7-response-output\" aria-hidden=\"true\"><\/div>\n<\/form>\n<\/div>\n\n\r\n\r\n\r\n<p>&nbsp;<\/p>\r\n\r\n\r\n\r\n<p>Vous pouvez me trouver et me joindre:\u00a0<strong>WhatsApp, \u00a0imo, \u00a0WeChat, Viber, Messenger<\/strong><\/p>\r\n\r\n\r\n\r\n<p>Emdadul Hoque, Agent immobilier<\/p>\r\n\r\n\r\n\r\n<p><strong>\u260e +1 514 654 8890<\/strong><\/p>\r\n\r\n\r\n\r\n<figure class=\"wp-block-image\"><img decoding=\"async\" width=\"300\" height=\"57\" class=\"wp-image-4470\" src=\"https:\/\/realtyincanada.com\/\/wp-content\/uploads\/2019\/09\/WhatsApp-WeChat-Viber-imo-Messenger-300x57.jpg\" alt=\"\" srcset=\"https:\/\/realtyincanada.com\/wp-content\/uploads\/2019\/09\/WhatsApp-WeChat-Viber-imo-Messenger-300x57.jpg 300w, https:\/\/realtyincanada.com\/wp-content\/uploads\/2019\/09\/WhatsApp-WeChat-Viber-imo-Messenger-768x147.jpg 768w, https:\/\/realtyincanada.com\/wp-content\/uploads\/2019\/09\/WhatsApp-WeChat-Viber-imo-Messenger.jpg 873w\" sizes=\"(max-width: 300px) 100vw, 300px\" \/><\/figure>\r\n\r\n\r\n\r\n<p>Pour en savoir plus, appelez d\u00e8s aujourd\u2019hui au\u00a0 \u260e\u00a0<strong>+ 1<\/strong>\u00a0<strong>514-654-8890<\/strong>\u00a0ou envoyez un e-mail \u00e0 :\u00a0<a href=\"mailto:info@realtyincanada.com\"><strong>info@realtyincanada.com<\/strong><\/a>\u00a0pour tous vos besoins immobiliers !<\/p>\r\n","protected":false},"excerpt":{"rendered":"<p>\u00cele de Phuket Propri\u00e9t\u00e9 \u00e0 vendre \u00e0 Phuket. Trouvez votre propri\u00e9t\u00e9 en bord de mer \u00e0 Phuket. Phuket est la plus grande \u00eele de Tha\u00eflande et sans doute la plus c\u00e9l\u00e8bre. Les eaux bleues, les plages de sable, la cuisine tha\u00eflandaise \u00e9pic\u00e9e et l&rsquo;excellente plong\u00e9e en apn\u00e9e et plong\u00e9e font [&hellip;]<\/p>\n","protected":false},"author":4,"featured_media":0,"parent":0,"menu_order":0,"comment_status":"closed","ping_status":"closed","template":"","meta":{"_acf_changed":false,"footnotes":""},"class_list":["post-5570","page","type-page","status-publish","hentry"],"acf":[],"yoast_head":"<!-- This site is optimized with the Yoast SEO plugin v27.4 - https:\/\/yoast.com\/product\/yoast-seo-wordpress\/ -->\n<title>Thailande Immobilier Phuket - Realty in Canada<\/title>\n<meta name=\"robots\" content=\"index, follow, max-snippet:-1, max-image-preview:large, max-video-preview:-1\" \/>\n<link rel=\"canonical\" href=\"https:\/\/realtyincanada.com\/thailand-property-phuket\/\" \/>\n<meta property=\"og:locale\" content=\"fr_FR\" \/>\n<meta property=\"og:type\" content=\"article\" \/>\n<meta property=\"og:title\" content=\"Thailande Immobilier Phuket - Realty in Canada\" \/>\n<meta property=\"og:description\" content=\"\u00cele de Phuket Propri\u00e9t\u00e9 \u00e0 vendre \u00e0 Phuket. Trouvez votre propri\u00e9t\u00e9 en bord de mer \u00e0 Phuket. Phuket est la plus grande \u00eele de Tha\u00eflande et sans doute la plus c\u00e9l\u00e8bre. Les eaux bleues, les plages de sable, la cuisine tha\u00eflandaise \u00e9pic\u00e9e et l&rsquo;excellente plong\u00e9e en apn\u00e9e et plong\u00e9e font [&hellip;]\" \/>\n<meta property=\"og:url\" content=\"https:\/\/realtyincanada.com\/thailand-property-phuket\/\" \/>\n<meta property=\"og:site_name\" content=\"Realty in Canada\" \/>\n<meta property=\"article:modified_time\" content=\"2022-03-06T05:37:44+00:00\" \/>\n<meta property=\"og:image\" content=\"https:\/\/realtyincanada.com\/\/wp-content\/uploads\/2022\/02\/Phuket-1-1024x461.jpg\" \/>\n<meta name=\"twitter:card\" content=\"summary_large_image\" \/>\n<meta name=\"twitter:label1\" content=\"Dur\u00e9e de lecture estim\u00e9e\" \/>\n\t<meta name=\"twitter:data1\" content=\"4 minutes\" \/>\n<script type=\"application\/ld+json\" class=\"yoast-schema-graph\">{\"@context\":\"https:\\\/\\\/schema.org\",\"@graph\":[{\"@type\":\"WebPage\",\"@id\":\"https:\\\/\\\/realtyincanada.com\\\/thailand-property-phuket\\\/\",\"url\":\"https:\\\/\\\/realtyincanada.com\\\/thailand-property-phuket\\\/\",\"name\":\"Thailande Immobilier Phuket - Realty in Canada\",\"isPartOf\":{\"@id\":\"https:\\\/\\\/realtyincanada.com\\\/#website\"},\"primaryImageOfPage\":{\"@id\":\"https:\\\/\\\/realtyincanada.com\\\/thailand-property-phuket\\\/#primaryimage\"},\"image\":{\"@id\":\"https:\\\/\\\/realtyincanada.com\\\/thailand-property-phuket\\\/#primaryimage\"},\"thumbnailUrl\":\"https:\\\/\\\/realtyincanada.com\\\/\\\/wp-content\\\/uploads\\\/2022\\\/02\\\/Phuket-1-1024x461.jpg\",\"datePublished\":\"2022-02-15T04:00:30+00:00\",\"dateModified\":\"2022-03-06T05:37:44+00:00\",\"breadcrumb\":{\"@id\":\"https:\\\/\\\/realtyincanada.com\\\/thailand-property-phuket\\\/#breadcrumb\"},\"inLanguage\":\"fr-FR\",\"potentialAction\":[{\"@type\":\"ReadAction\",\"target\":[\"https:\\\/\\\/realtyincanada.com\\\/thailand-property-phuket\\\/\"]}]},{\"@type\":\"ImageObject\",\"inLanguage\":\"fr-FR\",\"@id\":\"https:\\\/\\\/realtyincanada.com\\\/thailand-property-phuket\\\/#primaryimage\",\"url\":\"https:\\\/\\\/realtyincanada.com\\\/\\\/wp-content\\\/uploads\\\/2022\\\/02\\\/Phuket-1-1024x461.jpg\",\"contentUrl\":\"https:\\\/\\\/realtyincanada.com\\\/\\\/wp-content\\\/uploads\\\/2022\\\/02\\\/Phuket-1-1024x461.jpg\"},{\"@type\":\"BreadcrumbList\",\"@id\":\"https:\\\/\\\/realtyincanada.com\\\/thailand-property-phuket\\\/#breadcrumb\",\"itemListElement\":[{\"@type\":\"ListItem\",\"position\":1,\"name\":\"Home\",\"item\":\"https:\\\/\\\/realtyincanada.com\\\/fr\\\/\"},{\"@type\":\"ListItem\",\"position\":2,\"name\":\"Thailande Immobilier Phuket\"}]},{\"@type\":\"WebSite\",\"@id\":\"https:\\\/\\\/realtyincanada.com\\\/#website\",\"url\":\"https:\\\/\\\/realtyincanada.com\\\/\",\"name\":\"Realty in Canada\",\"description\":\"Realty in Canada is your right choice for the best property agent in Canada. Contact us to buy, sell or rent your property.\",\"publisher\":{\"@id\":\"https:\\\/\\\/realtyincanada.com\\\/#organization\"},\"potentialAction\":[{\"@type\":\"SearchAction\",\"target\":{\"@type\":\"EntryPoint\",\"urlTemplate\":\"https:\\\/\\\/realtyincanada.com\\\/?s={search_term_string}\"},\"query-input\":{\"@type\":\"PropertyValueSpecification\",\"valueRequired\":true,\"valueName\":\"search_term_string\"}}],\"inLanguage\":\"fr-FR\"},{\"@type\":\"Organization\",\"@id\":\"https:\\\/\\\/realtyincanada.com\\\/#organization\",\"name\":\"Realty In Canada\",\"url\":\"https:\\\/\\\/realtyincanada.com\\\/\",\"logo\":{\"@type\":\"ImageObject\",\"inLanguage\":\"fr-FR\",\"@id\":\"https:\\\/\\\/realtyincanada.com\\\/#\\\/schema\\\/logo\\\/image\\\/\",\"url\":\"https:\\\/\\\/realtyincanada.com\\\/\\\/wp-content\\\/uploads\\\/2019\\\/08\\\/emdadul_hoque_final_footer_nopadding.png\",\"contentUrl\":\"https:\\\/\\\/realtyincanada.com\\\/\\\/wp-content\\\/uploads\\\/2019\\\/08\\\/emdadul_hoque_final_footer_nopadding.png\",\"width\":1490,\"height\":660,\"caption\":\"Realty In Canada\"},\"image\":{\"@id\":\"https:\\\/\\\/realtyincanada.com\\\/#\\\/schema\\\/logo\\\/image\\\/\"}}]}<\/script>\n<!-- \/ Yoast SEO plugin. -->","yoast_head_json":{"title":"Thailande Immobilier Phuket - Realty in Canada","robots":{"index":"index","follow":"follow","max-snippet":"max-snippet:-1","max-image-preview":"max-image-preview:large","max-video-preview":"max-video-preview:-1"},"canonical":"https:\/\/realtyincanada.com\/thailand-property-phuket\/","og_locale":"fr_FR","og_type":"article","og_title":"Thailande Immobilier Phuket - Realty in Canada","og_description":"\u00cele de Phuket Propri\u00e9t\u00e9 \u00e0 vendre \u00e0 Phuket. Trouvez votre propri\u00e9t\u00e9 en bord de mer \u00e0 Phuket. Phuket est la plus grande \u00eele de Tha\u00eflande et sans doute la plus c\u00e9l\u00e8bre. Les eaux bleues, les plages de sable, la cuisine tha\u00eflandaise \u00e9pic\u00e9e et l&rsquo;excellente plong\u00e9e en apn\u00e9e et plong\u00e9e font [&hellip;]","og_url":"https:\/\/realtyincanada.com\/thailand-property-phuket\/","og_site_name":"Realty in Canada","article_modified_time":"2022-03-06T05:37:44+00:00","og_image":[{"url":"https:\/\/realtyincanada.com\/\/wp-content\/uploads\/2022\/02\/Phuket-1-1024x461.jpg","type":"","width":"","height":""}],"twitter_card":"summary_large_image","twitter_misc":{"Dur\u00e9e de lecture estim\u00e9e":"4 minutes"},"schema":{"@context":"https:\/\/schema.org","@graph":[{"@type":"WebPage","@id":"https:\/\/realtyincanada.com\/thailand-property-phuket\/","url":"https:\/\/realtyincanada.com\/thailand-property-phuket\/","name":"Thailande Immobilier Phuket - Realty in Canada","isPartOf":{"@id":"https:\/\/realtyincanada.com\/#website"},"primaryImageOfPage":{"@id":"https:\/\/realtyincanada.com\/thailand-property-phuket\/#primaryimage"},"image":{"@id":"https:\/\/realtyincanada.com\/thailand-property-phuket\/#primaryimage"},"thumbnailUrl":"https:\/\/realtyincanada.com\/\/wp-content\/uploads\/2022\/02\/Phuket-1-1024x461.jpg","datePublished":"2022-02-15T04:00:30+00:00","dateModified":"2022-03-06T05:37:44+00:00","breadcrumb":{"@id":"https:\/\/realtyincanada.com\/thailand-property-phuket\/#breadcrumb"},"inLanguage":"fr-FR","potentialAction":[{"@type":"ReadAction","target":["https:\/\/realtyincanada.com\/thailand-property-phuket\/"]}]},{"@type":"ImageObject","inLanguage":"fr-FR","@id":"https:\/\/realtyincanada.com\/thailand-property-phuket\/#primaryimage","url":"https:\/\/realtyincanada.com\/\/wp-content\/uploads\/2022\/02\/Phuket-1-1024x461.jpg","contentUrl":"https:\/\/realtyincanada.com\/\/wp-content\/uploads\/2022\/02\/Phuket-1-1024x461.jpg"},{"@type":"BreadcrumbList","@id":"https:\/\/realtyincanada.com\/thailand-property-phuket\/#breadcrumb","itemListElement":[{"@type":"ListItem","position":1,"name":"Home","item":"https:\/\/realtyincanada.com\/fr\/"},{"@type":"ListItem","position":2,"name":"Thailande Immobilier Phuket"}]},{"@type":"WebSite","@id":"https:\/\/realtyincanada.com\/#website","url":"https:\/\/realtyincanada.com\/","name":"Realty in Canada","description":"Realty in Canada is your right choice for the best property agent in Canada. Contact us to buy, sell or rent your property.","publisher":{"@id":"https:\/\/realtyincanada.com\/#organization"},"potentialAction":[{"@type":"SearchAction","target":{"@type":"EntryPoint","urlTemplate":"https:\/\/realtyincanada.com\/?s={search_term_string}"},"query-input":{"@type":"PropertyValueSpecification","valueRequired":true,"valueName":"search_term_string"}}],"inLanguage":"fr-FR"},{"@type":"Organization","@id":"https:\/\/realtyincanada.com\/#organization","name":"Realty In Canada","url":"https:\/\/realtyincanada.com\/","logo":{"@type":"ImageObject","inLanguage":"fr-FR","@id":"https:\/\/realtyincanada.com\/#\/schema\/logo\/image\/","url":"https:\/\/realtyincanada.com\/\/wp-content\/uploads\/2019\/08\/emdadul_hoque_final_footer_nopadding.png","contentUrl":"https:\/\/realtyincanada.com\/\/wp-content\/uploads\/2019\/08\/emdadul_hoque_final_footer_nopadding.png","width":1490,"height":660,"caption":"Realty In Canada"},"image":{"@id":"https:\/\/realtyincanada.com\/#\/schema\/logo\/image\/"}}]}},"_links":{"self":[{"href":"https:\/\/realtyincanada.com\/fr\/wp-json\/wp\/v2\/pages\/5570","targetHints":{"allow":["GET"]}}],"collection":[{"href":"https:\/\/realtyincanada.com\/fr\/wp-json\/wp\/v2\/pages"}],"about":[{"href":"https:\/\/realtyincanada.com\/fr\/wp-json\/wp\/v2\/types\/page"}],"author":[{"embeddable":true,"href":"https:\/\/realtyincanada.com\/fr\/wp-json\/wp\/v2\/users\/4"}],"replies":[{"embeddable":true,"href":"https:\/\/realtyincanada.com\/fr\/wp-json\/wp\/v2\/comments?post=5570"}],"version-history":[{"count":18,"href":"https:\/\/realtyincanada.com\/fr\/wp-json\/wp\/v2\/pages\/5570\/revisions"}],"predecessor-version":[{"id":5784,"href":"https:\/\/realtyincanada.com\/fr\/wp-json\/wp\/v2\/pages\/5570\/revisions\/5784"}],"wp:attachment":[{"href":"https:\/\/realtyincanada.com\/fr\/wp-json\/wp\/v2\/media?parent=5570"}],"curies":[{"name":"wp","href":"https:\/\/api.w.org\/{rel}","templated":true}]}}