{"id":5581,"date":"2022-02-14T19:57:29","date_gmt":"2022-02-14T23:57:29","guid":{"rendered":"https:\/\/realtyincanada.com\/?page_id=5581"},"modified":"2022-11-09T23:02:05","modified_gmt":"2022-11-10T03:02:05","slug":"immobilier-emirats-arabes-unis","status":"publish","type":"page","link":"https:\/\/realtyincanada.com\/fr\/immobilier-emirats-arabes-unis\/","title":{"rendered":"Immobilier Emirats Arabes Unis"},"content":{"rendered":"\r\n\r\n\r\n<h3><span style=\"color: #000000;\"><strong>Propri\u00e9t\u00e9 \u00e0 vendre\u00a0aux\u00a0\u00c9mirats arabes unis (EAU)<\/strong><\/span><\/h3>\r\n<p><strong>Acheter une propri\u00e9t\u00e9 \u00e0 Duba\u00ef<\/strong><\/p>\r\n<p>Duba\u00ef n&rsquo;est pas une capitale des \u00c9mirats arabes unis, mais elle attire beaucoup plus de touristes du monde entier. Vous savez tr\u00e8s probablement que c&rsquo;est l\u00e0 que se trouve le plus haut b\u00e2timent du monde &#8211; Burj Khalifa qui attire beaucoup de monde, ainsi que des quartiers importants comme Dubai Marina ou Palm Jumeirah. \u00c0 Duba\u00ef, la propri\u00e9t\u00e9 \u00e9trang\u00e8re est autoris\u00e9e dans les zones d\u00e9sign\u00e9es comme pleine propri\u00e9t\u00e9. Les \u00e9trangers (qui ne vivent pas aux \u00c9mirats arabes unis) et les r\u00e9sidents expatri\u00e9s peuvent acqu\u00e9rir des droits de propri\u00e9t\u00e9 en pleine propri\u00e9t\u00e9 sur des biens sans restriction, des droits d&rsquo;usufruit ou des droits de bail jusqu&rsquo;\u00e0 99 ans. Investir dans l&rsquo;immobilier comporte toujours un certain risque, mais lorsqu&rsquo;il s&rsquo;agit d&rsquo;immobilier international, c&rsquo;est encore plus difficile, car vous devrez tenir compte des conditions sp\u00e9cifiques d&rsquo;un nouveau march\u00e9. Compar\u00e9 \u00e0 d&rsquo;autres villes, vous trouverez toujours que Duba\u00ef est plus abordable, par ex. le prix moyen au m\u00e8tre carr\u00e9 \u00e0 Duba\u00ef est de 3 800 $ (13 957 AED), tandis qu&rsquo;\u00e0 Paris il est de 12 600 $ (46 281 AED), \u00e0 Londres &#8211; 16 800 $ (61 708 AED) et \u00e0 New York &#8211; 14 500 $ (53 259 AED).<\/p>\r\n\r\n\r\n\r\n<p><img fetchpriority=\"high\" decoding=\"async\" class=\"alignnone wp-image-6038 \" src=\"https:\/\/realtyincanada.com\/\/wp-content\/uploads\/2022\/11\/Dubai.jpg\" alt=\"\" width=\"751\" height=\"455\" srcset=\"https:\/\/realtyincanada.com\/wp-content\/uploads\/2022\/11\/Dubai.jpg 1024w, https:\/\/realtyincanada.com\/wp-content\/uploads\/2022\/11\/Dubai-300x182.jpg 300w, https:\/\/realtyincanada.com\/wp-content\/uploads\/2022\/11\/Dubai-768x465.jpg 768w\" sizes=\"(max-width: 751px) 100vw, 751px\" \/><\/p>\r\n<p>Mais les \u00c9mirats arabes unis (et Duba\u00ef en faisant partie) sont un pays du Moyen-Orient qui semble tr\u00e8s diff\u00e9rent de l&rsquo;Europe, de l&rsquo;Asie et des \u00c9tats-Unis.<\/p>\r\n<p><img decoding=\"async\" class=\"alignnone wp-image-6042 \" src=\"https:\/\/realtyincanada.com\/\/wp-content\/uploads\/2022\/11\/Dubai-1.jpg\" alt=\"\" width=\"752\" height=\"455\" srcset=\"https:\/\/realtyincanada.com\/wp-content\/uploads\/2022\/11\/Dubai-1.jpg 1024w, https:\/\/realtyincanada.com\/wp-content\/uploads\/2022\/11\/Dubai-1-300x182.jpg 300w, https:\/\/realtyincanada.com\/wp-content\/uploads\/2022\/11\/Dubai-1-768x465.jpg 768w\" sizes=\"(max-width: 752px) 100vw, 752px\" \/><\/p>\r\n<p>Notre objectif est d&rsquo;expliquer pourquoi cela peut valoir la peine d&rsquo;acheter \u00e0 Duba\u00ef et comment vous pouvez le faire.<\/p>\r\n<p>&nbsp;<\/p>\r\n\r\n\r\n\n<div class=\"wpcf7 no-js\" id=\"wpcf7-f3041-o1\" lang=\"en-US\" dir=\"ltr\" data-wpcf7-id=\"3041\">\n<div class=\"screen-reader-response\"><p role=\"status\" aria-live=\"polite\" aria-atomic=\"true\"><\/p> <ul><\/ul><\/div>\n<form action=\"\/fr\/wp-json\/wp\/v2\/pages\/5581#wpcf7-f3041-o1\" method=\"post\" class=\"wpcf7-form init\" aria-label=\"Contact form\" novalidate=\"novalidate\" data-status=\"init\">\n<fieldset class=\"hidden-fields-container\"><input type=\"hidden\" name=\"_wpcf7\" value=\"3041\" \/><input type=\"hidden\" name=\"_wpcf7_version\" value=\"6.1.5\" \/><input type=\"hidden\" name=\"_wpcf7_locale\" value=\"en_US\" \/><input type=\"hidden\" name=\"_wpcf7_unit_tag\" value=\"wpcf7-f3041-o1\" \/><input type=\"hidden\" name=\"_wpcf7_container_post\" value=\"0\" \/><input type=\"hidden\" name=\"_wpcf7_posted_data_hash\" value=\"\" \/><input type=\"hidden\" name=\"_wpcf7_recaptcha_response\" value=\"\" \/>\n<\/fieldset>\n<div class=\"row evalutaion-form-cf7\">\n\t<div class=\"col-md-6 col-xs-12\">\n\t\t<h3 class=\"form-section-title\">Informations G\u00e9n\u00e9rales\n\t\t<\/h3>\n\t\t<p><span class=\"wpcf7-form-control-wrap\" data-name=\"nom\"><input size=\"40\" maxlength=\"400\" class=\"wpcf7-form-control wpcf7-text wpcf7-validates-as-required\" aria-required=\"true\" aria-invalid=\"false\" placeholder=\"Nom\" value=\"\" type=\"text\" name=\"nom\" \/><\/span><br \/>\n<span class=\"wpcf7-form-control-wrap\" data-name=\"company\"><input size=\"40\" maxlength=\"400\" class=\"wpcf7-form-control wpcf7-text\" aria-invalid=\"false\" placeholder=\"Nom de compagnie\" value=\"\" type=\"text\" name=\"company\" \/><\/span><br \/>\n<span class=\"wpcf7-form-control-wrap\" data-name=\"email\"><input size=\"40\" maxlength=\"400\" class=\"wpcf7-form-control wpcf7-email wpcf7-validates-as-required wpcf7-text wpcf7-validates-as-email\" aria-required=\"true\" aria-invalid=\"false\" placeholder=\"Courriel\" value=\"\" type=\"email\" name=\"email\" \/><\/span><br \/>\n<span class=\"wpcf7-form-control-wrap\" data-name=\"phone\"><input size=\"40\" maxlength=\"400\" class=\"wpcf7-form-control wpcf7-tel wpcf7-validates-as-required wpcf7-text wpcf7-validates-as-tel\" aria-required=\"true\" aria-invalid=\"false\" placeholder=\"T\u00e9l\u00e9phone\" value=\"\" type=\"tel\" name=\"phone\" \/><\/span><br \/>\n<span class=\"wpcf7-form-control-wrap\" data-name=\"address\"><input size=\"40\" maxlength=\"400\" class=\"wpcf7-form-control wpcf7-text wpcf7-validates-as-required\" aria-required=\"true\" aria-invalid=\"false\" placeholder=\"Adresse\" value=\"\" type=\"text\" name=\"address\" \/><\/span><br \/>\n<span class=\"wpcf7-form-control-wrap\" data-name=\"city\"><input size=\"40\" maxlength=\"400\" class=\"wpcf7-form-control wpcf7-text wpcf7-validates-as-required\" aria-required=\"true\" aria-invalid=\"false\" placeholder=\"Ville\" value=\"\" type=\"text\" name=\"city\" \/><\/span><br \/>\n<span class=\"wpcf7-form-control-wrap\" data-name=\"postal\"><input size=\"40\" maxlength=\"400\" class=\"wpcf7-form-control wpcf7-text wpcf7-validates-as-required\" aria-required=\"true\" aria-invalid=\"false\" placeholder=\"Code Postal\" value=\"\" type=\"text\" name=\"postal\" \/><\/span><br \/>\n<label for=\"property-type-desktop\"><\/label>\n\t\t<\/p>\n\t<\/div>\n\t<div class=\"col-md-6 col-xs-12\">\n\t<hr class=\"hidden-md-up\" \/>\n\t\t<h3 class=\"form-section-title\">D\u00e9tails De La Propri\u00e9t\u00e9\n\t\t<\/h3>\n\t\t<p><span class=\"wpcf7-form-control-wrap\" data-name=\"property-type-desktop\"><select class=\"wpcf7-form-control wpcf7-select wpcf7-validates-as-required\" aria-required=\"true\" aria-invalid=\"false\" name=\"property-type-desktop\"><option value=\"\">Type de la propri\u00e9t\u00e9<\/option><option value=\"Appartement\">Appartement<\/option><option value=\"B\u00e2timent et vente d\u2019entreprise\">B\u00e2timent et vente d\u2019entreprise<\/option><option value=\"Bungalow\">Bungalow<\/option><option value=\"Chalet\">Chalet<\/option><option value=\"B\u00e2timent commercial et terrain\">B\u00e2timent commercial et terrain<\/option><option value=\"B\u00e2timent commercial \/ bureau\">B\u00e2timent commercial \/ bureau<\/option><option value=\"Espace de location commercial \/ bureau\">Espace de location commercial \/ bureau<\/option><option value=\"Garderie\">Garderie<\/option><option value=\"Duplex\">Duplex<\/option><option value=\"Ferme\">Ferme<\/option><option value=\"Ferme de loisirs\">Ferme de loisirs<\/option><option value=\"B\u00e2timent industriel\">B\u00e2timent industriel<\/option><option value=\"B\u00e2timent industriel et terrain\">B\u00e2timent industriel et terrain<\/option><option value=\"Condo Industriel\">Condo Industriel<\/option><option value=\"Location d\u2019espaces industriels\">Location d\u2019espaces industriels<\/option><option value=\"Loft \/ Studio\">Loft \/ Studio<\/option><option value=\"Maison mobile\">Maison mobile<\/option><option value=\"Maison d\u2019un \u00e9tage et demi\">Maison d\u2019un \u00e9tage et demi<\/option><option value=\"Quadruplex\">Quadruplex<\/option><option value=\"Quintuplex\">Quintuplex<\/option><option value=\"\u00c0 deux niveaux\">\u00c0 deux niveaux<\/option><option value=\"Triplex\">Triplex<\/option><option value=\"Maison \u00e0 \u00e9tages\">Maison \u00e0 \u00e9tages<\/option><option value=\"Terrain vacant\">Terrain vacant<\/option><option value=\"Terre \u00e0 Bois\">Terre \u00e0 Bois<\/option><\/select><\/span><br \/>\n<span class=\"wpcf7-form-control-wrap\" data-name=\"bedrooms\"><input class=\"wpcf7-form-control wpcf7-number wpcf7-validates-as-required wpcf7-validates-as-number\" min=\"1\" max=\"25\" aria-required=\"true\" aria-invalid=\"false\" placeholder=\"Chambres\" value=\"\" type=\"number\" name=\"bedrooms\" \/><\/span><br \/>\n<span class=\"wpcf7-form-control-wrap\" data-name=\"bathrooms\"><input class=\"wpcf7-form-control wpcf7-number wpcf7-validates-as-required wpcf7-validates-as-number\" min=\"1\" max=\"25\" aria-required=\"true\" aria-invalid=\"false\" placeholder=\"Salles de bains\" value=\"\" type=\"number\" name=\"bathrooms\" \/><\/span><br \/>\n<span class=\"wpcf7-form-control-wrap\" data-name=\"size\"><input class=\"wpcf7-form-control wpcf7-number wpcf7-validates-as-required wpcf7-validates-as-number\" min=\"100\" max=\"10000\" aria-required=\"true\" aria-invalid=\"false\" placeholder=\"Taille (pi ca)\" value=\"\" type=\"number\" name=\"size\" \/><\/span><br \/>\n<span class=\"wpcf7-form-control-wrap\" data-name=\"features\"><textarea cols=\"40\" rows=\"10\" maxlength=\"2000\" class=\"wpcf7-form-control wpcf7-textarea wpcf7-validates-as-required\" aria-required=\"true\" aria-invalid=\"false\" placeholder=\"Caract\u00e9ristiques \/ Commentaires\" name=\"features\"><\/textarea><\/span>\n\t\t<\/p>\n\t<\/div>\n\t<div class=\"col-xs-12\">\n\t\t<p><button type=\"submit\" style=\"margin: -32px auto; width: 140px;\" class=\"cta-blog\">Envoyer<\/button>\n\t\t<\/p>\n\t<\/div>\n<\/div><p style=\"display: none !important;\" class=\"akismet-fields-container\" data-prefix=\"_wpcf7_ak_\"><label>&#916;<textarea name=\"_wpcf7_ak_hp_textarea\" cols=\"45\" rows=\"8\" maxlength=\"100\"><\/textarea><\/label><input type=\"hidden\" id=\"ak_js_1\" name=\"_wpcf7_ak_js\" value=\"190\"\/><script>document.getElementById( \"ak_js_1\" ).setAttribute( \"value\", ( new Date() ).getTime() );<\/script><\/p><div class=\"wpcf7-response-output\" aria-hidden=\"true\"><\/div>\n<\/form>\n<\/div>\n\n\r\n\r\n\r\n<p>&nbsp;<\/p>\r\n<p>&nbsp;<\/p>\r\n\r\n\r\n\r\n<p>Vous pouvez me trouver et me joindre:\u00a0<strong>WhatsApp, \u00a0imo, \u00a0WeChat, Viber, Messenger<\/strong><\/p>\r\n\r\n\r\n\r\n<p>Emdadul Hoque, Agent immobilier<\/p>\r\n\r\n\r\n\r\n<p><strong>\u260e +1 514 654 8890<\/strong><\/p>\r\n\r\n\r\n\r\n<figure class=\"wp-block-image\"><img decoding=\"async\" width=\"300\" height=\"57\" class=\"wp-image-4470\" src=\"https:\/\/realtyincanada.com\/\/wp-content\/uploads\/2019\/09\/WhatsApp-WeChat-Viber-imo-Messenger-300x57.jpg\" alt=\"\" srcset=\"https:\/\/realtyincanada.com\/wp-content\/uploads\/2019\/09\/WhatsApp-WeChat-Viber-imo-Messenger-300x57.jpg 300w, https:\/\/realtyincanada.com\/wp-content\/uploads\/2019\/09\/WhatsApp-WeChat-Viber-imo-Messenger-768x147.jpg 768w, https:\/\/realtyincanada.com\/wp-content\/uploads\/2019\/09\/WhatsApp-WeChat-Viber-imo-Messenger.jpg 873w\" sizes=\"(max-width: 300px) 100vw, 300px\" \/><\/figure>\r\n\r\n\r\n\r\n<p>Pour en savoir plus, appelez d\u00e8s aujourd\u2019hui au\u00a0 \u260e\u00a0<strong>+ 1<\/strong>\u00a0<strong>514-654-8890<\/strong>\u00a0ou envoyez un e-mail \u00e0 :\u00a0<a href=\"mailto:info@realtyincanada.com\"><strong>info@realtyincanada.com<\/strong><\/a>\u00a0pour tous vos besoins immobiliers !<\/p>\r\n","protected":false},"excerpt":{"rendered":"<p>Propri\u00e9t\u00e9 \u00e0 vendre\u00a0aux\u00a0\u00c9mirats arabes unis (EAU) Acheter une propri\u00e9t\u00e9 \u00e0 Duba\u00ef Duba\u00ef n&rsquo;est pas une capitale des \u00c9mirats arabes unis, mais elle attire beaucoup plus de touristes du monde entier. Vous savez tr\u00e8s probablement que c&rsquo;est l\u00e0 que se trouve le plus haut b\u00e2timent du monde &#8211; Burj Khalifa qui [&hellip;]<\/p>\n","protected":false},"author":4,"featured_media":0,"parent":0,"menu_order":0,"comment_status":"closed","ping_status":"closed","template":"","meta":{"_acf_changed":false,"footnotes":""},"class_list":["post-5581","page","type-page","status-publish","hentry"],"acf":[],"yoast_head":"<!-- This site is optimized with the Yoast SEO plugin v27.4 - https:\/\/yoast.com\/product\/yoast-seo-wordpress\/ -->\n<title>Immobilier Emirats Arabes Unis - Realty in Canada<\/title>\n<meta name=\"robots\" content=\"index, follow, max-snippet:-1, max-image-preview:large, max-video-preview:-1\" \/>\n<link rel=\"canonical\" href=\"https:\/\/realtyincanada.com\/fr\/immobilier-emirats-arabes-unis\/\" \/>\n<meta property=\"og:locale\" content=\"fr_FR\" \/>\n<meta property=\"og:type\" content=\"article\" \/>\n<meta property=\"og:title\" content=\"Immobilier Emirats Arabes Unis - Realty in Canada\" \/>\n<meta property=\"og:description\" content=\"Propri\u00e9t\u00e9 \u00e0 vendre\u00a0aux\u00a0\u00c9mirats arabes unis (EAU) Acheter une propri\u00e9t\u00e9 \u00e0 Duba\u00ef Duba\u00ef n&rsquo;est pas une capitale des \u00c9mirats arabes unis, mais elle attire beaucoup plus de touristes du monde entier. Vous savez tr\u00e8s probablement que c&rsquo;est l\u00e0 que se trouve le plus haut b\u00e2timent du monde &#8211; Burj Khalifa qui [&hellip;]\" \/>\n<meta property=\"og:url\" content=\"https:\/\/realtyincanada.com\/fr\/immobilier-emirats-arabes-unis\/\" \/>\n<meta property=\"og:site_name\" content=\"Realty in Canada\" \/>\n<meta property=\"article:modified_time\" content=\"2022-11-10T03:02:05+00:00\" \/>\n<meta property=\"og:image\" content=\"https:\/\/realtyincanada.com\/\/wp-content\/uploads\/2022\/11\/Dubai.jpg\" \/>\n<meta name=\"twitter:card\" content=\"summary_large_image\" \/>\n<meta name=\"twitter:label1\" content=\"Dur\u00e9e de lecture estim\u00e9e\" \/>\n\t<meta name=\"twitter:data1\" content=\"2 minutes\" \/>\n<script type=\"application\/ld+json\" class=\"yoast-schema-graph\">{\"@context\":\"https:\\\/\\\/schema.org\",\"@graph\":[{\"@type\":\"WebPage\",\"@id\":\"https:\\\/\\\/realtyincanada.com\\\/fr\\\/immobilier-emirats-arabes-unis\\\/\",\"url\":\"https:\\\/\\\/realtyincanada.com\\\/fr\\\/immobilier-emirats-arabes-unis\\\/\",\"name\":\"Immobilier Emirats Arabes Unis - Realty in Canada\",\"isPartOf\":{\"@id\":\"https:\\\/\\\/realtyincanada.com\\\/#website\"},\"primaryImageOfPage\":{\"@id\":\"https:\\\/\\\/realtyincanada.com\\\/fr\\\/immobilier-emirats-arabes-unis\\\/#primaryimage\"},\"image\":{\"@id\":\"https:\\\/\\\/realtyincanada.com\\\/fr\\\/immobilier-emirats-arabes-unis\\\/#primaryimage\"},\"thumbnailUrl\":\"https:\\\/\\\/realtyincanada.com\\\/\\\/wp-content\\\/uploads\\\/2022\\\/11\\\/Dubai.jpg\",\"datePublished\":\"2022-02-14T23:57:29+00:00\",\"dateModified\":\"2022-11-10T03:02:05+00:00\",\"breadcrumb\":{\"@id\":\"https:\\\/\\\/realtyincanada.com\\\/fr\\\/immobilier-emirats-arabes-unis\\\/#breadcrumb\"},\"inLanguage\":\"fr-FR\",\"potentialAction\":[{\"@type\":\"ReadAction\",\"target\":[\"https:\\\/\\\/realtyincanada.com\\\/fr\\\/immobilier-emirats-arabes-unis\\\/\"]}]},{\"@type\":\"ImageObject\",\"inLanguage\":\"fr-FR\",\"@id\":\"https:\\\/\\\/realtyincanada.com\\\/fr\\\/immobilier-emirats-arabes-unis\\\/#primaryimage\",\"url\":\"https:\\\/\\\/realtyincanada.com\\\/\\\/wp-content\\\/uploads\\\/2022\\\/11\\\/Dubai.jpg\",\"contentUrl\":\"https:\\\/\\\/realtyincanada.com\\\/\\\/wp-content\\\/uploads\\\/2022\\\/11\\\/Dubai.jpg\"},{\"@type\":\"BreadcrumbList\",\"@id\":\"https:\\\/\\\/realtyincanada.com\\\/fr\\\/immobilier-emirats-arabes-unis\\\/#breadcrumb\",\"itemListElement\":[{\"@type\":\"ListItem\",\"position\":1,\"name\":\"Home\",\"item\":\"https:\\\/\\\/realtyincanada.com\\\/fr\\\/\"},{\"@type\":\"ListItem\",\"position\":2,\"name\":\"Immobilier Emirats Arabes Unis\"}]},{\"@type\":\"WebSite\",\"@id\":\"https:\\\/\\\/realtyincanada.com\\\/#website\",\"url\":\"https:\\\/\\\/realtyincanada.com\\\/\",\"name\":\"Realty in Canada\",\"description\":\"Realty in Canada is your right choice for the best property agent in Canada. Contact us to buy, sell or rent your property.\",\"publisher\":{\"@id\":\"https:\\\/\\\/realtyincanada.com\\\/#organization\"},\"potentialAction\":[{\"@type\":\"SearchAction\",\"target\":{\"@type\":\"EntryPoint\",\"urlTemplate\":\"https:\\\/\\\/realtyincanada.com\\\/?s={search_term_string}\"},\"query-input\":{\"@type\":\"PropertyValueSpecification\",\"valueRequired\":true,\"valueName\":\"search_term_string\"}}],\"inLanguage\":\"fr-FR\"},{\"@type\":\"Organization\",\"@id\":\"https:\\\/\\\/realtyincanada.com\\\/#organization\",\"name\":\"Realty In Canada\",\"url\":\"https:\\\/\\\/realtyincanada.com\\\/\",\"logo\":{\"@type\":\"ImageObject\",\"inLanguage\":\"fr-FR\",\"@id\":\"https:\\\/\\\/realtyincanada.com\\\/#\\\/schema\\\/logo\\\/image\\\/\",\"url\":\"https:\\\/\\\/realtyincanada.com\\\/\\\/wp-content\\\/uploads\\\/2019\\\/08\\\/emdadul_hoque_final_footer_nopadding.png\",\"contentUrl\":\"https:\\\/\\\/realtyincanada.com\\\/\\\/wp-content\\\/uploads\\\/2019\\\/08\\\/emdadul_hoque_final_footer_nopadding.png\",\"width\":1490,\"height\":660,\"caption\":\"Realty In Canada\"},\"image\":{\"@id\":\"https:\\\/\\\/realtyincanada.com\\\/#\\\/schema\\\/logo\\\/image\\\/\"}}]}<\/script>\n<!-- \/ Yoast SEO plugin. -->","yoast_head_json":{"title":"Immobilier Emirats Arabes Unis - Realty in Canada","robots":{"index":"index","follow":"follow","max-snippet":"max-snippet:-1","max-image-preview":"max-image-preview:large","max-video-preview":"max-video-preview:-1"},"canonical":"https:\/\/realtyincanada.com\/fr\/immobilier-emirats-arabes-unis\/","og_locale":"fr_FR","og_type":"article","og_title":"Immobilier Emirats Arabes Unis - Realty in Canada","og_description":"Propri\u00e9t\u00e9 \u00e0 vendre\u00a0aux\u00a0\u00c9mirats arabes unis (EAU) Acheter une propri\u00e9t\u00e9 \u00e0 Duba\u00ef Duba\u00ef n&rsquo;est pas une capitale des \u00c9mirats arabes unis, mais elle attire beaucoup plus de touristes du monde entier. Vous savez tr\u00e8s probablement que c&rsquo;est l\u00e0 que se trouve le plus haut b\u00e2timent du monde &#8211; Burj Khalifa qui [&hellip;]","og_url":"https:\/\/realtyincanada.com\/fr\/immobilier-emirats-arabes-unis\/","og_site_name":"Realty in Canada","article_modified_time":"2022-11-10T03:02:05+00:00","og_image":[{"url":"https:\/\/realtyincanada.com\/\/wp-content\/uploads\/2022\/11\/Dubai.jpg","type":"","width":"","height":""}],"twitter_card":"summary_large_image","twitter_misc":{"Dur\u00e9e de lecture estim\u00e9e":"2 minutes"},"schema":{"@context":"https:\/\/schema.org","@graph":[{"@type":"WebPage","@id":"https:\/\/realtyincanada.com\/fr\/immobilier-emirats-arabes-unis\/","url":"https:\/\/realtyincanada.com\/fr\/immobilier-emirats-arabes-unis\/","name":"Immobilier Emirats Arabes Unis - Realty in Canada","isPartOf":{"@id":"https:\/\/realtyincanada.com\/#website"},"primaryImageOfPage":{"@id":"https:\/\/realtyincanada.com\/fr\/immobilier-emirats-arabes-unis\/#primaryimage"},"image":{"@id":"https:\/\/realtyincanada.com\/fr\/immobilier-emirats-arabes-unis\/#primaryimage"},"thumbnailUrl":"https:\/\/realtyincanada.com\/\/wp-content\/uploads\/2022\/11\/Dubai.jpg","datePublished":"2022-02-14T23:57:29+00:00","dateModified":"2022-11-10T03:02:05+00:00","breadcrumb":{"@id":"https:\/\/realtyincanada.com\/fr\/immobilier-emirats-arabes-unis\/#breadcrumb"},"inLanguage":"fr-FR","potentialAction":[{"@type":"ReadAction","target":["https:\/\/realtyincanada.com\/fr\/immobilier-emirats-arabes-unis\/"]}]},{"@type":"ImageObject","inLanguage":"fr-FR","@id":"https:\/\/realtyincanada.com\/fr\/immobilier-emirats-arabes-unis\/#primaryimage","url":"https:\/\/realtyincanada.com\/\/wp-content\/uploads\/2022\/11\/Dubai.jpg","contentUrl":"https:\/\/realtyincanada.com\/\/wp-content\/uploads\/2022\/11\/Dubai.jpg"},{"@type":"BreadcrumbList","@id":"https:\/\/realtyincanada.com\/fr\/immobilier-emirats-arabes-unis\/#breadcrumb","itemListElement":[{"@type":"ListItem","position":1,"name":"Home","item":"https:\/\/realtyincanada.com\/fr\/"},{"@type":"ListItem","position":2,"name":"Immobilier Emirats Arabes Unis"}]},{"@type":"WebSite","@id":"https:\/\/realtyincanada.com\/#website","url":"https:\/\/realtyincanada.com\/","name":"Realty in Canada","description":"Realty in Canada is your right choice for the best property agent in Canada. Contact us to buy, sell or rent your property.","publisher":{"@id":"https:\/\/realtyincanada.com\/#organization"},"potentialAction":[{"@type":"SearchAction","target":{"@type":"EntryPoint","urlTemplate":"https:\/\/realtyincanada.com\/?s={search_term_string}"},"query-input":{"@type":"PropertyValueSpecification","valueRequired":true,"valueName":"search_term_string"}}],"inLanguage":"fr-FR"},{"@type":"Organization","@id":"https:\/\/realtyincanada.com\/#organization","name":"Realty In Canada","url":"https:\/\/realtyincanada.com\/","logo":{"@type":"ImageObject","inLanguage":"fr-FR","@id":"https:\/\/realtyincanada.com\/#\/schema\/logo\/image\/","url":"https:\/\/realtyincanada.com\/\/wp-content\/uploads\/2019\/08\/emdadul_hoque_final_footer_nopadding.png","contentUrl":"https:\/\/realtyincanada.com\/\/wp-content\/uploads\/2019\/08\/emdadul_hoque_final_footer_nopadding.png","width":1490,"height":660,"caption":"Realty In Canada"},"image":{"@id":"https:\/\/realtyincanada.com\/#\/schema\/logo\/image\/"}}]}},"_links":{"self":[{"href":"https:\/\/realtyincanada.com\/fr\/wp-json\/wp\/v2\/pages\/5581","targetHints":{"allow":["GET"]}}],"collection":[{"href":"https:\/\/realtyincanada.com\/fr\/wp-json\/wp\/v2\/pages"}],"about":[{"href":"https:\/\/realtyincanada.com\/fr\/wp-json\/wp\/v2\/types\/page"}],"author":[{"embeddable":true,"href":"https:\/\/realtyincanada.com\/fr\/wp-json\/wp\/v2\/users\/4"}],"replies":[{"embeddable":true,"href":"https:\/\/realtyincanada.com\/fr\/wp-json\/wp\/v2\/comments?post=5581"}],"version-history":[{"count":12,"href":"https:\/\/realtyincanada.com\/fr\/wp-json\/wp\/v2\/pages\/5581\/revisions"}],"predecessor-version":[{"id":6063,"href":"https:\/\/realtyincanada.com\/fr\/wp-json\/wp\/v2\/pages\/5581\/revisions\/6063"}],"wp:attachment":[{"href":"https:\/\/realtyincanada.com\/fr\/wp-json\/wp\/v2\/media?parent=5581"}],"curies":[{"name":"wp","href":"https:\/\/api.w.org\/{rel}","templated":true}]}}