{"id":5790,"date":"2022-07-06T16:36:42","date_gmt":"2022-07-06T20:36:42","guid":{"rendered":"https:\/\/realtyincanada.com\/?page_id=5790"},"modified":"2022-07-07T14:02:31","modified_gmt":"2022-07-07T18:02:31","slug":"modalites-et-conditions","status":"publish","type":"page","link":"https:\/\/realtyincanada.com\/fr\/modalites-et-conditions\/","title":{"rendered":"Modalit\u00e9s et conditions"},"content":{"rendered":"<p><strong>Propri\u00e9t\u00e9 et droits d&rsquo;auteur<\/strong><br \/>\nVous reconnaissez que tout mat\u00e9riel, information sous forme de texte, graphique, vid\u00e9o et audio, images, rapports, articles, publications, donn\u00e9es, bases de donn\u00e9es, diagrammes, graphiques, photographies, illustrations, cartes, interfaces, pages Web, textes, fichiers, logiciels, noms de produits, noms de soci\u00e9t\u00e9s, marques de commerce, logos et noms commerciaux contenus dans ce site Web (collectivement, le \u00ab\u00a0contenu\u00a0\u00bb), y compris la mani\u00e8re dont le contenu est pr\u00e9sent\u00e9 ou appara\u00eet et toute information s&rsquo;y rapportant, sont la propri\u00e9t\u00e9 de ce site Web ou de ses propri\u00e9taires respectifs, selon le cas, et sont prot\u00e9g\u00e9s par les lois canadiennes et internationales sur le droit d&rsquo;auteur, les marques de commerce et autres lois applicables. Vous n&rsquo;acqu\u00e9rez aucun droit de propri\u00e9t\u00e9 ni aucun droit implicite sur le contenu obtenu par l&rsquo;interm\u00e9diaire de ce site Web et l&rsquo;affichage d&rsquo;informations ou de documents sur le site Web ne constitue pas une renonciation aux droits sur ces informations, documents et contenu. Certains documents publi\u00e9s sur le site Web, tels que les articles et autres documents, expriment les opinions de leurs auteurs respectifs, qui peuvent ne pas \u00eatre celles des sites realtyincanada.com, de ses employ\u00e9s, administrateurs, dirigeants ou partenaires.<\/p>\n<p><strong>G\u00e9n\u00e9ralit\u00e9s, changements et fonctionnement du site Web &#8211; <\/strong>La soci\u00e9t\u00e9 se r\u00e9serve le droit, \u00e0 sa seule discr\u00e9tion, de :<\/p>\n<p>1. Changer, modifier, ajouter ou supprimer tout format, contenu ou partie des pr\u00e9sentes conditions g\u00e9n\u00e9rales, \u00e0 tout moment. Il est de votre responsabilit\u00e9 de v\u00e9rifier ces Termes et Conditions p\u00e9riodiquement pour des changements. Votre utilisation continue du site apr\u00e8s l&rsquo;affichage des changements signifiera que vous acceptez et consentez \u00e0 ces changements.<\/p>\n<p>2. Elle peut suspendre le fonctionnement de ce site web pour des travaux d&rsquo;assistance ou de maintenance, afin de mettre \u00e0 jour le contenu ou pour toute autre raison. Elle se r\u00e9serve le droit de mettre fin \u00e0 l&rsquo;acc\u00e8s \u00e0 ce site Web \u00e0 tout moment et sans pr\u00e9avis.<\/p>\n<p>3. Signaler toute activit\u00e9 ill\u00e9gale ou tout contenu d&rsquo;utilisateur aux autorit\u00e9s comp\u00e9tentes. Elle se r\u00e9serve le droit de refuser ou de bloquer l&rsquo;acc\u00e8s \u00e0 tout utilisateur si elle estime que votre achat est frauduleux.<\/p>\n<p>Questions ou pr\u00e9occupations ?<br \/>\nSi vous avez des questions ou des pr\u00e9occupations concernant les pr\u00e9sentes conditions g\u00e9n\u00e9rales, n&rsquo;h\u00e9sitez pas \u00e0 nous contacter \u00e0 l&rsquo;adresse support@realtyincanada.com.<\/p>\n","protected":false},"excerpt":{"rendered":"<p>Propri\u00e9t\u00e9 et droits d&rsquo;auteur Vous reconnaissez que tout mat\u00e9riel, information sous forme de texte, graphique, vid\u00e9o et audio, images, rapports, articles, publications, donn\u00e9es, bases de donn\u00e9es, diagrammes, graphiques, photographies, illustrations, cartes, interfaces, pages Web, textes, fichiers, logiciels, noms de produits, noms de soci\u00e9t\u00e9s, marques de commerce, logos et noms commerciaux [&hellip;]<\/p>\n","protected":false},"author":1,"featured_media":0,"parent":0,"menu_order":0,"comment_status":"closed","ping_status":"closed","template":"","meta":{"_acf_changed":false,"footnotes":""},"class_list":["post-5790","page","type-page","status-publish","hentry"],"acf":[],"yoast_head":"<!-- This site is optimized with the Yoast SEO plugin v27.4 - https:\/\/yoast.com\/product\/yoast-seo-wordpress\/ -->\n<title>Modalit\u00e9s et conditions - Realty in Canada<\/title>\n<meta name=\"robots\" content=\"index, follow, max-snippet:-1, max-image-preview:large, max-video-preview:-1\" \/>\n<link rel=\"canonical\" href=\"https:\/\/realtyincanada.com\/terms-and-conditions\/\" \/>\n<meta property=\"og:locale\" content=\"fr_FR\" \/>\n<meta property=\"og:type\" content=\"article\" \/>\n<meta property=\"og:title\" content=\"Modalit\u00e9s et conditions - Realty in Canada\" \/>\n<meta property=\"og:description\" content=\"Propri\u00e9t\u00e9 et droits d&rsquo;auteur Vous reconnaissez que tout mat\u00e9riel, information sous forme de texte, graphique, vid\u00e9o et audio, images, rapports, articles, publications, donn\u00e9es, bases de donn\u00e9es, diagrammes, graphiques, photographies, illustrations, cartes, interfaces, pages Web, textes, fichiers, logiciels, noms de produits, noms de soci\u00e9t\u00e9s, marques de commerce, logos et noms commerciaux [&hellip;]\" \/>\n<meta property=\"og:url\" content=\"https:\/\/realtyincanada.com\/terms-and-conditions\/\" \/>\n<meta property=\"og:site_name\" content=\"Realty in Canada\" \/>\n<meta property=\"article:modified_time\" content=\"2022-07-07T18:02:31+00:00\" \/>\n<meta property=\"og:image\" content=\"https:\/\/realtyincanada.com\/wp-content\/uploads\/2019\/02\/emdadul-hoque-og.jpg\" \/>\n\t<meta property=\"og:image:width\" content=\"1280\" \/>\n\t<meta property=\"og:image:height\" content=\"601\" \/>\n\t<meta property=\"og:image:type\" content=\"image\/jpeg\" \/>\n<meta name=\"twitter:card\" content=\"summary_large_image\" \/>\n<meta name=\"twitter:label1\" content=\"Dur\u00e9e de lecture estim\u00e9e\" \/>\n\t<meta name=\"twitter:data1\" content=\"2 minutes\" \/>\n<script type=\"application\/ld+json\" class=\"yoast-schema-graph\">{\"@context\":\"https:\\\/\\\/schema.org\",\"@graph\":[{\"@type\":\"WebPage\",\"@id\":\"https:\\\/\\\/realtyincanada.com\\\/terms-and-conditions\\\/\",\"url\":\"https:\\\/\\\/realtyincanada.com\\\/terms-and-conditions\\\/\",\"name\":\"Modalit\u00e9s et conditions - Realty in Canada\",\"isPartOf\":{\"@id\":\"https:\\\/\\\/realtyincanada.com\\\/#website\"},\"datePublished\":\"2022-07-06T20:36:42+00:00\",\"dateModified\":\"2022-07-07T18:02:31+00:00\",\"breadcrumb\":{\"@id\":\"https:\\\/\\\/realtyincanada.com\\\/terms-and-conditions\\\/#breadcrumb\"},\"inLanguage\":\"fr-FR\",\"potentialAction\":[{\"@type\":\"ReadAction\",\"target\":[\"https:\\\/\\\/realtyincanada.com\\\/terms-and-conditions\\\/\"]}]},{\"@type\":\"BreadcrumbList\",\"@id\":\"https:\\\/\\\/realtyincanada.com\\\/terms-and-conditions\\\/#breadcrumb\",\"itemListElement\":[{\"@type\":\"ListItem\",\"position\":1,\"name\":\"Home\",\"item\":\"https:\\\/\\\/realtyincanada.com\\\/fr\\\/\"},{\"@type\":\"ListItem\",\"position\":2,\"name\":\"Modalit\u00e9s et conditions\"}]},{\"@type\":\"WebSite\",\"@id\":\"https:\\\/\\\/realtyincanada.com\\\/#website\",\"url\":\"https:\\\/\\\/realtyincanada.com\\\/\",\"name\":\"Realty in Canada\",\"description\":\"Realty in Canada is your right choice for the best property agent in Canada. Contact us to buy, sell or rent your property.\",\"publisher\":{\"@id\":\"https:\\\/\\\/realtyincanada.com\\\/#organization\"},\"potentialAction\":[{\"@type\":\"SearchAction\",\"target\":{\"@type\":\"EntryPoint\",\"urlTemplate\":\"https:\\\/\\\/realtyincanada.com\\\/?s={search_term_string}\"},\"query-input\":{\"@type\":\"PropertyValueSpecification\",\"valueRequired\":true,\"valueName\":\"search_term_string\"}}],\"inLanguage\":\"fr-FR\"},{\"@type\":\"Organization\",\"@id\":\"https:\\\/\\\/realtyincanada.com\\\/#organization\",\"name\":\"Realty In Canada\",\"url\":\"https:\\\/\\\/realtyincanada.com\\\/\",\"logo\":{\"@type\":\"ImageObject\",\"inLanguage\":\"fr-FR\",\"@id\":\"https:\\\/\\\/realtyincanada.com\\\/#\\\/schema\\\/logo\\\/image\\\/\",\"url\":\"https:\\\/\\\/realtyincanada.com\\\/\\\/wp-content\\\/uploads\\\/2019\\\/08\\\/emdadul_hoque_final_footer_nopadding.png\",\"contentUrl\":\"https:\\\/\\\/realtyincanada.com\\\/\\\/wp-content\\\/uploads\\\/2019\\\/08\\\/emdadul_hoque_final_footer_nopadding.png\",\"width\":1490,\"height\":660,\"caption\":\"Realty In Canada\"},\"image\":{\"@id\":\"https:\\\/\\\/realtyincanada.com\\\/#\\\/schema\\\/logo\\\/image\\\/\"}}]}<\/script>\n<!-- \/ Yoast SEO plugin. -->","yoast_head_json":{"title":"Modalit\u00e9s et conditions - Realty in Canada","robots":{"index":"index","follow":"follow","max-snippet":"max-snippet:-1","max-image-preview":"max-image-preview:large","max-video-preview":"max-video-preview:-1"},"canonical":"https:\/\/realtyincanada.com\/terms-and-conditions\/","og_locale":"fr_FR","og_type":"article","og_title":"Modalit\u00e9s et conditions - Realty in Canada","og_description":"Propri\u00e9t\u00e9 et droits d&rsquo;auteur Vous reconnaissez que tout mat\u00e9riel, information sous forme de texte, graphique, vid\u00e9o et audio, images, rapports, articles, publications, donn\u00e9es, bases de donn\u00e9es, diagrammes, graphiques, photographies, illustrations, cartes, interfaces, pages Web, textes, fichiers, logiciels, noms de produits, noms de soci\u00e9t\u00e9s, marques de commerce, logos et noms commerciaux [&hellip;]","og_url":"https:\/\/realtyincanada.com\/terms-and-conditions\/","og_site_name":"Realty in Canada","article_modified_time":"2022-07-07T18:02:31+00:00","og_image":[{"width":1280,"height":601,"url":"https:\/\/realtyincanada.com\/wp-content\/uploads\/2019\/02\/emdadul-hoque-og.jpg","type":"image\/jpeg"}],"twitter_card":"summary_large_image","twitter_misc":{"Dur\u00e9e de lecture estim\u00e9e":"2 minutes"},"schema":{"@context":"https:\/\/schema.org","@graph":[{"@type":"WebPage","@id":"https:\/\/realtyincanada.com\/terms-and-conditions\/","url":"https:\/\/realtyincanada.com\/terms-and-conditions\/","name":"Modalit\u00e9s et conditions - Realty in Canada","isPartOf":{"@id":"https:\/\/realtyincanada.com\/#website"},"datePublished":"2022-07-06T20:36:42+00:00","dateModified":"2022-07-07T18:02:31+00:00","breadcrumb":{"@id":"https:\/\/realtyincanada.com\/terms-and-conditions\/#breadcrumb"},"inLanguage":"fr-FR","potentialAction":[{"@type":"ReadAction","target":["https:\/\/realtyincanada.com\/terms-and-conditions\/"]}]},{"@type":"BreadcrumbList","@id":"https:\/\/realtyincanada.com\/terms-and-conditions\/#breadcrumb","itemListElement":[{"@type":"ListItem","position":1,"name":"Home","item":"https:\/\/realtyincanada.com\/fr\/"},{"@type":"ListItem","position":2,"name":"Modalit\u00e9s et conditions"}]},{"@type":"WebSite","@id":"https:\/\/realtyincanada.com\/#website","url":"https:\/\/realtyincanada.com\/","name":"Realty in Canada","description":"Realty in Canada is your right choice for the best property agent in Canada. Contact us to buy, sell or rent your property.","publisher":{"@id":"https:\/\/realtyincanada.com\/#organization"},"potentialAction":[{"@type":"SearchAction","target":{"@type":"EntryPoint","urlTemplate":"https:\/\/realtyincanada.com\/?s={search_term_string}"},"query-input":{"@type":"PropertyValueSpecification","valueRequired":true,"valueName":"search_term_string"}}],"inLanguage":"fr-FR"},{"@type":"Organization","@id":"https:\/\/realtyincanada.com\/#organization","name":"Realty In Canada","url":"https:\/\/realtyincanada.com\/","logo":{"@type":"ImageObject","inLanguage":"fr-FR","@id":"https:\/\/realtyincanada.com\/#\/schema\/logo\/image\/","url":"https:\/\/realtyincanada.com\/\/wp-content\/uploads\/2019\/08\/emdadul_hoque_final_footer_nopadding.png","contentUrl":"https:\/\/realtyincanada.com\/\/wp-content\/uploads\/2019\/08\/emdadul_hoque_final_footer_nopadding.png","width":1490,"height":660,"caption":"Realty In Canada"},"image":{"@id":"https:\/\/realtyincanada.com\/#\/schema\/logo\/image\/"}}]}},"_links":{"self":[{"href":"https:\/\/realtyincanada.com\/fr\/wp-json\/wp\/v2\/pages\/5790","targetHints":{"allow":["GET"]}}],"collection":[{"href":"https:\/\/realtyincanada.com\/fr\/wp-json\/wp\/v2\/pages"}],"about":[{"href":"https:\/\/realtyincanada.com\/fr\/wp-json\/wp\/v2\/types\/page"}],"author":[{"embeddable":true,"href":"https:\/\/realtyincanada.com\/fr\/wp-json\/wp\/v2\/users\/1"}],"replies":[{"embeddable":true,"href":"https:\/\/realtyincanada.com\/fr\/wp-json\/wp\/v2\/comments?post=5790"}],"version-history":[{"count":6,"href":"https:\/\/realtyincanada.com\/fr\/wp-json\/wp\/v2\/pages\/5790\/revisions"}],"predecessor-version":[{"id":5824,"href":"https:\/\/realtyincanada.com\/fr\/wp-json\/wp\/v2\/pages\/5790\/revisions\/5824"}],"wp:attachment":[{"href":"https:\/\/realtyincanada.com\/fr\/wp-json\/wp\/v2\/media?parent=5790"}],"curies":[{"name":"wp","href":"https:\/\/api.w.org\/{rel}","templated":true}]}}