{"id":5794,"date":"2022-07-06T16:37:13","date_gmt":"2022-07-06T20:37:13","guid":{"rendered":"https:\/\/realtyincanada.com\/?page_id=5794"},"modified":"2022-07-07T12:55:13","modified_gmt":"2022-07-07T16:55:13","slug":"politique-de-confidentialite","status":"publish","type":"page","link":"https:\/\/realtyincanada.com\/fr\/politique-de-confidentialite\/","title":{"rendered":"Politique de confidentialit\u00e9"},"content":{"rendered":"<p><strong>Politique de Confidentialit\u00e9<\/strong><\/p>\n<p>Bienvenue sur le site Web de realtyincanada.com. Nous prenons votre vie priv\u00e9e tr\u00e8s au s\u00e9rieux. Nous prenons toutes les pr\u00e9cautions n\u00e9cessaires pour nous assurer que vos renseignements personnels restent priv\u00e9s. Cette politique de confidentialit\u00e9 s&rsquo;applique \u00e0 notre site Web et peut \u00eatre mise \u00e0 jour de temps \u00e0 autre. Vous pouvez toujours consulter la version la plus r\u00e9cente ici.<\/p>\n<p>En visitant le site Web realtyincanada.com et en utilisant l&rsquo;un de ses services, vous reconnaissez que vous acceptez les conditions d\u00e9crites dans la pr\u00e9sente politique de confidentialit\u00e9 et les conditions g\u00e9n\u00e9rales. Les informations ci-dessous d\u00e9crivent les mesures de protection mises en place pour garantir votre confidentialit\u00e9.<\/p>\n<p>Realty in Canada est un site Web consacr\u00e9 \u00e0 l&rsquo;immobilier. Il offre un environnement s\u00fbr et s\u00e9curis\u00e9 \u00e0 ses utilisateurs Internet.<\/p>\n<p>\u00c0 cet \u00e9gard, realtyincanada.com s&rsquo;engage \u00e0 respecter les normes les plus \u00e9lev\u00e9es en mati\u00e8re de confidentialit\u00e9 des renseignements personnels fournis par ses clients, ses fournisseurs et toute autre entit\u00e9 acc\u00e9dant \u00e0 son site Web. \u00c0 ce titre, les sites Web de Realty in Canada observent et respectent toutes ses obligations en vertu de la Loi sur la protection des renseignements personnels dans le secteur priv\u00e9, CQLR c P-39.1 (la \u00a0\u00bb Loi \u00ab\u00a0).<\/p>\n<p>Quelles sont les donn\u00e9es qui constituent des \u00ab\u00a0renseignements personnels\u00a0\u00bb ?<\/p>\n<p>De fa\u00e7on g\u00e9n\u00e9rale, toute donn\u00e9e factuelle ou subjective concernant une personne identifiable constitue un renseignement personnel. Par exemple, des donn\u00e9es telles que le nom, l&rsquo;adresse, l&rsquo;\u00e2ge, le revenu, l&rsquo;origine ethnique ou le dossier de cr\u00e9dit d&rsquo;une personne repr\u00e9sentent des renseignements personnels.<\/p>\n<p>Afin de prot\u00e9ger ces renseignements personnels, ce site Web a adopt\u00e9 la pr\u00e9sente politique de confidentialit\u00e9 (la \u00a0\u00bb Politique \u00ab\u00a0) fond\u00e9e sur les principes du Commissariat \u00e0 la protection de la vie priv\u00e9e du Canada en mati\u00e8re de collecte, d&rsquo;utilisation, de communication et d&rsquo;acc\u00e8s aux renseignements personnels.<\/p>\n<p>Les principes \u00e9nonc\u00e9s ci-dessous s&rsquo;appliquent \u00e0 la collecte, \u00e0 l&rsquo;utilisation et \u00e0 la transmission des renseignements personnels que les internautes peuvent fournir lors de l&rsquo;acc\u00e8s ou de l&rsquo;utilisation du site Web de ce dernier : realtyincanada.com (le \u00a0\u00bb site Web \u00ab\u00a0).<\/p>\n<p>1. Responsabilit\u00e9 :<\/p>\n<p>Elle est responsable de la sauvegarde de toutes les donn\u00e9es personnelles qu&rsquo;elle poss\u00e8de, y compris les informations communiqu\u00e9es \u00e0 des tiers en vue de l&rsquo;ex\u00e9cution des services demand\u00e9s par ses internautes ou \u00e0 des fins administratives.<\/p>\n<p>2. Motif de la collecte des donn\u00e9es personnelles :<\/p>\n<p>Avant ou au moment de la collecte, elle informera les utilisateurs de son site Internet de la raison pour laquelle leurs informations personnelles sont collect\u00e9es.<\/p>\n<p>3. Collecte limit\u00e9e :<\/p>\n<p>Toute collecte d&rsquo;informations personnelles est effectu\u00e9e l\u00e9galement et de bonne foi, en se limitant aux donn\u00e9es n\u00e9cessaires \u00e0 l&rsquo;ex\u00e9cution des services ou des t\u00e2ches sp\u00e9cifiques demand\u00e9s par les utilisateurs du site web.<\/p>\n<p>4. Consentement :<\/p>\n<p>De m\u00eame, le consentement des utilisateurs du site sera obtenu avant ou au moment de la collecte, de l&rsquo;utilisation et de la communication de ces informations personnelles.<\/p>\n<p>\u00c0 cet \u00e9gard, le consentement de l&rsquo;utilisateur peut \u00eatre donn\u00e9 de mani\u00e8re explicite ou implicite et peut \u00e9galement \u00eatre valablement obtenu par le biais d&rsquo;un interm\u00e9diaire ou de notre repr\u00e9sentant autoris\u00e9.<\/p>\n<p>En outre, la loi pr\u00e9voit certaines circonstances exceptionnelles dans lesquelles elle a le droit ou l&rsquo;obligation de collecter, d&rsquo;utiliser et de communiquer ces informations personnelles sans obtenir le consentement pr\u00e9alable de l&rsquo;utilisateur.<\/p>\n<p>5. Limites d&rsquo;utilisation, de communication et de conservation :<\/p>\n<p>De m\u00eame, sauf autorisation ult\u00e9rieure ou sp\u00e9cifique, les donn\u00e9es personnelles ne seront utilis\u00e9es que dans le but pour lequel elles ont \u00e9t\u00e9 collect\u00e9es. Elles ne seront conserv\u00e9es que le temps n\u00e9cessaire \u00e0 l&rsquo;accomplissement des t\u00e2ches ou \u00e0 l&rsquo;ex\u00e9cution des services pour lesquels elles ont \u00e9t\u00e9 collect\u00e9es.<\/p>\n<p>6. Exactitude des informations :<\/p>\n<p>Les sites veillent \u00e0 ce que les informations personnelles soient exactes, compl\u00e8tes et \u00e0 jour en vue de l&rsquo;ex\u00e9cution des t\u00e2ches ou des services pour lesquels elles ont \u00e9t\u00e9 collect\u00e9es. Un internaute peut corriger toute information inexacte en acc\u00e9dant \u00e0 son compte par le biais du site Web ou en contactant realtyincanada.com \u00e0 l&rsquo;adresse \u00e9lectronique et au num\u00e9ro de t\u00e9l\u00e9phone indiqu\u00e9s ci-dessous.<\/p>\n<p>7. Mesures de protection :<\/p>\n<p>Ce site a mis en place une technologie et utilise des normes reconnues par l&rsquo;industrie pour prot\u00e9ger les renseignements personnels fournis par les internautes qui acc\u00e8dent \u00e0 son site Web.<\/p>\n<p>8. Transparence :<\/p>\n<p>Les politiques et proc\u00e9dures que le site emploie dans la gestion des informations personnelles sont \u00e0 la disposition des internautes sur son site Web.<\/p>\n<p>9. Acc\u00e8s \u00e0 l&rsquo;information :<\/p>\n<p>A la r\u00e9ception d&rsquo;une demande \u00e9crite \u00e0 cet \u00e9gard, le site informera l&rsquo;internaute de l&rsquo;existence, de l&rsquo;utilisation et de la communication de ses informations personnelles et lui donnera acc\u00e8s \u00e0 son dossier.<\/p>\n<p>En outre, la loi pr\u00e9voit certaines circonstances dans lesquelles il a le droit ou l&rsquo;obligation de refuser l&rsquo;acc\u00e8s auxdites informations.<\/p>\n<p>10. Recours :<\/p>\n<p>L&rsquo;internaute peut d\u00e9poser une plainte ou une demande concernant l&rsquo;application de la Politique par realtyincanda.com ou emdadul hoque realty Inc. qui ont \u00e9tabli des proc\u00e9dures ad\u00e9quates pour la r\u00e9solution de telles plaintes.<\/p>\n<p>\u00c0 cet \u00e9gard, vous pouvez \u00e9galement communiquer avec les responsables de la s\u00e9curit\u00e9 et de la protection des informations personnelles \u00e0 l&rsquo;adresse support@realtyincanada.com.<\/p>\n<p>Questions ou pr\u00e9occupations ?<br \/>\nSi vous avez des questions ou des pr\u00e9occupations concernant la pr\u00e9sente politique de confidentialit\u00e9, n&rsquo;h\u00e9sitez pas \u00e0 nous contacter \u00e0 l&rsquo;adresse support@realtyincanada.com.<\/p>\n","protected":false},"excerpt":{"rendered":"<p>Politique de Confidentialit\u00e9 Bienvenue sur le site Web de realtyincanada.com. Nous prenons votre vie priv\u00e9e tr\u00e8s au s\u00e9rieux. Nous prenons toutes les pr\u00e9cautions n\u00e9cessaires pour nous assurer que vos renseignements personnels restent priv\u00e9s. Cette politique de confidentialit\u00e9 s&rsquo;applique \u00e0 notre site Web et peut \u00eatre mise \u00e0 jour de temps [&hellip;]<\/p>\n","protected":false},"author":1,"featured_media":0,"parent":0,"menu_order":0,"comment_status":"closed","ping_status":"closed","template":"","meta":{"_acf_changed":false,"footnotes":""},"class_list":["post-5794","page","type-page","status-publish","hentry"],"acf":[],"yoast_head":"<!-- This site is optimized with the Yoast SEO plugin v27.4 - https:\/\/yoast.com\/product\/yoast-seo-wordpress\/ -->\n<title>Politique de confidentialit\u00e9 - Realty in Canada<\/title>\n<meta name=\"robots\" content=\"index, follow, max-snippet:-1, max-image-preview:large, max-video-preview:-1\" \/>\n<link rel=\"canonical\" href=\"https:\/\/realtyincanada.com\/privacy-policy\/\" \/>\n<meta property=\"og:locale\" content=\"fr_FR\" \/>\n<meta property=\"og:type\" content=\"article\" \/>\n<meta property=\"og:title\" content=\"Politique de confidentialit\u00e9 - Realty in Canada\" \/>\n<meta property=\"og:description\" content=\"Politique de Confidentialit\u00e9 Bienvenue sur le site Web de realtyincanada.com. Nous prenons votre vie priv\u00e9e tr\u00e8s au s\u00e9rieux. Nous prenons toutes les pr\u00e9cautions n\u00e9cessaires pour nous assurer que vos renseignements personnels restent priv\u00e9s. Cette politique de confidentialit\u00e9 s&rsquo;applique \u00e0 notre site Web et peut \u00eatre mise \u00e0 jour de temps [&hellip;]\" \/>\n<meta property=\"og:url\" content=\"https:\/\/realtyincanada.com\/privacy-policy\/\" \/>\n<meta property=\"og:site_name\" content=\"Realty in Canada\" \/>\n<meta property=\"article:modified_time\" content=\"2022-07-07T16:55:13+00:00\" \/>\n<meta property=\"og:image\" content=\"https:\/\/realtyincanada.com\/wp-content\/uploads\/2019\/02\/emdadul-hoque-og.jpg\" \/>\n\t<meta property=\"og:image:width\" content=\"1280\" \/>\n\t<meta property=\"og:image:height\" content=\"601\" \/>\n\t<meta property=\"og:image:type\" content=\"image\/jpeg\" \/>\n<meta name=\"twitter:card\" content=\"summary_large_image\" \/>\n<meta name=\"twitter:label1\" content=\"Dur\u00e9e de lecture estim\u00e9e\" \/>\n\t<meta name=\"twitter:data1\" content=\"4 minutes\" \/>\n<script type=\"application\/ld+json\" class=\"yoast-schema-graph\">{\"@context\":\"https:\\\/\\\/schema.org\",\"@graph\":[{\"@type\":\"WebPage\",\"@id\":\"https:\\\/\\\/realtyincanada.com\\\/privacy-policy\\\/\",\"url\":\"https:\\\/\\\/realtyincanada.com\\\/privacy-policy\\\/\",\"name\":\"Politique de confidentialit\u00e9 - Realty in Canada\",\"isPartOf\":{\"@id\":\"https:\\\/\\\/realtyincanada.com\\\/#website\"},\"datePublished\":\"2022-07-06T20:37:13+00:00\",\"dateModified\":\"2022-07-07T16:55:13+00:00\",\"breadcrumb\":{\"@id\":\"https:\\\/\\\/realtyincanada.com\\\/privacy-policy\\\/#breadcrumb\"},\"inLanguage\":\"fr-FR\",\"potentialAction\":[{\"@type\":\"ReadAction\",\"target\":[\"https:\\\/\\\/realtyincanada.com\\\/privacy-policy\\\/\"]}]},{\"@type\":\"BreadcrumbList\",\"@id\":\"https:\\\/\\\/realtyincanada.com\\\/privacy-policy\\\/#breadcrumb\",\"itemListElement\":[{\"@type\":\"ListItem\",\"position\":1,\"name\":\"Home\",\"item\":\"https:\\\/\\\/realtyincanada.com\\\/fr\\\/\"},{\"@type\":\"ListItem\",\"position\":2,\"name\":\"Politique de confidentialit\u00e9\"}]},{\"@type\":\"WebSite\",\"@id\":\"https:\\\/\\\/realtyincanada.com\\\/#website\",\"url\":\"https:\\\/\\\/realtyincanada.com\\\/\",\"name\":\"Realty in Canada\",\"description\":\"Realty in Canada is your right choice for the best property agent in Canada. Contact us to buy, sell or rent your property.\",\"publisher\":{\"@id\":\"https:\\\/\\\/realtyincanada.com\\\/#organization\"},\"potentialAction\":[{\"@type\":\"SearchAction\",\"target\":{\"@type\":\"EntryPoint\",\"urlTemplate\":\"https:\\\/\\\/realtyincanada.com\\\/?s={search_term_string}\"},\"query-input\":{\"@type\":\"PropertyValueSpecification\",\"valueRequired\":true,\"valueName\":\"search_term_string\"}}],\"inLanguage\":\"fr-FR\"},{\"@type\":\"Organization\",\"@id\":\"https:\\\/\\\/realtyincanada.com\\\/#organization\",\"name\":\"Realty In Canada\",\"url\":\"https:\\\/\\\/realtyincanada.com\\\/\",\"logo\":{\"@type\":\"ImageObject\",\"inLanguage\":\"fr-FR\",\"@id\":\"https:\\\/\\\/realtyincanada.com\\\/#\\\/schema\\\/logo\\\/image\\\/\",\"url\":\"https:\\\/\\\/realtyincanada.com\\\/\\\/wp-content\\\/uploads\\\/2019\\\/08\\\/emdadul_hoque_final_footer_nopadding.png\",\"contentUrl\":\"https:\\\/\\\/realtyincanada.com\\\/\\\/wp-content\\\/uploads\\\/2019\\\/08\\\/emdadul_hoque_final_footer_nopadding.png\",\"width\":1490,\"height\":660,\"caption\":\"Realty In Canada\"},\"image\":{\"@id\":\"https:\\\/\\\/realtyincanada.com\\\/#\\\/schema\\\/logo\\\/image\\\/\"}}]}<\/script>\n<!-- \/ Yoast SEO plugin. -->","yoast_head_json":{"title":"Politique de confidentialit\u00e9 - Realty in Canada","robots":{"index":"index","follow":"follow","max-snippet":"max-snippet:-1","max-image-preview":"max-image-preview:large","max-video-preview":"max-video-preview:-1"},"canonical":"https:\/\/realtyincanada.com\/privacy-policy\/","og_locale":"fr_FR","og_type":"article","og_title":"Politique de confidentialit\u00e9 - Realty in Canada","og_description":"Politique de Confidentialit\u00e9 Bienvenue sur le site Web de realtyincanada.com. Nous prenons votre vie priv\u00e9e tr\u00e8s au s\u00e9rieux. Nous prenons toutes les pr\u00e9cautions n\u00e9cessaires pour nous assurer que vos renseignements personnels restent priv\u00e9s. Cette politique de confidentialit\u00e9 s&rsquo;applique \u00e0 notre site Web et peut \u00eatre mise \u00e0 jour de temps [&hellip;]","og_url":"https:\/\/realtyincanada.com\/privacy-policy\/","og_site_name":"Realty in Canada","article_modified_time":"2022-07-07T16:55:13+00:00","og_image":[{"width":1280,"height":601,"url":"https:\/\/realtyincanada.com\/wp-content\/uploads\/2019\/02\/emdadul-hoque-og.jpg","type":"image\/jpeg"}],"twitter_card":"summary_large_image","twitter_misc":{"Dur\u00e9e de lecture estim\u00e9e":"4 minutes"},"schema":{"@context":"https:\/\/schema.org","@graph":[{"@type":"WebPage","@id":"https:\/\/realtyincanada.com\/privacy-policy\/","url":"https:\/\/realtyincanada.com\/privacy-policy\/","name":"Politique de confidentialit\u00e9 - Realty in Canada","isPartOf":{"@id":"https:\/\/realtyincanada.com\/#website"},"datePublished":"2022-07-06T20:37:13+00:00","dateModified":"2022-07-07T16:55:13+00:00","breadcrumb":{"@id":"https:\/\/realtyincanada.com\/privacy-policy\/#breadcrumb"},"inLanguage":"fr-FR","potentialAction":[{"@type":"ReadAction","target":["https:\/\/realtyincanada.com\/privacy-policy\/"]}]},{"@type":"BreadcrumbList","@id":"https:\/\/realtyincanada.com\/privacy-policy\/#breadcrumb","itemListElement":[{"@type":"ListItem","position":1,"name":"Home","item":"https:\/\/realtyincanada.com\/fr\/"},{"@type":"ListItem","position":2,"name":"Politique de confidentialit\u00e9"}]},{"@type":"WebSite","@id":"https:\/\/realtyincanada.com\/#website","url":"https:\/\/realtyincanada.com\/","name":"Realty in Canada","description":"Realty in Canada is your right choice for the best property agent in Canada. Contact us to buy, sell or rent your property.","publisher":{"@id":"https:\/\/realtyincanada.com\/#organization"},"potentialAction":[{"@type":"SearchAction","target":{"@type":"EntryPoint","urlTemplate":"https:\/\/realtyincanada.com\/?s={search_term_string}"},"query-input":{"@type":"PropertyValueSpecification","valueRequired":true,"valueName":"search_term_string"}}],"inLanguage":"fr-FR"},{"@type":"Organization","@id":"https:\/\/realtyincanada.com\/#organization","name":"Realty In Canada","url":"https:\/\/realtyincanada.com\/","logo":{"@type":"ImageObject","inLanguage":"fr-FR","@id":"https:\/\/realtyincanada.com\/#\/schema\/logo\/image\/","url":"https:\/\/realtyincanada.com\/\/wp-content\/uploads\/2019\/08\/emdadul_hoque_final_footer_nopadding.png","contentUrl":"https:\/\/realtyincanada.com\/\/wp-content\/uploads\/2019\/08\/emdadul_hoque_final_footer_nopadding.png","width":1490,"height":660,"caption":"Realty In Canada"},"image":{"@id":"https:\/\/realtyincanada.com\/#\/schema\/logo\/image\/"}}]}},"_links":{"self":[{"href":"https:\/\/realtyincanada.com\/fr\/wp-json\/wp\/v2\/pages\/5794","targetHints":{"allow":["GET"]}}],"collection":[{"href":"https:\/\/realtyincanada.com\/fr\/wp-json\/wp\/v2\/pages"}],"about":[{"href":"https:\/\/realtyincanada.com\/fr\/wp-json\/wp\/v2\/types\/page"}],"author":[{"embeddable":true,"href":"https:\/\/realtyincanada.com\/fr\/wp-json\/wp\/v2\/users\/1"}],"replies":[{"embeddable":true,"href":"https:\/\/realtyincanada.com\/fr\/wp-json\/wp\/v2\/comments?post=5794"}],"version-history":[{"count":7,"href":"https:\/\/realtyincanada.com\/fr\/wp-json\/wp\/v2\/pages\/5794\/revisions"}],"predecessor-version":[{"id":5815,"href":"https:\/\/realtyincanada.com\/fr\/wp-json\/wp\/v2\/pages\/5794\/revisions\/5815"}],"wp:attachment":[{"href":"https:\/\/realtyincanada.com\/fr\/wp-json\/wp\/v2\/media?parent=5794"}],"curies":[{"name":"wp","href":"https:\/\/api.w.org\/{rel}","templated":true}]}}