{"id":7161,"date":"2024-11-26T00:31:23","date_gmt":"2024-11-26T04:31:23","guid":{"rendered":"https:\/\/realtyincanada.com\/?page_id=7161"},"modified":"2024-11-26T00:34:33","modified_gmt":"2024-11-26T04:34:33","slug":"avocat","status":"publish","type":"page","link":"https:\/\/realtyincanada.com\/fr\/avocat\/","title":{"rendered":"Avocat"},"content":{"rendered":"<p><img fetchpriority=\"high\" decoding=\"async\" src=\"https:\/\/realtyincanada.com\/wp-content\/uploads\/2019\/10\/image-3-300x201.png\" alt=\"\" width=\"300\" height=\"201\" class=\"alignnone size-medium wp-image-4807\" srcset=\"https:\/\/realtyincanada.com\/wp-content\/uploads\/2019\/10\/image-3-300x201.png 300w, https:\/\/realtyincanada.com\/wp-content\/uploads\/2019\/10\/image-3.png 348w\" sizes=\"(max-width: 300px) 100vw, 300px\" \/><br \/>\nLes pratiques immobili\u00e8res du Qu\u00e9bec sont diff\u00e9rentes de celles des autres provinces.<\/p>\n<p><strong>Voici les 13 provinces canadiennes :<\/strong><\/p>\n<p>Les 10 provinces sont l&rsquo;Alberta, la Colombie-Britannique, le Manitoba, le Nouveau-Brunswick, Terre-Neuve-et-Labrador, la Nouvelle-\u00c9cosse, l&rsquo;Ontario, l&rsquo;\u00cele-du-Prince-\u00c9douard, le Qu\u00e9bec et la Saskatchewan.<\/p>\n<p>Les trois territoires sont les Territoires du Nord-Ouest, le Nunavut et le Yukon.<\/p>\n<p>Toutes les provinces et territoires, \u00e0 l&rsquo;exception du Qu\u00e9bec au Canada, suivent la common law. La common law (\u00e9galement connue sous le nom de jurisprudence ou de droit jurisprudentiel) est l&rsquo;ensemble des r\u00e8gles de droit d\u00e9riv\u00e9es des d\u00e9cisions judiciaires des tribunaux et des tribunaux similaires.<\/p>\n<p>Le Qu\u00e9bec est la seule province \u00e0 avoir un code civil, bas\u00e9 sur le Code Napol\u00e9on fran\u00e7ais. Le reste du Canada utilise la common law. Le droit civil, ou droit civil, est un syst\u00e8me juridique originaire d&rsquo;Europe, intellectualis\u00e9 dans le cadre du droit romain.<\/p>\n<p><strong>Le Qu\u00e9bec a son propre ensemble de r\u00e8gles lors de l&rsquo;achat ou de la vente d&rsquo;une maison au Qu\u00e9bec.<\/strong><\/p>\n<p>Lors de l&rsquo;achat d&rsquo;une maison au Qu\u00e9bec, la premi\u00e8re chose \u00e0 savoir est la suivante : le reste du Canada suit la Common Law alors qu&rsquo;ici au Qu\u00e9bec, il existe son propre ensemble de r\u00e8gles : le Code civil. En g\u00e9n\u00e9ral, la Common Law est la jurisprudence et le droit civil est la loi codifi\u00e9e.<\/p>\n<p>Le notaire est un expert dans la r\u00e9daction de contrats et peut vous fournir toute la s\u00e9curit\u00e9 juridique dont vous et votre entreprise avez besoin pour garantir que vos droits et int\u00e9r\u00eats sont bien prot\u00e9g\u00e9s, tout en vous faisant \u00e9conomiser du temps et de l&rsquo;argent.<\/p>\n<p>Un nombre croissant de notaires sont sp\u00e9cialis\u00e9s et poss\u00e8dent une riche exp\u00e9rience en droit des soci\u00e9t\u00e9s et en finances personnelles. Ayant \u00e9tabli de nombreuses relations \u00e9troites et privil\u00e9gi\u00e9es avec le milieu des affaires au fil des ans, ces notaires sont devenus de pr\u00e9cieux conseillers dans toutes les facettes de l&rsquo;activit\u00e9 commerciale.<\/p>\n<p><strong><br \/>\nBriser la barri\u00e8re de la langue<\/strong><\/p>\n<p>Il n&rsquo;est pas n\u00e9cessaire de laisser la langue devenir un obstacle dans le r\u00e8glement de votre transaction. Nous sommes heureux de fournir un certain nombre de services linguistiques qui aident les nouveaux arrivants.<\/p>\n<p>Nous sommes partenaires de notariat pour les clients utilisant diff\u00e9rentes langues comme le chinois, l&rsquo;arabe, l&rsquo;espagnol, l&rsquo;hindi et bien d&rsquo;autres langues.<\/p>\n<p><strong>Le notaire et le transfert de propri\u00e9t\u00e9 :<\/strong><\/p>\n<p>Le notaire finalise une transaction immobili\u00e8re au Qu\u00e9bec. La promesse d\u2019achat et de vente sert de base \u00e0 l\u2019acte de vente, qui sera r\u00e9dig\u00e9 par le notaire. Votre notaire s\u2019assure que le format de l\u2019acte de vente et de l\u2019hypoth\u00e8que est conforme \u00e0 la loi, tout en refl\u00e9tant v\u00e9ritablement les intentions de chacune des parties impliqu\u00e9es.<\/p>\n<p>Le notaire fait les recherches de titres et examine les documents pour s\u2019assurer que tout est en ordre, v\u00e9rifie que toutes les taxes sont \u00e0 jour, organise l\u2019hypoth\u00e8que avec la banque de l\u2019acheteur et d\u00e9bourse le produit de la vente. Ensuite, tout le monde paie le notaire !<\/p>\n<p><strong>Frais de notaire<\/strong><\/p>\n<p>Pour conclure une transaction immobili\u00e8re au Qu\u00e9bec, vous aurez besoin de l\u2019aide d\u2019un notaire. Le notaire pr\u00e9parera l\u2019acte de vente, l\u2019acte d\u2019hypoth\u00e8que et enregistrera la vente au bureau d\u2019enregistrement foncier.<\/p>\n<p>L\u2019acheteur choisit le notaire et doit s\u2019attendre \u00e0 payer au moins 1 600 $ en frais juridiques. Au Qu\u00e9bec, les frais de notaire peuvent varier selon les r\u00e9gions.<\/p>\n","protected":false},"excerpt":{"rendered":"<p>Les pratiques immobili\u00e8res du Qu\u00e9bec sont diff\u00e9rentes de celles des autres provinces. Voici les 13 provinces canadiennes : Les 10 provinces sont l&rsquo;Alberta, la Colombie-Britannique, le Manitoba, le Nouveau-Brunswick, Terre-Neuve-et-Labrador, la Nouvelle-\u00c9cosse, l&rsquo;Ontario, l&rsquo;\u00cele-du-Prince-\u00c9douard, le Qu\u00e9bec et la Saskatchewan. Les trois territoires sont les Territoires du Nord-Ouest, le Nunavut et [&hellip;]<\/p>\n","protected":false},"author":10,"featured_media":0,"parent":0,"menu_order":0,"comment_status":"closed","ping_status":"closed","template":"","meta":{"_acf_changed":false,"footnotes":""},"class_list":["post-7161","page","type-page","status-publish","hentry"],"acf":[],"yoast_head":"<!-- This site is optimized with the Yoast SEO plugin v27.4 - https:\/\/yoast.com\/product\/yoast-seo-wordpress\/ -->\n<title>Avocat - Realty in Canada<\/title>\n<meta name=\"description\" content=\"Les pratiques immobili\u00e8res du Qu\u00e9bec sont diff\u00e9rentes de celles des autres provinces.\" \/>\n<meta name=\"robots\" content=\"index, follow, max-snippet:-1, max-image-preview:large, max-video-preview:-1\" \/>\n<link rel=\"canonical\" href=\"https:\/\/realtyincanada.com\/fr\/avocat\/\" \/>\n<meta property=\"og:locale\" content=\"fr_FR\" \/>\n<meta property=\"og:type\" content=\"article\" \/>\n<meta property=\"og:title\" content=\"Avocat - Realty in Canada\" \/>\n<meta property=\"og:description\" content=\"Les pratiques immobili\u00e8res du Qu\u00e9bec sont diff\u00e9rentes de celles des autres provinces.\" \/>\n<meta property=\"og:url\" content=\"https:\/\/realtyincanada.com\/fr\/avocat\/\" \/>\n<meta property=\"og:site_name\" content=\"Realty in Canada\" \/>\n<meta property=\"article:modified_time\" content=\"2024-11-26T04:34:33+00:00\" \/>\n<meta property=\"og:image\" content=\"https:\/\/realtyincanada.com\/wp-content\/uploads\/2019\/10\/image-3-300x201.png\" \/>\n<meta name=\"twitter:card\" content=\"summary_large_image\" \/>\n<meta name=\"twitter:label1\" content=\"Dur\u00e9e de lecture estim\u00e9e\" \/>\n\t<meta name=\"twitter:data1\" content=\"3 minutes\" \/>\n<script type=\"application\/ld+json\" class=\"yoast-schema-graph\">{\"@context\":\"https:\\\/\\\/schema.org\",\"@graph\":[{\"@type\":\"WebPage\",\"@id\":\"https:\\\/\\\/realtyincanada.com\\\/fr\\\/avocat\\\/\",\"url\":\"https:\\\/\\\/realtyincanada.com\\\/fr\\\/avocat\\\/\",\"name\":\"Avocat - Realty in Canada\",\"isPartOf\":{\"@id\":\"https:\\\/\\\/realtyincanada.com\\\/#website\"},\"primaryImageOfPage\":{\"@id\":\"https:\\\/\\\/realtyincanada.com\\\/fr\\\/avocat\\\/#primaryimage\"},\"image\":{\"@id\":\"https:\\\/\\\/realtyincanada.com\\\/fr\\\/avocat\\\/#primaryimage\"},\"thumbnailUrl\":\"https:\\\/\\\/realtyincanada.com\\\/wp-content\\\/uploads\\\/2019\\\/10\\\/image-3-300x201.png\",\"datePublished\":\"2024-11-26T04:31:23+00:00\",\"dateModified\":\"2024-11-26T04:34:33+00:00\",\"description\":\"Les pratiques immobili\u00e8res du Qu\u00e9bec sont diff\u00e9rentes de celles des autres provinces.\",\"breadcrumb\":{\"@id\":\"https:\\\/\\\/realtyincanada.com\\\/fr\\\/avocat\\\/#breadcrumb\"},\"inLanguage\":\"fr-FR\",\"potentialAction\":[{\"@type\":\"ReadAction\",\"target\":[\"https:\\\/\\\/realtyincanada.com\\\/fr\\\/avocat\\\/\"]}]},{\"@type\":\"ImageObject\",\"inLanguage\":\"fr-FR\",\"@id\":\"https:\\\/\\\/realtyincanada.com\\\/fr\\\/avocat\\\/#primaryimage\",\"url\":\"https:\\\/\\\/realtyincanada.com\\\/wp-content\\\/uploads\\\/2019\\\/10\\\/image-3-300x201.png\",\"contentUrl\":\"https:\\\/\\\/realtyincanada.com\\\/wp-content\\\/uploads\\\/2019\\\/10\\\/image-3-300x201.png\"},{\"@type\":\"BreadcrumbList\",\"@id\":\"https:\\\/\\\/realtyincanada.com\\\/fr\\\/avocat\\\/#breadcrumb\",\"itemListElement\":[{\"@type\":\"ListItem\",\"position\":1,\"name\":\"Home\",\"item\":\"https:\\\/\\\/realtyincanada.com\\\/fr\\\/\"},{\"@type\":\"ListItem\",\"position\":2,\"name\":\"Avocat\"}]},{\"@type\":\"WebSite\",\"@id\":\"https:\\\/\\\/realtyincanada.com\\\/#website\",\"url\":\"https:\\\/\\\/realtyincanada.com\\\/\",\"name\":\"Realty in Canada\",\"description\":\"Realty in Canada is your right choice for the best property agent in Canada. Contact us to buy, sell or rent your property.\",\"publisher\":{\"@id\":\"https:\\\/\\\/realtyincanada.com\\\/#organization\"},\"potentialAction\":[{\"@type\":\"SearchAction\",\"target\":{\"@type\":\"EntryPoint\",\"urlTemplate\":\"https:\\\/\\\/realtyincanada.com\\\/?s={search_term_string}\"},\"query-input\":{\"@type\":\"PropertyValueSpecification\",\"valueRequired\":true,\"valueName\":\"search_term_string\"}}],\"inLanguage\":\"fr-FR\"},{\"@type\":\"Organization\",\"@id\":\"https:\\\/\\\/realtyincanada.com\\\/#organization\",\"name\":\"Realty In Canada\",\"url\":\"https:\\\/\\\/realtyincanada.com\\\/\",\"logo\":{\"@type\":\"ImageObject\",\"inLanguage\":\"fr-FR\",\"@id\":\"https:\\\/\\\/realtyincanada.com\\\/#\\\/schema\\\/logo\\\/image\\\/\",\"url\":\"https:\\\/\\\/realtyincanada.com\\\/\\\/wp-content\\\/uploads\\\/2019\\\/08\\\/emdadul_hoque_final_footer_nopadding.png\",\"contentUrl\":\"https:\\\/\\\/realtyincanada.com\\\/\\\/wp-content\\\/uploads\\\/2019\\\/08\\\/emdadul_hoque_final_footer_nopadding.png\",\"width\":1490,\"height\":660,\"caption\":\"Realty In Canada\"},\"image\":{\"@id\":\"https:\\\/\\\/realtyincanada.com\\\/#\\\/schema\\\/logo\\\/image\\\/\"}}]}<\/script>\n<!-- \/ Yoast SEO plugin. -->","yoast_head_json":{"title":"Avocat - Realty in Canada","description":"Les pratiques immobili\u00e8res du Qu\u00e9bec sont diff\u00e9rentes de celles des autres provinces.","robots":{"index":"index","follow":"follow","max-snippet":"max-snippet:-1","max-image-preview":"max-image-preview:large","max-video-preview":"max-video-preview:-1"},"canonical":"https:\/\/realtyincanada.com\/fr\/avocat\/","og_locale":"fr_FR","og_type":"article","og_title":"Avocat - Realty in Canada","og_description":"Les pratiques immobili\u00e8res du Qu\u00e9bec sont diff\u00e9rentes de celles des autres provinces.","og_url":"https:\/\/realtyincanada.com\/fr\/avocat\/","og_site_name":"Realty in Canada","article_modified_time":"2024-11-26T04:34:33+00:00","og_image":[{"url":"https:\/\/realtyincanada.com\/wp-content\/uploads\/2019\/10\/image-3-300x201.png","type":"","width":"","height":""}],"twitter_card":"summary_large_image","twitter_misc":{"Dur\u00e9e de lecture estim\u00e9e":"3 minutes"},"schema":{"@context":"https:\/\/schema.org","@graph":[{"@type":"WebPage","@id":"https:\/\/realtyincanada.com\/fr\/avocat\/","url":"https:\/\/realtyincanada.com\/fr\/avocat\/","name":"Avocat - Realty in Canada","isPartOf":{"@id":"https:\/\/realtyincanada.com\/#website"},"primaryImageOfPage":{"@id":"https:\/\/realtyincanada.com\/fr\/avocat\/#primaryimage"},"image":{"@id":"https:\/\/realtyincanada.com\/fr\/avocat\/#primaryimage"},"thumbnailUrl":"https:\/\/realtyincanada.com\/wp-content\/uploads\/2019\/10\/image-3-300x201.png","datePublished":"2024-11-26T04:31:23+00:00","dateModified":"2024-11-26T04:34:33+00:00","description":"Les pratiques immobili\u00e8res du Qu\u00e9bec sont diff\u00e9rentes de celles des autres provinces.","breadcrumb":{"@id":"https:\/\/realtyincanada.com\/fr\/avocat\/#breadcrumb"},"inLanguage":"fr-FR","potentialAction":[{"@type":"ReadAction","target":["https:\/\/realtyincanada.com\/fr\/avocat\/"]}]},{"@type":"ImageObject","inLanguage":"fr-FR","@id":"https:\/\/realtyincanada.com\/fr\/avocat\/#primaryimage","url":"https:\/\/realtyincanada.com\/wp-content\/uploads\/2019\/10\/image-3-300x201.png","contentUrl":"https:\/\/realtyincanada.com\/wp-content\/uploads\/2019\/10\/image-3-300x201.png"},{"@type":"BreadcrumbList","@id":"https:\/\/realtyincanada.com\/fr\/avocat\/#breadcrumb","itemListElement":[{"@type":"ListItem","position":1,"name":"Home","item":"https:\/\/realtyincanada.com\/fr\/"},{"@type":"ListItem","position":2,"name":"Avocat"}]},{"@type":"WebSite","@id":"https:\/\/realtyincanada.com\/#website","url":"https:\/\/realtyincanada.com\/","name":"Realty in Canada","description":"Realty in Canada is your right choice for the best property agent in Canada. Contact us to buy, sell or rent your property.","publisher":{"@id":"https:\/\/realtyincanada.com\/#organization"},"potentialAction":[{"@type":"SearchAction","target":{"@type":"EntryPoint","urlTemplate":"https:\/\/realtyincanada.com\/?s={search_term_string}"},"query-input":{"@type":"PropertyValueSpecification","valueRequired":true,"valueName":"search_term_string"}}],"inLanguage":"fr-FR"},{"@type":"Organization","@id":"https:\/\/realtyincanada.com\/#organization","name":"Realty In Canada","url":"https:\/\/realtyincanada.com\/","logo":{"@type":"ImageObject","inLanguage":"fr-FR","@id":"https:\/\/realtyincanada.com\/#\/schema\/logo\/image\/","url":"https:\/\/realtyincanada.com\/\/wp-content\/uploads\/2019\/08\/emdadul_hoque_final_footer_nopadding.png","contentUrl":"https:\/\/realtyincanada.com\/\/wp-content\/uploads\/2019\/08\/emdadul_hoque_final_footer_nopadding.png","width":1490,"height":660,"caption":"Realty In Canada"},"image":{"@id":"https:\/\/realtyincanada.com\/#\/schema\/logo\/image\/"}}]}},"_links":{"self":[{"href":"https:\/\/realtyincanada.com\/fr\/wp-json\/wp\/v2\/pages\/7161","targetHints":{"allow":["GET"]}}],"collection":[{"href":"https:\/\/realtyincanada.com\/fr\/wp-json\/wp\/v2\/pages"}],"about":[{"href":"https:\/\/realtyincanada.com\/fr\/wp-json\/wp\/v2\/types\/page"}],"author":[{"embeddable":true,"href":"https:\/\/realtyincanada.com\/fr\/wp-json\/wp\/v2\/users\/10"}],"replies":[{"embeddable":true,"href":"https:\/\/realtyincanada.com\/fr\/wp-json\/wp\/v2\/comments?post=7161"}],"version-history":[{"count":4,"href":"https:\/\/realtyincanada.com\/fr\/wp-json\/wp\/v2\/pages\/7161\/revisions"}],"predecessor-version":[{"id":7163,"href":"https:\/\/realtyincanada.com\/fr\/wp-json\/wp\/v2\/pages\/7161\/revisions\/7163"}],"wp:attachment":[{"href":"https:\/\/realtyincanada.com\/fr\/wp-json\/wp\/v2\/media?parent=7161"}],"curies":[{"name":"wp","href":"https:\/\/api.w.org\/{rel}","templated":true}]}}