{"id":7166,"date":"2024-11-26T00:38:29","date_gmt":"2024-11-26T04:38:29","guid":{"rendered":"https:\/\/realtyincanada.com\/?page_id=7166"},"modified":"2024-11-26T12:58:42","modified_gmt":"2024-11-26T16:58:42","slug":"hypotheque","status":"publish","type":"page","link":"https:\/\/realtyincanada.com\/fr\/hypotheque\/","title":{"rendered":"Hypoth\u00e8que"},"content":{"rendered":"<p>Comment un courtier en <a href=\"https:\/\/bestmontrealmortgage.ca\/fr\/\" target=\"_blank\" rel=\"noopener\">pr\u00eats hypoth\u00e9caires<\/a> peut-il vous faire \u00e9conomiser du temps et de l\u2019argent ?<\/p>\n<p>Faire appel \u00e0 un courtier en pr\u00eats hypoth\u00e9caires peut vous aider \u00e0 soulager une partie du stress et des questions li\u00e9es aux pr\u00eats lorsque vous achetez une maison, surtout si vous achetez pour la premi\u00e8re fois.<\/p>\n<p>Pr\u00eateurs : les d\u00e9marches n\u00e9cessaires pour comparer les taux peuvent \u00eatre intimidantes. Un courtier en <a href=\"https:\/\/bestmontrealmortgage.ca\/fr\/home-purchase\/mortgage-pre-approval\/\" target=\"_blank\" rel=\"noopener\">pr\u00eats hypoth\u00e9caires<\/a> peut faire le travail pour vous. Soyons honn\u00eates, comparer les taux hypoth\u00e9caires est \u00e0 peu pr\u00e8s aussi agr\u00e9able que de postuler \u00e0 plusieurs emplois. Les deux impliquent beaucoup de paperasse, de temps et de communication. Vous n\u2019aurez peut-\u00eatre jamais de nouvelles de tous (ou d\u2019aucun) de ces candidats potentiels, mais vous \u00eates susceptible de r\u00e9colter des b\u00e9n\u00e9fices en recherchant des taux hypoth\u00e9caires aupr\u00e8s de quelques pr\u00eateurs.<\/p>\n<p><strong>Nos pr\u00eateurs<\/strong><br \/>\n<img fetchpriority=\"high\" decoding=\"async\" class=\"alignnone size-medium wp-image-5226\" src=\"https:\/\/realtyincanada.com\/wp-content\/uploads\/2020\/08\/image-300x129.png\" alt=\"\" width=\"609\" height=\"263\" srcset=\"https:\/\/realtyincanada.com\/wp-content\/uploads\/2020\/08\/image-300x129.png 300w, https:\/\/realtyincanada.com\/wp-content\/uploads\/2020\/08\/image-768x331.png 768w, https:\/\/realtyincanada.com\/wp-content\/uploads\/2020\/08\/image.png 772w\" sizes=\"(max-width: 609px) 100vw, 609px\" \/><br \/>\nUn professionnel du cr\u00e9dit hypoth\u00e9caire fait le tour de nombreuses banques, coop\u00e9ratives de cr\u00e9dit et soci\u00e9t\u00e9s fiduciaires pour r\u00e9pondre \u00e0 vos besoins de financement. Nous rechercherons davantage de produits de pr\u00eat pour trouver la meilleure solution de pr\u00eat hypoth\u00e9caire ou de cr\u00e9dit-bail adapt\u00e9e \u00e0 vos besoins.<\/p>\n<p><img decoding=\"async\" class=\"alignnone size-medium wp-image-7169\" src=\"https:\/\/realtyincanada.com\/wp-content\/uploads\/2024\/11\/download-1-300x255.png\" alt=\"\" width=\"300\" height=\"255\" srcset=\"https:\/\/realtyincanada.com\/wp-content\/uploads\/2024\/11\/download-1-300x255.png 300w, https:\/\/realtyincanada.com\/wp-content\/uploads\/2024\/11\/download-1-768x653.png 768w, https:\/\/realtyincanada.com\/wp-content\/uploads\/2024\/11\/download-1.png 834w\" sizes=\"(max-width: 300px) 100vw, 300px\" \/><\/p>\n<p>Je peux vous aider \u00e0 remplir votre demande de <a href=\"https:\/\/bestmontrealmortgage.ca\/fr\/home-purchase\/mortgage-pre-approval\/\" target=\"_blank\" rel=\"noopener\">pr\u00eat hypoth\u00e9caire<\/a> et r\u00e9pondre \u00e0 toutes vos questions.<\/p>\n<p>Veuillez compl\u00e9ter les informations suivantes et nous vous contacterons sous peu.<\/p>\n\n<div class=\"wpcf7 no-js\" id=\"wpcf7-f3041-o1\" lang=\"en-US\" dir=\"ltr\" data-wpcf7-id=\"3041\">\n<div class=\"screen-reader-response\"><p role=\"status\" aria-live=\"polite\" aria-atomic=\"true\"><\/p> <ul><\/ul><\/div>\n<form action=\"\/fr\/wp-json\/wp\/v2\/pages\/7166#wpcf7-f3041-o1\" method=\"post\" class=\"wpcf7-form init\" aria-label=\"Contact form\" novalidate=\"novalidate\" data-status=\"init\">\n<fieldset class=\"hidden-fields-container\"><input type=\"hidden\" name=\"_wpcf7\" value=\"3041\" \/><input type=\"hidden\" name=\"_wpcf7_version\" value=\"6.1.5\" \/><input type=\"hidden\" name=\"_wpcf7_locale\" value=\"en_US\" \/><input type=\"hidden\" name=\"_wpcf7_unit_tag\" value=\"wpcf7-f3041-o1\" \/><input type=\"hidden\" name=\"_wpcf7_container_post\" value=\"0\" \/><input type=\"hidden\" name=\"_wpcf7_posted_data_hash\" value=\"\" \/><input type=\"hidden\" name=\"_wpcf7_recaptcha_response\" value=\"\" \/>\n<\/fieldset>\n<div class=\"row evalutaion-form-cf7\">\n\t<div class=\"col-md-6 col-xs-12\">\n\t\t<h3 class=\"form-section-title\">Informations G\u00e9n\u00e9rales\n\t\t<\/h3>\n\t\t<p><span class=\"wpcf7-form-control-wrap\" data-name=\"nom\"><input size=\"40\" maxlength=\"400\" class=\"wpcf7-form-control wpcf7-text wpcf7-validates-as-required\" aria-required=\"true\" aria-invalid=\"false\" placeholder=\"Nom\" value=\"\" type=\"text\" name=\"nom\" \/><\/span><br \/>\n<span class=\"wpcf7-form-control-wrap\" data-name=\"company\"><input size=\"40\" maxlength=\"400\" class=\"wpcf7-form-control wpcf7-text\" aria-invalid=\"false\" placeholder=\"Nom de compagnie\" value=\"\" type=\"text\" name=\"company\" \/><\/span><br \/>\n<span class=\"wpcf7-form-control-wrap\" data-name=\"email\"><input size=\"40\" maxlength=\"400\" class=\"wpcf7-form-control wpcf7-email wpcf7-validates-as-required wpcf7-text wpcf7-validates-as-email\" aria-required=\"true\" aria-invalid=\"false\" placeholder=\"Courriel\" value=\"\" type=\"email\" name=\"email\" \/><\/span><br \/>\n<span class=\"wpcf7-form-control-wrap\" data-name=\"phone\"><input size=\"40\" maxlength=\"400\" class=\"wpcf7-form-control wpcf7-tel wpcf7-validates-as-required wpcf7-text wpcf7-validates-as-tel\" aria-required=\"true\" aria-invalid=\"false\" placeholder=\"T\u00e9l\u00e9phone\" value=\"\" type=\"tel\" name=\"phone\" \/><\/span><br \/>\n<span class=\"wpcf7-form-control-wrap\" data-name=\"address\"><input size=\"40\" maxlength=\"400\" class=\"wpcf7-form-control wpcf7-text wpcf7-validates-as-required\" aria-required=\"true\" aria-invalid=\"false\" placeholder=\"Adresse\" value=\"\" type=\"text\" name=\"address\" \/><\/span><br \/>\n<span class=\"wpcf7-form-control-wrap\" data-name=\"city\"><input size=\"40\" maxlength=\"400\" class=\"wpcf7-form-control wpcf7-text wpcf7-validates-as-required\" aria-required=\"true\" aria-invalid=\"false\" placeholder=\"Ville\" value=\"\" type=\"text\" name=\"city\" \/><\/span><br \/>\n<span class=\"wpcf7-form-control-wrap\" data-name=\"postal\"><input size=\"40\" maxlength=\"400\" class=\"wpcf7-form-control wpcf7-text wpcf7-validates-as-required\" aria-required=\"true\" aria-invalid=\"false\" placeholder=\"Code Postal\" value=\"\" type=\"text\" name=\"postal\" \/><\/span><br \/>\n<label for=\"property-type-desktop\"><\/label>\n\t\t<\/p>\n\t<\/div>\n\t<div class=\"col-md-6 col-xs-12\">\n\t<hr class=\"hidden-md-up\" \/>\n\t\t<h3 class=\"form-section-title\">D\u00e9tails De La Propri\u00e9t\u00e9\n\t\t<\/h3>\n\t\t<p><span class=\"wpcf7-form-control-wrap\" data-name=\"property-type-desktop\"><select class=\"wpcf7-form-control wpcf7-select wpcf7-validates-as-required\" aria-required=\"true\" aria-invalid=\"false\" name=\"property-type-desktop\"><option value=\"\">Type de la propri\u00e9t\u00e9<\/option><option value=\"Appartement\">Appartement<\/option><option value=\"B\u00e2timent et vente d\u2019entreprise\">B\u00e2timent et vente d\u2019entreprise<\/option><option value=\"Bungalow\">Bungalow<\/option><option value=\"Chalet\">Chalet<\/option><option value=\"B\u00e2timent commercial et terrain\">B\u00e2timent commercial et terrain<\/option><option value=\"B\u00e2timent commercial \/ bureau\">B\u00e2timent commercial \/ bureau<\/option><option value=\"Espace de location commercial \/ bureau\">Espace de location commercial \/ bureau<\/option><option value=\"Garderie\">Garderie<\/option><option value=\"Duplex\">Duplex<\/option><option value=\"Ferme\">Ferme<\/option><option value=\"Ferme de loisirs\">Ferme de loisirs<\/option><option value=\"B\u00e2timent industriel\">B\u00e2timent industriel<\/option><option value=\"B\u00e2timent industriel et terrain\">B\u00e2timent industriel et terrain<\/option><option value=\"Condo Industriel\">Condo Industriel<\/option><option value=\"Location d\u2019espaces industriels\">Location d\u2019espaces industriels<\/option><option value=\"Loft \/ Studio\">Loft \/ Studio<\/option><option value=\"Maison mobile\">Maison mobile<\/option><option value=\"Maison d\u2019un \u00e9tage et demi\">Maison d\u2019un \u00e9tage et demi<\/option><option value=\"Quadruplex\">Quadruplex<\/option><option value=\"Quintuplex\">Quintuplex<\/option><option value=\"\u00c0 deux niveaux\">\u00c0 deux niveaux<\/option><option value=\"Triplex\">Triplex<\/option><option value=\"Maison \u00e0 \u00e9tages\">Maison \u00e0 \u00e9tages<\/option><option value=\"Terrain vacant\">Terrain vacant<\/option><option value=\"Terre \u00e0 Bois\">Terre \u00e0 Bois<\/option><\/select><\/span><br \/>\n<span class=\"wpcf7-form-control-wrap\" data-name=\"bedrooms\"><input class=\"wpcf7-form-control wpcf7-number wpcf7-validates-as-required wpcf7-validates-as-number\" min=\"1\" max=\"25\" aria-required=\"true\" aria-invalid=\"false\" placeholder=\"Chambres\" value=\"\" type=\"number\" name=\"bedrooms\" \/><\/span><br \/>\n<span class=\"wpcf7-form-control-wrap\" data-name=\"bathrooms\"><input class=\"wpcf7-form-control wpcf7-number wpcf7-validates-as-required wpcf7-validates-as-number\" min=\"1\" max=\"25\" aria-required=\"true\" aria-invalid=\"false\" placeholder=\"Salles de bains\" value=\"\" type=\"number\" name=\"bathrooms\" \/><\/span><br \/>\n<span class=\"wpcf7-form-control-wrap\" data-name=\"size\"><input class=\"wpcf7-form-control wpcf7-number wpcf7-validates-as-required wpcf7-validates-as-number\" min=\"100\" max=\"10000\" aria-required=\"true\" aria-invalid=\"false\" placeholder=\"Taille (pi ca)\" value=\"\" type=\"number\" name=\"size\" \/><\/span><br \/>\n<span class=\"wpcf7-form-control-wrap\" data-name=\"features\"><textarea cols=\"40\" rows=\"10\" maxlength=\"2000\" class=\"wpcf7-form-control wpcf7-textarea wpcf7-validates-as-required\" aria-required=\"true\" aria-invalid=\"false\" placeholder=\"Caract\u00e9ristiques \/ Commentaires\" name=\"features\"><\/textarea><\/span>\n\t\t<\/p>\n\t<\/div>\n\t<div class=\"col-xs-12\">\n\t\t<p><button type=\"submit\" style=\"margin: -32px auto; width: 140px;\" class=\"cta-blog\">Envoyer<\/button>\n\t\t<\/p>\n\t<\/div>\n<\/div><p style=\"display: none !important;\" class=\"akismet-fields-container\" data-prefix=\"_wpcf7_ak_\"><label>&#916;<textarea name=\"_wpcf7_ak_hp_textarea\" cols=\"45\" rows=\"8\" maxlength=\"100\"><\/textarea><\/label><input type=\"hidden\" id=\"ak_js_1\" name=\"_wpcf7_ak_js\" value=\"14\"\/><script>document.getElementById( \"ak_js_1\" ).setAttribute( \"value\", ( new Date() ).getTime() );<\/script><\/p><div class=\"wpcf7-response-output\" aria-hidden=\"true\"><\/div>\n<\/form>\n<\/div>\n\n","protected":false},"excerpt":{"rendered":"<p>Comment un courtier en pr\u00eats hypoth\u00e9caires peut-il vous faire \u00e9conomiser du temps et de l\u2019argent ? Faire appel \u00e0 un courtier en pr\u00eats hypoth\u00e9caires peut vous aider \u00e0 soulager une partie du stress et des questions li\u00e9es aux pr\u00eats lorsque vous achetez une maison, surtout si vous achetez pour la [&hellip;]<\/p>\n","protected":false},"author":10,"featured_media":0,"parent":0,"menu_order":0,"comment_status":"closed","ping_status":"closed","template":"","meta":{"_acf_changed":false,"footnotes":""},"class_list":["post-7166","page","type-page","status-publish","hentry"],"acf":[],"yoast_head":"<!-- This site is optimized with the Yoast SEO plugin v27.4 - https:\/\/yoast.com\/product\/yoast-seo-wordpress\/ -->\n<title>Hypoth\u00e8que - Realty in Canada<\/title>\n<meta name=\"description\" content=\"omment un courtier en pr\u00eats hypoth\u00e9caires peut-il vous faire \u00e9conomiser du temps et de l\u2019argent ?\" \/>\n<meta name=\"robots\" content=\"index, follow, max-snippet:-1, max-image-preview:large, max-video-preview:-1\" \/>\n<link rel=\"canonical\" href=\"https:\/\/realtyincanada.com\/fr\/hypotheque\/\" \/>\n<meta property=\"og:locale\" content=\"fr_FR\" \/>\n<meta property=\"og:type\" content=\"article\" \/>\n<meta property=\"og:title\" content=\"Hypoth\u00e8que - Realty in Canada\" \/>\n<meta property=\"og:description\" content=\"omment un courtier en pr\u00eats hypoth\u00e9caires peut-il vous faire \u00e9conomiser du temps et de l\u2019argent ?\" \/>\n<meta property=\"og:url\" content=\"https:\/\/realtyincanada.com\/fr\/hypotheque\/\" \/>\n<meta property=\"og:site_name\" content=\"Realty in Canada\" \/>\n<meta property=\"article:modified_time\" content=\"2024-11-26T16:58:42+00:00\" \/>\n<meta property=\"og:image\" content=\"https:\/\/realtyincanada.com\/wp-content\/uploads\/2020\/08\/image-300x129.png\" \/>\n<meta name=\"twitter:card\" content=\"summary_large_image\" \/>\n<meta name=\"twitter:label1\" content=\"Dur\u00e9e de lecture estim\u00e9e\" \/>\n\t<meta name=\"twitter:data1\" content=\"2 minutes\" \/>\n<script type=\"application\/ld+json\" class=\"yoast-schema-graph\">{\"@context\":\"https:\\\/\\\/schema.org\",\"@graph\":[{\"@type\":\"WebPage\",\"@id\":\"https:\\\/\\\/realtyincanada.com\\\/fr\\\/hypotheque\\\/\",\"url\":\"https:\\\/\\\/realtyincanada.com\\\/fr\\\/hypotheque\\\/\",\"name\":\"Hypoth\u00e8que - Realty in Canada\",\"isPartOf\":{\"@id\":\"https:\\\/\\\/realtyincanada.com\\\/#website\"},\"primaryImageOfPage\":{\"@id\":\"https:\\\/\\\/realtyincanada.com\\\/fr\\\/hypotheque\\\/#primaryimage\"},\"image\":{\"@id\":\"https:\\\/\\\/realtyincanada.com\\\/fr\\\/hypotheque\\\/#primaryimage\"},\"thumbnailUrl\":\"https:\\\/\\\/realtyincanada.com\\\/wp-content\\\/uploads\\\/2020\\\/08\\\/image-300x129.png\",\"datePublished\":\"2024-11-26T04:38:29+00:00\",\"dateModified\":\"2024-11-26T16:58:42+00:00\",\"description\":\"omment un courtier en pr\u00eats hypoth\u00e9caires peut-il vous faire \u00e9conomiser du temps et de l\u2019argent ?\",\"breadcrumb\":{\"@id\":\"https:\\\/\\\/realtyincanada.com\\\/fr\\\/hypotheque\\\/#breadcrumb\"},\"inLanguage\":\"fr-FR\",\"potentialAction\":[{\"@type\":\"ReadAction\",\"target\":[\"https:\\\/\\\/realtyincanada.com\\\/fr\\\/hypotheque\\\/\"]}]},{\"@type\":\"ImageObject\",\"inLanguage\":\"fr-FR\",\"@id\":\"https:\\\/\\\/realtyincanada.com\\\/fr\\\/hypotheque\\\/#primaryimage\",\"url\":\"https:\\\/\\\/realtyincanada.com\\\/wp-content\\\/uploads\\\/2020\\\/08\\\/image-300x129.png\",\"contentUrl\":\"https:\\\/\\\/realtyincanada.com\\\/wp-content\\\/uploads\\\/2020\\\/08\\\/image-300x129.png\"},{\"@type\":\"BreadcrumbList\",\"@id\":\"https:\\\/\\\/realtyincanada.com\\\/fr\\\/hypotheque\\\/#breadcrumb\",\"itemListElement\":[{\"@type\":\"ListItem\",\"position\":1,\"name\":\"Home\",\"item\":\"https:\\\/\\\/realtyincanada.com\\\/fr\\\/\"},{\"@type\":\"ListItem\",\"position\":2,\"name\":\"Hypoth\u00e8que\"}]},{\"@type\":\"WebSite\",\"@id\":\"https:\\\/\\\/realtyincanada.com\\\/#website\",\"url\":\"https:\\\/\\\/realtyincanada.com\\\/\",\"name\":\"Realty in Canada\",\"description\":\"Realty in Canada is your right choice for the best property agent in Canada. Contact us to buy, sell or rent your property.\",\"publisher\":{\"@id\":\"https:\\\/\\\/realtyincanada.com\\\/#organization\"},\"potentialAction\":[{\"@type\":\"SearchAction\",\"target\":{\"@type\":\"EntryPoint\",\"urlTemplate\":\"https:\\\/\\\/realtyincanada.com\\\/?s={search_term_string}\"},\"query-input\":{\"@type\":\"PropertyValueSpecification\",\"valueRequired\":true,\"valueName\":\"search_term_string\"}}],\"inLanguage\":\"fr-FR\"},{\"@type\":\"Organization\",\"@id\":\"https:\\\/\\\/realtyincanada.com\\\/#organization\",\"name\":\"Realty In Canada\",\"url\":\"https:\\\/\\\/realtyincanada.com\\\/\",\"logo\":{\"@type\":\"ImageObject\",\"inLanguage\":\"fr-FR\",\"@id\":\"https:\\\/\\\/realtyincanada.com\\\/#\\\/schema\\\/logo\\\/image\\\/\",\"url\":\"https:\\\/\\\/realtyincanada.com\\\/\\\/wp-content\\\/uploads\\\/2019\\\/08\\\/emdadul_hoque_final_footer_nopadding.png\",\"contentUrl\":\"https:\\\/\\\/realtyincanada.com\\\/\\\/wp-content\\\/uploads\\\/2019\\\/08\\\/emdadul_hoque_final_footer_nopadding.png\",\"width\":1490,\"height\":660,\"caption\":\"Realty In Canada\"},\"image\":{\"@id\":\"https:\\\/\\\/realtyincanada.com\\\/#\\\/schema\\\/logo\\\/image\\\/\"}}]}<\/script>\n<!-- \/ Yoast SEO plugin. -->","yoast_head_json":{"title":"Hypoth\u00e8que - Realty in Canada","description":"omment un courtier en pr\u00eats hypoth\u00e9caires peut-il vous faire \u00e9conomiser du temps et de l\u2019argent ?","robots":{"index":"index","follow":"follow","max-snippet":"max-snippet:-1","max-image-preview":"max-image-preview:large","max-video-preview":"max-video-preview:-1"},"canonical":"https:\/\/realtyincanada.com\/fr\/hypotheque\/","og_locale":"fr_FR","og_type":"article","og_title":"Hypoth\u00e8que - Realty in Canada","og_description":"omment un courtier en pr\u00eats hypoth\u00e9caires peut-il vous faire \u00e9conomiser du temps et de l\u2019argent ?","og_url":"https:\/\/realtyincanada.com\/fr\/hypotheque\/","og_site_name":"Realty in Canada","article_modified_time":"2024-11-26T16:58:42+00:00","og_image":[{"url":"https:\/\/realtyincanada.com\/wp-content\/uploads\/2020\/08\/image-300x129.png","type":"","width":"","height":""}],"twitter_card":"summary_large_image","twitter_misc":{"Dur\u00e9e de lecture estim\u00e9e":"2 minutes"},"schema":{"@context":"https:\/\/schema.org","@graph":[{"@type":"WebPage","@id":"https:\/\/realtyincanada.com\/fr\/hypotheque\/","url":"https:\/\/realtyincanada.com\/fr\/hypotheque\/","name":"Hypoth\u00e8que - Realty in Canada","isPartOf":{"@id":"https:\/\/realtyincanada.com\/#website"},"primaryImageOfPage":{"@id":"https:\/\/realtyincanada.com\/fr\/hypotheque\/#primaryimage"},"image":{"@id":"https:\/\/realtyincanada.com\/fr\/hypotheque\/#primaryimage"},"thumbnailUrl":"https:\/\/realtyincanada.com\/wp-content\/uploads\/2020\/08\/image-300x129.png","datePublished":"2024-11-26T04:38:29+00:00","dateModified":"2024-11-26T16:58:42+00:00","description":"omment un courtier en pr\u00eats hypoth\u00e9caires peut-il vous faire \u00e9conomiser du temps et de l\u2019argent ?","breadcrumb":{"@id":"https:\/\/realtyincanada.com\/fr\/hypotheque\/#breadcrumb"},"inLanguage":"fr-FR","potentialAction":[{"@type":"ReadAction","target":["https:\/\/realtyincanada.com\/fr\/hypotheque\/"]}]},{"@type":"ImageObject","inLanguage":"fr-FR","@id":"https:\/\/realtyincanada.com\/fr\/hypotheque\/#primaryimage","url":"https:\/\/realtyincanada.com\/wp-content\/uploads\/2020\/08\/image-300x129.png","contentUrl":"https:\/\/realtyincanada.com\/wp-content\/uploads\/2020\/08\/image-300x129.png"},{"@type":"BreadcrumbList","@id":"https:\/\/realtyincanada.com\/fr\/hypotheque\/#breadcrumb","itemListElement":[{"@type":"ListItem","position":1,"name":"Home","item":"https:\/\/realtyincanada.com\/fr\/"},{"@type":"ListItem","position":2,"name":"Hypoth\u00e8que"}]},{"@type":"WebSite","@id":"https:\/\/realtyincanada.com\/#website","url":"https:\/\/realtyincanada.com\/","name":"Realty in Canada","description":"Realty in Canada is your right choice for the best property agent in Canada. Contact us to buy, sell or rent your property.","publisher":{"@id":"https:\/\/realtyincanada.com\/#organization"},"potentialAction":[{"@type":"SearchAction","target":{"@type":"EntryPoint","urlTemplate":"https:\/\/realtyincanada.com\/?s={search_term_string}"},"query-input":{"@type":"PropertyValueSpecification","valueRequired":true,"valueName":"search_term_string"}}],"inLanguage":"fr-FR"},{"@type":"Organization","@id":"https:\/\/realtyincanada.com\/#organization","name":"Realty In Canada","url":"https:\/\/realtyincanada.com\/","logo":{"@type":"ImageObject","inLanguage":"fr-FR","@id":"https:\/\/realtyincanada.com\/#\/schema\/logo\/image\/","url":"https:\/\/realtyincanada.com\/\/wp-content\/uploads\/2019\/08\/emdadul_hoque_final_footer_nopadding.png","contentUrl":"https:\/\/realtyincanada.com\/\/wp-content\/uploads\/2019\/08\/emdadul_hoque_final_footer_nopadding.png","width":1490,"height":660,"caption":"Realty In Canada"},"image":{"@id":"https:\/\/realtyincanada.com\/#\/schema\/logo\/image\/"}}]}},"_links":{"self":[{"href":"https:\/\/realtyincanada.com\/fr\/wp-json\/wp\/v2\/pages\/7166","targetHints":{"allow":["GET"]}}],"collection":[{"href":"https:\/\/realtyincanada.com\/fr\/wp-json\/wp\/v2\/pages"}],"about":[{"href":"https:\/\/realtyincanada.com\/fr\/wp-json\/wp\/v2\/types\/page"}],"author":[{"embeddable":true,"href":"https:\/\/realtyincanada.com\/fr\/wp-json\/wp\/v2\/users\/10"}],"replies":[{"embeddable":true,"href":"https:\/\/realtyincanada.com\/fr\/wp-json\/wp\/v2\/comments?post=7166"}],"version-history":[{"count":12,"href":"https:\/\/realtyincanada.com\/fr\/wp-json\/wp\/v2\/pages\/7166\/revisions"}],"predecessor-version":[{"id":7199,"href":"https:\/\/realtyincanada.com\/fr\/wp-json\/wp\/v2\/pages\/7166\/revisions\/7199"}],"wp:attachment":[{"href":"https:\/\/realtyincanada.com\/fr\/wp-json\/wp\/v2\/media?parent=7166"}],"curies":[{"name":"wp","href":"https:\/\/api.w.org\/{rel}","templated":true}]}}