{"id":835,"date":"2018-08-03T05:12:01","date_gmt":"2018-08-03T05:12:01","guid":{"rendered":"https:\/\/realtyincanada.com\/buy\/"},"modified":"2019-09-03T23:50:25","modified_gmt":"2019-09-04T03:50:25","slug":"acheter","status":"publish","type":"page","link":"https:\/\/realtyincanada.com\/fr\/acheter\/","title":{"rendered":"Acheter"},"content":{"rendered":"<h3>Achetez une propri\u00e9t\u00e9 pour votre famille et pour vos investissements futurs!<\/h3>\n<h3 class=\"black\">D\u00e9terminez vos besoins sp\u00e9cifiques<\/h3>\n<p>Les motifs et les caract\u00e9ristiques relatifs \u00e0 l\u2019achat d\u2019une propri\u00e9t\u00e9 varient d\u2019une personne \u00e0 l\u2019autre. Il est donc tr\u00e8s important de discuter avec moi de vos besoins sp\u00e9cifiques avant de visiter une propri\u00e9t\u00e9. Avant de me rencontrer, faites une liste des caract\u00e9ristiques importantes et identifiez vos besoins sp\u00e9cifiques tels que la localit\u00e9, le prix, le genre de propri\u00e9t\u00e9 recherch\u00e9e, le nombre de pi\u00e8ces, l\u2019environnement, les services publics importants, etc.\u2028 V\u00e9rifiez avec votre institution financi\u00e8re (\u00e0 titre d\u2019information seulement), le montant d\u2019hypoth\u00e8que que vous pouvez vous permettre. Quand sera venu le temps de regarder la meilleure opportunit\u00e9 hypoth\u00e9caire, je serai vraiment l\u00e0 pour vous gr\u00e2ce \u00e0 mes multiples contacts de tr\u00e8s grande qualit\u00e9.<\/p>\n<h4 class=\"black boldbold\">Aide-m\u00e9moire lors d\u2019une visite de propri\u00e9t\u00e9<\/h4>\n<p>Lorsque vous visiterez des propri\u00e9t\u00e9s, voici un aide-m\u00e9moire qui vous aidera \u00e0 choisir une propri\u00e9t\u00e9 plut\u00f4t qu\u2019une autre. (Compl\u00e9tez ce formulaire \u00e0 chaque visite)<\/p>\n<h4 class=\"black boldbold\">D\u00e9penses \u00e0 pr\u00e9voir \u00e0 la signature de l\u2019acte de vente<\/h4>\n<ul class=\"theme-font\">\n<li>Honoraires de notaire<\/li>\n<li>La r\u00e9partition (remboursements) des taxes : Le calcul du remboursement au vendeur (s\u2019il y a lieu) sera effectu\u00e9 \u00e0 compter de la date d\u2019occupation et vous devrez rembourser le vendeur pour le nombre de jours d\u00e9j\u00e0 pay\u00e9 par lui, pour les taxes fonci\u00e8res suivantes:\n<ul class=\"theme-font\">\n<li>Taxes municipales<\/li>\n<li>Taxes scolaires<\/li>\n<\/ul>\n<\/li>\n<li>R\u00e9servoir d\u2019huile \u0430 chauffage : Si la propri\u00e9t\u00e9 est munie d\u2019un chauffage \u00e0 l\u2019huile, le vendeur doit faire remplir le r\u00e9servoir le jour m\u00eame de l\u2019acte de vente et apporter chez le notaire la facture que l\u2019acheteur devra lui rembourser en entier.<\/li>\n<li>Compteurs d\u2019\u00e9lectricit\u00e9 (Hydro-Qu\u00e9bec) et de gaz (Gaz M\u00e9tropolitain) L\u2019acheteur et le vendeur doivent aviser Hydro-Qu\u00e9bec et Gaz M\u00e9tropolitain (s\u2019il y a lieu) de la date du changement de propri\u00e9taire afin qu\u2019une lecture des compteurs soit faite \u00e0 cette date, et pour que les montants soient imput\u00e9s respectivement \u00e0 l\u2019acheteur et au vendeur \u00e0 la date d\u2019occupation de la propri\u00e9t\u00e9.<\/li>\n<li>Assurance-habitation : Il ne faut pas oublier qu\u2019\u00e0 la signature de l\u2019acte de vente, vous devrez fournir la preuve qu\u2019une assurance-habitation est en vigueur, pour un montant \u00e9quivalent ou sup\u00e9rieur \u00e0 l\u2019hypoth\u00e8que en place.<\/li>\n<\/ul>\n<h4 class=\"black boldbold\">D\u00e9penses \u00e0 pr\u00e9voir apr\u00e8s la signature de l\u2019acte de vente<\/h4>\n<ul class=\"theme-font\">\n<li>Les droits sur les mutations immobili\u00e8res ou \u00ab\u00a0Taxe de Bienvenue\u00a0\u00bb<\/li>\n<li>La municipalit\u00e9 dans laquelle vous avez emm\u00e9nag\u00e9 vous enverra un compte de taxes de mutations, dans les quatre (4) \u00e0 six (6) mois suivant la signature de l\u2019acte de vente, et celui-ci est calcul\u00e9 en fonction du prix de vente et selon le bar\u00e8me suivant :\n<ul class=\"theme-font\">\n<li>0,50 % du premier 50 000 $<\/li>\n<li>1,00 % de 50 000 \u0430 250 000 $<\/li>\n<li>1,50 % de plus de 250 000 $<\/li>\n<\/ul>\n<\/li>\n<li>Les frais de d\u00e9m\u00e9nagement, la peinture, la d\u00e9coration, etc.<\/li>\n<\/ul>\n<h4 class=\"black boldbold\">Communiquez avec moi<\/h4>\n<p>Une fois l&rsquo;analyse de vos besoins termin\u00e9e, contactez-moi. Si vous d\u00e9m\u00e9nagez dans un endroit tr\u00e8s \u00e9loign\u00e9 de la grande r\u00e9gion dans laquelle je travaille, je peux vous y r\u00e9f\u00e9rer avec mon associ\u00e9 dans la r\u00e9gion d\u00e9sir\u00e9e.<\/p>\n","protected":false},"excerpt":{"rendered":"<p>Achetez une propri\u00e9t\u00e9 pour votre famille et pour vos investissements futurs! D\u00e9terminez vos besoins sp\u00e9cifiques Les motifs et les caract\u00e9ristiques relatifs \u00e0 l\u2019achat d\u2019une propri\u00e9t\u00e9 varient d\u2019une personne \u00e0 l\u2019autre. Il est donc tr\u00e8s important de discuter avec moi de vos besoins sp\u00e9cifiques avant de visiter une propri\u00e9t\u00e9. Avant de [&hellip;]<\/p>\n","protected":false},"author":1,"featured_media":1189,"parent":0,"menu_order":0,"comment_status":"closed","ping_status":"closed","template":"","meta":{"_acf_changed":false,"footnotes":""},"class_list":["post-835","page","type-page","status-publish","has-post-thumbnail","hentry"],"acf":[],"yoast_head":"<!-- This site is optimized with the Yoast SEO plugin v27.4 - https:\/\/yoast.com\/product\/yoast-seo-wordpress\/ -->\n<title>Emdadul Hoque | Courtier Immobilier | AdresZ Solutions - Acheter<\/title>\n<meta name=\"description\" content=\"Un courtier de plusieurs ann\u00e9es dans l\u2019immobilier sera sans aucun doute un atout pour la vente ou l\u2019achat. Apr\u00e8s trois ann\u00e9es d\u2019\u00e9tudes coll\u00e9giale...\" \/>\n<meta name=\"robots\" content=\"index, follow, max-snippet:-1, max-image-preview:large, max-video-preview:-1\" \/>\n<link rel=\"canonical\" href=\"https:\/\/realtyincanada.com\/buy\/\" \/>\n<meta property=\"og:locale\" content=\"fr_FR\" \/>\n<meta property=\"og:type\" content=\"article\" \/>\n<meta property=\"og:title\" content=\"Emdadul Hoque | Courtier Immobilier | AdresZ Solutions - Acheter\" \/>\n<meta property=\"og:description\" content=\"Un courtier de plusieurs ann\u00e9es dans l\u2019immobilier sera sans aucun doute un atout pour la vente ou l\u2019achat. Apr\u00e8s trois ann\u00e9es d\u2019\u00e9tudes coll\u00e9giale...\" \/>\n<meta property=\"og:url\" content=\"https:\/\/realtyincanada.com\/buy\/\" \/>\n<meta property=\"og:site_name\" content=\"Realty in Canada\" \/>\n<meta property=\"article:modified_time\" content=\"2019-09-04T03:50:25+00:00\" \/>\n<meta property=\"og:image\" content=\"https:\/\/realtyincanada.com\/wp-content\/uploads\/2018\/08\/bg-innerheader-1024x576.png\" \/>\n\t<meta property=\"og:image:width\" content=\"1024\" \/>\n\t<meta property=\"og:image:height\" content=\"576\" \/>\n\t<meta property=\"og:image:type\" content=\"image\/png\" \/>\n<meta name=\"twitter:card\" content=\"summary_large_image\" \/>\n<meta name=\"twitter:label1\" content=\"Dur\u00e9e de lecture estim\u00e9e\" \/>\n\t<meta name=\"twitter:data1\" content=\"3 minutes\" \/>\n<script type=\"application\/ld+json\" class=\"yoast-schema-graph\">{\"@context\":\"https:\\\/\\\/schema.org\",\"@graph\":[{\"@type\":\"WebPage\",\"@id\":\"https:\\\/\\\/realtyincanada.com\\\/buy\\\/\",\"url\":\"https:\\\/\\\/realtyincanada.com\\\/buy\\\/\",\"name\":\"Emdadul Hoque | Courtier Immobilier | AdresZ Solutions - Acheter\",\"isPartOf\":{\"@id\":\"https:\\\/\\\/realtyincanada.com\\\/#website\"},\"primaryImageOfPage\":{\"@id\":\"https:\\\/\\\/realtyincanada.com\\\/buy\\\/#primaryimage\"},\"image\":{\"@id\":\"https:\\\/\\\/realtyincanada.com\\\/buy\\\/#primaryimage\"},\"thumbnailUrl\":\"https:\\\/\\\/realtyincanada.com\\\/wp-content\\\/uploads\\\/2018\\\/08\\\/bg-innerheader.png\",\"datePublished\":\"2018-08-03T05:12:01+00:00\",\"dateModified\":\"2019-09-04T03:50:25+00:00\",\"description\":\"Un courtier de plusieurs ann\u00e9es dans l\u2019immobilier sera sans aucun doute un atout pour la vente ou l\u2019achat. Apr\u00e8s trois ann\u00e9es d\u2019\u00e9tudes coll\u00e9giale...\",\"breadcrumb\":{\"@id\":\"https:\\\/\\\/realtyincanada.com\\\/buy\\\/#breadcrumb\"},\"inLanguage\":\"fr-FR\",\"potentialAction\":[{\"@type\":\"ReadAction\",\"target\":[\"https:\\\/\\\/realtyincanada.com\\\/buy\\\/\"]}]},{\"@type\":\"ImageObject\",\"inLanguage\":\"fr-FR\",\"@id\":\"https:\\\/\\\/realtyincanada.com\\\/buy\\\/#primaryimage\",\"url\":\"https:\\\/\\\/realtyincanada.com\\\/wp-content\\\/uploads\\\/2018\\\/08\\\/bg-innerheader.png\",\"contentUrl\":\"https:\\\/\\\/realtyincanada.com\\\/wp-content\\\/uploads\\\/2018\\\/08\\\/bg-innerheader.png\",\"width\":1280,\"height\":720},{\"@type\":\"BreadcrumbList\",\"@id\":\"https:\\\/\\\/realtyincanada.com\\\/buy\\\/#breadcrumb\",\"itemListElement\":[{\"@type\":\"ListItem\",\"position\":1,\"name\":\"Home\",\"item\":\"https:\\\/\\\/realtyincanada.com\\\/fr\\\/\"},{\"@type\":\"ListItem\",\"position\":2,\"name\":\"Acheter\"}]},{\"@type\":\"WebSite\",\"@id\":\"https:\\\/\\\/realtyincanada.com\\\/#website\",\"url\":\"https:\\\/\\\/realtyincanada.com\\\/\",\"name\":\"Realty in Canada\",\"description\":\"Realty in Canada is your right choice for the best property agent in Canada. Contact us to buy, sell or rent your property.\",\"publisher\":{\"@id\":\"https:\\\/\\\/realtyincanada.com\\\/#organization\"},\"potentialAction\":[{\"@type\":\"SearchAction\",\"target\":{\"@type\":\"EntryPoint\",\"urlTemplate\":\"https:\\\/\\\/realtyincanada.com\\\/?s={search_term_string}\"},\"query-input\":{\"@type\":\"PropertyValueSpecification\",\"valueRequired\":true,\"valueName\":\"search_term_string\"}}],\"inLanguage\":\"fr-FR\"},{\"@type\":\"Organization\",\"@id\":\"https:\\\/\\\/realtyincanada.com\\\/#organization\",\"name\":\"Realty In Canada\",\"url\":\"https:\\\/\\\/realtyincanada.com\\\/\",\"logo\":{\"@type\":\"ImageObject\",\"inLanguage\":\"fr-FR\",\"@id\":\"https:\\\/\\\/realtyincanada.com\\\/#\\\/schema\\\/logo\\\/image\\\/\",\"url\":\"https:\\\/\\\/realtyincanada.com\\\/\\\/wp-content\\\/uploads\\\/2019\\\/08\\\/emdadul_hoque_final_footer_nopadding.png\",\"contentUrl\":\"https:\\\/\\\/realtyincanada.com\\\/\\\/wp-content\\\/uploads\\\/2019\\\/08\\\/emdadul_hoque_final_footer_nopadding.png\",\"width\":1490,\"height\":660,\"caption\":\"Realty In Canada\"},\"image\":{\"@id\":\"https:\\\/\\\/realtyincanada.com\\\/#\\\/schema\\\/logo\\\/image\\\/\"}}]}<\/script>\n<!-- \/ Yoast SEO plugin. -->","yoast_head_json":{"title":"Emdadul Hoque | Courtier Immobilier | AdresZ Solutions - Acheter","description":"Un courtier de plusieurs ann\u00e9es dans l\u2019immobilier sera sans aucun doute un atout pour la vente ou l\u2019achat. Apr\u00e8s trois ann\u00e9es d\u2019\u00e9tudes coll\u00e9giale...","robots":{"index":"index","follow":"follow","max-snippet":"max-snippet:-1","max-image-preview":"max-image-preview:large","max-video-preview":"max-video-preview:-1"},"canonical":"https:\/\/realtyincanada.com\/buy\/","og_locale":"fr_FR","og_type":"article","og_title":"Emdadul Hoque | Courtier Immobilier | AdresZ Solutions - Acheter","og_description":"Un courtier de plusieurs ann\u00e9es dans l\u2019immobilier sera sans aucun doute un atout pour la vente ou l\u2019achat. Apr\u00e8s trois ann\u00e9es d\u2019\u00e9tudes coll\u00e9giale...","og_url":"https:\/\/realtyincanada.com\/buy\/","og_site_name":"Realty in Canada","article_modified_time":"2019-09-04T03:50:25+00:00","og_image":[{"width":1024,"height":576,"url":"https:\/\/realtyincanada.com\/wp-content\/uploads\/2018\/08\/bg-innerheader-1024x576.png","type":"image\/png"}],"twitter_card":"summary_large_image","twitter_misc":{"Dur\u00e9e de lecture estim\u00e9e":"3 minutes"},"schema":{"@context":"https:\/\/schema.org","@graph":[{"@type":"WebPage","@id":"https:\/\/realtyincanada.com\/buy\/","url":"https:\/\/realtyincanada.com\/buy\/","name":"Emdadul Hoque | Courtier Immobilier | AdresZ Solutions - Acheter","isPartOf":{"@id":"https:\/\/realtyincanada.com\/#website"},"primaryImageOfPage":{"@id":"https:\/\/realtyincanada.com\/buy\/#primaryimage"},"image":{"@id":"https:\/\/realtyincanada.com\/buy\/#primaryimage"},"thumbnailUrl":"https:\/\/realtyincanada.com\/wp-content\/uploads\/2018\/08\/bg-innerheader.png","datePublished":"2018-08-03T05:12:01+00:00","dateModified":"2019-09-04T03:50:25+00:00","description":"Un courtier de plusieurs ann\u00e9es dans l\u2019immobilier sera sans aucun doute un atout pour la vente ou l\u2019achat. Apr\u00e8s trois ann\u00e9es d\u2019\u00e9tudes coll\u00e9giale...","breadcrumb":{"@id":"https:\/\/realtyincanada.com\/buy\/#breadcrumb"},"inLanguage":"fr-FR","potentialAction":[{"@type":"ReadAction","target":["https:\/\/realtyincanada.com\/buy\/"]}]},{"@type":"ImageObject","inLanguage":"fr-FR","@id":"https:\/\/realtyincanada.com\/buy\/#primaryimage","url":"https:\/\/realtyincanada.com\/wp-content\/uploads\/2018\/08\/bg-innerheader.png","contentUrl":"https:\/\/realtyincanada.com\/wp-content\/uploads\/2018\/08\/bg-innerheader.png","width":1280,"height":720},{"@type":"BreadcrumbList","@id":"https:\/\/realtyincanada.com\/buy\/#breadcrumb","itemListElement":[{"@type":"ListItem","position":1,"name":"Home","item":"https:\/\/realtyincanada.com\/fr\/"},{"@type":"ListItem","position":2,"name":"Acheter"}]},{"@type":"WebSite","@id":"https:\/\/realtyincanada.com\/#website","url":"https:\/\/realtyincanada.com\/","name":"Realty in Canada","description":"Realty in Canada is your right choice for the best property agent in Canada. Contact us to buy, sell or rent your property.","publisher":{"@id":"https:\/\/realtyincanada.com\/#organization"},"potentialAction":[{"@type":"SearchAction","target":{"@type":"EntryPoint","urlTemplate":"https:\/\/realtyincanada.com\/?s={search_term_string}"},"query-input":{"@type":"PropertyValueSpecification","valueRequired":true,"valueName":"search_term_string"}}],"inLanguage":"fr-FR"},{"@type":"Organization","@id":"https:\/\/realtyincanada.com\/#organization","name":"Realty In Canada","url":"https:\/\/realtyincanada.com\/","logo":{"@type":"ImageObject","inLanguage":"fr-FR","@id":"https:\/\/realtyincanada.com\/#\/schema\/logo\/image\/","url":"https:\/\/realtyincanada.com\/\/wp-content\/uploads\/2019\/08\/emdadul_hoque_final_footer_nopadding.png","contentUrl":"https:\/\/realtyincanada.com\/\/wp-content\/uploads\/2019\/08\/emdadul_hoque_final_footer_nopadding.png","width":1490,"height":660,"caption":"Realty In Canada"},"image":{"@id":"https:\/\/realtyincanada.com\/#\/schema\/logo\/image\/"}}]}},"_links":{"self":[{"href":"https:\/\/realtyincanada.com\/fr\/wp-json\/wp\/v2\/pages\/835","targetHints":{"allow":["GET"]}}],"collection":[{"href":"https:\/\/realtyincanada.com\/fr\/wp-json\/wp\/v2\/pages"}],"about":[{"href":"https:\/\/realtyincanada.com\/fr\/wp-json\/wp\/v2\/types\/page"}],"author":[{"embeddable":true,"href":"https:\/\/realtyincanada.com\/fr\/wp-json\/wp\/v2\/users\/1"}],"replies":[{"embeddable":true,"href":"https:\/\/realtyincanada.com\/fr\/wp-json\/wp\/v2\/comments?post=835"}],"version-history":[{"count":8,"href":"https:\/\/realtyincanada.com\/fr\/wp-json\/wp\/v2\/pages\/835\/revisions"}],"predecessor-version":[{"id":4359,"href":"https:\/\/realtyincanada.com\/fr\/wp-json\/wp\/v2\/pages\/835\/revisions\/4359"}],"wp:featuredmedia":[{"embeddable":true,"href":"https:\/\/realtyincanada.com\/fr\/wp-json\/wp\/v2\/media\/1189"}],"wp:attachment":[{"href":"https:\/\/realtyincanada.com\/fr\/wp-json\/wp\/v2\/media?parent=835"}],"curies":[{"name":"wp","href":"https:\/\/api.w.org\/{rel}","templated":true}]}}