{"id":875,"date":"2018-08-07T08:04:03","date_gmt":"2018-08-07T08:04:03","guid":{"rendered":"https:\/\/realtyincanada.com\/acheter\/analyze-your-needs\/"},"modified":"2019-02-28T21:32:18","modified_gmt":"2019-02-28T21:32:18","slug":"analyser-vos-besoins","status":"publish","type":"page","link":"https:\/\/realtyincanada.com\/fr\/acheter\/analyser-vos-besoins\/","title":{"rendered":"Analyser vos besoins"},"content":{"rendered":"<h3>&nbsp;<\/h3>\n<p>Vous r\u00eavez d\u2019une grande maison au bord d\u2019un lac? Est-ce vraiment la propri\u00e9t\u00e9 qui r\u00e9pond \u00e0 vos besoins? Il faut parfois savoir faire la diff\u00e9rence entre la maison de nos r\u00eaves et celle qui nous convient r\u00e9ellement. Avant de commencer vos recherches, prenez le temps de r\u00e9fl\u00e9chir.<\/p>\n<h4 class=\"black boldbold\">Vos besoins<\/h4>\n<p>Chaque famille a ses propres besoins et priorit\u00e9s. Combien de chambres et de salles de bain vous faut-il? Une salle \u00e0 manger est-elle vraiment n\u00e9cessaire? Et le garage, deviendra-t-il un autre espace de rangement?<\/p>\n<h4 class=\"black boldbold\">Vos go\u00fbts<\/h4>\n<p>Tenez compte de vos go\u00fbts. Si vous n\u2019\u00eates pas bricoleur, \u00e9vitez les maisons qui ont besoin de grandes r\u00e9novations. Coup de c\u0153ur pour un grand terrain? N\u2019oubliez pas que vous devrez l\u2019entretenir. Si vous pr\u00e9f\u00e9rez la vie urbaine pour vous rapprocher des services, des salles de spectacles et des restos branch\u00e9s, attendez-vous \u00e0 vivre dans un milieu plus bruyant et moins vert. En r\u00e9sum\u00e9, \u00e9tablissez vos priorit\u00e9s!<\/p>\n<h4 class=\"black boldbold\">Quel est votre budget?<\/h4>\n<p>Ne faites pas l\u2019erreur d\u2019acheter une maison dont le prix est au-dessus de vos moyens. Pour trouver la propri\u00e9t\u00e9 qui vous convient, ajustez vos besoins \u00e0 votre budget. Une fois que vous serez devenu propri\u00e9taire, votre investissement prendra de la valeur et vous permettra d\u2019opter, plus tard, pour une propri\u00e9t\u00e9 plus pr\u00e8s de votre id\u00e9al. Au d\u00e9part, pensez surtout \u00e0 faire des r\u00e9serves pour les frais relatifs \u00e0 l\u2019achat et aux impr\u00e9vus. C\u2019est sans compter l\u2019entretien, les assurances et les r\u00e9parations, dont les frais annuels correspondent g\u00e9n\u00e9ralement \u00e0 2 % ou 3 % du prix de la maison.<\/p>\n<h4 class=\"black boldbold\">Votre environnement<\/h4>\n<p>Votre environnement est aussi un facteur important. Y a-t-il une garderie ou une \u00e9cole \u00e0 proximit\u00e9? Vos enfants pourront-ils utiliser le transport en commun ou devrez-vous les conduire? Pensez aussi \u00e0 la distance qui vous s\u00e9pare du travail.<\/p>\n","protected":false},"excerpt":{"rendered":"<p>&nbsp; Vous r\u00eavez d\u2019une grande maison au bord d\u2019un lac? Est-ce vraiment la propri\u00e9t\u00e9 qui r\u00e9pond \u00e0 vos besoins? Il faut parfois savoir faire la diff\u00e9rence entre la maison de nos r\u00eaves et celle qui nous convient r\u00e9ellement. Avant de commencer vos recherches, prenez le temps de r\u00e9fl\u00e9chir. Vos besoins [&hellip;]<\/p>\n","protected":false},"author":1,"featured_media":0,"parent":835,"menu_order":1,"comment_status":"closed","ping_status":"closed","template":"","meta":{"_acf_changed":false,"footnotes":""},"class_list":["post-875","page","type-page","status-publish","hentry"],"acf":[],"yoast_head":"<!-- This site is optimized with the Yoast SEO plugin v27.5 - https:\/\/yoast.com\/product\/yoast-seo-wordpress\/ -->\n<title>Emdadul Hoque | Courtier Immobilier | AdresZ Solutions - Analyser vos besoins<\/title>\n<meta name=\"description\" content=\"Un courtier de plusieurs ann\u00e9es dans l\u2019immobilier sera sans aucun doute un atout pour la vente ou l\u2019achat. Apr\u00e8s trois ann\u00e9es d\u2019\u00e9tudes coll\u00e9giale...\" \/>\n<meta name=\"robots\" content=\"index, follow, max-snippet:-1, max-image-preview:large, max-video-preview:-1\" \/>\n<link rel=\"canonical\" href=\"https:\/\/realtyincanada.com\/buy\/analyze-your-needs\/\" \/>\n<meta property=\"og:locale\" content=\"fr_FR\" \/>\n<meta property=\"og:type\" content=\"article\" \/>\n<meta property=\"og:title\" content=\"Emdadul Hoque | Courtier Immobilier | AdresZ Solutions - Analyser vos besoins\" \/>\n<meta property=\"og:description\" content=\"Un courtier de plusieurs ann\u00e9es dans l\u2019immobilier sera sans aucun doute un atout pour la vente ou l\u2019achat. Apr\u00e8s trois ann\u00e9es d\u2019\u00e9tudes coll\u00e9giale...\" \/>\n<meta property=\"og:url\" content=\"https:\/\/realtyincanada.com\/buy\/analyze-your-needs\/\" \/>\n<meta property=\"og:site_name\" content=\"Realty in Canada\" \/>\n<meta property=\"article:modified_time\" content=\"2019-02-28T21:32:18+00:00\" \/>\n<meta property=\"og:image\" content=\"https:\/\/realtyincanada.com\/wp-content\/uploads\/2019\/02\/emdadul-hoque-og.jpg\" \/>\n\t<meta property=\"og:image:width\" content=\"1280\" \/>\n\t<meta property=\"og:image:height\" content=\"601\" \/>\n\t<meta property=\"og:image:type\" content=\"image\/jpeg\" \/>\n<meta name=\"twitter:card\" content=\"summary_large_image\" \/>\n<meta name=\"twitter:label1\" content=\"Dur\u00e9e de lecture estim\u00e9e\" \/>\n\t<meta name=\"twitter:data1\" content=\"2 minutes\" \/>\n<script type=\"application\/ld+json\" class=\"yoast-schema-graph\">{\"@context\":\"https:\\\/\\\/schema.org\",\"@graph\":[{\"@type\":\"WebPage\",\"@id\":\"https:\\\/\\\/realtyincanada.com\\\/buy\\\/analyze-your-needs\\\/\",\"url\":\"https:\\\/\\\/realtyincanada.com\\\/buy\\\/analyze-your-needs\\\/\",\"name\":\"Emdadul Hoque | Courtier Immobilier | AdresZ Solutions - Analyser vos besoins\",\"isPartOf\":{\"@id\":\"https:\\\/\\\/realtyincanada.com\\\/#website\"},\"datePublished\":\"2018-08-07T08:04:03+00:00\",\"dateModified\":\"2019-02-28T21:32:18+00:00\",\"description\":\"Un courtier de plusieurs ann\u00e9es dans l\u2019immobilier sera sans aucun doute un atout pour la vente ou l\u2019achat. Apr\u00e8s trois ann\u00e9es d\u2019\u00e9tudes coll\u00e9giale...\",\"breadcrumb\":{\"@id\":\"https:\\\/\\\/realtyincanada.com\\\/buy\\\/analyze-your-needs\\\/#breadcrumb\"},\"inLanguage\":\"fr-FR\",\"potentialAction\":[{\"@type\":\"ReadAction\",\"target\":[\"https:\\\/\\\/realtyincanada.com\\\/buy\\\/analyze-your-needs\\\/\"]}]},{\"@type\":\"BreadcrumbList\",\"@id\":\"https:\\\/\\\/realtyincanada.com\\\/buy\\\/analyze-your-needs\\\/#breadcrumb\",\"itemListElement\":[{\"@type\":\"ListItem\",\"position\":1,\"name\":\"Home\",\"item\":\"https:\\\/\\\/realtyincanada.com\\\/fr\\\/\"},{\"@type\":\"ListItem\",\"position\":2,\"name\":\"Acheter\",\"item\":\"https:\\\/\\\/realtyincanada.com\\\/buy\\\/\"},{\"@type\":\"ListItem\",\"position\":3,\"name\":\"Analyser vos besoins\"}]},{\"@type\":\"WebSite\",\"@id\":\"https:\\\/\\\/realtyincanada.com\\\/#website\",\"url\":\"https:\\\/\\\/realtyincanada.com\\\/\",\"name\":\"Realty in Canada\",\"description\":\"Realty in Canada is your right choice for the best property agent in Canada. Contact us to buy, sell or rent your property.\",\"publisher\":{\"@id\":\"https:\\\/\\\/realtyincanada.com\\\/#organization\"},\"potentialAction\":[{\"@type\":\"SearchAction\",\"target\":{\"@type\":\"EntryPoint\",\"urlTemplate\":\"https:\\\/\\\/realtyincanada.com\\\/?s={search_term_string}\"},\"query-input\":{\"@type\":\"PropertyValueSpecification\",\"valueRequired\":true,\"valueName\":\"search_term_string\"}}],\"inLanguage\":\"fr-FR\"},{\"@type\":\"Organization\",\"@id\":\"https:\\\/\\\/realtyincanada.com\\\/#organization\",\"name\":\"Realty In Canada\",\"url\":\"https:\\\/\\\/realtyincanada.com\\\/\",\"logo\":{\"@type\":\"ImageObject\",\"inLanguage\":\"fr-FR\",\"@id\":\"https:\\\/\\\/realtyincanada.com\\\/#\\\/schema\\\/logo\\\/image\\\/\",\"url\":\"https:\\\/\\\/realtyincanada.com\\\/\\\/wp-content\\\/uploads\\\/2019\\\/08\\\/emdadul_hoque_final_footer_nopadding.png\",\"contentUrl\":\"https:\\\/\\\/realtyincanada.com\\\/\\\/wp-content\\\/uploads\\\/2019\\\/08\\\/emdadul_hoque_final_footer_nopadding.png\",\"width\":1490,\"height\":660,\"caption\":\"Realty In Canada\"},\"image\":{\"@id\":\"https:\\\/\\\/realtyincanada.com\\\/#\\\/schema\\\/logo\\\/image\\\/\"}}]}<\/script>\n<!-- \/ Yoast SEO plugin. -->","yoast_head_json":{"title":"Emdadul Hoque | Courtier Immobilier | AdresZ Solutions - Analyser vos besoins","description":"Un courtier de plusieurs ann\u00e9es dans l\u2019immobilier sera sans aucun doute un atout pour la vente ou l\u2019achat. Apr\u00e8s trois ann\u00e9es d\u2019\u00e9tudes coll\u00e9giale...","robots":{"index":"index","follow":"follow","max-snippet":"max-snippet:-1","max-image-preview":"max-image-preview:large","max-video-preview":"max-video-preview:-1"},"canonical":"https:\/\/realtyincanada.com\/buy\/analyze-your-needs\/","og_locale":"fr_FR","og_type":"article","og_title":"Emdadul Hoque | Courtier Immobilier | AdresZ Solutions - Analyser vos besoins","og_description":"Un courtier de plusieurs ann\u00e9es dans l\u2019immobilier sera sans aucun doute un atout pour la vente ou l\u2019achat. Apr\u00e8s trois ann\u00e9es d\u2019\u00e9tudes coll\u00e9giale...","og_url":"https:\/\/realtyincanada.com\/buy\/analyze-your-needs\/","og_site_name":"Realty in Canada","article_modified_time":"2019-02-28T21:32:18+00:00","og_image":[{"width":1280,"height":601,"url":"https:\/\/realtyincanada.com\/wp-content\/uploads\/2019\/02\/emdadul-hoque-og.jpg","type":"image\/jpeg"}],"twitter_card":"summary_large_image","twitter_misc":{"Dur\u00e9e de lecture estim\u00e9e":"2 minutes"},"schema":{"@context":"https:\/\/schema.org","@graph":[{"@type":"WebPage","@id":"https:\/\/realtyincanada.com\/buy\/analyze-your-needs\/","url":"https:\/\/realtyincanada.com\/buy\/analyze-your-needs\/","name":"Emdadul Hoque | Courtier Immobilier | AdresZ Solutions - Analyser vos besoins","isPartOf":{"@id":"https:\/\/realtyincanada.com\/#website"},"datePublished":"2018-08-07T08:04:03+00:00","dateModified":"2019-02-28T21:32:18+00:00","description":"Un courtier de plusieurs ann\u00e9es dans l\u2019immobilier sera sans aucun doute un atout pour la vente ou l\u2019achat. Apr\u00e8s trois ann\u00e9es d\u2019\u00e9tudes coll\u00e9giale...","breadcrumb":{"@id":"https:\/\/realtyincanada.com\/buy\/analyze-your-needs\/#breadcrumb"},"inLanguage":"fr-FR","potentialAction":[{"@type":"ReadAction","target":["https:\/\/realtyincanada.com\/buy\/analyze-your-needs\/"]}]},{"@type":"BreadcrumbList","@id":"https:\/\/realtyincanada.com\/buy\/analyze-your-needs\/#breadcrumb","itemListElement":[{"@type":"ListItem","position":1,"name":"Home","item":"https:\/\/realtyincanada.com\/fr\/"},{"@type":"ListItem","position":2,"name":"Acheter","item":"https:\/\/realtyincanada.com\/buy\/"},{"@type":"ListItem","position":3,"name":"Analyser vos besoins"}]},{"@type":"WebSite","@id":"https:\/\/realtyincanada.com\/#website","url":"https:\/\/realtyincanada.com\/","name":"Realty in Canada","description":"Realty in Canada is your right choice for the best property agent in Canada. Contact us to buy, sell or rent your property.","publisher":{"@id":"https:\/\/realtyincanada.com\/#organization"},"potentialAction":[{"@type":"SearchAction","target":{"@type":"EntryPoint","urlTemplate":"https:\/\/realtyincanada.com\/?s={search_term_string}"},"query-input":{"@type":"PropertyValueSpecification","valueRequired":true,"valueName":"search_term_string"}}],"inLanguage":"fr-FR"},{"@type":"Organization","@id":"https:\/\/realtyincanada.com\/#organization","name":"Realty In Canada","url":"https:\/\/realtyincanada.com\/","logo":{"@type":"ImageObject","inLanguage":"fr-FR","@id":"https:\/\/realtyincanada.com\/#\/schema\/logo\/image\/","url":"https:\/\/realtyincanada.com\/\/wp-content\/uploads\/2019\/08\/emdadul_hoque_final_footer_nopadding.png","contentUrl":"https:\/\/realtyincanada.com\/\/wp-content\/uploads\/2019\/08\/emdadul_hoque_final_footer_nopadding.png","width":1490,"height":660,"caption":"Realty In Canada"},"image":{"@id":"https:\/\/realtyincanada.com\/#\/schema\/logo\/image\/"}}]}},"_links":{"self":[{"href":"https:\/\/realtyincanada.com\/fr\/wp-json\/wp\/v2\/pages\/875","targetHints":{"allow":["GET"]}}],"collection":[{"href":"https:\/\/realtyincanada.com\/fr\/wp-json\/wp\/v2\/pages"}],"about":[{"href":"https:\/\/realtyincanada.com\/fr\/wp-json\/wp\/v2\/types\/page"}],"author":[{"embeddable":true,"href":"https:\/\/realtyincanada.com\/fr\/wp-json\/wp\/v2\/users\/1"}],"replies":[{"embeddable":true,"href":"https:\/\/realtyincanada.com\/fr\/wp-json\/wp\/v2\/comments?post=875"}],"version-history":[{"count":3,"href":"https:\/\/realtyincanada.com\/fr\/wp-json\/wp\/v2\/pages\/875\/revisions"}],"predecessor-version":[{"id":1575,"href":"https:\/\/realtyincanada.com\/fr\/wp-json\/wp\/v2\/pages\/875\/revisions\/1575"}],"up":[{"embeddable":true,"href":"https:\/\/realtyincanada.com\/fr\/wp-json\/wp\/v2\/pages\/835"}],"wp:attachment":[{"href":"https:\/\/realtyincanada.com\/fr\/wp-json\/wp\/v2\/media?parent=875"}],"curies":[{"name":"wp","href":"https:\/\/api.w.org\/{rel}","templated":true}]}}