{"id":884,"date":"2018-08-07T08:04:49","date_gmt":"2018-08-07T08:04:49","guid":{"rendered":"https:\/\/realtyincanada.com\/acheter\/feel-like-investing\/"},"modified":"2019-02-28T21:33:07","modified_gmt":"2019-02-28T21:33:07","slug":"envie-dinvestir","status":"publish","type":"page","link":"https:\/\/realtyincanada.com\/fr\/acheter\/envie-dinvestir\/","title":{"rendered":"Envie d\u2019investir?"},"content":{"rendered":"<h3>&nbsp;<\/h3>\n<p>Acheter une maison, c\u2019est un peu comme \u00e9pargner \u00e0 long terme. En tant que propri\u00e9taire, vous faites chaque mois des paiements hypoth\u00e9caires qui financent votre actif et vous permettent de b\u00e2tir un capital appr\u00e9ciable que vous r\u00e9cup\u00e9rerez plus tard, lorsque vous vendrez votre propri\u00e9t\u00e9.<\/p>\n<p>Partout au Canada, les propri\u00e9t\u00e9s immobili\u00e8res ont pris beaucoup de valeur au cours de la derni\u00e8re d\u00e9cennie. Au Qu\u00e9bec, le prix m\u00e9dian des unifamiliales a presque doubl\u00e9 au cours des huit derni\u00e8res ann\u00e9es, passant de 110 000 $ en 2002 \u00e0 209 500 $ en 2010. Il y a donc eu une appr\u00e9ciation moyenne de pr\u00e8s de 8 % par ann\u00e9e. Et cette croissance n\u2019est certes pas termin\u00e9e si l\u2019on consid\u00e8re l\u2019\u00e9volution pr\u00e9visible des facteurs \u00e9num\u00e9r\u00e9s ci-dessous.<\/p>\n<h4 class=\"black boldbold\">Qu\u2019est-ce qui stimule le march\u00e9 de l\u2019immobilier r\u00e9sidentiel?<\/h4>\n<p>Que vous soyez d\u00e9j\u00e0 propri\u00e9taire ou sur le point de le devenir, une propri\u00e9t\u00e9 est l\u2019un des investissements les plus importants de votre vie. Il est donc n\u00e9cessaire pour vous de conna\u00eetre les quatre principaux facteurs qui influencent l\u2019\u00e9volution du march\u00e9 de l\u2019habitation, soit la croissance de la population, les taux d\u2019int\u00e9r\u00eat, les revenus et les tendances sociod\u00e9mographiques.<\/p>\n<p>Il va sans dire que chaque personne doit se loger et c\u2019est pourquoi la vigueur du march\u00e9 immobilier r\u00e9sidentiel est directement li\u00e9e \u00e0 la croissance d\u00e9mographique. Que ce soit par l\u2019immigration, la migration ou l\u2019accroissement naturel de la population, plus la croissance de la population est positive, plus la demande de logements sera forte.<\/p>\n<p>Les taux d\u2019int\u00e9r\u00eat jouent \u00e9galement un r\u00f4le tr\u00e8s important sur ce secteur d\u2019activit\u00e9. Lorsqu\u2019ils sont bas, ils diminuent consid\u00e9rablement les co\u00fbts de financement et incitent les consommateurs \u00e0 devenir propri\u00e9taires, \u00e0 acheter une propri\u00e9t\u00e9 plus grande ou plus luxueuse, ou encore \u00e0 r\u00e9nover.<\/p>\n<p>L\u2019augmentation de la valeur des propri\u00e9t\u00e9s est aussi le reflet assez fid\u00e8le de la capacit\u00e9 de payer des m\u00e9nages. Ainsi, la vigueur du march\u00e9 est intimement li\u00e9e \u00e0 la cr\u00e9ation d\u2019emplois et au revenu disponible des m\u00e9nages.<\/p>\n<p>Finalement, certaines tendances sociod\u00e9mographiques influencent le march\u00e9 immobilier. Par exemple, lorsque la taille des m\u00e9nages diminue, c\u2019est-\u00e0-dire que plus de personnes vivent seules comme c\u2019est le cas depuis plusieurs d\u00e9cennies, plus de propri\u00e9t\u00e9s trouvent preneur.<\/p>\n<p>En conclusion, rappelez-vous que, peu importe le secteur \u00e9conomique, le prix est toujours, ni plus ni moins, qu\u2019un indice de raret\u00e9. Ainsi, toutes choses \u00e9tant \u00e9gales, qui dit hausse de la demande, dit hausse des prix.<\/p>\n","protected":false},"excerpt":{"rendered":"<p>&nbsp; Acheter une maison, c\u2019est un peu comme \u00e9pargner \u00e0 long terme. En tant que propri\u00e9taire, vous faites chaque mois des paiements hypoth\u00e9caires qui financent votre actif et vous permettent de b\u00e2tir un capital appr\u00e9ciable que vous r\u00e9cup\u00e9rerez plus tard, lorsque vous vendrez votre propri\u00e9t\u00e9. Partout au Canada, les propri\u00e9t\u00e9s [&hellip;]<\/p>\n","protected":false},"author":1,"featured_media":0,"parent":835,"menu_order":3,"comment_status":"closed","ping_status":"closed","template":"","meta":{"_acf_changed":false,"footnotes":""},"class_list":["post-884","page","type-page","status-publish","hentry"],"acf":[],"yoast_head":"<!-- This site is optimized with the Yoast SEO plugin v27.4 - https:\/\/yoast.com\/product\/yoast-seo-wordpress\/ -->\n<title>Emdadul Hoque | Courtier Immobilier | AdresZ Solutions - Envie d\u2019investir?<\/title>\n<meta name=\"description\" content=\"Un courtier de plusieurs ann\u00e9es dans l\u2019immobilier sera sans aucun doute un atout pour la vente ou l\u2019achat. Apr\u00e8s trois ann\u00e9es d\u2019\u00e9tudes coll\u00e9giale...\" \/>\n<meta name=\"robots\" content=\"index, follow, max-snippet:-1, max-image-preview:large, max-video-preview:-1\" \/>\n<link rel=\"canonical\" href=\"https:\/\/realtyincanada.com\/buy\/feel-like-investing\/\" \/>\n<meta property=\"og:locale\" content=\"fr_FR\" \/>\n<meta property=\"og:type\" content=\"article\" \/>\n<meta property=\"og:title\" content=\"Emdadul Hoque | Courtier Immobilier | AdresZ Solutions - Envie d\u2019investir?\" \/>\n<meta property=\"og:description\" content=\"Un courtier de plusieurs ann\u00e9es dans l\u2019immobilier sera sans aucun doute un atout pour la vente ou l\u2019achat. Apr\u00e8s trois ann\u00e9es d\u2019\u00e9tudes coll\u00e9giale...\" \/>\n<meta property=\"og:url\" content=\"https:\/\/realtyincanada.com\/buy\/feel-like-investing\/\" \/>\n<meta property=\"og:site_name\" content=\"Realty in Canada\" \/>\n<meta property=\"article:modified_time\" content=\"2019-02-28T21:33:07+00:00\" \/>\n<meta property=\"og:image\" content=\"https:\/\/realtyincanada.com\/wp-content\/uploads\/2019\/02\/emdadul-hoque-og.jpg\" \/>\n\t<meta property=\"og:image:width\" content=\"1280\" \/>\n\t<meta property=\"og:image:height\" content=\"601\" \/>\n\t<meta property=\"og:image:type\" content=\"image\/jpeg\" \/>\n<meta name=\"twitter:card\" content=\"summary_large_image\" \/>\n<meta name=\"twitter:label1\" content=\"Dur\u00e9e de lecture estim\u00e9e\" \/>\n\t<meta name=\"twitter:data1\" content=\"2 minutes\" \/>\n<script type=\"application\/ld+json\" class=\"yoast-schema-graph\">{\"@context\":\"https:\\\/\\\/schema.org\",\"@graph\":[{\"@type\":\"WebPage\",\"@id\":\"https:\\\/\\\/realtyincanada.com\\\/buy\\\/feel-like-investing\\\/\",\"url\":\"https:\\\/\\\/realtyincanada.com\\\/buy\\\/feel-like-investing\\\/\",\"name\":\"Emdadul Hoque | Courtier Immobilier | AdresZ Solutions - Envie d\u2019investir?\",\"isPartOf\":{\"@id\":\"https:\\\/\\\/realtyincanada.com\\\/#website\"},\"datePublished\":\"2018-08-07T08:04:49+00:00\",\"dateModified\":\"2019-02-28T21:33:07+00:00\",\"description\":\"Un courtier de plusieurs ann\u00e9es dans l\u2019immobilier sera sans aucun doute un atout pour la vente ou l\u2019achat. Apr\u00e8s trois ann\u00e9es d\u2019\u00e9tudes coll\u00e9giale...\",\"breadcrumb\":{\"@id\":\"https:\\\/\\\/realtyincanada.com\\\/buy\\\/feel-like-investing\\\/#breadcrumb\"},\"inLanguage\":\"fr-FR\",\"potentialAction\":[{\"@type\":\"ReadAction\",\"target\":[\"https:\\\/\\\/realtyincanada.com\\\/buy\\\/feel-like-investing\\\/\"]}]},{\"@type\":\"BreadcrumbList\",\"@id\":\"https:\\\/\\\/realtyincanada.com\\\/buy\\\/feel-like-investing\\\/#breadcrumb\",\"itemListElement\":[{\"@type\":\"ListItem\",\"position\":1,\"name\":\"Home\",\"item\":\"https:\\\/\\\/realtyincanada.com\\\/fr\\\/\"},{\"@type\":\"ListItem\",\"position\":2,\"name\":\"Acheter\",\"item\":\"https:\\\/\\\/realtyincanada.com\\\/buy\\\/\"},{\"@type\":\"ListItem\",\"position\":3,\"name\":\"Envie d\u2019investir?\"}]},{\"@type\":\"WebSite\",\"@id\":\"https:\\\/\\\/realtyincanada.com\\\/#website\",\"url\":\"https:\\\/\\\/realtyincanada.com\\\/\",\"name\":\"Realty in Canada\",\"description\":\"Realty in Canada is your right choice for the best property agent in Canada. Contact us to buy, sell or rent your property.\",\"publisher\":{\"@id\":\"https:\\\/\\\/realtyincanada.com\\\/#organization\"},\"potentialAction\":[{\"@type\":\"SearchAction\",\"target\":{\"@type\":\"EntryPoint\",\"urlTemplate\":\"https:\\\/\\\/realtyincanada.com\\\/?s={search_term_string}\"},\"query-input\":{\"@type\":\"PropertyValueSpecification\",\"valueRequired\":true,\"valueName\":\"search_term_string\"}}],\"inLanguage\":\"fr-FR\"},{\"@type\":\"Organization\",\"@id\":\"https:\\\/\\\/realtyincanada.com\\\/#organization\",\"name\":\"Realty In Canada\",\"url\":\"https:\\\/\\\/realtyincanada.com\\\/\",\"logo\":{\"@type\":\"ImageObject\",\"inLanguage\":\"fr-FR\",\"@id\":\"https:\\\/\\\/realtyincanada.com\\\/#\\\/schema\\\/logo\\\/image\\\/\",\"url\":\"https:\\\/\\\/realtyincanada.com\\\/\\\/wp-content\\\/uploads\\\/2019\\\/08\\\/emdadul_hoque_final_footer_nopadding.png\",\"contentUrl\":\"https:\\\/\\\/realtyincanada.com\\\/\\\/wp-content\\\/uploads\\\/2019\\\/08\\\/emdadul_hoque_final_footer_nopadding.png\",\"width\":1490,\"height\":660,\"caption\":\"Realty In Canada\"},\"image\":{\"@id\":\"https:\\\/\\\/realtyincanada.com\\\/#\\\/schema\\\/logo\\\/image\\\/\"}}]}<\/script>\n<!-- \/ Yoast SEO plugin. -->","yoast_head_json":{"title":"Emdadul Hoque | Courtier Immobilier | AdresZ Solutions - Envie d\u2019investir?","description":"Un courtier de plusieurs ann\u00e9es dans l\u2019immobilier sera sans aucun doute un atout pour la vente ou l\u2019achat. Apr\u00e8s trois ann\u00e9es d\u2019\u00e9tudes coll\u00e9giale...","robots":{"index":"index","follow":"follow","max-snippet":"max-snippet:-1","max-image-preview":"max-image-preview:large","max-video-preview":"max-video-preview:-1"},"canonical":"https:\/\/realtyincanada.com\/buy\/feel-like-investing\/","og_locale":"fr_FR","og_type":"article","og_title":"Emdadul Hoque | Courtier Immobilier | AdresZ Solutions - Envie d\u2019investir?","og_description":"Un courtier de plusieurs ann\u00e9es dans l\u2019immobilier sera sans aucun doute un atout pour la vente ou l\u2019achat. Apr\u00e8s trois ann\u00e9es d\u2019\u00e9tudes coll\u00e9giale...","og_url":"https:\/\/realtyincanada.com\/buy\/feel-like-investing\/","og_site_name":"Realty in Canada","article_modified_time":"2019-02-28T21:33:07+00:00","og_image":[{"width":1280,"height":601,"url":"https:\/\/realtyincanada.com\/wp-content\/uploads\/2019\/02\/emdadul-hoque-og.jpg","type":"image\/jpeg"}],"twitter_card":"summary_large_image","twitter_misc":{"Dur\u00e9e de lecture estim\u00e9e":"2 minutes"},"schema":{"@context":"https:\/\/schema.org","@graph":[{"@type":"WebPage","@id":"https:\/\/realtyincanada.com\/buy\/feel-like-investing\/","url":"https:\/\/realtyincanada.com\/buy\/feel-like-investing\/","name":"Emdadul Hoque | Courtier Immobilier | AdresZ Solutions - Envie d\u2019investir?","isPartOf":{"@id":"https:\/\/realtyincanada.com\/#website"},"datePublished":"2018-08-07T08:04:49+00:00","dateModified":"2019-02-28T21:33:07+00:00","description":"Un courtier de plusieurs ann\u00e9es dans l\u2019immobilier sera sans aucun doute un atout pour la vente ou l\u2019achat. Apr\u00e8s trois ann\u00e9es d\u2019\u00e9tudes coll\u00e9giale...","breadcrumb":{"@id":"https:\/\/realtyincanada.com\/buy\/feel-like-investing\/#breadcrumb"},"inLanguage":"fr-FR","potentialAction":[{"@type":"ReadAction","target":["https:\/\/realtyincanada.com\/buy\/feel-like-investing\/"]}]},{"@type":"BreadcrumbList","@id":"https:\/\/realtyincanada.com\/buy\/feel-like-investing\/#breadcrumb","itemListElement":[{"@type":"ListItem","position":1,"name":"Home","item":"https:\/\/realtyincanada.com\/fr\/"},{"@type":"ListItem","position":2,"name":"Acheter","item":"https:\/\/realtyincanada.com\/buy\/"},{"@type":"ListItem","position":3,"name":"Envie d\u2019investir?"}]},{"@type":"WebSite","@id":"https:\/\/realtyincanada.com\/#website","url":"https:\/\/realtyincanada.com\/","name":"Realty in Canada","description":"Realty in Canada is your right choice for the best property agent in Canada. Contact us to buy, sell or rent your property.","publisher":{"@id":"https:\/\/realtyincanada.com\/#organization"},"potentialAction":[{"@type":"SearchAction","target":{"@type":"EntryPoint","urlTemplate":"https:\/\/realtyincanada.com\/?s={search_term_string}"},"query-input":{"@type":"PropertyValueSpecification","valueRequired":true,"valueName":"search_term_string"}}],"inLanguage":"fr-FR"},{"@type":"Organization","@id":"https:\/\/realtyincanada.com\/#organization","name":"Realty In Canada","url":"https:\/\/realtyincanada.com\/","logo":{"@type":"ImageObject","inLanguage":"fr-FR","@id":"https:\/\/realtyincanada.com\/#\/schema\/logo\/image\/","url":"https:\/\/realtyincanada.com\/\/wp-content\/uploads\/2019\/08\/emdadul_hoque_final_footer_nopadding.png","contentUrl":"https:\/\/realtyincanada.com\/\/wp-content\/uploads\/2019\/08\/emdadul_hoque_final_footer_nopadding.png","width":1490,"height":660,"caption":"Realty In Canada"},"image":{"@id":"https:\/\/realtyincanada.com\/#\/schema\/logo\/image\/"}}]}},"_links":{"self":[{"href":"https:\/\/realtyincanada.com\/fr\/wp-json\/wp\/v2\/pages\/884","targetHints":{"allow":["GET"]}}],"collection":[{"href":"https:\/\/realtyincanada.com\/fr\/wp-json\/wp\/v2\/pages"}],"about":[{"href":"https:\/\/realtyincanada.com\/fr\/wp-json\/wp\/v2\/types\/page"}],"author":[{"embeddable":true,"href":"https:\/\/realtyincanada.com\/fr\/wp-json\/wp\/v2\/users\/1"}],"replies":[{"embeddable":true,"href":"https:\/\/realtyincanada.com\/fr\/wp-json\/wp\/v2\/comments?post=884"}],"version-history":[{"count":3,"href":"https:\/\/realtyincanada.com\/fr\/wp-json\/wp\/v2\/pages\/884\/revisions"}],"predecessor-version":[{"id":1579,"href":"https:\/\/realtyincanada.com\/fr\/wp-json\/wp\/v2\/pages\/884\/revisions\/1579"}],"up":[{"embeddable":true,"href":"https:\/\/realtyincanada.com\/fr\/wp-json\/wp\/v2\/pages\/835"}],"wp:attachment":[{"href":"https:\/\/realtyincanada.com\/fr\/wp-json\/wp\/v2\/media?parent=884"}],"curies":[{"name":"wp","href":"https:\/\/api.w.org\/{rel}","templated":true}]}}