{"id":967,"date":"2019-01-29T06:51:27","date_gmt":"2019-01-29T06:51:27","guid":{"rendered":"https:\/\/realtyincanada.com\/vip-listings\/"},"modified":"2019-09-06T13:59:27","modified_gmt":"2019-09-06T17:59:27","slug":"inscriptions-vip","status":"publish","type":"page","link":"https:\/\/realtyincanada.com\/fr\/inscriptions-vip\/","title":{"rendered":"Inscriptions VIP"},"content":{"rendered":"\n<div class=\"wpcf7 no-js\" id=\"wpcf7-f1157-o1\" lang=\"en-US\" dir=\"ltr\" data-wpcf7-id=\"1157\">\n<div class=\"screen-reader-response\"><p role=\"status\" aria-live=\"polite\" aria-atomic=\"true\"><\/p> <ul><\/ul><\/div>\n<form action=\"\/fr\/wp-json\/wp\/v2\/pages\/967#wpcf7-f1157-o1\" method=\"post\" class=\"wpcf7-form init\" aria-label=\"Contact form\" novalidate=\"novalidate\" data-status=\"init\">\n<fieldset class=\"hidden-fields-container\"><input type=\"hidden\" name=\"_wpcf7\" value=\"1157\" \/><input type=\"hidden\" name=\"_wpcf7_version\" value=\"6.1.5\" \/><input type=\"hidden\" name=\"_wpcf7_locale\" value=\"en_US\" \/><input type=\"hidden\" name=\"_wpcf7_unit_tag\" value=\"wpcf7-f1157-o1\" \/><input type=\"hidden\" name=\"_wpcf7_container_post\" value=\"0\" \/><input type=\"hidden\" name=\"_wpcf7_posted_data_hash\" value=\"\" \/><input type=\"hidden\" name=\"_wpcf7_recaptcha_response\" value=\"\" \/>\n<\/fieldset>\n<div id=\"foreclosures-hot\" class=\"row innerpage-forms\">\n\t<div class=\"col-md-8 col-md-offset-2 col-xs-12 bg-form\">\n\t\t<div class=\"col-lg-12 col-sm-12 col-xs-12\">\n\t\t\t<div class=\"col-lg-12 col-sm-12 col-xs-12\">\n\t\t\t\t<h3>Acc\u00e9dez aux nouvelles entr\u00e9es VIP: Trouvez votre maison de r\u00eave aujourd'hui !\n\t\t\t\t<\/h3>\n\t\t\t<\/div>\n\t\t<\/div>\n\t\t<div class=\"col-md-6\">\n\t\t\t<div class=\"col-lg-12 col-sm-12 col-xs-12 input-margin\">\n\t\t\t\t<p><label>Nom *<\/label><br \/>\n<span class=\"wpcf7-form-control-wrap\" data-name=\"your-name\"><input size=\"40\" maxlength=\"400\" class=\"wpcf7-form-control wpcf7-text wpcf7-validates-as-required\" aria-required=\"true\" aria-invalid=\"false\" placeholder=\"Votre Nom\" value=\"\" type=\"text\" name=\"your-name\" \/><\/span>\n\t\t\t\t<\/p>\n\t\t\t<\/div>\n\t\t\t<div class=\"col-lg-12 col-sm-12 col-xs-12 input-margin\">\n\t\t\t\t<p><label>T\u00e9l\u00e9phone *<\/label><br \/>\n<span class=\"wpcf7-form-control-wrap\" data-name=\"your-phone\"><input size=\"40\" maxlength=\"400\" class=\"wpcf7-form-control wpcf7-text wpcf7-validates-as-required\" aria-required=\"true\" aria-invalid=\"false\" placeholder=\"Votre T\u00e9l\u00e9phone\" value=\"\" type=\"text\" name=\"your-phone\" \/><\/span>\n\t\t\t\t<\/p>\n\t\t\t<\/div>\n\t\t\t<div class=\"col-lg-12 col-sm-12 col-xs-12 input-margin\">\n\t\t\t\t<p><label>Courriel *<\/label><br \/>\n<span class=\"wpcf7-form-control-wrap\" data-name=\"your-email\"><input size=\"40\" maxlength=\"400\" class=\"wpcf7-form-control wpcf7-email wpcf7-validates-as-required wpcf7-text wpcf7-validates-as-email\" aria-required=\"true\" aria-invalid=\"false\" placeholder=\"Votre Courriel\" value=\"\" type=\"email\" name=\"your-email\" \/><\/span>\n\t\t\t\t<\/p>\n\t\t\t<\/div>\n\t\t<\/div>\n\t\t<div class=\"col-md-6\">\n\t\t\t<div class=\"col-lg-6 col-sm-6 col-xs-12\">\n\t\t\t\t<p><label> Type de propri\u00e9t\u00e9 *<\/label><br \/>\n<span class=\"wpcf7-form-control-wrap\" data-name=\"your-proptype\"><select class=\"wpcf7-form-control wpcf7-select wpcf7-validates-as-required form-control\" aria-required=\"true\" aria-invalid=\"false\" name=\"your-proptype\"><option value=\"--R\u00e9sidentielle--\">--R\u00e9sidentielle--<\/option><option value=\"Maison unifamiliale\">Maison unifamiliale<\/option><option value=\"Condo\">Condo<\/option><option value=\"Loft \/ Studio\">Loft \/ Studio<\/option><option value=\"Interg\u00e9n\u00e9ration\">Interg\u00e9n\u00e9ration<\/option><option value=\"Duplex\">Duplex<\/option><option value=\"Triplex\">Triplex<\/option><option value=\"4Plex\">4Plex<\/option><option value=\"Multi-unit\u00e9s\">Multi-unit\u00e9s<\/option><option value=\"Ferme\">Ferme<\/option><option value=\"Chalet\">Chalet<\/option><option value=\"--Commerciale--\">--Commerciale--<\/option><option value=\"Agricole\">Agricole<\/option><option value=\"Immeuble de bureaux\">Immeuble de bureaux<\/option><option value=\"Commerciale\">Commerciale<\/option><option value=\"Entreprise\">Entreprise<\/option><option value=\"Industriel\">Industriel<\/option><option value=\"Multifamilial\">Multifamilial<\/option><\/select><\/span>\n\t\t\t\t<\/p>\n\t\t\t<\/div>\n\t\t\t<div class=\"col-lg-6 col-sm-6 col-xs-12\">\n\t\t\t\t<p><label> Budget d'achat *<\/label><br \/>\n<span class=\"wpcf7-form-control-wrap\" data-name=\"your-budget\"><select class=\"wpcf7-form-control wpcf7-select wpcf7-validates-as-required form-control\" aria-required=\"true\" aria-invalid=\"false\" name=\"your-budget\"><option value=\"$100k - $199k\">$100k - $199k<\/option><option value=\"$200k - $299k\">$200k - $299k<\/option><option value=\"$300k - $399k\">$300k - $399k<\/option><option value=\"$400k - $499k\">$400k - $499k<\/option><option value=\"$500k - $699k\">$500k - $699k<\/option><option value=\"$700k - $899k\">$700k - $899k<\/option><option value=\"$900k - $1.9M\">$900k - $1.9M<\/option><option value=\"2M+\">2M+<\/option><\/select><\/span>\n\t\t\t\t<\/p>\n\t\t\t<\/div>\n\t\t\t<div class=\"col-lg-6 col-sm-6 col-xs-12\">\n\t\t\t\t<p><label> Chambres *<\/label><br \/>\n<span class=\"wpcf7-form-control-wrap\" data-name=\"your-beds\"><select class=\"wpcf7-form-control wpcf7-select wpcf7-validates-as-required form-control multiple\" aria-required=\"true\" aria-invalid=\"false\" multiple=\"multiple\" name=\"your-beds[]\"><option value=\"\"><\/option><option value=\"1\">1<\/option><option value=\"2\">2<\/option><option value=\"3\">3<\/option><option value=\"4 et plus\">4 et plus<\/option><\/select><\/span>\n\t\t\t\t<\/p>\n\t\t\t<\/div>\n\t\t\t<div class=\"col-lg-6 col-sm-6 col-xs-12\">\n\t\t\t\t<p><label> Salle de bains *<\/label><br \/>\n<span class=\"wpcf7-form-control-wrap\" data-name=\"your-baths\"><select class=\"wpcf7-form-control wpcf7-select wpcf7-validates-as-required form-control multiple\" aria-required=\"true\" aria-invalid=\"false\" multiple=\"multiple\" name=\"your-baths[]\"><option value=\"\"><\/option><option value=\"1\">1<\/option><option value=\"2\">2<\/option><option value=\"3\">3<\/option><option value=\"4 et plus\">4 et plus<\/option><\/select><\/span>\n\t\t\t\t<\/p>\n\t\t\t<\/div>\n\t\t\t<div class=\"col-lg-6 col-sm-6 col-xs-12\">\n\t\t\t\t<p><label> Achat en? *<\/label><br \/>\n<span class=\"wpcf7-form-control-wrap\" data-name=\"your-when\"><select class=\"wpcf7-form-control wpcf7-select wpcf7-validates-as-required form-control\" aria-required=\"true\" aria-invalid=\"false\" name=\"your-when\"><option value=\"0 to 3 mois\">0 to 3 mois<\/option><option value=\"3 to 6 mois\">3 to 6 mois<\/option><option value=\"6 to 12 mois\">6 to 12 mois<\/option><option value=\"12+ mois\">12+ mois<\/option><\/select><\/span>\n\t\t\t\t<\/p>\n\t\t\t<\/div>\n\t\t\t<div class=\"col-lg-6 col-sm-6 col-xs-12\">\n\t\t\t\t<p><label>Secteur regardant dans *<\/label><br \/>\n<span class=\"wpcf7-form-control-wrap\" data-name=\"your-sector\"><select class=\"wpcf7-form-control wpcf7-select wpcf7-validates-as-required form-control multiple\" aria-required=\"true\" aria-invalid=\"false\" multiple=\"multiple\" name=\"your-sector[]\"><option value=\"\"><\/option><option value=\"Montreal\">Montreal<\/option><option value=\"Laval\">Laval<\/option><option value=\"Brossard\">Brossard<\/option><option value=\"Longueil\">Longueil<\/option><option value=\"Mont-Tremblant\">Mont-Tremblant<\/option><option value=\"Ahuntsic\">Ahuntsic<\/option><option value=\"Anjou\">Anjou<\/option><option value=\"CDN\">CDN<\/option><option value=\"DDO\">DDO<\/option><option value=\"Lasalle\">Lasalle<\/option><option value=\"Mile-End\">Mile-End<\/option><option value=\"NDG\">NDG<\/option><option value=\"Old Montreal\/Vieux-Montreal\">Old Montreal\/Vieux-Montreal<\/option><option value=\"Outremont\">Outremont<\/option><option value=\"Plateau Mont-Royal\">Plateau Mont-Royal<\/option><option value=\"Pointe St-Charles\">Pointe St-Charles<\/option><option value=\"Rosemont\">Rosemont<\/option><option value=\"Riv\u00e8r\u00e8-des-Prairies\">Riv\u00e8r\u00e8-des-Prairies<\/option><option value=\"South Shore\/Rive-Sud\">South Shore\/Rive-Sud<\/option><option value=\"St-Henri\">St-Henri<\/option><option value=\"St-Leonard\">St-Leonard<\/option><option value=\"Ville St-Laurent\">Ville St-Laurent<\/option><option value=\"West Island\">West Island<\/option><option value=\"Autres\">Autres<\/option><\/select><\/span>\n\t\t\t\t<\/p>\n\t\t\t<\/div>\n\t\t<\/div>\n\t\t<div class=\"col-xs-12\">\n\t\t\t<div class=\"col-xs-12\">\n\t\t\t\t<p><label>Notes compl\u00e9mentaires<\/label><br \/>\n<span class=\"wpcf7-form-control-wrap\" data-name=\"your-comments\"><textarea cols=\"40\" rows=\"10\" maxlength=\"2000\" class=\"wpcf7-form-control wpcf7-textarea\" aria-invalid=\"false\" placeholder=\"Autres crit\u00e8res\" name=\"your-comments\"><\/textarea><\/span>\n\t\t\t\t<\/p>\n\t\t\t<\/div>\n\t\t<\/div>\n\t\t<div class=\"col-lg-4 col-lg-offset-4 col-sm-4 col-sm-offset-4 col-xs-12\">\n\t\t\t<p><input class=\"wpcf7-form-control wpcf7-submit has-spinner btn btn-full-width\" type=\"submit\" value=\"ENVOYER\" \/>\n\t\t\t<\/p>\n\t\t<\/div>\n\t<\/div>\n<\/div><p style=\"display: none !important;\" class=\"akismet-fields-container\" data-prefix=\"_wpcf7_ak_\"><label>&#916;<textarea name=\"_wpcf7_ak_hp_textarea\" cols=\"45\" rows=\"8\" maxlength=\"100\"><\/textarea><\/label><input type=\"hidden\" id=\"ak_js_1\" name=\"_wpcf7_ak_js\" value=\"117\"\/><script>document.getElementById( \"ak_js_1\" ).setAttribute( \"value\", ( new Date() ).getTime() );<\/script><\/p><div class=\"wpcf7-response-output\" aria-hidden=\"true\"><\/div>\n<\/form>\n<\/div>\n\n","protected":false},"excerpt":{"rendered":"","protected":false},"author":1,"featured_media":0,"parent":0,"menu_order":0,"comment_status":"closed","ping_status":"closed","template":"template-innerpage.php","meta":{"_acf_changed":false,"footnotes":""},"class_list":["post-967","page","type-page","status-publish","hentry"],"acf":[],"yoast_head":"<!-- This site is optimized with the Yoast SEO plugin v27.4 - https:\/\/yoast.com\/product\/yoast-seo-wordpress\/ -->\n<title>Emdadul Hoque | Courtier Immobilier | AdresZ Solutions - Inscriptions VIP<\/title>\n<meta name=\"description\" content=\"Un courtier de plusieurs ann\u00e9es dans l\u2019immobilier sera sans aucun doute un atout pour la vente ou l\u2019achat. Apr\u00e8s trois ann\u00e9es d\u2019\u00e9tudes coll\u00e9giale...\" \/>\n<meta name=\"robots\" content=\"index, follow, max-snippet:-1, max-image-preview:large, max-video-preview:-1\" \/>\n<link rel=\"canonical\" href=\"https:\/\/realtyincanada.com\/vip-listings\/\" \/>\n<meta property=\"og:locale\" content=\"fr_FR\" \/>\n<meta property=\"og:type\" content=\"article\" \/>\n<meta property=\"og:title\" content=\"Acc\u00e9dez aux nouvelles listes VIP les plus populaires\" \/>\n<meta property=\"og:description\" content=\"Trouvez la maison de vos r\u00eaves d\u00e8s aujourd&#039;hui !\" \/>\n<meta property=\"og:url\" content=\"https:\/\/realtyincanada.com\/vip-listings\/\" \/>\n<meta property=\"og:site_name\" content=\"Realty in Canada\" \/>\n<meta property=\"article:modified_time\" content=\"2019-09-06T17:59:27+00:00\" \/>\n<meta property=\"og:image\" content=\"https:\/\/realtyincanada.com\/wp-content\/uploads\/2019\/09\/property_alerts.jpg\" \/>\n\t<meta property=\"og:image:width\" content=\"1000\" \/>\n\t<meta property=\"og:image:height\" content=\"417\" \/>\n\t<meta property=\"og:image:type\" content=\"image\/jpeg\" \/>\n<meta name=\"twitter:card\" content=\"summary_large_image\" \/>\n<meta name=\"twitter:title\" content=\"Acc\u00e9dez aux nouvelles listes VIP les plus populaires\" \/>\n<meta name=\"twitter:description\" content=\"Trouvez la maison de vos r\u00eaves d\u00e8s aujourd&#039;hui !\" \/>\n<meta name=\"twitter:image\" content=\"https:\/\/realtyincanada.com\/wp-content\/uploads\/2019\/09\/property_alerts.jpg\" \/>\n<script type=\"application\/ld+json\" class=\"yoast-schema-graph\">{\"@context\":\"https:\\\/\\\/schema.org\",\"@graph\":[{\"@type\":\"WebPage\",\"@id\":\"https:\\\/\\\/realtyincanada.com\\\/vip-listings\\\/\",\"url\":\"https:\\\/\\\/realtyincanada.com\\\/vip-listings\\\/\",\"name\":\"Emdadul Hoque | Courtier Immobilier | AdresZ Solutions - Inscriptions VIP\",\"isPartOf\":{\"@id\":\"https:\\\/\\\/realtyincanada.com\\\/#website\"},\"datePublished\":\"2019-01-29T06:51:27+00:00\",\"dateModified\":\"2019-09-06T17:59:27+00:00\",\"description\":\"Un courtier de plusieurs ann\u00e9es dans l\u2019immobilier sera sans aucun doute un atout pour la vente ou l\u2019achat. Apr\u00e8s trois ann\u00e9es d\u2019\u00e9tudes coll\u00e9giale...\",\"breadcrumb\":{\"@id\":\"https:\\\/\\\/realtyincanada.com\\\/vip-listings\\\/#breadcrumb\"},\"inLanguage\":\"fr-FR\",\"potentialAction\":[{\"@type\":\"ReadAction\",\"target\":[\"https:\\\/\\\/realtyincanada.com\\\/vip-listings\\\/\"]}]},{\"@type\":\"BreadcrumbList\",\"@id\":\"https:\\\/\\\/realtyincanada.com\\\/vip-listings\\\/#breadcrumb\",\"itemListElement\":[{\"@type\":\"ListItem\",\"position\":1,\"name\":\"Home\",\"item\":\"https:\\\/\\\/realtyincanada.com\\\/fr\\\/\"},{\"@type\":\"ListItem\",\"position\":2,\"name\":\"Inscriptions VIP\"}]},{\"@type\":\"WebSite\",\"@id\":\"https:\\\/\\\/realtyincanada.com\\\/#website\",\"url\":\"https:\\\/\\\/realtyincanada.com\\\/\",\"name\":\"Realty in Canada\",\"description\":\"Realty in Canada is your right choice for the best property agent in Canada. Contact us to buy, sell or rent your property.\",\"publisher\":{\"@id\":\"https:\\\/\\\/realtyincanada.com\\\/#organization\"},\"potentialAction\":[{\"@type\":\"SearchAction\",\"target\":{\"@type\":\"EntryPoint\",\"urlTemplate\":\"https:\\\/\\\/realtyincanada.com\\\/?s={search_term_string}\"},\"query-input\":{\"@type\":\"PropertyValueSpecification\",\"valueRequired\":true,\"valueName\":\"search_term_string\"}}],\"inLanguage\":\"fr-FR\"},{\"@type\":\"Organization\",\"@id\":\"https:\\\/\\\/realtyincanada.com\\\/#organization\",\"name\":\"Realty In Canada\",\"url\":\"https:\\\/\\\/realtyincanada.com\\\/\",\"logo\":{\"@type\":\"ImageObject\",\"inLanguage\":\"fr-FR\",\"@id\":\"https:\\\/\\\/realtyincanada.com\\\/#\\\/schema\\\/logo\\\/image\\\/\",\"url\":\"https:\\\/\\\/realtyincanada.com\\\/\\\/wp-content\\\/uploads\\\/2019\\\/08\\\/emdadul_hoque_final_footer_nopadding.png\",\"contentUrl\":\"https:\\\/\\\/realtyincanada.com\\\/\\\/wp-content\\\/uploads\\\/2019\\\/08\\\/emdadul_hoque_final_footer_nopadding.png\",\"width\":1490,\"height\":660,\"caption\":\"Realty In Canada\"},\"image\":{\"@id\":\"https:\\\/\\\/realtyincanada.com\\\/#\\\/schema\\\/logo\\\/image\\\/\"}}]}<\/script>\n<!-- \/ Yoast SEO plugin. -->","yoast_head_json":{"title":"Emdadul Hoque | Courtier Immobilier | AdresZ Solutions - Inscriptions VIP","description":"Un courtier de plusieurs ann\u00e9es dans l\u2019immobilier sera sans aucun doute un atout pour la vente ou l\u2019achat. Apr\u00e8s trois ann\u00e9es d\u2019\u00e9tudes coll\u00e9giale...","robots":{"index":"index","follow":"follow","max-snippet":"max-snippet:-1","max-image-preview":"max-image-preview:large","max-video-preview":"max-video-preview:-1"},"canonical":"https:\/\/realtyincanada.com\/vip-listings\/","og_locale":"fr_FR","og_type":"article","og_title":"Acc\u00e9dez aux nouvelles listes VIP les plus populaires","og_description":"Trouvez la maison de vos r\u00eaves d\u00e8s aujourd'hui !","og_url":"https:\/\/realtyincanada.com\/vip-listings\/","og_site_name":"Realty in Canada","article_modified_time":"2019-09-06T17:59:27+00:00","og_image":[{"width":1000,"height":417,"url":"https:\/\/realtyincanada.com\/wp-content\/uploads\/2019\/09\/property_alerts.jpg","type":"image\/jpeg"}],"twitter_card":"summary_large_image","twitter_title":"Acc\u00e9dez aux nouvelles listes VIP les plus populaires","twitter_description":"Trouvez la maison de vos r\u00eaves d\u00e8s aujourd'hui !","twitter_image":"https:\/\/realtyincanada.com\/wp-content\/uploads\/2019\/09\/property_alerts.jpg","schema":{"@context":"https:\/\/schema.org","@graph":[{"@type":"WebPage","@id":"https:\/\/realtyincanada.com\/vip-listings\/","url":"https:\/\/realtyincanada.com\/vip-listings\/","name":"Emdadul Hoque | Courtier Immobilier | AdresZ Solutions - Inscriptions VIP","isPartOf":{"@id":"https:\/\/realtyincanada.com\/#website"},"datePublished":"2019-01-29T06:51:27+00:00","dateModified":"2019-09-06T17:59:27+00:00","description":"Un courtier de plusieurs ann\u00e9es dans l\u2019immobilier sera sans aucun doute un atout pour la vente ou l\u2019achat. Apr\u00e8s trois ann\u00e9es d\u2019\u00e9tudes coll\u00e9giale...","breadcrumb":{"@id":"https:\/\/realtyincanada.com\/vip-listings\/#breadcrumb"},"inLanguage":"fr-FR","potentialAction":[{"@type":"ReadAction","target":["https:\/\/realtyincanada.com\/vip-listings\/"]}]},{"@type":"BreadcrumbList","@id":"https:\/\/realtyincanada.com\/vip-listings\/#breadcrumb","itemListElement":[{"@type":"ListItem","position":1,"name":"Home","item":"https:\/\/realtyincanada.com\/fr\/"},{"@type":"ListItem","position":2,"name":"Inscriptions VIP"}]},{"@type":"WebSite","@id":"https:\/\/realtyincanada.com\/#website","url":"https:\/\/realtyincanada.com\/","name":"Realty in Canada","description":"Realty in Canada is your right choice for the best property agent in Canada. Contact us to buy, sell or rent your property.","publisher":{"@id":"https:\/\/realtyincanada.com\/#organization"},"potentialAction":[{"@type":"SearchAction","target":{"@type":"EntryPoint","urlTemplate":"https:\/\/realtyincanada.com\/?s={search_term_string}"},"query-input":{"@type":"PropertyValueSpecification","valueRequired":true,"valueName":"search_term_string"}}],"inLanguage":"fr-FR"},{"@type":"Organization","@id":"https:\/\/realtyincanada.com\/#organization","name":"Realty In Canada","url":"https:\/\/realtyincanada.com\/","logo":{"@type":"ImageObject","inLanguage":"fr-FR","@id":"https:\/\/realtyincanada.com\/#\/schema\/logo\/image\/","url":"https:\/\/realtyincanada.com\/\/wp-content\/uploads\/2019\/08\/emdadul_hoque_final_footer_nopadding.png","contentUrl":"https:\/\/realtyincanada.com\/\/wp-content\/uploads\/2019\/08\/emdadul_hoque_final_footer_nopadding.png","width":1490,"height":660,"caption":"Realty In Canada"},"image":{"@id":"https:\/\/realtyincanada.com\/#\/schema\/logo\/image\/"}}]}},"_links":{"self":[{"href":"https:\/\/realtyincanada.com\/fr\/wp-json\/wp\/v2\/pages\/967","targetHints":{"allow":["GET"]}}],"collection":[{"href":"https:\/\/realtyincanada.com\/fr\/wp-json\/wp\/v2\/pages"}],"about":[{"href":"https:\/\/realtyincanada.com\/fr\/wp-json\/wp\/v2\/types\/page"}],"author":[{"embeddable":true,"href":"https:\/\/realtyincanada.com\/fr\/wp-json\/wp\/v2\/users\/1"}],"replies":[{"embeddable":true,"href":"https:\/\/realtyincanada.com\/fr\/wp-json\/wp\/v2\/comments?post=967"}],"version-history":[{"count":6,"href":"https:\/\/realtyincanada.com\/fr\/wp-json\/wp\/v2\/pages\/967\/revisions"}],"predecessor-version":[{"id":1521,"href":"https:\/\/realtyincanada.com\/fr\/wp-json\/wp\/v2\/pages\/967\/revisions\/1521"}],"wp:attachment":[{"href":"https:\/\/realtyincanada.com\/fr\/wp-json\/wp\/v2\/media?parent=967"}],"curies":[{"name":"wp","href":"https:\/\/api.w.org\/{rel}","templated":true}]}}