{"id":990,"date":"2018-08-07T08:13:15","date_gmt":"2018-08-07T08:13:15","guid":{"rendered":"https:\/\/realtyincanada.com\/vendre\/buy-or-sell-first\/"},"modified":"2019-08-14T04:13:45","modified_gmt":"2019-08-14T04:13:45","slug":"acheter-ou-vendre-dabord","status":"publish","type":"page","link":"https:\/\/realtyincanada.com\/fr\/vendre\/acheter-ou-vendre-dabord\/","title":{"rendered":"Acheter ou vendre d\u2019abord"},"content":{"rendered":"\n<h3 class=\"wp-block-heading\">&nbsp;<\/h3>\n\n\n<p><strong>ACHETER OU VENDRE D&rsquo;ABORD?<\/strong><\/p>\n<p>Faut-il acheter ou vendre sa propri\u00e9t\u00e9 d\u2019abord? Chaque option comporte ses avantages et ses risques. En examinant attentivement le pour et le contre, et en pr\u00e9voyant des solutions de rechange en cas de p\u00e9pin, vous serez en mesure de faire un choix \u00e9clair\u00e9.<\/p>\n<h4 class=\"black boldbold\"><strong>Vendre d\u2019abord<\/strong><\/h4>\n<p>En vendant votre propri\u00e9t\u00e9 avant d\u2019en avoir trouv\u00e9 une autre, vous conna\u00eetrez la somme exacte qui vous reviendra dans le cadre de la vente. Vous aurez donc une id\u00e9e pr\u00e9cise du montant disponible pour l\u2019achat de votre nouvelle r\u00e9sidence.<\/p>\n<p>Il se peut que vous ressentiez un urgent besoin de trouver une nouvelle maison. Cependant, gardez en t\u00eate que vous aurez en main toutes les donn\u00e9es requises pour faire une promesse d\u2019achat solide. Par exemple, en sachant \u00e0 quelle date emm\u00e9nageront les acheteurs de votre r\u00e9sidence, vous pourrez \u00e9tablir \u00e0 quel moment vous souhaitez prendre possession de votre nouvelle propri\u00e9t\u00e9. Si ces dates ne co\u00efncident pas, vous pourrez toujours opter pour un logement temporaire.<\/p>\n<h4 class=\"black boldbold\"><strong>Acheter d\u2019abord<\/strong><\/h4>\n<p>En achetant d\u2019abord, vous conna\u00eetrez \u00e0 l\u2019avance votre nouvelle adresse, le co\u00fbt exact de votre nouvelle r\u00e9sidence, la date \u00e0 laquelle vous en deviendrez propri\u00e9taire et la date de la transaction. Vous pourrez tenir compte de ces \u00e9l\u00e9ments lorsque vous recevrez une promesse d\u2019achat pour votre propri\u00e9t\u00e9 actuelle.<\/p>\n<p>Il est aussi possible de faire une promesse d\u2019achat conditionnelle \u00e0 la vente de votre propri\u00e9t\u00e9. Dans ce cas, il se peut que le propri\u00e9taire de la r\u00e9sidence que vous convoitez re\u00e7oive une autre promesse d\u2019achat ne lui imposant aucune condition. Pour pouvoir vous accorder la priorit\u00e9, il vous demandera de retirer votre condition. Vous aurez alors le choix d\u2019acheter cette propri\u00e9t\u00e9 avant de vendre la v\u00f4tre, ou de retirer votre offre.<\/p>\n<p>Quoi qu\u2019il en soit, il est bon de pr\u00e9voir une source de financement temporaire au cas o\u00fb votre propri\u00e9t\u00e9 actuelle ne serait pas vendue lors de la signature du contrat d\u2019achat de votre nouvelle propri\u00e9t\u00e9.<\/p>","protected":false},"excerpt":{"rendered":"<p>&nbsp; ACHETER OU VENDRE D&rsquo;ABORD? Faut-il acheter ou vendre sa propri\u00e9t\u00e9 d\u2019abord? Chaque option comporte ses avantages et ses risques. En examinant attentivement le pour et le contre, et en pr\u00e9voyant des solutions de rechange en cas de p\u00e9pin, vous serez en mesure de faire un choix \u00e9clair\u00e9. Vendre d\u2019abord [&hellip;]<\/p>\n","protected":false},"author":1,"featured_media":1224,"parent":983,"menu_order":0,"comment_status":"closed","ping_status":"closed","template":"","meta":{"_acf_changed":false,"footnotes":""},"class_list":["post-990","page","type-page","status-publish","has-post-thumbnail","hentry"],"acf":[],"yoast_head":"<!-- This site is optimized with the Yoast SEO plugin v27.4 - https:\/\/yoast.com\/product\/yoast-seo-wordpress\/ -->\n<title>Emdadul Hoque | Courtier Immobilier | AdresZ Solutions - Acheter ou vendre d\u2019abord<\/title>\n<meta name=\"description\" content=\"Un courtier de plusieurs ann\u00e9es dans l\u2019immobilier sera sans aucun doute un atout pour la vente ou l\u2019achat. Apr\u00e8s trois ann\u00e9es d\u2019\u00e9tudes coll\u00e9giale...\" \/>\n<meta name=\"robots\" content=\"index, follow, max-snippet:-1, max-image-preview:large, max-video-preview:-1\" \/>\n<link rel=\"canonical\" href=\"https:\/\/realtyincanada.com\/sell\/buy-or-sell-first\/\" \/>\n<meta property=\"og:locale\" content=\"fr_FR\" \/>\n<meta property=\"og:type\" content=\"article\" \/>\n<meta property=\"og:title\" content=\"Emdadul Hoque | Courtier Immobilier | AdresZ Solutions - Acheter ou vendre d\u2019abord\" \/>\n<meta property=\"og:description\" content=\"Un courtier de plusieurs ann\u00e9es dans l\u2019immobilier sera sans aucun doute un atout pour la vente ou l\u2019achat. Apr\u00e8s trois ann\u00e9es d\u2019\u00e9tudes coll\u00e9giale...\" \/>\n<meta property=\"og:url\" content=\"https:\/\/realtyincanada.com\/sell\/buy-or-sell-first\/\" \/>\n<meta property=\"og:site_name\" content=\"Realty in Canada\" \/>\n<meta property=\"article:modified_time\" content=\"2019-08-14T04:13:45+00:00\" \/>\n<meta property=\"og:image\" content=\"https:\/\/realtyincanada.com\/wp-content\/uploads\/2019\/01\/Emdadul_Top.png\" \/>\n\t<meta property=\"og:image:width\" content=\"1920\" \/>\n\t<meta property=\"og:image:height\" content=\"1080\" \/>\n\t<meta property=\"og:image:type\" content=\"image\/png\" \/>\n<meta name=\"twitter:card\" content=\"summary_large_image\" \/>\n<meta name=\"twitter:label1\" content=\"Dur\u00e9e de lecture estim\u00e9e\" \/>\n\t<meta name=\"twitter:data1\" content=\"2 minutes\" \/>\n<script type=\"application\/ld+json\" class=\"yoast-schema-graph\">{\"@context\":\"https:\\\/\\\/schema.org\",\"@graph\":[{\"@type\":\"WebPage\",\"@id\":\"https:\\\/\\\/realtyincanada.com\\\/sell\\\/buy-or-sell-first\\\/\",\"url\":\"https:\\\/\\\/realtyincanada.com\\\/sell\\\/buy-or-sell-first\\\/\",\"name\":\"Emdadul Hoque | Courtier Immobilier | AdresZ Solutions - Acheter ou vendre d\u2019abord\",\"isPartOf\":{\"@id\":\"https:\\\/\\\/realtyincanada.com\\\/#website\"},\"primaryImageOfPage\":{\"@id\":\"https:\\\/\\\/realtyincanada.com\\\/sell\\\/buy-or-sell-first\\\/#primaryimage\"},\"image\":{\"@id\":\"https:\\\/\\\/realtyincanada.com\\\/sell\\\/buy-or-sell-first\\\/#primaryimage\"},\"thumbnailUrl\":\"https:\\\/\\\/realtyincanada.com\\\/wp-content\\\/uploads\\\/2019\\\/01\\\/Emdadul_Top.png\",\"datePublished\":\"2018-08-07T08:13:15+00:00\",\"dateModified\":\"2019-08-14T04:13:45+00:00\",\"description\":\"Un courtier de plusieurs ann\u00e9es dans l\u2019immobilier sera sans aucun doute un atout pour la vente ou l\u2019achat. Apr\u00e8s trois ann\u00e9es d\u2019\u00e9tudes coll\u00e9giale...\",\"breadcrumb\":{\"@id\":\"https:\\\/\\\/realtyincanada.com\\\/sell\\\/buy-or-sell-first\\\/#breadcrumb\"},\"inLanguage\":\"fr-FR\",\"potentialAction\":[{\"@type\":\"ReadAction\",\"target\":[\"https:\\\/\\\/realtyincanada.com\\\/sell\\\/buy-or-sell-first\\\/\"]}]},{\"@type\":\"ImageObject\",\"inLanguage\":\"fr-FR\",\"@id\":\"https:\\\/\\\/realtyincanada.com\\\/sell\\\/buy-or-sell-first\\\/#primaryimage\",\"url\":\"https:\\\/\\\/realtyincanada.com\\\/wp-content\\\/uploads\\\/2019\\\/01\\\/Emdadul_Top.png\",\"contentUrl\":\"https:\\\/\\\/realtyincanada.com\\\/wp-content\\\/uploads\\\/2019\\\/01\\\/Emdadul_Top.png\",\"width\":1920,\"height\":1080},{\"@type\":\"BreadcrumbList\",\"@id\":\"https:\\\/\\\/realtyincanada.com\\\/sell\\\/buy-or-sell-first\\\/#breadcrumb\",\"itemListElement\":[{\"@type\":\"ListItem\",\"position\":1,\"name\":\"Home\",\"item\":\"https:\\\/\\\/realtyincanada.com\\\/fr\\\/\"},{\"@type\":\"ListItem\",\"position\":2,\"name\":\"Vendre\",\"item\":\"https:\\\/\\\/realtyincanada.com\\\/sell\\\/\"},{\"@type\":\"ListItem\",\"position\":3,\"name\":\"Acheter ou vendre d\u2019abord\"}]},{\"@type\":\"WebSite\",\"@id\":\"https:\\\/\\\/realtyincanada.com\\\/#website\",\"url\":\"https:\\\/\\\/realtyincanada.com\\\/\",\"name\":\"Realty in Canada\",\"description\":\"Realty in Canada is your right choice for the best property agent in Canada. Contact us to buy, sell or rent your property.\",\"publisher\":{\"@id\":\"https:\\\/\\\/realtyincanada.com\\\/#organization\"},\"potentialAction\":[{\"@type\":\"SearchAction\",\"target\":{\"@type\":\"EntryPoint\",\"urlTemplate\":\"https:\\\/\\\/realtyincanada.com\\\/?s={search_term_string}\"},\"query-input\":{\"@type\":\"PropertyValueSpecification\",\"valueRequired\":true,\"valueName\":\"search_term_string\"}}],\"inLanguage\":\"fr-FR\"},{\"@type\":\"Organization\",\"@id\":\"https:\\\/\\\/realtyincanada.com\\\/#organization\",\"name\":\"Realty In Canada\",\"url\":\"https:\\\/\\\/realtyincanada.com\\\/\",\"logo\":{\"@type\":\"ImageObject\",\"inLanguage\":\"fr-FR\",\"@id\":\"https:\\\/\\\/realtyincanada.com\\\/#\\\/schema\\\/logo\\\/image\\\/\",\"url\":\"https:\\\/\\\/realtyincanada.com\\\/\\\/wp-content\\\/uploads\\\/2019\\\/08\\\/emdadul_hoque_final_footer_nopadding.png\",\"contentUrl\":\"https:\\\/\\\/realtyincanada.com\\\/\\\/wp-content\\\/uploads\\\/2019\\\/08\\\/emdadul_hoque_final_footer_nopadding.png\",\"width\":1490,\"height\":660,\"caption\":\"Realty In Canada\"},\"image\":{\"@id\":\"https:\\\/\\\/realtyincanada.com\\\/#\\\/schema\\\/logo\\\/image\\\/\"}}]}<\/script>\n<!-- \/ Yoast SEO plugin. -->","yoast_head_json":{"title":"Emdadul Hoque | Courtier Immobilier | AdresZ Solutions - Acheter ou vendre d\u2019abord","description":"Un courtier de plusieurs ann\u00e9es dans l\u2019immobilier sera sans aucun doute un atout pour la vente ou l\u2019achat. Apr\u00e8s trois ann\u00e9es d\u2019\u00e9tudes coll\u00e9giale...","robots":{"index":"index","follow":"follow","max-snippet":"max-snippet:-1","max-image-preview":"max-image-preview:large","max-video-preview":"max-video-preview:-1"},"canonical":"https:\/\/realtyincanada.com\/sell\/buy-or-sell-first\/","og_locale":"fr_FR","og_type":"article","og_title":"Emdadul Hoque | Courtier Immobilier | AdresZ Solutions - Acheter ou vendre d\u2019abord","og_description":"Un courtier de plusieurs ann\u00e9es dans l\u2019immobilier sera sans aucun doute un atout pour la vente ou l\u2019achat. Apr\u00e8s trois ann\u00e9es d\u2019\u00e9tudes coll\u00e9giale...","og_url":"https:\/\/realtyincanada.com\/sell\/buy-or-sell-first\/","og_site_name":"Realty in Canada","article_modified_time":"2019-08-14T04:13:45+00:00","og_image":[{"width":1920,"height":1080,"url":"https:\/\/realtyincanada.com\/wp-content\/uploads\/2019\/01\/Emdadul_Top.png","type":"image\/png"}],"twitter_card":"summary_large_image","twitter_misc":{"Dur\u00e9e de lecture estim\u00e9e":"2 minutes"},"schema":{"@context":"https:\/\/schema.org","@graph":[{"@type":"WebPage","@id":"https:\/\/realtyincanada.com\/sell\/buy-or-sell-first\/","url":"https:\/\/realtyincanada.com\/sell\/buy-or-sell-first\/","name":"Emdadul Hoque | Courtier Immobilier | AdresZ Solutions - Acheter ou vendre d\u2019abord","isPartOf":{"@id":"https:\/\/realtyincanada.com\/#website"},"primaryImageOfPage":{"@id":"https:\/\/realtyincanada.com\/sell\/buy-or-sell-first\/#primaryimage"},"image":{"@id":"https:\/\/realtyincanada.com\/sell\/buy-or-sell-first\/#primaryimage"},"thumbnailUrl":"https:\/\/realtyincanada.com\/wp-content\/uploads\/2019\/01\/Emdadul_Top.png","datePublished":"2018-08-07T08:13:15+00:00","dateModified":"2019-08-14T04:13:45+00:00","description":"Un courtier de plusieurs ann\u00e9es dans l\u2019immobilier sera sans aucun doute un atout pour la vente ou l\u2019achat. Apr\u00e8s trois ann\u00e9es d\u2019\u00e9tudes coll\u00e9giale...","breadcrumb":{"@id":"https:\/\/realtyincanada.com\/sell\/buy-or-sell-first\/#breadcrumb"},"inLanguage":"fr-FR","potentialAction":[{"@type":"ReadAction","target":["https:\/\/realtyincanada.com\/sell\/buy-or-sell-first\/"]}]},{"@type":"ImageObject","inLanguage":"fr-FR","@id":"https:\/\/realtyincanada.com\/sell\/buy-or-sell-first\/#primaryimage","url":"https:\/\/realtyincanada.com\/wp-content\/uploads\/2019\/01\/Emdadul_Top.png","contentUrl":"https:\/\/realtyincanada.com\/wp-content\/uploads\/2019\/01\/Emdadul_Top.png","width":1920,"height":1080},{"@type":"BreadcrumbList","@id":"https:\/\/realtyincanada.com\/sell\/buy-or-sell-first\/#breadcrumb","itemListElement":[{"@type":"ListItem","position":1,"name":"Home","item":"https:\/\/realtyincanada.com\/fr\/"},{"@type":"ListItem","position":2,"name":"Vendre","item":"https:\/\/realtyincanada.com\/sell\/"},{"@type":"ListItem","position":3,"name":"Acheter ou vendre d\u2019abord"}]},{"@type":"WebSite","@id":"https:\/\/realtyincanada.com\/#website","url":"https:\/\/realtyincanada.com\/","name":"Realty in Canada","description":"Realty in Canada is your right choice for the best property agent in Canada. Contact us to buy, sell or rent your property.","publisher":{"@id":"https:\/\/realtyincanada.com\/#organization"},"potentialAction":[{"@type":"SearchAction","target":{"@type":"EntryPoint","urlTemplate":"https:\/\/realtyincanada.com\/?s={search_term_string}"},"query-input":{"@type":"PropertyValueSpecification","valueRequired":true,"valueName":"search_term_string"}}],"inLanguage":"fr-FR"},{"@type":"Organization","@id":"https:\/\/realtyincanada.com\/#organization","name":"Realty In Canada","url":"https:\/\/realtyincanada.com\/","logo":{"@type":"ImageObject","inLanguage":"fr-FR","@id":"https:\/\/realtyincanada.com\/#\/schema\/logo\/image\/","url":"https:\/\/realtyincanada.com\/\/wp-content\/uploads\/2019\/08\/emdadul_hoque_final_footer_nopadding.png","contentUrl":"https:\/\/realtyincanada.com\/\/wp-content\/uploads\/2019\/08\/emdadul_hoque_final_footer_nopadding.png","width":1490,"height":660,"caption":"Realty In Canada"},"image":{"@id":"https:\/\/realtyincanada.com\/#\/schema\/logo\/image\/"}}]}},"_links":{"self":[{"href":"https:\/\/realtyincanada.com\/fr\/wp-json\/wp\/v2\/pages\/990","targetHints":{"allow":["GET"]}}],"collection":[{"href":"https:\/\/realtyincanada.com\/fr\/wp-json\/wp\/v2\/pages"}],"about":[{"href":"https:\/\/realtyincanada.com\/fr\/wp-json\/wp\/v2\/types\/page"}],"author":[{"embeddable":true,"href":"https:\/\/realtyincanada.com\/fr\/wp-json\/wp\/v2\/users\/1"}],"replies":[{"embeddable":true,"href":"https:\/\/realtyincanada.com\/fr\/wp-json\/wp\/v2\/comments?post=990"}],"version-history":[{"count":8,"href":"https:\/\/realtyincanada.com\/fr\/wp-json\/wp\/v2\/pages\/990\/revisions"}],"predecessor-version":[{"id":3531,"href":"https:\/\/realtyincanada.com\/fr\/wp-json\/wp\/v2\/pages\/990\/revisions\/3531"}],"up":[{"embeddable":true,"href":"https:\/\/realtyincanada.com\/fr\/wp-json\/wp\/v2\/pages\/983"}],"wp:featuredmedia":[{"embeddable":true,"href":"https:\/\/realtyincanada.com\/fr\/wp-json\/wp\/v2\/media\/1224"}],"wp:attachment":[{"href":"https:\/\/realtyincanada.com\/fr\/wp-json\/wp\/v2\/media?parent=990"}],"curies":[{"name":"wp","href":"https:\/\/api.w.org\/{rel}","templated":true}]}}