{"id":995,"date":"2018-09-17T21:18:10","date_gmt":"2018-09-17T21:18:10","guid":{"rendered":"https:\/\/realtyincanada.com\/vendre\/the-price-is-right\/"},"modified":"2019-02-28T21:39:18","modified_gmt":"2019-02-28T21:39:18","slug":"le-juste-prix","status":"publish","type":"page","link":"https:\/\/realtyincanada.com\/fr\/vendre\/le-juste-prix\/","title":{"rendered":"Le juste prix"},"content":{"rendered":"<h3>&nbsp;<\/h3>\n<p>D\u00e9terminer le bon prix de vente est une \u00e9tape cruciale lors de la vente d\u2019une propri\u00e9t\u00e9. En effet, le prix de vente est souvent le facteur d\u00e9terminant dans la d\u00e9cision de tout acheteur potentiel.<\/p>\n<p>Gr\u00e2ce \u00e0 son acc\u00e8s privil\u00e9gi\u00e9 au syst\u00e8me Centris\u00ae \u2013 un r\u00e9seau exclusivement r\u00e9serv\u00e9 aux courtiers membres d\u2019une chambre immobili\u00e8re \u2013 votre courtier immobilier est en mesure d\u2019\u00e9valuer la valeur de votre propri\u00e9t\u00e9 et de proc\u00e9der \u00e0 une analyse comparative de march\u00e9 bas\u00e9e sur des propri\u00e9t\u00e9s comparables \u00e0 la v\u00f4tre qui ont r\u00e9cemment \u00e9t\u00e9 vendues dans votre quartier. L\u2019analyse comparative de march\u00e9 est un indicateur du prix que les acheteurs d\u2019aujourd\u2019hui sont pr\u00eats \u00e0 payer pour une r\u00e9sidence comparable \u00e0 la v\u00f4tre, dans un quartier similaire. Elle tient compte des caract\u00e9ristiques de votre propri\u00e9t\u00e9, mais \u00e9galement des conditions du march\u00e9 immobilier actuel.<\/p>\n<h4 class=\"black boldbold\">Le bon prix pour partir du bon pied<\/h4>\n<p>Pour vendre sans d\u00e9lai, il est tr\u00e8s important de prendre le temps de fixer un juste prix de vente d\u00e8s le d\u00e9part. Devant un prix trop \u00e9lev\u00e9, les acheteurs potentiels risquent de se d\u00e9courager, tandis que ceux qui ont les moyens d\u2019acheter votre propri\u00e9t\u00e9 r\u00e9aliseront rapidement qu\u2019ils peuvent obtenir un meilleur rapport qualit\u00e9-prix ailleurs. En outre, rappelez-vous qu\u2019une propri\u00e9t\u00e9 en vente depuis trop longtemps tend \u00e0 perdre de la valeur.<\/p>\n<p>Vendre seul est une d\u00e9marche risqu\u00e9e. Sans connaissance approfondie du march\u00e9, vous pourriez sous-\u00e9valuer la valeur de votre propri\u00e9t\u00e9 et perdre un profit consid\u00e9rable. Dans cette optique, le courtier immobilier est le professionnel le mieux plac\u00e9 pour vous aider \u00e0 tirer le maximum de votre transaction immobili\u00e8re.<\/p>\n<p>\u00c9tablir le bon prix d\u00e8s la mise en vente de votre propri\u00e9t\u00e9 est tout \u00e0 votre avantage : vous serez assur\u00e9 d\u2019attirer un maximum d\u2019acheteurs potentiels, et ainsi de vendre votre propri\u00e9t\u00e9 le plus rapidement possible.<\/p>\n","protected":false},"excerpt":{"rendered":"<p>&nbsp; D\u00e9terminer le bon prix de vente est une \u00e9tape cruciale lors de la vente d\u2019une propri\u00e9t\u00e9. En effet, le prix de vente est souvent le facteur d\u00e9terminant dans la d\u00e9cision de tout acheteur potentiel. Gr\u00e2ce \u00e0 son acc\u00e8s privil\u00e9gi\u00e9 au syst\u00e8me Centris\u00ae \u2013 un r\u00e9seau exclusivement r\u00e9serv\u00e9 aux courtiers [&hellip;]<\/p>\n","protected":false},"author":1,"featured_media":1224,"parent":983,"menu_order":0,"comment_status":"closed","ping_status":"closed","template":"","meta":{"_acf_changed":false,"footnotes":""},"class_list":["post-995","page","type-page","status-publish","has-post-thumbnail","hentry"],"acf":[],"yoast_head":"<!-- This site is optimized with the Yoast SEO plugin v27.4 - https:\/\/yoast.com\/product\/yoast-seo-wordpress\/ -->\n<title>Emdadul Hoque | Courtier Immobilier | AdresZ Solutions - Le juste prix<\/title>\n<meta name=\"description\" content=\"Un courtier de plusieurs ann\u00e9es dans l\u2019immobilier sera sans aucun doute un atout pour la vente ou l\u2019achat. Apr\u00e8s trois ann\u00e9es d\u2019\u00e9tudes coll\u00e9giale...\" \/>\n<meta name=\"robots\" content=\"index, follow, max-snippet:-1, max-image-preview:large, max-video-preview:-1\" \/>\n<link rel=\"canonical\" href=\"https:\/\/realtyincanada.com\/sell\/the-price-is-right\/\" \/>\n<meta property=\"og:locale\" content=\"fr_FR\" \/>\n<meta property=\"og:type\" content=\"article\" \/>\n<meta property=\"og:title\" content=\"Emdadul Hoque | Courtier Immobilier | AdresZ Solutions - Le juste prix\" \/>\n<meta property=\"og:description\" content=\"Un courtier de plusieurs ann\u00e9es dans l\u2019immobilier sera sans aucun doute un atout pour la vente ou l\u2019achat. Apr\u00e8s trois ann\u00e9es d\u2019\u00e9tudes coll\u00e9giale...\" \/>\n<meta property=\"og:url\" content=\"https:\/\/realtyincanada.com\/sell\/the-price-is-right\/\" \/>\n<meta property=\"og:site_name\" content=\"Realty in Canada\" \/>\n<meta property=\"article:modified_time\" content=\"2019-02-28T21:39:18+00:00\" \/>\n<meta property=\"og:image\" content=\"https:\/\/realtyincanada.com\/wp-content\/uploads\/2019\/01\/Emdadul_Top.png\" \/>\n\t<meta property=\"og:image:width\" content=\"1920\" \/>\n\t<meta property=\"og:image:height\" content=\"1080\" \/>\n\t<meta property=\"og:image:type\" content=\"image\/png\" \/>\n<meta name=\"twitter:card\" content=\"summary_large_image\" \/>\n<meta name=\"twitter:label1\" content=\"Dur\u00e9e de lecture estim\u00e9e\" \/>\n\t<meta name=\"twitter:data1\" content=\"2 minutes\" \/>\n<script type=\"application\/ld+json\" class=\"yoast-schema-graph\">{\"@context\":\"https:\\\/\\\/schema.org\",\"@graph\":[{\"@type\":\"WebPage\",\"@id\":\"https:\\\/\\\/realtyincanada.com\\\/sell\\\/the-price-is-right\\\/\",\"url\":\"https:\\\/\\\/realtyincanada.com\\\/sell\\\/the-price-is-right\\\/\",\"name\":\"Emdadul Hoque | Courtier Immobilier | AdresZ Solutions - Le juste prix\",\"isPartOf\":{\"@id\":\"https:\\\/\\\/realtyincanada.com\\\/#website\"},\"primaryImageOfPage\":{\"@id\":\"https:\\\/\\\/realtyincanada.com\\\/sell\\\/the-price-is-right\\\/#primaryimage\"},\"image\":{\"@id\":\"https:\\\/\\\/realtyincanada.com\\\/sell\\\/the-price-is-right\\\/#primaryimage\"},\"thumbnailUrl\":\"https:\\\/\\\/realtyincanada.com\\\/wp-content\\\/uploads\\\/2019\\\/01\\\/Emdadul_Top.png\",\"datePublished\":\"2018-09-17T21:18:10+00:00\",\"dateModified\":\"2019-02-28T21:39:18+00:00\",\"description\":\"Un courtier de plusieurs ann\u00e9es dans l\u2019immobilier sera sans aucun doute un atout pour la vente ou l\u2019achat. Apr\u00e8s trois ann\u00e9es d\u2019\u00e9tudes coll\u00e9giale...\",\"breadcrumb\":{\"@id\":\"https:\\\/\\\/realtyincanada.com\\\/sell\\\/the-price-is-right\\\/#breadcrumb\"},\"inLanguage\":\"fr-FR\",\"potentialAction\":[{\"@type\":\"ReadAction\",\"target\":[\"https:\\\/\\\/realtyincanada.com\\\/sell\\\/the-price-is-right\\\/\"]}]},{\"@type\":\"ImageObject\",\"inLanguage\":\"fr-FR\",\"@id\":\"https:\\\/\\\/realtyincanada.com\\\/sell\\\/the-price-is-right\\\/#primaryimage\",\"url\":\"https:\\\/\\\/realtyincanada.com\\\/wp-content\\\/uploads\\\/2019\\\/01\\\/Emdadul_Top.png\",\"contentUrl\":\"https:\\\/\\\/realtyincanada.com\\\/wp-content\\\/uploads\\\/2019\\\/01\\\/Emdadul_Top.png\",\"width\":1920,\"height\":1080},{\"@type\":\"BreadcrumbList\",\"@id\":\"https:\\\/\\\/realtyincanada.com\\\/sell\\\/the-price-is-right\\\/#breadcrumb\",\"itemListElement\":[{\"@type\":\"ListItem\",\"position\":1,\"name\":\"Home\",\"item\":\"https:\\\/\\\/realtyincanada.com\\\/fr\\\/\"},{\"@type\":\"ListItem\",\"position\":2,\"name\":\"Vendre\",\"item\":\"https:\\\/\\\/realtyincanada.com\\\/sell\\\/\"},{\"@type\":\"ListItem\",\"position\":3,\"name\":\"Le juste prix\"}]},{\"@type\":\"WebSite\",\"@id\":\"https:\\\/\\\/realtyincanada.com\\\/#website\",\"url\":\"https:\\\/\\\/realtyincanada.com\\\/\",\"name\":\"Realty in Canada\",\"description\":\"Realty in Canada is your right choice for the best property agent in Canada. Contact us to buy, sell or rent your property.\",\"publisher\":{\"@id\":\"https:\\\/\\\/realtyincanada.com\\\/#organization\"},\"potentialAction\":[{\"@type\":\"SearchAction\",\"target\":{\"@type\":\"EntryPoint\",\"urlTemplate\":\"https:\\\/\\\/realtyincanada.com\\\/?s={search_term_string}\"},\"query-input\":{\"@type\":\"PropertyValueSpecification\",\"valueRequired\":true,\"valueName\":\"search_term_string\"}}],\"inLanguage\":\"fr-FR\"},{\"@type\":\"Organization\",\"@id\":\"https:\\\/\\\/realtyincanada.com\\\/#organization\",\"name\":\"Realty In Canada\",\"url\":\"https:\\\/\\\/realtyincanada.com\\\/\",\"logo\":{\"@type\":\"ImageObject\",\"inLanguage\":\"fr-FR\",\"@id\":\"https:\\\/\\\/realtyincanada.com\\\/#\\\/schema\\\/logo\\\/image\\\/\",\"url\":\"https:\\\/\\\/realtyincanada.com\\\/\\\/wp-content\\\/uploads\\\/2019\\\/08\\\/emdadul_hoque_final_footer_nopadding.png\",\"contentUrl\":\"https:\\\/\\\/realtyincanada.com\\\/\\\/wp-content\\\/uploads\\\/2019\\\/08\\\/emdadul_hoque_final_footer_nopadding.png\",\"width\":1490,\"height\":660,\"caption\":\"Realty In Canada\"},\"image\":{\"@id\":\"https:\\\/\\\/realtyincanada.com\\\/#\\\/schema\\\/logo\\\/image\\\/\"}}]}<\/script>\n<!-- \/ Yoast SEO plugin. -->","yoast_head_json":{"title":"Emdadul Hoque | Courtier Immobilier | AdresZ Solutions - Le juste prix","description":"Un courtier de plusieurs ann\u00e9es dans l\u2019immobilier sera sans aucun doute un atout pour la vente ou l\u2019achat. Apr\u00e8s trois ann\u00e9es d\u2019\u00e9tudes coll\u00e9giale...","robots":{"index":"index","follow":"follow","max-snippet":"max-snippet:-1","max-image-preview":"max-image-preview:large","max-video-preview":"max-video-preview:-1"},"canonical":"https:\/\/realtyincanada.com\/sell\/the-price-is-right\/","og_locale":"fr_FR","og_type":"article","og_title":"Emdadul Hoque | Courtier Immobilier | AdresZ Solutions - Le juste prix","og_description":"Un courtier de plusieurs ann\u00e9es dans l\u2019immobilier sera sans aucun doute un atout pour la vente ou l\u2019achat. Apr\u00e8s trois ann\u00e9es d\u2019\u00e9tudes coll\u00e9giale...","og_url":"https:\/\/realtyincanada.com\/sell\/the-price-is-right\/","og_site_name":"Realty in Canada","article_modified_time":"2019-02-28T21:39:18+00:00","og_image":[{"width":1920,"height":1080,"url":"https:\/\/realtyincanada.com\/wp-content\/uploads\/2019\/01\/Emdadul_Top.png","type":"image\/png"}],"twitter_card":"summary_large_image","twitter_misc":{"Dur\u00e9e de lecture estim\u00e9e":"2 minutes"},"schema":{"@context":"https:\/\/schema.org","@graph":[{"@type":"WebPage","@id":"https:\/\/realtyincanada.com\/sell\/the-price-is-right\/","url":"https:\/\/realtyincanada.com\/sell\/the-price-is-right\/","name":"Emdadul Hoque | Courtier Immobilier | AdresZ Solutions - Le juste prix","isPartOf":{"@id":"https:\/\/realtyincanada.com\/#website"},"primaryImageOfPage":{"@id":"https:\/\/realtyincanada.com\/sell\/the-price-is-right\/#primaryimage"},"image":{"@id":"https:\/\/realtyincanada.com\/sell\/the-price-is-right\/#primaryimage"},"thumbnailUrl":"https:\/\/realtyincanada.com\/wp-content\/uploads\/2019\/01\/Emdadul_Top.png","datePublished":"2018-09-17T21:18:10+00:00","dateModified":"2019-02-28T21:39:18+00:00","description":"Un courtier de plusieurs ann\u00e9es dans l\u2019immobilier sera sans aucun doute un atout pour la vente ou l\u2019achat. Apr\u00e8s trois ann\u00e9es d\u2019\u00e9tudes coll\u00e9giale...","breadcrumb":{"@id":"https:\/\/realtyincanada.com\/sell\/the-price-is-right\/#breadcrumb"},"inLanguage":"fr-FR","potentialAction":[{"@type":"ReadAction","target":["https:\/\/realtyincanada.com\/sell\/the-price-is-right\/"]}]},{"@type":"ImageObject","inLanguage":"fr-FR","@id":"https:\/\/realtyincanada.com\/sell\/the-price-is-right\/#primaryimage","url":"https:\/\/realtyincanada.com\/wp-content\/uploads\/2019\/01\/Emdadul_Top.png","contentUrl":"https:\/\/realtyincanada.com\/wp-content\/uploads\/2019\/01\/Emdadul_Top.png","width":1920,"height":1080},{"@type":"BreadcrumbList","@id":"https:\/\/realtyincanada.com\/sell\/the-price-is-right\/#breadcrumb","itemListElement":[{"@type":"ListItem","position":1,"name":"Home","item":"https:\/\/realtyincanada.com\/fr\/"},{"@type":"ListItem","position":2,"name":"Vendre","item":"https:\/\/realtyincanada.com\/sell\/"},{"@type":"ListItem","position":3,"name":"Le juste prix"}]},{"@type":"WebSite","@id":"https:\/\/realtyincanada.com\/#website","url":"https:\/\/realtyincanada.com\/","name":"Realty in Canada","description":"Realty in Canada is your right choice for the best property agent in Canada. Contact us to buy, sell or rent your property.","publisher":{"@id":"https:\/\/realtyincanada.com\/#organization"},"potentialAction":[{"@type":"SearchAction","target":{"@type":"EntryPoint","urlTemplate":"https:\/\/realtyincanada.com\/?s={search_term_string}"},"query-input":{"@type":"PropertyValueSpecification","valueRequired":true,"valueName":"search_term_string"}}],"inLanguage":"fr-FR"},{"@type":"Organization","@id":"https:\/\/realtyincanada.com\/#organization","name":"Realty In Canada","url":"https:\/\/realtyincanada.com\/","logo":{"@type":"ImageObject","inLanguage":"fr-FR","@id":"https:\/\/realtyincanada.com\/#\/schema\/logo\/image\/","url":"https:\/\/realtyincanada.com\/\/wp-content\/uploads\/2019\/08\/emdadul_hoque_final_footer_nopadding.png","contentUrl":"https:\/\/realtyincanada.com\/\/wp-content\/uploads\/2019\/08\/emdadul_hoque_final_footer_nopadding.png","width":1490,"height":660,"caption":"Realty In Canada"},"image":{"@id":"https:\/\/realtyincanada.com\/#\/schema\/logo\/image\/"}}]}},"_links":{"self":[{"href":"https:\/\/realtyincanada.com\/fr\/wp-json\/wp\/v2\/pages\/995","targetHints":{"allow":["GET"]}}],"collection":[{"href":"https:\/\/realtyincanada.com\/fr\/wp-json\/wp\/v2\/pages"}],"about":[{"href":"https:\/\/realtyincanada.com\/fr\/wp-json\/wp\/v2\/types\/page"}],"author":[{"embeddable":true,"href":"https:\/\/realtyincanada.com\/fr\/wp-json\/wp\/v2\/users\/1"}],"replies":[{"embeddable":true,"href":"https:\/\/realtyincanada.com\/fr\/wp-json\/wp\/v2\/comments?post=995"}],"version-history":[{"count":3,"href":"https:\/\/realtyincanada.com\/fr\/wp-json\/wp\/v2\/pages\/995\/revisions"}],"predecessor-version":[{"id":1597,"href":"https:\/\/realtyincanada.com\/fr\/wp-json\/wp\/v2\/pages\/995\/revisions\/1597"}],"up":[{"embeddable":true,"href":"https:\/\/realtyincanada.com\/fr\/wp-json\/wp\/v2\/pages\/983"}],"wp:featuredmedia":[{"embeddable":true,"href":"https:\/\/realtyincanada.com\/fr\/wp-json\/wp\/v2\/media\/1224"}],"wp:attachment":[{"href":"https:\/\/realtyincanada.com\/fr\/wp-json\/wp\/v2\/media?parent=995"}],"curies":[{"name":"wp","href":"https:\/\/api.w.org\/{rel}","templated":true}]}}