{"id":999,"date":"2018-08-07T08:13:36","date_gmt":"2018-08-07T08:13:36","guid":{"rendered":"https:\/\/realtyincanada.com\/vendre\/to-sell-quickly\/"},"modified":"2019-02-28T21:39:39","modified_gmt":"2019-02-28T21:39:39","slug":"pour-vendre-rapidement","status":"publish","type":"page","link":"https:\/\/realtyincanada.com\/fr\/vendre\/pour-vendre-rapidement\/","title":{"rendered":"Pour vendre rapidement"},"content":{"rendered":"<h3>&nbsp;<\/h3>\n<p>Lorsque vient le temps de vendre votre propri\u00e9t\u00e9, vous n\u2019avez qu\u2019une seule chance de faire bonne impression.<\/p>\n<h4 class=\"black boldbold\">L\u2019ext\u00e9rieur<\/h4>\n<p>La fa\u00e7on dont votre propri\u00e9t\u00e9 est per\u00e7ue de l\u2019ext\u00e9rieur est tr\u00e8s importante. Un ext\u00e9rieur attrayant encourage l\u2019acheteur \u00e0 visiter l\u2019int\u00e9rieur. Votre parterre doit \u00eatre soign\u00e9 et, en hiver, gardez des photos \u00e0 port\u00e9e de main pour aider le visiteur \u00e0 visualiser l\u2019apparence de la cour en \u00e9t\u00e9. La propret\u00e9 est essentielle : une entr\u00e9e d\u00e9gag\u00e9e et des fen\u00eatres propres feront \u00e9galement toute la diff\u00e9rence.<\/p>\n<h4 class=\"black boldbold\">L\u2019int\u00e9rieur<\/h4>\n<p>\u00e0 l\u2019int\u00e9rieur, la cl\u00e9 est la propret\u00e9. Faites le grand m\u00e9nage et d\u00e9barrassez-vous des objets inutiles. Enlevez les vieux meubles qui obstruent les passages ou encombrent les pi\u00e8ces. D\u00e9gagez l\u2019espace afin que les visiteurs ne se sentent pas \u00e0 l\u2019\u00e9troit.<\/p>\n<p>La peinture a-t-elle besoin d\u2019\u00eatre rafra\u00eechie? Une propri\u00e9t\u00e9 fra\u00eechement repeinte se vend souvent plus cher. Sachez aussi que les couleurs fonc\u00e9es ne favorisent pas la vente. Optez plut\u00f4t pour des tons clairs et lumineux. L\u2019\u00e9tat des tapis peut \u00e9galement \u00eatre un facteur d\u00e9terminant. \u00e0 d\u00e9faut de les remplacer, nettoyez-les pour leur donner un coup de jeunesse.<\/p>\n<p>La cuisine et la salle de bains doivent \u00eatre immacul\u00e9es. Prenez le temps de nettoyer les appareils m\u00e9nagers et la robinetterie, de m\u00eame que la baignoire, la toilette et le lavabo. D\u00e9gagez les comptoirs et ne laissez pas de vaisselle dans le lavabo ou de serviettes sur le bord de la baignoire. Laissez entrevoir \u00e0 l\u2019acheteur toutes les possibilit\u00e9s de rangement.<\/p>\n<p>Partout dans la maison, r\u00e9parez les robinets qui coulent, les poign\u00e9es d\u00e9fectueuses, les tiroirs ou portes d\u2019armoires qui ferment mal, etc. Remplacez les ampoules br\u00fbl\u00e9es et les plaques \u00e9lectriques jaunies. La plupart de ces petites r\u00e9parations sont relativement peu co\u00fbteuses et influenceront positivement l\u2019acheteur.<\/p>\n<h4 class=\"black boldbold\">Cr\u00e9ez une atmosph\u00e8re<\/h4>\n<p>Il est essentiel que votre maison soit bien \u00e9clair\u00e9e. Ouvrez les rideaux le jour et allumez les lampes le soir. Au besoin, ajoutez des lampes dans les coins sombres. Veillez \u00e0 ce que la maison soit bien a\u00e9r\u00e9e. Ne repoussez pas l\u2019acheteur avec des odeurs trop fortes, comme celles de l\u2019encens ou de mets \u00e9pic\u00e9s.<\/p>\n<p>Lors de la visite de l\u2019acheteur, soyez discret et laissez&nbsp;<a href=\"\/fr\">votre courtier<\/a>&nbsp;seul avec le client. Il lui sera plus facile de mettre en valeur votre maison et le client se sentira plus libre de livrer ses commentaires.<\/p>\n","protected":false},"excerpt":{"rendered":"<p>&nbsp; Lorsque vient le temps de vendre votre propri\u00e9t\u00e9, vous n\u2019avez qu\u2019une seule chance de faire bonne impression. L\u2019ext\u00e9rieur La fa\u00e7on dont votre propri\u00e9t\u00e9 est per\u00e7ue de l\u2019ext\u00e9rieur est tr\u00e8s importante. Un ext\u00e9rieur attrayant encourage l\u2019acheteur \u00e0 visiter l\u2019int\u00e9rieur. Votre parterre doit \u00eatre soign\u00e9 et, en hiver, gardez des photos [&hellip;]<\/p>\n","protected":false},"author":1,"featured_media":1224,"parent":983,"menu_order":1,"comment_status":"closed","ping_status":"closed","template":"","meta":{"_acf_changed":false,"footnotes":""},"class_list":["post-999","page","type-page","status-publish","has-post-thumbnail","hentry"],"acf":[],"yoast_head":"<!-- This site is optimized with the Yoast SEO plugin v27.4 - https:\/\/yoast.com\/product\/yoast-seo-wordpress\/ -->\n<title>Emdadul Hoque | Courtier Immobilier | AdresZ Solutions - Pour vendre rapidement<\/title>\n<meta name=\"description\" content=\"Un courtier de plusieurs ann\u00e9es dans l\u2019immobilier sera sans aucun doute un atout pour la vente ou l\u2019achat. Apr\u00e8s trois ann\u00e9es d\u2019\u00e9tudes coll\u00e9giale...\" \/>\n<meta name=\"robots\" content=\"index, follow, max-snippet:-1, max-image-preview:large, max-video-preview:-1\" \/>\n<link rel=\"canonical\" href=\"https:\/\/realtyincanada.com\/sell\/to-sell-quickly\/\" \/>\n<meta property=\"og:locale\" content=\"fr_FR\" \/>\n<meta property=\"og:type\" content=\"article\" \/>\n<meta property=\"og:title\" content=\"Emdadul Hoque | Courtier Immobilier | AdresZ Solutions - Pour vendre rapidement\" \/>\n<meta property=\"og:description\" content=\"Un courtier de plusieurs ann\u00e9es dans l\u2019immobilier sera sans aucun doute un atout pour la vente ou l\u2019achat. Apr\u00e8s trois ann\u00e9es d\u2019\u00e9tudes coll\u00e9giale...\" \/>\n<meta property=\"og:url\" content=\"https:\/\/realtyincanada.com\/sell\/to-sell-quickly\/\" \/>\n<meta property=\"og:site_name\" content=\"Realty in Canada\" \/>\n<meta property=\"article:modified_time\" content=\"2019-02-28T21:39:39+00:00\" \/>\n<meta property=\"og:image\" content=\"https:\/\/realtyincanada.com\/wp-content\/uploads\/2019\/01\/Emdadul_Top.png\" \/>\n\t<meta property=\"og:image:width\" content=\"1920\" \/>\n\t<meta property=\"og:image:height\" content=\"1080\" \/>\n\t<meta property=\"og:image:type\" content=\"image\/png\" \/>\n<meta name=\"twitter:card\" content=\"summary_large_image\" \/>\n<meta name=\"twitter:label1\" content=\"Dur\u00e9e de lecture estim\u00e9e\" \/>\n\t<meta name=\"twitter:data1\" content=\"2 minutes\" \/>\n<script type=\"application\/ld+json\" class=\"yoast-schema-graph\">{\"@context\":\"https:\\\/\\\/schema.org\",\"@graph\":[{\"@type\":\"WebPage\",\"@id\":\"https:\\\/\\\/realtyincanada.com\\\/sell\\\/to-sell-quickly\\\/\",\"url\":\"https:\\\/\\\/realtyincanada.com\\\/sell\\\/to-sell-quickly\\\/\",\"name\":\"Emdadul Hoque | Courtier Immobilier | AdresZ Solutions - Pour vendre rapidement\",\"isPartOf\":{\"@id\":\"https:\\\/\\\/realtyincanada.com\\\/#website\"},\"primaryImageOfPage\":{\"@id\":\"https:\\\/\\\/realtyincanada.com\\\/sell\\\/to-sell-quickly\\\/#primaryimage\"},\"image\":{\"@id\":\"https:\\\/\\\/realtyincanada.com\\\/sell\\\/to-sell-quickly\\\/#primaryimage\"},\"thumbnailUrl\":\"https:\\\/\\\/realtyincanada.com\\\/wp-content\\\/uploads\\\/2019\\\/01\\\/Emdadul_Top.png\",\"datePublished\":\"2018-08-07T08:13:36+00:00\",\"dateModified\":\"2019-02-28T21:39:39+00:00\",\"description\":\"Un courtier de plusieurs ann\u00e9es dans l\u2019immobilier sera sans aucun doute un atout pour la vente ou l\u2019achat. Apr\u00e8s trois ann\u00e9es d\u2019\u00e9tudes coll\u00e9giale...\",\"breadcrumb\":{\"@id\":\"https:\\\/\\\/realtyincanada.com\\\/sell\\\/to-sell-quickly\\\/#breadcrumb\"},\"inLanguage\":\"fr-FR\",\"potentialAction\":[{\"@type\":\"ReadAction\",\"target\":[\"https:\\\/\\\/realtyincanada.com\\\/sell\\\/to-sell-quickly\\\/\"]}]},{\"@type\":\"ImageObject\",\"inLanguage\":\"fr-FR\",\"@id\":\"https:\\\/\\\/realtyincanada.com\\\/sell\\\/to-sell-quickly\\\/#primaryimage\",\"url\":\"https:\\\/\\\/realtyincanada.com\\\/wp-content\\\/uploads\\\/2019\\\/01\\\/Emdadul_Top.png\",\"contentUrl\":\"https:\\\/\\\/realtyincanada.com\\\/wp-content\\\/uploads\\\/2019\\\/01\\\/Emdadul_Top.png\",\"width\":1920,\"height\":1080},{\"@type\":\"BreadcrumbList\",\"@id\":\"https:\\\/\\\/realtyincanada.com\\\/sell\\\/to-sell-quickly\\\/#breadcrumb\",\"itemListElement\":[{\"@type\":\"ListItem\",\"position\":1,\"name\":\"Home\",\"item\":\"https:\\\/\\\/realtyincanada.com\\\/fr\\\/\"},{\"@type\":\"ListItem\",\"position\":2,\"name\":\"Vendre\",\"item\":\"https:\\\/\\\/realtyincanada.com\\\/sell\\\/\"},{\"@type\":\"ListItem\",\"position\":3,\"name\":\"Pour vendre rapidement\"}]},{\"@type\":\"WebSite\",\"@id\":\"https:\\\/\\\/realtyincanada.com\\\/#website\",\"url\":\"https:\\\/\\\/realtyincanada.com\\\/\",\"name\":\"Realty in Canada\",\"description\":\"Realty in Canada is your right choice for the best property agent in Canada. Contact us to buy, sell or rent your property.\",\"publisher\":{\"@id\":\"https:\\\/\\\/realtyincanada.com\\\/#organization\"},\"potentialAction\":[{\"@type\":\"SearchAction\",\"target\":{\"@type\":\"EntryPoint\",\"urlTemplate\":\"https:\\\/\\\/realtyincanada.com\\\/?s={search_term_string}\"},\"query-input\":{\"@type\":\"PropertyValueSpecification\",\"valueRequired\":true,\"valueName\":\"search_term_string\"}}],\"inLanguage\":\"fr-FR\"},{\"@type\":\"Organization\",\"@id\":\"https:\\\/\\\/realtyincanada.com\\\/#organization\",\"name\":\"Realty In Canada\",\"url\":\"https:\\\/\\\/realtyincanada.com\\\/\",\"logo\":{\"@type\":\"ImageObject\",\"inLanguage\":\"fr-FR\",\"@id\":\"https:\\\/\\\/realtyincanada.com\\\/#\\\/schema\\\/logo\\\/image\\\/\",\"url\":\"https:\\\/\\\/realtyincanada.com\\\/\\\/wp-content\\\/uploads\\\/2019\\\/08\\\/emdadul_hoque_final_footer_nopadding.png\",\"contentUrl\":\"https:\\\/\\\/realtyincanada.com\\\/\\\/wp-content\\\/uploads\\\/2019\\\/08\\\/emdadul_hoque_final_footer_nopadding.png\",\"width\":1490,\"height\":660,\"caption\":\"Realty In Canada\"},\"image\":{\"@id\":\"https:\\\/\\\/realtyincanada.com\\\/#\\\/schema\\\/logo\\\/image\\\/\"}}]}<\/script>\n<!-- \/ Yoast SEO plugin. -->","yoast_head_json":{"title":"Emdadul Hoque | Courtier Immobilier | AdresZ Solutions - Pour vendre rapidement","description":"Un courtier de plusieurs ann\u00e9es dans l\u2019immobilier sera sans aucun doute un atout pour la vente ou l\u2019achat. Apr\u00e8s trois ann\u00e9es d\u2019\u00e9tudes coll\u00e9giale...","robots":{"index":"index","follow":"follow","max-snippet":"max-snippet:-1","max-image-preview":"max-image-preview:large","max-video-preview":"max-video-preview:-1"},"canonical":"https:\/\/realtyincanada.com\/sell\/to-sell-quickly\/","og_locale":"fr_FR","og_type":"article","og_title":"Emdadul Hoque | Courtier Immobilier | AdresZ Solutions - Pour vendre rapidement","og_description":"Un courtier de plusieurs ann\u00e9es dans l\u2019immobilier sera sans aucun doute un atout pour la vente ou l\u2019achat. Apr\u00e8s trois ann\u00e9es d\u2019\u00e9tudes coll\u00e9giale...","og_url":"https:\/\/realtyincanada.com\/sell\/to-sell-quickly\/","og_site_name":"Realty in Canada","article_modified_time":"2019-02-28T21:39:39+00:00","og_image":[{"width":1920,"height":1080,"url":"https:\/\/realtyincanada.com\/wp-content\/uploads\/2019\/01\/Emdadul_Top.png","type":"image\/png"}],"twitter_card":"summary_large_image","twitter_misc":{"Dur\u00e9e de lecture estim\u00e9e":"2 minutes"},"schema":{"@context":"https:\/\/schema.org","@graph":[{"@type":"WebPage","@id":"https:\/\/realtyincanada.com\/sell\/to-sell-quickly\/","url":"https:\/\/realtyincanada.com\/sell\/to-sell-quickly\/","name":"Emdadul Hoque | Courtier Immobilier | AdresZ Solutions - Pour vendre rapidement","isPartOf":{"@id":"https:\/\/realtyincanada.com\/#website"},"primaryImageOfPage":{"@id":"https:\/\/realtyincanada.com\/sell\/to-sell-quickly\/#primaryimage"},"image":{"@id":"https:\/\/realtyincanada.com\/sell\/to-sell-quickly\/#primaryimage"},"thumbnailUrl":"https:\/\/realtyincanada.com\/wp-content\/uploads\/2019\/01\/Emdadul_Top.png","datePublished":"2018-08-07T08:13:36+00:00","dateModified":"2019-02-28T21:39:39+00:00","description":"Un courtier de plusieurs ann\u00e9es dans l\u2019immobilier sera sans aucun doute un atout pour la vente ou l\u2019achat. Apr\u00e8s trois ann\u00e9es d\u2019\u00e9tudes coll\u00e9giale...","breadcrumb":{"@id":"https:\/\/realtyincanada.com\/sell\/to-sell-quickly\/#breadcrumb"},"inLanguage":"fr-FR","potentialAction":[{"@type":"ReadAction","target":["https:\/\/realtyincanada.com\/sell\/to-sell-quickly\/"]}]},{"@type":"ImageObject","inLanguage":"fr-FR","@id":"https:\/\/realtyincanada.com\/sell\/to-sell-quickly\/#primaryimage","url":"https:\/\/realtyincanada.com\/wp-content\/uploads\/2019\/01\/Emdadul_Top.png","contentUrl":"https:\/\/realtyincanada.com\/wp-content\/uploads\/2019\/01\/Emdadul_Top.png","width":1920,"height":1080},{"@type":"BreadcrumbList","@id":"https:\/\/realtyincanada.com\/sell\/to-sell-quickly\/#breadcrumb","itemListElement":[{"@type":"ListItem","position":1,"name":"Home","item":"https:\/\/realtyincanada.com\/fr\/"},{"@type":"ListItem","position":2,"name":"Vendre","item":"https:\/\/realtyincanada.com\/sell\/"},{"@type":"ListItem","position":3,"name":"Pour vendre rapidement"}]},{"@type":"WebSite","@id":"https:\/\/realtyincanada.com\/#website","url":"https:\/\/realtyincanada.com\/","name":"Realty in Canada","description":"Realty in Canada is your right choice for the best property agent in Canada. Contact us to buy, sell or rent your property.","publisher":{"@id":"https:\/\/realtyincanada.com\/#organization"},"potentialAction":[{"@type":"SearchAction","target":{"@type":"EntryPoint","urlTemplate":"https:\/\/realtyincanada.com\/?s={search_term_string}"},"query-input":{"@type":"PropertyValueSpecification","valueRequired":true,"valueName":"search_term_string"}}],"inLanguage":"fr-FR"},{"@type":"Organization","@id":"https:\/\/realtyincanada.com\/#organization","name":"Realty In Canada","url":"https:\/\/realtyincanada.com\/","logo":{"@type":"ImageObject","inLanguage":"fr-FR","@id":"https:\/\/realtyincanada.com\/#\/schema\/logo\/image\/","url":"https:\/\/realtyincanada.com\/\/wp-content\/uploads\/2019\/08\/emdadul_hoque_final_footer_nopadding.png","contentUrl":"https:\/\/realtyincanada.com\/\/wp-content\/uploads\/2019\/08\/emdadul_hoque_final_footer_nopadding.png","width":1490,"height":660,"caption":"Realty In Canada"},"image":{"@id":"https:\/\/realtyincanada.com\/#\/schema\/logo\/image\/"}}]}},"_links":{"self":[{"href":"https:\/\/realtyincanada.com\/fr\/wp-json\/wp\/v2\/pages\/999","targetHints":{"allow":["GET"]}}],"collection":[{"href":"https:\/\/realtyincanada.com\/fr\/wp-json\/wp\/v2\/pages"}],"about":[{"href":"https:\/\/realtyincanada.com\/fr\/wp-json\/wp\/v2\/types\/page"}],"author":[{"embeddable":true,"href":"https:\/\/realtyincanada.com\/fr\/wp-json\/wp\/v2\/users\/1"}],"replies":[{"embeddable":true,"href":"https:\/\/realtyincanada.com\/fr\/wp-json\/wp\/v2\/comments?post=999"}],"version-history":[{"count":4,"href":"https:\/\/realtyincanada.com\/fr\/wp-json\/wp\/v2\/pages\/999\/revisions"}],"predecessor-version":[{"id":1599,"href":"https:\/\/realtyincanada.com\/fr\/wp-json\/wp\/v2\/pages\/999\/revisions\/1599"}],"up":[{"embeddable":true,"href":"https:\/\/realtyincanada.com\/fr\/wp-json\/wp\/v2\/pages\/983"}],"wp:featuredmedia":[{"embeddable":true,"href":"https:\/\/realtyincanada.com\/fr\/wp-json\/wp\/v2\/media\/1224"}],"wp:attachment":[{"href":"https:\/\/realtyincanada.com\/fr\/wp-json\/wp\/v2\/media?parent=999"}],"curies":[{"name":"wp","href":"https:\/\/api.w.org\/{rel}","templated":true}]}}